{"id":10948,"date":"2024-03-12T21:35:51","date_gmt":"2024-03-12T20:35:51","guid":{"rendered":"https:\/\/lavia.cc\/gpx\/?page_id=10948"},"modified":"2025-05-11T17:11:05","modified_gmt":"2025-05-11T15:11:05","slug":"strutture-convenzionate-lavia","status":"publish","type":"page","link":"https:\/\/lavia.cc\/gpx\/strutture-convenzionate-lavia\/","title":{"rendered":"Strutture convenzionate LAVIA"},"content":{"rendered":"\t\t<div data-elementor-type=\"wp-page\" data-elementor-id=\"10948\" class=\"elementor elementor-10948\">\n\t\t\t\t<div class=\"elementor-element elementor-element-65af47f elementor-hidden-tablet elementor-hidden-mobile e-flex e-con-boxed e-con e-parent\" data-id=\"65af47f\" data-element_type=\"container\" data-e-type=\"container\">\n\t\t\t\t\t<div class=\"e-con-inner\">\n\t\t<div class=\"elementor-element elementor-element-34eb8cf e-con-full e-flex e-con e-child\" data-id=\"34eb8cf\" data-element_type=\"container\" data-e-type=\"container\">\n\t\t<div class=\"elementor-element elementor-element-ade5ce3 e-flex e-con-boxed e-con e-child\" data-id=\"ade5ce3\" data-element_type=\"container\" data-e-type=\"container\">\n\t\t\t\t\t<div class=\"e-con-inner\">\n\t\t\t\t<div class=\"elementor-element elementor-element-1b9f875 elementor-widget-mobile__width-inherit elementor-widget elementor-widget-html\" data-id=\"1b9f875\" data-element_type=\"widget\" data-e-type=\"widget\" data-widget_type=\"html.default\">\n\t\t\t\t<div class=\"elementor-widget-container\">\n\t\t\t\t\t<iframe src=\"https:\/\/www.google.com\/maps\/d\/u\/0\/embed?mid=1caPwNioM_gLrbhzJUZjTuCbB_gHnXy4&ehbc=2E312F&noprof=1\" width=\"640\" height=\"480\"><\/iframe>\t\t\t\t<\/div>\n\t\t\t\t<\/div>\n\t\t\t\t\t<\/div>\n\t\t\t\t<\/div>\n\t\t\t\t<div class=\"elementor-element elementor-element-f15ba09 elementor-widget elementor-widget-text-editor\" data-id=\"f15ba09\" data-element_type=\"widget\" data-e-type=\"widget\" data-widget_type=\"text-editor.default\">\n\t\t\t\t<div class=\"elementor-widget-container\">\n\t\t\t\t\t\t\t\t\t<h4 style=\"text-align: center;\">Se hai una attivit\u00e0 in prossimit\u00e0 delle nostre TRACCE GPX, lungo i percorsi o nelle citt\u00e0 attraversate e vuoi entrare a far parte della rete dei servizi LAVIA non esitare a contattarci.<\/h4>\t\t\t\t\t\t\t\t<\/div>\n\t\t\t\t<\/div>\n\t\t<a class=\"elementor-element elementor-element-05c5e8a e-con-full e-transform e-flex e-con e-child\" data-id=\"05c5e8a\" data-element_type=\"container\" data-e-type=\"container\" data-settings=\"{&quot;background_background&quot;:&quot;classic&quot;,&quot;_transform_scale_effect_hover&quot;:{&quot;unit&quot;:&quot;px&quot;,&quot;size&quot;:1.1,&quot;sizes&quot;:[]},&quot;_transform_scale_effect_hover_tablet&quot;:{&quot;unit&quot;:&quot;px&quot;,&quot;size&quot;:&quot;&quot;,&quot;sizes&quot;:[]},&quot;_transform_scale_effect_hover_mobile&quot;:{&quot;unit&quot;:&quot;px&quot;,&quot;size&quot;:&quot;&quot;,&quot;sizes&quot;:[]}}\" href=\"#popmake-11040\">\n\t\t\t\t<div class=\"elementor-element elementor-element-f6877fa elementor-widget elementor-widget-heading\" data-id=\"f6877fa\" data-element_type=\"widget\" data-e-type=\"widget\" data-widget_type=\"heading.default\">\n\t\t\t\t<div class=\"elementor-widget-container\">\n\t\t\t\t\t<h5 class=\"elementor-heading-title elementor-size-default\">Contattaci<\/h5>\t\t\t\t<\/div>\n\t\t\t\t<\/div>\n\t\t\t\t<\/a>\n\t\t\t\t<\/div>\n\t\t<div class=\"elementor-element elementor-element-0e25867 e-con-full elementor-hidden-tablet elementor-hidden-mobile e-flex e-con e-child\" data-id=\"0e25867\" data-element_type=\"container\" data-e-type=\"container\">\n\t\t\t\t<div class=\"elementor-element elementor-element-a53c917 elementor-arrows-position-inside elementor-pagination-position-outside elementor-widget elementor-widget-image-carousel\" data-id=\"a53c917\" data-element_type=\"widget\" data-e-type=\"widget\" data-settings=\"{&quot;slides_to_show&quot;:&quot;1&quot;,&quot;navigation&quot;:&quot;both&quot;,&quot;autoplay&quot;:&quot;yes&quot;,&quot;pause_on_hover&quot;:&quot;yes&quot;,&quot;pause_on_interaction&quot;:&quot;yes&quot;,&quot;autoplay_speed&quot;:5000,&quot;infinite&quot;:&quot;yes&quot;,&quot;effect&quot;:&quot;slide&quot;,&quot;speed&quot;:500}\" data-widget_type=\"image-carousel.default\">\n\t\t\t\t<div class=\"elementor-widget-container\">\n\t\t\t\t\t\t\t<div class=\"elementor-image-carousel-wrapper swiper\" role=\"region\" aria-roledescription=\"carousel\" aria-label=\"Carosello d&#039;immagini\" dir=\"ltr\">\n\t\t\t<div class=\"elementor-image-carousel swiper-wrapper\" aria-live=\"off\">\n\t\t\t\t\t\t\t\t<div class=\"swiper-slide\" role=\"group\" aria-roledescription=\"slide\" aria-label=\"1 di 4\"><a data-elementor-open-lightbox=\"yes\" data-elementor-lightbox-slideshow=\"a53c917\" data-e-action-hash=\"#elementor-action%3Aaction%3Dlightbox%26settings%3DeyJpZCI6NzkyNSwidXJsIjpmYWxzZSwic2xpZGVzaG93IjoiYTUzYzkxNyJ9\" href=\"https:\/\/lavia.cc\/prodotto\/polar-vantage-v3-cartografico\/,https:\/\/lavia.cc\/,https:\/\/lavia.cc\/gpx\/traccia-gpx-cosa-e-come-utilizzarla\/,https:\/\/lavia.cc\/tag\/givi-bike\/\"><figure class=\"swiper-slide-inner\"><img decoding=\"async\" class=\"swiper-slide-image\" src=\"https:\/\/lavia.cc\/gpx\/wp-content\/uploads\/2023\/11\/3000.1800-scaled.jpg\" alt=\"\"><\/figure><\/a><\/div><div class=\"swiper-slide\" role=\"group\" aria-roledescription=\"slide\" aria-label=\"2 di 4\"><a data-elementor-open-lightbox=\"yes\" data-elementor-lightbox-slideshow=\"a53c917\" data-elementor-lightbox-title=\"LAVIA | Dove caricare le tracce GPX? Scopri i prodotti selezionati da noi per voi!\" data-elementor-lightbox-description=\"LAVIA | Dove caricare le tracce GPX? Scopri i prodotti selezionati da noi per voi!\" data-e-action-hash=\"#elementor-action%3Aaction%3Dlightbox%26settings%3DeyJpZCI6NjM0NCwidXJsIjoiaHR0cHM6XC9cL2xhdmlhLmNjXC9ncHhcL3dwLWNvbnRlbnRcL3VwbG9hZHNcLzIwMjNcLzA2XC9TZW56YS10aXRvbG8tMS5wbmciLCJzbGlkZXNob3ciOiJhNTNjOTE3In0%3D\" href=\"https:\/\/lavia.cc\/prodotto\/polar-vantage-v3-cartografico\/,https:\/\/lavia.cc\/,https:\/\/lavia.cc\/gpx\/traccia-gpx-cosa-e-come-utilizzarla\/,https:\/\/lavia.cc\/tag\/givi-bike\/\"><figure class=\"swiper-slide-inner\"><img decoding=\"async\" class=\"swiper-slide-image\" src=\"https:\/\/lavia.cc\/gpx\/wp-content\/uploads\/2023\/06\/Senza-titolo-1-2048x1219.png\" alt=\"LAVIA | Dove caricare le tracce GPX? Scopri i prodotti selezionati da noi per voi!\" \/><\/figure><\/a><\/div><div class=\"swiper-slide\" role=\"group\" aria-roledescription=\"slide\" aria-label=\"3 di 4\"><a data-elementor-open-lightbox=\"yes\" data-elementor-lightbox-slideshow=\"a53c917\" data-elementor-lightbox-title=\"LAVIA | Tracce GPX, cosa sono e come utilizzarle!\" data-elementor-lightbox-description=\"LAVIA | Tracce GPX, cosa sono e come utilizzarle!\" data-e-action-hash=\"#elementor-action%3Aaction%3Dlightbox%26settings%3DeyJpZCI6NjM3MCwidXJsIjoiaHR0cHM6XC9cL2xhdmlhLmNjXC9ncHhcL3dwLWNvbnRlbnRcL3VwbG9hZHNcLzIwMjNcLzA2XC9UcmFjY2lhLUdQWC5wbmciLCJzbGlkZXNob3ciOiJhNTNjOTE3In0%3D\" href=\"https:\/\/lavia.cc\/prodotto\/polar-vantage-v3-cartografico\/,https:\/\/lavia.cc\/,https:\/\/lavia.cc\/gpx\/traccia-gpx-cosa-e-come-utilizzarla\/,https:\/\/lavia.cc\/tag\/givi-bike\/\"><figure class=\"swiper-slide-inner\"><img decoding=\"async\" class=\"swiper-slide-image\" src=\"https:\/\/lavia.cc\/gpx\/wp-content\/uploads\/2023\/06\/Traccia-GPX-2048x1229.png\" alt=\"LAVIA | Tracce GPX, cosa sono e come utilizzarle!\" \/><\/figure><\/a><\/div><div class=\"swiper-slide\" role=\"group\" aria-roledescription=\"slide\" aria-label=\"4 di 4\"><a data-elementor-open-lightbox=\"yes\" data-elementor-lightbox-slideshow=\"a53c917\" data-elementor-lightbox-title=\"LAVIA | Givi Bike, le miglior borse da bikepacking a questo prezzo\" data-elementor-lightbox-description=\"LAVIA | Givi Bike, le miglior borse da bikepacking a questo prezzo\" data-e-action-hash=\"#elementor-action%3Aaction%3Dlightbox%26settings%3DeyJpZCI6NjM5NywidXJsIjoiaHR0cHM6XC9cL2xhdmlhLmNjXC9ncHhcL3dwLWNvbnRlbnRcL3VwbG9hZHNcLzIwMjNcLzA2XC9Cb3JzZS1iaWtlcGFja2luZy0xLnBuZyIsInNsaWRlc2hvdyI6ImE1M2M5MTcifQ%3D%3D\" href=\"https:\/\/lavia.cc\/prodotto\/polar-vantage-v3-cartografico\/,https:\/\/lavia.cc\/,https:\/\/lavia.cc\/gpx\/traccia-gpx-cosa-e-come-utilizzarla\/,https:\/\/lavia.cc\/tag\/givi-bike\/\"><figure class=\"swiper-slide-inner\"><img decoding=\"async\" class=\"swiper-slide-image\" src=\"https:\/\/lavia.cc\/gpx\/wp-content\/uploads\/2023\/06\/Borse-bikepacking-1-2048x1229.png\" alt=\"LAVIA | Givi Bike, le miglior borse da bikepacking a questo prezzo\" \/><\/figure><\/a><\/div>\t\t\t<\/div>\n\t\t\t\t\t\t\t\t\t\t\t\t<div class=\"elementor-swiper-button elementor-swiper-button-prev\" role=\"button\" tabindex=\"0\">\n\t\t\t\t\t\t<i aria-hidden=\"true\" class=\"eicon-chevron-left\"><\/i>\t\t\t\t\t<\/div>\n\t\t\t\t\t<div class=\"elementor-swiper-button elementor-swiper-button-next\" role=\"button\" tabindex=\"0\">\n\t\t\t\t\t\t<i aria-hidden=\"true\" class=\"eicon-chevron-right\"><\/i>\t\t\t\t\t<\/div>\n\t\t\t\t\n\t\t\t\t\t\t\t\t\t<div class=\"swiper-pagination\"><\/div>\n\t\t\t\t\t\t\t\t\t<\/div>\n\t\t\t\t\t\t<\/div>\n\t\t\t\t<\/div>\n\t\t<div class=\"elementor-element elementor-element-9287267 elementor-hidden-tablet e-con-full elementor-hidden-mobile e-flex e-con e-child\" data-id=\"9287267\" data-element_type=\"container\" data-e-type=\"container\">\n\t\t<a class=\"elementor-element elementor-element-c17c41e e-con-full e-flex e-con e-child\" data-id=\"c17c41e\" data-element_type=\"container\" data-e-type=\"container\" data-settings=\"{&quot;background_background&quot;:&quot;classic&quot;}\" href=\"https:\/\/www.instagram.com\/lavia.cc\/\" target=\"_blank\">\n\t\t\t\t<div class=\"elementor-element elementor-element-ec6bdb7 elementor-widget elementor-widget-text-editor\" data-id=\"ec6bdb7\" data-element_type=\"widget\" data-e-type=\"widget\" data-widget_type=\"text-editor.default\">\n\t\t\t\t<div class=\"elementor-widget-container\">\n\t\t\t\t\t\t\t\t\t<p style=\"text-align: center;\"><strong><span style=\"color: #ffffff;\">17.4K<\/span><\/strong><\/p>\t\t\t\t\t\t\t\t<\/div>\n\t\t\t\t<\/div>\n\t\t\t\t<div class=\"elementor-element elementor-element-d83947e elementor-widget elementor-widget-text-editor\" data-id=\"d83947e\" data-element_type=\"widget\" data-e-type=\"widget\" data-widget_type=\"text-editor.default\">\n\t\t\t\t<div class=\"elementor-widget-container\">\n\t\t\t\t\t\t\t\t\t<p style=\"text-align: center; font-size: 10px;\"><strong><span style=\"color: #ffffff;\">FOLLOWER<\/span><\/strong><\/p>\t\t\t\t\t\t\t\t<\/div>\n\t\t\t\t<\/div>\n\t\t\t\t<\/a>\n\t\t<a class=\"elementor-element elementor-element-3bf8521 e-con-full e-flex e-con e-child\" data-id=\"3bf8521\" data-element_type=\"container\" data-e-type=\"container\" data-settings=\"{&quot;background_background&quot;:&quot;classic&quot;}\" href=\"https:\/\/lavia.cc\/gpx\/community\/\" target=\"_blank\">\n\t\t\t\t<div class=\"elementor-element elementor-element-09b737d elementor-widget elementor-widget-text-editor\" data-id=\"09b737d\" data-element_type=\"widget\" data-e-type=\"widget\" data-widget_type=\"text-editor.default\">\n\t\t\t\t<div class=\"elementor-widget-container\">\n\t\t\t\t\t\t\t\t\t<p style=\"text-align: center;\"><strong><span style=\"color: #ffffff;\">11044<\/span><\/strong><\/p>\n\t\t\t\t\t\t\t\t<\/div>\n\t\t\t\t<\/div>\n\t\t\t\t<div class=\"elementor-element elementor-element-580426d elementor-widget elementor-widget-text-editor\" data-id=\"580426d\" data-element_type=\"widget\" data-e-type=\"widget\" data-widget_type=\"text-editor.default\">\n\t\t\t\t<div class=\"elementor-widget-container\">\n\t\t\t\t\t\t\t\t\t<p style=\"text-align: center; font-size: 10px;\"><strong><span style=\"color: #ffffff;\">UTENTI<\/span><\/strong><\/p>\t\t\t\t\t\t\t\t<\/div>\n\t\t\t\t<\/div>\n\t\t\t\t<\/a>\n\t\t\t\t<\/div>\n\t\t<div class=\"elementor-element elementor-element-dd5c471 elementor-hidden-tablet e-con-full e-flex e-con e-child\" data-id=\"dd5c471\" data-element_type=\"container\" data-e-type=\"container\">\n\t\t<div class=\"elementor-element elementor-element-e87e5ad e-con-full e-flex e-con e-child\" data-id=\"e87e5ad\" data-element_type=\"container\" data-e-type=\"container\" data-settings=\"{&quot;background_background&quot;:&quot;classic&quot;}\">\n\t\t\t\t<div class=\"elementor-element elementor-element-9039d14 elementor-widget elementor-widget-text-editor\" data-id=\"9039d14\" data-element_type=\"widget\" data-e-type=\"widget\" data-widget_type=\"text-editor.default\">\n\t\t\t\t<div class=\"elementor-widget-container\">\n\t\t\t\t\t\t\t\t\t<p style=\"text-align: center;\"><a href=\"#popmake-5705\"><strong><span style=\"color: #ffffff;\">\ud83e\udd7e TOP 5 Cammini<\/span><\/strong><\/a><\/p>\t\t\t\t\t\t\t\t<\/div>\n\t\t\t\t<\/div>\n\t\t\t\t<\/div>\n\t\t<div class=\"elementor-element elementor-element-859247f e-con-full e-flex e-con e-child\" data-id=\"859247f\" data-element_type=\"container\" data-e-type=\"container\" data-settings=\"{&quot;background_background&quot;:&quot;classic&quot;}\">\n\t\t\t\t<div class=\"elementor-element elementor-element-c90be3b elementor-widget elementor-widget-text-editor\" data-id=\"c90be3b\" data-element_type=\"widget\" data-e-type=\"widget\" data-widget_type=\"text-editor.default\">\n\t\t\t\t<div class=\"elementor-widget-container\">\n\t\t\t\t\t\t\t\t\t<p style=\"text-align: center;\"><a href=\"#popmake-5721\"><strong><span style=\"color: #ffffff;\">\ud83d\udeb5\ud83c\udffc TOP 5 Cicloturismo<\/span><\/strong><\/a><\/p>\t\t\t\t\t\t\t\t<\/div>\n\t\t\t\t<\/div>\n\t\t\t\t<\/div>\n\t\t\t\t<\/div>\n\t\t\t\t<div class=\"elementor-element elementor-element-2c1f7ec elementor-widget elementor-widget-heading\" data-id=\"2c1f7ec\" data-element_type=\"widget\" data-e-type=\"widget\" data-widget_type=\"heading.default\">\n\t\t\t\t<div class=\"elementor-widget-container\">\n\t\t\t\t\t<h5 class=\"elementor-heading-title elementor-size-default\">PROMO della settimana:<\/h5>\t\t\t\t<\/div>\n\t\t\t\t<\/div>\n\t\t\t\t<div class=\"elementor-element elementor-element-52b7bd6 elementor-widget__width-initial elementor-widget elementor-widget-image\" data-id=\"52b7bd6\" data-element_type=\"widget\" data-e-type=\"widget\" data-widget_type=\"image.default\">\n\t\t\t\t<div class=\"elementor-widget-container\">\n\t\t\t\t\t\t\t\t\t\t\t\t\t\t\t\t<a href=\"https:\/\/lavia.cc\/prodotto\/polar-vantage-v3-cartografico\/\" target=\"_blank\">\n\t\t\t\t\t\t\t<img fetchpriority=\"high\" decoding=\"async\" width=\"1000\" height=\"1000\" src=\"https:\/\/lavia.cc\/gpx\/wp-content\/uploads\/2024\/01\/NightBlack-Fronte.webp\" class=\"attachment-large size-large wp-image-9006\" alt=\"Polar Vantage V3 | LAVIA | Sconto\" srcset=\"https:\/\/lavia.cc\/gpx\/wp-content\/uploads\/2024\/01\/NightBlack-Fronte.webp 1000w, https:\/\/lavia.cc\/gpx\/wp-content\/uploads\/2024\/01\/NightBlack-Fronte-500x500.webp 500w, https:\/\/lavia.cc\/gpx\/wp-content\/uploads\/2024\/01\/NightBlack-Fronte-100x100.webp 100w, https:\/\/lavia.cc\/gpx\/wp-content\/uploads\/2024\/01\/NightBlack-Fronte-600x600.webp 600w, https:\/\/lavia.cc\/gpx\/wp-content\/uploads\/2024\/01\/NightBlack-Fronte-64x64.webp 64w, https:\/\/lavia.cc\/gpx\/wp-content\/uploads\/2024\/01\/NightBlack-Fronte-300x300.webp 300w, https:\/\/lavia.cc\/gpx\/wp-content\/uploads\/2024\/01\/NightBlack-Fronte-150x150.webp 150w, https:\/\/lavia.cc\/gpx\/wp-content\/uploads\/2024\/01\/NightBlack-Fronte-768x768.webp 768w\" sizes=\"(max-width: 1000px) 100vw, 1000px\" \/>\t\t\t\t\t\t\t\t<\/a>\n\t\t\t\t\t\t\t\t\t\t\t\t\t\t\t<\/div>\n\t\t\t\t<\/div>\n\t\t\t\t<div class=\"elementor-element elementor-element-39871e8 elementor-widget elementor-widget-text-editor\" data-id=\"39871e8\" data-element_type=\"widget\" data-e-type=\"widget\" data-widget_type=\"text-editor.default\">\n\t\t\t\t<div class=\"elementor-widget-container\">\n\t\t\t\t\t\t\t\t\t<p style=\"text-align: center;\"><strong>POLAR VANTAGE V3 <\/strong><del><strong>599\u20ac<\/strong><\/del><a href=\"https:\/\/lavia.cc\/prodotto\/polar-vantage-v3-cartografico\/\" target=\"_blank\" rel=\"noopener\"><strong> 499\u20ac<\/strong><\/a><\/p>\t\t\t\t\t\t\t\t<\/div>\n\t\t\t\t<\/div>\n\t\t\t\t<div class=\"elementor-element elementor-element-2561589 elementor-widget-divider--view-line elementor-widget elementor-widget-divider\" data-id=\"2561589\" data-element_type=\"widget\" data-e-type=\"widget\" data-widget_type=\"divider.default\">\n\t\t\t\t<div class=\"elementor-widget-container\">\n\t\t\t\t\t\t\t<div class=\"elementor-divider\">\n\t\t\t<span class=\"elementor-divider-separator\">\n\t\t\t\t\t\t<\/span>\n\t\t<\/div>\n\t\t\t\t\t\t<\/div>\n\t\t\t\t<\/div>\n\t\t\t\t<div class=\"elementor-element elementor-element-f4c095d elementor-widget elementor-widget-heading\" data-id=\"f4c095d\" data-element_type=\"widget\" data-e-type=\"widget\" data-widget_type=\"heading.default\">\n\t\t\t\t<div class=\"elementor-widget-container\">\n\t\t\t\t\t<h5 class=\"elementor-heading-title elementor-size-default\">Mappa degli adesivi<\/h5>\t\t\t\t<\/div>\n\t\t\t\t<\/div>\n\t\t\t\t<div class=\"elementor-element elementor-element-d4178c0 elementor-widget__width-initial elementor-widget elementor-widget-text-editor\" data-id=\"d4178c0\" data-element_type=\"widget\" data-e-type=\"widget\" data-widget_type=\"text-editor.default\">\n\t\t\t\t<div class=\"elementor-widget-container\">\n\t\t\t\t\t\t\t\t\t<p style=\"text-align: center;\">Trova gli adesivi LAVIA e ottieni un codice <strong>sconto di 10\u20ac<\/strong> sul nostro <strong><a href=\"https:\/\/lavia.cc\/\" target=\"_blank\" rel=\"noopener\">SHOP<\/a><\/strong>!<\/p>\t\t\t\t\t\t\t\t<\/div>\n\t\t\t\t<\/div>\n\t\t\t\t<div class=\"elementor-element elementor-element-9ffe2d7 elementor-widget__width-initial elementor-widget elementor-widget-image\" data-id=\"9ffe2d7\" data-element_type=\"widget\" data-e-type=\"widget\" data-widget_type=\"image.default\">\n\t\t\t\t<div class=\"elementor-widget-container\">\n\t\t\t\t\t\t\t\t\t\t\t\t\t\t\t\t<a href=\"https:\/\/lavia.cc\/gpx\/mappa-degli-adesivi-lavia\/\">\n\t\t\t\t\t\t\t<img decoding=\"async\" width=\"1024\" height=\"1024\" src=\"https:\/\/lavia.cc\/gpx\/wp-content\/uploads\/2023\/07\/Screenshot_20230724_091318_Chrome-1024x1024.jpg\" class=\"attachment-large size-large wp-image-6654\" alt=\"LAVIA | Mappa degli adesivi, trova gli adesivi LAVIA per avere 10\u20ac di sconto sullo shop\" srcset=\"https:\/\/lavia.cc\/gpx\/wp-content\/uploads\/2023\/07\/Screenshot_20230724_091318_Chrome-1024x1024.jpg 1024w, https:\/\/lavia.cc\/gpx\/wp-content\/uploads\/2023\/07\/Screenshot_20230724_091318_Chrome-500x500.jpg 500w, https:\/\/lavia.cc\/gpx\/wp-content\/uploads\/2023\/07\/Screenshot_20230724_091318_Chrome-100x100.jpg 100w, https:\/\/lavia.cc\/gpx\/wp-content\/uploads\/2023\/07\/Screenshot_20230724_091318_Chrome-600x599.jpg 600w, https:\/\/lavia.cc\/gpx\/wp-content\/uploads\/2023\/07\/Screenshot_20230724_091318_Chrome-64x64.jpg 64w, https:\/\/lavia.cc\/gpx\/wp-content\/uploads\/2023\/07\/Screenshot_20230724_091318_Chrome-300x300.jpg 300w, https:\/\/lavia.cc\/gpx\/wp-content\/uploads\/2023\/07\/Screenshot_20230724_091318_Chrome-150x150.jpg 150w, https:\/\/lavia.cc\/gpx\/wp-content\/uploads\/2023\/07\/Screenshot_20230724_091318_Chrome-768x767.jpg 768w, https:\/\/lavia.cc\/gpx\/wp-content\/uploads\/2023\/07\/Screenshot_20230724_091318_Chrome.jpg 1080w\" sizes=\"(max-width: 1024px) 100vw, 1024px\" \/>\t\t\t\t\t\t\t\t<\/a>\n\t\t\t\t\t\t\t\t\t\t\t\t\t\t\t<\/div>\n\t\t\t\t<\/div>\n\t\t\t\t<div class=\"elementor-element elementor-element-a7bc25d elementor-widget-divider--view-line elementor-widget elementor-widget-divider\" data-id=\"a7bc25d\" data-element_type=\"widget\" data-e-type=\"widget\" data-widget_type=\"divider.default\">\n\t\t\t\t<div class=\"elementor-widget-container\">\n\t\t\t\t\t\t\t<div class=\"elementor-divider\">\n\t\t\t<span class=\"elementor-divider-separator\">\n\t\t\t\t\t\t<\/span>\n\t\t<\/div>\n\t\t\t\t\t\t<\/div>\n\t\t\t\t<\/div>\n\t\t\t\t<div class=\"elementor-element elementor-element-33e13e1 elementor-widget elementor-widget-heading\" data-id=\"33e13e1\" data-element_type=\"widget\" data-e-type=\"widget\" data-widget_type=\"heading.default\">\n\t\t\t\t<div class=\"elementor-widget-container\">\n\t\t\t\t\t<h5 class=\"elementor-heading-title elementor-size-default\">Scopri le attivit\u00e0 di BGBS2023:<\/h5>\t\t\t\t<\/div>\n\t\t\t\t<\/div>\n\t\t\t\t<div class=\"elementor-element elementor-element-d7bb468 elementor-widget__width-initial elementor-widget elementor-widget-image\" data-id=\"d7bb468\" data-element_type=\"widget\" data-e-type=\"widget\" data-widget_type=\"image.default\">\n\t\t\t\t<div class=\"elementor-widget-container\">\n\t\t\t\t\t\t\t\t\t\t\t\t\t\t\t\t<a href=\"https:\/\/lavia.cc\/gpx\/bergamo-brescia-2023\/\" target=\"_blank\">\n\t\t\t\t\t\t\t<img decoding=\"async\" width=\"690\" height=\"1024\" src=\"https:\/\/lavia.cc\/gpx\/wp-content\/uploads\/2023\/07\/BGBS2023_siamo-capitale_asset_verticale-690x1024.jpg\" class=\"attachment-large size-large wp-image-6610\" alt=\"LAVIA | Tracce GPX e attivit\u00e0 da fare nella capitale italiana della Cultura 2023, Bergamo e Brescia, BGBS2023\" srcset=\"https:\/\/lavia.cc\/gpx\/wp-content\/uploads\/2023\/07\/BGBS2023_siamo-capitale_asset_verticale-690x1024.jpg 690w, https:\/\/lavia.cc\/gpx\/wp-content\/uploads\/2023\/07\/BGBS2023_siamo-capitale_asset_verticale-600x890.jpg 600w, https:\/\/lavia.cc\/gpx\/wp-content\/uploads\/2023\/07\/BGBS2023_siamo-capitale_asset_verticale-64x95.jpg 64w, https:\/\/lavia.cc\/gpx\/wp-content\/uploads\/2023\/07\/BGBS2023_siamo-capitale_asset_verticale-202x300.jpg 202w, https:\/\/lavia.cc\/gpx\/wp-content\/uploads\/2023\/07\/BGBS2023_siamo-capitale_asset_verticale-768x1140.jpg 768w, https:\/\/lavia.cc\/gpx\/wp-content\/uploads\/2023\/07\/BGBS2023_siamo-capitale_asset_verticale-1035x1536.jpg 1035w, https:\/\/lavia.cc\/gpx\/wp-content\/uploads\/2023\/07\/BGBS2023_siamo-capitale_asset_verticale.jpg 1110w\" sizes=\"(max-width: 690px) 100vw, 690px\" \/>\t\t\t\t\t\t\t\t<\/a>\n\t\t\t\t\t\t\t\t\t\t\t\t\t\t\t<\/div>\n\t\t\t\t<\/div>\n\t\t\t\t<\/div>\n\t\t\t\t\t<\/div>\n\t\t\t\t<\/div>\n\t\t<div class=\"elementor-element elementor-element-3ace005 e-flex e-con-boxed e-con e-parent\" data-id=\"3ace005\" data-element_type=\"container\" data-e-type=\"container\">\n\t\t\t\t\t<div class=\"e-con-inner\">\n\t\t\t\t<div class=\"elementor-element elementor-element-09e8311 elementor-hidden-desktop elementor-widget elementor-widget-html\" data-id=\"09e8311\" data-element_type=\"widget\" data-e-type=\"widget\" data-widget_type=\"html.default\">\n\t\t\t\t<div class=\"elementor-widget-container\">\n\t\t\t\t\t<iframe src=\"https:\/\/www.google.com\/maps\/d\/u\/0\/embed?mid=1caPwNioM_gLrbhzJUZjTuCbB_gHnXy4&ehbc=2E312F&noprof=1\" width=\"640\" height=\"480\"><\/iframe>\t\t\t\t<\/div>\n\t\t\t\t<\/div>\n\t\t\t\t<div class=\"elementor-element elementor-element-dc34175 elementor-hidden-desktop elementor-widget elementor-widget-text-editor\" data-id=\"dc34175\" data-element_type=\"widget\" data-e-type=\"widget\" data-widget_type=\"text-editor.default\">\n\t\t\t\t<div class=\"elementor-widget-container\">\n\t\t\t\t\t\t\t\t\t<h6 style=\"text-align: center;\">Se hai una attivit\u00e0 in prossimit\u00e0 delle nostre TRACCE GPX, lungo i percorsi o nelle citt\u00e0 attraversate e vuoi entrare a far parte della rete dei servizi LAVIA non esitare a contattarci.<\/h6>\t\t\t\t\t\t\t\t<\/div>\n\t\t\t\t<\/div>\n\t\t<a class=\"elementor-element elementor-element-830bddc e-con-full e-transform elementor-hidden-desktop e-flex e-con e-child\" data-id=\"830bddc\" data-element_type=\"container\" data-e-type=\"container\" data-settings=\"{&quot;background_background&quot;:&quot;classic&quot;,&quot;_transform_scale_effect_hover&quot;:{&quot;unit&quot;:&quot;px&quot;,&quot;size&quot;:1.1,&quot;sizes&quot;:[]},&quot;_transform_scale_effect_hover_tablet&quot;:{&quot;unit&quot;:&quot;px&quot;,&quot;size&quot;:&quot;&quot;,&quot;sizes&quot;:[]},&quot;_transform_scale_effect_hover_mobile&quot;:{&quot;unit&quot;:&quot;px&quot;,&quot;size&quot;:&quot;&quot;,&quot;sizes&quot;:[]}}\" href=\"#popmake-11040\">\n\t\t\t\t<div class=\"elementor-element elementor-element-ccc3462 elementor-widget elementor-widget-heading\" data-id=\"ccc3462\" data-element_type=\"widget\" data-e-type=\"widget\" data-widget_type=\"heading.default\">\n\t\t\t\t<div class=\"elementor-widget-container\">\n\t\t\t\t\t<h6 class=\"elementor-heading-title elementor-size-default\">Contattaci<\/h6>\t\t\t\t<\/div>\n\t\t\t\t<\/div>\n\t\t\t\t<\/a>\n\t\t\t\t\t<\/div>\n\t\t\t\t<\/div>\n\t\t\t\t<\/div>\n\t\t","protected":false},"excerpt":{"rendered":"<p>Se hai una attivit\u00e0 in prossimit\u00e0 delle nostre TRACCE GPX, lungo i percorsi o nelle citt\u00e0 attraversate e vuoi entrare a far parte della rete dei servizi LAVIA non esitare a contattarci. Contattaci 17.4K FOLLOWER UTENTI \ud83e\udd7e TOP 5 Cammini \ud83d\udeb5\ud83c\udffc TOP 5 Cicloturismo PROMO della settimana: POLAR VANTAGE V3 599\u20ac 499\u20ac Mappa degli adesivi [&hellip;]<\/p>\n","protected":false},"author":1,"featured_media":0,"parent":0,"menu_order":0,"comment_status":"closed","ping_status":"closed","template":"","meta":{"footnotes":""},"categories":[],"tags":[],"class_list":["post-10948","page","type-page","status-publish","hentry"],"blocksy_meta":{"styles_descriptor":{"styles":{"desktop":"","tablet":"","mobile":""},"google_fonts":[],"version":6}},"_links":{"self":[{"href":"https:\/\/lavia.cc\/gpx\/wp-json\/wp\/v2\/pages\/10948","targetHints":{"allow":["GET"]}}],"collection":[{"href":"https:\/\/lavia.cc\/gpx\/wp-json\/wp\/v2\/pages"}],"about":[{"href":"https:\/\/lavia.cc\/gpx\/wp-json\/wp\/v2\/types\/page"}],"author":[{"embeddable":true,"href":"https:\/\/lavia.cc\/gpx\/wp-json\/wp\/v2\/users\/1"}],"replies":[{"embeddable":true,"href":"https:\/\/lavia.cc\/gpx\/wp-json\/wp\/v2\/comments?post=10948"}],"version-history":[{"count":103,"href":"https:\/\/lavia.cc\/gpx\/wp-json\/wp\/v2\/pages\/10948\/revisions"}],"predecessor-version":[{"id":22628,"href":"https:\/\/lavia.cc\/gpx\/wp-json\/wp\/v2\/pages\/10948\/revisions\/22628"}],"wp:attachment":[{"href":"https:\/\/lavia.cc\/gpx\/wp-json\/wp\/v2\/media?parent=10948"}],"wp:term":[{"taxonomy":"category","embeddable":true,"href":"https:\/\/lavia.cc\/gpx\/wp-json\/wp\/v2\/categories?post=10948"},{"taxonomy":"post_tag","embeddable":true,"href":"https:\/\/lavia.cc\/gpx\/wp-json\/wp\/v2\/tags?post=10948"}],"curies":[{"name":"wp","href":"https:\/\/api.w.org\/{rel}","templated":true}]}}