{"id":15886,"date":"2024-08-22T13:56:53","date_gmt":"2024-08-22T11:56:53","guid":{"rendered":"https:\/\/lavia.cc\/gpx\/?page_id=15886"},"modified":"2024-10-18T12:12:24","modified_gmt":"2024-10-18T10:12:24","slug":"chi-siamo-lavia-community-outdoor","status":"publish","type":"page","link":"https:\/\/lavia.cc\/gpx\/chi-siamo-lavia-community-outdoor\/","title":{"rendered":"LAVIA: Chi Siamo, La Community Outdoor, I Nostri Valori e la Nostra Missione"},"content":{"rendered":"\t\t<div data-elementor-type=\"wp-page\" data-elementor-id=\"15886\" class=\"elementor elementor-15886\">\n\t\t\t\t<div class=\"elementor-element elementor-element-0791b8c e-flex e-con-boxed e-con e-parent\" data-id=\"0791b8c\" data-element_type=\"container\" data-e-type=\"container\">\n\t\t\t\t\t<div class=\"e-con-inner\">\n\t\t<div class=\"elementor-element elementor-element-1f1c499 e-con-full e-flex e-con e-child\" data-id=\"1f1c499\" data-element_type=\"container\" data-e-type=\"container\">\n\t\t<div class=\"elementor-element elementor-element-4d409f7 e-con-full e-flex e-con e-child\" data-id=\"4d409f7\" data-element_type=\"container\" data-e-type=\"container\" data-settings=\"{&quot;background_background&quot;:&quot;classic&quot;}\">\n\t\t\t\t<div class=\"elementor-element elementor-element-eac9e89 elementor-widget elementor-widget-text-editor\" data-id=\"eac9e89\" data-element_type=\"widget\" data-e-type=\"widget\" data-widget_type=\"text-editor.default\">\n\t\t\t\t<div class=\"elementor-widget-container\">\n\t\t\t\t\t\t\t\t\t<h5 style=\"text-align: center;\"><span style=\"color: #ffffff;\">\ud83e\udd1d COMMUNITY<\/span><\/h5>\n<p style=\"text-align: center;\"><span style=\"color: #ffffff;\"><strong>LAVIA<\/strong> \u00e8 un rifugio per tutti gli amanti dell&#8217;<strong>OUTDOOR<\/strong>, dove ogni escursionista e cicloturista possa sentirsi a casa. La nostra missione \u00e8 costruire una <span style=\"text-decoration: underline;\"><strong><a style=\"color: #ffffff; text-decoration: underline;\" href=\"https:\/\/www.instagram.com\/lavia.cc\/\" target=\"_blank\" rel=\"noopener\">COMMUNITY OUTDOOR<\/a><\/strong><\/span>\u00a0attiva e coinvolgente, dove le esperienze vengono condivise e celebrate. Ogni<strong> TRACCIA GPX<\/strong> scaricata contribuisce a creare un legame pi\u00f9 forte tra <strong>LAVIA<\/strong> e tutti gli appassionati delle attivit\u00e0 <strong>OUTDOOR<\/strong>.<\/span><\/p>\t\t\t\t\t\t\t\t<\/div>\n\t\t\t\t<\/div>\n\t\t\t\t<\/div>\n\t\t\t\t<\/div>\n\t\t<div class=\"elementor-element elementor-element-9aa37d0 e-con-full e-flex e-con e-child\" data-id=\"9aa37d0\" data-element_type=\"container\" data-e-type=\"container\">\n\t\t<div class=\"elementor-element elementor-element-5add9c8 e-con-full e-flex e-con e-child\" data-id=\"5add9c8\" data-element_type=\"container\" data-e-type=\"container\" data-settings=\"{&quot;background_background&quot;:&quot;classic&quot;}\">\n\t\t\t\t<div class=\"elementor-element elementor-element-cd8847c elementor-invisible elementor-widget elementor-widget-text-editor\" data-id=\"cd8847c\" data-element_type=\"widget\" data-e-type=\"widget\" data-settings=\"{&quot;_animation&quot;:&quot;zoomIn&quot;}\" data-widget_type=\"text-editor.default\">\n\t\t\t\t<div class=\"elementor-widget-container\">\n\t\t\t\t\t\t\t\t\t<h4 style=\"text-align: center;\"><strong><span style=\"color: #ffffff;\">11039<\/span><\/strong><\/h4>\t\t\t\t\t\t\t\t<\/div>\n\t\t\t\t<\/div>\n\t\t\t\t<div class=\"elementor-element elementor-element-254c796 elementor-invisible elementor-widget elementor-widget-text-editor\" data-id=\"254c796\" data-element_type=\"widget\" data-e-type=\"widget\" data-settings=\"{&quot;_animation&quot;:&quot;fadeInUp&quot;}\" data-widget_type=\"text-editor.default\">\n\t\t\t\t<div class=\"elementor-widget-container\">\n\t\t\t\t\t\t\t\t\t<p><strong><span style=\"color: #ffffff;\">UTENTI REGISTRATI<\/span><\/strong><\/p>\t\t\t\t\t\t\t\t<\/div>\n\t\t\t\t<\/div>\n\t\t\t\t<\/div>\n\t\t\t\t<\/div>\n\t\t<div class=\"elementor-element elementor-element-ad49705 e-con-full e-flex e-con e-child\" data-id=\"ad49705\" data-element_type=\"container\" data-e-type=\"container\">\n\t\t<div class=\"elementor-element elementor-element-e64ed92 e-con-full e-flex e-con e-child\" data-id=\"e64ed92\" data-element_type=\"container\" data-e-type=\"container\" data-settings=\"{&quot;background_background&quot;:&quot;classic&quot;}\">\n\t\t\t\t<div class=\"elementor-element elementor-element-e62ece9 elementor-widget elementor-widget-text-editor\" data-id=\"e62ece9\" data-element_type=\"widget\" data-e-type=\"widget\" data-widget_type=\"text-editor.default\">\n\t\t\t\t<div class=\"elementor-widget-container\">\n\t\t\t\t\t\t\t\t\t<h5 class=\"LC20lb MBeuO DKV0Md\" style=\"text-align: center;\">\ud83d\udc4c <span style=\"color: #ffffff;\">TRACCE GPX DI QUALIT\u00c0<\/span><\/h5><p style=\"text-align: center;\"><span style=\"color: #ffffff;\">La sicurezza e la qualit\u00e0 sono le nostra priorit\u00e0. Ci impegniamo a offrire le migliori <strong>TRACCE GPX<\/strong>, curate e verificate, per garantirti esperienze e avventure senza pari. Ogni percorso \u00e8 una nuova opportunit\u00e0 per esplorare, scoprire e immergersi nella bellezza della natura. Con noi, puoi fidarti che ogni passo sar\u00e0 guidato da informazioni accurate e dettagliate.<\/span><\/p>\t\t\t\t\t\t\t\t<\/div>\n\t\t\t\t<\/div>\n\t\t\t\t<\/div>\n\t\t\t\t<\/div>\n\t\t<div class=\"elementor-element elementor-element-1a23dc5 e-con-full e-flex e-con e-child\" data-id=\"1a23dc5\" data-element_type=\"container\" data-e-type=\"container\">\n\t\t\t\t<div class=\"elementor-element elementor-element-d00568b elementor-widget elementor-widget-image\" data-id=\"d00568b\" data-element_type=\"widget\" data-e-type=\"widget\" data-widget_type=\"image.default\">\n\t\t\t\t<div class=\"elementor-widget-container\">\n\t\t\t\t\t\t\t\t\t\t\t\t<figure class=\"wp-caption\">\n\t\t\t\t\t\t\t\t\t\t<img fetchpriority=\"high\" decoding=\"async\" width=\"1024\" height=\"576\" src=\"https:\/\/lavia.cc\/gpx\/wp-content\/uploads\/2024\/08\/Progetto-senza-titolo-1-1024x576.png\" class=\"attachment-large size-large wp-image-16119\" alt=\"LAVIA | Community Outdoor | Tracce GPX e Attrezzatura Outdoor\" srcset=\"https:\/\/lavia.cc\/gpx\/wp-content\/uploads\/2024\/08\/Progetto-senza-titolo-1-1024x576.png 1024w, https:\/\/lavia.cc\/gpx\/wp-content\/uploads\/2024\/08\/Progetto-senza-titolo-1-600x338.png 600w, https:\/\/lavia.cc\/gpx\/wp-content\/uploads\/2024\/08\/Progetto-senza-titolo-1-64x36.png 64w, https:\/\/lavia.cc\/gpx\/wp-content\/uploads\/2024\/08\/Progetto-senza-titolo-1-300x169.png 300w, https:\/\/lavia.cc\/gpx\/wp-content\/uploads\/2024\/08\/Progetto-senza-titolo-1-768x432.png 768w, https:\/\/lavia.cc\/gpx\/wp-content\/uploads\/2024\/08\/Progetto-senza-titolo-1-1536x864.png 1536w, https:\/\/lavia.cc\/gpx\/wp-content\/uploads\/2024\/08\/Progetto-senza-titolo-1.png 1920w\" sizes=\"(max-width: 1024px) 100vw, 1024px\" \/>\t\t\t\t\t\t\t\t\t\t\t<figcaption class=\"widget-image-caption wp-caption-text\"><\/figcaption>\n\t\t\t\t\t\t\t\t\t\t<\/figure>\n\t\t\t\t\t\t\t\t\t<\/div>\n\t\t\t\t<\/div>\n\t\t\t\t<\/div>\n\t\t\t\t\t<\/div>\n\t\t\t\t<\/div>\n\t\t<div class=\"elementor-element elementor-element-115029b e-flex e-con-boxed e-con e-parent\" data-id=\"115029b\" data-element_type=\"container\" data-e-type=\"container\">\n\t\t\t\t\t<div class=\"e-con-inner\">\n\t\t<div class=\"elementor-element elementor-element-3f67dc0 e-con-full e-flex e-con e-child\" data-id=\"3f67dc0\" data-element_type=\"container\" data-e-type=\"container\">\n\t\t<div class=\"elementor-element elementor-element-c84f593 e-con-full e-flex e-con e-child\" data-id=\"c84f593\" data-element_type=\"container\" data-e-type=\"container\" data-settings=\"{&quot;background_background&quot;:&quot;classic&quot;}\">\n\t\t\t\t<div class=\"elementor-element elementor-element-c0e568e elementor-widget elementor-widget-text-editor\" data-id=\"c0e568e\" data-element_type=\"widget\" data-e-type=\"widget\" data-widget_type=\"text-editor.default\">\n\t\t\t\t<div class=\"elementor-widget-container\">\n\t\t\t\t\t\t\t\t\t<h5 class=\"LC20lb MBeuO DKV0Md\" style=\"text-align: center;\">\ud83d\uded2\u00a0<strong><span style=\"color: #ffffff;\">SHOP<\/span><\/strong><\/h5><p style=\"text-align: center;\"><span style=\"color: #ffffff;\">Siamo qui per equipaggiarti con il meglio dell&#8217;attrezzatura <strong>OUTDOOR<\/strong>. Il nostro obiettivo \u00e8 rendere l&#8217;acquisto di prodotti di qualit\u00e0 un&#8217;esperienza semplice e gratificante. Ogni prodotto nel <span style=\"text-decoration: underline;\"><strong><a style=\"color: #ffffff; text-decoration: underline;\" href=\"https:\/\/lavia.cc\/\">nostro shop<\/a><\/strong><\/span> \u00e8 selezionato con cura per soddisfare le esigenze della nostra community, perch\u00e9 crediamo che il giusto equipaggiamento possa trasformare ogni avventura in un ricordo indimenticabile.<\/span><\/p>\t\t\t\t\t\t\t\t<\/div>\n\t\t\t\t<\/div>\n\t\t\t\t<\/div>\n\t\t\t\t<\/div>\n\t\t<a class=\"elementor-element elementor-element-b9b19c6 e-con-full e-transform e-flex e-con e-child\" data-id=\"b9b19c6\" data-element_type=\"container\" data-e-type=\"container\" data-settings=\"{&quot;_transform_scale_effect_hover&quot;:{&quot;unit&quot;:&quot;px&quot;,&quot;size&quot;:1.01,&quot;sizes&quot;:[]},&quot;_transform_scale_effect_hover_tablet&quot;:{&quot;unit&quot;:&quot;px&quot;,&quot;size&quot;:&quot;&quot;,&quot;sizes&quot;:[]},&quot;_transform_scale_effect_hover_mobile&quot;:{&quot;unit&quot;:&quot;px&quot;,&quot;size&quot;:&quot;&quot;,&quot;sizes&quot;:[]}}\" href=\"https:\/\/lavia.cc\/\">\n\t\t\t\t<div class=\"elementor-element elementor-element-7a7f83f elementor-widget elementor-widget-image\" data-id=\"7a7f83f\" data-element_type=\"widget\" data-e-type=\"widget\" data-widget_type=\"image.default\">\n\t\t\t\t<div class=\"elementor-widget-container\">\n\t\t\t\t\t\t\t\t\t\t\t\t\t\t\t<img decoding=\"async\" width=\"864\" height=\"864\" src=\"https:\/\/lavia.cc\/gpx\/wp-content\/uploads\/2024\/08\/download.gif\" class=\"attachment-large size-large wp-image-16121\" alt=\"LAVIA | Community Outdoor | Shop\" \/>\t\t\t\t\t\t\t\t\t\t\t\t\t\t\t<\/div>\n\t\t\t\t<\/div>\n\t\t\t\t<\/a>\n\t\t<div class=\"elementor-element elementor-element-3079dbf e-con-full e-flex e-con e-child\" data-id=\"3079dbf\" data-element_type=\"container\" data-e-type=\"container\">\n\t\t<div class=\"elementor-element elementor-element-98677d0 e-con-full e-flex e-con e-child\" data-id=\"98677d0\" data-element_type=\"container\" data-e-type=\"container\" data-settings=\"{&quot;background_background&quot;:&quot;classic&quot;}\">\n\t\t\t\t<div class=\"elementor-element elementor-element-32813cf elementor-widget elementor-widget-text-editor\" data-id=\"32813cf\" data-element_type=\"widget\" data-e-type=\"widget\" data-widget_type=\"text-editor.default\">\n\t\t\t\t<div class=\"elementor-widget-container\">\n\t\t\t\t\t\t\t\t\t<h5><span style=\"color: #ffffff;\">\ud83d\udcab ISPIRAZIONE<\/span><\/h5><p><span style=\"color: #ffffff;\">Vogliamo essere pi\u00f9 di un semplice sito di<strong> TRACCE GPX<\/strong> e attrezzatura <strong>OUTDOOR<\/strong>. Aspiriamo a essere la tua fonte di ispirazione. Attraverso i nostri contenuti, ci impegniamo a fornirti le conoscenze necessarie per esplorare il mondo in sicurezza e con fiducia. Ogni avventura inizia con la curiosit\u00e0 e noi siamo qui per alimentarla.<\/span><\/p>\t\t\t\t\t\t\t\t<\/div>\n\t\t\t\t<\/div>\n\t\t\t\t<\/div>\n\t\t\t\t<\/div>\n\t\t<div class=\"elementor-element elementor-element-56247f4 e-con-full e-flex e-con e-child\" data-id=\"56247f4\" data-element_type=\"container\" data-e-type=\"container\">\n\t\t\t\t<div class=\"elementor-element elementor-element-61803a6 elementor-widget elementor-widget-image\" data-id=\"61803a6\" data-element_type=\"widget\" data-e-type=\"widget\" data-widget_type=\"image.default\">\n\t\t\t\t<div class=\"elementor-widget-container\">\n\t\t\t\t\t\t\t\t\t\t\t\t\t\t\t<img decoding=\"async\" width=\"1024\" height=\"662\" src=\"https:\/\/lavia.cc\/gpx\/wp-content\/uploads\/2024\/08\/iStock-1282809930-1024x662.jpg\" class=\"attachment-large size-large wp-image-16104\" alt=\"LAVIA | Community Outdoor | Tracce GPX Cicloturismo Gravel\" srcset=\"https:\/\/lavia.cc\/gpx\/wp-content\/uploads\/2024\/08\/iStock-1282809930-1024x662.jpg 1024w, https:\/\/lavia.cc\/gpx\/wp-content\/uploads\/2024\/08\/iStock-1282809930-scaled-600x388.jpg 600w, https:\/\/lavia.cc\/gpx\/wp-content\/uploads\/2024\/08\/iStock-1282809930-scaled-64x41.jpg 64w, https:\/\/lavia.cc\/gpx\/wp-content\/uploads\/2024\/08\/iStock-1282809930-300x194.jpg 300w, https:\/\/lavia.cc\/gpx\/wp-content\/uploads\/2024\/08\/iStock-1282809930-768x496.jpg 768w, https:\/\/lavia.cc\/gpx\/wp-content\/uploads\/2024\/08\/iStock-1282809930-1536x993.jpg 1536w, https:\/\/lavia.cc\/gpx\/wp-content\/uploads\/2024\/08\/iStock-1282809930-2048x1323.jpg 2048w\" sizes=\"(max-width: 1024px) 100vw, 1024px\" \/>\t\t\t\t\t\t\t\t\t\t\t\t\t\t\t<\/div>\n\t\t\t\t<\/div>\n\t\t\t\t<\/div>\n\t\t\t\t\t<\/div>\n\t\t\t\t<\/div>\n\t\t<div class=\"elementor-element elementor-element-b95d4aa e-flex e-con-boxed e-con e-parent\" data-id=\"b95d4aa\" data-element_type=\"container\" data-e-type=\"container\">\n\t\t\t\t\t<div class=\"e-con-inner\">\n\t\t<div class=\"elementor-element elementor-element-7613ca2 e-con-full e-flex e-con e-child\" data-id=\"7613ca2\" data-element_type=\"container\" data-e-type=\"container\">\n\t\t<div class=\"elementor-element elementor-element-b844fd4 e-con-full e-flex e-con e-child\" data-id=\"b844fd4\" data-element_type=\"container\" data-e-type=\"container\" data-settings=\"{&quot;background_background&quot;:&quot;classic&quot;}\">\n\t\t\t\t<div class=\"elementor-element elementor-element-013f5a6 elementor-widget elementor-widget-text-editor\" data-id=\"013f5a6\" data-element_type=\"widget\" data-e-type=\"widget\" data-widget_type=\"text-editor.default\">\n\t\t\t\t<div class=\"elementor-widget-container\">\n\t\t\t\t\t\t\t\t\t<h5 style=\"text-align: center;\"><span style=\"color: #ffffff;\">\ud83c\udf31 SOSTENIBILIT\u00c0: LAVIA DEL DOMANI<\/span><\/h5><p style=\"text-align: center;\"><span style=\"color: #ffffff;\">La nostra passione per l&#8217;<strong>OUTDOOR<\/strong> \u00e8 accompagnata da un profondo rispetto per l&#8217;<strong>AMBIENTE<\/strong>. Ci impegniamo a promuovere pratiche sostenibili e a sensibilizzare la nostra <strong>COMMUNITY<\/strong> sull&#8217;importanza di preservare la <strong>NATURA<\/strong>. Ogni passo che facciamo insieme \u00e8 un passo verso un futuro pi\u00f9 verde e responsabile.<\/span><\/p>\t\t\t\t\t\t\t\t<\/div>\n\t\t\t\t<\/div>\n\t\t\t\t<\/div>\n\t\t\t\t<\/div>\n\t\t<div class=\"elementor-element elementor-element-3d13ac2 e-con-full e-flex e-con e-child\" data-id=\"3d13ac2\" data-element_type=\"container\" data-e-type=\"container\">\n\t\t\t\t<div class=\"elementor-element elementor-element-49e5f79 elementor-widget elementor-widget-image\" data-id=\"49e5f79\" data-element_type=\"widget\" data-e-type=\"widget\" data-widget_type=\"image.default\">\n\t\t\t\t<div class=\"elementor-widget-container\">\n\t\t\t\t\t\t\t\t\t\t\t\t\t\t\t<img loading=\"lazy\" decoding=\"async\" width=\"1024\" height=\"576\" src=\"https:\/\/lavia.cc\/gpx\/wp-content\/uploads\/2024\/08\/Progetto-senza-titolo-1024x576.png\" class=\"attachment-large size-large wp-image-16116\" alt=\"LAVIA | Community Outdoor | Sostenibilit\u00e0, Ambiente e Natura\" srcset=\"https:\/\/lavia.cc\/gpx\/wp-content\/uploads\/2024\/08\/Progetto-senza-titolo-1024x576.png 1024w, https:\/\/lavia.cc\/gpx\/wp-content\/uploads\/2024\/08\/Progetto-senza-titolo-600x338.png 600w, https:\/\/lavia.cc\/gpx\/wp-content\/uploads\/2024\/08\/Progetto-senza-titolo-64x36.png 64w, https:\/\/lavia.cc\/gpx\/wp-content\/uploads\/2024\/08\/Progetto-senza-titolo-300x169.png 300w, https:\/\/lavia.cc\/gpx\/wp-content\/uploads\/2024\/08\/Progetto-senza-titolo-768x432.png 768w, https:\/\/lavia.cc\/gpx\/wp-content\/uploads\/2024\/08\/Progetto-senza-titolo-1536x864.png 1536w, https:\/\/lavia.cc\/gpx\/wp-content\/uploads\/2024\/08\/Progetto-senza-titolo.png 1920w\" sizes=\"(max-width: 1024px) 100vw, 1024px\" \/>\t\t\t\t\t\t\t\t\t\t\t\t\t\t\t<\/div>\n\t\t\t\t<\/div>\n\t\t\t\t<\/div>\n\t\t<div class=\"elementor-element elementor-element-4f2b488 e-con-full e-flex e-con e-child\" data-id=\"4f2b488\" data-element_type=\"container\" data-e-type=\"container\">\n\t\t<div class=\"elementor-element elementor-element-cf2b309 e-con-full e-flex e-con e-child\" data-id=\"cf2b309\" data-element_type=\"container\" data-e-type=\"container\" data-settings=\"{&quot;background_background&quot;:&quot;classic&quot;}\">\n\t\t\t\t<div class=\"elementor-element elementor-element-c34a731 elementor-widget elementor-widget-text-editor\" data-id=\"c34a731\" data-element_type=\"widget\" data-e-type=\"widget\" data-widget_type=\"text-editor.default\">\n\t\t\t\t<div class=\"elementor-widget-container\">\n\t\t\t\t\t\t\t\t\t<h5 class=\"LC20lb MBeuO DKV0Md\" style=\"text-align: center;\"><span style=\"color: #ffffff;\">\ud83e\udef6\u00a0ASSISTENZA<\/span><\/h5><p style=\"text-align: center;\"><span style=\"color: #ffffff;\">La tua soddisfazione \u00e8 la nostra missione. Vogliamo costruire relazioni durature con la nostra <strong>COMMUNITY<\/strong>, offrendo un servizio clienti eccezionale e un supporto continuo. Ogni feedback \u00e8 un&#8217;opportunit\u00e0 per migliorare e crescere insieme. Siamo qui per ascoltarti e per assicurarci che ogni tua esperienza con <strong>LAVIA<\/strong> sia memorabile.<\/span><\/p>\t\t\t\t\t\t\t\t<\/div>\n\t\t\t\t<\/div>\n\t\t\t\t<\/div>\n\t\t\t\t<\/div>\n\t\t<a class=\"elementor-element elementor-element-93c6711 e-con-full e-transform e-transform e-flex e-con e-child\" data-id=\"93c6711\" data-element_type=\"container\" data-e-type=\"container\" data-settings=\"{&quot;background_background&quot;:&quot;classic&quot;,&quot;_transform_translateX_effect_hover&quot;:{&quot;unit&quot;:&quot;px&quot;,&quot;size&quot;:0,&quot;sizes&quot;:[]},&quot;_transform_translateY_effect_hover&quot;:{&quot;unit&quot;:&quot;px&quot;,&quot;size&quot;:0,&quot;sizes&quot;:[]},&quot;_transform_scale_effect_hover&quot;:{&quot;unit&quot;:&quot;px&quot;,&quot;size&quot;:1.01,&quot;sizes&quot;:[]},&quot;_transform_translateX_effect_hover_tablet&quot;:{&quot;unit&quot;:&quot;px&quot;,&quot;size&quot;:&quot;&quot;,&quot;sizes&quot;:[]},&quot;_transform_translateX_effect_hover_mobile&quot;:{&quot;unit&quot;:&quot;px&quot;,&quot;size&quot;:&quot;&quot;,&quot;sizes&quot;:[]},&quot;_transform_translateY_effect_hover_tablet&quot;:{&quot;unit&quot;:&quot;px&quot;,&quot;size&quot;:&quot;&quot;,&quot;sizes&quot;:[]},&quot;_transform_translateY_effect_hover_mobile&quot;:{&quot;unit&quot;:&quot;px&quot;,&quot;size&quot;:&quot;&quot;,&quot;sizes&quot;:[]},&quot;_transform_scale_effect_hover_tablet&quot;:{&quot;unit&quot;:&quot;px&quot;,&quot;size&quot;:&quot;&quot;,&quot;sizes&quot;:[]},&quot;_transform_scale_effect_hover_mobile&quot;:{&quot;unit&quot;:&quot;px&quot;,&quot;size&quot;:&quot;&quot;,&quot;sizes&quot;:[]}}\" href=\"https:\/\/api.whatsapp.com\/send\/?phone=3515134782&#038;text&#038;type=phone_number&#038;app_absent=0\" target=\"_blank\" rel=\"noopener\">\n\t\t\t\t<div class=\"elementor-element elementor-element-6d4c5a0 elementor-widget elementor-widget-image\" data-id=\"6d4c5a0\" data-element_type=\"widget\" data-e-type=\"widget\" data-widget_type=\"image.default\">\n\t\t\t\t<div class=\"elementor-widget-container\">\n\t\t\t\t\t\t\t\t\t\t\t\t\t\t\t<img loading=\"lazy\" decoding=\"async\" width=\"1024\" height=\"576\" src=\"https:\/\/lavia.cc\/gpx\/wp-content\/uploads\/2024\/08\/LAVIA-Servizio-Clienti-Whatsapp-1024x576.png\" class=\"attachment-large size-large wp-image-16193\" alt=\"LAVIA Community Outdoor Assistenza Utenti Servizio Clienti Whatsapp\" srcset=\"https:\/\/lavia.cc\/gpx\/wp-content\/uploads\/2024\/08\/LAVIA-Servizio-Clienti-Whatsapp-1024x576.png 1024w, https:\/\/lavia.cc\/gpx\/wp-content\/uploads\/2024\/08\/LAVIA-Servizio-Clienti-Whatsapp-600x338.png 600w, https:\/\/lavia.cc\/gpx\/wp-content\/uploads\/2024\/08\/LAVIA-Servizio-Clienti-Whatsapp-64x36.png 64w, https:\/\/lavia.cc\/gpx\/wp-content\/uploads\/2024\/08\/LAVIA-Servizio-Clienti-Whatsapp-300x169.png 300w, https:\/\/lavia.cc\/gpx\/wp-content\/uploads\/2024\/08\/LAVIA-Servizio-Clienti-Whatsapp-768x432.png 768w, https:\/\/lavia.cc\/gpx\/wp-content\/uploads\/2024\/08\/LAVIA-Servizio-Clienti-Whatsapp-1536x864.png 1536w, https:\/\/lavia.cc\/gpx\/wp-content\/uploads\/2024\/08\/LAVIA-Servizio-Clienti-Whatsapp.png 1920w\" sizes=\"(max-width: 1024px) 100vw, 1024px\" \/>\t\t\t\t\t\t\t\t\t\t\t\t\t\t\t<\/div>\n\t\t\t\t<\/div>\n\t\t\t\t<\/a>\n\t\t\t\t\t<\/div>\n\t\t\t\t<\/div>\n\t\t\t\t<\/div>\n\t\t","protected":false},"excerpt":{"rendered":"<p>\ud83e\udd1d COMMUNITY LAVIA \u00e8 un rifugio per tutti gli amanti dell&#8217;OUTDOOR, dove ogni escursionista e cicloturista possa sentirsi a casa. La nostra missione \u00e8 costruire una COMMUNITY OUTDOOR\u00a0attiva e coinvolgente, dove le esperienze vengono condivise e celebrate. Ogni TRACCIA GPX scaricata contribuisce a creare un legame pi\u00f9 forte tra LAVIA e tutti gli appassionati delle [&hellip;]<\/p>\n","protected":false},"author":1,"featured_media":0,"parent":0,"menu_order":0,"comment_status":"closed","ping_status":"closed","template":"","meta":{"footnotes":""},"categories":[],"tags":[],"class_list":["post-15886","page","type-page","status-publish","hentry"],"blocksy_meta":{"styles_descriptor":{"styles":{"desktop":"","tablet":"","mobile":""},"google_fonts":[],"version":6}},"_links":{"self":[{"href":"https:\/\/lavia.cc\/gpx\/wp-json\/wp\/v2\/pages\/15886","targetHints":{"allow":["GET"]}}],"collection":[{"href":"https:\/\/lavia.cc\/gpx\/wp-json\/wp\/v2\/pages"}],"about":[{"href":"https:\/\/lavia.cc\/gpx\/wp-json\/wp\/v2\/types\/page"}],"author":[{"embeddable":true,"href":"https:\/\/lavia.cc\/gpx\/wp-json\/wp\/v2\/users\/1"}],"replies":[{"embeddable":true,"href":"https:\/\/lavia.cc\/gpx\/wp-json\/wp\/v2\/comments?post=15886"}],"version-history":[{"count":82,"href":"https:\/\/lavia.cc\/gpx\/wp-json\/wp\/v2\/pages\/15886\/revisions"}],"predecessor-version":[{"id":17753,"href":"https:\/\/lavia.cc\/gpx\/wp-json\/wp\/v2\/pages\/15886\/revisions\/17753"}],"wp:attachment":[{"href":"https:\/\/lavia.cc\/gpx\/wp-json\/wp\/v2\/media?parent=15886"}],"wp:term":[{"taxonomy":"category","embeddable":true,"href":"https:\/\/lavia.cc\/gpx\/wp-json\/wp\/v2\/categories?post=15886"},{"taxonomy":"post_tag","embeddable":true,"href":"https:\/\/lavia.cc\/gpx\/wp-json\/wp\/v2\/tags?post=15886"}],"curies":[{"name":"wp","href":"https:\/\/api.w.org\/{rel}","templated":true}]}}