{"id":17715,"date":"2024-10-17T17:42:28","date_gmt":"2024-10-17T15:42:28","guid":{"rendered":"https:\/\/lavia.cc\/gpx\/?page_id=17715"},"modified":"2024-10-29T22:03:46","modified_gmt":"2024-10-29T21:03:46","slug":"matteo-guarino-guida-cicloturistica-brescia","status":"publish","type":"page","link":"https:\/\/lavia.cc\/gpx\/matteo-guarino-guida-cicloturistica-brescia\/","title":{"rendered":"Matteo Guarino | Guida Cicloturistica Brescia"},"content":{"rendered":"\t\t<div data-elementor-type=\"wp-page\" data-elementor-id=\"17715\" class=\"elementor elementor-17715\">\n\t\t\t\t<div class=\"elementor-element elementor-element-a6390fc e-con-full e-flex e-con e-child\" data-id=\"a6390fc\" data-element_type=\"container\" data-e-type=\"container\">\n\t\t<div class=\"elementor-element elementor-element-08239e9 e-con-full e-flex e-con e-child\" data-id=\"08239e9\" data-element_type=\"container\" data-e-type=\"container\">\n\t\t<div class=\"elementor-element elementor-element-8c88a84 e-con-full e-flex e-con e-child\" data-id=\"8c88a84\" data-element_type=\"container\" data-e-type=\"container\" data-settings=\"{&quot;background_background&quot;:&quot;classic&quot;}\">\n\t\t<div class=\"elementor-element elementor-element-69a03bd e-con-full e-flex e-con e-child\" data-id=\"69a03bd\" data-element_type=\"container\" data-e-type=\"container\">\n\t\t\t\t<div class=\"elementor-element elementor-element-4119834 elementor-widget__width-initial elementor-widget elementor-widget-image\" data-id=\"4119834\" data-element_type=\"widget\" data-e-type=\"widget\" data-widget_type=\"image.default\">\n\t\t\t\t<div class=\"elementor-widget-container\">\n\t\t\t\t\t\t\t\t\t\t\t\t\t\t\t\t<a href=\"https:\/\/lavia.cc\/gpx\/matteo-guarino-guida-cicloturistica-brescia\/\">\n\t\t\t\t\t\t\t<img fetchpriority=\"high\" decoding=\"async\" width=\"300\" height=\"300\" src=\"https:\/\/lavia.cc\/gpx\/wp-content\/uploads\/2024\/10\/IMG_20240727_201057_639-300x300.jpg\" class=\"attachment-medium size-medium wp-image-17724\" alt=\"Matteo Guarino | Guida Cicloturistica Brescia | LAVIA\" srcset=\"https:\/\/lavia.cc\/gpx\/wp-content\/uploads\/2024\/10\/IMG_20240727_201057_639-300x300.jpg 300w, https:\/\/lavia.cc\/gpx\/wp-content\/uploads\/2024\/10\/IMG_20240727_201057_639-1024x1024.jpg 1024w, https:\/\/lavia.cc\/gpx\/wp-content\/uploads\/2024\/10\/IMG_20240727_201057_639-150x150.jpg 150w, https:\/\/lavia.cc\/gpx\/wp-content\/uploads\/2024\/10\/IMG_20240727_201057_639-768x768.jpg 768w, https:\/\/lavia.cc\/gpx\/wp-content\/uploads\/2024\/10\/IMG_20240727_201057_639-500x500.jpg 500w, https:\/\/lavia.cc\/gpx\/wp-content\/uploads\/2024\/10\/IMG_20240727_201057_639-600x600.jpg 600w, https:\/\/lavia.cc\/gpx\/wp-content\/uploads\/2024\/10\/IMG_20240727_201057_639-100x100.jpg 100w, https:\/\/lavia.cc\/gpx\/wp-content\/uploads\/2024\/10\/IMG_20240727_201057_639-64x64.jpg 64w, https:\/\/lavia.cc\/gpx\/wp-content\/uploads\/2024\/10\/IMG_20240727_201057_639.jpg 1472w\" sizes=\"(max-width: 300px) 100vw, 300px\" \/>\t\t\t\t\t\t\t\t<\/a>\n\t\t\t\t\t\t\t\t\t\t\t\t\t\t\t<\/div>\n\t\t\t\t<\/div>\n\t\t\t\t<div class=\"elementor-element elementor-element-39c4c62 elementor-widget__width-initial elementor-widget elementor-widget-text-editor\" data-id=\"39c4c62\" data-element_type=\"widget\" data-e-type=\"widget\" data-widget_type=\"text-editor.default\">\n\t\t\t\t<div class=\"elementor-widget-container\">\n\t\t\t\t\t\t\t\t\t<p>Buongiorno sono Matteo, 46 anni, amante di tutti gli sport outdoor.<\/p><p>In particolare amo tutto ci\u00f2 che si pu\u00f2 fare con le 2 ruote e adoro immergermi nella natura.<\/p><p>Voglio condividere questa mia passione con chi, magari alle prime armi o semplicemente per curiosit\u00e0, vorrebbe provare esperienze di percorsi di una o pi\u00f9 giornate in totale tranquillit\u00e0 e sicurezza.<\/p><p>Sono infatti guida di MTB riconosciuta con diploma presso l&#8217;accademia nazionale di Mountain Bike.<\/p><p>\ud83d\udccd <a href=\"https:\/\/lavia.cc\/gpx\/tag-tracce\/brescia\/\" target=\"_blank\" rel=\"noopener\">Brescia<\/a> (Lombardia).<\/p><p>\ud83d\udde3\ufe0f Lingue parlate: Italiano, Inglese.<\/p>\t\t\t\t\t\t\t\t<\/div>\n\t\t\t\t<\/div>\n\t\t\t\t<\/div>\n\t\t\t\t<\/div>\n\t\t\t\t<div class=\"elementor-element elementor-element-87c7ebf elementor-shape-rounded elementor-grid-0 e-grid-align-center elementor-widget elementor-widget-social-icons\" data-id=\"87c7ebf\" data-element_type=\"widget\" data-e-type=\"widget\" data-widget_type=\"social-icons.default\">\n\t\t\t\t<div class=\"elementor-widget-container\">\n\t\t\t\t\t\t\t<div class=\"elementor-social-icons-wrapper elementor-grid\" role=\"list\">\n\t\t\t\t\t\t\t<span class=\"elementor-grid-item\" role=\"listitem\">\n\t\t\t\t\t<a class=\"elementor-icon elementor-social-icon elementor-social-icon-award elementor-animation-push elementor-repeater-item-cdff2eb\" href=\"http:\/\/href=#popmake-17720\" target=\"_blank\">\n\t\t\t\t\t\t<span class=\"elementor-screen-only\">Award<\/span>\n\t\t\t\t\t\t<i aria-hidden=\"true\" class=\"fas fa-award\"><\/i>\t\t\t\t\t<\/a>\n\t\t\t\t<\/span>\n\t\t\t\t\t\t\t<span class=\"elementor-grid-item\" role=\"listitem\">\n\t\t\t\t\t<a class=\"elementor-icon elementor-social-icon elementor-social-icon-instagram elementor-animation-push elementor-repeater-item-9bf0b73\" href=\"https:\/\/www.instagram.com\/montainbikeofficial\/\" target=\"_blank\" rel=\"noopener\">\n\t\t\t\t\t\t<span class=\"elementor-screen-only\">Instagram<\/span>\n\t\t\t\t\t\t<i aria-hidden=\"true\" class=\"fab fa-instagram\"><\/i>\t\t\t\t\t<\/a>\n\t\t\t\t<\/span>\n\t\t\t\t\t\t\t<span class=\"elementor-grid-item\" role=\"listitem\">\n\t\t\t\t\t<a class=\"elementor-icon elementor-social-icon elementor-social-icon-phone-alt elementor-animation-push elementor-repeater-item-b02f8b7\" href=\"tel:%20+393358396151\" target=\"_blank\">\n\t\t\t\t\t\t<span class=\"elementor-screen-only\">Phone-alt<\/span>\n\t\t\t\t\t\t<i aria-hidden=\"true\" class=\"fas fa-phone-alt\"><\/i>\t\t\t\t\t<\/a>\n\t\t\t\t<\/span>\n\t\t\t\t\t\t\t<span class=\"elementor-grid-item\" role=\"listitem\">\n\t\t\t\t\t<a class=\"elementor-icon elementor-social-icon elementor-social-icon-envelope elementor-animation-push elementor-repeater-item-7bc2dfa\" href=\"http:\/\/href=#popmake-17718\" target=\"_blank\">\n\t\t\t\t\t\t<span class=\"elementor-screen-only\">Envelope<\/span>\n\t\t\t\t\t\t<i aria-hidden=\"true\" class=\"fas fa-envelope\"><\/i>\t\t\t\t\t<\/a>\n\t\t\t\t<\/span>\n\t\t\t\t\t<\/div>\n\t\t\t\t\t\t<\/div>\n\t\t\t\t<\/div>\n\t\t<div class=\"elementor-element elementor-element-eb7208a e-con-full e-flex e-con e-child\" data-id=\"eb7208a\" data-element_type=\"container\" data-e-type=\"container\" data-settings=\"{&quot;background_background&quot;:&quot;classic&quot;}\">\n\t\t\t\t<div class=\"elementor-element elementor-element-b150b1b elementor-widget elementor-widget-heading\" data-id=\"b150b1b\" data-element_type=\"widget\" data-e-type=\"widget\" data-widget_type=\"heading.default\">\n\t\t\t\t<div class=\"elementor-widget-container\">\n\t\t\t\t\t<h5 class=\"elementor-heading-title elementor-size-default\">\ud83d\udc47 Vieni con me!<\/h5>\t\t\t\t<\/div>\n\t\t\t\t<\/div>\n\t\t\t\t<\/div>\n\t\t<div class=\"elementor-element elementor-element-0b8ddab e-con-full e-flex e-con e-child\" data-id=\"0b8ddab\" data-element_type=\"container\" data-e-type=\"container\" data-settings=\"{&quot;background_background&quot;:&quot;classic&quot;}\">\n\t\t<div class=\"elementor-element elementor-element-00c8580 e-con-full e-flex e-con e-child\" data-id=\"00c8580\" data-element_type=\"container\" data-e-type=\"container\">\n\t\t\t\t<div class=\"elementor-element elementor-element-d00407b elementor-widget elementor-widget-shortcode\" data-id=\"d00407b\" data-element_type=\"widget\" data-e-type=\"widget\" data-widget_type=\"shortcode.default\">\n\t\t\t\t<div class=\"elementor-widget-container\">\n\t\t\t\t\t\t\t<div class=\"elementor-shortcode\"><div class=\"woocommerce columns-4 \"><ul class=\"products columns-4\" data-products=\"type-1\" data-hover=\"zoom-in\">\n<li class=\"product type-product post-21329 status-publish first instock product_cat-gravel product_cat-cicloturismo product_cat-e-mtb product_cat-mtb product_tag-bergamo product_tag-brescia product_tag-lombardia has-post-thumbnail shipping-taxable product-type-simple yith-wcbm-product-has-badges\">\n\t<a href=\"https:\/\/lavia.cc\/gpx\/tracce\/in-gruppo-su-la-via-delle-sorelle-tour-guidato\/\" class=\"woocommerce-LoopProduct-link woocommerce-loop-product__link\"><div class='container-image-and-badge  '><img decoding=\"async\" width=\"500\" height=\"500\" src=\"https:\/\/lavia.cc\/gpx\/wp-content\/uploads\/2025\/04\/drone-1-500x500.png\" class=\"attachment-woocommerce_thumbnail size-woocommerce_thumbnail\" alt=\"Tour gravel: Via delle Sorelle con la guida\" srcset=\"https:\/\/lavia.cc\/gpx\/wp-content\/uploads\/2025\/04\/drone-1-500x500.png 500w, https:\/\/lavia.cc\/gpx\/wp-content\/uploads\/2025\/04\/drone-1-300x300.png 300w, https:\/\/lavia.cc\/gpx\/wp-content\/uploads\/2025\/04\/drone-1-1024x1024.png 1024w, https:\/\/lavia.cc\/gpx\/wp-content\/uploads\/2025\/04\/drone-1-150x150.png 150w, https:\/\/lavia.cc\/gpx\/wp-content\/uploads\/2025\/04\/drone-1-768x768.png 768w, https:\/\/lavia.cc\/gpx\/wp-content\/uploads\/2025\/04\/drone-1-600x600.png 600w, https:\/\/lavia.cc\/gpx\/wp-content\/uploads\/2025\/04\/drone-1-100x100.png 100w, https:\/\/lavia.cc\/gpx\/wp-content\/uploads\/2025\/04\/drone-1-64x64.png 64w, https:\/\/lavia.cc\/gpx\/wp-content\/uploads\/2025\/04\/drone-1.png 1536w\" sizes=\"(max-width: 500px) 100vw, 500px\" \/>\n<div class='yith-wcbm-badge yith-wcbm-badge-21362 yith-wcbm-badge-text yith-wcbm-badge--on-product-21329 yith-wcbm-badge-text' data-position='{&quot;top&quot;:&quot;0&quot;,&quot;right&quot;:&quot;0&quot;,&quot;bottom&quot;:&quot;auto&quot;,&quot;left&quot;:&quot;auto&quot;}' data-transform=\"\">\n\t<div class='yith-wcbm-badge__wrap'>\n\t\t<div class=\"yith-wcbm-badge-text\"><p style=\"line-height: 16px\"><span style=\"color: #333333\"><strong>09-11 Maggio 2025<\/strong><\/span><\/p><\/div>\n\t<\/div>\n<\/div>\n<!--yith-wcbm-badge-->\n<\/div><!--container-image-and-badge--><h2 class=\"woocommerce-loop-product__title\">In gruppo su LA VIA DELLE SORELLE (tour guidato in Mtb\/Gravel)<\/h2>\n<\/a><a href=\"https:\/\/lavia.cc\/gpx\/tracce\/in-gruppo-su-la-via-delle-sorelle-tour-guidato\/\" aria-describedby=\"woocommerce_loop_add_to_cart_link_describedby_21329\" data-quantity=\"1\" class=\"button product_type_simple\" data-product_id=\"21329\" data-product_sku=\"\" aria-label=\"Leggi di pi\u00f9 su &quot;In gruppo su LA VIA DELLE SORELLE (tour guidato in Mtb\/Gravel)&quot;\" rel=\"nofollow\" data-success_message=\"\">Leggi tutto<\/a>\t<span id=\"woocommerce_loop_add_to_cart_link_describedby_21329\" class=\"screen-reader-text\">\n\t\t\t<\/span>\n<\/li>\n<li class=\"product type-product post-21374 status-publish instock product_cat-gravel product_cat-cicloturismo product_cat-e-mtb product_cat-mtb product_tag-bergamo product_tag-brescia product_tag-lombardia has-post-thumbnail shipping-taxable product-type-simple yith-wcbm-product-has-badges\">\n\t<a href=\"https:\/\/lavia.cc\/gpx\/tracce\/in-gruppo-su-la-via-delle-sorelle-tour-giugno\/\" class=\"woocommerce-LoopProduct-link woocommerce-loop-product__link\"><div class='container-image-and-badge  '><img decoding=\"async\" width=\"500\" height=\"500\" src=\"https:\/\/lavia.cc\/gpx\/wp-content\/uploads\/2025\/04\/drone-1-500x500.png\" class=\"attachment-woocommerce_thumbnail size-woocommerce_thumbnail\" alt=\"Tour gravel: Via delle Sorelle con la guida\" srcset=\"https:\/\/lavia.cc\/gpx\/wp-content\/uploads\/2025\/04\/drone-1-500x500.png 500w, https:\/\/lavia.cc\/gpx\/wp-content\/uploads\/2025\/04\/drone-1-300x300.png 300w, https:\/\/lavia.cc\/gpx\/wp-content\/uploads\/2025\/04\/drone-1-1024x1024.png 1024w, https:\/\/lavia.cc\/gpx\/wp-content\/uploads\/2025\/04\/drone-1-150x150.png 150w, https:\/\/lavia.cc\/gpx\/wp-content\/uploads\/2025\/04\/drone-1-768x768.png 768w, https:\/\/lavia.cc\/gpx\/wp-content\/uploads\/2025\/04\/drone-1-600x600.png 600w, https:\/\/lavia.cc\/gpx\/wp-content\/uploads\/2025\/04\/drone-1-100x100.png 100w, https:\/\/lavia.cc\/gpx\/wp-content\/uploads\/2025\/04\/drone-1-64x64.png 64w, https:\/\/lavia.cc\/gpx\/wp-content\/uploads\/2025\/04\/drone-1.png 1536w\" sizes=\"(max-width: 500px) 100vw, 500px\" \/>\n<div class='yith-wcbm-badge yith-wcbm-badge-21368 yith-wcbm-badge-text yith-wcbm-badge--on-product-21374 yith-wcbm-badge-text' data-position='{&quot;top&quot;:&quot;0&quot;,&quot;right&quot;:&quot;0&quot;,&quot;bottom&quot;:&quot;auto&quot;,&quot;left&quot;:&quot;auto&quot;}' data-transform=\"\">\n\t<div class='yith-wcbm-badge__wrap'>\n\t\t<div class=\"yith-wcbm-badge-text\"><p style=\"line-height: 16px\"><span style=\"color: #333333\"><strong>31\/05-02\/06 2025<\/strong><\/span><\/p><\/div>\n\t<\/div>\n<\/div>\n<!--yith-wcbm-badge-->\n<\/div><!--container-image-and-badge--><h2 class=\"woocommerce-loop-product__title\">In gruppo su LA VIA DELLE SORELLE (tour guidato in Mtb\/Gravel)<\/h2>\n<\/a><a href=\"https:\/\/lavia.cc\/gpx\/tracce\/in-gruppo-su-la-via-delle-sorelle-tour-giugno\/\" aria-describedby=\"woocommerce_loop_add_to_cart_link_describedby_21374\" data-quantity=\"1\" class=\"button product_type_simple\" data-product_id=\"21374\" data-product_sku=\"\" aria-label=\"Leggi di pi\u00f9 su &quot;In gruppo su LA VIA DELLE SORELLE (tour guidato in Mtb\/Gravel)&quot;\" rel=\"nofollow\" data-success_message=\"\">Leggi tutto<\/a>\t<span id=\"woocommerce_loop_add_to_cart_link_describedby_21374\" class=\"screen-reader-text\">\n\t\t\t<\/span>\n<\/li>\n<li class=\"product type-product post-21375 status-publish instock product_cat-gravel product_cat-cicloturismo product_cat-e-mtb product_cat-mtb product_tag-bergamo product_tag-brescia product_tag-lombardia has-post-thumbnail shipping-taxable product-type-simple yith-wcbm-product-has-badges\">\n\t<a href=\"https:\/\/lavia.cc\/gpx\/tracce\/tour-via-delle-sorelle-mtb-gravel-settembre\/\" class=\"woocommerce-LoopProduct-link woocommerce-loop-product__link\"><div class='container-image-and-badge  '><img decoding=\"async\" width=\"500\" height=\"500\" src=\"https:\/\/lavia.cc\/gpx\/wp-content\/uploads\/2025\/04\/drone-1-500x500.png\" class=\"attachment-woocommerce_thumbnail size-woocommerce_thumbnail\" alt=\"Tour gravel: Via delle Sorelle con la guida\" srcset=\"https:\/\/lavia.cc\/gpx\/wp-content\/uploads\/2025\/04\/drone-1-500x500.png 500w, https:\/\/lavia.cc\/gpx\/wp-content\/uploads\/2025\/04\/drone-1-300x300.png 300w, https:\/\/lavia.cc\/gpx\/wp-content\/uploads\/2025\/04\/drone-1-1024x1024.png 1024w, https:\/\/lavia.cc\/gpx\/wp-content\/uploads\/2025\/04\/drone-1-150x150.png 150w, https:\/\/lavia.cc\/gpx\/wp-content\/uploads\/2025\/04\/drone-1-768x768.png 768w, https:\/\/lavia.cc\/gpx\/wp-content\/uploads\/2025\/04\/drone-1-600x600.png 600w, https:\/\/lavia.cc\/gpx\/wp-content\/uploads\/2025\/04\/drone-1-100x100.png 100w, https:\/\/lavia.cc\/gpx\/wp-content\/uploads\/2025\/04\/drone-1-64x64.png 64w, https:\/\/lavia.cc\/gpx\/wp-content\/uploads\/2025\/04\/drone-1.png 1536w\" sizes=\"(max-width: 500px) 100vw, 500px\" \/>\n<div class='yith-wcbm-badge yith-wcbm-badge-21369 yith-wcbm-badge-text yith-wcbm-badge--on-product-21375 yith-wcbm-badge-text' data-position='{&quot;top&quot;:&quot;0&quot;,&quot;right&quot;:&quot;0&quot;,&quot;bottom&quot;:&quot;auto&quot;,&quot;left&quot;:&quot;auto&quot;}' data-transform=\"\">\n\t<div class='yith-wcbm-badge__wrap'>\n\t\t<div class=\"yith-wcbm-badge-text\"><p style=\"line-height: 16px\"><span style=\"color: #333333\"><strong>05-07 Settembre 2025<\/strong><\/span><\/p><\/div>\n\t<\/div>\n<\/div>\n<!--yith-wcbm-badge-->\n<\/div><!--container-image-and-badge--><h2 class=\"woocommerce-loop-product__title\">In gruppo su LA VIA DELLE SORELLE (tour guidato in Mtb\/Gravel)<\/h2>\n<\/a><a href=\"https:\/\/lavia.cc\/gpx\/tracce\/tour-via-delle-sorelle-mtb-gravel-settembre\/\" aria-describedby=\"woocommerce_loop_add_to_cart_link_describedby_21375\" data-quantity=\"1\" class=\"button product_type_simple\" data-product_id=\"21375\" data-product_sku=\"\" aria-label=\"Leggi di pi\u00f9 su &quot;In gruppo su LA VIA DELLE SORELLE (tour guidato in Mtb\/Gravel)&quot;\" rel=\"nofollow\" data-success_message=\"\">Leggi tutto<\/a>\t<span id=\"woocommerce_loop_add_to_cart_link_describedby_21375\" class=\"screen-reader-text\">\n\t\t\t<\/span>\n<\/li>\n<li class=\"product type-product post-21380 status-publish last instock product_cat-gravel product_cat-cicloturismo product_cat-e-mtb product_cat-mtb product_tag-bergamo product_tag-brescia product_tag-lombardia has-post-thumbnail shipping-taxable product-type-simple yith-wcbm-product-has-badges\">\n\t<a href=\"https:\/\/lavia.cc\/gpx\/tracce\/via-delle-sorelle-tour-guidato-ottobre\/\" class=\"woocommerce-LoopProduct-link woocommerce-loop-product__link\"><div class='container-image-and-badge  '><img decoding=\"async\" width=\"500\" height=\"500\" src=\"https:\/\/lavia.cc\/gpx\/wp-content\/uploads\/2025\/04\/drone-1-500x500.png\" class=\"attachment-woocommerce_thumbnail size-woocommerce_thumbnail\" alt=\"Tour gravel: Via delle Sorelle con la guida\" srcset=\"https:\/\/lavia.cc\/gpx\/wp-content\/uploads\/2025\/04\/drone-1-500x500.png 500w, https:\/\/lavia.cc\/gpx\/wp-content\/uploads\/2025\/04\/drone-1-300x300.png 300w, https:\/\/lavia.cc\/gpx\/wp-content\/uploads\/2025\/04\/drone-1-1024x1024.png 1024w, https:\/\/lavia.cc\/gpx\/wp-content\/uploads\/2025\/04\/drone-1-150x150.png 150w, https:\/\/lavia.cc\/gpx\/wp-content\/uploads\/2025\/04\/drone-1-768x768.png 768w, https:\/\/lavia.cc\/gpx\/wp-content\/uploads\/2025\/04\/drone-1-600x600.png 600w, https:\/\/lavia.cc\/gpx\/wp-content\/uploads\/2025\/04\/drone-1-100x100.png 100w, https:\/\/lavia.cc\/gpx\/wp-content\/uploads\/2025\/04\/drone-1-64x64.png 64w, https:\/\/lavia.cc\/gpx\/wp-content\/uploads\/2025\/04\/drone-1.png 1536w\" sizes=\"(max-width: 500px) 100vw, 500px\" \/>\n<div class='yith-wcbm-badge yith-wcbm-badge-21370 yith-wcbm-badge-text yith-wcbm-badge--on-product-21380 yith-wcbm-badge-text' data-position='{&quot;top&quot;:&quot;0&quot;,&quot;right&quot;:&quot;0&quot;,&quot;bottom&quot;:&quot;auto&quot;,&quot;left&quot;:&quot;auto&quot;}' data-transform=\"\">\n\t<div class='yith-wcbm-badge__wrap'>\n\t\t<div class=\"yith-wcbm-badge-text\"><p style=\"line-height: 16px\"><span style=\"color: #333333\"><strong>10-12 Ottobre 2025<\/strong><\/span><\/p><\/div>\n\t<\/div>\n<\/div>\n<!--yith-wcbm-badge-->\n<\/div><!--container-image-and-badge--><h2 class=\"woocommerce-loop-product__title\">In gruppo su LA VIA DELLE SORELLE (tour guidato in Mtb\/Gravel)<\/h2>\n<\/a><a href=\"https:\/\/lavia.cc\/gpx\/tracce\/via-delle-sorelle-tour-guidato-ottobre\/\" aria-describedby=\"woocommerce_loop_add_to_cart_link_describedby_21380\" data-quantity=\"1\" class=\"button product_type_simple\" data-product_id=\"21380\" data-product_sku=\"\" aria-label=\"Leggi di pi\u00f9 su &quot;In gruppo su LA VIA DELLE SORELLE (tour guidato in Mtb\/Gravel)&quot;\" rel=\"nofollow\" data-success_message=\"\">Leggi tutto<\/a>\t<span id=\"woocommerce_loop_add_to_cart_link_describedby_21380\" class=\"screen-reader-text\">\n\t\t\t<\/span>\n<\/li>\n<li class=\"product type-product post-18060 status-publish first instock product_cat-cicloturismo has-post-thumbnail shipping-taxable product-type-simple yith-wcbm-product-has-badges\">\n\t<a href=\"https:\/\/lavia.cc\/gpx\/tracce\/la-via-gravel-delle-sorelle\/\" class=\"woocommerce-LoopProduct-link woocommerce-loop-product__link\"><div class='container-image-and-badge  '><img decoding=\"async\" width=\"500\" height=\"500\" src=\"https:\/\/lavia.cc\/gpx\/wp-content\/uploads\/2024\/10\/drone4mp-500x500.png\" class=\"attachment-woocommerce_thumbnail size-woocommerce_thumbnail\" alt=\"La Via Gravel delle Sorelle | Guida Cicloturistica Brescia | LAVIA\" srcset=\"https:\/\/lavia.cc\/gpx\/wp-content\/uploads\/2024\/10\/drone4mp-500x500.png 500w, https:\/\/lavia.cc\/gpx\/wp-content\/uploads\/2024\/10\/drone4mp-300x300.png 300w, https:\/\/lavia.cc\/gpx\/wp-content\/uploads\/2024\/10\/drone4mp-1024x1024.png 1024w, https:\/\/lavia.cc\/gpx\/wp-content\/uploads\/2024\/10\/drone4mp-150x150.png 150w, https:\/\/lavia.cc\/gpx\/wp-content\/uploads\/2024\/10\/drone4mp-768x768.png 768w, https:\/\/lavia.cc\/gpx\/wp-content\/uploads\/2024\/10\/drone4mp-600x600.png 600w, https:\/\/lavia.cc\/gpx\/wp-content\/uploads\/2024\/10\/drone4mp-100x100.png 100w, https:\/\/lavia.cc\/gpx\/wp-content\/uploads\/2024\/10\/drone4mp-64x64.png 64w, https:\/\/lavia.cc\/gpx\/wp-content\/uploads\/2024\/10\/drone4mp.png 1500w\" sizes=\"(max-width: 500px) 100vw, 500px\" \/>\n<div class='yith-wcbm-badge yith-wcbm-badge-18079 yith-wcbm-badge-text yith-wcbm-badge--on-product-18060 yith-wcbm-badge-text' data-position='{&quot;top&quot;:&quot;0&quot;,&quot;right&quot;:&quot;0&quot;,&quot;bottom&quot;:&quot;auto&quot;,&quot;left&quot;:&quot;auto&quot;}' data-transform=\"\">\n\t<div class='yith-wcbm-badge__wrap'>\n\t\t<div class=\"yith-wcbm-badge-text\"><p style=\"line-height: 16px;text-align: center\"><strong style=\"color: #ffffff\">GUIDA: Matteo Guarino<\/strong><\/p><\/div>\n\t<\/div>\n<\/div>\n<!--yith-wcbm-badge-->\n<\/div><!--container-image-and-badge--><h2 class=\"woocommerce-loop-product__title\">La Via delle Sorelle in gravel<\/h2>\n<\/a><a href=\"https:\/\/lavia.cc\/gpx\/tracce\/la-via-gravel-delle-sorelle\/\" aria-describedby=\"woocommerce_loop_add_to_cart_link_describedby_18060\" data-quantity=\"1\" class=\"button product_type_simple\" data-product_id=\"18060\" data-product_sku=\"\" aria-label=\"Leggi di pi\u00f9 su &quot;La Via delle Sorelle in gravel&quot;\" rel=\"nofollow\" data-success_message=\"\">Leggi tutto<\/a>\t<span id=\"woocommerce_loop_add_to_cart_link_describedby_18060\" class=\"screen-reader-text\">\n\t\t\t<\/span>\n<\/li>\n<\/ul>\n<\/div><\/div>\n\t\t\t\t\t\t<\/div>\n\t\t\t\t<\/div>\n\t\t\t\t<\/div>\n\t\t\t\t<\/div>\n\t\t\t\t<\/div>\n\t\t\t\t<\/div>\n\t\t\t\t<\/div>\n\t\t","protected":false},"excerpt":{"rendered":"<p>Buongiorno sono Matteo, 46 anni, amante di tutti gli sport outdoor. In particolare amo tutto ci\u00f2 che si pu\u00f2 fare con le 2 ruote e adoro immergermi nella natura. Voglio condividere questa mia passione con chi, magari alle prime armi o semplicemente per curiosit\u00e0, vorrebbe provare esperienze di percorsi di una o pi\u00f9 giornate in [&hellip;]<\/p>\n","protected":false},"author":1,"featured_media":0,"parent":0,"menu_order":0,"comment_status":"closed","ping_status":"closed","template":"","meta":{"footnotes":""},"categories":[],"tags":[],"class_list":["post-17715","page","type-page","status-publish","hentry"],"blocksy_meta":[],"_links":{"self":[{"href":"https:\/\/lavia.cc\/gpx\/wp-json\/wp\/v2\/pages\/17715","targetHints":{"allow":["GET"]}}],"collection":[{"href":"https:\/\/lavia.cc\/gpx\/wp-json\/wp\/v2\/pages"}],"about":[{"href":"https:\/\/lavia.cc\/gpx\/wp-json\/wp\/v2\/types\/page"}],"author":[{"embeddable":true,"href":"https:\/\/lavia.cc\/gpx\/wp-json\/wp\/v2\/users\/1"}],"replies":[{"embeddable":true,"href":"https:\/\/lavia.cc\/gpx\/wp-json\/wp\/v2\/comments?post=17715"}],"version-history":[{"count":13,"href":"https:\/\/lavia.cc\/gpx\/wp-json\/wp\/v2\/pages\/17715\/revisions"}],"predecessor-version":[{"id":18084,"href":"https:\/\/lavia.cc\/gpx\/wp-json\/wp\/v2\/pages\/17715\/revisions\/18084"}],"wp:attachment":[{"href":"https:\/\/lavia.cc\/gpx\/wp-json\/wp\/v2\/media?parent=17715"}],"wp:term":[{"taxonomy":"category","embeddable":true,"href":"https:\/\/lavia.cc\/gpx\/wp-json\/wp\/v2\/categories?post=17715"},{"taxonomy":"post_tag","embeddable":true,"href":"https:\/\/lavia.cc\/gpx\/wp-json\/wp\/v2\/tags?post=17715"}],"curies":[{"name":"wp","href":"https:\/\/api.w.org\/{rel}","templated":true}]}}