{"id":6036,"date":"2023-06-14T08:57:47","date_gmt":"2023-06-14T06:57:47","guid":{"rendered":"https:\/\/lavia.cc\/gpx\/?page_id=6036"},"modified":"2023-06-14T09:03:10","modified_gmt":"2023-06-14T07:03:10","slug":"privacy-policy","status":"publish","type":"page","link":"https:\/\/lavia.cc\/gpx\/privacy-policy\/","title":{"rendered":"Privacy Policy"},"content":{"rendered":"\n<h2 class=\"wp-block-heading\" id=\"informativa-privacy-art-13-regolamento-ue-679-2016\">INFORMATIVA PRIVACY (ART. 13 Regolamento UE 679\/2016)<\/h2>\n\n\n\n<p>La presente Privacy Policy ha lo scopo di descrivere le modalit\u00e0 di gestione del sito https:\/\/lavia.cc (di seguito il \u201cSito\u201d) in riferimento al trattamento dei dati personali degli utenti\/visitatori che lo consultano. Si tratta di un\u2019informativa resa anche ai sensi dell\u2019art. 13 del D. Lgs 196\/2003 \u2013 \u201cCodice in materia di protezione dei dati personali\u201d (di seguito il \u201cCodice\u201d) e&nbsp;<strong>art. 13 e 14 del GDPR \u2013&nbsp;Regolamento UE 2016\/679<\/strong>.<\/p>\n\n\n\n<p>Il Sito \u00e8 di titolarit\u00e0 di&nbsp;LAVIA DI G.F.&nbsp;\u2013 P.IVA 04483540987 \u2013 Via Gaetano Donizetti 7, 25010, Borgosatollo. L\u2019informativa \u00e8 resa dal Titolare soltanto per il Sito e non anche per altri siti web o sezioni \/ pagine \/ spazi di titolarit\u00e0 di Terzi eventualmente consultati dall\u2019utente tramite appositi link.<\/p>\n\n\n\n<p>La presente informativa ha lo scopo di consentire agli utenti di conoscere, anche prima di accedere alle varie sezioni del Sito, in che modo il Titolare tratta i dati personali degli utenti e sar\u00e0 comunque necessario che l\u2019utente ne prenda visione prima che egli conferisca propri dati personali all\u2019atto della registrazione sul Sito.<\/p>\n\n\n\n<p><strong>1. Titolare del trattamento<\/strong><\/p>\n\n\n\n<p>Ragione sociale: LAVIA DI G.F.<br>Partita IVA: 04483540987<br>Titolare e rappresentante legale: Giubelli Fabio<\/p>\n\n\n\n<p>Sito web: https:\/\/lavia.cc<\/p>\n\n\n\n<p>Recapito telefonico:&nbsp;+39 351 5134782<br>Eventuali altri contatti: mail: info@lavia.cc<\/p>\n\n\n\n<p><strong>2. Finalit\u00e0 del trattamento<\/strong><\/p>\n\n\n\n<p>I dati personali forniti verranno gestiti per le seguenti finalit\u00e0:<\/p>\n\n\n\n<p>a) Erogazione di nostri servizi;<br>b) Registrazione al sito ed evasione ordini;<br>c) Invio di informazioni relative agli ordini;<br>d) Invio di comunicazioni informative e commerciali.<\/p>\n\n\n\n<p><strong>3. Base giuridica del trattamento<\/strong><\/p>\n\n\n\n<p>I dati personali vengono trattati in forza della seguente base giuridica:<br>\u2013 Per le finalit\u00e0 di cui alle lett. \u201ca\u201d, \u201cb\u201d e \u201cc\u201d del superiore punto 2, adempimento di obblighi contrattuali;<br>\u2013 Per le finalit\u00e0 di cui alla lett. \u201cd\u201d del superiore punto 2, consenso dell\u2019interessato;<br>Per le finalit\u00e0 di cui alle lett. \u201ca\u201d, \u201cb\u201d e \u201cc\u201d del superiore punto 2, Il conferimento dei dati personali \u00e8 facoltativo ma necessario per poter fruire dei nostri servizi.<br>Per la finalit\u00e0 di cui alla lett. \u201cd\u201d del superiore punto 2, il conferimento dei dati \u00e8 facoltativo e l\u2019eventuale rifiuto di conferire tali dati e di prestare il relative consenso comporta l\u2019impossibilit\u00e0 per il Titolare di dar seguito alle attivit\u00e0 di marketing, ma non pregiudica la possibilit\u00e0 per l\u2019interessato di fruire dei nostri servizi.<\/p>\n\n\n\n<p><strong>4. Tipi di dati trattati<\/strong><\/p>\n\n\n\n<p>\u2013 Dati comuni: Dati identificativi (Dati anagrafici, Dati Azienda, Cellulare, E-mail, Indirizzo di casa e\/o lavoro, dati di navigazione).<\/p>\n\n\n\n<p><strong>5. Destinatari dei dati<\/strong><\/p>\n\n\n\n<p>I dati potranno essere elaborati da dipendenti o collaboratori dell\u2019Azienda nominati quali incaricati del trattamento o da societ\u00e0 che svolgono attivit\u00e0 in outsourcing, inclusa la gestione di siti web o di servizi di cloud computing, fornitori esterni, professionisti e consulenti che sono nominati responsabili del trattamento.<\/p>\n\n\n\n<p>I dati personali non saranno diffusi.<\/p>\n\n\n\n<p>Non trasmetteremo le informazioni personali a terzi per scopi pubblicitari o di marketing senza esplicito consenso dell\u2019interessato.<\/p>\n\n\n\n<p><strong>6. Trasferimento dati all\u2019estero<\/strong><\/p>\n\n\n\n<p>I dati non saranno trasferiti fuori dall\u2019UE. Qualora fosse necessario un trasferimento verso Paesi extra UE, si far\u00e0 riferimento esclusivamente a Paesi per cui esista una decisione di adeguatezza e gli interessati saranno preventivamente informati e potranno eventualmente confermare\/negare il proprio assenso.<\/p>\n\n\n\n<p><strong>7. Periodo di conservazione<\/strong><\/p>\n\n\n\n<p>I dati personali saranno conservati per il tempo necessario all\u2019erogazione dei servizi richiesti e per gli scopi per i quali essi sono stati raccolti. Potranno essere conservati anche successivamente per assicurare il rispetto delle leggi nazionali, prevenire le frodi, riscuotere eventuali commissioni dovute, per eventuali controversie, risolvere problemi e fornire assistenza in caso di indagini e intraprendere altre azioni ove previste dalle leggi nazionali vigenti.<\/p>\n\n\n\n<p><strong>8. Diritti dell\u2019interessato<\/strong><\/p>\n\n\n\n<p>L\u2019interessato ha diritto di chiedere al Titolare del trattamento, secondo le modalit\u00e0 indicate dal Regolamento UE n. 679\/2016, in ogni momento e scrivendo ai recapiti di cui al punto 1 di:<\/p>\n\n\n\n<ul class=\"wp-block-list\">\n<li>accedere ai suoi dati personali;<\/li>\n\n\n\n<li>farli rettificare;<\/li>\n\n\n\n<li>farli cancellare per motivi legittimi (c.d. diritto all\u2019oblio)<\/li>\n\n\n\n<li>limitare il trattamento ad alcuni dati, qualora compatibile con le finalit\u00e0 per i quali sono stati raccolti;<\/li>\n\n\n\n<li>opporsi al trattamento, ove non sia possibile chiedere la cancellazione dei dati quando ci\u00f2 sia giustificato da motivi legittimi e, in ogni caso, senza necessit\u00e0 di addurre motivi, quando i dati siano utilizzati per finalit\u00e0 di marketing diretto, compresa la profilazione;<\/li>\n\n\n\n<li>trasferire i dati verso un altro Titolare (c.d. data portability).<\/li>\n<\/ul>\n\n\n\n<p>L\u2019interessato avr\u00e0 sempre diritto di proporre reclamo all\u2019Autorit\u00e0 di controllo (Garante per la protezione dei dati personali \u2013 www.garanteprivacy.it).<\/p>\n\n\n\n<p>Infine, qualora il trattamento dei dati personali si basi esclusivamente sul suo consenso, l\u2019interessato potr\u00e0 in ogni momento revocarlo, scrivendo al Titolare ad uno degli indirizzi indicati al superiore punto 1.<\/p>\n\n\n\n<p><strong>9. Processi decisionali automatizzati<\/strong><\/p>\n\n\n\n<p>Non utilizziamo processi decisionali automatizzati. Qualora il Titolare utilizzi processi decisionali automatizzati per la profilazione dei clienti l\u2019interessato sar\u00e0 preventivamente informato e avr\u00e0 diritto di richiedere l\u2019intervento umano, di poter esprimere la propria opinione ed eventualmente poter contestare la decisione finale.<\/p>\n","protected":false},"excerpt":{"rendered":"<p>INFORMATIVA PRIVACY (ART. 13 Regolamento UE 679\/2016) La presente Privacy Policy ha lo scopo di descrivere le modalit\u00e0 di gestione del sito https:\/\/lavia.cc (di seguito il \u201cSito\u201d) in riferimento al trattamento dei dati personali degli utenti\/visitatori che lo consultano. Si tratta di un\u2019informativa resa anche ai sensi dell\u2019art. 13 del D. Lgs 196\/2003 \u2013 \u201cCodice [&hellip;]<\/p>\n","protected":false},"author":1,"featured_media":0,"parent":0,"menu_order":0,"comment_status":"closed","ping_status":"closed","template":"","meta":{"footnotes":""},"categories":[],"tags":[],"class_list":["post-6036","page","type-page","status-publish","hentry"],"blocksy_meta":{"styles_descriptor":{"styles":{"desktop":"","tablet":"","mobile":""},"google_fonts":[],"version":6}},"_links":{"self":[{"href":"https:\/\/lavia.cc\/gpx\/wp-json\/wp\/v2\/pages\/6036","targetHints":{"allow":["GET"]}}],"collection":[{"href":"https:\/\/lavia.cc\/gpx\/wp-json\/wp\/v2\/pages"}],"about":[{"href":"https:\/\/lavia.cc\/gpx\/wp-json\/wp\/v2\/types\/page"}],"author":[{"embeddable":true,"href":"https:\/\/lavia.cc\/gpx\/wp-json\/wp\/v2\/users\/1"}],"replies":[{"embeddable":true,"href":"https:\/\/lavia.cc\/gpx\/wp-json\/wp\/v2\/comments?post=6036"}],"version-history":[{"count":1,"href":"https:\/\/lavia.cc\/gpx\/wp-json\/wp\/v2\/pages\/6036\/revisions"}],"predecessor-version":[{"id":6037,"href":"https:\/\/lavia.cc\/gpx\/wp-json\/wp\/v2\/pages\/6036\/revisions\/6037"}],"wp:attachment":[{"href":"https:\/\/lavia.cc\/gpx\/wp-json\/wp\/v2\/media?parent=6036"}],"wp:term":[{"taxonomy":"category","embeddable":true,"href":"https:\/\/lavia.cc\/gpx\/wp-json\/wp\/v2\/categories?post=6036"},{"taxonomy":"post_tag","embeddable":true,"href":"https:\/\/lavia.cc\/gpx\/wp-json\/wp\/v2\/tags?post=6036"}],"curies":[{"name":"wp","href":"https:\/\/api.w.org\/{rel}","templated":true}]}}