{"id":6290,"date":"2023-06-28T13:23:18","date_gmt":"2023-06-28T11:23:18","guid":{"rendered":"https:\/\/lavia.cc\/gpx\/?page_id=6290"},"modified":"2024-10-10T22:57:44","modified_gmt":"2024-10-10T20:57:44","slug":"traccia-gpx-cosa-e-come-utilizzarla","status":"publish","type":"page","link":"https:\/\/lavia.cc\/gpx\/traccia-gpx-cosa-e-come-utilizzarla\/","title":{"rendered":"Traccia GPX: cos&#8217;\u00e8, come ottenerla e come utilizzarla!"},"content":{"rendered":"\t\t<div data-elementor-type=\"wp-page\" data-elementor-id=\"6290\" class=\"elementor elementor-6290\">\n\t\t\t\t<div class=\"elementor-element elementor-element-9c3ea05 e-flex e-con-boxed e-con e-parent\" data-id=\"9c3ea05\" data-element_type=\"container\" data-e-type=\"container\">\n\t\t\t\t\t<div class=\"e-con-inner\">\n\t\t\t\t<div class=\"elementor-element elementor-element-9beeec1 elementor-widget elementor-widget-heading\" data-id=\"9beeec1\" data-element_type=\"widget\" data-e-type=\"widget\" data-widget_type=\"heading.default\">\n\t\t\t\t<div class=\"elementor-widget-container\">\n\t\t\t\t\t<h4 class=\"elementor-heading-title elementor-size-default\">L'essenza della navigazione per escursioni, cammini, uscite e viaggi in bicicletta<\/h4>\t\t\t\t<\/div>\n\t\t\t\t<\/div>\n\t\t\t\t\t<\/div>\n\t\t\t\t<\/div>\n\t\t<div class=\"elementor-element elementor-element-f57a0cc e-flex e-con-boxed e-con e-parent\" data-id=\"f57a0cc\" data-element_type=\"container\" data-e-type=\"container\">\n\t\t\t\t\t<div class=\"e-con-inner\">\n\t\t\t\t<div class=\"elementor-element elementor-element-ee8def9 elementor-widget elementor-widget-text-editor\" data-id=\"ee8def9\" data-element_type=\"widget\" data-e-type=\"widget\" data-widget_type=\"text-editor.default\">\n\t\t\t\t<div class=\"elementor-widget-container\">\n\t\t\t\t\t\t\t\t\t<p>Nel mondo delle attivit\u00e0 outdoor, come l&#8217;escursionismo, i cammini le uscite e i viaggi in bicicletta, una delle risorse pi\u00f9 preziose \u00e8 rappresentata dalla <strong>TRACCIA GPX<\/strong>.<\/p><p>Questi file, scaricabili gratuitamente da siti specializzati, ti offrono un modo efficace per navigare in modo sicuro ed esplorare itinerari sconosciuti, consentendoti di godere appieno delle tue avventure i natura.<\/p><p>Capiamo cosa sono le <a href=\"https:\/\/lavia.cc\/gpx\/\" target=\"_blank\" rel=\"noopener\">tracce GPX<\/a> e come possono arricchire l&#8217;esperienza di chiunque desideri immergersi nella natura o scoprire nuove rotte, a piedi o in bicicletta.<\/p>\t\t\t\t\t\t\t\t<\/div>\n\t\t\t\t<\/div>\n\t\t\t\t\t<\/div>\n\t\t\t\t<\/div>\n\t\t<div class=\"elementor-element elementor-element-e432855 e-flex e-con-boxed e-con e-parent\" data-id=\"e432855\" data-element_type=\"container\" data-e-type=\"container\">\n\t\t\t\t\t<div class=\"e-con-inner\">\n\t\t\t\t<div class=\"elementor-element elementor-element-4ef00c8 elementor-widget elementor-widget-heading\" data-id=\"4ef00c8\" data-element_type=\"widget\" data-e-type=\"widget\" data-widget_type=\"heading.default\">\n\t\t\t\t<div class=\"elementor-widget-container\">\n\t\t\t\t\t<h5 class=\"elementor-heading-title elementor-size-default\">Cos'\u00e8 una traccia GPX? <\/h5>\t\t\t\t<\/div>\n\t\t\t\t<\/div>\n\t\t\t\t\t<\/div>\n\t\t\t\t<\/div>\n\t\t<div class=\"elementor-element elementor-element-d23c8af e-flex e-con-boxed e-con e-parent\" data-id=\"d23c8af\" data-element_type=\"container\" data-e-type=\"container\">\n\t\t\t\t\t<div class=\"e-con-inner\">\n\t\t\t\t<div class=\"elementor-element elementor-element-ebb2e6e elementor-widget elementor-widget-text-editor\" data-id=\"ebb2e6e\" data-element_type=\"widget\" data-e-type=\"widget\" data-widget_type=\"text-editor.default\">\n\t\t\t\t<div class=\"elementor-widget-container\">\n\t\t\t\t\t\t\t\t\t<p>GPX, acronimo di GPS eXchange Format, \u00e8 un formato di file standard utilizzato per memorizzare dati di tracciamento GPS. Le tracce GPX sono una sorta di &#8220;mappa digitale&#8221; che registra l&#8217;intero percorso di un&#8217;escursione, un cammino o un viaggio in bicicletta.<\/p><p>Contengono informazioni preziose come punti di interesse, punti di partenza e arrivo, coordinate geografiche, altitudine e altro ancora. Le tracce GPX possono essere utilizzate su una vasta gamma di dispositivi, compresi smartphone, sportwatch e dispositivi GPS specifici.<\/p>\t\t\t\t\t\t\t\t<\/div>\n\t\t\t\t<\/div>\n\t\t\t\t\t<\/div>\n\t\t\t\t<\/div>\n\t\t<div class=\"elementor-element elementor-element-307bac1 e-flex e-con-boxed e-con e-parent\" data-id=\"307bac1\" data-element_type=\"container\" data-e-type=\"container\">\n\t\t\t\t\t<div class=\"e-con-inner\">\n\t\t\t\t<div class=\"elementor-element elementor-element-ba93276 elementor-widget elementor-widget-heading\" data-id=\"ba93276\" data-element_type=\"widget\" data-e-type=\"widget\" data-widget_type=\"heading.default\">\n\t\t\t\t<div class=\"elementor-widget-container\">\n\t\t\t\t\t<h5 class=\"elementor-heading-title elementor-size-default\">Come ottenere una TRACCIA GPX su LAVIA? <\/h5>\t\t\t\t<\/div>\n\t\t\t\t<\/div>\n\t\t\t\t\t<\/div>\n\t\t\t\t<\/div>\n\t\t<div class=\"elementor-element elementor-element-18bf019 e-flex e-con-boxed e-con e-parent\" data-id=\"18bf019\" data-element_type=\"container\" data-e-type=\"container\">\n\t\t\t\t\t<div class=\"e-con-inner\">\n\t\t\t\t<div class=\"elementor-element elementor-element-6577119 elementor-widget elementor-widget-text-editor\" data-id=\"6577119\" data-element_type=\"widget\" data-e-type=\"widget\" data-widget_type=\"text-editor.default\">\n\t\t\t\t<div class=\"elementor-widget-container\">\n\t\t\t\t\t\t\t\t\t<p>Le tracce GPX possono essere facilmente scaricate dal nostro sito <a href=\"https:\/\/www.instagram.com\/lavia.cc\/\" target=\"_blank\" rel=\"noopener\"><strong>LAVIA.CC<\/strong><\/a> un sito specializzato che mette a disposizione gratuitamente una vasta selezione di itinerari. Su LAVIA puoi cercare e selezionare l&#8217;escursione, il cammino o il viaggio in bicicletta desiderato e scaricare la traccia GPX corrispondente gratuitamente.<\/p><p>Le <strong>tracce GPX<\/strong> sono accompagnate da informazioni sull&#8217;itinerario, come la lunghezza, il dislivello, il tempo, i punti di interesse lungo il percorso e consigli pratici per il viaggio.<\/p>\t\t\t\t\t\t\t\t<\/div>\n\t\t\t\t<\/div>\n\t\t\t\t\t<\/div>\n\t\t\t\t<\/div>\n\t\t<div class=\"elementor-element elementor-element-f8818b0 e-flex e-con-boxed e-con e-parent\" data-id=\"f8818b0\" data-element_type=\"container\" data-e-type=\"container\">\n\t\t\t\t\t<div class=\"e-con-inner\">\n\t\t\t\t<div class=\"elementor-element elementor-element-356cbf5 elementor-widget elementor-widget-heading\" data-id=\"356cbf5\" data-element_type=\"widget\" data-e-type=\"widget\" data-widget_type=\"heading.default\">\n\t\t\t\t<div class=\"elementor-widget-container\">\n\t\t\t\t\t<h5 class=\"elementor-heading-title elementor-size-default\">Come utilizzare una traccia GPX? <\/h5>\t\t\t\t<\/div>\n\t\t\t\t<\/div>\n\t\t\t\t\t<\/div>\n\t\t\t\t<\/div>\n\t\t<div class=\"elementor-element elementor-element-0b87da0 e-flex e-con-boxed e-con e-parent\" data-id=\"0b87da0\" data-element_type=\"container\" data-e-type=\"container\">\n\t\t\t\t\t<div class=\"e-con-inner\">\n\t\t\t\t<div class=\"elementor-element elementor-element-8c4d92b elementor-widget elementor-widget-text-editor\" data-id=\"8c4d92b\" data-element_type=\"widget\" data-e-type=\"widget\" data-widget_type=\"text-editor.default\">\n\t\t\t\t<div class=\"elementor-widget-container\">\n\t\t\t\t\t\t\t\t\t<p>Per utilizzare una traccia GPX, \u00e8 necessario avere un dispositivo compatibile, come uno smartphone o un GPS dedicato, in cui \u00e8 possibile caricare il file.<\/p><p>Ci sono diverse app e software che consentono di visualizzare e navigare su una traccia GPX.<\/p><p>Alcune app offrono funzionalit\u00e0 aggiuntive, come la registrazione dei tempi di percorrenza, l&#8217;allarme per punti di interesse e la condivisione delle attivit\u00e0 sui social media.<\/p><p>Caricando una traccia GPX sul dispositivo, gli escursionisti, i camminatori e i ciclisti possono navigare con sicurezza lungo il percorso desiderato, evitando di perdersi e sfruttando al massimo l&#8217;esperienza.<\/p>\t\t\t\t\t\t\t\t<\/div>\n\t\t\t\t<\/div>\n\t\t\t\t\t<\/div>\n\t\t\t\t<\/div>\n\t\t<div class=\"elementor-element elementor-element-824d93d e-flex e-con-boxed e-con e-parent\" data-id=\"824d93d\" data-element_type=\"container\" data-e-type=\"container\">\n\t\t\t\t\t<div class=\"e-con-inner\">\n\t\t\t\t<div class=\"elementor-element elementor-element-e4343b9 elementor-widget elementor-widget-heading\" data-id=\"e4343b9\" data-element_type=\"widget\" data-e-type=\"widget\" data-widget_type=\"heading.default\">\n\t\t\t\t<div class=\"elementor-widget-container\">\n\t\t\t\t\t<h5 class=\"elementor-heading-title elementor-size-default\">\u00c8 meglio utilizzare un telefono o un dispositivo GPS?<\/h5>\t\t\t\t<\/div>\n\t\t\t\t<\/div>\n\t\t\t\t\t<\/div>\n\t\t\t\t<\/div>\n\t\t<div class=\"elementor-element elementor-element-e711d30 e-flex e-con-boxed e-con e-parent\" data-id=\"e711d30\" data-element_type=\"container\" data-e-type=\"container\">\n\t\t\t\t\t<div class=\"e-con-inner\">\n\t\t\t\t<div class=\"elementor-element elementor-element-f282f3e elementor-widget elementor-widget-text-editor\" data-id=\"f282f3e\" data-element_type=\"widget\" data-e-type=\"widget\" data-widget_type=\"text-editor.default\">\n\t\t\t\t<div class=\"elementor-widget-container\">\n\t\t\t\t\t\t\t\t\t<p>Utilizzare un <a href=\"https:\/\/lavia.cc\/\" target=\"_blank\" rel=\"noopener\">dispositivo GPS<\/a> dedicato durante un&#8217;escursione offre diversi vantaggi rispetto all&#8217;utilizzo del telefono.<\/p><p>I punti deboli del telefono includono la durata limitata della batteria, la scomodit\u00e0 di tenerlo in mano durante l&#8217;escursione e la vulnerabilit\u00e0 a danni causati dall&#8217;acqua o dagli urti.<\/p><p>Al contrario, i dispositivi GPS specifici offrono una maggiore autonomia della batteria, possono essere indossati comodamente al polso e sono progettati per resistere alle condizioni outdoor pi\u00f9 estreme, oltre ad avere sensori GPS pi\u00f9 accurati.<\/p><p>Inoltre, l&#8217;utilizzo di un dispositivo GPS permette di evitare distrazioni da notifiche o chiamate in arrivo, consentendo agli escursionisti di concentrarsi sul percorso e godere appieno dell&#8217;esperienza.<\/p><p>In sintesi, i dispositivi GPS dedicati offrono una soluzione pi\u00f9 pratica e affidabile per la navigazione durante le escursioni.<\/p><p>Abbiamo selezionato i migliori dispositivi GPS cartografici (sportwatch e ciclocomputer) in grado di guidarti nel migliore dei modi durante le tue uscite. <a href=\"https:\/\/lavia.cc\">Clicca qui<\/a> per scoprirli!<\/p>\t\t\t\t\t\t\t\t<\/div>\n\t\t\t\t<\/div>\n\t\t\t\t\t<\/div>\n\t\t\t\t<\/div>\n\t\t<div class=\"elementor-element elementor-element-fc62a3d e-flex e-con-boxed e-con e-parent\" data-id=\"fc62a3d\" data-element_type=\"container\" data-e-type=\"container\">\n\t\t\t\t\t<div class=\"e-con-inner\">\n\t\t\t\t<div class=\"elementor-element elementor-element-f3860ff elementor-widget elementor-widget-heading\" data-id=\"f3860ff\" data-element_type=\"widget\" data-e-type=\"widget\" data-widget_type=\"heading.default\">\n\t\t\t\t<div class=\"elementor-widget-container\">\n\t\t\t\t\t<h5 class=\"elementor-heading-title elementor-size-default\">I vantaggi di utilizzare una traccia GPX<\/h5>\t\t\t\t<\/div>\n\t\t\t\t<\/div>\n\t\t\t\t\t<\/div>\n\t\t\t\t<\/div>\n\t\t<div class=\"elementor-element elementor-element-51f282b e-flex e-con-boxed e-con e-parent\" data-id=\"51f282b\" data-element_type=\"container\" data-e-type=\"container\">\n\t\t\t\t\t<div class=\"e-con-inner\">\n\t\t\t\t<div class=\"elementor-element elementor-element-4cf367d elementor-widget elementor-widget-text-editor\" data-id=\"4cf367d\" data-element_type=\"widget\" data-e-type=\"widget\" data-widget_type=\"text-editor.default\">\n\t\t\t\t<div class=\"elementor-widget-container\">\n\t\t\t\t\t\t\t\t\t<p>Le tracce GPX offrono numerosi vantaggi per gli appassionati di escursionismo, camminata e ciclismo:<\/p><ol><li><strong>Navigazione accurata<\/strong>: Le tracce GPX consentono di seguire un percorso predefinito, evitando confusioni o smarrimenti lungo il tragitto.<\/li><li><strong>Esplorazione sicura<\/strong>: Utilizzando una traccia GPX, gli escursionisti possono concentrarsi sull&#8217;ambiente circostante, sapendo di essere in buone mani grazie alla navigazione digitale.<\/li><li><strong>Scoperta di nuovi itinerari<\/strong>: Le tracce GPX permettono di scoprire nuovi cammini e percorsi in bicicletta, aprendo un mondo di possibilit\u00e0 per gli amanti dell&#8217;avventura.<\/li><li><strong>Personalizzazione dell&#8217;esperienza<\/strong>: Le tracce GPX possono essere modificate per adattarsi alle preferenze individuali, consentendo di aggiungere o eliminare tappe, o anche di creare completamente nuovi percorsi.<\/li><\/ol>\t\t\t\t\t\t\t\t<\/div>\n\t\t\t\t<\/div>\n\t\t\t\t\t<\/div>\n\t\t\t\t<\/div>\n\t\t<div class=\"elementor-element elementor-element-b3c1e95 e-flex e-con-boxed e-con e-parent\" data-id=\"b3c1e95\" data-element_type=\"container\" data-e-type=\"container\">\n\t\t\t\t\t<div class=\"e-con-inner\">\n\t\t\t\t<div class=\"elementor-element elementor-element-bb2f810 elementor-widget elementor-widget-text-editor\" data-id=\"bb2f810\" data-element_type=\"widget\" data-e-type=\"widget\" data-widget_type=\"text-editor.default\">\n\t\t\t\t<div class=\"elementor-widget-container\">\n\t\t\t\t\t\t\t\t\t<p>In sintesi, le <strong>tracce GPX<\/strong> rappresentano uno strumento fondamentale per gli appassionati di escursionismo, camminata e ciclismo.<\/p><p>Grazie a queste mappe digitali, gli appassionati delle attivit\u00e0 outdoor, possono esplorare in modo sicuro, scoprire nuove rotte e godere appieno delle meraviglie naturali.<\/p><p><strong>LAVIA<\/strong> mette a disposizione tracce GPX scaricabili gratuitamente, per rendere il mondo delle escursioni e dei viaggi in bicicletta ancora pi\u00f9 accessibile e avvincente.<\/p><p>Non esitare a sfruttare le nostre TRACCE GPX per arricchire le tue avventure all&#8217;aria aperta!<\/p>\t\t\t\t\t\t\t\t<\/div>\n\t\t\t\t<\/div>\n\t\t\t\t\t<\/div>\n\t\t\t\t<\/div>\n\t\t<div class=\"elementor-element elementor-element-be1b205 e-flex e-con-boxed e-con e-parent\" data-id=\"be1b205\" data-element_type=\"container\" data-e-type=\"container\">\n\t\t\t\t\t<div class=\"e-con-inner\">\n\t\t\t\t<div class=\"elementor-element elementor-element-c117067 elementor-widget elementor-widget-image\" data-id=\"c117067\" data-element_type=\"widget\" data-e-type=\"widget\" data-widget_type=\"image.default\">\n\t\t\t\t<div class=\"elementor-widget-container\">\n\t\t\t\t\t\t\t\t\t\t\t\t\t\t\t<img decoding=\"async\" width=\"150\" height=\"150\" src=\"https:\/\/lavia.cc\/gpx\/wp-content\/uploads\/2023\/06\/unnamed-150x150.jpg\" class=\"attachment-thumbnail size-thumbnail wp-image-6305\" alt=\"Traccia GPX: cos&#039;\u00e8, come ottenerla e come utilizzarla!\" srcset=\"https:\/\/lavia.cc\/gpx\/wp-content\/uploads\/2023\/06\/unnamed-150x150.jpg 150w, https:\/\/lavia.cc\/gpx\/wp-content\/uploads\/2023\/06\/unnamed-500x500.jpg 500w, https:\/\/lavia.cc\/gpx\/wp-content\/uploads\/2023\/06\/unnamed-100x100.jpg 100w, https:\/\/lavia.cc\/gpx\/wp-content\/uploads\/2023\/06\/unnamed-64x64.jpg 64w, https:\/\/lavia.cc\/gpx\/wp-content\/uploads\/2023\/06\/unnamed-300x300.jpg 300w, https:\/\/lavia.cc\/gpx\/wp-content\/uploads\/2023\/06\/unnamed.jpg 512w\" sizes=\"(max-width: 150px) 100vw, 150px\" \/>\t\t\t\t\t\t\t\t\t\t\t\t\t\t\t<\/div>\n\t\t\t\t<\/div>\n\t\t\t\t\t<\/div>\n\t\t\t\t<\/div>\n\t\t\t\t<\/div>\n\t\t","protected":false},"excerpt":{"rendered":"<p>L&#8217;essenza della navigazione per escursioni, cammini, uscite e viaggi in bicicletta Nel mondo delle attivit\u00e0 outdoor, come l&#8217;escursionismo, i cammini le uscite e i viaggi in bicicletta, una delle risorse pi\u00f9 preziose \u00e8 rappresentata dalla TRACCIA GPX. Questi file, scaricabili gratuitamente da siti specializzati, ti offrono un modo efficace per navigare in modo sicuro ed [&hellip;]<\/p>\n","protected":false},"author":1,"featured_media":6305,"parent":0,"menu_order":0,"comment_status":"closed","ping_status":"closed","template":"","meta":{"footnotes":""},"categories":[],"tags":[],"class_list":["post-6290","page","type-page","status-publish","has-post-thumbnail","hentry"],"blocksy_meta":{"styles_descriptor":{"styles":{"desktop":"","tablet":"","mobile":""},"google_fonts":[],"version":6}},"_links":{"self":[{"href":"https:\/\/lavia.cc\/gpx\/wp-json\/wp\/v2\/pages\/6290","targetHints":{"allow":["GET"]}}],"collection":[{"href":"https:\/\/lavia.cc\/gpx\/wp-json\/wp\/v2\/pages"}],"about":[{"href":"https:\/\/lavia.cc\/gpx\/wp-json\/wp\/v2\/types\/page"}],"author":[{"embeddable":true,"href":"https:\/\/lavia.cc\/gpx\/wp-json\/wp\/v2\/users\/1"}],"replies":[{"embeddable":true,"href":"https:\/\/lavia.cc\/gpx\/wp-json\/wp\/v2\/comments?post=6290"}],"version-history":[{"count":45,"href":"https:\/\/lavia.cc\/gpx\/wp-json\/wp\/v2\/pages\/6290\/revisions"}],"predecessor-version":[{"id":17544,"href":"https:\/\/lavia.cc\/gpx\/wp-json\/wp\/v2\/pages\/6290\/revisions\/17544"}],"wp:featuredmedia":[{"embeddable":true,"href":"https:\/\/lavia.cc\/gpx\/wp-json\/wp\/v2\/media\/6305"}],"wp:attachment":[{"href":"https:\/\/lavia.cc\/gpx\/wp-json\/wp\/v2\/media?parent=6290"}],"wp:term":[{"taxonomy":"category","embeddable":true,"href":"https:\/\/lavia.cc\/gpx\/wp-json\/wp\/v2\/categories?post=6290"},{"taxonomy":"post_tag","embeddable":true,"href":"https:\/\/lavia.cc\/gpx\/wp-json\/wp\/v2\/tags?post=6290"}],"curies":[{"name":"wp","href":"https:\/\/api.w.org\/{rel}","templated":true}]}}