{"id":10135,"date":"2024-02-10T10:48:25","date_gmt":"2024-02-10T09:48:25","guid":{"rendered":"https:\/\/lavia.cc\/gpx\/?post_type=product&#038;p=10135"},"modified":"2024-11-16T08:45:47","modified_gmt":"2024-11-16T07:45:47","slug":"dogwalking-fiume-ombrone-ponte-tura","status":"publish","type":"product","link":"https:\/\/lavia.cc\/gpx\/tracce\/dogwalking-fiume-ombrone-ponte-tura\/","title":{"rendered":"Dogwalking sull&#8217;argine del fiume Ombrone fino a Ponte Tura"},"content":{"rendered":"<h5>Dogwalking sull&#8217;argine del fiume Ombrone fino a Ponte Tura<\/h5>\n<p>\u27a1\ufe0f Clicca qui per raggiungere il punto di partenza: <a href=\"https:\/\/www.google.it\/maps\/place\/42%C2%B044&#039;22.6%22N+11%C2%B006&#039;41.3%22E\/@42.7395356,11.111275,19.88z\/data=!4m13!1m8!3m7!1s0x1329b10f4cb3efc3:0xdf8aa2a65168f42c!2sVia+Adolfo+Celi,+58100+Grosseto+GR!3b1!8m2!3d42.7393307!4d11.1109717!16s%2Fg%2F12lw86j6c!3m3!8m2!3d42.739615!4d11.111474?entry=ttu\" target=\"_blank\" rel=\"noopener\">GOOGLE MAPS<\/a> (Strada Magenta, Grosseto)<\/p>\n<p>\ud83d\udd5c Periodo consigliato: tutto l\u2019anno<\/p>\n<p>\ud83d\uddfa\ufe0f Mappa e altimetria della passeggiata sul <strong>Fiume Ombrone<\/strong>:<\/p>\n\r\n\t\t<div id=\"wpgpxmaps_10135_1616928\" class=\"wpgpxmaps\">\r\n\t\t\t<div id=\"map_10135_1616928_cont\" style=\"width:100%; height:450px;position:relative\" >\r\n\t\t\t\t<div id=\"map_10135_1616928\" style=\"width:100%; height:450px\"><\/div>\r\n\t\t\t\t<div id=\"wpgpxmaps_10135_1616928_osm_footer\" class=\"wpgpxmaps_osm_footer\" style=\"display:none;\"><span> &copy; <a href=\"http:\/\/www.openstreetmap.org\/copyright\" target=\"_blank\" rel=\"noopener\">OpenStreetMap<\/a> contributors<\/span><\/div>\r\n\t\t\t<\/div>\r\n\t\t\t<canvas id=\"myChart_10135_1616928\" class=\"plot\" style=\"width:100%; height:200px\"><\/canvas>\r\n\t\t\t<div id=\"ngimages_10135_1616928\" class=\"ngimages\" style=\"display:none\"><\/div>\r\n\t\t\t<div id=\"report_10135_1616928\" class=\"report\"><\/div>\r\n\t\t<\/div>\r\n\t\t\r\n\t\t<script type=\"text\/javascript\">\r\n\r\n\t\t\tjQuery(document).ready(function() {\r\n\r\n\t\t\t\tjQuery( \"#wpgpxmaps_10135_1616928\" ).wpgpxmaps( {\r\n\t\t\t\t\ttargetId           : \"10135_1616928\",\r\n\t\t\t\t\tmapType            : \"HYBRID\",\r\n\t\t\t\t\tmapData            : [[42.7497570,11.1205100],[42.7496140,11.1206020],[42.7493270,11.1208030],[42.7492160,11.1208730],[42.7490940,11.1209680],[42.7494360,11.1225930],[42.7494440,11.1228230],[42.7493920,11.1231610],[42.7494990,11.1232410],[42.7499260,11.1234180],[42.7512920,11.1239310],[42.7519900,11.1243000],[42.7527400,11.1247580],[42.7537460,11.1253710],[42.7541410,11.1255660],[42.7545080,11.1258120],[42.7547760,11.1260440],[42.7550120,11.1263660],[42.7560510,11.1280910],[42.7571110,11.1295790],[42.7574310,11.1300510],[42.7582700,11.1311490],[42.7583950,11.1313900],[42.7590310,11.1329890],[42.7597520,11.1342740],[42.7603130,11.1351360],[42.7605180,11.1353680],[42.7611580,11.1359570],[42.7620240,11.1366460],[42.7621280,11.1367570],[42.7622120,11.1369120],[42.7625300,11.1385880],[42.7631190,11.1421970],[42.7631220,11.1430350],[42.7633390,11.1447510],[42.7633220,11.1450790],[42.7632440,11.1456140],[42.7630590,11.1465280],[42.7628750,11.1467880],[42.7619860,11.1473350],[42.7618020,11.1475410],[42.7615120,11.1483380],[42.7615310,11.1485380],[42.7621690,11.1491920],[42.7627520,11.1497560],[42.7628560,11.1499030],[42.7628980,11.1500290],[42.7626970,11.1533740],[42.7621920,11.1605770],[42.7622300,11.1612850],[42.7623450,11.1617630],[42.7630580,11.1641550],[42.7633810,11.1651400],[42.7635810,11.1657500],[42.7636670,11.1660130],[42.7637740,11.1662240],[42.7642760,11.1656910],[42.7644310,11.1655150],[42.7644130,11.1655650],[42.7643120,11.1656580],[42.7642770,11.1657170],[42.7642000,11.1658070],[42.7642300,11.1659050],[42.7643030,11.1660030],[42.7643780,11.1660980],[42.7644420,11.1661900],[42.7645070,11.1663030],[42.7645830,11.1664270],[42.7646480,11.1665330],[42.7647100,11.1666380],[42.7648070,11.1666830],[42.7653050,11.1669320],[42.7655860,11.1671440],[42.7659720,11.1673380],[42.7660370,11.1673230],[42.7661070,11.1674070],[42.7661880,11.1674520],[42.7661250,11.1674380],[42.7660480,11.1674100],[42.7660620,11.1675080],[42.7660500,11.1676380],[42.7659620,11.1676900],[42.7658720,11.1677870],[42.7657950,11.1678480],[42.7658370,11.1677900],[42.7659220,11.1677080],[42.7659980,11.1676450],[42.7660500,11.1675350],[42.7660250,11.1676600],[42.7660650,11.1677300],[42.7661080,11.1676530],[42.7661900,11.1676370],[42.7661050,11.1677050],[42.7660870,11.1677580],[42.7660490,11.1673770],[42.7655860,11.1671440],[42.7653050,11.1669320],[42.7648500,11.1666410],[42.7645390,11.1664410],[42.7644230,11.1662810],[42.7643980,11.1662550],[42.7643430,11.1661570],[42.7643170,11.1660670],[42.7642320,11.1660120],[42.7641680,11.1659220],[42.7640620,11.1658850],[42.7640050,11.1659820],[42.7639180,11.1660730],[42.7638400,11.1661650],[42.7637520,11.1661870],[42.7636570,11.1661120],[42.7636030,11.1659720],[42.7635670,11.1658420],[42.7635810,11.1657500],[42.7633810,11.1651400],[42.7630580,11.1641550],[42.7623450,11.1617630],[42.7622300,11.1612850],[42.7621920,11.1605770],[42.7626970,11.1533740],[42.7629020,11.1501510],[42.7628560,11.1499030],[42.7627520,11.1497560],[42.7621690,11.1491920],[42.7615310,11.1485380],[42.7615120,11.1483380],[42.7618020,11.1475410],[42.7619860,11.1473350],[42.7628750,11.1467880],[42.7630590,11.1465280],[42.7632440,11.1456140],[42.7633220,11.1450790],[42.7633390,11.1447510],[42.7631220,11.1430350],[42.7631190,11.1421970],[42.7625300,11.1385880],[42.7622120,11.1369120],[42.7621280,11.1367570],[42.7620240,11.1366460],[42.7611580,11.1359570],[42.7605180,11.1353680],[42.7603130,11.1351360],[42.7597520,11.1342740],[42.7590310,11.1329890],[42.7583950,11.1313900],[42.7582700,11.1311490],[42.7574310,11.1300510],[42.7571110,11.1295790],[42.7560510,11.1280910],[42.7550120,11.1263660],[42.7547760,11.1260440],[42.7545080,11.1258120],[42.7541410,11.1255660],[42.7537460,11.1253710],[42.7527400,11.1247580],[42.7519900,11.1243000],[42.7512920,11.1239310],[42.7499260,11.1234180],[42.7494990,11.1232410],[42.7493920,11.1231610],[42.7494440,11.1228230],[42.7494360,11.1225930],[42.7490940,11.1209680],[42.7492160,11.1208730],[42.7493270,11.1208030],[42.7496140,11.1206020],[42.7497570,11.1205100]],\r\n\t\t\t\t\tgraphDist          : [0.00,0.02,0.05,0.07,0.08,0.22,0.24,0.27,0.28,0.33,0.49,0.57,0.66,0.79,0.83,0.88,0.91,0.95,1.13,1.30,1.35,1.48,1.51,1.66,1.79,1.88,1.91,2.00,2.11,2.12,2.14,2.28,2.58,2.65,2.79,2.82,2.86,2.94,2.97,3.08,3.11,3.18,3.20,3.28,3.36,3.38,3.39,3.67,4.26,4.31,4.36,4.57,4.65,4.71,4.73,4.75,4.82,4.85,4.86,4.87,4.88,4.89,4.90,4.92,4.93,4.94,4.95,4.96,4.97,4.99,5.00,5.06,5.10,5.14,5.15,5.16,5.17,5.18,5.19,5.20,5.22,5.23,5.24,5.25,5.26,5.27,5.29,5.30,5.31,5.32,5.33,5.34,5.35,5.36,5.40,5.45,5.49,5.54,5.58,5.60,5.62,5.63,5.64,5.65,5.66,5.67,5.68,5.69,5.70,5.71,5.73,5.74,5.75,5.76,5.82,5.90,6.11,6.16,6.21,6.80,7.07,7.09,7.11,7.19,7.27,7.29,7.36,7.39,7.50,7.53,7.61,7.65,7.68,7.82,7.89,8.19,8.33,8.35,8.36,8.47,8.56,8.59,8.68,8.81,8.96,8.99,9.12,9.17,9.34,9.52,9.56,9.59,9.64,9.68,9.81,9.90,9.98,10.14,10.19,10.20,10.23,10.25,10.39,10.40,10.42,10.45,10.47],\r\n\t\t\t\t\tgraphEle           : [10.74,10.74,10.74,10.74,10.74,11.40,11.50,11.65,11.73,11.76,11.43,11.25,11.06,10.86,10.79,10.73,10.68,10.64,10.51,10.71,10.80,11.04,11.07,11.11,11.01,10.89,10.87,10.83,10.81,10.84,10.87,11.12,11.78,11.86,11.64,11.56,11.44,11.30,11.28,11.19,11.20,11.47,11.53,11.87,12.20,12.27,12.32,13.27,13.59,13.69,13.89,15.07,15.69,16.01,16.03,16.05,16.11,16.13,16.13,16.15,16.15,16.16,16.12,16.02,15.92,15.83,15.73,15.62,15.52,15.42,15.32,14.79,14.48,14.27,14.23,14.18,14.13,14.09,14.04,14.00,13.95,13.90,13.85,13.80,13.75,13.70,13.65,13.61,13.65,13.71,13.79,13.86,13.93,14.00,14.22,14.56,14.79,15.12,15.35,15.45,15.54,15.60,15.66,15.73,15.79,15.86,15.92,15.99,16.01,15.97,15.91,15.85,15.80,15.75,15.51,15.11,13.85,13.77,13.66,13.22,12.37,12.29,12.22,11.87,11.48,11.41,11.29,11.26,11.13,11.23,11.48,11.63,11.72,11.82,11.84,11.14,10.87,10.87,10.86,10.81,10.87,10.90,11.01,11.10,11.05,11.01,10.82,10.72,10.51,10.61,10.67,10.73,10.81,10.89,11.07,11.21,11.45,11.68,11.54,11.51,11.43,11.38,11.24,11.24,11.24,11.24,11.24],\r\n\t\t\t\t\tgraphSpeed         : [],\r\n\t\t\t\t\tgraphHr            : [],\r\n\t\t\t\t\tgraphAtemp         : [],\r\n\t\t\t\t\tgraphCad           : [],\r\n\t\t\t\t\tgraphGrade         : [],\r\n\t\t\t\t\twaypoints          : [],\r\n\t\t\t\t\tunit               : \"2\",\r\n\t\t\t\t\tunitspeed          : \"0\",\r\n\t\t\t\t\tcolor1             : [\"#3366cc\"],\r\n\t\t\t\t\tcolor2             : \"#3366cc\",\r\n\t\t\t\t\tcolor3             : \"#ff0000\",\r\n\t\t\t\t\tcolor4             : \"#ff77bd\",\r\n\t\t\t\t\tcolor5             : \"#beecff\",\r\n\t\t\t\t\tcolor6             : \"#beecff\",\r\n\t\t\t\t\tcolor7             : \"#ff77bd\",\r\n\t\t\t\t\tchartFrom1         : \"\",\r\n\t\t\t\t\tchartTo1           : \"\",\r\n\t\t\t\t\tchartFrom2         : \"\",\r\n\t\t\t\t\tchartTo2           : \"\",\r\n\t\t\t\t\tstartIcon          : \"\",\r\n\t\t\t\t\tendIcon            : \"\",\r\n\t\t\t\t\tcurrentIcon        : \"\",\r\n\t\t\t\t\twaypointIcon       : \"https:\/\/lavia.cc\/gpx\/wp-content\/uploads\/gpx\/cropped-icona.ico\",\r\n\t\t\t\t\tcurrentpositioncon : \"\",\r\n\t\t\t\t\tusegpsposition     : \"\",\r\n\t\t\t\t\tzoomOnScrollWheel  : \"\",\r\n\t\t\t\t\tngGalleries        : [],\r\n\t\t\t\t\tngImages           : [],\r\n\t\t\t\t\tpluginUrl          : \"https:\/\/lavia.cc\/gpx\/wp-content\/plugins\",\r\n\t\t\t\t\tTFApiKey           : \"\",\r\n\t\t\t\t\tMapBoxApiKey           : \"\",\r\n\t\t\t\t\tlangs              : {\r\n\t\t\t\t\t\taltitude        : \"Altitudine\",\r\n\t\t\t\t\t\tcurrentPosition : \"Current position\",\r\n\t\t\t\t\t\tspeed           : \"Velocit\u00e0\",\r\n\t\t\t\t\t\tgrade           : \"Grade\",\r\n\t\t\t\t\t\theartRate       : \"Battito Cardiaco\",\r\n\t\t\t\t\t\tatemp           : \"Temperature\",\r\n\t\t\t\t\t\tcadence         : \"Cadenza\",\r\n\t\t\t\t\t\tgoFullScreen    : \"Go full screen\",\r\n\t\t\t\t\t\texitFullFcreen  : \"Exit full screen\",\r\n\t\t\t\t\t\thideImages      : \"Hide images\",\r\n\t\t\t\t\t\tshowImages      : \"Show images\",\r\n\t\t\t\t\t\tbackToCenter\t: \"Ritorna al centro della mappa\"\r\n\t\t\t\t\t}\r\n\t\t\t\t});\r\n\r\n\t\t\t});\r\n\r\n\t\t<\/script>\n<p>\ud83d\udfe2 Segui\u00a0<strong><a href=\"https:\/\/www.instagram.com\/lavia.cc\/\" target=\"_blank\" rel=\"noopener\">LAVIA<\/a>,<\/strong>\u00a0arriva alla\u00a0<strong>META<\/strong>!<\/p>\n","protected":false},"excerpt":{"rendered":"<p><strong>\ud83d\udccd TRACCIA CARICATA DA:\u00a0<a href=\"https:\/\/lavia.cc\/gpx\/maremma-green-passion\/\" target=\"_blank\" rel=\"noopener\">MAREMMA GREEN PASSION<\/a><\/strong><\/p>\n<p>Questa settimana facciamo una passeggiata lungo il bellissimo percorso pedonale e ciclabile sull&#8217;argine del fiume Ombrone fino a San Martino. Andiamo a esplorare un luogo al margine della citt\u00e0 di Grosseto che \u00e8 stato determinante per la definizione dell&#8217;assetto attuale della campagna maremmana, ovvero il monumentale impianto di chiuse ottocentesco denominato Ponte Tura, oltre il quale si raggiunge la piramide e la diga della Steccaia. La dorsale della Steccaia fu realizzata per sbarrare il fiume regolando l&#8217;afflusso dell&#8217;acqua non solo per la difesa idraulica della piana dell&#8217;Ombrone, ma anche per la bonifica delle paludi dell&#8217;ex Lago Prile, alle quali giungeva attraverso il canale diversivo che arriva fino a Castiglione della Pescaia. Una volta concluse le operazioni di colmata, le cateratte di Ponte Tura furono murate, il canale interrato nel tratto urbano e il ponte definitivamente escluso dal passaggio dell&#8217;acqua. Da questo punto parte anche la canalizzazione che alimenta la centrale idroelettrica di San Martino, quindi insomma un nodo veramente importante per la citt\u00e0 di Grosseto, che \u00e8 strettamente collegata al fiume Ombrone, sua risorsa fondamentale nel passato e nel presente. La passeggiata consente di ammirare la golena del fiume coltivata da una parte e la citt\u00e0 di Grosseto dall&#8217;altra ed \u00e8 un luogo molto frequentato dagli appassionati delle attivit\u00e0 outdoor.<\/p>\n<p>\ud83c\udf89 W la Maremma idraulica!<\/p>\n<p>\ud83d\udfe2 Segui\u00a0<strong>LAVIA,<\/strong>\u00a0arriva alla\u00a0<strong>META<\/strong>!<\/p>\n","protected":false},"featured_media":16906,"comment_status":"open","ping_status":"closed","template":"","meta":[],"product_brand":[],"product_cat":[720,31],"product_tag":[880,126],"class_list":{"0":"post-10135","1":"product","2":"type-product","3":"status-publish","4":"has-post-thumbnail","6":"product_cat-dog-walking","7":"product_cat-escursionismo","8":"product_tag-grosseto","9":"product_tag-toscana","11":"first","12":"instock","13":"downloadable","14":"virtual","15":"product-type-simple"},"_links":{"self":[{"href":"https:\/\/lavia.cc\/gpx\/wp-json\/wp\/v2\/product\/10135","targetHints":{"allow":["GET"]}}],"collection":[{"href":"https:\/\/lavia.cc\/gpx\/wp-json\/wp\/v2\/product"}],"about":[{"href":"https:\/\/lavia.cc\/gpx\/wp-json\/wp\/v2\/types\/product"}],"replies":[{"embeddable":true,"href":"https:\/\/lavia.cc\/gpx\/wp-json\/wp\/v2\/comments?post=10135"}],"version-history":[{"count":3,"href":"https:\/\/lavia.cc\/gpx\/wp-json\/wp\/v2\/product\/10135\/revisions"}],"predecessor-version":[{"id":10144,"href":"https:\/\/lavia.cc\/gpx\/wp-json\/wp\/v2\/product\/10135\/revisions\/10144"}],"wp:featuredmedia":[{"embeddable":true,"href":"https:\/\/lavia.cc\/gpx\/wp-json\/wp\/v2\/media\/16906"}],"wp:attachment":[{"href":"https:\/\/lavia.cc\/gpx\/wp-json\/wp\/v2\/media?parent=10135"}],"wp:term":[{"taxonomy":"product_brand","embeddable":true,"href":"https:\/\/lavia.cc\/gpx\/wp-json\/wp\/v2\/product_brand?post=10135"},{"taxonomy":"product_cat","embeddable":true,"href":"https:\/\/lavia.cc\/gpx\/wp-json\/wp\/v2\/product_cat?post=10135"},{"taxonomy":"product_tag","embeddable":true,"href":"https:\/\/lavia.cc\/gpx\/wp-json\/wp\/v2\/product_tag?post=10135"}],"curies":[{"name":"wp","href":"https:\/\/api.w.org\/{rel}","templated":true}]}}