{"id":10487,"date":"2024-02-22T13:34:10","date_gmt":"2024-02-22T12:34:10","guid":{"rendered":"https:\/\/lavia.cc\/gpx\/?post_type=product&#038;p=10487"},"modified":"2025-05-07T20:24:13","modified_gmt":"2025-05-07T18:24:13","slug":"passeggiata-da-carbonifera-a-pratoranieri","status":"publish","type":"product","link":"https:\/\/lavia.cc\/gpx\/tracce\/passeggiata-da-carbonifera-a-pratoranieri\/","title":{"rendered":"Passeggiata rigenerante da Carbonifera a Pratoranieri, passando per Torre Mozza"},"content":{"rendered":"<h5>Passeggiata rigenerante da Carbonifera a Pratoranieri, passando per Torre Mozza<\/h5>\n<p>\u27a1\ufe0f Clicca qui per raggiungere il punto di partenza: <a href=\"https:\/\/www.google.com\/maps\/place\/Public+Parking+CARBONIFERA+2\/@42.9502098,10.6816489,17.25z\/data=!4m15!1m8!3m7!1s0x1329de5c8bb7fe79:0x549216d2f0bd9a97!2s57025+Carbonifera+LI!3b1!8m2!3d42.9528811!4d10.6826677!16s%2Fg%2F11b6ggq375!3m5!1s0x1329de5e9f606b5f:0xe25d07cca84adf80!8m2!3d42.9499191!4d10.6830256!16s%2Fg%2F11fy4n8kdl?authuser=0&amp;entry=ttu\" target=\"_blank\" rel=\"noopener\">GOOGLE MAPS<\/a> (Parcheggio pubblico Carbonifera 2)<\/p>\n<p>\ud83d\udd5c Periodo consigliato: tutto l\u2019anno<\/p>\n<p>\ud83d\uddfa\ufe0f Mappa e altimetria dell&#8217;escursione da <strong>Carbonifera<\/strong> a Pratoranieri:<\/p>\n\r\n\t\t<div id=\"wpgpxmaps_10487_336426\" class=\"wpgpxmaps\">\r\n\t\t\t<div id=\"map_10487_336426_cont\" style=\"width:100%; height:450px;position:relative\" >\r\n\t\t\t\t<div id=\"map_10487_336426\" style=\"width:100%; height:450px\"><\/div>\r\n\t\t\t\t<div id=\"wpgpxmaps_10487_336426_osm_footer\" class=\"wpgpxmaps_osm_footer\" style=\"display:none;\"><span> &copy; <a href=\"http:\/\/www.openstreetmap.org\/copyright\" target=\"_blank\" rel=\"noopener\">OpenStreetMap<\/a> contributors<\/span><\/div>\r\n\t\t\t<\/div>\r\n\t\t\t<canvas id=\"myChart_10487_336426\" class=\"plot\" style=\"width:100%; height:200px\"><\/canvas>\r\n\t\t\t<div id=\"ngimages_10487_336426\" class=\"ngimages\" style=\"display:none\"><\/div>\r\n\t\t\t<div id=\"report_10487_336426\" class=\"report\"><\/div>\r\n\t\t<\/div>\r\n\t\t\r\n\t\t<script type=\"text\/javascript\">\r\n\r\n\t\t\tjQuery(document).ready(function() {\r\n\r\n\t\t\t\tjQuery( \"#wpgpxmaps_10487_336426\" ).wpgpxmaps( {\r\n\t\t\t\t\ttargetId           : \"10487_336426\",\r\n\t\t\t\t\tmapType            : \"HYBRID\",\r\n\t\t\t\t\tmapData            : [[42.9490130,10.6827920],[42.9498230,10.6829440],[42.9499580,10.6828410],[42.9505760,10.6829330],[42.9505530,10.6830580],[42.9497280,10.6848450],[42.9492830,10.6858110],[42.9487500,10.6870400],[42.9478300,10.6889900],[42.9475300,10.6898000],[42.9469900,10.6916900],[42.9469560,10.6918720],[42.9469100,10.6921200],[42.9468200,10.6929800],[42.9467090,10.6944560],[42.9466840,10.6947540],[42.9466040,10.6957810],[42.9465430,10.6961430],[42.9453410,10.6995110],[42.9446750,10.7013600],[42.9444800,10.7018180],[42.9438310,10.7031470],[42.9434110,10.7040200],[42.9430790,10.7047220],[42.9430070,10.7049310],[42.9429650,10.7051210],[42.9427720,10.7062780],[42.9427390,10.7064780],[42.9426640,10.7069470],[42.9425520,10.7076410],[42.9425240,10.7078130],[42.9423820,10.7086910],[42.9422620,10.7094400],[42.9420960,10.7104370],[42.9420140,10.7108850],[42.9418500,10.7115290],[42.9416490,10.7121850],[42.9415440,10.7124540],[42.9412970,10.7129220],[42.9410540,10.7132930],[42.9409530,10.7134420],[42.9408510,10.7136200],[42.9407550,10.7136680],[42.9406390,10.7138450],[42.9405290,10.7137480],[42.9406390,10.7138450],[42.9406180,10.7139650],[42.9404070,10.7142930],[42.9403200,10.7143960],[42.9401080,10.7147050],[42.9397770,10.7151810],[42.9396890,10.7151740],[42.9396760,10.7145950],[42.9395980,10.7142040],[42.9394770,10.7141510],[42.9393630,10.7140710],[42.9391970,10.7140680],[42.9390530,10.7140410],[42.9391970,10.7140680],[42.9392840,10.7140290],[42.9393660,10.7140600],[42.9394210,10.7138620],[42.9393690,10.7137690],[42.9395700,10.7131080],[42.9397530,10.7124970],[42.9398120,10.7124050],[42.9398730,10.7123150],[42.9399330,10.7122220],[42.9399750,10.7121270],[42.9400300,10.7120150],[42.9400870,10.7119200],[42.9401680,10.7118500],[42.9402270,10.7117580],[42.9402770,10.7116420],[42.9403300,10.7115370],[42.9403850,10.7114380],[42.9404270,10.7113230],[42.9404600,10.7112050],[42.9404970,10.7110920],[42.9405270,10.7109650],[42.9405630,10.7108430],[42.9406000,10.7107300],[42.9406250,10.7106100],[42.9406550,10.7104830],[42.9407020,10.7103720],[42.9407370,10.7102520],[42.9407920,10.7101380],[42.9408320,10.7100100],[42.9408800,10.7098980],[42.9409200,10.7097850],[42.9409650,10.7096720],[42.9410130,10.7095550],[42.9410570,10.7094330],[42.9411050,10.7093150],[42.9411420,10.7091830],[42.9412810,10.7089260],[42.9414450,10.7082990],[42.9414870,10.7081970],[42.9415250,10.7080820],[42.9415630,10.7079680],[42.9416050,10.7078580],[42.9416380,10.7077420],[42.9416800,10.7076230],[42.9417130,10.7075070],[42.9417480,10.7073930],[42.9417920,10.7072770],[42.9418120,10.7071500],[42.9418470,10.7070380],[42.9418750,10.7069280],[42.9419120,10.7068120],[42.9419530,10.7066930],[42.9419880,10.7065870],[42.9420400,10.7064730],[42.9420930,10.7063570],[42.9420620,10.7062570],[42.9420470,10.7062150],[42.9420670,10.7060870],[42.9420830,10.7059580],[42.9420880,10.7058300],[42.9421030,10.7057080],[42.9421350,10.7055850],[42.9421820,10.7054680],[42.9422250,10.7053470],[42.9422720,10.7052250],[42.9423030,10.7050970],[42.9423280,10.7049750],[42.9423280,10.7048580],[42.9422550,10.7047800],[42.9422000,10.7047000],[42.9422120,10.7047350],[42.9423050,10.7047720],[42.9423880,10.7047120],[42.9424570,10.7046150],[42.9424930,10.7044920],[42.9425180,10.7043680],[42.9425450,10.7042480],[42.9425870,10.7041380],[42.9426150,10.7040100],[42.9426450,10.7038900],[42.9426780,10.7037680],[42.9427250,10.7036620],[42.9427720,10.7035420],[42.9428100,10.7034150],[42.9428380,10.7032880],[42.9428600,10.7031650],[42.9428570,10.7030430],[42.9428730,10.7029530],[42.9428870,10.7028280],[42.9428470,10.7027130],[42.9428150,10.7026620],[42.9428420,10.7027470],[42.9428770,10.7028820],[42.9428770,10.7030180],[42.9429120,10.7029950],[42.9429930,10.7029230],[42.9430500,10.7028180],[42.9431020,10.7027080],[42.9431600,10.7026120],[42.9432070,10.7025080],[42.9432430,10.7023850],[42.9432930,10.7022720],[42.9433420,10.7021680],[42.9433780,10.7020530],[42.9434250,10.7019480],[42.9434520,10.7018230],[42.9434880,10.7017070],[42.9435430,10.7016080],[42.9435730,10.7014880],[42.9436000,10.7013630],[42.9436350,10.7012380],[42.9436670,10.7011220],[42.9436980,10.7010080],[42.9437250,10.7008750],[42.9437570,10.7007550],[42.9437720,10.7007030],[42.9438400,10.7006000],[42.9438880,10.7004900],[42.9439500,10.7003920],[42.9439980,10.7002800],[42.9440620,10.7001800],[42.9441170,10.7000670],[42.9441630,10.6999500],[42.9442050,10.6998280],[42.9442370,10.6997030],[42.9442450,10.6995720],[42.9442600,10.6994400],[42.9442970,10.6993180],[42.9443470,10.6991980],[42.9443770,10.6990820],[42.9444080,10.6989650],[42.9444520,10.6988520],[42.9444850,10.6987200],[42.9445170,10.6986000],[42.9445530,10.6984750],[42.9446030,10.6983700],[42.9446550,10.6982730],[42.9447030,10.6981570],[42.9447400,10.6980420],[42.9447820,10.6979200],[42.9448220,10.6978050],[42.9448450,10.6976850],[42.9448770,10.6975670],[42.9449030,10.6974550],[42.9449500,10.6973480],[42.9449730,10.6972220],[42.9450100,10.6971070],[42.9450520,10.6969920],[42.9450900,10.6968720],[42.9451320,10.6967520],[42.9451570,10.6966300],[42.9451880,10.6965080],[42.9452380,10.6963950],[42.9452770,10.6962780],[42.9453080,10.6961580],[42.9453350,10.6960270],[42.9453520,10.6959050],[42.9453970,10.6958030],[42.9454350,10.6956780],[42.9454570,10.6955470],[42.9455030,10.6954300],[42.9455300,10.6953130],[42.9455380,10.6951900],[42.9455880,10.6950700],[42.9456320,10.6949580],[42.9456570,10.6948370],[42.9457330,10.6946280],[42.9457720,10.6945020],[42.9458170,10.6944060],[42.9458540,10.6942710],[42.9458420,10.6941460],[42.9457740,10.6941420],[42.9458190,10.6938030],[42.9458780,10.6934720],[42.9459370,10.6933700],[42.9459770,10.6933350],[42.9459320,10.6932720],[42.9458480,10.6932200],[42.9458370,10.6932250],[42.9459080,10.6931830],[42.9459780,10.6932850],[42.9460250,10.6933700],[42.9459970,10.6933220],[42.9459370,10.6932100],[42.9458930,10.6931000],[42.9459080,10.6929700],[42.9459380,10.6928480],[42.9459650,10.6927250],[42.9459780,10.6925970],[42.9459980,10.6924730],[42.9460300,10.6923550],[42.9460600,10.6922350],[42.9460870,10.6921050],[42.9461220,10.6919830],[42.9461670,10.6918720],[42.9462080,10.6917500],[42.9462300,10.6916200],[42.9462550,10.6915020],[42.9462770,10.6913780],[42.9462970,10.6912450],[42.9463200,10.6911100],[42.9463420,10.6909750],[42.9463730,10.6908420],[42.9464020,10.6907050],[42.9464120,10.6905830],[42.9464270,10.6904480],[42.9464480,10.6903220],[42.9464850,10.6902000],[42.9465330,10.6900880],[42.9465750,10.6899770],[42.9466120,10.6898630],[42.9466480,10.6897470],[42.9466780,10.6896230],[42.9467100,10.6895070],[42.9467420,10.6893920],[42.9467700,10.6892600],[42.9467920,10.6891400],[42.9468170,10.6890370],[42.9468400,10.6889070],[42.9468670,10.6887900],[42.9469070,10.6886720],[42.9469650,10.6885600],[42.9470170,10.6884430],[42.9470620,10.6883280],[42.9470980,10.6882070],[42.9471320,10.6880780],[42.9471600,10.6879580],[42.9471970,10.6878420],[42.9472200,10.6877100],[42.9472550,10.6875930],[42.9472700,10.6874620],[42.9472850,10.6873270],[42.9473050,10.6871870],[42.9473370,10.6870720],[42.9473680,10.6869480],[42.9473880,10.6868150],[42.9473950,10.6866920],[42.9474100,10.6865680],[42.9474030,10.6864430],[42.9474100,10.6863150],[42.9474570,10.6861920],[42.9475000,10.6860820],[42.9475480,10.6859730],[42.9476000,10.6858620],[42.9476370,10.6857420],[42.9476820,10.6856300],[42.9477760,10.6856260],[42.9478750,10.6854250],[42.9479910,10.6848970],[42.9478600,10.6846770],[42.9478780,10.6845450],[42.9478970,10.6844170],[42.9479180,10.6842900],[42.9479430,10.6841630],[42.9479750,10.6840300],[42.9480000,10.6839030],[42.9480120,10.6837720],[42.9480320,10.6836370],[42.9480750,10.6835130],[42.9480850,10.6833880],[42.9480950,10.6832570],[42.9481120,10.6831220],[42.9481150,10.6829870],[42.9481170,10.6828550],[42.9481180,10.6827300],[42.9481550,10.6826100],[42.9482150,10.6825520],[42.9483000,10.6825720],[42.9483970,10.6825930],[42.9484900,10.6825680],[42.9485750,10.6825400],[42.9488030,10.6825630],[42.9489270,10.6825680],[42.9489720,10.6822520],[42.9490280,10.6819450],[42.9490170,10.6818140],[42.9489050,10.6816650],[42.9487410,10.6814270],[42.9488710,10.6815790],[42.9490170,10.6818140],[42.9490280,10.6819450],[42.9489720,10.6822520],[42.9489270,10.6825680],[42.9488030,10.6825630],[42.9488410,10.6827600],[42.9490130,10.6827920]],\r\n\t\t\t\t\tgraphDist          : [0.00,0.09,0.11,0.18,0.19,0.36,0.46,0.57,0.76,0.83,1.00,1.01,1.04,1.11,1.23,1.25,1.34,1.37,1.67,1.84,1.88,2.01,2.10,2.16,2.18,2.20,2.30,2.31,2.35,2.41,2.42,2.50,2.56,2.64,2.68,2.74,2.79,2.82,2.87,2.91,2.92,2.94,2.95,2.97,2.99,3.00,3.01,3.05,3.06,3.09,3.15,3.16,3.21,3.24,3.26,3.27,3.29,3.31,3.32,3.33,3.34,3.36,3.37,3.43,3.49,3.50,3.51,3.52,3.53,3.54,3.55,3.56,3.57,3.58,3.59,3.60,3.61,3.62,3.63,3.64,3.65,3.66,3.67,3.69,3.70,3.71,3.72,3.73,3.74,3.75,3.76,3.77,3.78,3.79,3.80,3.83,3.89,3.90,3.91,3.92,3.93,3.94,3.95,3.96,3.97,3.98,3.99,4.00,4.01,4.02,4.04,4.05,4.06,4.07,4.08,4.09,4.10,4.11,4.12,4.13,4.14,4.15,4.16,4.17,4.19,4.20,4.21,4.22,4.23,4.24,4.25,4.26,4.27,4.28,4.29,4.30,4.31,4.32,4.33,4.34,4.35,4.37,4.38,4.39,4.40,4.41,4.42,4.43,4.44,4.45,4.46,4.47,4.48,4.50,4.51,4.52,4.53,4.54,4.55,4.56,4.57,4.58,4.59,4.60,4.61,4.62,4.63,4.64,4.66,4.67,4.68,4.69,4.70,4.71,4.72,4.73,4.74,4.75,4.76,4.77,4.78,4.80,4.81,4.82,4.83,4.84,4.85,4.86,4.87,4.88,4.89,4.90,4.91,4.93,4.94,4.95,4.96,4.97,4.98,4.99,5.00,5.01,5.02,5.03,5.04,5.05,5.06,5.07,5.08,5.09,5.11,5.12,5.13,5.14,5.15,5.16,5.17,5.18,5.19,5.20,5.21,5.22,5.23,5.24,5.25,5.27,5.29,5.30,5.31,5.32,5.33,5.36,5.39,5.40,5.41,5.42,5.43,5.44,5.45,5.46,5.48,5.49,5.50,5.51,5.52,5.53,5.54,5.55,5.56,5.57,5.58,5.59,5.60,5.61,5.62,5.64,5.65,5.66,5.67,5.68,5.69,5.70,5.71,5.72,5.73,5.74,5.76,5.77,5.78,5.79,5.80,5.81,5.82,5.83,5.84,5.85,5.86,5.87,5.88,5.89,5.90,5.91,5.92,5.94,5.95,5.96,5.97,5.98,5.99,6.00,6.01,6.02,6.03,6.04,6.05,6.06,6.08,6.09,6.10,6.11,6.12,6.13,6.14,6.15,6.16,6.18,6.20,6.24,6.27,6.28,6.29,6.30,6.31,6.32,6.33,6.34,6.36,6.37,6.38,6.39,6.40,6.41,6.42,6.43,6.44,6.45,6.46,6.47,6.49,6.50,6.52,6.54,6.56,6.59,6.60,6.62,6.64,6.66,6.69,6.70,6.72,6.75,6.76,6.78,6.80],\r\n\t\t\t\t\tgraphEle           : [-0.23,-0.23,-0.23,-0.28,-0.29,-0.31,-0.25,-0.13,0.07,0.12,0.09,0.08,0.06,0.02,0.07,0.09,0.33,0.52,2.44,2.82,2.88,3.23,3.48,3.30,3.25,3.20,2.92,2.90,2.86,2.80,2.79,2.71,2.95,3.27,3.42,3.44,3.35,3.32,3.25,3.17,3.08,2.99,2.93,2.83,2.76,2.68,2.63,2.45,2.39,2.21,1.87,1.77,1.45,1.24,1.14,1.05,0.92,0.84,0.78,0.74,0.71,0.65,0.60,0.39,0.20,0.16,0.15,0.15,0.15,0.14,0.14,0.14,0.14,0.13,0.13,0.13,0.13,0.12,0.12,0.12,0.12,0.11,0.11,0.11,0.11,0.10,0.10,0.10,0.10,0.10,0.10,0.10,0.10,0.10,0.10,0.10,0.10,0.10,0.10,0.11,0.11,0.11,0.12,0.12,0.13,0.13,0.13,0.14,0.14,0.14,0.15,0.15,0.15,0.16,0.16,0.17,0.17,0.17,0.17,0.17,0.17,0.17,0.17,0.18,0.18,0.18,0.18,0.18,0.18,0.18,0.18,0.18,0.18,0.18,0.19,0.19,0.19,0.19,0.19,0.19,0.19,0.19,0.19,0.19,0.19,0.19,0.19,0.20,0.20,0.20,0.20,0.20,0.20,0.20,0.20,0.20,0.20,0.20,0.20,0.20,0.20,0.20,0.20,0.20,0.21,0.21,0.21,0.21,0.21,0.21,0.21,0.21,0.21,0.21,0.20,0.20,0.19,0.19,0.18,0.18,0.17,0.17,0.17,0.16,0.16,0.15,0.15,0.14,0.14,0.13,0.13,0.13,0.12,0.12,0.11,0.11,0.10,0.10,0.10,0.09,0.09,0.08,0.08,0.08,0.07,0.07,0.06,0.06,0.05,0.05,0.05,0.04,0.04,0.04,0.04,0.03,0.03,0.03,0.03,0.02,0.02,0.02,0.02,0.01,0.01,0.01,0.00,0.00,0.00,0.00,0.00,0.00,0.00,0.00,0.00,0.00,0.00,0.00,0.00,0.00,0.00,0.00,0.00,0.00,0.00,0.00,0.00,0.00,0.00,0.00,0.00,0.00,0.00,0.00,0.00,0.00,0.00,0.00,0.00,0.00,0.00,0.00,0.00,0.00,0.00,0.00,0.00,0.00,0.00,0.00,0.00,0.00,0.00,0.00,0.00,0.00,0.00,0.00,0.00,0.00,0.00,0.01,0.01,0.01,0.02,0.02,0.03,0.03,0.03,0.04,0.04,0.05,0.05,0.05,0.06,0.06,0.06,0.07,0.07,0.07,0.07,0.07,0.06,0.06,0.06,0.06,0.05,0.04,0.04,0.03,0.03,0.03,0.04,0.04,0.05,0.06,0.07,0.07,0.08,0.09,0.09,0.10,0.11,0.11,0.12,0.13,0.13,0.14,0.15,0.15,0.17,0.18,0.20,0.21,0.22,0.23,0.25,0.26,0.28,0.29,0.29,0.29,0.29,0.29,0.29],\r\n\t\t\t\t\tgraphSpeed         : [],\r\n\t\t\t\t\tgraphHr            : [],\r\n\t\t\t\t\tgraphAtemp         : [],\r\n\t\t\t\t\tgraphCad           : [],\r\n\t\t\t\t\tgraphGrade         : [],\r\n\t\t\t\t\twaypoints          : [],\r\n\t\t\t\t\tunit               : \"2\",\r\n\t\t\t\t\tunitspeed          : \"0\",\r\n\t\t\t\t\tcolor1             : [\"#3366cc\"],\r\n\t\t\t\t\tcolor2             : \"#3366cc\",\r\n\t\t\t\t\tcolor3             : \"#ff0000\",\r\n\t\t\t\t\tcolor4             : \"#ff77bd\",\r\n\t\t\t\t\tcolor5             : \"#beecff\",\r\n\t\t\t\t\tcolor6             : \"#beecff\",\r\n\t\t\t\t\tcolor7             : \"#ff77bd\",\r\n\t\t\t\t\tchartFrom1         : \"\",\r\n\t\t\t\t\tchartTo1           : \"\",\r\n\t\t\t\t\tchartFrom2         : \"\",\r\n\t\t\t\t\tchartTo2           : \"\",\r\n\t\t\t\t\tstartIcon          : \"\",\r\n\t\t\t\t\tendIcon            : \"\",\r\n\t\t\t\t\tcurrentIcon        : \"\",\r\n\t\t\t\t\twaypointIcon       : \"https:\/\/lavia.cc\/gpx\/wp-content\/uploads\/gpx\/cropped-icona.ico\",\r\n\t\t\t\t\tcurrentpositioncon : \"\",\r\n\t\t\t\t\tusegpsposition     : \"\",\r\n\t\t\t\t\tzoomOnScrollWheel  : \"\",\r\n\t\t\t\t\tngGalleries        : [],\r\n\t\t\t\t\tngImages           : [],\r\n\t\t\t\t\tpluginUrl          : \"https:\/\/lavia.cc\/gpx\/wp-content\/plugins\",\r\n\t\t\t\t\tTFApiKey           : \"\",\r\n\t\t\t\t\tMapBoxApiKey           : \"\",\r\n\t\t\t\t\tlangs              : {\r\n\t\t\t\t\t\taltitude        : \"Altitudine\",\r\n\t\t\t\t\t\tcurrentPosition : \"Current position\",\r\n\t\t\t\t\t\tspeed           : \"Velocit\u00e0\",\r\n\t\t\t\t\t\tgrade           : \"Grade\",\r\n\t\t\t\t\t\theartRate       : \"Battito Cardiaco\",\r\n\t\t\t\t\t\tatemp           : \"Temperature\",\r\n\t\t\t\t\t\tcadence         : \"Cadenza\",\r\n\t\t\t\t\t\tgoFullScreen    : \"Go full screen\",\r\n\t\t\t\t\t\texitFullFcreen  : \"Exit full screen\",\r\n\t\t\t\t\t\thideImages      : \"Hide images\",\r\n\t\t\t\t\t\tshowImages      : \"Show images\",\r\n\t\t\t\t\t\tbackToCenter\t: \"Ritorna al centro della mappa\"\r\n\t\t\t\t\t}\r\n\t\t\t\t});\r\n\r\n\t\t\t});\r\n\r\n\t\t<\/script>\n<p>\ud83d\udfe2 Segui\u00a0<strong><a href=\"https:\/\/www.instagram.com\/lavia.cc\/\" target=\"_blank\" rel=\"noopener\">LAVIA<\/a>,<\/strong>\u00a0arriva alla\u00a0<strong>META<\/strong>!<\/p>\n","protected":false},"excerpt":{"rendered":"<p><strong>\ud83d\udccd TRACCIA CARICATA DA:\u00a0<a href=\"https:\/\/lavia.cc\/gpx\/maremma-green-passion\/\" target=\"_blank\" rel=\"noopener\">MAREMMA GREEN PASSION<\/a><\/strong><\/p>\n<p>L\u2019idea di questo percorso \u00e8 nata dalla voglia di creare un collegamento fra Piombino e Follonica, che, anche se separate da confini amministrativi, condividono l\u2019affaccio su un golfo che, per paesaggio, ecosistema e biodiversit\u00e0, \u00e8 senza soluzione di continuit\u00e0. Il percorso parte da Carbonifera, ottocentesco scalo commerciale in cui arrivava la ferrovia che dalle miniere portava sul mare il carbone, lungo il Fosso Cervia, per proseguire verso l\u2019estremit\u00e0 meridionale del parco costiero della Sterpaia, in direzione di Follonica, circoscrivendo il sistema dunale ricoperto dalla vegetazione mediterranea e dalla pineta fino alla foce del fosso. Qui avviene il passaggio a mare nei pressi della Lega Navale Italiana di Follonica, per tornare verso la splendida fortificazione di Torre Mozza che, prima ha fatto parte dei presidi del Granducato di Toscana contro le invasioni dei Saraceni, poi \u00e8 stata utilizzata per l\u2019avvistamento delle navi di minerali provenienti dall\u2019Elba e infine \u00e8 diventata un relais di lusso con terrazzo vista mare! Rientrando al tramonto, si pu\u00f2 godere di un cielo spettacolare cui fa da orizzonte l\u2019Elba, regina delle isole dell\u2019arcipelago toscano!<\/p>\n<p>\ud83c\udf89 W LA MAREMMA DUNALE!<\/p>\n<p>\ud83d\udcf7 Durante l\u2019escursione cerca l\u2019<a href=\"https:\/\/lavia.cc\/gpx\/mappa-degli-adesivi-lavia\/\" target=\"_blank\" rel=\"noopener\">adesivo LAVIA<\/a>. Se lo trovi fai una foto e taggaci in una storia su Instagram!<\/p>\n<p>\ud83d\udfe2 Segui\u00a0<strong>LAVIA,<\/strong>\u00a0arriva alla\u00a0<strong>META<\/strong>!<\/p>\n","protected":false},"featured_media":10488,"comment_status":"open","ping_status":"closed","template":"","meta":[],"product_brand":[],"product_cat":[31,720],"product_tag":[880,721,1352,126],"class_list":{"0":"post-10487","1":"product","2":"type-product","3":"status-publish","4":"has-post-thumbnail","6":"product_cat-escursionismo","7":"product_cat-dog-walking","8":"product_tag-grosseto","9":"product_tag-livorno","10":"product_tag-piombino","11":"product_tag-toscana","13":"first","14":"instock","15":"downloadable","16":"virtual","17":"product-type-simple"},"_links":{"self":[{"href":"https:\/\/lavia.cc\/gpx\/wp-json\/wp\/v2\/product\/10487","targetHints":{"allow":["GET"]}}],"collection":[{"href":"https:\/\/lavia.cc\/gpx\/wp-json\/wp\/v2\/product"}],"about":[{"href":"https:\/\/lavia.cc\/gpx\/wp-json\/wp\/v2\/types\/product"}],"replies":[{"embeddable":true,"href":"https:\/\/lavia.cc\/gpx\/wp-json\/wp\/v2\/comments?post=10487"}],"version-history":[{"count":4,"href":"https:\/\/lavia.cc\/gpx\/wp-json\/wp\/v2\/product\/10487\/revisions"}],"predecessor-version":[{"id":22424,"href":"https:\/\/lavia.cc\/gpx\/wp-json\/wp\/v2\/product\/10487\/revisions\/22424"}],"wp:featuredmedia":[{"embeddable":true,"href":"https:\/\/lavia.cc\/gpx\/wp-json\/wp\/v2\/media\/10488"}],"wp:attachment":[{"href":"https:\/\/lavia.cc\/gpx\/wp-json\/wp\/v2\/media?parent=10487"}],"wp:term":[{"taxonomy":"product_brand","embeddable":true,"href":"https:\/\/lavia.cc\/gpx\/wp-json\/wp\/v2\/product_brand?post=10487"},{"taxonomy":"product_cat","embeddable":true,"href":"https:\/\/lavia.cc\/gpx\/wp-json\/wp\/v2\/product_cat?post=10487"},{"taxonomy":"product_tag","embeddable":true,"href":"https:\/\/lavia.cc\/gpx\/wp-json\/wp\/v2\/product_tag?post=10487"}],"curies":[{"name":"wp","href":"https:\/\/api.w.org\/{rel}","templated":true}]}}