{"id":10688,"date":"2024-02-28T17:34:55","date_gmt":"2024-02-28T16:34:55","guid":{"rendered":"https:\/\/lavia.cc\/gpx\/?post_type=product&#038;p=10688"},"modified":"2025-04-22T19:56:05","modified_gmt":"2025-04-22T17:56:05","slug":"la-faggeta-unesco-del-monte-cimino","status":"publish","type":"product","link":"https:\/\/lavia.cc\/gpx\/tracce\/la-faggeta-unesco-del-monte-cimino\/","title":{"rendered":"La faggeta Unesco del Monte Cimino con Nomos Trek"},"content":{"rendered":"<h4>La faggeta Unesco del Monte Cimino con Nomos Trek<\/h4>\n<p>\ud83d\udccd APPUNTAMENTO: a Soriano nel Cimino h 9.15 bar Centrale p.zza Vittorio Emanuele II. Potete parcheggiare in via della stazione(<a href=\"https:\/\/maps.app.goo.gl\/k6ZqfbckDrFtMKQdA\" target=\"_blank\" rel=\"noopener noreferrer\" data-saferedirecturl=\"https:\/\/www.google.com\/url?q=https:\/\/maps.app.goo.gl\/k6ZqfbckDrFtMKQdA&amp;source=gmail&amp;ust=1709222917889000&amp;usg=AOvVaw3H29P7rEguUka9i4zjnJsM\">https:\/\/maps.app.goo.gl\/k6Zq<wbr \/>fbckDrFtMKQdA<\/a>) e poi salire al bar<\/p>\n<p>\ud83d\udccd COSA PORTARE: scarponcini da trekking; giacca antivento; vestirsi a strati; acqua a sufficienza e pranzo al sacco.. il caff\u00e8 e i dolcetti li offriamo noi.<\/p>\n<p>\ud83d\udccd QUOTA DI PARTECIPAZIONE: 15\u20ac &#8211; Trek riservato ai soci Ass. Nomos Trek in regola con il tesseramento<br \/>\nPer i non tesserati inviare comunicazione via tel\/sms etc&#8230; con i propri dati (luogo e data di nascita) entro le 18 del giorno precedente l&#8217;escursione al seguente numero 3478247257. Le Guide si riservano il diritto insindacabile di modificare il programma stabilito in caso di condizioni meteorologiche avverse tali da rendere pericoloso l\u2019itinerario, in caso di impraticabilit\u00e0 di un sentiero, in caso di impossibilit\u00e0 di un partecipante a continuare l\u2019escursione.<\/p>\n<p>\ud83d\udccdSi prega inoltre di avvertire gli accompagnatori della presenza di eventuali patologie, o di problematiche che potrebbero manifestarsi nel corso dell\u2019escursione, grazie per la collaborazione<\/p>\n<p>\ud83d\udccd INFORMAZIONI e PRENOTAZIONI: (preferibilmente Whatsapp)<br \/>\n<a href=\"https:\/\/lavia.cc\/gpx\/marco-marini-guida-escursionistica-roma\/\" target=\"_blank\" rel=\"noopener\">Marco Marini<\/a><br \/>\nGuida Ambientale escursionistica<br \/>\nCell 3478247257<\/p>\n<p>\ud83d\uddfa\ufe0f Mappa e altimetria dell&#8217;itinerario mella faggeta Unesco del <strong>Monte Cimino<\/strong>:<\/p>\n\r\n\t\t<div id=\"wpgpxmaps_10688_1279006\" class=\"wpgpxmaps\">\r\n\t\t\t<div id=\"map_10688_1279006_cont\" style=\"width:100%; height:450px;position:relative\" >\r\n\t\t\t\t<div id=\"map_10688_1279006\" style=\"width:100%; height:450px\"><\/div>\r\n\t\t\t\t<div id=\"wpgpxmaps_10688_1279006_osm_footer\" class=\"wpgpxmaps_osm_footer\" style=\"display:none;\"><span> &copy; <a href=\"http:\/\/www.openstreetmap.org\/copyright\" target=\"_blank\" rel=\"noopener\">OpenStreetMap<\/a> contributors<\/span><\/div>\r\n\t\t\t<\/div>\r\n\t\t\t<canvas id=\"myChart_10688_1279006\" class=\"plot\" style=\"width:100%; height:200px\"><\/canvas>\r\n\t\t\t<div id=\"ngimages_10688_1279006\" class=\"ngimages\" style=\"display:none\"><\/div>\r\n\t\t\t<div id=\"report_10688_1279006\" class=\"report\"><\/div>\r\n\t\t<\/div>\r\n\t\t\r\n\t\t<script type=\"text\/javascript\">\r\n\r\n\t\t\tjQuery(document).ready(function() {\r\n\r\n\t\t\t\tjQuery( \"#wpgpxmaps_10688_1279006\" ).wpgpxmaps( {\r\n\t\t\t\t\ttargetId           : \"10688_1279006\",\r\n\t\t\t\t\tmapType            : \"HYBRID\",\r\n\t\t\t\t\tmapData            : [[42.4186540,12.2304780],[42.4185820,12.2303790],[42.4180670,12.2296670],[42.4179240,12.2294980],[42.4177830,12.2294360],[42.4179240,12.2294980],[42.4178240,12.2292810],[42.4178050,12.2291210],[42.4178750,12.2289750],[42.4180520,12.2286590],[42.4183130,12.2285930],[42.4184820,12.2284970],[42.4188730,12.2280970],[42.4190300,12.2280700],[42.4193030,12.2282300],[42.4194750,12.2283940],[42.4197310,12.2287080],[42.4198930,12.2288200],[42.4201610,12.2288870],[42.4202540,12.2288580],[42.4204400,12.2287720],[42.4206450,12.2286180],[42.4206410,12.2283810],[42.4202960,12.2274040],[42.4201840,12.2271770],[42.4199680,12.2269890],[42.4198200,12.2268180],[42.4191630,12.2258100],[42.4185750,12.2252330],[42.4179170,12.2250400],[42.4176780,12.2248570],[42.4174540,12.2246140],[42.4172500,12.2242290],[42.4172110,12.2240470],[42.4169800,12.2233240],[42.4169670,12.2231510],[42.4170130,12.2229200],[42.4170860,12.2227770],[42.4171870,12.2227170],[42.4172640,12.2226270],[42.4173410,12.2224220],[42.4173680,12.2222700],[42.4173080,12.2219320],[42.4173250,12.2217940],[42.4175690,12.2213110],[42.4176230,12.2210960],[42.4176650,12.2209480],[42.4172680,12.2203130],[42.4168710,12.2196790],[42.4176630,12.2191450],[42.4176030,12.2190550],[42.4176900,12.2192220],[42.4177540,12.2189940],[42.4176180,12.2190490],[42.4177900,12.2189940],[42.4176270,12.2191710],[42.4177140,12.2189550],[42.4181980,12.2187420],[42.4181700,12.2185850],[42.4184170,12.2186830],[42.4181810,12.2185930],[42.4181040,12.2187950],[42.4186270,12.2183370],[42.4180370,12.2190710],[42.4182950,12.2188420],[42.4182230,12.2189730],[42.4181180,12.2179830],[42.4179860,12.2179140],[42.4179450,12.2180310],[42.4179700,12.2179110],[42.4179120,12.2180770],[42.4179900,12.2178490],[42.4181680,12.2179360],[42.4180430,12.2173180],[42.4183070,12.2165520],[42.4182120,12.2163920],[42.4183770,12.2161610],[42.4187260,12.2160780],[42.4191220,12.2162260],[42.4194320,12.2160250],[42.4194170,12.2162590],[42.4196310,12.2163630],[42.4196240,12.2165670],[42.4198640,12.2166780],[42.4199060,12.2165180],[42.4199680,12.2167320],[42.4201460,12.2168020],[42.4203990,12.2166300],[42.4203310,12.2163680],[42.4204650,12.2164150],[42.4203430,12.2161730],[42.4205960,12.2157710],[42.4204880,12.2157430],[42.4205350,12.2148160],[42.4207390,12.2145440],[42.4207630,12.2143040],[42.4207630,12.2139690],[42.4208560,12.2138150],[42.4207050,12.2136140],[42.4207830,12.2133890],[42.4207960,12.2132660],[42.4207770,12.2130290],[42.4208080,12.2129100],[42.4207440,12.2127120],[42.4206190,12.2125110],[42.4205890,12.2123320],[42.4205170,12.2121570],[42.4205820,12.2120400],[42.4205440,12.2118240],[42.4206110,12.2116070],[42.4206660,12.2112100],[42.4207660,12.2110010],[42.4207160,12.2105000],[42.4205750,12.2102220],[42.4205110,12.2100640],[42.4203780,12.2098990],[42.4202820,12.2097510],[42.4201290,12.2094880],[42.4201390,12.2093070],[42.4203100,12.2089750],[42.4203660,12.2088150],[42.4203090,12.2086470],[42.4203780,12.2083670],[42.4204480,12.2082650],[42.4203860,12.2081320],[42.4204580,12.2081000],[42.4205550,12.2080660],[42.4205470,12.2078940],[42.4206230,12.2077880],[42.4206610,12.2076590],[42.4207570,12.2075540],[42.4209850,12.2072730],[42.4209740,12.2068000],[42.4210340,12.2066560],[42.4210740,12.2060680],[42.4211530,12.2058730],[42.4213380,12.2056820],[42.4214540,12.2054950],[42.4216800,12.2055050],[42.4218580,12.2052220],[42.4220350,12.2048640],[42.4221090,12.2045490],[42.4221310,12.2042540],[42.4220210,12.2036250],[42.4220270,12.2032500],[42.4220480,12.2029860],[42.4221680,12.2026600],[42.4222430,12.2020400],[42.4221100,12.2018590],[42.4219550,12.2017940],[42.4217730,12.2016200],[42.4215800,12.2015640],[42.4214130,12.2015550],[42.4208530,12.2013060],[42.4208600,12.2014330],[42.4207640,12.2015690],[42.4206920,12.2016830],[42.4204550,12.2016910],[42.4203570,12.2017840],[42.4203860,12.2019080],[42.4201800,12.2020140],[42.4200390,12.2022380],[42.4199210,12.2022440],[42.4197980,12.2022520],[42.4196340,12.2024040],[42.4195470,12.2023470],[42.4194580,12.2023390],[42.4193130,12.2025570],[42.4193000,12.2026280],[42.4192450,12.2027860],[42.4191660,12.2028680],[42.4190080,12.2029490],[42.4190910,12.2030140],[42.4190220,12.2031020],[42.4188910,12.2030300],[42.4188360,12.2031640],[42.4189120,12.2032780],[42.4188160,12.2033030],[42.4186660,12.2033900],[42.4186360,12.2035160],[42.4185840,12.2036020],[42.4184610,12.2036970],[42.4184910,12.2038560],[42.4183800,12.2038110],[42.4182670,12.2038740],[42.4181370,12.2038600],[42.4179040,12.2037150],[42.4177360,12.2035890],[42.4175330,12.2035450],[42.4174160,12.2035870],[42.4174400,12.2036540],[42.4173440,12.2036790],[42.4172120,12.2038130],[42.4170510,12.2039780],[42.4169600,12.2039760],[42.4167630,12.2040690],[42.4166150,12.2041400],[42.4164380,12.2043520],[42.4163490,12.2044350],[42.4161690,12.2045270],[42.4160140,12.2044570],[42.4160380,12.2041140],[42.4156650,12.2029770],[42.4154520,12.2024850],[42.4153330,12.2016920],[42.4154040,12.2014570],[42.4155770,12.2011630],[42.4156310,12.2010280],[42.4155930,12.2004340],[42.4154390,12.1998790],[42.4152250,12.1994620],[42.4151860,12.1991110],[42.4150840,12.1990410],[42.4147610,12.1985100],[42.4146700,12.1982080],[42.4144980,12.1978830],[42.4144140,12.1977960],[42.4141870,12.1974150],[42.4140880,12.1973840],[42.4139980,12.1972890],[42.4139340,12.1969500],[42.4137800,12.1967770],[42.4137610,12.1966040],[42.4136640,12.1963780],[42.4134310,12.1961930],[42.4129710,12.1959220],[42.4128120,12.1957770],[42.4126890,12.1957510],[42.4125040,12.1955920],[42.4123260,12.1955180],[42.4120060,12.1955280],[42.4119180,12.1956670],[42.4115060,12.1961300],[42.4114330,12.1962130],[42.4113450,12.1963700],[42.4112300,12.1966820],[42.4110760,12.1968620],[42.4109930,12.1970420],[42.4109780,12.1972220],[42.4109830,12.1974570],[42.4109900,12.1977590],[42.4109690,12.1979470],[42.4110510,12.1983110],[42.4110600,12.1985890],[42.4110110,12.1987660],[42.4109940,12.1990340],[42.4108520,12.1991440],[42.4108110,12.1993330],[42.4106300,12.1995770],[42.4105410,12.1997510],[42.4104280,12.1999720],[42.4103750,12.2001250],[42.4101250,12.2003340],[42.4100660,12.2007510],[42.4100610,12.2008990],[42.4101700,12.2009800],[42.4102540,12.2010610],[42.4102420,12.2012150],[42.4103300,12.2013820],[42.4106410,12.2015280],[42.4107440,12.2015900],[42.4106240,12.2017640],[42.4105850,12.2020000],[42.4103810,12.2022920],[42.4103170,12.2024200],[42.4102040,12.2028110],[42.4101370,12.2028980],[42.4102280,12.2030850],[42.4102600,12.2033020],[42.4103860,12.2032970],[42.4103920,12.2030840],[42.4104920,12.2030440],[42.4106000,12.2029460],[42.4108400,12.2032700],[42.4108800,12.2034530],[42.4109430,12.2036100],[42.4110890,12.2037450],[42.4111640,12.2039020],[42.4112510,12.2040820],[42.4114170,12.2041440],[42.4115310,12.2042330],[42.4117290,12.2042460],[42.4118690,12.2042890],[42.4120950,12.2045920],[42.4122620,12.2046970],[42.4124310,12.2046550],[42.4125160,12.2045150],[42.4127520,12.2047500],[42.4129400,12.2047630],[42.4129750,12.2049170],[42.4131520,12.2050600],[42.4131740,12.2052720],[42.4133600,12.2054400],[42.4136150,12.2056400],[42.4138570,12.2059910],[42.4141310,12.2062730],[42.4142040,12.2065040],[42.4143150,12.2066340],[42.4144630,12.2066700],[42.4145280,12.2067610],[42.4146330,12.2067970],[42.4147560,12.2069180],[42.4149070,12.2071350],[42.4148700,12.2073130],[42.4149730,12.2073950],[42.4149920,12.2075680],[42.4151110,12.2076540],[42.4151380,12.2078460],[42.4150840,12.2080190],[42.4151890,12.2080980],[42.4152880,12.2082380],[42.4152560,12.2083720],[42.4153970,12.2085120],[42.4154870,12.2086100],[42.4154600,12.2087920],[42.4153590,12.2088960],[42.4155260,12.2090280],[42.4154830,12.2092490],[42.4155370,12.2093660],[42.4155670,12.2094910],[42.4156500,12.2095920],[42.4155870,12.2097660],[42.4157530,12.2100030],[42.4157330,12.2101230],[42.4158970,12.2101370],[42.4159800,12.2102160],[42.4160450,12.2103760],[42.4161620,12.2104660],[42.4162440,12.2105600],[42.4163170,12.2105910],[42.4164470,12.2106350],[42.4165360,12.2107360],[42.4166500,12.2107580],[42.4168160,12.2108590],[42.4168590,12.2109940],[42.4170360,12.2105220],[42.4171320,12.2105660],[42.4172550,12.2107300],[42.4174100,12.2115140],[42.4173200,12.2119420],[42.4174180,12.2122530],[42.4172240,12.2123850],[42.4172890,12.2125520],[42.4172650,12.2123850],[42.4174150,12.2123640],[42.4174000,12.2112340],[42.4170900,12.2105220],[42.4169440,12.2110300],[42.4168590,12.2109940],[42.4168160,12.2108590],[42.4166500,12.2107580],[42.4165360,12.2107360],[42.4164470,12.2106350],[42.4163170,12.2105910],[42.4162440,12.2105600],[42.4161620,12.2104660],[42.4160450,12.2103760],[42.4159800,12.2102160],[42.4158970,12.2101540],[42.4157960,12.2104130],[42.4155940,12.2104360],[42.4154920,12.2103360],[42.4151630,12.2098900],[42.4148420,12.2095850],[42.4147500,12.2095510],[42.4146470,12.2094920],[42.4144070,12.2094970],[42.4142380,12.2095750],[42.4140720,12.2096520],[42.4137430,12.2099200],[42.4134870,12.2106410],[42.4133840,12.2107670],[42.4133480,12.2109570],[42.4134540,12.2111080],[42.4136340,12.2112460],[42.4137950,12.2113220],[42.4139020,12.2114250],[42.4140890,12.2119260],[42.4140820,12.2121060],[42.4140240,12.2122250],[42.4136460,12.2123180],[42.4134260,12.2124520],[42.4133370,12.2125940],[42.4133100,12.2129710],[42.4132560,12.2131930],[42.4131690,12.2133180],[42.4125850,12.2135120],[42.4124770,12.2135770],[42.4123990,12.2137210],[42.4123610,12.2139870],[42.4128130,12.2156510],[42.4127990,12.2159620],[42.4125810,12.2162460],[42.4122410,12.2165150],[42.4118560,12.2168980],[42.4117480,12.2169760],[42.4116330,12.2170110],[42.4114460,12.2169870],[42.4113300,12.2169300],[42.4108480,12.2165890],[42.4105720,12.2163610],[42.4104580,12.2162940],[42.4102760,12.2163990],[42.4102070,12.2165700],[42.4101890,12.2167470],[42.4102220,12.2169210],[42.4103360,12.2170920],[42.4104150,12.2171640],[42.4106700,12.2173950],[42.4108450,12.2175380],[42.4109770,12.2176940],[42.4110240,12.2178210],[42.4111700,12.2179370],[42.4110240,12.2178210],[42.4108360,12.2177580],[42.4103810,12.2178820],[42.4097830,12.2177400],[42.4090700,12.2187720],[42.4089800,12.2188410],[42.4088170,12.2188730],[42.4086340,12.2188510],[42.4084350,12.2188270],[42.4078420,12.2188290],[42.4076820,12.2188590],[42.4075680,12.2189470],[42.4075390,12.2191430],[42.4076770,12.2199400],[42.4078310,12.2205700],[42.4078450,12.2207510],[42.4077840,12.2209080],[42.4072530,12.2219270],[42.4071790,12.2220240],[42.4072680,12.2222230],[42.4074110,12.2223820],[42.4076400,12.2222570],[42.4077330,12.2220530],[42.4079300,12.2221100],[42.4080260,12.2223240],[42.4080290,12.2225850],[42.4079450,12.2228330],[42.4079110,12.2230980],[42.4079720,12.2233200],[42.4081860,12.2234530],[42.4083820,12.2235300],[42.4086660,12.2237390],[42.4088500,12.2240300],[42.4088900,12.2242220],[42.4091680,12.2246380],[42.4094510,12.2249110],[42.4095530,12.2250680],[42.4098580,12.2254090],[42.4099530,12.2256180],[42.4098970,12.2260430],[42.4100650,12.2263640],[42.4100860,12.2265810],[42.4101450,12.2267810],[42.4102410,12.2269570],[42.4106470,12.2271420],[42.4110000,12.2272570],[42.4111340,12.2273350],[42.4114710,12.2272290],[42.4116600,12.2273710],[42.4117580,12.2274640],[42.4117920,12.2273100],[42.4119020,12.2273520],[42.4121190,12.2277520],[42.4122330,12.2278470],[42.4122960,12.2279680],[42.4123500,12.2282410],[42.4125560,12.2282630],[42.4126600,12.2283270],[42.4126990,12.2280870],[42.4128410,12.2279910],[42.4129890,12.2278460],[42.4130650,12.2272200],[42.4131200,12.2270800],[42.4131990,12.2268120],[42.4134560,12.2267390],[42.4135550,12.2266690],[42.4136730,12.2265280],[42.4137340,12.2264200],[42.4138480,12.2262090],[42.4140860,12.2261700],[42.4142560,12.2261930],[42.4144510,12.2262790],[42.4146150,12.2264290],[42.4149080,12.2266200],[42.4151680,12.2267070],[42.4152560,12.2268890],[42.4154200,12.2269490],[42.4155730,12.2271250],[42.4156820,12.2273510],[42.4159390,12.2275470],[42.4160580,12.2276990],[42.4160920,12.2278160],[42.4161080,12.2280470],[42.4162490,12.2281150],[42.4164960,12.2285070],[42.4166370,12.2288460],[42.4166590,12.2289720],[42.4168750,12.2293520],[42.4169730,12.2295900],[42.4171890,12.2298590],[42.4172320,12.2300320],[42.4174110,12.2302280],[42.4179660,12.2303050],[42.4177160,12.2306220],[42.4177740,12.2304040],[42.4176110,12.2306490],[42.4179890,12.2303660],[42.4180690,12.2306750],[42.4184220,12.2303270],[42.4184690,12.2306740]],\r\n\t\t\t\t\tgraphDist          : [0.00,0.01,0.09,0.11,0.13,0.15,0.17,0.18,0.20,0.23,0.26,0.28,0.34,0.35,0.39,0.41,0.45,0.47,0.50,0.51,0.53,0.56,0.58,0.67,0.69,0.72,0.74,0.85,0.93,1.01,1.04,1.07,1.11,1.13,1.19,1.21,1.23,1.24,1.25,1.26,1.28,1.30,1.33,1.34,1.39,1.40,1.42,1.49,1.55,1.65,1.68,1.69,1.71,1.75,1.77,1.79,1.81,1.87,1.90,1.92,1.95,1.97,2.04,2.13,2.16,2.18,2.26,2.27,2.28,2.29,2.31,2.33,2.35,2.40,2.47,2.49,2.52,2.56,2.60,2.64,2.66,2.68,2.70,2.73,2.74,2.76,2.78,2.82,2.85,2.86,2.89,2.93,2.95,3.02,3.05,3.08,3.10,3.12,3.14,3.16,3.17,3.19,3.20,3.22,3.24,3.26,3.28,3.29,3.31,3.33,3.36,3.38,3.42,3.45,3.47,3.49,3.50,3.53,3.55,3.58,3.60,3.61,3.64,3.65,3.66,3.67,3.68,3.70,3.71,3.72,3.74,3.77,3.81,3.82,3.87,3.89,3.92,3.94,3.96,3.99,4.03,4.06,4.08,4.13,4.16,4.19,4.22,4.27,4.29,4.31,4.33,4.35,4.37,4.44,4.45,4.47,4.48,4.51,4.53,4.54,4.57,4.59,4.60,4.62,4.64,4.65,4.67,4.69,4.70,4.72,4.73,4.75,4.76,4.78,4.79,4.81,4.82,4.84,4.85,4.87,4.89,4.90,4.92,4.93,4.94,4.96,5.00,5.02,5.04,5.05,5.07,5.08,5.10,5.12,5.13,5.16,5.18,5.20,5.22,5.24,5.26,5.29,5.39,5.44,5.50,5.52,5.55,5.57,5.62,5.66,5.71,5.74,5.75,5.80,5.83,5.86,5.88,5.92,5.93,5.94,5.97,5.99,6.01,6.03,6.06,6.11,6.13,6.15,6.17,6.19,6.23,6.24,6.30,6.31,6.33,6.36,6.38,6.40,6.42,6.44,6.46,6.48,6.51,6.53,6.55,6.57,6.59,6.61,6.64,6.65,6.68,6.69,6.72,6.76,6.77,6.79,6.80,6.82,6.83,6.87,6.88,6.90,6.92,6.96,6.97,7.01,7.02,7.03,7.05,7.07,7.09,7.10,7.11,7.15,7.17,7.18,7.20,7.22,7.23,7.25,7.27,7.29,7.31,7.34,7.36,7.38,7.40,7.43,7.45,7.47,7.49,7.51,7.53,7.57,7.61,7.65,7.67,7.68,7.70,7.71,7.72,7.74,7.77,7.78,7.80,7.81,7.83,7.84,7.86,7.87,7.90,7.91,7.93,7.94,7.96,7.97,7.99,8.01,8.03,8.04,8.05,8.07,8.10,8.11,8.13,8.14,8.16,8.17,8.19,8.20,8.22,8.23,8.24,8.26,8.27,8.32,8.35,8.37,8.43,8.47,8.50,8.52,8.54,8.55,8.57,8.66,8.73,8.77,8.78,8.80,8.82,8.83,8.84,8.86,8.87,8.88,8.90,8.91,8.92,8.95,8.97,8.99,9.04,9.08,9.09,9.10,9.13,9.15,9.17,9.21,9.28,9.29,9.31,9.33,9.35,9.37,9.38,9.43,9.45,9.46,9.50,9.53,9.54,9.57,9.59,9.61,9.67,9.69,9.70,9.72,9.87,9.90,9.93,9.97,10.03,10.04,10.05,10.08,10.09,10.15,10.19,10.20,10.22,10.24,10.25,10.27,10.29,10.30,10.33,10.35,10.37,10.39,10.40,10.42,10.44,10.50,10.56,10.68,10.69,10.71,10.73,10.75,10.82,10.84,10.85,10.87,10.94,10.99,11.00,11.02,11.12,11.13,11.15,11.17,11.20,11.22,11.26,11.28,11.30,11.32,11.34,11.36,11.39,11.41,11.45,11.48,11.49,11.54,11.58,11.60,11.64,11.66,11.70,11.73,11.75,11.77,11.78,11.83,11.87,11.89,11.93,11.95,11.97,11.98,12.00,12.04,12.06,12.07,12.09,12.11,12.13,12.15,12.17,12.19,12.24,12.25,12.28,12.31,12.32,12.34,12.35,12.37,12.40,12.42,12.44,12.47,12.50,12.53,12.55,12.57,12.59,12.61,12.65,12.66,12.68,12.69,12.71,12.75,12.79,12.80,12.84,12.86,12.89,12.91,12.93,12.99,13.04,13.06,13.08,13.13,13.16,13.21,13.23],\r\n\t\t\t\t\tgraphEle           : [479.65,479.65,479.65,480.58,481.65,482.86,484.22,485.09,486.01,488.20,490.12,491.44,495.21,496.47,498.83,500.50,503.24,504.68,506.84,507.80,509.82,512.23,514.10,522.31,524.38,527.27,529.59,541.40,550.74,560.49,564.46,568.62,573.71,575.80,584.49,586.41,589.05,590.97,592.62,594.14,596.68,598.40,601.91,603.25,608.87,611.05,612.57,620.55,624.59,627.77,628.52,629.06,629.24,627.23,626.05,624.64,623.42,620.01,618.21,617.24,616.84,616.57,615.58,615.68,617.50,618.22,622.58,623.41,623.98,624.52,625.16,624.58,623.99,622.51,620.56,620.09,619.39,618.46,617.38,616.48,616.03,615.43,615.04,617.41,619.03,621.22,623.61,627.27,631.22,633.01,635.80,641.94,643.94,656.40,661.60,664.85,669.34,671.42,673.25,674.83,675.62,677.15,677.95,679.33,681.00,682.16,683.44,684.40,685.81,686.94,688.62,689.66,691.76,693.20,694.08,695.10,695.92,697.73,698.90,701.27,702.31,703.39,705.11,705.93,706.85,707.69,708.51,709.62,710.48,710.99,711.50,712.71,714.08,714.57,716.28,716.92,717.69,717.76,717.84,717.93,718.05,718.13,718.21,718.54,718.90,719.15,719.49,720.08,720.32,720.53,722.61,725.07,727.16,734.51,736.01,738.08,739.46,742.52,745.65,748.17,754.99,760.83,763.94,767.62,772.91,775.46,777.80,784.05,786.99,790.68,793.49,798.15,800.67,803.56,807.27,811.17,814.28,817.10,821.38,824.07,828.37,832.47,835.65,838.35,840.59,843.13,849.17,852.68,856.44,858.66,861.39,863.18,866.29,869.99,871.04,872.83,874.29,876.37,877.38,879.04,880.60,882.78,886.04,886.12,886.23,886.27,885.58,885.25,883.96,882.67,881.57,880.63,880.01,877.24,875.92,874.31,873.74,871.76,871.21,870.91,870.27,869.78,869.46,868.98,868.31,867.07,867.26,868.50,870.69,872.54,875.73,877.08,882.42,883.37,884.94,889.43,892.97,895.71,898.09,901.28,905.17,907.62,912.52,916.11,919.01,923.11,926.78,929.78,935.05,938.28,942.52,945.21,951.27,957.24,959.64,962.35,964.25,966.35,969.14,975.21,977.40,980.90,984.19,987.78,988.72,991.27,992.03,993.39,994.76,995.84,997.21,998.07,999.14,1000.47,999.73,999.03,998.10,997.37,996.53,995.62,994.93,993.88,993.12,991.11,987.66,984.24,981.73,976.23,972.70,970.47,966.60,963.44,959.24,953.01,945.43,938.08,934.12,930.98,927.61,925.61,923.30,920.05,916.23,913.99,911.91,909.53,907.32,904.83,902.47,900.50,897.38,895.49,892.63,890.37,888.49,886.82,884.28,882.02,880.46,879.19,877.72,875.70,871.65,870.46,868.18,866.77,864.85,862.89,861.21,859.59,857.58,855.89,854.21,851.55,849.97,843.52,840.52,838.88,833.83,831.06,828.96,827.13,825.96,824.94,826.57,835.56,842.13,846.56,847.58,848.80,850.85,852.15,853.46,855.01,856.26,857.56,859.07,860.59,861.66,864.25,864.90,865.15,866.06,866.83,867.01,867.23,867.70,868.05,867.00,864.46,860.54,859.62,858.66,857.64,856.27,854.80,853.63,849.94,848.76,847.82,844.40,842.25,841.03,838.34,836.62,835.35,829.35,828.17,826.85,824.85,809.05,806.12,802.31,797.89,793.41,792.26,791.15,789.38,788.22,783.11,780.11,778.95,777.11,775.78,774.56,773.33,771.75,770.87,768.02,766.13,764.93,764.24,763.14,762.04,760.78,757.75,754.14,753.00,752.88,752.71,752.51,752.29,750.83,750.42,750.08,749.71,748.17,745.63,744.70,743.80,737.44,736.73,735.55,733.75,731.16,729.30,726.07,724.13,722.11,720.00,717.92,716.01,713.01,710.42,706.30,702.70,700.82,695.55,690.69,688.36,682.41,679.68,674.88,670.50,668.07,665.56,662.78,655.40,649.14,646.63,640.67,636.95,634.76,632.35,629.93,623.61,621.30,619.41,615.81,612.24,610.27,607.00,604.05,601.16,593.76,591.91,588.47,584.32,582.41,579.93,578.34,575.18,571.80,569.39,566.51,563.72,559.14,555.37,553.11,550.71,548.13,545.56,541.76,539.65,538.46,536.25,534.33,529.43,526.28,525.44,522.29,520.51,517.90,516.71,514.66,511.55,511.55,511.55,511.55,511.55,511.55,511.55,511.55],\r\n\t\t\t\t\tgraphSpeed         : [],\r\n\t\t\t\t\tgraphHr            : [],\r\n\t\t\t\t\tgraphAtemp         : [],\r\n\t\t\t\t\tgraphCad           : [],\r\n\t\t\t\t\tgraphGrade         : [],\r\n\t\t\t\t\twaypoints          : [],\r\n\t\t\t\t\tunit               : \"2\",\r\n\t\t\t\t\tunitspeed          : \"0\",\r\n\t\t\t\t\tcolor1             : [\"#3366cc\"],\r\n\t\t\t\t\tcolor2             : \"#3366cc\",\r\n\t\t\t\t\tcolor3             : \"#ff0000\",\r\n\t\t\t\t\tcolor4             : \"#ff77bd\",\r\n\t\t\t\t\tcolor5             : \"#beecff\",\r\n\t\t\t\t\tcolor6             : \"#beecff\",\r\n\t\t\t\t\tcolor7             : \"#ff77bd\",\r\n\t\t\t\t\tchartFrom1         : \"\",\r\n\t\t\t\t\tchartTo1           : \"\",\r\n\t\t\t\t\tchartFrom2         : \"\",\r\n\t\t\t\t\tchartTo2           : \"\",\r\n\t\t\t\t\tstartIcon          : \"\",\r\n\t\t\t\t\tendIcon            : \"\",\r\n\t\t\t\t\tcurrentIcon        : \"\",\r\n\t\t\t\t\twaypointIcon       : \"https:\/\/lavia.cc\/gpx\/wp-content\/uploads\/gpx\/cropped-icona.ico\",\r\n\t\t\t\t\tcurrentpositioncon : \"\",\r\n\t\t\t\t\tusegpsposition     : \"\",\r\n\t\t\t\t\tzoomOnScrollWheel  : \"\",\r\n\t\t\t\t\tngGalleries        : [],\r\n\t\t\t\t\tngImages           : [],\r\n\t\t\t\t\tpluginUrl          : \"https:\/\/lavia.cc\/gpx\/wp-content\/plugins\",\r\n\t\t\t\t\tTFApiKey           : \"\",\r\n\t\t\t\t\tMapBoxApiKey           : \"\",\r\n\t\t\t\t\tlangs              : {\r\n\t\t\t\t\t\taltitude        : \"Altitudine\",\r\n\t\t\t\t\t\tcurrentPosition : \"Current position\",\r\n\t\t\t\t\t\tspeed           : \"Velocit\u00e0\",\r\n\t\t\t\t\t\tgrade           : \"Grade\",\r\n\t\t\t\t\t\theartRate       : \"Battito Cardiaco\",\r\n\t\t\t\t\t\tatemp           : \"Temperature\",\r\n\t\t\t\t\t\tcadence         : \"Cadenza\",\r\n\t\t\t\t\t\tgoFullScreen    : \"Go full screen\",\r\n\t\t\t\t\t\texitFullFcreen  : \"Exit full screen\",\r\n\t\t\t\t\t\thideImages      : \"Hide images\",\r\n\t\t\t\t\t\tshowImages      : \"Show images\",\r\n\t\t\t\t\t\tbackToCenter\t: \"Ritorna al centro della mappa\"\r\n\t\t\t\t\t}\r\n\t\t\t\t});\r\n\r\n\t\t\t});\r\n\r\n\t\t<\/script>\n<p>\ud83d\udfe2 Segui\u00a0<strong><a href=\"https:\/\/www.instagram.com\/lavia.cc\/\" target=\"_blank\" rel=\"noopener\">LAVIA<\/a>,<\/strong>\u00a0arriva alla\u00a0<strong>META<\/strong>!<\/p>\n","protected":false},"excerpt":{"rendered":"<p>\ud83d\udcc5 03\/03\/2024 09:15 &#8211; Soriano nel Cimino<\/p>\n<p>\ud83e\udd7e Guida Escursionistica: <a href=\"https:\/\/lavia.cc\/gpx\/marco-marini-guida-escursionistica-roma\/\" target=\"_blank\" rel=\"noopener\">Marco Marini<\/a><\/p>\n<p>Domenica 3 marzo pronti per un super anello che dal borgo di Soriano nel Cimino, ci porter\u00e0 a scoprire la spettacolare faggeta vetusta del Monte Cimino che dal 2017 \u00e8 entrata a far parte del patrimonio Unesco. L\u00ec sosteremo per la nostra meritata pausa pranzo, ammirando gli spettacolari faggi. Scenderemo poi dal versante opposto per rientrare a Soriano (passando sotto delle incredibili vie di arrampicata) Non mancher\u00e0 il 3\u00b0 tempo tra i vicoli di Soriano nel Cimino.<\/p>\n<p>\ud83d\udfe2 Segui\u00a0<strong>LAVIA,<\/strong>\u00a0arriva alla\u00a0<strong>META<\/strong>!<\/p>\n<p><a class=\"button\">[popup_trigger id=\"14805\" classes=\"marcomarini\"]\u2709\ufe0f Contatta la GUIDA![\/popup_trigger]<\/a><\/p>\n","protected":false},"featured_media":10689,"comment_status":"open","ping_status":"closed","template":"","meta":[],"product_brand":[],"product_cat":[31],"product_tag":[81,1366,83],"class_list":{"0":"post-10688","1":"product","2":"type-product","3":"status-publish","4":"has-post-thumbnail","6":"product_cat-escursionismo","7":"product_tag-lazio","8":"product_tag-soriano-nel-cimino","9":"product_tag-viterbo","11":"first","12":"instock","13":"shipping-taxable","14":"product-type-simple"},"_links":{"self":[{"href":"https:\/\/lavia.cc\/gpx\/wp-json\/wp\/v2\/product\/10688","targetHints":{"allow":["GET"]}}],"collection":[{"href":"https:\/\/lavia.cc\/gpx\/wp-json\/wp\/v2\/product"}],"about":[{"href":"https:\/\/lavia.cc\/gpx\/wp-json\/wp\/v2\/types\/product"}],"replies":[{"embeddable":true,"href":"https:\/\/lavia.cc\/gpx\/wp-json\/wp\/v2\/comments?post=10688"}],"version-history":[{"count":5,"href":"https:\/\/lavia.cc\/gpx\/wp-json\/wp\/v2\/product\/10688\/revisions"}],"predecessor-version":[{"id":14815,"href":"https:\/\/lavia.cc\/gpx\/wp-json\/wp\/v2\/product\/10688\/revisions\/14815"}],"wp:featuredmedia":[{"embeddable":true,"href":"https:\/\/lavia.cc\/gpx\/wp-json\/wp\/v2\/media\/10689"}],"wp:attachment":[{"href":"https:\/\/lavia.cc\/gpx\/wp-json\/wp\/v2\/media?parent=10688"}],"wp:term":[{"taxonomy":"product_brand","embeddable":true,"href":"https:\/\/lavia.cc\/gpx\/wp-json\/wp\/v2\/product_brand?post=10688"},{"taxonomy":"product_cat","embeddable":true,"href":"https:\/\/lavia.cc\/gpx\/wp-json\/wp\/v2\/product_cat?post=10688"},{"taxonomy":"product_tag","embeddable":true,"href":"https:\/\/lavia.cc\/gpx\/wp-json\/wp\/v2\/product_tag?post=10688"}],"curies":[{"name":"wp","href":"https:\/\/api.w.org\/{rel}","templated":true}]}}