{"id":10717,"date":"2024-02-28T19:46:46","date_gmt":"2024-02-28T18:46:46","guid":{"rendered":"https:\/\/lavia.cc\/gpx\/?post_type=product&#038;p=10717"},"modified":"2024-05-07T21:53:57","modified_gmt":"2024-05-07T19:53:57","slug":"la-salita-delle-tre-cime-di-lavaredo-in-gravel","status":"publish","type":"product","link":"https:\/\/lavia.cc\/gpx\/tracce\/la-salita-delle-tre-cime-di-lavaredo-in-gravel\/","title":{"rendered":"La salita delle TRE CIME DI LAVAREDO in gravel"},"content":{"rendered":"<h5>La salita delle TRE CIME DI LAVAREDO in gravel<\/h5>\n<p>\ud83d\udeb2 Il nostro percorso \u00e8 consigliato per le gravel bike in quanto la prima parte \u00e8 su percorso sterrato (<a href=\"https:\/\/lavia.cc\/gpx\/tracce\/ciclabile-dobbiaco-cortina\/\" target=\"_blank\" rel=\"noopener\">ciclabile Dobbiaco-Cortina<\/a>). In bici da strada consigliamo di costeggiare il percorso ciclabile pedalando sulla strada statale da Dobbiaco a Carbonin. Consigliamo cerchi da 700c con pneumatici da 35\/38mm circa.<\/p>\n<p>\ud83d\udee4\ufe0f Fondo: 45% sterrato, 55% asfalto<\/p>\n<p>\u27a1\ufe0f Clicca qui per raggiungere il punto di partenza: <a href=\"https:\/\/www.google.it\/maps\/place\/Dobbiaco\/@46.7247969,12.2254472,15z\/data=!4m6!3m5!1s0x47782b92aa0b963f:0x1cc33b9c43a87338!8m2!3d46.7247969!4d12.2254472!16s%2Fg%2F120zjrk6?entry=ttu\" target=\"_blank\" rel=\"noopener\">GOOGLE MAPS<\/a> (Stazione di Dobbiaco, BZ)<\/p>\n<p>\ud83d\udd5c Periodo consigliato: da Maggio a Settembre<\/p>\n<p>\ud83d\uddfa\ufe0f Mappa e altimetria della salita delle <strong>Tre Cime di Lavaredo in Gravel<\/strong>:<\/p>\n\r\n\t\t<div id=\"wpgpxmaps_10717_1978393\" class=\"wpgpxmaps\">\r\n\t\t\t<div id=\"map_10717_1978393_cont\" style=\"width:100%; height:450px;position:relative\" >\r\n\t\t\t\t<div id=\"map_10717_1978393\" style=\"width:100%; height:450px\"><\/div>\r\n\t\t\t\t<div id=\"wpgpxmaps_10717_1978393_osm_footer\" class=\"wpgpxmaps_osm_footer\" style=\"display:none;\"><span> &copy; <a href=\"http:\/\/www.openstreetmap.org\/copyright\" target=\"_blank\" rel=\"noopener\">OpenStreetMap<\/a> contributors<\/span><\/div>\r\n\t\t\t<\/div>\r\n\t\t\t<canvas id=\"myChart_10717_1978393\" class=\"plot\" style=\"width:100%; height:200px\"><\/canvas>\r\n\t\t\t<div id=\"ngimages_10717_1978393\" class=\"ngimages\" style=\"display:none\"><\/div>\r\n\t\t\t<div id=\"report_10717_1978393\" class=\"report\"><\/div>\r\n\t\t<\/div>\r\n\t\t\r\n\t\t<script type=\"text\/javascript\">\r\n\r\n\t\t\tjQuery(document).ready(function() {\r\n\r\n\t\t\t\tjQuery( \"#wpgpxmaps_10717_1978393\" ).wpgpxmaps( {\r\n\t\t\t\t\ttargetId           : \"10717_1978393\",\r\n\t\t\t\t\tmapType            : \"HYBRID\",\r\n\t\t\t\t\tmapData            : [[46.7249830,12.2218650],[46.7249730,12.2217100],[46.7248850,12.2216710],[46.7244930,12.2214710],[46.7241230,12.2213960],[46.7225590,12.2210370],[46.7220380,12.2209630],[46.7218750,12.2209780],[46.7216530,12.2210560],[46.7214780,12.2211580],[46.7211530,12.2214120],[46.7198980,12.2225090],[46.7191130,12.2231590],[46.7189800,12.2233260],[46.7183730,12.2236060],[46.7179890,12.2236510],[46.7175460,12.2235480],[46.7171280,12.2235410],[46.7168390,12.2235020],[46.7166760,12.2234440],[46.7162030,12.2231640],[46.7160080,12.2230500],[46.7157460,12.2229480],[46.7154560,12.2229130],[46.7150390,12.2230870],[46.7148060,12.2231440],[46.7146430,12.2231360],[46.7143040,12.2229600],[46.7139210,12.2228300],[46.7137130,12.2228790],[46.7131220,12.2231560],[46.7128570,12.2231730],[46.7125200,12.2231180],[46.7123000,12.2231260],[46.7116540,12.2234090],[46.7111200,12.2234540],[46.7107620,12.2233600],[46.7100930,12.2230910],[46.7095340,12.2229260],[46.7093350,12.2228440],[46.7090850,12.2226720],[46.7088780,12.2223910],[46.7082660,12.2210470],[46.7081520,12.2208450],[46.7080040,12.2206690],[46.7076340,12.2204600],[46.7070730,12.2200810],[46.7069150,12.2200120],[46.7063420,12.2198950],[46.7057590,12.2198100],[46.7053290,12.2199190],[46.7051260,12.2199240],[46.7050370,12.2198640],[46.7046540,12.2198710],[46.7043730,12.2199780],[46.7042200,12.2200970],[46.7032580,12.2214930],[46.7030660,12.2216500],[46.7028670,12.2217650],[46.7026540,12.2218110],[46.7022530,12.2217730],[46.7018940,12.2218220],[46.7010770,12.2222390],[46.7008160,12.2223090],[46.7006980,12.2223040],[46.6996010,12.2220640],[46.6974360,12.2212990],[46.6971920,12.2213090],[46.6970670,12.2213700],[46.6964500,12.2218680],[46.6955740,12.2222640],[46.6949830,12.2224150],[46.6946690,12.2224270],[46.6940620,12.2225250],[46.6931310,12.2230000],[46.6929820,12.2231320],[46.6925410,12.2237030],[46.6923050,12.2239040],[46.6921750,12.2239440],[46.6920460,12.2239750],[46.6919180,12.2239620],[46.6916460,12.2238270],[46.6911960,12.2236020],[46.6910440,12.2235720],[46.6900080,12.2235830],[46.6888260,12.2233870],[46.6885520,12.2234600],[46.6881450,12.2236630],[46.6880290,12.2236920],[46.6874390,12.2237020],[46.6860580,12.2241630],[46.6857720,12.2242860],[46.6854620,12.2243600],[46.6844660,12.2243690],[46.6840310,12.2242910],[46.6830890,12.2242780],[46.6827580,12.2241480],[46.6824910,12.2241420],[46.6800130,12.2234090],[46.6781360,12.2228370],[46.6763160,12.2222150],[46.6749010,12.2217650],[46.6745290,12.2216420],[46.6739860,12.2215980],[46.6737160,12.2215870],[46.6734720,12.2215000],[46.6730440,12.2213150],[46.6727620,12.2212350],[46.6721420,12.2212110],[46.6719690,12.2212760],[46.6718390,12.2213100],[46.6715630,12.2212690],[46.6714610,12.2212960],[46.6712210,12.2215250],[46.6704340,12.2216390],[46.6697560,12.2217780],[46.6695500,12.2219040],[46.6691820,12.2223090],[46.6686220,12.2228180],[46.6681890,12.2229870],[46.6675780,12.2235590],[46.6673390,12.2237030],[46.6661800,12.2241920],[46.6660750,12.2241680],[46.6657420,12.2239560],[46.6651380,12.2237330],[46.6644030,12.2232420],[46.6639910,12.2232020],[46.6611970,12.2237920],[46.6609430,12.2239180],[46.6596870,12.2252860],[46.6592890,12.2256780],[46.6589780,12.2259330],[46.6586780,12.2260400],[46.6584100,12.2260880],[46.6582220,12.2260770],[46.6569790,12.2257450],[46.6566460,12.2258200],[46.6565370,12.2259160],[46.6563900,12.2259240],[46.6559260,12.2256560],[46.6557640,12.2256820],[46.6547550,12.2261840],[46.6533470,12.2268710],[46.6516610,12.2273120],[46.6515290,12.2273770],[46.6510830,12.2277140],[46.6510400,12.2278610],[46.6510030,12.2280540],[46.6509080,12.2281650],[46.6505370,12.2283550],[46.6500130,12.2285050],[46.6498330,12.2286510],[46.6496820,12.2288360],[46.6493960,12.2293610],[46.6491450,12.2298900],[46.6488700,12.2302100],[46.6476740,12.2310880],[46.6458460,12.2322430],[46.6456410,12.2324870],[46.6455550,12.2326580],[46.6454630,12.2327300],[46.6453710,12.2327490],[46.6450580,12.2327440],[46.6440950,12.2325300],[46.6438460,12.2325370],[46.6436500,12.2325870],[46.6426340,12.2331300],[46.6424150,12.2331650],[46.6409610,12.2330090],[46.6405690,12.2329070],[46.6398870,12.2327020],[46.6394710,12.2325940],[46.6390320,12.2324570],[46.6388750,12.2319990],[46.6387430,12.2318190],[46.6375830,12.2318050],[46.6373860,12.2319440],[46.6357770,12.2319780],[46.6352660,12.2319300],[46.6351410,12.2318840],[46.6347570,12.2315960],[46.6346520,12.2315320],[46.6344840,12.2313270],[46.6341460,12.2310930],[46.6337190,12.2309440],[46.6331370,12.2303780],[46.6325000,12.2298420],[46.6322910,12.2296900],[46.6319380,12.2294840],[46.6309730,12.2291310],[46.6307130,12.2290670],[46.6287250,12.2289280],[46.6285860,12.2288830],[46.6283150,12.2287310],[46.6280600,12.2285250],[46.6249680,12.2259830],[46.6237840,12.2250520],[46.6232140,12.2245670],[46.6223140,12.2238690],[46.6218500,12.2235970],[46.6199370,12.2227400],[46.6192090,12.2223560],[46.6190130,12.2221950],[46.6186660,12.2218240],[46.6183900,12.2213640],[46.6180730,12.2206470],[46.6180830,12.2202070],[46.6179780,12.2202470],[46.6176260,12.2204280],[46.6173880,12.2206560],[46.6165100,12.2217460],[46.6150420,12.2236070],[46.6129440,12.2262510],[46.6126470,12.2266210],[46.6120190,12.2271800],[46.6117330,12.2275120],[46.6112490,12.2285040],[46.6109880,12.2289330],[46.6105930,12.2297610],[46.6105640,12.2299240],[46.6106450,12.2300670],[46.6107730,12.2300210],[46.6108530,12.2296000],[46.6109250,12.2294060],[46.6111010,12.2291720],[46.6113970,12.2289780],[46.6115030,12.2288660],[46.6117180,12.2285780],[46.6119450,12.2281080],[46.6120880,12.2280350],[46.6121800,12.2282060],[46.6114970,12.2291020],[46.6114200,12.2292900],[46.6113700,12.2295340],[46.6113280,12.2300890],[46.6112910,12.2303070],[46.6112090,12.2305100],[46.6110490,12.2307980],[46.6105740,12.2313940],[46.6104460,12.2319090],[46.6104110,12.2320680],[46.6103370,12.2323680],[46.6102390,12.2326170],[46.6083980,12.2356720],[46.6070440,12.2374470],[46.6055550,12.2388630],[46.6048200,12.2394860],[46.6046820,12.2397000],[46.6041990,12.2410110],[46.6040500,12.2413060],[46.6038610,12.2416100],[46.6028610,12.2428110],[46.6024150,12.2431150],[46.6022370,12.2431540],[46.6020480,12.2431060],[46.6018060,12.2429130],[46.6012550,12.2425030],[46.6011370,12.2424490],[46.6000600,12.2424510],[46.5990610,12.2423060],[46.5980810,12.2419520],[46.5979080,12.2419150],[46.5976990,12.2419420],[46.5975940,12.2420080],[46.5975630,12.2421830],[46.5976200,12.2423050],[46.5978820,12.2427240],[46.5982180,12.2431630],[46.5984450,12.2436250],[46.5988120,12.2440640],[46.5989750,12.2443300],[46.5992610,12.2452230],[46.5997440,12.2461430],[46.5997530,12.2468130],[46.5996980,12.2469700],[46.5992010,12.2479500],[46.5989760,12.2485160],[46.5984300,12.2511100],[46.5984190,12.2513320],[46.5984470,12.2516550],[46.5984250,12.2518040],[46.5982090,12.2520230],[46.5966740,12.2524950],[46.5965350,12.2524870],[46.5964280,12.2524330],[46.5959210,12.2519740],[46.5956550,12.2519270],[46.5951660,12.2519120],[46.5948660,12.2519500],[46.5944870,12.2520680],[46.5938150,12.2524210],[46.5927140,12.2527400],[46.5923220,12.2528850],[46.5919420,12.2530800],[46.5914700,12.2534120],[46.5912360,12.2535320],[46.5908650,12.2535780],[46.5896530,12.2533910],[46.5894500,12.2534260],[46.5888960,12.2536400],[46.5887240,12.2536670],[46.5876390,12.2536370],[46.5874640,12.2536670],[46.5863790,12.2539860],[46.5861180,12.2540670],[46.5861930,12.2541830],[46.5865380,12.2542650],[46.5868210,12.2544000],[46.5873720,12.2548750],[46.5879690,12.2553890],[46.5881780,12.2555690],[46.5882540,12.2556800],[46.5882970,12.2558440],[46.5883250,12.2565050],[46.5883710,12.2571240],[46.5884280,12.2573820],[46.5883730,12.2575060],[46.5884310,12.2576260],[46.5884110,12.2578290],[46.5884630,12.2580250],[46.5885730,12.2581290],[46.5888480,12.2583280],[46.5889370,12.2584650],[46.5890000,12.2594320],[46.5890170,12.2597790],[46.5890550,12.2599710],[46.5893160,12.2605990],[46.5893920,12.2606900],[46.5896390,12.2608100],[46.5897240,12.2609080],[46.5898580,12.2611190],[46.5899740,12.2615600],[46.5900430,12.2616500],[46.5901650,12.2615780],[46.5902530,12.2613220],[46.5903770,12.2613370],[46.5904180,12.2614920],[46.5903050,12.2618700],[46.5903210,12.2620260],[46.5904550,12.2622200],[46.5911710,12.2626480],[46.5913460,12.2626830],[46.5915470,12.2627730],[46.5919410,12.2631430],[46.5926230,12.2635620],[46.5929550,12.2638090],[46.5931610,12.2638890],[46.5933870,12.2639270],[46.5942140,12.2639360],[46.5946560,12.2641650],[46.5951150,12.2644450],[46.5961700,12.2653980],[46.5962580,12.2655450],[46.5963840,12.2661080],[46.5964970,12.2662590],[46.5968400,12.2665210],[46.5969650,12.2666920],[46.5970180,12.2668080],[46.5971720,12.2673850],[46.5971840,12.2675670],[46.5971430,12.2680350],[46.5969680,12.2686370],[46.5969970,12.2687670],[46.5970970,12.2688380],[46.5973700,12.2688550],[46.5975280,12.2689030],[46.5978130,12.2690850],[46.5982540,12.2692730],[46.5987980,12.2696380],[46.5991090,12.2698000],[46.5993190,12.2698490],[46.5998460,12.2699720],[46.6004220,12.2701100],[46.6005920,12.2701850],[46.6006990,12.2702970],[46.6007560,12.2704150],[46.6008300,12.2707250],[46.6008320,12.2714710],[46.6008630,12.2718380],[46.6011940,12.2735140],[46.6012460,12.2737860],[46.6013260,12.2739840],[46.6014770,12.2741460],[46.6033390,12.2753080],[46.6035540,12.2752650],[46.6037160,12.2749890],[46.6038220,12.2749330],[46.6039380,12.2749730],[46.6041370,12.2752440],[46.6043440,12.2753510],[46.6047380,12.2752990],[46.6052490,12.2754270],[46.6055840,12.2752900],[46.6056600,12.2752060],[46.6058220,12.2748940],[46.6058590,12.2746050],[46.6058290,12.2743690],[46.6057220,12.2739740],[46.6057140,12.2738100],[46.6058290,12.2737240],[46.6061460,12.2737290],[46.6063560,12.2735330],[46.6066400,12.2732950],[46.6068210,12.2732170],[46.6069300,12.2732340],[46.6070100,12.2733250],[46.6070380,12.2735720],[46.6067870,12.2742010],[46.6066110,12.2744370],[46.6066080,12.2746290],[46.6071240,12.2747300],[46.6072150,12.2748410],[46.6071890,12.2750140],[46.6070630,12.2751640],[46.6072680,12.2761170],[46.6072910,12.2763230],[46.6072990,12.2769840],[46.6072940,12.2781090],[46.6073760,12.2782110],[46.6078070,12.2777920],[46.6080620,12.2771220],[46.6083190,12.2767720],[46.6084280,12.2767600],[46.6084940,12.2769000],[46.6082830,12.2774010],[46.6080080,12.2787380],[46.6079750,12.2789980],[46.6078880,12.2797690],[46.6078190,12.2810690],[46.6076920,12.2819110],[46.6076790,12.2821460],[46.6076900,12.2826560],[46.6077240,12.2829210],[46.6077570,12.2830640],[46.6079500,12.2835420],[46.6081140,12.2843890],[46.6083250,12.2850050],[46.6084170,12.2857950],[46.6083960,12.2860550],[46.6082330,12.2863040],[46.6081920,12.2864210],[46.6080980,12.2871160],[46.6078260,12.2882170],[46.6076410,12.2886560],[46.6074950,12.2891850],[46.6073620,12.2893880],[46.6072090,12.2895410],[46.6070910,12.2900680],[46.6068850,12.2907950],[46.6069260,12.2909900],[46.6070860,12.2909630],[46.6072490,12.2906860],[46.6075320,12.2904860],[46.6076270,12.2904700],[46.6076970,12.2905540],[46.6076230,12.2909210],[46.6076210,12.2914460],[46.6075180,12.2921030],[46.6074690,12.2922610],[46.6073600,12.2924430],[46.6069620,12.2930820],[46.6069470,12.2932160],[46.6070000,12.2933230],[46.6071220,12.2932980],[46.6072450,12.2930560],[46.6074030,12.2929570],[46.6075190,12.2930200],[46.6075400,12.2931710],[46.6072840,12.2934150],[46.6070220,12.2939190],[46.6067040,12.2943270],[46.6065210,12.2946250],[46.6064780,12.2948270],[46.6066460,12.2948940],[46.6067450,12.2947390],[46.6068650,12.2946080],[46.6075610,12.2941860],[46.6077200,12.2941530],[46.6078480,12.2942110],[46.6081780,12.2946510],[46.6088790,12.2947710],[46.6089740,12.2948470],[46.6091700,12.2953650],[46.6091620,12.2958900],[46.6091340,12.2961340],[46.6089610,12.2966000],[46.6086960,12.2968150],[46.6084190,12.2973070],[46.6084390,12.2975160],[46.6085650,12.2975250],[46.6086530,12.2972370],[46.6088020,12.2971120],[46.6090090,12.2970890],[46.6091340,12.2970310],[46.6097140,12.2965290],[46.6099840,12.2962320],[46.6107840,12.2957760],[46.6111590,12.2953380],[46.6114510,12.2951990],[46.6115670,12.2950940],[46.6120520,12.2943400]],\r\n\t\t\t\t\tgraphDist          : [0.00,0.01,0.02,0.07,0.11,0.29,0.34,0.36,0.39,0.41,0.45,0.61,0.71,0.73,0.80,0.85,0.90,0.94,0.97,0.99,1.05,1.07,1.10,1.14,1.18,1.21,1.23,1.27,1.31,1.34,1.40,1.43,1.47,1.50,1.57,1.63,1.67,1.75,1.81,1.84,1.87,1.90,2.02,2.04,2.06,2.11,2.17,2.19,2.26,2.32,2.37,2.39,2.40,2.45,2.48,2.50,2.65,2.67,2.70,2.72,2.77,2.81,2.90,2.93,2.95,3.07,3.32,3.34,3.36,3.44,3.54,3.61,3.64,3.71,3.82,3.84,3.90,3.93,3.95,3.96,3.98,4.01,4.06,4.08,4.19,4.33,4.36,4.40,4.42,4.48,4.64,4.67,4.71,4.82,4.87,4.97,5.01,5.04,5.32,5.54,5.74,5.90,5.95,6.01,6.04,6.07,6.12,6.15,6.22,6.24,6.25,6.28,6.29,6.32,6.41,6.49,6.51,6.57,6.64,6.69,6.77,6.80,6.93,6.94,6.98,7.05,7.14,7.19,7.50,7.53,7.71,7.76,7.80,7.84,7.87,7.89,8.03,8.06,8.08,8.09,8.15,8.17,8.29,8.45,8.64,8.66,8.71,8.73,8.74,8.76,8.80,8.86,8.88,8.90,8.95,9.00,9.04,9.19,9.41,9.44,9.46,9.47,9.48,9.52,9.62,9.65,9.67,9.79,9.82,9.98,10.02,10.10,10.15,10.20,10.24,10.26,10.39,10.41,10.59,10.65,10.66,10.71,10.72,10.75,10.79,10.84,10.92,11.00,11.02,11.07,11.18,11.21,11.43,11.44,11.48,11.51,11.90,12.05,12.13,12.24,12.29,12.52,12.60,12.63,12.68,12.72,12.79,12.82,12.83,12.88,12.91,13.04,13.25,13.56,13.60,13.69,13.73,13.82,13.86,13.94,13.95,13.97,13.99,14.02,14.04,14.06,14.10,14.11,14.14,14.19,14.21,14.22,14.33,14.34,14.36,14.41,14.42,14.44,14.47,14.54,14.58,14.59,14.62,14.64,14.95,15.16,15.35,15.45,15.47,15.58,15.61,15.64,15.79,15.84,15.86,15.88,15.91,15.98,16.00,16.12,16.23,16.34,16.36,16.39,16.40,16.41,16.42,16.47,16.52,16.56,16.62,16.64,16.72,16.81,16.86,16.87,16.97,17.02,17.22,17.24,17.27,17.28,17.31,17.48,17.50,17.51,17.58,17.61,17.66,17.69,17.74,17.82,17.94,17.99,18.03,18.09,18.12,18.16,18.29,18.32,18.38,18.40,18.52,18.54,18.66,18.69,18.71,18.74,18.78,18.85,18.93,18.95,18.96,18.98,19.03,19.08,19.10,19.11,19.12,19.14,19.15,19.17,19.20,19.22,19.29,19.32,19.33,19.39,19.40,19.43,19.44,19.46,19.50,19.51,19.53,19.55,19.56,19.58,19.61,19.62,19.64,19.73,19.75,19.77,19.82,19.91,19.95,19.97,20.00,20.09,20.14,20.20,20.33,20.35,20.39,20.41,20.45,20.47,20.48,20.53,20.55,20.58,20.63,20.64,20.65,20.68,20.70,20.74,20.79,20.86,20.89,20.92,20.98,21.04,21.06,21.07,21.09,21.11,21.17,21.20,21.33,21.35,21.37,21.39,21.61,21.64,21.67,21.68,21.69,21.72,21.75,21.79,21.85,21.89,21.90,21.93,21.95,21.97,22.00,22.01,22.03,22.07,22.09,22.13,22.15,22.16,22.17,22.19,22.25,22.28,22.29,22.35,22.36,22.38,22.40,22.48,22.49,22.54,22.63,22.64,22.70,22.76,22.80,22.81,22.82,22.87,22.98,23.00,23.06,23.16,23.22,23.24,23.28,23.30,23.31,23.36,23.43,23.48,23.54,23.56,23.59,23.60,23.65,23.74,23.78,23.83,23.85,23.87,23.91,23.97,23.99,24.01,24.04,24.07,24.08,24.09,24.12,24.16,24.22,24.23,24.25,24.31,24.33,24.34,24.35,24.37,24.39,24.41,24.42,24.45,24.50,24.55,24.58,24.60,24.62,24.63,24.65,24.73,24.75,24.77,24.82,24.90,24.91,24.96,25.00,25.02,25.06,25.09,25.14,25.16,25.17,25.19,25.21,25.24,25.25,25.33,25.37,25.46,25.51,25.55,25.56,25.64],\r\n\t\t\t\t\tgraphEle           : [1210.14,1210.14,1210.14,1210.14,1210.17,1210.74,1211.60,1211.94,1212.41,1212.80,1213.56,1217.94,1221.17,1221.98,1224.94,1226.73,1228.81,1230.18,1231.09,1231.61,1233.21,1233.87,1234.71,1235.59,1236.90,1237.61,1238.10,1239.19,1240.70,1241.97,1245.72,1247.32,1249.37,1250.70,1254.48,1257.48,1259.51,1262.17,1263.75,1264.32,1265.09,1265.87,1266.97,1267.14,1267.32,1267.62,1267.23,1267.13,1266.76,1266.39,1266.10,1265.97,1265.90,1265.65,1265.46,1265.35,1267.39,1267.73,1268.05,1268.50,1269.36,1270.14,1271.98,1272.34,1272.49,1273.98,1276.64,1277.07,1277.30,1278.55,1279.98,1280.68,1281.05,1281.74,1282.54,1282.68,1283.17,1283.56,1283.76,1283.95,1284.13,1284.55,1285.24,1285.46,1287.43,1290.19,1291.17,1292.70,1293.12,1295.21,1302.87,1304.55,1306.37,1312.70,1315.48,1319.08,1320.01,1320.73,1323.21,1325.15,1329.43,1333.03,1332.51,1331.76,1331.39,1331.05,1330.30,1329.60,1328.10,1327.66,1327.34,1326.67,1326.42,1326.26,1326.26,1326.26,1326.44,1327.13,1328.11,1328.78,1331.98,1333.26,1339.11,1339.60,1341.25,1344.09,1346.87,1347.78,1354.36,1355.78,1364.02,1366.01,1367.49,1368.78,1369.90,1370.68,1372.32,1372.65,1372.77,1372.91,1373.06,1373.10,1373.34,1375.15,1381.09,1381.67,1384.04,1384.74,1385.61,1386.39,1388.90,1392.30,1393.61,1394.81,1396.02,1397.19,1398.12,1400.11,1401.63,1401.84,1401.96,1402.04,1402.11,1402.49,1404.27,1404.73,1405.09,1408.08,1408.75,1413.53,1414.94,1417.40,1418.53,1419.73,1420.67,1421.15,1421.52,1421.33,1417.15,1414.94,1414.38,1412.53,1412.07,1411.17,1409.66,1407.89,1405.57,1405.44,1405.40,1405.33,1405.89,1406.14,1409.15,1409.43,1410.00,1410.67,1422.89,1425.08,1426.33,1428.80,1430.01,1438.57,1441.88,1442.84,1444.68,1446.44,1448.82,1450.05,1450.49,1452.01,1453.19,1458.61,1467.91,1483.39,1486.49,1492.33,1495.04,1500.96,1503.75,1507.53,1507.98,1508.49,1509.03,1510.18,1510.76,1511.67,1512.91,1513.51,1514.99,1516.99,1517.80,1518.59,1523.92,1525.11,1526.51,1529.56,1530.79,1532.08,1534.10,1539.62,1543.23,1544.33,1546.43,1548.32,1574.08,1587.08,1596.40,1599.57,1600.33,1603.65,1604.41,1605.26,1609.97,1611.99,1612.72,1613.51,1614.95,1620.06,1621.08,1630.47,1643.99,1658.06,1660.68,1663.82,1665.53,1667.48,1668.99,1674.82,1681.15,1684.98,1689.64,1692.04,1698.46,1703.89,1707.05,1707.88,1713.91,1717.26,1730.29,1731.30,1732.77,1733.46,1735.22,1743.40,1744.12,1744.70,1745.87,1746.36,1747.26,1747.82,1748.30,1748.90,1749.81,1750.12,1750.42,1750.82,1751.02,1751.36,1752.50,1752.81,1755.09,1755.77,1760.02,1760.56,1763.95,1764.76,1765.13,1764.21,1763.09,1760.69,1758.87,1759.47,1759.74,1760.04,1761.16,1762.22,1762.67,1762.93,1764.01,1765.84,1767.72,1769.42,1773.41,1775.10,1783.80,1786.92,1788.75,1795.44,1796.75,1800.21,1801.65,1804.27,1808.59,1809.82,1811.48,1813.81,1815.36,1816.76,1820.12,1821.40,1823.69,1832.95,1835.18,1837.84,1843.77,1853.13,1856.25,1857.71,1859.27,1864.95,1867.11,1868.09,1870.24,1870.26,1870.31,1870.33,1870.38,1870.41,1870.42,1870.04,1869.63,1868.59,1867.14,1866.83,1866.47,1865.59,1865.07,1863.50,1860.61,1856.84,1854.76,1853.42,1850.16,1846.60,1845.51,1844.71,1844.11,1842.73,1841.96,1841.74,1840.92,1841.16,1841.35,1841.58,1844.82,1845.29,1845.81,1846.05,1846.30,1846.86,1847.27,1848.00,1848.96,1849.60,1849.78,1850.54,1851.49,1852.24,1853.57,1854.08,1854.69,1856.14,1857.29,1859.52,1861.67,1862.92,1864.08,1866.11,1871.82,1874.55,1876.13,1882.87,1884.58,1886.33,1888.59,1898.38,1900.37,1906.53,1916.70,1918.19,1925.08,1931.29,1935.19,1936.40,1937.75,1942.28,1953.22,1955.35,1961.64,1972.85,1981.14,1983.41,1988.32,1990.91,1992.36,1998.55,2008.82,2016.85,2026.38,2029.73,2034.11,2035.79,2044.81,2059.44,2065.13,2071.43,2074.53,2077.52,2083.73,2091.94,2094.09,2096.68,2100.38,2105.02,2106.43,2107.77,2111.77,2117.14,2124.06,2125.84,2128.31,2137.17,2138.56,2139.92,2141.66,2144.48,2146.83,2148.52,2149.96,2154.21,2160.13,2165.84,2169.37,2171.32,2173.69,2175.56,2177.49,2187.19,2189.68,2191.86,2199.12,2210.64,2212.40,2218.81,2224.06,2226.53,2231.82,2236.24,2242.59,2244.41,2245.81,2248.26,2250.24,2252.55,2254.01,2261.52,2263.03,2263.03,2263.03,2263.03,2263.03,2263.03],\r\n\t\t\t\t\tgraphSpeed         : [],\r\n\t\t\t\t\tgraphHr            : [],\r\n\t\t\t\t\tgraphAtemp         : [],\r\n\t\t\t\t\tgraphCad           : [],\r\n\t\t\t\t\tgraphGrade         : [],\r\n\t\t\t\t\twaypoints          : [],\r\n\t\t\t\t\tunit               : \"2\",\r\n\t\t\t\t\tunitspeed          : \"0\",\r\n\t\t\t\t\tcolor1             : [\"#3366cc\"],\r\n\t\t\t\t\tcolor2             : \"#3366cc\",\r\n\t\t\t\t\tcolor3             : \"#ff0000\",\r\n\t\t\t\t\tcolor4             : \"#ff77bd\",\r\n\t\t\t\t\tcolor5             : \"#beecff\",\r\n\t\t\t\t\tcolor6             : \"#beecff\",\r\n\t\t\t\t\tcolor7             : \"#ff77bd\",\r\n\t\t\t\t\tchartFrom1         : \"\",\r\n\t\t\t\t\tchartTo1           : \"\",\r\n\t\t\t\t\tchartFrom2         : \"\",\r\n\t\t\t\t\tchartTo2           : \"\",\r\n\t\t\t\t\tstartIcon          : \"\",\r\n\t\t\t\t\tendIcon            : \"\",\r\n\t\t\t\t\tcurrentIcon        : \"\",\r\n\t\t\t\t\twaypointIcon       : \"https:\/\/lavia.cc\/gpx\/wp-content\/uploads\/gpx\/cropped-icona.ico\",\r\n\t\t\t\t\tcurrentpositioncon : \"\",\r\n\t\t\t\t\tusegpsposition     : \"\",\r\n\t\t\t\t\tzoomOnScrollWheel  : \"\",\r\n\t\t\t\t\tngGalleries        : [],\r\n\t\t\t\t\tngImages           : [],\r\n\t\t\t\t\tpluginUrl          : \"https:\/\/lavia.cc\/gpx\/wp-content\/plugins\",\r\n\t\t\t\t\tTFApiKey           : \"\",\r\n\t\t\t\t\tMapBoxApiKey           : \"\",\r\n\t\t\t\t\tlangs              : {\r\n\t\t\t\t\t\taltitude        : \"Altitudine\",\r\n\t\t\t\t\t\tcurrentPosition : \"Current position\",\r\n\t\t\t\t\t\tspeed           : \"Velocit\u00e0\",\r\n\t\t\t\t\t\tgrade           : \"Grade\",\r\n\t\t\t\t\t\theartRate       : \"Battito Cardiaco\",\r\n\t\t\t\t\t\tatemp           : \"Temperature\",\r\n\t\t\t\t\t\tcadence         : \"Cadenza\",\r\n\t\t\t\t\t\tgoFullScreen    : \"Go full screen\",\r\n\t\t\t\t\t\texitFullFcreen  : \"Exit full screen\",\r\n\t\t\t\t\t\thideImages      : \"Hide images\",\r\n\t\t\t\t\t\tshowImages      : \"Show images\",\r\n\t\t\t\t\t\tbackToCenter\t: \"Ritorna al centro della mappa\"\r\n\t\t\t\t\t}\r\n\t\t\t\t});\r\n\r\n\t\t\t});\r\n\r\n\t\t<\/script>\n<p>\ud83d\udfe2 Segui\u00a0<strong>LAVIA,<\/strong>\u00a0arriva alla\u00a0<strong>META<\/strong>!<\/p>\n<p>&nbsp;<\/p>\n","protected":false},"excerpt":{"rendered":"<p><strong>\ud83d\udccd Una traccia di <a href=\"https:\/\/lavia.cc\/gpx\/gravellata\/\" target=\"_blank\" rel=\"noopener\">GRAVELLATA<\/a><\/strong><\/p>\n<p>In questo traccia affrontiamo la salita del Rifugio Auronzo, sulle Tre Cime di Lavaredo in gravel, pedalando tra Trentino Alto Adige e Veneto. Partenza da Dobbiaco, in Val Pusteria e si pedala subito sulla pista ciclabile sterrata Cortina-Dobbiaco. A Carbonin si lascia la ciclabile sterrata e su strada asfaltata si raggiunge il Lago di Misurina. A Misurina inizia la salita, interamente asfaltata, verso il Rifugio Auronzo, sulle Tre Cime di Lavaredo. Per chi cammina \u00e8 super consigliato procedere fino al Rifugio Lavaredo e poi al Rifugio Locatelli alle Tre Cime. Tre Cime di Lavaredo da Misurina \u00e8 una salita situata nelle Dolomiti. Ha una lunghezza di 7,5 km, un dislivello di 656 metri e una pendenza media del 8,7%. Il punto pi\u00f9 alto \u00e8 a 2373 metri sul livello del mare. Il paesaggio \u00e8 spettacolare e durante l\u2019ascesa di possono ammirare le Dolomiti di Sesto, le Tre Cime e i Cadini di Misurina nel parco Naturale Tre Cime.<\/p>\n<p>\ud83d\udfe2 Segui\u00a0<strong>LAVIA,<\/strong>\u00a0arriva alla\u00a0<strong>META<\/strong>!<\/p>\n","protected":false},"featured_media":10724,"comment_status":"open","ping_status":"closed","template":"","meta":[],"product_brand":[],"product_cat":[28],"product_tag":[1371,152,173,339,37],"class_list":{"0":"post-10717","1":"product","2":"type-product","3":"status-publish","4":"has-post-thumbnail","6":"product_cat-gravel","7":"product_tag-auronzo-di-cadore","8":"product_tag-belluno","9":"product_tag-bolzano","10":"product_tag-dobbiaco","11":"product_tag-r-trentinoaltoadige","13":"first","14":"instock","15":"downloadable","16":"virtual","17":"product-type-simple"},"_links":{"self":[{"href":"https:\/\/lavia.cc\/gpx\/wp-json\/wp\/v2\/product\/10717","targetHints":{"allow":["GET"]}}],"collection":[{"href":"https:\/\/lavia.cc\/gpx\/wp-json\/wp\/v2\/product"}],"about":[{"href":"https:\/\/lavia.cc\/gpx\/wp-json\/wp\/v2\/types\/product"}],"replies":[{"embeddable":true,"href":"https:\/\/lavia.cc\/gpx\/wp-json\/wp\/v2\/comments?post=10717"}],"version-history":[{"count":6,"href":"https:\/\/lavia.cc\/gpx\/wp-json\/wp\/v2\/product\/10717\/revisions"}],"predecessor-version":[{"id":10793,"href":"https:\/\/lavia.cc\/gpx\/wp-json\/wp\/v2\/product\/10717\/revisions\/10793"}],"wp:featuredmedia":[{"embeddable":true,"href":"https:\/\/lavia.cc\/gpx\/wp-json\/wp\/v2\/media\/10724"}],"wp:attachment":[{"href":"https:\/\/lavia.cc\/gpx\/wp-json\/wp\/v2\/media?parent=10717"}],"wp:term":[{"taxonomy":"product_brand","embeddable":true,"href":"https:\/\/lavia.cc\/gpx\/wp-json\/wp\/v2\/product_brand?post=10717"},{"taxonomy":"product_cat","embeddable":true,"href":"https:\/\/lavia.cc\/gpx\/wp-json\/wp\/v2\/product_cat?post=10717"},{"taxonomy":"product_tag","embeddable":true,"href":"https:\/\/lavia.cc\/gpx\/wp-json\/wp\/v2\/product_tag?post=10717"}],"curies":[{"name":"wp","href":"https:\/\/api.w.org\/{rel}","templated":true}]}}