{"id":11457,"date":"2024-04-02T11:13:07","date_gmt":"2024-04-02T09:13:07","guid":{"rendered":"https:\/\/lavia.cc\/gpx\/?post_type=product&#038;p=11457"},"modified":"2024-07-29T21:42:50","modified_gmt":"2024-07-29T19:42:50","slug":"monte-raiamagra-da-lago-laceno","status":"publish","type":"product","link":"https:\/\/lavia.cc\/gpx\/tracce\/monte-raiamagra-da-lago-laceno\/","title":{"rendered":"Monte Raiamagra da Lago Laceno"},"content":{"rendered":"<h5>Monte Raiamagra da Lago Laceno<\/h5>\n<p>\u27a1\ufe0f Clicca qui per andare al punto di partenza: <a href=\"https:\/\/www.google.com\/maps\/place\/Piazzale+Seggiovie\/@40.7973157,15.1034905,17z\/data=!3m1!4b1!4m6!3m5!1s0x13397c8b5b0bd9a7:0x7938bb296ac3ad28!8m2!3d40.7973157!4d15.1034905!16s%2Fg%2F11f01vb5t9?entry=ttu\" target=\"_blank\" rel=\"noopener\">GOOGLE MAPS<\/a> (Parcheggio seggiovie)<\/p>\n<p>\u2139\ufe0f Una volta affrontata tutta la salita ci si trova ad un certo punto in un tratto boschivo pianeggiante, questi sono gli ultimi metri da percorrere fino alla bellissima vista del<strong> rifugio canadese<\/strong>. Purtroppo questo particolare rifugio allo stato attuale risulta abbandonato, si pu\u00f2 entrare ma la struttura \u00e8 completamente vuota e priva di vetri alle finestre.<\/p>\n<p>\u26fa\ufe0fA quota 1400 m si trova il<a href=\"https:\/\/www.avellinotoday.it\/ristoranti\/rifugio-laceno.html\" target=\"_blank\" rel=\"noopener\"> Rifugio Lacen\u00f2<\/a>, un classico rifugio di montagna. E&#8217; all&#8217;arrivo della prima seggiovia della localit\u00e0 sciistica Altopiano del Laceno. Si tratta di un luogo dalla <strong>grande ospitalit\u00e0<\/strong> e professionalit\u00e0, antipasto locale di formaggi e salumi, primi piatti di ravioli fatti a mano, con tartufo o funghi, tegamino, pappardelle, Da scegliere come secondo grigliata di carne con contorni vari molto particolari. I dolci sono fatti a mano dalla cuoca. Il rifugio utilizza prodotti biologici. All&#8217;esterno c&#8217;\u00e8 un bel parco gratuito per bambini.<\/p>\n<p>\ud83d\uddfa\ufe0f Mappa e altimetria dell&#8217; <a href=\"https:\/\/lavia.cc\/gpx\/categoria-tracce\/escursionismo\/\">escursione<\/a> &#8220;<strong>Monte Raiamagra da Lago Laceno<\/strong>&#8220;:<\/p>\n\r\n\t\t<div id=\"wpgpxmaps_11457_2837489\" class=\"wpgpxmaps\">\r\n\t\t\t<div id=\"map_11457_2837489_cont\" style=\"width:100%; height:450px;position:relative\" >\r\n\t\t\t\t<div id=\"map_11457_2837489\" style=\"width:100%; height:450px\"><\/div>\r\n\t\t\t\t<div id=\"wpgpxmaps_11457_2837489_osm_footer\" class=\"wpgpxmaps_osm_footer\" style=\"display:none;\"><span> &copy; <a href=\"http:\/\/www.openstreetmap.org\/copyright\" target=\"_blank\" rel=\"noopener\">OpenStreetMap<\/a> contributors<\/span><\/div>\r\n\t\t\t<\/div>\r\n\t\t\t<canvas id=\"myChart_11457_2837489\" class=\"plot\" style=\"width:100%; height:200px\"><\/canvas>\r\n\t\t\t<div id=\"ngimages_11457_2837489\" class=\"ngimages\" style=\"display:none\"><\/div>\r\n\t\t\t<div id=\"report_11457_2837489\" class=\"report\"><\/div>\r\n\t\t<\/div>\r\n\t\t\r\n\t\t<script type=\"text\/javascript\">\r\n\r\n\t\t\tjQuery(document).ready(function() {\r\n\r\n\t\t\t\tjQuery( \"#wpgpxmaps_11457_2837489\" ).wpgpxmaps( {\r\n\t\t\t\t\ttargetId           : \"11457_2837489\",\r\n\t\t\t\t\tmapType            : \"HYBRID\",\r\n\t\t\t\t\tmapData            : [[40.7972780,15.1034380],[40.7969850,15.1039210],[40.7966940,15.1040110],[40.7964640,15.1041940],[40.7963330,15.1042420],[40.7962620,15.1044840],[40.7959550,15.1049890],[40.7957790,15.1051170],[40.7956010,15.1055590],[40.7954520,15.1057020],[40.7951990,15.1057260],[40.7949100,15.1058930],[40.7947890,15.1060840],[40.7947210,15.1062980],[40.7947210,15.1070850],[40.7946670,15.1075140],[40.7947700,15.1081880],[40.7947390,15.1084620],[40.7949100,15.1088970],[40.7949620,15.1095930],[40.7949420,15.1098630],[40.7948250,15.1102980],[40.7947070,15.1104940],[40.7945400,15.1104770],[40.7944130,15.1101610],[40.7943590,15.1098680],[40.7942330,15.1095530],[40.7940010,15.1091470],[40.7938290,15.1090040],[40.7934680,15.1090280],[40.7933190,15.1089330],[40.7932160,15.1087420],[40.7930430,15.1082970],[40.7928220,15.1079310],[40.7927550,15.1077710],[40.7925380,15.1067570],[40.7923640,15.1063820],[40.7923300,15.1061020],[40.7921860,15.1056610],[40.7922270,15.1054520],[40.7921770,15.1052600],[40.7920230,15.1049740],[40.7919740,15.1046820],[40.7917710,15.1040860],[40.7915140,15.1037880],[40.7910200,15.1035760],[40.7906680,15.1035760],[40.7904030,15.1034670],[40.7903220,15.1033020],[40.7903380,15.1030510],[40.7904690,15.1029140],[40.7905320,15.1027950],[40.7906990,15.1022590],[40.7908210,15.1020620],[40.7909390,15.1017220],[40.7909970,15.1011680],[40.7909750,15.1009120],[40.7908390,15.1005120],[40.7905870,15.1000590],[40.7904470,15.0999400],[40.7902350,15.0999220],[40.7899250,15.0996900],[40.7897520,15.0995940],[40.7896480,15.0994210],[40.7894900,15.0990220],[40.7894400,15.0987120],[40.7894000,15.0980040],[40.7892730,15.0978350],[40.7891460,15.0975370],[40.7888480,15.0970070],[40.7887580,15.0967920],[40.7886230,15.0966250],[40.7885050,15.0965480],[40.7882590,15.0964610],[40.7879530,15.0962200],[40.7878600,15.0963150],[40.7878450,15.0962280],[40.7879050,15.0961240],[40.7878940,15.0960450],[40.7878670,15.0959680],[40.7879420,15.0958920],[40.7879890,15.0957780],[40.7880360,15.0956620],[40.7880880,15.0955630],[40.7881480,15.0954780],[40.7882400,15.0954620],[40.7883160,15.0953990],[40.7884000,15.0953270],[40.7884840,15.0952940],[40.7885850,15.0953350],[40.7886830,15.0952960],[40.7886460,15.0951720],[40.7885990,15.0950400],[40.7885430,15.0949400],[40.7884510,15.0948760],[40.7883610,15.0948730],[40.7882700,15.0948650],[40.7881720,15.0948740],[40.7880900,15.0949200],[40.7879930,15.0949520],[40.7878980,15.0949220],[40.7878280,15.0948210],[40.7877380,15.0947650],[40.7876730,15.0946700],[40.7876180,15.0945660],[40.7875360,15.0944870],[40.7874760,15.0944080],[40.7873940,15.0942800],[40.7873300,15.0941890],[40.7872540,15.0941170],[40.7871840,15.0940330],[40.7870860,15.0939790],[40.7870310,15.0938570],[40.7869770,15.0937570],[40.7869540,15.0936350],[40.7868660,15.0935820],[40.7867720,15.0935440],[40.7866790,15.0935630],[40.7865860,15.0935850],[40.7864930,15.0936120],[40.7864260,15.0936930],[40.7863270,15.0937120],[40.7862470,15.0936530],[40.7861580,15.0936050],[40.7860640,15.0935700],[40.7860500,15.0934410],[40.7859860,15.0933420],[40.7859290,15.0932420],[40.7859060,15.0931480],[40.7858130,15.0930960],[40.7857170,15.0931250],[40.7857410,15.0930080],[40.7856720,15.0929440],[40.7855950,15.0930030],[40.7855430,15.0931110],[40.7855290,15.0932360],[40.7854830,15.0933480],[40.7854250,15.0934680],[40.7854040,15.0935870],[40.7853670,15.0937820],[40.7852030,15.0937780],[40.7850670,15.0938970],[40.7850310,15.0941660],[40.7851850,15.0942970],[40.7852520,15.0944930],[40.7850770,15.0945530],[40.7846840,15.0944690],[40.7845440,15.0943320],[40.7845230,15.0941860],[40.7842430,15.0936320],[40.7841080,15.0934290],[40.7839950,15.0933570],[40.7838140,15.0933690],[40.7836700,15.0932560],[40.7836520,15.0930120],[40.7836740,15.0928210],[40.7837380,15.0925950],[40.7839260,15.0921560],[40.7840790,15.0920010],[40.7841380,15.0917620],[40.7841060,15.0915480],[40.7841240,15.0913930],[40.7841780,15.0911480],[40.7843180,15.0907790],[40.7845300,15.0903970],[40.7847560,15.0901530],[40.7849680,15.0900220],[40.7851030,15.0898730],[40.7852970,15.0894140],[40.7854190,15.0892650],[40.7854690,15.0890210],[40.7858120,15.0887880],[40.7859200,15.0885560],[40.7860570,15.0884130],[40.7862350,15.0880530],[40.7864400,15.0874410],[40.7864750,15.0867660],[40.7867220,15.0860080],[40.7868260,15.0855370],[40.7868420,15.0852330],[40.7868180,15.0845400],[40.7869210,15.0844200],[40.7870810,15.0837800],[40.7871630,15.0829850],[40.7873970,15.0824870],[40.7877950,15.0818490],[40.7881090,15.0818570],[40.7881610,15.0810950],[40.7883500,15.0799100],[40.7884880,15.0793980],[40.7887530,15.0796520],[40.7888880,15.0795270],[40.7890550,15.0791720],[40.7890030,15.0785680],[40.7893090,15.0788460],[40.7892780,15.0784670],[40.7894310,15.0776280],[40.7897180,15.0784870],[40.7903710,15.0791240],[40.7907150,15.0789990],[40.7908920,15.0796200],[40.7921860,15.0800910],[40.7918900,15.0811760],[40.7921040,15.0815910],[40.7921380,15.0823770],[40.7920430,15.0835130],[40.7918930,15.0838520],[40.7918660,15.0844440],[40.7917410,15.0848640],[40.7918510,15.0864270],[40.7918350,15.0869270],[40.7915700,15.0880760],[40.7917380,15.0882610],[40.7918540,15.0896440],[40.7921470,15.0905590],[40.7923460,15.0908350],[40.7928790,15.0915710],[40.7933460,15.0939530],[40.7933610,15.0949640],[40.7934280,15.0957260],[40.7936570,15.0964320],[40.7940480,15.0973470],[40.7941660,15.0986050],[40.7947350,15.1000310],[40.7954760,15.1012440],[40.7960780,15.1029530],[40.7966940,15.1040110],[40.7967390,15.1041390],[40.7967600,15.1042640]],\r\n\t\t\t\t\tgraphDist          : [0.00,0.05,0.09,0.12,0.13,0.15,0.21,0.23,0.27,0.29,0.32,0.36,0.38,0.40,0.47,0.50,0.56,0.58,0.63,0.69,0.71,0.75,0.77,0.79,0.82,0.84,0.87,0.92,0.94,0.98,1.00,1.02,1.06,1.10,1.12,1.21,1.24,1.27,1.31,1.33,1.34,1.37,1.40,1.46,1.49,1.55,1.59,1.62,1.64,1.66,1.68,1.69,1.74,1.76,1.79,1.84,1.86,1.90,1.95,1.97,1.99,2.03,2.05,2.07,2.11,2.14,2.20,2.22,2.25,2.30,2.32,2.34,2.36,2.39,2.43,2.44,2.45,2.46,2.47,2.48,2.50,2.51,2.52,2.53,2.54,2.55,2.56,2.57,2.58,2.59,2.61,2.62,2.63,2.64,2.65,2.66,2.67,2.68,2.69,2.71,2.72,2.73,2.74,2.75,2.76,2.77,2.78,2.80,2.81,2.82,2.83,2.84,2.85,2.86,2.88,2.89,2.90,2.91,2.92,2.93,2.94,2.95,2.96,2.97,2.98,2.99,3.01,3.02,3.03,3.04,3.05,3.06,3.07,3.08,3.09,3.10,3.11,3.13,3.14,3.16,3.17,3.19,3.22,3.24,3.25,3.27,3.32,3.34,3.35,3.41,3.43,3.45,3.47,3.48,3.51,3.52,3.54,3.58,3.61,3.63,3.65,3.66,3.68,3.72,3.76,3.79,3.82,3.83,3.88,3.90,3.92,3.96,3.99,4.00,4.04,4.10,4.15,4.22,4.26,4.29,4.35,4.36,4.42,4.49,4.54,4.61,4.64,4.71,4.81,4.86,4.89,4.91,4.95,5.00,5.04,5.07,5.14,5.23,5.32,5.36,5.42,5.58,5.67,5.72,5.79,5.88,5.92,5.97,6.01,6.14,6.18,6.29,6.31,6.43,6.51,6.55,6.63,6.84,6.93,6.99,7.06,7.15,7.26,7.39,7.53,7.68,7.80,7.81,7.82],\r\n\t\t\t\t\tgraphEle           : [1106.41,1106.41,1106.41,1108.34,1110.26,1113.15,1120.08,1122.92,1128.27,1130.87,1134.68,1139.51,1142.40,1145.10,1154.23,1159.27,1166.06,1168.79,1173.61,1180.50,1183.21,1188.26,1190.99,1193.41,1197.32,1200.62,1204.51,1210.23,1213.49,1219.30,1221.95,1224.81,1230.89,1236.58,1238.85,1252.07,1257.59,1261.15,1267.18,1270.01,1272.68,1277.29,1281.22,1289.82,1295.75,1304.38,1310.09,1314.60,1317.02,1320.11,1322.83,1324.61,1331.60,1334.63,1339.07,1345.71,1348.77,1353.97,1360.19,1362.53,1365.53,1370.55,1373.19,1375.55,1380.36,1383.86,1391.85,1394.53,1398.37,1405.80,1408.62,1411.78,1414.03,1418.39,1424.49,1426.63,1428.25,1429.94,1431.56,1433.15,1434.83,1436.51,1438.22,1439.84,1441.38,1442.97,1444.54,1446.23,1447.89,1449.67,1451.41,1453.13,1455.02,1456.62,1458.37,1459.91,1461.44,1463.11,1464.66,1466.35,1468.00,1469.69,1471.22,1472.70,1474.20,1475.74,1477.13,1479.09,1480.53,1481.96,1483.46,1485.07,1486.71,1488.13,1489.57,1491.06,1492.57,1494.00,1495.43,1496.78,1497.84,1499.00,1500.07,1501.17,1502.29,1503.43,1504.63,1505.72,1506.80,1507.96,1509.09,1510.19,1511.33,1512.46,1513.58,1514.70,1515.80,1517.07,1518.31,1520.45,1522.62,1524.77,1527.50,1529.92,1532.08,1534.46,1539.72,1542.29,1544.12,1552.31,1555.64,1557.68,1560.62,1563.34,1566.36,1568.73,1571.43,1576.61,1579.23,1581.81,1584.05,1585.66,1588.28,1592.51,1596.99,1600.43,1603.19,1605.26,1609.95,1611.90,1614.16,1616.68,1617.51,1618.20,1619.50,1621.52,1622.31,1620.57,1619.53,1618.89,1617.04,1616.27,1613.42,1610.04,1607.58,1604.46,1602.89,1600.00,1593.88,1590.90,1588.52,1587.33,1584.32,1577.68,1572.32,1568.15,1557.72,1537.18,1514.43,1503.65,1487.36,1445.79,1425.20,1416.23,1403.46,1387.15,1381.54,1373.04,1366.47,1343.63,1336.19,1317.97,1313.59,1291.47,1275.08,1268.79,1254.56,1223.48,1211.79,1202.62,1192.89,1179.59,1164.84,1146.74,1130.41,1124.12,1124.12,1124.12,1124.12],\r\n\t\t\t\t\tgraphSpeed         : [],\r\n\t\t\t\t\tgraphHr            : [],\r\n\t\t\t\t\tgraphAtemp         : [],\r\n\t\t\t\t\tgraphCad           : [],\r\n\t\t\t\t\tgraphGrade         : [],\r\n\t\t\t\t\twaypoints          : [],\r\n\t\t\t\t\tunit               : \"2\",\r\n\t\t\t\t\tunitspeed          : \"0\",\r\n\t\t\t\t\tcolor1             : [\"#3366cc\"],\r\n\t\t\t\t\tcolor2             : \"#3366cc\",\r\n\t\t\t\t\tcolor3             : \"#ff0000\",\r\n\t\t\t\t\tcolor4             : \"#ff77bd\",\r\n\t\t\t\t\tcolor5             : \"#beecff\",\r\n\t\t\t\t\tcolor6             : \"#beecff\",\r\n\t\t\t\t\tcolor7             : \"#ff77bd\",\r\n\t\t\t\t\tchartFrom1         : \"\",\r\n\t\t\t\t\tchartTo1           : \"\",\r\n\t\t\t\t\tchartFrom2         : \"\",\r\n\t\t\t\t\tchartTo2           : \"\",\r\n\t\t\t\t\tstartIcon          : \"\",\r\n\t\t\t\t\tendIcon            : \"\",\r\n\t\t\t\t\tcurrentIcon        : \"\",\r\n\t\t\t\t\twaypointIcon       : \"https:\/\/lavia.cc\/gpx\/wp-content\/uploads\/gpx\/cropped-icona.ico\",\r\n\t\t\t\t\tcurrentpositioncon : \"\",\r\n\t\t\t\t\tusegpsposition     : \"\",\r\n\t\t\t\t\tzoomOnScrollWheel  : \"\",\r\n\t\t\t\t\tngGalleries        : [],\r\n\t\t\t\t\tngImages           : [],\r\n\t\t\t\t\tpluginUrl          : \"https:\/\/lavia.cc\/gpx\/wp-content\/plugins\",\r\n\t\t\t\t\tTFApiKey           : \"\",\r\n\t\t\t\t\tMapBoxApiKey           : \"\",\r\n\t\t\t\t\tlangs              : {\r\n\t\t\t\t\t\taltitude        : \"Altitudine\",\r\n\t\t\t\t\t\tcurrentPosition : \"Current position\",\r\n\t\t\t\t\t\tspeed           : \"Velocit\u00e0\",\r\n\t\t\t\t\t\tgrade           : \"Grade\",\r\n\t\t\t\t\t\theartRate       : \"Battito Cardiaco\",\r\n\t\t\t\t\t\tatemp           : \"Temperature\",\r\n\t\t\t\t\t\tcadence         : \"Cadenza\",\r\n\t\t\t\t\t\tgoFullScreen    : \"Go full screen\",\r\n\t\t\t\t\t\texitFullFcreen  : \"Exit full screen\",\r\n\t\t\t\t\t\thideImages      : \"Hide images\",\r\n\t\t\t\t\t\tshowImages      : \"Show images\",\r\n\t\t\t\t\t\tbackToCenter\t: \"Ritorna al centro della mappa\"\r\n\t\t\t\t\t}\r\n\t\t\t\t});\r\n\r\n\t\t\t});\r\n\r\n\t\t<\/script>\n<p>\ud83d\udfe2 Scarica la TRACCIA e Segui <a href=\"https:\/\/www.instagram.com\/lavia.cc\/\" target=\"_blank\" rel=\"noopener\">LAVIA<\/a>!<\/p>\n","protected":false},"excerpt":{"rendered":"<p>Semplice e piacevole ascesa del <strong>Monte Raiamagra<\/strong> che, con i suoi 1667 m s.l.m., \u00e8 una delle cime pi\u00f9 imponenti di tutta la Campania. Seppur la salita non presenta particolari difficolt\u00e0 raggiungere la vetta del Raiamagra porta letteralmente tra le nuvole fino ad avere \u201cai nostri piedi\u201d, da una parte l\u2019incanto <strong>dell\u2019Irpinia<\/strong> \u201cvestita di stagione\u201d e dall\u2019altro l\u2019immenso blu del <strong>Mar Tirreno<\/strong>. L\u2019escursione che proponiamo \u00e8 un percorso ad anello di circa 8 Km che si snoda tra quelle che, una volta, erano le piste e le strade di servizio per la manutenzione delle seggiovie della rinomata localit\u00e0 sciistica di <strong>Lago Laceno<\/strong>, in territorio di Bagnoli Irpino, nel cuore del <strong>Parco Regionale Dei Picentini<\/strong>. Il Lago Laceno, a 1.100 metri di altitudine, circondato dai Monti Picentini, \u00e8 immerso nella natura incontaminata dell\u2019Irpinia e si presenta come un\u2019oasi di pace e tranquillit\u00e0; sembra lontano un anno luce dal caos della citt\u00e0 e dalla vita frenetica di tutti i giorni, quindi \u00e8 un luogo ideale in cui rilassarsi, godere di panorami stupendi, rigenerarsi, ma anche fare sport, mangiare ottimo cibo e conoscere alcune bellezze artistiche e architettoniche. L\u2019escursione \u00e8 ricca di vegetazione di faggi lungo l\u2019intero percorso in un contesto naturalistico e paesaggistico di notevole rilievo. Una volta in <strong>vetta (1667 mt)<\/strong> il panorama \u00e8 magnifico: oltre alle vette principali dei Picentini, da nord ad ovest, nell\u2019ordine Monte Terminio, Monte Mai, Monte Accelica, Monte Polveracchio e Monte Cervialto, nelle giornate terse appare in tutto il suo splendore il golfo di Salerno dai Monti Lattari fino a Punta Licosa ed oltre. Il percorso \u00e8 di fatto un <strong>anello<\/strong> di breve lunghezza adatto a tutti gli escursionisti, con traccia sempre ben visibile e con qualche tratto di moderata pendenza.<\/p>\n<p>Bellissima foto di <a href=\"https:\/\/www.instagram.com\/p\/CXy2B3bss2p\/\">@disaster_adventure<\/a><\/p>\n<p>\ud83d\udfe2 Segui\u00a0LAVIA,\u00a0arriva alla\u00a0META!<\/p>\n","protected":false},"featured_media":11464,"comment_status":"open","ping_status":"closed","template":"","meta":[],"product_brand":[],"product_cat":[31],"product_tag":[617,63],"class_list":{"0":"post-11457","1":"product","2":"type-product","3":"status-publish","4":"has-post-thumbnail","6":"product_cat-escursionismo","7":"product_tag-avellino","8":"product_tag-r-campania","10":"first","11":"instock","12":"downloadable","13":"virtual","14":"product-type-simple"},"_links":{"self":[{"href":"https:\/\/lavia.cc\/gpx\/wp-json\/wp\/v2\/product\/11457","targetHints":{"allow":["GET"]}}],"collection":[{"href":"https:\/\/lavia.cc\/gpx\/wp-json\/wp\/v2\/product"}],"about":[{"href":"https:\/\/lavia.cc\/gpx\/wp-json\/wp\/v2\/types\/product"}],"replies":[{"embeddable":true,"href":"https:\/\/lavia.cc\/gpx\/wp-json\/wp\/v2\/comments?post=11457"}],"version-history":[{"count":5,"href":"https:\/\/lavia.cc\/gpx\/wp-json\/wp\/v2\/product\/11457\/revisions"}],"predecessor-version":[{"id":11466,"href":"https:\/\/lavia.cc\/gpx\/wp-json\/wp\/v2\/product\/11457\/revisions\/11466"}],"wp:featuredmedia":[{"embeddable":true,"href":"https:\/\/lavia.cc\/gpx\/wp-json\/wp\/v2\/media\/11464"}],"wp:attachment":[{"href":"https:\/\/lavia.cc\/gpx\/wp-json\/wp\/v2\/media?parent=11457"}],"wp:term":[{"taxonomy":"product_brand","embeddable":true,"href":"https:\/\/lavia.cc\/gpx\/wp-json\/wp\/v2\/product_brand?post=11457"},{"taxonomy":"product_cat","embeddable":true,"href":"https:\/\/lavia.cc\/gpx\/wp-json\/wp\/v2\/product_cat?post=11457"},{"taxonomy":"product_tag","embeddable":true,"href":"https:\/\/lavia.cc\/gpx\/wp-json\/wp\/v2\/product_tag?post=11457"}],"curies":[{"name":"wp","href":"https:\/\/api.w.org\/{rel}","templated":true}]}}