{"id":12355,"date":"2024-05-08T13:44:29","date_gmt":"2024-05-08T11:44:29","guid":{"rendered":"https:\/\/lavia.cc\/gpx\/?post_type=product&#038;p=12355"},"modified":"2024-10-07T16:46:07","modified_gmt":"2024-10-07T14:46:07","slug":"via-raetia-un-nuovo-cammino-in-valle-camonica","status":"publish","type":"product","link":"https:\/\/lavia.cc\/gpx\/tracce\/via-raetia-un-nuovo-cammino-in-valle-camonica\/","title":{"rendered":"Via Raetia, un nuovo cammino in Valle Camonica"},"content":{"rendered":"<h4>Via Raetia, un nuovo cammino in Valle Camonica<\/h4>\n<p>\u27a1\ufe0f Clicca qui per raggiungere il punto di partenza: <a href=\"https:\/\/www.google.com\/maps\/place\/25047+Boario+Terme+BS\/@45.8964393,10.16217,14z\/data=!3m1!4b1!4m6!3m5!1s0x4783d00a3923e229:0xb0060a784311130a!8m2!3d45.8928151!4d10.1884898!16s%2Fg%2F121lsyg4?authuser=0&amp;entry=ttu\" target=\"_blank\" rel=\"noopener\">GOOGLE MAPS<\/a> (Boario Terme, BS)<\/p>\n<p>\ud83d\udcdc \u00c8 possibile richiedere la credenziale sul <a href=\"https:\/\/viaraetia.org\/credenziale.html\" target=\"_blank\" rel=\"noopener\">sito ufficiale<\/a> del cammino.<\/p>\n<p>\ud83d\udd5c Periodo consigliato: da Aprile a Ottobre.<\/p>\n<p>\ud83d\uddfa\ufe0f Mappa e altimetria della <strong>Via Raetia<\/strong>:<\/p>\n<p style=\"text-align: center;\">DISPONIBILE A BREVE!<\/p>\n<p>\ud83d\udfe2 Segui\u00a0<strong>LAVIA,<\/strong>\u00a0arriva alla\u00a0<strong>META<\/strong>!<\/p>\n","protected":false},"excerpt":{"rendered":"<p>\ud83e\udd7e La Via Raetia \u00e8 un cammino che si sviluppa in Valle Camonica immerso nella natura alla scoperta di incisioni rupestri e santuari preistorici. Un itinerario di circa novantacinque chilometri, dalle terme di Boario a Edolo, suddiviso in cinque tappe, tra le Orobie Bresciane e il Parco dell&#8217;Adamello, tra la riserva della biosfera Valle Camonica &#8211; Alto Sebino e i numerosi siti archeologici (ben 14!), riconosciuti come patrimonio mondiale dell&#8217;Unesco. Una via che racconta l&#8217;emozionante percorso dell&#8217;umanit\u00e0, dalle pi\u00f9 antiche rappresentazioni della religiosit\u00e0 e dei gesti quotidiani sino ai giorni nostri, seguendo sentieri antichi tra castelli e pievi romaniche, tra fitti castagneti e ampie radure. Arricchiscono il percorso l&#8217;attraversamento di piccoli e incantevoli borghi di montagna e il passaggio negli alpeggi dove nascono gustosi prodotti caseari tradizionali. La Via Raetia \u00e8 un&#8217;esperienza autentica, che coniuga la maestosit\u00e0 della natura con la ricchezza storica della <a href=\"https:\/\/lavia.cc\/gpx\/tag-tracce\/val-camonica\/\" target=\"_blank\" rel=\"noopener\">Valle Camonica<\/a>.<\/p>\n<p>\ud83d\udfe2 Segui\u00a0<strong>LAVIA,<\/strong>\u00a0arriva alla\u00a0<strong>META<\/strong><\/p>\n<p><a class=\"button\">[popup_trigger id=\"12766\" classes=\"viaraetia\"]\ud83d\udd14 GPX disponibile a breve. Clicca qui per ricevere una notifica![\/popup_trigger]<\/a><\/p>\n","protected":false},"featured_media":12779,"comment_status":"open","ping_status":"closed","template":"","meta":[],"product_brand":[],"product_cat":[23],"product_tag":[74,112],"class_list":{"0":"post-12355","1":"product","2":"type-product","3":"status-publish","4":"has-post-thumbnail","6":"product_cat-cammini","7":"product_tag-brescia","8":"product_tag-val-camonica","10":"first","11":"instock","12":"shipping-taxable","13":"product-type-simple"},"_links":{"self":[{"href":"https:\/\/lavia.cc\/gpx\/wp-json\/wp\/v2\/product\/12355","targetHints":{"allow":["GET"]}}],"collection":[{"href":"https:\/\/lavia.cc\/gpx\/wp-json\/wp\/v2\/product"}],"about":[{"href":"https:\/\/lavia.cc\/gpx\/wp-json\/wp\/v2\/types\/product"}],"replies":[{"embeddable":true,"href":"https:\/\/lavia.cc\/gpx\/wp-json\/wp\/v2\/comments?post=12355"}],"version-history":[{"count":16,"href":"https:\/\/lavia.cc\/gpx\/wp-json\/wp\/v2\/product\/12355\/revisions"}],"predecessor-version":[{"id":13723,"href":"https:\/\/lavia.cc\/gpx\/wp-json\/wp\/v2\/product\/12355\/revisions\/13723"}],"wp:featuredmedia":[{"embeddable":true,"href":"https:\/\/lavia.cc\/gpx\/wp-json\/wp\/v2\/media\/12779"}],"wp:attachment":[{"href":"https:\/\/lavia.cc\/gpx\/wp-json\/wp\/v2\/media?parent=12355"}],"wp:term":[{"taxonomy":"product_brand","embeddable":true,"href":"https:\/\/lavia.cc\/gpx\/wp-json\/wp\/v2\/product_brand?post=12355"},{"taxonomy":"product_cat","embeddable":true,"href":"https:\/\/lavia.cc\/gpx\/wp-json\/wp\/v2\/product_cat?post=12355"},{"taxonomy":"product_tag","embeddable":true,"href":"https:\/\/lavia.cc\/gpx\/wp-json\/wp\/v2\/product_tag?post=12355"}],"curies":[{"name":"wp","href":"https:\/\/api.w.org\/{rel}","templated":true}]}}