{"id":13020,"date":"2024-05-17T07:00:37","date_gmt":"2024-05-17T05:00:37","guid":{"rendered":"https:\/\/lavia.cc\/gpx\/?post_type=product&#038;p=13020"},"modified":"2024-10-07T17:34:20","modified_gmt":"2024-10-07T15:34:20","slug":"bike-tour-maremma-grosseto","status":"publish","type":"product","link":"https:\/\/lavia.cc\/gpx\/tracce\/bike-tour-maremma-grosseto\/","title":{"rendered":"Bike Tour nella campagna maremmana"},"content":{"rendered":"<h5>Bike Tour nella campagna maremmana<\/h5>\n<p>\u27a1\ufe0f Clicca qui per raggiungere il punto di partenza:\u00a0<a href=\"https:\/\/www.google.com\/maps\/place\/Parco+Pubblico+Via+A.+Sordi\/@42.7399924,11.1103503,18.71z\/data=!4m12!1m5!3m4!2zNDLCsDQ0JzIyLjMiTiAxMcKwMDYnNDEuNiJF!8m2!3d42.7395278!4d11.1115556!3m5!1s0x1329b1043afecf3f:0x2504c9a6c12431a4!8m2!3d42.7397785!4d11.1114686!16s%2Fg%2F11h0v8zzp5?authuser=0&amp;entry=ttu\" target=\"_blank\" rel=\"noopener\">GOOGLE MAPS<\/a>\u00a0(Parco pubblico Via A. Sordi)<\/p>\n<p>\ud83d\udee4\ufe0f Fondo: 80% asfalto, 20% sterrato.<\/p>\n<p>\ud83d\udeb2 Tipologia di bici consigliata: Cicloturismo \/ <a href=\"https:\/\/lavia.cc\/gpx\/categoria-tracce\/gravel\/\" target=\"_blank\" rel=\"noopener\">Gravel<\/a>.<\/p>\n<p>\ud83d\udd5c Periodo consigliato: tutto l&#8217;anno.<\/p>\n<p>\ud83d\uddfa\ufe0f Mappa e altimetria del Bike Tour nella campagna maremmana:<\/p>\n\r\n\t\t<div id=\"wpgpxmaps_13020_3543884\" class=\"wpgpxmaps\">\r\n\t\t\t<div id=\"map_13020_3543884_cont\" style=\"width:100%; height:450px;position:relative\" >\r\n\t\t\t\t<div id=\"map_13020_3543884\" style=\"width:100%; height:450px\"><\/div>\r\n\t\t\t\t<div id=\"wpgpxmaps_13020_3543884_osm_footer\" class=\"wpgpxmaps_osm_footer\" style=\"display:none;\"><span> &copy; <a href=\"http:\/\/www.openstreetmap.org\/copyright\" target=\"_blank\" rel=\"noopener\">OpenStreetMap<\/a> contributors<\/span><\/div>\r\n\t\t\t<\/div>\r\n\t\t\t<canvas id=\"myChart_13020_3543884\" class=\"plot\" style=\"width:100%; height:200px\"><\/canvas>\r\n\t\t\t<div id=\"ngimages_13020_3543884\" class=\"ngimages\" style=\"display:none\"><\/div>\r\n\t\t\t<div id=\"report_13020_3543884\" class=\"report\"><\/div>\r\n\t\t<\/div>\r\n\t\t\r\n\t\t<script type=\"text\/javascript\">\r\n\r\n\t\t\tjQuery(document).ready(function() {\r\n\r\n\t\t\t\tjQuery( \"#wpgpxmaps_13020_3543884\" ).wpgpxmaps( {\r\n\t\t\t\t\ttargetId           : \"13020_3543884\",\r\n\t\t\t\t\tmapType            : \"HYBRID\",\r\n\t\t\t\t\tmapData            : [[42.7396460,11.1115090],[42.7396060,11.1116770],[42.7385310,11.1118810],[42.7375270,11.1120620],[42.7370430,11.1121580],[42.7361860,11.1123220],[42.7347890,11.1125970],[42.7338660,11.1127550],[42.7296070,11.1135560],[42.7284860,11.1137740],[42.7283690,11.1137650],[42.7282110,11.1115310],[42.7281210,11.1115010],[42.7269530,11.1115870],[42.7269590,11.1041160],[42.7269780,11.1002410],[42.7269740,11.0991040],[42.7269510,11.0987140],[42.7268980,11.0982550],[42.7267660,11.0976490],[42.7265750,11.0971730],[42.7262520,11.0967060],[42.7259000,11.0963010],[42.7250670,11.0954530],[42.7246890,11.0951240],[42.7242950,11.0948490],[42.7240220,11.0946970],[42.7235150,11.0944950],[42.7232280,11.0944160],[42.7211960,11.0940350],[42.7204080,11.0937390],[42.7198700,11.0933990],[42.7195110,11.0930960],[42.7179700,11.0914730],[42.7149580,11.0882150],[42.7124200,11.0854760],[42.7119940,11.0850450],[42.7080460,11.0807460],[42.7086320,11.0806130],[42.7090020,11.0806150],[42.7091790,11.0803690],[42.7081190,11.0785760],[42.7051340,11.0735360],[42.7087080,11.0736950],[42.7126920,11.0739450],[42.7149020,11.0740490],[42.7149180,11.0738230],[42.7140710,11.0650000],[42.7139360,11.0644420],[42.7138990,11.0638600],[42.7137840,11.0633910],[42.7137330,11.0627170],[42.7137880,11.0625480],[42.7134170,11.0582640],[42.7133320,11.0577800],[42.7132560,11.0575140],[42.7135800,11.0573460],[42.7158090,11.0561700],[42.7181870,11.0549230],[42.7228410,11.0524660],[42.7202540,11.0433750],[42.7176610,11.0343000],[42.7195030,11.0333330],[42.7222910,11.0318690],[42.7270090,11.0293810],[42.7263960,11.0271990],[42.7242150,11.0195890],[42.7240970,11.0191780],[42.7241110,11.0190280],[42.7255470,11.0167250],[42.7256530,11.0166050],[42.7257960,11.0165340],[42.7257720,11.0162860],[42.7257680,11.0160660],[42.7258090,11.0156500],[42.7258360,11.0155050],[42.7259450,11.0149970],[42.7261150,11.0142890],[42.7263250,11.0135950],[42.7263260,11.0108640],[42.7263330,11.0055670],[42.7263390,11.0041980],[42.7262790,11.0034760],[42.7261570,11.0031300],[42.7260250,11.0028750],[42.7252020,11.0014250],[42.7237370,10.9987560],[42.7231800,10.9977410],[42.7230460,10.9974660],[42.7230640,10.9971400],[42.7230150,10.9969990],[42.7229420,10.9968870],[42.7228250,10.9966840],[42.7225610,10.9965990],[42.7224390,10.9964760],[42.7214600,10.9946920],[42.7206700,10.9933760],[42.7206160,10.9931880],[42.7203760,10.9929190],[42.7201930,10.9926170],[42.7198390,10.9921510],[42.7196180,10.9918130],[42.7194310,10.9916110],[42.7189610,10.9909660],[42.7188700,10.9909970],[42.7187630,10.9908440],[42.7185980,10.9906040],[42.7185180,10.9904830],[42.7182290,10.9900970],[42.7178740,10.9896000],[42.7172100,10.9886670],[42.7170490,10.9884160],[42.7168010,10.9880280],[42.7166450,10.9877540],[42.7165710,10.9876210],[42.7165110,10.9874940],[42.7162820,10.9870650],[42.7161540,10.9868210],[42.7161100,10.9866810],[42.7161010,10.9865280],[42.7161230,10.9863970],[42.7161710,10.9862800],[42.7162910,10.9861610],[42.7167590,10.9857360],[42.7164630,10.9851710],[42.7163860,10.9850230],[42.7161020,10.9844500],[42.7158240,10.9839090],[42.7150460,10.9846400],[42.7153220,10.9851800],[42.7154790,10.9855050],[42.7149560,10.9859600],[42.7145160,10.9863350],[42.7139790,10.9868020],[42.7132600,10.9874430],[42.7128470,10.9877990],[42.7125850,10.9880220],[42.7120210,10.9885200],[42.7112840,10.9891720],[42.7107570,10.9896270],[42.7106520,10.9897140],[42.7100300,10.9902210],[42.7097900,10.9904130],[42.7094860,10.9906600],[42.7090740,10.9910020],[42.7089290,10.9910030],[42.7074800,10.9920440],[42.7060570,10.9930410],[42.7046450,10.9940540],[42.7042450,10.9942970],[42.7032340,10.9948400],[42.6993300,10.9967700],[42.6989040,10.9970030],[42.6987120,10.9971600],[42.6986220,10.9972660],[42.6985180,10.9973160],[42.6983600,10.9974630],[42.6982230,10.9975380],[42.6981360,10.9976520],[42.6979970,10.9976400],[42.6979190,10.9977170],[42.6977980,10.9979180],[42.6974200,10.9980690],[42.6974980,10.9981840],[42.6974190,10.9983400],[42.6973520,10.9985780],[42.6971850,10.9984910],[42.6967130,10.9984420],[42.6966230,10.9982870],[42.6960580,10.9984830],[42.6961670,10.9987810],[42.6953410,10.9992390],[42.6956710,10.9997950],[42.6952390,11.0001520],[42.6948020,11.0004630],[42.6941600,11.0009940],[42.6940100,11.0010320],[42.6938640,11.0009800],[42.6936960,11.0006320],[42.6929250,11.0011130],[42.6928190,11.0011170],[42.6927110,11.0009270],[42.6924730,11.0010100],[42.6923150,11.0011080],[42.6913890,11.0014620],[42.6930940,11.0049260],[42.6944110,11.0074900],[42.6945250,11.0075060],[42.6944110,11.0074900],[42.6930940,11.0049260],[42.6913890,11.0014620],[42.6922960,11.0010650],[42.6924730,11.0010100],[42.6927110,11.0009270],[42.6928190,11.0011170],[42.6928780,11.0012320],[42.6931650,11.0019160],[42.6934110,11.0017290],[42.6934760,11.0018870],[42.6939610,11.0031320],[42.6944290,11.0042680],[42.6946790,11.0040570],[42.6957540,11.0057100],[42.6962160,11.0064190],[42.6969090,11.0056440],[42.6970890,11.0054600],[42.6975910,11.0049490],[42.6977200,11.0048070],[42.6980800,11.0044260],[42.6982200,11.0042830],[42.6983170,11.0043270],[42.6984020,11.0044200],[42.6988540,11.0050390],[42.6995040,11.0061270],[42.7000150,11.0069820],[42.7002750,11.0074170],[42.7004450,11.0077100],[42.7012540,11.0091030],[42.7025570,11.0112810],[42.7062000,11.0174490],[42.7067390,11.0182590],[42.7066350,11.0183610],[42.7074170,11.0196950],[42.7076740,11.0201160],[42.7076910,11.0203610],[42.7076930,11.0205820],[42.7076730,11.0207040],[42.7074260,11.0213970],[42.7066930,11.0226830],[42.7064130,11.0231220],[42.7048330,11.0255950],[42.7040800,11.0267700],[42.7033790,11.0278670],[42.7014390,11.0308940],[42.7011620,11.0313640],[42.7007640,11.0321870],[42.7004630,11.0330200],[42.7003190,11.0334990],[42.7001570,11.0341900],[42.7000350,11.0348480],[42.6999130,11.0360950],[42.6999090,11.0370770],[42.7000140,11.0387400],[42.7000290,11.0389510],[42.7003700,11.0439390],[42.7013260,11.0578290],[42.7015880,11.0616880],[42.7019710,11.0672650],[42.7020010,11.0675610],[42.7021120,11.0680750],[42.7023590,11.0687970],[42.7027850,11.0695980],[42.7044170,11.0723450],[42.7051340,11.0735360],[42.7081190,11.0785760],[42.7091790,11.0803690],[42.7090420,11.0805900],[42.7086320,11.0806130],[42.7080460,11.0807460],[42.7119940,11.0850450],[42.7124200,11.0854760],[42.7149580,11.0882150],[42.7179700,11.0914730],[42.7195110,11.0930960],[42.7198700,11.0933990],[42.7204080,11.0937390],[42.7211960,11.0940350],[42.7232280,11.0944160],[42.7235150,11.0944950],[42.7240220,11.0946970],[42.7242950,11.0948490],[42.7246890,11.0951240],[42.7250670,11.0954530],[42.7259000,11.0963010],[42.7262520,11.0967060],[42.7265750,11.0971730],[42.7267660,11.0976490],[42.7268980,11.0982550],[42.7269510,11.0987140],[42.7269740,11.0991040],[42.7269780,11.1002410],[42.7269590,11.1041160],[42.7269530,11.1115870],[42.7281210,11.1115010],[42.7282110,11.1115310],[42.7283410,11.1136610],[42.7284860,11.1137740],[42.7296070,11.1135560],[42.7338660,11.1127550],[42.7347890,11.1125970],[42.7361860,11.1123220],[42.7370430,11.1121580],[42.7375270,11.1120620],[42.7385310,11.1118810],[42.7395390,11.1117000],[42.7396460,11.1115090]],\r\n\t\t\t\t\tgraphDist          : [0.00,0.01,0.14,0.25,0.30,0.40,0.56,0.66,1.14,1.26,1.28,1.46,1.47,1.60,2.21,2.53,2.62,2.65,2.69,2.74,2.78,2.84,2.89,3.00,3.05,3.10,3.14,3.19,3.23,3.46,3.55,3.61,3.66,3.88,4.30,4.66,4.72,5.28,5.35,5.39,5.42,5.61,6.14,6.54,6.98,7.22,7.24,7.97,8.02,8.07,8.11,8.16,8.18,8.54,8.58,8.60,8.64,8.90,9.19,9.74,10.54,11.33,11.55,11.88,12.45,12.64,13.31,13.34,13.35,13.60,13.62,13.63,13.65,13.67,13.71,13.72,13.76,13.82,13.89,14.11,14.55,14.66,14.72,14.75,14.77,14.92,15.20,15.30,15.33,15.35,15.37,15.38,15.40,15.43,15.45,15.63,15.77,15.78,15.82,15.85,15.91,15.94,15.97,16.04,16.05,16.07,16.10,16.11,16.16,16.21,16.32,16.35,16.39,16.42,16.43,16.44,16.49,16.51,16.52,16.54,16.55,16.56,16.57,16.64,16.69,16.71,16.76,16.82,16.92,16.98,17.01,17.08,17.14,17.21,17.30,17.36,17.39,17.47,17.56,17.63,17.65,17.73,17.76,17.80,17.85,17.87,18.05,18.23,18.41,18.45,18.57,19.04,19.09,19.11,19.13,19.14,19.16,19.18,19.19,19.21,19.22,19.24,19.28,19.29,19.31,19.33,19.36,19.41,19.42,19.49,19.52,19.62,19.67,19.73,19.79,19.87,19.89,19.90,19.94,20.03,20.05,20.07,20.09,20.11,20.22,20.56,20.82,20.83,20.84,21.10,21.44,21.55,21.57,21.60,21.62,21.63,21.69,21.72,21.74,21.85,21.96,22.00,22.18,22.26,22.36,22.38,22.45,22.47,22.52,22.54,22.55,22.57,22.64,22.76,22.85,22.89,22.92,23.07,23.30,23.95,24.03,24.05,24.19,24.23,24.25,24.27,24.28,24.34,24.48,24.52,24.79,24.92,25.04,25.37,25.42,25.50,25.57,25.61,25.67,25.73,25.83,25.91,26.05,26.07,26.48,27.62,27.93,28.39,28.41,28.46,28.52,28.60,28.89,29.02,29.55,29.73,29.76,29.80,29.87,30.43,30.49,30.85,31.28,31.50,31.54,31.61,31.70,31.93,31.96,32.02,32.05,32.10,32.15,32.27,32.32,32.37,32.41,32.47,32.50,32.54,32.63,32.95,33.56,33.69,33.70,33.87,33.89,34.02,34.50,34.60,34.76,34.85,34.91,35.02,35.13,35.15],\r\n\t\t\t\t\tgraphEle           : [6.51,6.51,6.51,6.51,6.51,6.49,6.57,6.75,7.19,7.06,7.05,7.08,7.09,7.13,7.32,7.27,7.01,6.92,6.82,6.68,6.57,6.43,6.30,6.35,6.39,6.42,6.42,6.40,6.39,6.12,5.98,5.88,5.81,5.49,4.80,4.22,4.15,3.86,3.71,3.60,3.52,2.97,1.84,2.24,2.22,1.86,1.82,0.71,0.76,0.82,0.86,0.94,0.96,1.21,1.24,1.25,1.27,1.38,1.45,2.18,1.68,0.73,0.61,0.51,0.57,0.50,0.14,0.19,0.20,0.61,0.64,0.68,0.72,0.76,0.82,0.83,0.86,0.90,0.96,0.76,0.96,0.97,0.97,0.96,0.96,1.00,2.19,3.01,3.33,3.64,3.79,3.94,4.18,4.54,4.74,5.96,6.16,6.13,6.08,6.02,5.93,5.87,5.83,5.71,5.69,5.67,5.62,5.58,5.45,5.28,4.89,4.72,4.46,4.29,4.20,4.12,3.86,3.75,3.71,3.68,3.65,3.61,3.56,3.38,3.21,3.12,2.70,2.29,1.66,1.55,1.48,1.33,1.75,2.55,3.62,4.18,4.53,5.30,5.83,6.05,6.09,6.21,6.18,6.14,6.08,6.07,5.87,5.60,5.27,5.17,4.78,3.01,2.83,2.80,2.80,2.80,2.80,2.80,2.79,2.79,2.79,2.79,2.78,2.78,2.81,2.85,2.90,3.00,3.03,3.15,3.26,3.74,4.02,4.15,4.18,4.22,4.23,4.19,3.93,3.22,3.11,2.96,2.76,2.62,1.88,0.42,0.27,0.27,0.27,0.33,1.76,2.28,2.40,2.54,2.63,2.70,3.02,3.05,3.06,3.13,3.21,3.24,3.56,3.78,3.94,3.95,4.00,4.02,4.02,4.01,4.01,4.00,3.97,3.86,3.73,3.67,3.61,3.29,3.24,3.87,3.50,3.44,2.72,2.47,2.36,2.25,2.20,2.11,2.07,2.02,1.62,1.45,1.44,1.85,1.86,1.86,1.62,1.48,1.29,1.20,1.12,1.09,1.18,1.20,1.40,1.77,1.61,0.40,0.31,0.15,0.03,0.07,0.97,1.37,2.94,3.53,3.58,3.69,3.84,4.16,4.21,4.80,5.49,5.81,5.88,5.98,6.12,6.41,6.41,6.40,6.39,6.38,6.36,6.32,6.39,6.55,6.68,6.84,6.95,7.02,7.22,7.32,7.22,7.06,7.05,7.06,7.06,7.16,6.75,6.59,6.47,6.51,6.53,6.53,6.53,6.53],\r\n\t\t\t\t\tgraphSpeed         : [],\r\n\t\t\t\t\tgraphHr            : [],\r\n\t\t\t\t\tgraphAtemp         : [],\r\n\t\t\t\t\tgraphCad           : [],\r\n\t\t\t\t\tgraphGrade         : [],\r\n\t\t\t\t\twaypoints          : [],\r\n\t\t\t\t\tunit               : \"2\",\r\n\t\t\t\t\tunitspeed          : \"0\",\r\n\t\t\t\t\tcolor1             : [\"#3366cc\"],\r\n\t\t\t\t\tcolor2             : \"#3366cc\",\r\n\t\t\t\t\tcolor3             : \"#ff0000\",\r\n\t\t\t\t\tcolor4             : \"#ff77bd\",\r\n\t\t\t\t\tcolor5             : \"#beecff\",\r\n\t\t\t\t\tcolor6             : \"#beecff\",\r\n\t\t\t\t\tcolor7             : \"#ff77bd\",\r\n\t\t\t\t\tchartFrom1         : \"\",\r\n\t\t\t\t\tchartTo1           : \"\",\r\n\t\t\t\t\tchartFrom2         : \"\",\r\n\t\t\t\t\tchartTo2           : \"\",\r\n\t\t\t\t\tstartIcon          : \"\",\r\n\t\t\t\t\tendIcon            : \"\",\r\n\t\t\t\t\tcurrentIcon        : \"\",\r\n\t\t\t\t\twaypointIcon       : \"https:\/\/lavia.cc\/gpx\/wp-content\/uploads\/gpx\/cropped-icona.ico\",\r\n\t\t\t\t\tcurrentpositioncon : \"\",\r\n\t\t\t\t\tusegpsposition     : \"\",\r\n\t\t\t\t\tzoomOnScrollWheel  : \"\",\r\n\t\t\t\t\tngGalleries        : [],\r\n\t\t\t\t\tngImages           : [],\r\n\t\t\t\t\tpluginUrl          : \"https:\/\/lavia.cc\/gpx\/wp-content\/plugins\",\r\n\t\t\t\t\tTFApiKey           : \"\",\r\n\t\t\t\t\tMapBoxApiKey           : \"\",\r\n\t\t\t\t\tlangs              : {\r\n\t\t\t\t\t\taltitude        : \"Altitudine\",\r\n\t\t\t\t\t\tcurrentPosition : \"Current position\",\r\n\t\t\t\t\t\tspeed           : \"Velocit\u00e0\",\r\n\t\t\t\t\t\tgrade           : \"Grade\",\r\n\t\t\t\t\t\theartRate       : \"Battito Cardiaco\",\r\n\t\t\t\t\t\tatemp           : \"Temperature\",\r\n\t\t\t\t\t\tcadence         : \"Cadenza\",\r\n\t\t\t\t\t\tgoFullScreen    : \"Go full screen\",\r\n\t\t\t\t\t\texitFullFcreen  : \"Exit full screen\",\r\n\t\t\t\t\t\thideImages      : \"Hide images\",\r\n\t\t\t\t\t\tshowImages      : \"Show images\",\r\n\t\t\t\t\t\tbackToCenter\t: \"Ritorna al centro della mappa\"\r\n\t\t\t\t\t}\r\n\t\t\t\t});\r\n\r\n\t\t\t});\r\n\r\n\t\t<\/script>\n<p>\ud83d\udfe2 Segui\u00a0<strong>LAVIA,<\/strong>\u00a0arriva alla\u00a0<strong>META!<\/strong><\/p>\n","protected":false},"excerpt":{"rendered":"<p><strong>\ud83d\udccd TRACCIA CARICATA DA:\u00a0<a href=\"https:\/\/lavia.cc\/gpx\/maremma-green-passion\/\" target=\"_blank\" rel=\"noopener\">MAREMMA GREEN PASSION<\/a><\/strong><\/p>\n<p>Ecco un nuovo tracciato dedicato al cicloturismo \u201cruspante\u201d che mette insieme i molteplici aspetti paesaggistici della pianura grossetana. Si parte sempre nel quartiere del Casalone a Grosseto, ovvero dall\u2019inizio della pista intitolata a Pietro Magagnini, affrontando i tracciati geometrici della viabilit\u00e0 della bonifica che si incontrano appena scesi dall\u2019argine del fiume Ombrone. Questa \u00e8 la zona di Principina Terra che \u00e8 caratterizzata da un insieme di casali sparsi, perlopi\u00f9 convertiti in agriturismi. La particolarit\u00e0 di questo percorso \u00e8 che parte da una vasta area rurale molto organizzata, per staccarsene progressivamente e inserirsi in un contesto pi\u00f9 naturale. Una volta superato il laghetto per la pesca sportiva, al Canale di San Rocco si recupera la parte finale della pista ciclabile che collega Grosseto con Marina, fino al forte di San Rocco, dove faremo il giro dell\u2019isolato per salire sul ponte che attraversa l\u2019emissario, imboccando la Via del Tombolo. Raggiungiamo cos\u00ec la pista ciclabile che collega Marina di Grosseto con Principina a Mare e gi\u00e0 nell\u2019attraversamento della pineta inizieremo a notare l\u2019entrante riconquista dello spazio da parte della natura spontanea. Il clou wild si raggiunge poi arrivando al \u201cLaghetto delle Tartarughe\u201d: un piccolo specchio d\u2019acqua che, pur essendo a ridosso dell\u2019abitato di Principina a Mare, con il suo ecosistema anticipa gi\u00e0 il fascino incontaminato del Parco della Maremma, che infatti inizia proprio da qua! Il rientro avviene lungo la Strada della Trappola che ci riporter\u00e0 verso Pian di Barca dove riprenderemo la pista sull\u2019argine dell\u2019Ombrone.<\/p>\n<p>\ud83c\udf89 W LA MAREMMA RUSPANTE!<\/p>\n<p>\ud83d\udcf7 Durante l\u2019escursione cerca l\u2019<a href=\"https:\/\/lavia.cc\/gpx\/mappa-degli-adesivi-lavia\/\" target=\"_blank\" rel=\"noopener\">adesivo LAVIA<\/a>. Se lo trovi fai una foto e taggaci in una storia su Instagram!<\/p>\n<p>\ud83d\udfe2 Segui\u00a0<strong>LAVIA,<\/strong>\u00a0arriva alla\u00a0<strong>META<\/strong>!<\/p>\n","protected":false},"featured_media":13023,"comment_status":"open","ping_status":"closed","template":"","meta":[],"product_brand":[],"product_cat":[30],"product_tag":[880,126],"class_list":{"0":"post-13020","1":"product","2":"type-product","3":"status-publish","4":"has-post-thumbnail","6":"product_cat-cicloturismo","7":"product_tag-grosseto","8":"product_tag-toscana","10":"first","11":"instock","12":"downloadable","13":"virtual","14":"product-type-simple"},"_links":{"self":[{"href":"https:\/\/lavia.cc\/gpx\/wp-json\/wp\/v2\/product\/13020","targetHints":{"allow":["GET"]}}],"collection":[{"href":"https:\/\/lavia.cc\/gpx\/wp-json\/wp\/v2\/product"}],"about":[{"href":"https:\/\/lavia.cc\/gpx\/wp-json\/wp\/v2\/types\/product"}],"replies":[{"embeddable":true,"href":"https:\/\/lavia.cc\/gpx\/wp-json\/wp\/v2\/comments?post=13020"}],"version-history":[{"count":2,"href":"https:\/\/lavia.cc\/gpx\/wp-json\/wp\/v2\/product\/13020\/revisions"}],"predecessor-version":[{"id":13026,"href":"https:\/\/lavia.cc\/gpx\/wp-json\/wp\/v2\/product\/13020\/revisions\/13026"}],"wp:featuredmedia":[{"embeddable":true,"href":"https:\/\/lavia.cc\/gpx\/wp-json\/wp\/v2\/media\/13023"}],"wp:attachment":[{"href":"https:\/\/lavia.cc\/gpx\/wp-json\/wp\/v2\/media?parent=13020"}],"wp:term":[{"taxonomy":"product_brand","embeddable":true,"href":"https:\/\/lavia.cc\/gpx\/wp-json\/wp\/v2\/product_brand?post=13020"},{"taxonomy":"product_cat","embeddable":true,"href":"https:\/\/lavia.cc\/gpx\/wp-json\/wp\/v2\/product_cat?post=13020"},{"taxonomy":"product_tag","embeddable":true,"href":"https:\/\/lavia.cc\/gpx\/wp-json\/wp\/v2\/product_tag?post=13020"}],"curies":[{"name":"wp","href":"https:\/\/api.w.org\/{rel}","templated":true}]}}