{"id":13272,"date":"2024-05-29T14:14:02","date_gmt":"2024-05-29T12:14:02","guid":{"rendered":"https:\/\/lavia.cc\/gpx\/?post_type=product&#038;p=13272"},"modified":"2024-09-24T21:22:40","modified_gmt":"2024-09-24T19:22:40","slug":"rifugio-merelli-al-coca-da-valbondione","status":"publish","type":"product","link":"https:\/\/lavia.cc\/gpx\/tracce\/rifugio-merelli-al-coca-da-valbondione\/","title":{"rendered":"Rifugio Merelli al Coca da Valbondione"},"content":{"rendered":"<h5>Rifugio Merelli al Coca da Valbondione<\/h5>\n<p>\u27a1\ufe0f Clicca qui per andare al punto di partenza: <a href=\"https:\/\/www.google.com\/maps\/place\/Parcheggio\/@46.0362477,10.0086499,17z\/data=!3m1!4b1!4m6!3m5!1s0x4783ea591c23d783:0xa95eb42006a11710!8m2!3d46.0362477!4d10.0086499!16s%2Fg%2F11f_b_90vh?entry=ttu\" target=\"_blank\" rel=\"noopener\">GOOGLE MAPS<\/a> (Parcheggio)<\/p>\n<p>\u2139\ufe0f Nato come <strong>Rifugio Coca<\/strong>, il 30 settembre 2012 la struttura \u00e8 stata intitolata, per volere del CAI di Bergamo, a <strong>Mario Merelli<\/strong>, alpinista della vicina Lizzola (frazione di Valbondione), morto durante un\u2019ascensione alla punta Scais il 18 gennaio dello stesso anno<\/p>\n<p>\u26fa\ufe0f \ud83c\udf74All\u2019interno del Rifugio Coca si trovano un bar e due sale ristorante per un totale di <strong>90 coperti<\/strong>, dove \u00e8 possibile degustare piatti tipici come selvaggina, brasati ed arrosti, ravioli fatti in casa, pizzoccheri, risotto ai funghi e squisiti taglieri di affettati e formaggi. Il rifugio \u00e8 dotato di otto camere, dalle pi\u00f9 piccole da quattro, alla pi\u00f9 grande da diciotto, per un totale di<strong> 70 posti letto<\/strong>. Tutte le camere sono dotate di cuscini, coperte e materasso: \u00e8 <strong>obbligatorio l\u2019uso del sacco lenzuolo<\/strong> (come da regolamento CAI), acquistabile anche presso il rifugio .<\/p>\n<p>TEL. RIFUGIO:\u00a0<strong>0346 44035<\/strong><br \/>\nTEL. MOBILE:\u00a0<strong>347 0867062 &#8211; 348 7316427<\/strong><\/p>\n<p>\ud83d\uddfa\ufe0f Mappa e altimetria dell&#8217; <a href=\"https:\/\/lavia.cc\/gpx\/categoria-tracce\/escursionismo\/\">escursione<\/a> &#8220;<strong>Rifugio Merelli al Coca da Valbondione<\/strong>&#8220;:<\/p>\n\r\n\t\t<div id=\"wpgpxmaps_13272_394923\" class=\"wpgpxmaps\">\r\n\t\t\t<div id=\"map_13272_394923_cont\" style=\"width:100%; height:450px;position:relative\" >\r\n\t\t\t\t<div id=\"map_13272_394923\" style=\"width:100%; height:450px\"><\/div>\r\n\t\t\t\t<div id=\"wpgpxmaps_13272_394923_osm_footer\" class=\"wpgpxmaps_osm_footer\" style=\"display:none;\"><span> &copy; <a href=\"http:\/\/www.openstreetmap.org\/copyright\" target=\"_blank\" rel=\"noopener\">OpenStreetMap<\/a> contributors<\/span><\/div>\r\n\t\t\t<\/div>\r\n\t\t\t<canvas id=\"myChart_13272_394923\" class=\"plot\" style=\"width:100%; height:200px\"><\/canvas>\r\n\t\t\t<div id=\"ngimages_13272_394923\" class=\"ngimages\" style=\"display:none\"><\/div>\r\n\t\t\t<div id=\"report_13272_394923\" class=\"report\"><\/div>\r\n\t\t<\/div>\r\n\t\t\r\n\t\t<script type=\"text\/javascript\">\r\n\r\n\t\t\tjQuery(document).ready(function() {\r\n\r\n\t\t\t\tjQuery( \"#wpgpxmaps_13272_394923\" ).wpgpxmaps( {\r\n\t\t\t\t\ttargetId           : \"13272_394923\",\r\n\t\t\t\t\tmapType            : \"HYBRID\",\r\n\t\t\t\t\tmapData            : [[46.0375510,10.0095070],[46.0376420,10.0095460],[46.0377070,10.0096560],[46.0377920,10.0097320],[46.0378770,10.0097360],[46.0378450,10.0098660],[46.0378950,10.0099860],[46.0379570,10.0100900],[46.0380220,10.0102080],[46.0380600,10.0103300],[46.0380760,10.0104780],[46.0380920,10.0106330],[46.0380750,10.0107610],[46.0380470,10.0109040],[46.0380370,10.0110500],[46.0380610,10.0111890],[46.0381500,10.0112760],[46.0381370,10.0112970],[46.0380540,10.0112630],[46.0379900,10.0111530],[46.0378990,10.0111100],[46.0378400,10.0109980],[46.0377560,10.0109440],[46.0376830,10.0110460],[46.0376610,10.0111960],[46.0376370,10.0113310],[46.0376260,10.0114620],[46.0376980,10.0115450],[46.0377640,10.0116400],[46.0376720,10.0118320],[46.0379970,10.0121530],[46.0391110,10.0130010],[46.0393110,10.0131820],[46.0398540,10.0138020],[46.0413700,10.0153890],[46.0415070,10.0156170],[46.0415590,10.0160750],[46.0415560,10.0163090],[46.0422470,10.0166800],[46.0424490,10.0167010],[46.0428100,10.0167140],[46.0429340,10.0166840],[46.0430420,10.0167050],[46.0432710,10.0168150],[46.0435750,10.0170980],[46.0441590,10.0171700],[46.0446020,10.0168470],[46.0449250,10.0165170],[46.0451470,10.0164820],[46.0452070,10.0162990],[46.0455630,10.0161740],[46.0456210,10.0159710],[46.0458220,10.0158860],[46.0461120,10.0160440],[46.0462820,10.0160740],[46.0462360,10.0159090],[46.0465750,10.0158530],[46.0465180,10.0155440],[46.0467070,10.0154610],[46.0466020,10.0152420],[46.0468260,10.0150920],[46.0469240,10.0149160],[46.0468930,10.0147840],[46.0469930,10.0148670],[46.0470940,10.0148520],[46.0472320,10.0148800],[46.0472940,10.0147800],[46.0473420,10.0145640],[46.0472920,10.0142920],[46.0473670,10.0141340],[46.0476050,10.0142640],[46.0479140,10.0143100],[46.0479780,10.0143890],[46.0481250,10.0144400],[46.0482600,10.0144400],[46.0482380,10.0146710],[46.0483560,10.0147000],[46.0483430,10.0150530],[46.0484840,10.0152490],[46.0486900,10.0154950],[46.0487880,10.0153780],[46.0487900,10.0155570],[46.0488480,10.0154520],[46.0489940,10.0154720],[46.0490470,10.0151280],[46.0492150,10.0151640],[46.0491610,10.0150090],[46.0494280,10.0149670],[46.0495830,10.0148960],[46.0495980,10.0147240],[46.0498790,10.0145870],[46.0497780,10.0144820],[46.0498490,10.0144340],[46.0498460,10.0144300],[46.0497440,10.0144140],[46.0496820,10.0143760],[46.0496180,10.0142780],[46.0496160,10.0141860],[46.0497020,10.0141690],[46.0497530,10.0140470],[46.0496600,10.0140120],[46.0496830,10.0139390],[46.0497280,10.0138230],[46.0497190,10.0137000],[46.0496590,10.0135900],[46.0496930,10.0134800],[46.0497120,10.0136150],[46.0499400,10.0133960],[46.0500110,10.0135420],[46.0501230,10.0135060],[46.0500690,10.0133540],[46.0501600,10.0132040],[46.0501680,10.0130380],[46.0503050,10.0131290],[46.0505270,10.0131950],[46.0503910,10.0130180],[46.0506190,10.0130580],[46.0507810,10.0129350],[46.0510470,10.0129810],[46.0517660,10.0127820],[46.0519030,10.0125990],[46.0520650,10.0126280],[46.0521310,10.0124970],[46.0523390,10.0128470],[46.0523240,10.0126740],[46.0524200,10.0121610],[46.0526740,10.0122800],[46.0531080,10.0121750],[46.0532640,10.0120240],[46.0534180,10.0120430],[46.0534730,10.0122110],[46.0536090,10.0123390],[46.0536510,10.0126470],[46.0537850,10.0124900],[46.0539010,10.0123610],[46.0539620,10.0122460],[46.0539460,10.0124670],[46.0540690,10.0123230],[46.0542410,10.0125550],[46.0543610,10.0124160],[46.0545200,10.0120830],[46.0546230,10.0120600],[46.0547120,10.0119280],[46.0547190,10.0117660],[46.0547770,10.0115530],[46.0548150,10.0114130],[46.0548740,10.0114930],[46.0549380,10.0116610],[46.0550160,10.0115020],[46.0551110,10.0115430],[46.0551750,10.0112330],[46.0552990,10.0111610],[46.0553140,10.0112920],[46.0554460,10.0111730],[46.0554820,10.0113090],[46.0555530,10.0112370],[46.0556670,10.0110200],[46.0557600,10.0109490],[46.0558690,10.0107070],[46.0558450,10.0105460],[46.0557450,10.0105530],[46.0556450,10.0101890],[46.0554510,10.0100860],[46.0550930,10.0096420],[46.0549880,10.0097560],[46.0548860,10.0096400],[46.0548630,10.0094960],[46.0547530,10.0096250],[46.0546790,10.0093790],[46.0547790,10.0090230],[46.0549820,10.0086960],[46.0554110,10.0082710],[46.0555400,10.0079880],[46.0556920,10.0079090],[46.0558990,10.0078490],[46.0560700,10.0076060],[46.0561020,10.0074710],[46.0560710,10.0073120],[46.0561880,10.0070470],[46.0564820,10.0068010],[46.0566250,10.0066210],[46.0567250,10.0064020],[46.0566670,10.0062420],[46.0567360,10.0061390],[46.0568000,10.0060460],[46.0568910,10.0060070],[46.0569790,10.0059190],[46.0570610,10.0058620],[46.0571460,10.0057940],[46.0572200,10.0057700],[46.0572750,10.0056590],[46.0573350,10.0055570],[46.0574010,10.0054460],[46.0574630,10.0053540],[46.0575340,10.0052680],[46.0576230,10.0052170],[46.0576710,10.0051410],[46.0577540,10.0051140],[46.0578370,10.0050590],[46.0579060,10.0049720],[46.0579750,10.0048690],[46.0580620,10.0047680],[46.0581390,10.0046760],[46.0582210,10.0046130],[46.0583060,10.0045470],[46.0583670,10.0044370],[46.0584460,10.0043390],[46.0585140,10.0042470],[46.0586010,10.0041940],[46.0586590,10.0040900],[46.0587020,10.0039670],[46.0587760,10.0038840],[46.0588460,10.0038010],[46.0589080,10.0036980],[46.0590000,10.0036380],[46.0590550,10.0035270],[46.0591210,10.0034200],[46.0591710,10.0032920],[46.0592420,10.0032000],[46.0594700,10.0029970],[46.0596570,10.0026950],[46.0601730,10.0023070],[46.0602970,10.0021200],[46.0604400,10.0020610],[46.0605510,10.0018290],[46.0606510,10.0017750],[46.0607610,10.0016090],[46.0609230,10.0014680],[46.0611400,10.0013810],[46.0616430,10.0008820],[46.0617610,10.0008590],[46.0620070,10.0006490],[46.0622910,10.0004300],[46.0623690,10.0003430],[46.0622910,10.0004300],[46.0620070,10.0006490],[46.0617610,10.0008590],[46.0616430,10.0008820],[46.0611400,10.0013810],[46.0609230,10.0014680],[46.0607610,10.0016090],[46.0606510,10.0017750],[46.0605510,10.0018290],[46.0604960,10.0019850],[46.0602970,10.0021200],[46.0601730,10.0023070],[46.0596570,10.0026950],[46.0594700,10.0029970],[46.0592660,10.0032420],[46.0592430,10.0033670],[46.0591050,10.0035450],[46.0590380,10.0036040],[46.0589480,10.0036930],[46.0588860,10.0038110],[46.0588100,10.0039040],[46.0587430,10.0040010],[46.0586790,10.0040980],[46.0585990,10.0041890],[46.0585290,10.0042970],[46.0584480,10.0043770],[46.0583740,10.0044730],[46.0582880,10.0045590],[46.0582050,10.0046420],[46.0581370,10.0047390],[46.0580810,10.0048270],[46.0580000,10.0049090],[46.0579150,10.0049780],[46.0578380,10.0050610],[46.0577450,10.0051440],[46.0576620,10.0052260],[46.0575760,10.0052860],[46.0574950,10.0053650],[46.0574240,10.0054600],[46.0573480,10.0055570],[46.0572800,10.0056610],[46.0571990,10.0057570],[46.0571180,10.0058300],[46.0570250,10.0058890],[46.0569320,10.0059660],[46.0568400,10.0060140],[46.0568690,10.0063210],[46.0567290,10.0063990],[46.0566250,10.0066210],[46.0564820,10.0068010],[46.0561880,10.0070470],[46.0560920,10.0072000],[46.0561020,10.0074710],[46.0560700,10.0076060],[46.0558990,10.0078490],[46.0556920,10.0079090],[46.0555400,10.0079880],[46.0554110,10.0082710],[46.0549820,10.0086960],[46.0547790,10.0090230],[46.0546790,10.0093790],[46.0547050,10.0095990],[46.0548080,10.0095740],[46.0547210,10.0096540],[46.0546930,10.0097940],[46.0545200,10.0091420],[46.0546100,10.0093100],[46.0546410,10.0094470],[46.0547770,10.0098270],[46.0547200,10.0097250],[46.0547530,10.0096250],[46.0548020,10.0094940],[46.0548860,10.0096400],[46.0549300,10.0097520],[46.0550510,10.0096480],[46.0554210,10.0100090],[46.0556450,10.0101890],[46.0557450,10.0105530],[46.0558450,10.0105460],[46.0558690,10.0107070],[46.0557860,10.0109590],[46.0557090,10.0110280],[46.0555530,10.0112370],[46.0554460,10.0111730],[46.0553600,10.0113100],[46.0552990,10.0111610],[46.0551750,10.0112330],[46.0551110,10.0115430],[46.0550160,10.0115020],[46.0549380,10.0116610],[46.0548740,10.0114970],[46.0549130,10.0113800],[46.0549020,10.0112540],[46.0548660,10.0111300],[46.0548180,10.0111240],[46.0548420,10.0109980],[46.0547960,10.0108680],[46.0547660,10.0107420],[46.0548600,10.0107870],[46.0549580,10.0109280],[46.0550320,10.0110950],[46.0550860,10.0112070],[46.0551860,10.0114360],[46.0553300,10.0117910],[46.0551000,10.0111320],[46.0548700,10.0104720],[46.0548290,10.0105870],[46.0547630,10.0107230],[46.0546960,10.0107950],[46.0547340,10.0107870],[46.0547740,10.0109190],[46.0548410,10.0110130],[46.0548830,10.0111160],[46.0548850,10.0113550],[46.0547770,10.0115530],[46.0547190,10.0117660],[46.0547120,10.0119280],[46.0546230,10.0120600],[46.0545200,10.0120830],[46.0543270,10.0123580],[46.0542410,10.0125550],[46.0540690,10.0123230],[46.0539460,10.0124670],[46.0539620,10.0122460],[46.0539010,10.0123610],[46.0537850,10.0124900],[46.0536870,10.0127060],[46.0536460,10.0123920],[46.0535420,10.0122440],[46.0534450,10.0121410],[46.0532640,10.0120240],[46.0531080,10.0121750],[46.0526740,10.0122800],[46.0524200,10.0121610],[46.0523240,10.0126740],[46.0523640,10.0127960],[46.0521310,10.0124970],[46.0520650,10.0126280],[46.0519030,10.0125990],[46.0517660,10.0127820],[46.0510470,10.0129810],[46.0507810,10.0129350],[46.0506190,10.0130580],[46.0503910,10.0130180],[46.0505270,10.0131950],[46.0503050,10.0131290],[46.0501680,10.0130380],[46.0501600,10.0132040],[46.0500690,10.0133540],[46.0501230,10.0135060],[46.0500110,10.0135420],[46.0499400,10.0133960],[46.0497880,10.0136440],[46.0495800,10.0135640],[46.0496400,10.0137320],[46.0496870,10.0138630],[46.0495550,10.0138850],[46.0496870,10.0140970],[46.0495450,10.0142430],[46.0497780,10.0144820],[46.0498790,10.0145870],[46.0496170,10.0147150],[46.0495830,10.0148960],[46.0494300,10.0148960],[46.0491610,10.0150090],[46.0492150,10.0151640],[46.0490470,10.0151280],[46.0489940,10.0154720],[46.0488970,10.0155380],[46.0487900,10.0155570],[46.0487880,10.0153780],[46.0486900,10.0154950],[46.0485020,10.0151420],[46.0483430,10.0150530],[46.0483560,10.0147000],[46.0482540,10.0147640],[46.0482600,10.0144400],[46.0481250,10.0144400],[46.0479780,10.0143890],[46.0479140,10.0143100],[46.0476050,10.0142640],[46.0473670,10.0141340],[46.0472920,10.0142920],[46.0473420,10.0145640],[46.0472940,10.0147800],[46.0472320,10.0148800],[46.0470940,10.0148520],[46.0469930,10.0148670],[46.0468930,10.0147840],[46.0469240,10.0149160],[46.0468260,10.0150920],[46.0466020,10.0152420],[46.0467070,10.0154610],[46.0465180,10.0155440],[46.0465750,10.0158530],[46.0462560,10.0158460],[46.0462820,10.0160740],[46.0461120,10.0160440],[46.0458980,10.0159030],[46.0456210,10.0159710],[46.0455630,10.0161740],[46.0452070,10.0162990],[46.0451470,10.0164820],[46.0449250,10.0165170],[46.0446020,10.0168470],[46.0441590,10.0171700],[46.0435750,10.0170980],[46.0432710,10.0168150],[46.0430420,10.0167050],[46.0429340,10.0166840],[46.0428100,10.0167140],[46.0425350,10.0167100],[46.0422470,10.0166800],[46.0415560,10.0163090],[46.0415590,10.0160750],[46.0415070,10.0156170],[46.0413700,10.0153890],[46.0398540,10.0138020],[46.0393110,10.0131820],[46.0391110,10.0130010],[46.0379970,10.0121530],[46.0376720,10.0118320],[46.0371950,10.0113610],[46.0368200,10.0110000],[46.0365680,10.0105950],[46.0364840,10.0104610],[46.0363940,10.0104130],[46.0363220,10.0100720],[46.0361250,10.0097300],[46.0360400,10.0095290],[46.0359700,10.0081720],[46.0360700,10.0081780],[46.0361770,10.0083390],[46.0365370,10.0089460],[46.0367080,10.0091580],[46.0368230,10.0091510],[46.0373950,10.0096220]],\r\n\t\t\t\t\tgraphDist          : [0.00,0.01,0.02,0.03,0.04,0.05,0.07,0.08,0.09,0.10,0.11,0.12,0.13,0.14,0.16,0.17,0.18,0.19,0.20,0.21,0.22,0.23,0.25,0.26,0.27,0.28,0.29,0.30,0.31,0.33,0.37,0.51,0.54,0.62,0.82,0.85,0.88,0.90,0.98,1.01,1.05,1.06,1.07,1.10,1.14,1.21,1.27,1.31,1.34,1.36,1.40,1.42,1.45,1.48,1.50,1.52,1.56,1.59,1.62,1.64,1.67,1.69,1.70,1.71,1.73,1.74,1.76,1.77,1.80,1.82,1.85,1.89,1.90,1.91,1.93,1.95,1.97,2.00,2.02,2.07,2.09,2.10,2.11,2.13,2.16,2.18,2.20,2.23,2.25,2.27,2.30,2.32,2.33,2.34,2.35,2.36,2.38,2.39,2.40,2.41,2.42,2.43,2.44,2.46,2.47,2.48,2.49,2.53,2.54,2.56,2.57,2.59,2.60,2.62,2.65,2.67,2.69,2.71,2.75,2.83,2.85,2.87,2.89,2.92,2.94,2.98,3.01,3.06,3.08,3.10,3.12,3.14,3.16,3.19,3.21,3.22,3.23,3.25,3.28,3.30,3.34,3.35,3.37,3.38,3.40,3.42,3.44,3.45,3.47,3.48,3.51,3.52,3.53,3.56,3.57,3.58,3.60,3.62,3.64,3.66,3.67,3.70,3.72,3.78,3.79,3.81,3.82,3.84,3.87,3.90,3.93,3.99,4.02,4.04,4.06,4.09,4.10,4.11,4.14,4.18,4.20,4.22,4.23,4.24,4.26,4.27,4.28,4.29,4.30,4.31,4.32,4.33,4.34,4.35,4.36,4.38,4.39,4.40,4.41,4.42,4.43,4.44,4.45,4.46,4.48,4.49,4.50,4.51,4.52,4.53,4.54,4.55,4.56,4.57,4.58,4.60,4.61,4.62,4.63,4.66,4.70,4.76,4.78,4.80,4.82,4.84,4.86,4.88,4.90,4.97,4.98,5.02,5.05,5.06,5.07,5.11,5.14,5.16,5.23,5.25,5.27,5.29,5.30,5.32,5.34,5.36,5.43,5.46,5.49,5.50,5.53,5.54,5.55,5.56,5.57,5.58,5.59,5.60,5.62,5.63,5.64,5.65,5.66,5.67,5.68,5.69,5.71,5.72,5.73,5.74,5.75,5.76,5.77,5.78,5.80,5.81,5.82,5.83,5.84,5.85,5.88,5.89,5.91,5.94,5.98,5.99,6.01,6.02,6.05,6.08,6.09,6.12,6.18,6.21,6.24,6.26,6.27,6.29,6.30,6.35,6.37,6.38,6.41,6.42,6.44,6.45,6.47,6.48,6.49,6.55,6.58,6.61,6.62,6.63,6.65,6.67,6.69,6.71,6.73,6.75,6.76,6.79,6.80,6.81,6.83,6.84,6.85,6.86,6.87,6.88,6.89,6.90,6.91,6.93,6.95,6.96,6.98,7.01,7.07,7.12,7.13,7.15,7.16,7.17,7.18,7.19,7.20,7.22,7.25,7.26,7.28,7.29,7.31,7.34,7.36,7.39,7.41,7.43,7.44,7.46,7.48,7.50,7.52,7.54,7.56,7.58,7.63,7.67,7.71,7.72,7.76,7.78,7.79,7.82,7.90,7.93,7.95,7.98,8.00,8.03,8.05,8.06,8.08,8.09,8.10,8.12,8.15,8.17,8.19,8.20,8.22,8.24,8.26,8.30,8.31,8.34,8.36,8.38,8.42,8.43,8.45,8.48,8.49,8.51,8.53,8.54,8.58,8.61,8.64,8.66,8.68,8.70,8.72,8.73,8.77,8.80,8.82,8.84,8.86,8.87,8.89,8.90,8.91,8.93,8.95,8.98,9.00,9.02,9.05,9.09,9.11,9.13,9.16,9.19,9.21,9.26,9.27,9.30,9.35,9.40,9.47,9.51,9.54,9.55,9.57,9.60,9.63,9.71,9.73,9.77,9.79,10.00,10.08,10.10,10.24,10.29,10.35,10.40,10.44,10.46,10.47,10.49,10.53,10.55,10.65,10.66,10.68,10.74,10.77,10.78,10.85],\r\n\t\t\t\t\tgraphEle           : [893.42,893.42,893.42,893.42,893.42,893.42,893.42,893.42,893.42,893.42,893.98,894.65,895.21,895.83,896.44,897.06,897.70,898.28,898.86,899.45,900.04,900.62,901.23,901.84,902.48,903.06,903.60,904.16,904.72,905.67,907.99,915.23,916.27,919.32,926.10,926.75,927.74,928.32,934.75,936.52,939.67,940.76,941.71,943.82,955.33,974.26,990.29,1003.59,1014.17,1020.82,1038.16,1045.38,1055.29,1070.07,1078.18,1084.02,1103.27,1115.15,1125.73,1135.62,1148.85,1157.23,1162.41,1168.59,1174.03,1181.49,1186.30,1194.26,1204.14,1211.47,1224.34,1240.04,1244.30,1251.95,1258.78,1266.96,1275.70,1286.16,1294.52,1310.94,1316.37,1321.67,1325.64,1333.51,1343.94,1351.18,1356.42,1368.12,1376.93,1382.17,1395.08,1400.50,1404.43,1408.66,1413.23,1417.23,1421.36,1425.55,1429.53,1433.49,1437.28,1440.95,1444.82,1448.53,1452.33,1456.13,1460.53,1472.52,1477.33,1482.32,1486.93,1492.30,1496.79,1502.15,1509.62,1515.66,1523.22,1529.26,1538.09,1561.73,1567.07,1571.74,1575.71,1584.85,1588.77,1599.31,1606.94,1619.58,1624.99,1629.43,1633.15,1637.94,1644.53,1651.25,1655.46,1658.35,1663.41,1670.65,1681.42,1688.46,1704.09,1708.85,1714.69,1719.84,1727.09,1731.86,1739.96,1745.91,1751.68,1755.91,1765.49,1771.20,1775.14,1783.38,1787.69,1791.40,1799.46,1804.46,1813.88,1819.04,1822.48,1830.35,1836.35,1850.17,1854.23,1858.51,1861.48,1866.24,1872.76,1880.03,1888.33,1902.52,1908.93,1913.33,1919.09,1924.64,1926.63,1928.92,1933.41,1940.22,1944.02,1947.67,1950.27,1952.27,1954.12,1956.03,1958.11,1959.45,1960.84,1962.26,1963.63,1965.00,1966.45,1967.78,1969.12,1970.52,1971.83,1973.25,1974.57,1975.95,1977.38,1979.02,1980.45,1981.83,1983.22,1985.22,1987.61,1989.76,1991.91,1994.04,1996.22,1998.35,2000.47,2002.62,2004.92,2007.09,2009.35,2011.76,2013.94,2020.84,2028.39,2047.25,2053.07,2057.89,2064.32,2067.78,2072.94,2079.08,2084.27,2092.29,2093.86,2097.62,2101.85,2103.14,2104.44,2102.80,2096.56,2093.97,2080.64,2075.73,2071.60,2068.12,2065.16,2061.32,2054.20,2048.53,2030.15,2021.28,2012.90,2010.19,2006.53,2004.61,2002.43,2000.40,1998.43,1996.50,1994.65,1992.63,1990.59,1988.64,1986.67,1984.59,1982.60,1980.70,1978.88,1976.90,1974.97,1973.43,1971.73,1970.16,1968.68,1967.17,1965.67,1964.11,1962.57,1960.94,1959.46,1957.88,1956.20,1954.69,1951.37,1949.01,1945.65,1941.23,1933.32,1929.99,1925.45,1923.15,1917.56,1912.65,1908.89,1903.52,1892.08,1885.39,1879.53,1876.12,1873.82,1871.54,1869.26,1861.02,1858.89,1857.42,1853.13,1851.76,1850.03,1848.54,1846.17,1844.87,1842.62,1833.64,1827.25,1820.78,1818.39,1815.51,1810.90,1808.48,1802.97,1798.49,1796.05,1794.01,1792.27,1789.35,1788.06,1786.30,1784.60,1783.14,1781.89,1780.67,1779.44,1778.20,1776.88,1775.66,1774.37,1772.94,1771.96,1771.30,1769.97,1767.95,1764.33,1760.70,1757.48,1753.05,1749.24,1745.25,1741.39,1737.76,1734.28,1727.93,1720.85,1714.77,1710.46,1705.57,1701.58,1691.22,1683.10,1674.59,1668.86,1663.29,1659.66,1654.37,1647.89,1639.53,1634.25,1629.59,1622.83,1617.87,1606.26,1599.22,1589.49,1587.02,1577.05,1572.64,1567.44,1561.50,1538.21,1529.69,1523.86,1515.37,1508.29,1499.54,1493.72,1489.26,1483.93,1479.35,1474.40,1469.62,1460.76,1452.39,1446.25,1441.46,1435.24,1425.99,1417.83,1404.44,1398.61,1385.67,1379.10,1371.94,1357.92,1352.71,1345.36,1334.77,1330.12,1322.75,1317.37,1311.86,1298.49,1286.23,1274.35,1268.96,1257.90,1251.37,1244.04,1239.96,1224.92,1212.59,1205.58,1195.21,1186.66,1181.61,1174.04,1168.52,1162.26,1157.00,1148.50,1135.08,1125.05,1114.31,1102.64,1087.10,1078.75,1070.41,1058.96,1045.01,1037.59,1019.75,1014.22,1005.98,991.37,973.06,951.77,947.22,944.18,942.81,941.23,937.77,934.14,928.31,927.84,926.91,926.31,919.53,916.68,915.77,910.86,909.43,907.69,906.33,905.20,904.82,904.53,903.58,902.31,901.64,897.76,897.35,896.96,896.96,896.96,896.96,896.96],\r\n\t\t\t\t\tgraphSpeed         : [],\r\n\t\t\t\t\tgraphHr            : [],\r\n\t\t\t\t\tgraphAtemp         : [],\r\n\t\t\t\t\tgraphCad           : [],\r\n\t\t\t\t\tgraphGrade         : [],\r\n\t\t\t\t\twaypoints          : [],\r\n\t\t\t\t\tunit               : \"2\",\r\n\t\t\t\t\tunitspeed          : \"0\",\r\n\t\t\t\t\tcolor1             : [\"#3366cc\"],\r\n\t\t\t\t\tcolor2             : \"#3366cc\",\r\n\t\t\t\t\tcolor3             : \"#ff0000\",\r\n\t\t\t\t\tcolor4             : \"#ff77bd\",\r\n\t\t\t\t\tcolor5             : \"#beecff\",\r\n\t\t\t\t\tcolor6             : \"#beecff\",\r\n\t\t\t\t\tcolor7             : \"#ff77bd\",\r\n\t\t\t\t\tchartFrom1         : \"\",\r\n\t\t\t\t\tchartTo1           : \"\",\r\n\t\t\t\t\tchartFrom2         : \"\",\r\n\t\t\t\t\tchartTo2           : \"\",\r\n\t\t\t\t\tstartIcon          : \"\",\r\n\t\t\t\t\tendIcon            : \"\",\r\n\t\t\t\t\tcurrentIcon        : \"\",\r\n\t\t\t\t\twaypointIcon       : \"https:\/\/lavia.cc\/gpx\/wp-content\/uploads\/gpx\/cropped-icona.ico\",\r\n\t\t\t\t\tcurrentpositioncon : \"\",\r\n\t\t\t\t\tusegpsposition     : \"\",\r\n\t\t\t\t\tzoomOnScrollWheel  : \"\",\r\n\t\t\t\t\tngGalleries        : [],\r\n\t\t\t\t\tngImages           : [],\r\n\t\t\t\t\tpluginUrl          : \"https:\/\/lavia.cc\/gpx\/wp-content\/plugins\",\r\n\t\t\t\t\tTFApiKey           : \"\",\r\n\t\t\t\t\tMapBoxApiKey           : \"\",\r\n\t\t\t\t\tlangs              : {\r\n\t\t\t\t\t\taltitude        : \"Altitudine\",\r\n\t\t\t\t\t\tcurrentPosition : \"Current position\",\r\n\t\t\t\t\t\tspeed           : \"Velocit\u00e0\",\r\n\t\t\t\t\t\tgrade           : \"Grade\",\r\n\t\t\t\t\t\theartRate       : \"Battito Cardiaco\",\r\n\t\t\t\t\t\tatemp           : \"Temperature\",\r\n\t\t\t\t\t\tcadence         : \"Cadenza\",\r\n\t\t\t\t\t\tgoFullScreen    : \"Go full screen\",\r\n\t\t\t\t\t\texitFullFcreen  : \"Exit full screen\",\r\n\t\t\t\t\t\thideImages      : \"Hide images\",\r\n\t\t\t\t\t\tshowImages      : \"Show images\",\r\n\t\t\t\t\t\tbackToCenter\t: \"Ritorna al centro della mappa\"\r\n\t\t\t\t\t}\r\n\t\t\t\t});\r\n\r\n\t\t\t});\r\n\r\n\t\t<\/script>\n<p>\ud83d\udfe2 Scarica la TRACCIA e Segui <a href=\"https:\/\/www.instagram.com\/lavia.cc\/\" target=\"_blank\" rel=\"noopener\">LAVIA<\/a>!<\/p>\n","protected":false},"excerpt":{"rendered":"<p>Il <strong>Rifugio Merelli al Coca<\/strong> \u00e8 un rifugio situato nel comune di Valbondione (BG), in Val Seriana, nelle Alpi Orobie, a 1.892 metri di quota. Sorge su uno sperone roccioso in uno dei luoghi pi\u00f9 suggestivi e selvaggi delle <strong>Orobie<\/strong> all\u2019ingresso della \u201cConca dei Giganti\u201d per via della valle scavata sotto i massicci pi\u00f9 alti delle Alpi Orobie, il Pizzo Coca 3050 m (da cui prende parte del nome), il Pizzo Redorta 3037 m e Punta Scais 3038 m. L\u2019altra met\u00e0 del nome del rifugio deriva dal noto alpinista Mario Merelli, scomparso nel 2012, che qui era \u201cdi casa\u201d. La partenza dell\u2019escursione \u00e8 <strong>Valbondione<\/strong>, dove \u00e8 possibile lasciare l\u2019auto nell\u2019ampio parcheggio del Palazzetto dello Sport. Da ricordare, per non incorrere in multe, di acquistare il gratta e sosta presso gli esercenti abilitati in paese. Da qui si seguono le evidenti indicazioni (sentiero CAI 301), risalendo il paese e lasciandolo alla destra. Attraversato il fiume Serio, si percorre il sentiero circondato da enormi ed affascinanti massi erratici, con dolce pendenza. Il sentiero quindi devia a sinistra, inerpicandosi con forte pendenza attraverso il bosco. La pendenza \u00e8 costante, senza tratti per rifiatare. S\u2019ignora il bivio con le indicazioni per Maslana e si prosegue la salita. Alla comparsa dei primi paletti e relative catene, la pendenza finalmente diminuisce. Si lascia il bosco, attraversando un torrente sopra un ponticello artificiale e ci si avvia quindi a percorrere l\u2019ultimo tratto del percorso. La salita si fa nuovamente dura, in estate soprattutto vista la continua esposizione al sole diretto ed al caldo. In vista del rifugio \u00e8 presente una piccola diga e poco dopo le indicazioni per il <strong>rifugio Cur\u00f2<\/strong>, che si ignorano proseguendo dritti. Il pi\u00f9 oramai \u00e8 fatto, alcuni brevi tratti alternati di salita e piano ci portano in breve alla meta. Il rifugio \u00e8 tappa obbligatoria, anche per chi decide di salire al <strong>Pizzo Coca<\/strong>, dividendo l\u2019ascensione su 2 giorni. Dalla sua balconata panoramica si godono splendide viste sul fondo valle e le Alpi Orobie, che qui annoverano alcune delle sue cime pi\u00f9 elevate, oltre i tremila metri d\u2019altezza: Il Pizzo Redorta, il Pizzo Scais ed il Pizzo Coca, ovviamente. E\u2019 inoltre possibile raggiungere il rifugio Brunone ed il Rifugio Cur\u00f2, percorrendo un tratto del Sentiero delle Orobie Orientali, il pi\u00f9 aspro e selvaggio. Oltre il rifugio si pu\u00f2 salire al<strong> Lago di Coca<\/strong> (2.108 m) percorrendo il sentiero CAI 325, indiscutibilmente la parte pi\u00f9 bella dell\u2019escursione, per altro priva di difficolt\u00e0 tecniche. Il lago si trova incastonato in una splendida conca glaciale denominata appunto <strong>\u201cConca dei Giganti\u201d<\/strong>.<\/p>\n<p>Bellissime foto di <a href=\"https:\/\/www.instagram.com\/ely_girarifugi\/\">@ely_girarifugi<\/a><\/p>\n<p>\ud83d\udfe2 Segui <strong>LAVIA,<\/strong>\u00a0arriva alla\u00a0<strong>META<\/strong>!<\/p>\n","protected":false},"featured_media":13302,"comment_status":"open","ping_status":"closed","template":"","meta":[],"product_brand":[],"product_cat":[31],"product_tag":[181,73],"class_list":{"0":"post-13272","1":"product","2":"type-product","3":"status-publish","4":"has-post-thumbnail","6":"product_cat-escursionismo","7":"product_tag-bergamo","8":"product_tag-lombardia","10":"first","11":"instock","12":"downloadable","13":"virtual","14":"product-type-simple"},"_links":{"self":[{"href":"https:\/\/lavia.cc\/gpx\/wp-json\/wp\/v2\/product\/13272","targetHints":{"allow":["GET"]}}],"collection":[{"href":"https:\/\/lavia.cc\/gpx\/wp-json\/wp\/v2\/product"}],"about":[{"href":"https:\/\/lavia.cc\/gpx\/wp-json\/wp\/v2\/types\/product"}],"replies":[{"embeddable":true,"href":"https:\/\/lavia.cc\/gpx\/wp-json\/wp\/v2\/comments?post=13272"}],"version-history":[{"count":6,"href":"https:\/\/lavia.cc\/gpx\/wp-json\/wp\/v2\/product\/13272\/revisions"}],"predecessor-version":[{"id":16877,"href":"https:\/\/lavia.cc\/gpx\/wp-json\/wp\/v2\/product\/13272\/revisions\/16877"}],"wp:featuredmedia":[{"embeddable":true,"href":"https:\/\/lavia.cc\/gpx\/wp-json\/wp\/v2\/media\/13302"}],"wp:attachment":[{"href":"https:\/\/lavia.cc\/gpx\/wp-json\/wp\/v2\/media?parent=13272"}],"wp:term":[{"taxonomy":"product_brand","embeddable":true,"href":"https:\/\/lavia.cc\/gpx\/wp-json\/wp\/v2\/product_brand?post=13272"},{"taxonomy":"product_cat","embeddable":true,"href":"https:\/\/lavia.cc\/gpx\/wp-json\/wp\/v2\/product_cat?post=13272"},{"taxonomy":"product_tag","embeddable":true,"href":"https:\/\/lavia.cc\/gpx\/wp-json\/wp\/v2\/product_tag?post=13272"}],"curies":[{"name":"wp","href":"https:\/\/api.w.org\/{rel}","templated":true}]}}