{"id":13399,"date":"2024-05-31T12:29:05","date_gmt":"2024-05-31T10:29:05","guid":{"rendered":"https:\/\/lavia.cc\/gpx\/?post_type=product&#038;p=13399"},"modified":"2024-11-16T09:03:29","modified_gmt":"2024-11-16T08:03:29","slug":"monte-argentario-dalla-vetta-al-mare","status":"publish","type":"product","link":"https:\/\/lavia.cc\/gpx\/tracce\/monte-argentario-dalla-vetta-al-mare\/","title":{"rendered":"Monte Argentario dalla Vetta al Mare"},"content":{"rendered":"<h5>Monte Argentario dalla Vetta al Mare<\/h5>\n<p>\u27a1\ufe0f Clicca qui per raggiungere il punto di partenza:\u00a0<a href=\"https:\/\/www.google.it\/maps\/place\/convento+padri+passionisti\/data=!4m2!3m1!1s0x132844b4d7965aa1:0x7e621cc22d6ec471?sa=X&amp;ved=1t:242&amp;ictx=111\" target=\"_blank\" rel=\"noopener\">GOOGLE MAPS<\/a> (Convento dei Padri Passionisti)<\/p>\n<p>\ud83d\udd5c Periodo consigliato: tutto l&#8217;anno.<\/p>\n<p>\ud83d\uddfa\ufe0f Mappa e altimetria dell&#8217;escursione sul <strong>Monte Argentario<\/strong>, dalla vetta al mare:<\/p>\n\r\n\t\t<div id=\"wpgpxmaps_13399_295940\" class=\"wpgpxmaps\">\r\n\t\t\t<div id=\"map_13399_295940_cont\" style=\"width:100%; height:450px;position:relative\" >\r\n\t\t\t\t<div id=\"map_13399_295940\" style=\"width:100%; height:450px\"><\/div>\r\n\t\t\t\t<div id=\"wpgpxmaps_13399_295940_osm_footer\" class=\"wpgpxmaps_osm_footer\" style=\"display:none;\"><span> &copy; <a href=\"http:\/\/www.openstreetmap.org\/copyright\" target=\"_blank\" rel=\"noopener\">OpenStreetMap<\/a> contributors<\/span><\/div>\r\n\t\t\t<\/div>\r\n\t\t\t<canvas id=\"myChart_13399_295940\" class=\"plot\" style=\"width:100%; height:200px\"><\/canvas>\r\n\t\t\t<div id=\"ngimages_13399_295940\" class=\"ngimages\" style=\"display:none\"><\/div>\r\n\t\t\t<div id=\"report_13399_295940\" class=\"report\"><\/div>\r\n\t\t<\/div>\r\n\t\t\r\n\t\t<script type=\"text\/javascript\">\r\n\r\n\t\t\tjQuery(document).ready(function() {\r\n\r\n\t\t\t\tjQuery( \"#wpgpxmaps_13399_295940\" ).wpgpxmaps( {\r\n\t\t\t\t\ttargetId           : \"13399_295940\",\r\n\t\t\t\t\tmapType            : \"HYBRID\",\r\n\t\t\t\t\tmapData            : [[42.4139590,11.1604570],[42.4138480,11.1604810],[42.4138220,11.1606040],[42.4135970,11.1607210],[42.4138220,11.1606040],[42.4138480,11.1604810],[42.4137630,11.1605470],[42.4136110,11.1605630],[42.4135120,11.1604390],[42.4136750,11.1600970],[42.4137140,11.1599770],[42.4137200,11.1598350],[42.4136610,11.1595290],[42.4136550,11.1591520],[42.4136770,11.1590050],[42.4140670,11.1580660],[42.4142280,11.1577820],[42.4143560,11.1576540],[42.4144840,11.1576000],[42.4149480,11.1576070],[42.4151040,11.1576150],[42.4159860,11.1573570],[42.4161850,11.1572260],[42.4165260,11.1567880],[42.4166160,11.1566280],[42.4166990,11.1564810],[42.4167330,11.1563590],[42.4169150,11.1551700],[42.4168290,11.1550150],[42.4155220,11.1565390],[42.4154310,11.1565660],[42.4156060,11.1557380],[42.4157290,11.1550790],[42.4158000,11.1547250],[42.4157360,11.1543450],[42.4153880,11.1535780],[42.4152430,11.1535590],[42.4152430,11.1536980],[42.4153510,11.1540670],[42.4153620,11.1543750],[42.4152040,11.1546300],[42.4149120,11.1551000],[42.4148130,11.1550230],[42.4148620,11.1547550],[42.4148430,11.1545580],[42.4146530,11.1540760],[42.4145360,11.1535860],[42.4139560,11.1532390],[42.4134220,11.1526030],[42.4133220,11.1525950],[42.4132720,11.1527010],[42.4133080,11.1529220],[42.4132980,11.1531130],[42.4132590,11.1533060],[42.4130930,11.1537220],[42.4129600,11.1538870],[42.4128840,11.1540610],[42.4127380,11.1545690],[42.4126120,11.1547350],[42.4125070,11.1546740],[42.4125700,11.1543470],[42.4125410,11.1541210],[42.4123450,11.1536530],[42.4121850,11.1531470],[42.4120820,11.1527810],[42.4120040,11.1526080],[42.4119150,11.1525190],[42.4118120,11.1524870],[42.4116130,11.1525430],[42.4109370,11.1528060],[42.4108060,11.1527640],[42.4105820,11.1523210],[42.4104720,11.1521380],[42.4103890,11.1520790],[42.4102260,11.1520670],[42.4093520,11.1523140],[42.4091790,11.1524310],[42.4089520,11.1526860],[42.4085930,11.1528490],[42.4077800,11.1530210],[42.4074960,11.1530060],[42.4073240,11.1530310],[42.4072650,11.1534520],[42.4076220,11.1536840],[42.4081260,11.1543550],[42.4084110,11.1544680],[42.4085350,11.1550970],[42.4087100,11.1550820],[42.4087380,11.1552210],[42.4087100,11.1550820],[42.4085850,11.1551320],[42.4084110,11.1544680],[42.4081260,11.1543550],[42.4076220,11.1536840],[42.4072650,11.1534520],[42.4072540,11.1531070],[42.4074320,11.1529970],[42.4072280,11.1528820],[42.4070840,11.1529380],[42.4067860,11.1526250],[42.4066300,11.1525470],[42.4061300,11.1528040],[42.4059150,11.1530280],[42.4057900,11.1531180],[42.4049300,11.1526900],[42.4048200,11.1524700],[42.4049500,11.1514700],[42.4051700,11.1511900],[42.4056600,11.1508000],[42.4057500,11.1505900],[42.4056800,11.1495400],[42.4058300,11.1492100],[42.4056800,11.1492800],[42.4054250,11.1503550],[42.4053400,11.1504350],[42.4050660,11.1504740],[42.4047020,11.1505870],[42.4045850,11.1506820],[42.4045330,11.1506330],[42.4050950,11.1502130],[42.4051700,11.1500500],[42.4050600,11.1490000],[42.4051900,11.1486300],[42.4053200,11.1484400],[42.4053600,11.1481800],[42.4051500,11.1477500],[42.4049330,11.1474830],[42.4048790,11.1473770],[42.4049010,11.1470610],[42.4049700,11.1469400],[42.4052420,11.1466960],[42.4053200,11.1466000],[42.4054700,11.1462300],[42.4055470,11.1458940],[42.4056660,11.1449980],[42.4057060,11.1448340],[42.4059400,11.1443000],[42.4059650,11.1440450],[42.4061150,11.1440170],[42.4061670,11.1438820],[42.4063480,11.1438640],[42.4065030,11.1440660],[42.4066650,11.1441150],[42.4067830,11.1437310],[42.4068650,11.1435650],[42.4070330,11.1437640],[42.4073850,11.1435650],[42.4075000,11.1434660],[42.4076500,11.1432180],[42.4078800,11.1430010],[42.4081580,11.1426300],[42.4083340,11.1422860],[42.4083670,11.1420830],[42.4082500,11.1416520],[42.4082140,11.1413990],[42.4082180,11.1410280],[42.4081970,11.1407460],[42.4081650,11.1405150],[42.4080820,11.1403140],[42.4080320,11.1400410],[42.4079990,11.1393870],[42.4081190,11.1391000],[42.4082680,11.1388890],[42.4083320,11.1387140],[42.4085190,11.1385660],[42.4087180,11.1383510],[42.4089190,11.1380510],[42.4092650,11.1377680],[42.4092330,11.1375530],[42.4092510,11.1372650],[42.4094450,11.1365700],[42.4096180,11.1358040],[42.4097990,11.1355500],[42.4100830,11.1353020],[42.4100870,11.1351040],[42.4099720,11.1351370],[42.4099470,11.1348770],[42.4103200,11.1346200],[42.4103910,11.1345050],[42.4103340,11.1343690],[42.4099900,11.1336800],[42.4099300,11.1326900],[42.4098900,11.1328800],[42.4097600,11.1325800],[42.4095000,11.1319000],[42.4092200,11.1314500],[42.4085800,11.1309500],[42.4078300,11.1308900],[42.4066900,11.1310600],[42.4057500,11.1314500],[42.4054000,11.1313400],[42.4052500,11.1313600],[42.4047200,11.1317500],[42.4045900,11.1317500],[42.4044400,11.1315800],[42.4043300,11.1305700],[42.4042200,11.1304600],[42.4039000,11.1303100],[42.4034080,11.1302680],[42.4028500,11.1302200],[42.4027400,11.1303300],[42.4026800,11.1304800],[42.4026300,11.1308500],[42.4027800,11.1312300],[42.4029800,11.1314900],[42.4031100,11.1319200],[42.4031900,11.1324100],[42.4030200,11.1328800],[42.4029400,11.1329900],[42.4028500,11.1331000],[42.4024400,11.1331600],[42.4022700,11.1332900],[42.4021600,11.1335100],[42.4021000,11.1337600],[42.4021600,11.1341500],[42.4023300,11.1338500],[42.4025100,11.1337600],[42.4029800,11.1338500],[42.4031900,11.1341300],[42.4031500,11.1345100],[42.4028100,11.1354600],[42.4028100,11.1358700],[42.4030390,11.1364370],[42.4031020,11.1366610],[42.4031350,11.1371770],[42.4032010,11.1375320],[42.4033710,11.1378970],[42.4037020,11.1383830],[42.4038260,11.1386490],[42.4039400,11.1390200],[42.4041950,11.1393850],[42.4045550,11.1398140],[42.4046240,11.1399560],[42.4048340,11.1405830],[42.4052700,11.1416800],[42.4053760,11.1422480],[42.4056040,11.1429470],[42.4057600,11.1435050],[42.4059830,11.1439340],[42.4059450,11.1442470],[42.4061890,11.1445890],[42.4063320,11.1448740],[42.4065970,11.1451180],[42.4071980,11.1452120],[42.4074590,11.1451890],[42.4076490,11.1452560],[42.4078700,11.1452310],[42.4080510,11.1451940],[42.4086560,11.1446680],[42.4090500,11.1446010],[42.4092420,11.1446090],[42.4094420,11.1444880],[42.4097630,11.1439540],[42.4101260,11.1434230],[42.4103380,11.1433790],[42.4106330,11.1434530],[42.4111550,11.1439380],[42.4114620,11.1440050],[42.4122550,11.1438600],[42.4127600,11.1439220],[42.4130200,11.1440000],[42.4132510,11.1439510],[42.4133800,11.1438040],[42.4136130,11.1434360],[42.4139500,11.1432370],[42.4140530,11.1432270],[42.4143740,11.1430810],[42.4145710,11.1428910],[42.4147370,11.1428290],[42.4150320,11.1425500],[42.4154040,11.1416950],[42.4155280,11.1415470],[42.4156530,11.1414620],[42.4158070,11.1414180],[42.4160280,11.1414720],[42.4163370,11.1416620],[42.4169390,11.1415870],[42.4172350,11.1416760],[42.4174590,11.1418600],[42.4175590,11.1418840],[42.4180010,11.1416110],[42.4180050,11.1417390],[42.4178110,11.1420700],[42.4183480,11.1420170],[42.4186720,11.1418200],[42.4188470,11.1418440],[42.4190210,11.1420590],[42.4192130,11.1421370],[42.4193220,11.1420680],[42.4198180,11.1415230],[42.4199650,11.1414370],[42.4202670,11.1414090],[42.4205200,11.1415820],[42.4210340,11.1416460],[42.4212810,11.1415610],[42.4214820,11.1413740],[42.4215490,11.1412510],[42.4217490,11.1410080],[42.4221460,11.1406820],[42.4223430,11.1405880],[42.4226450,11.1405290],[42.4230150,11.1405860],[42.4233210,11.1407390],[42.4236360,11.1410450],[42.4240340,11.1412360],[42.4242910,11.1411420],[42.4244770,11.1410230],[42.4246820,11.1407840],[42.4247600,11.1406480],[42.4250060,11.1404740],[42.4250580,11.1406280],[42.4251940,11.1408870],[42.4261000,11.1417450],[42.4266360,11.1420800],[42.4276970,11.1430260],[42.4279490,11.1432510],[42.4282020,11.1436910],[42.4284260,11.1439240],[42.4286230,11.1440400],[42.4288980,11.1443000],[42.4297130,11.1447370],[42.4299940,11.1448500],[42.4301320,11.1449440],[42.4302590,11.1451760],[42.4308590,11.1454490],[42.4315290,11.1456560],[42.4317350,11.1458790],[42.4318020,11.1460280],[42.4320320,11.1461420],[42.4325000,11.1461410],[42.4329560,11.1461800],[42.4333620,11.1461140],[42.4337830,11.1460860],[42.4338140,11.1466510],[42.4338630,11.1469880],[42.4338960,11.1472120],[42.4339840,11.1474890],[42.4342080,11.1479290],[42.4343720,11.1480880],[42.4345370,11.1481120],[42.4349170,11.1479870],[42.4353190,11.1480490],[42.4358770,11.1482970],[42.4361180,11.1484440],[42.4362850,11.1486060],[42.4364330,11.1488500],[42.4365020,11.1490350],[42.4364670,11.1493090],[42.4361200,11.1499240],[42.4356370,11.1509560],[42.4354630,11.1512520],[42.4353160,11.1514000],[42.4349310,11.1516750],[42.4347970,11.1519050],[42.4347340,11.1522150],[42.4347150,11.1533150],[42.4346630,11.1538440],[42.4346230,11.1546250],[42.4345790,11.1548050],[42.4342700,11.1555940],[42.4340100,11.1564420],[42.4337210,11.1570690],[42.4336180,11.1572640],[42.4335410,11.1574100],[42.4334450,11.1575400],[42.4332480,11.1576480],[42.4328650,11.1575970],[42.4324370,11.1575120],[42.4322600,11.1575180],[42.4321570,11.1575490],[42.4318590,11.1577270],[42.4317310,11.1578500],[42.4315430,11.1581330],[42.4314020,11.1583820],[42.4308350,11.1594550],[42.4305770,11.1599890],[42.4304920,11.1602240],[42.4302540,11.1610070],[42.4301560,11.1614590],[42.4300550,11.1621690],[42.4300170,11.1625730],[42.4297730,11.1643500],[42.4298210,11.1644590],[42.4297450,11.1652980],[42.4296530,11.1654810],[42.4295280,11.1668970],[42.4295390,11.1674660],[42.4296700,11.1682740],[42.4298700,11.1688590],[42.4301240,11.1693690],[42.4303940,11.1697470],[42.4310950,11.1703790],[42.4318190,11.1709190],[42.4320970,11.1711590],[42.4322510,11.1713460],[42.4324160,11.1716080],[42.4325510,11.1718930],[42.4326470,11.1722370],[42.4327010,11.1725850],[42.4327080,11.1729190],[42.4326190,11.1735600],[42.4324000,11.1741730],[42.4319950,11.1751030],[42.4318780,11.1750510],[42.4317820,11.1749410],[42.4320370,11.1739480],[42.4321410,11.1738370],[42.4323920,11.1737320],[42.4324720,11.1736200],[42.4325320,11.1734330],[42.4325430,11.1732240],[42.4325140,11.1730860],[42.4322710,11.1725440],[42.4319490,11.1719570],[42.4316970,11.1718270],[42.4312180,11.1717130],[42.4304900,11.1707770],[42.4303730,11.1706530],[42.4302760,11.1706000],[42.4300790,11.1706610],[42.4294650,11.1710210],[42.4293110,11.1712100],[42.4291110,11.1715850],[42.4289220,11.1719210],[42.4287320,11.1719490],[42.4285730,11.1718480],[42.4284510,11.1718070],[42.4282760,11.1718670],[42.4280360,11.1720750],[42.4278560,11.1722700],[42.4277800,11.1724030],[42.4276390,11.1727730],[42.4275450,11.1729350],[42.4274540,11.1730010],[42.4271860,11.1730610],[42.4260610,11.1731450],[42.4259520,11.1731730],[42.4258570,11.1732480],[42.4257610,11.1733880],[42.4255860,11.1737250],[42.4255020,11.1739690],[42.4255180,11.1741090],[42.4255620,11.1742250],[42.4257940,11.1745330],[42.4259560,11.1748000],[42.4260710,11.1751040],[42.4261100,11.1753240],[42.4261060,11.1755900],[42.4260400,11.1759720],[42.4259670,11.1761830],[42.4258610,11.1763610],[42.4257540,11.1764750],[42.4255200,11.1765660],[42.4253580,11.1765580],[42.4252140,11.1765070],[42.4250960,11.1764200],[42.4250290,11.1763290],[42.4246350,11.1752640],[42.4244560,11.1750270],[42.4243210,11.1749500],[42.4239240,11.1748790],[42.4238020,11.1748170],[42.4228910,11.1738880],[42.4226060,11.1728410],[42.4225420,11.1726880],[42.4219570,11.1716710],[42.4218110,11.1713260],[42.4217130,11.1709880],[42.4216650,11.1705820],[42.4216870,11.1703210],[42.4218050,11.1696150],[42.4218240,11.1692300],[42.4217430,11.1688520],[42.4215260,11.1682780],[42.4214360,11.1679030],[42.4210600,11.1665990],[42.4211030,11.1664760],[42.4212210,11.1664500],[42.4214140,11.1665270],[42.4215060,11.1665190],[42.4217310,11.1663890],[42.4218100,11.1663110],[42.4219110,11.1661260],[42.4220390,11.1656880],[42.4220760,11.1654360],[42.4221110,11.1646720],[42.4221710,11.1645030],[42.4224350,11.1641680],[42.4225040,11.1640240],[42.4225400,11.1637370],[42.4224990,11.1634940],[42.4223530,11.1631950],[42.4218360,11.1624480],[42.4217720,11.1623010],[42.4217560,11.1621690],[42.4218430,11.1620000],[42.4222260,11.1619740],[42.4223270,11.1618770],[42.4223450,11.1617500],[42.4222980,11.1616360],[42.4219320,11.1616380],[42.4217650,11.1615740],[42.4215420,11.1614300],[42.4213740,11.1614510],[42.4213030,11.1616420],[42.4211540,11.1626390],[42.4210980,11.1627590],[42.4209060,11.1629330],[42.4205190,11.1631300],[42.4203650,11.1630810],[42.4202810,11.1629750],[42.4199570,11.1623490],[42.4198270,11.1621820],[42.4196590,11.1615500],[42.4196270,11.1607790],[42.4195990,11.1605670],[42.4195440,11.1603830],[42.4194250,11.1601580],[42.4188610,11.1598000],[42.4186340,11.1597770],[42.4184600,11.1598390],[42.4184300,11.1600220],[42.4185050,11.1604000],[42.4185010,11.1606800],[42.4184310,11.1608260],[42.4182670,11.1607610],[42.4181880,11.1606550],[42.4179490,11.1599810],[42.4178100,11.1597150],[42.4176390,11.1594950],[42.4173240,11.1593250],[42.4164440,11.1587030],[42.4160630,11.1587170],[42.4157160,11.1587870],[42.4155910,11.1588120],[42.4153100,11.1589350],[42.4151310,11.1589440],[42.4148200,11.1589380],[42.4145720,11.1590700],[42.4140920,11.1594770],[42.4140270,11.1596210],[42.4139390,11.1603380],[42.4138920,11.1604420]],\r\n\t\t\t\t\tgraphDist          : [0.00,0.01,0.02,0.05,0.08,0.09,0.10,0.12,0.13,0.17,0.18,0.19,0.21,0.25,0.26,0.35,0.38,0.39,0.41,0.46,0.48,0.58,0.60,0.66,0.67,0.69,0.70,0.80,0.82,1.01,1.02,1.09,1.15,1.18,1.21,1.29,1.31,1.32,1.35,1.38,1.40,1.45,1.47,1.49,1.51,1.56,1.60,1.67,1.75,1.76,1.77,1.79,1.80,1.82,1.86,1.88,1.90,1.94,1.96,1.98,2.00,2.02,2.07,2.11,2.14,2.16,2.17,2.18,2.21,2.29,2.30,2.34,2.36,2.37,2.39,2.49,2.51,2.55,2.59,2.68,2.71,2.73,2.77,2.81,2.89,2.93,2.98,3.00,3.01,3.02,3.04,3.10,3.13,3.21,3.25,3.28,3.30,3.33,3.35,3.39,3.41,3.47,3.50,3.51,3.62,3.64,3.72,3.76,3.82,3.84,3.93,3.96,3.98,4.07,4.08,4.11,4.15,4.17,4.18,4.25,4.27,4.35,4.39,4.41,4.43,4.47,4.51,4.52,4.54,4.56,4.59,4.60,4.64,4.67,4.74,4.76,4.81,4.83,4.85,4.86,4.88,4.91,4.93,4.96,4.98,5.00,5.05,5.06,5.09,5.12,5.17,5.20,5.22,5.26,5.28,5.31,5.33,5.35,5.37,5.39,5.45,5.48,5.50,5.52,5.54,5.57,5.60,5.65,5.67,5.69,5.75,5.82,5.85,5.89,5.90,5.92,5.94,5.99,6.00,6.01,6.08,6.16,6.18,6.22,6.28,6.33,6.41,6.49,6.62,6.73,6.77,6.79,6.86,6.87,6.89,6.98,6.99,7.03,7.08,7.15,7.16,7.18,7.21,7.24,7.27,7.31,7.35,7.40,7.41,7.42,7.47,7.49,7.51,7.53,7.57,7.61,7.63,7.68,7.71,7.75,7.83,7.87,7.92,7.94,7.98,8.01,8.05,8.10,8.13,8.16,8.20,8.26,8.27,8.33,8.43,8.48,8.54,8.59,8.63,8.66,8.70,8.73,8.76,8.83,8.86,8.88,8.90,8.92,9.00,9.05,9.07,9.09,9.15,9.21,9.24,9.27,9.34,9.37,9.46,9.52,9.55,9.58,9.59,9.63,9.68,9.69,9.72,9.75,9.77,9.81,9.89,9.91,9.93,9.94,9.97,10.01,10.08,10.11,10.14,10.15,10.21,10.22,10.25,10.32,10.36,10.38,10.40,10.43,10.44,10.51,10.53,10.56,10.60,10.65,10.68,10.71,10.72,10.75,10.80,10.83,10.86,10.90,10.94,10.98,11.03,11.06,11.08,11.11,11.13,11.16,11.17,11.20,11.32,11.39,11.53,11.56,11.61,11.64,11.67,11.70,11.80,11.83,11.85,11.87,11.95,12.02,12.05,12.07,12.09,12.14,12.20,12.24,12.29,12.33,12.36,12.38,12.41,12.45,12.47,12.49,12.53,12.58,12.64,12.67,12.70,12.72,12.74,12.76,12.83,12.93,12.96,12.98,13.03,13.05,13.08,13.17,13.21,13.28,13.29,13.37,13.44,13.50,13.52,13.54,13.55,13.57,13.62,13.67,13.68,13.70,13.73,13.75,13.78,13.81,13.92,13.97,13.99,14.06,14.10,14.16,14.19,14.34,14.35,14.42,14.44,14.55,14.60,14.67,14.72,14.77,14.82,14.91,15.00,15.04,15.06,15.09,15.12,15.15,15.18,15.20,15.26,15.31,15.40,15.42,15.43,15.52,15.53,15.56,15.57,15.59,15.61,15.62,15.67,15.73,15.76,15.81,15.93,15.94,15.95,15.98,16.05,16.07,16.11,16.15,16.17,16.19,16.20,16.22,16.25,16.28,16.29,16.33,16.34,16.36,16.39,16.51,16.52,16.54,16.55,16.59,16.61,16.62,16.63,16.67,16.69,16.72,16.74,16.76,16.80,16.81,16.83,16.85,16.88,16.89,16.91,16.93,16.94,17.03,17.06,17.08,17.12,17.14,17.26,17.36,17.37,17.48,17.51,17.54,17.57,17.59,17.65,17.69,17.72,17.77,17.80,17.92,17.93,17.94,17.97,17.98,18.00,18.01,18.03,18.07,18.09,18.16,18.17,18.21,18.23,18.25,18.27,18.30,18.39,18.40,18.41,18.43,18.47,18.48,18.50,18.51,18.55,18.57,18.59,18.61,18.63,18.71,18.73,18.75,18.80,18.82,18.83,18.89,18.91,18.97,19.03,19.05,19.06,19.09,19.16,19.18,19.20,19.22,19.25,19.27,19.29,19.31,19.32,19.38,19.41,19.43,19.47,19.58,19.63,19.66,19.68,19.71,19.73,19.77,19.80,19.86,19.87,19.93,19.94],\r\n\t\t\t\t\tgraphEle           : [277.80,277.80,277.80,277.80,277.80,277.80,277.80,279.19,280.66,283.61,284.56,285.58,287.87,290.59,291.67,298.87,301.08,302.42,303.54,307.43,308.74,316.15,317.96,321.80,323.01,324.13,324.92,332.28,333.58,347.23,347.94,352.98,357.46,359.95,362.60,368.71,370.37,371.28,373.88,375.91,378.09,382.12,383.54,385.36,386.65,390.20,393.55,399.13,405.84,406.84,407.77,409.43,410.84,412.32,415.80,417.60,419.09,422.35,423.69,424.71,426.61,427.89,430.92,433.97,435.92,436.93,437.68,438.39,439.77,444.52,445.44,448.60,450.01,450.77,452.10,459.34,460.91,463.30,466.38,473.07,475.26,476.27,478.27,480.57,484.66,485.41,485.46,485.49,485.50,485.51,485.52,485.58,484.12,479.30,476.60,474.86,473.50,470.60,468.52,463.30,460.99,453.50,449.74,447.70,433.48,430.44,419.53,416.87,411.85,410.27,403.61,401.50,400.34,394.20,393.44,391.41,388.35,387.23,386.45,381.19,380.02,372.75,369.58,367.57,365.52,361.53,358.45,357.51,355.33,354.32,351.37,350.43,347.64,345.32,338.66,337.21,332.01,329.85,328.03,326.75,324.56,322.00,319.13,312.67,309.57,304.63,296.61,293.74,288.77,282.84,274.20,267.36,263.96,256.45,252.24,246.17,242.10,239.28,236.52,233.15,225.30,221.35,217.85,215.51,211.94,207.72,202.76,196.05,193.37,189.82,181.26,172.81,169.08,164.25,162.16,160.48,159.05,159.60,159.75,159.90,160.72,164.12,165.82,168.40,173.48,177.38,183.90,190.52,200.61,209.25,212.60,214.01,219.64,220.85,222.68,230.46,231.98,235.76,241.25,247.39,248.83,250.15,253.07,256.41,259.32,262.93,266.06,268.59,269.34,270.13,272.83,274.11,275.40,276.69,279.21,282.34,283.98,288.04,290.56,293.15,300.91,303.92,308.67,310.10,311.67,312.78,314.09,316.10,317.05,317.82,318.66,319.74,320.03,321.18,325.54,327.67,330.40,332.17,333.73,334.68,336.09,337.11,337.03,336.02,335.59,335.26,334.90,334.59,331.24,329.22,328.24,327.13,324.50,321.68,320.49,318.91,315.48,313.37,307.92,304.47,302.38,300.28,298.76,295.55,292.24,291.32,288.27,285.79,283.86,279.84,271.66,269.82,268.25,266.23,262.88,257.83,248.84,244.32,240.39,238.55,229.70,227.66,222.01,211.72,205.07,201.62,197.00,193.08,190.72,178.20,175.07,169.59,164.75,155.93,151.57,147.41,145.48,141.13,134.98,132.21,128.17,123.24,118.92,114.36,109.50,106.44,104.08,100.97,99.51,96.47,95.23,92.90,81.94,76.15,63.78,60.76,56.48,53.55,51.32,47.84,39.45,36.87,35.51,33.64,28.07,23.49,21.78,20.95,19.36,16.33,14.30,12.62,10.88,9.16,8.61,8.74,8.91,9.21,9.36,9.49,9.78,10.84,13.03,14.02,14.79,15.65,16.23,16.73,17.37,18.38,18.51,18.18,17.42,17.04,16.62,15.05,13.99,12.44,12.07,10.21,7.87,6.00,5.39,4.93,4.47,4.15,3.60,2.98,2.72,2.57,2.11,1.88,2.13,2.35,3.28,3.68,3.80,4.21,4.44,4.76,4.83,5.15,5.17,4.58,4.41,3.38,3.09,2.66,2.32,2.31,2.65,3.39,3.89,4.02,4.10,4.20,4.29,4.39,4.73,5.08,5.77,6.50,7.66,7.84,8.03,9.18,9.37,9.80,10.02,10.32,10.62,10.83,11.75,12.82,13.57,15.84,20.54,21.24,21.77,23.02,27.18,28.47,30.60,32.53,33.35,34.00,34.46,35.13,36.17,37.02,37.48,38.61,39.17,39.57,40.77,45.73,46.22,46.71,47.33,48.47,49.22,49.61,49.97,51.19,52.15,53.09,53.72,54.41,55.38,55.96,56.52,56.98,57.79,58.33,58.83,59.28,59.60,65.39,67.20,68.26,71.16,72.10,80.93,87.37,88.42,96.14,98.52,100.70,103.70,105.86,111.82,115.00,118.24,123.27,126.00,135.67,136.61,137.73,139.39,140.05,141.82,142.52,143.75,146.26,147.63,151.74,153.11,156.71,157.97,160.13,161.96,164.59,171.94,173.11,174.02,175.52,179.08,180.23,181.12,182.01,185.44,186.73,188.15,189.12,190.03,194.36,194.96,196.29,199.45,200.72,201.62,206.07,207.48,211.47,216.49,217.89,219.18,220.98,226.47,227.85,228.92,229.74,231.45,232.67,233.45,234.52,235.17,239.16,241.44,243.66,246.87,255.84,258.73,261.39,262.34,264.58,265.93,267.84,267.84,267.84,267.84,267.84,267.84],\r\n\t\t\t\t\tgraphSpeed         : [],\r\n\t\t\t\t\tgraphHr            : [],\r\n\t\t\t\t\tgraphAtemp         : [],\r\n\t\t\t\t\tgraphCad           : [],\r\n\t\t\t\t\tgraphGrade         : [],\r\n\t\t\t\t\twaypoints          : [],\r\n\t\t\t\t\tunit               : \"2\",\r\n\t\t\t\t\tunitspeed          : \"0\",\r\n\t\t\t\t\tcolor1             : [\"#3366cc\"],\r\n\t\t\t\t\tcolor2             : \"#3366cc\",\r\n\t\t\t\t\tcolor3             : \"#ff0000\",\r\n\t\t\t\t\tcolor4             : \"#ff77bd\",\r\n\t\t\t\t\tcolor5             : \"#beecff\",\r\n\t\t\t\t\tcolor6             : \"#beecff\",\r\n\t\t\t\t\tcolor7             : \"#ff77bd\",\r\n\t\t\t\t\tchartFrom1         : \"\",\r\n\t\t\t\t\tchartTo1           : \"\",\r\n\t\t\t\t\tchartFrom2         : \"\",\r\n\t\t\t\t\tchartTo2           : \"\",\r\n\t\t\t\t\tstartIcon          : \"\",\r\n\t\t\t\t\tendIcon            : \"\",\r\n\t\t\t\t\tcurrentIcon        : \"\",\r\n\t\t\t\t\twaypointIcon       : \"https:\/\/lavia.cc\/gpx\/wp-content\/uploads\/gpx\/cropped-icona.ico\",\r\n\t\t\t\t\tcurrentpositioncon : \"\",\r\n\t\t\t\t\tusegpsposition     : \"\",\r\n\t\t\t\t\tzoomOnScrollWheel  : \"\",\r\n\t\t\t\t\tngGalleries        : [],\r\n\t\t\t\t\tngImages           : [],\r\n\t\t\t\t\tpluginUrl          : \"https:\/\/lavia.cc\/gpx\/wp-content\/plugins\",\r\n\t\t\t\t\tTFApiKey           : \"\",\r\n\t\t\t\t\tMapBoxApiKey           : \"\",\r\n\t\t\t\t\tlangs              : {\r\n\t\t\t\t\t\taltitude        : \"Altitudine\",\r\n\t\t\t\t\t\tcurrentPosition : \"Current position\",\r\n\t\t\t\t\t\tspeed           : \"Velocit\u00e0\",\r\n\t\t\t\t\t\tgrade           : \"Grade\",\r\n\t\t\t\t\t\theartRate       : \"Battito Cardiaco\",\r\n\t\t\t\t\t\tatemp           : \"Temperature\",\r\n\t\t\t\t\t\tcadence         : \"Cadenza\",\r\n\t\t\t\t\t\tgoFullScreen    : \"Go full screen\",\r\n\t\t\t\t\t\texitFullFcreen  : \"Exit full screen\",\r\n\t\t\t\t\t\thideImages      : \"Hide images\",\r\n\t\t\t\t\t\tshowImages      : \"Show images\",\r\n\t\t\t\t\t\tbackToCenter\t: \"Ritorna al centro della mappa\"\r\n\t\t\t\t\t}\r\n\t\t\t\t});\r\n\r\n\t\t\t});\r\n\r\n\t\t<\/script>\n<p>\ud83d\udfe2 Segui\u00a0<strong>LAVIA,<\/strong>\u00a0arriva alla\u00a0<strong>META!<\/strong><\/p>\n","protected":false},"excerpt":{"rendered":"<p><strong>\ud83d\udccd TRACCIA CARICATA DA:\u00a0<a href=\"https:\/\/lavia.cc\/gpx\/maremma-green-passion\/\" target=\"_blank\" rel=\"noopener\">MAREMMA GREEN PASSION<\/a><\/strong><\/p>\n<p>Vi presento un bellissimo percorso che si addentra nel cuore verde del promontorio pi\u00f9 amato della Maremma: Monte Argentario! Tutti saprete che un tempo questo territorio era un\u2019isola, ma poi la terraferma ha sollevato due braccia per unirlo a s\u00e9 e cos\u00ec si sono creati il Tombolo della Feniglia e quello della Giannella che fanno da sponda alla meravigliosa Laguna di Orbetello, attraversata dalla Diga Leopoldina. Il Monte Argentario \u00e8 impervio perch\u00e9 quasi completamente ricoperto dalle colline, eccetto che sulla costa nord-orientale e questo variegato percorso ci porter\u00e0 appunto dal cuore green&amp;wild della sommit\u00e0 fino alla costa lagunare. La partenza al Convento dei Padri Passionisti per raggiungere la Croce Monumentale e affacciarsi sulla costa tirrenica per dare uno sguardo alle isole del Giglio e di Giannutri. Attraverseremo sentieri nel bosco e lungo le cesse che ci riporteranno in direzione di Porto Santo Stefano dove usciremo sulla Strada Provinciale nei pressi della Soda (fare molta attenzione perch\u00e9 il tratto se pur breve \u00e8 pericoloso a causa della mancanza in alcuni punti della banchina o del marciapiedi) per uno sguardo lungo costa fino al canale di Santa Liberata e quindi lungo laguna, riprendendo infine la strada del convento. Nel risalire scopro che l\u2019ora \u00e8 tarda e la strada percorsa \u00e8 stata molta, ma con queste luci e questo paesaggio \u00e8 impossibile non trattenersi ancora un po\u2019\u2026<\/p>\n<p>\ud83c\udf89VIVA LA MAREMMA COLLINARE!<\/p>\n<p>\ud83d\udcf7 Durante l\u2019escursione cerca l\u2019<a href=\"https:\/\/lavia.cc\/gpx\/mappa-degli-adesivi-lavia\/\" target=\"_blank\" rel=\"noopener\">adesivo LAVIA<\/a>. Se lo trovi fai una foto e taggaci in una storia su Instagram!<\/p>\n<p>\ud83d\udfe2 Segui\u00a0<strong>LAVIA,<\/strong>\u00a0arriva alla\u00a0<strong>META<\/strong>!<\/p>\n","protected":false},"featured_media":16876,"comment_status":"open","ping_status":"closed","template":"","meta":[],"product_brand":[],"product_cat":[31],"product_tag":[1293,126],"class_list":{"0":"post-13399","1":"product","2":"type-product","3":"status-publish","4":"has-post-thumbnail","6":"product_cat-escursionismo","7":"product_tag-monte-argentario","8":"product_tag-toscana","10":"first","11":"instock","12":"downloadable","13":"virtual","14":"product-type-simple"},"_links":{"self":[{"href":"https:\/\/lavia.cc\/gpx\/wp-json\/wp\/v2\/product\/13399","targetHints":{"allow":["GET"]}}],"collection":[{"href":"https:\/\/lavia.cc\/gpx\/wp-json\/wp\/v2\/product"}],"about":[{"href":"https:\/\/lavia.cc\/gpx\/wp-json\/wp\/v2\/types\/product"}],"replies":[{"embeddable":true,"href":"https:\/\/lavia.cc\/gpx\/wp-json\/wp\/v2\/comments?post=13399"}],"version-history":[{"count":5,"href":"https:\/\/lavia.cc\/gpx\/wp-json\/wp\/v2\/product\/13399\/revisions"}],"predecessor-version":[{"id":18446,"href":"https:\/\/lavia.cc\/gpx\/wp-json\/wp\/v2\/product\/13399\/revisions\/18446"}],"wp:featuredmedia":[{"embeddable":true,"href":"https:\/\/lavia.cc\/gpx\/wp-json\/wp\/v2\/media\/16876"}],"wp:attachment":[{"href":"https:\/\/lavia.cc\/gpx\/wp-json\/wp\/v2\/media?parent=13399"}],"wp:term":[{"taxonomy":"product_brand","embeddable":true,"href":"https:\/\/lavia.cc\/gpx\/wp-json\/wp\/v2\/product_brand?post=13399"},{"taxonomy":"product_cat","embeddable":true,"href":"https:\/\/lavia.cc\/gpx\/wp-json\/wp\/v2\/product_cat?post=13399"},{"taxonomy":"product_tag","embeddable":true,"href":"https:\/\/lavia.cc\/gpx\/wp-json\/wp\/v2\/product_tag?post=13399"}],"curies":[{"name":"wp","href":"https:\/\/api.w.org\/{rel}","templated":true}]}}