{"id":13424,"date":"2024-05-31T22:08:13","date_gmt":"2024-05-31T20:08:13","guid":{"rendered":"https:\/\/lavia.cc\/gpx\/?post_type=product&#038;p=13424"},"modified":"2024-07-29T21:47:19","modified_gmt":"2024-07-29T19:47:19","slug":"monte-macina-dalle-gobbie","status":"publish","type":"product","link":"https:\/\/lavia.cc\/gpx\/tracce\/monte-macina-dalle-gobbie\/","title":{"rendered":"Monte Macina dalle Gobbie"},"content":{"rendered":"<h5>Monte Macina dalle Gobbie<\/h5>\n<p>\u27a1\ufe0f Clicca qui per andare al punto di partenza: <a href=\"https:\/\/www.google.com\/maps\/place\/Ristorante+Le+Gobbie\/@44.062486,10.2334008,17z\/data=!3m1!4b1!4m6!3m5!1s0x12d57461328bba2d:0x781fec11bf5a03fb!8m2!3d44.062486!4d10.2334008!16s%2Fg%2F1ptvst1vl?entry=ttu\" target=\"_blank\" rel=\"noopener\">GOOGLE MAPS<\/a> (Parcheggio)<\/p>\n<p>\u2139\ufe0f Uno tra i luoghi pi\u00f9 suggestivi delle <strong>Alpi Apuane<\/strong>. Il Monte Macina costituisce l&#8217;estensione meridionale della dorsale del Monte Sella; questa spina dorsale si abbassa al Passo del Vestito e prosegue verso il Monte Pelato.<\/p>\n<p>\u26fa\ufe0f \ud83c\udf74In Arni (Comune di Stazzema, Alta Versilia), in localita\u2019 Case Giannelli, a mt. 1016 e a soli 15 minuti di cammino dalla strada c\u2019\u00e8 il \u201c<a href=\"http:\/\/www.caipietrasanta.it\/rifugio-a-puliti\/\" target=\"_blank\" rel=\"noopener\">Rifugio Adelmo Puliti<\/a>\u201d intitolato all\u2019ing. Puliti, che fu tra i soci fondatori della Sezione e ne fu il primo presidente. Il Rifugio e\u2019 stato recentemente ristrutturato ed e\u2019 aperto tutte le domeniche (anche in inverno, salvo neve o pioggia) e in qualsiasi altro momento su prenotazione.<\/p>\n<ul>\n<li>telefono: +39 3389952268<\/li>\n<li>email: rifugiopuliti.biancospino@gmail.com<\/li>\n<\/ul>\n<p>\u26a0\ufe0f L&#8217;escursione \u00e8 consigliata ad escursionisti esperti, che abbiano un passo fermo e che siano abituati a passaggi esposti.<\/p>\n<p>\ud83d\uddfa\ufe0f Mappa e altimetria dell&#8217; <a href=\"https:\/\/lavia.cc\/gpx\/categoria-tracce\/escursionismo\/\">escursione<\/a> &#8220;<strong>Monte Macina dalle Gobbie<\/strong>&#8220;:<\/p>\n\r\n\t\t<div id=\"wpgpxmaps_13424_3528362\" class=\"wpgpxmaps\">\r\n\t\t\t<div id=\"map_13424_3528362_cont\" style=\"width:100%; height:450px;position:relative\" >\r\n\t\t\t\t<div id=\"map_13424_3528362\" style=\"width:100%; height:450px\"><\/div>\r\n\t\t\t\t<div id=\"wpgpxmaps_13424_3528362_osm_footer\" class=\"wpgpxmaps_osm_footer\" style=\"display:none;\"><span> &copy; <a href=\"http:\/\/www.openstreetmap.org\/copyright\" target=\"_blank\" rel=\"noopener\">OpenStreetMap<\/a> contributors<\/span><\/div>\r\n\t\t\t<\/div>\r\n\t\t\t<canvas id=\"myChart_13424_3528362\" class=\"plot\" style=\"width:100%; height:200px\"><\/canvas>\r\n\t\t\t<div id=\"ngimages_13424_3528362\" class=\"ngimages\" style=\"display:none\"><\/div>\r\n\t\t\t<div id=\"report_13424_3528362\" class=\"report\"><\/div>\r\n\t\t<\/div>\r\n\t\t\r\n\t\t<script type=\"text\/javascript\">\r\n\r\n\t\t\tjQuery(document).ready(function() {\r\n\r\n\t\t\t\tjQuery( \"#wpgpxmaps_13424_3528362\" ).wpgpxmaps( {\r\n\t\t\t\t\ttargetId           : \"13424_3528362\",\r\n\t\t\t\t\tmapType            : \"HYBRID\",\r\n\t\t\t\t\tmapData            : [[44.0645710,10.2333210],[44.0651390,10.2332210],[44.0656050,10.2329210],[44.0661140,10.2327420],[44.0661630,10.2326200],[44.0662500,10.2325340],[44.0663430,10.2325100],[44.0663650,10.2326340],[44.0666050,10.2327210],[44.0667060,10.2328330],[44.0668670,10.2329260],[44.0669880,10.2329070],[44.0671300,10.2328240],[44.0673290,10.2328370],[44.0674690,10.2330220],[44.0676330,10.2330800],[44.0677190,10.2332060],[44.0679720,10.2334140],[44.0682380,10.2335550],[44.0683930,10.2334990],[44.0689470,10.2337010],[44.0691620,10.2338420],[44.0693030,10.2339720],[44.0694840,10.2341780],[44.0696510,10.2343540],[44.0698430,10.2344740],[44.0699540,10.2347850],[44.0701950,10.2351510],[44.0704800,10.2351230],[44.0706060,10.2354150],[44.0708060,10.2355970],[44.0710410,10.2355970],[44.0708500,10.2359760],[44.0707370,10.2361760],[44.0707120,10.2363370],[44.0705930,10.2367110],[44.0705620,10.2370090],[44.0705890,10.2371980],[44.0704850,10.2375640],[44.0703190,10.2377990],[44.0702750,10.2379110],[44.0701230,10.2381580],[44.0702850,10.2384160],[44.0703970,10.2384870],[44.0708110,10.2386630],[44.0709720,10.2387750],[44.0712430,10.2388430],[44.0714240,10.2389370],[44.0715760,10.2391930],[44.0715040,10.2394520],[44.0714930,10.2395800],[44.0715710,10.2397650],[44.0717530,10.2397900],[44.0720320,10.2396330],[44.0721430,10.2396040],[44.0723210,10.2396100],[44.0724850,10.2396800],[44.0726790,10.2397110],[44.0732100,10.2399140],[44.0734270,10.2396000],[44.0735840,10.2396090],[44.0737860,10.2395310],[44.0739070,10.2395330],[44.0741340,10.2396720],[44.0742770,10.2397240],[44.0745170,10.2397080],[44.0749120,10.2395810],[44.0753180,10.2396180],[44.0754120,10.2398310],[44.0756300,10.2399640],[44.0757300,10.2400820],[44.0759260,10.2404230],[44.0760440,10.2405210],[44.0760900,10.2406680],[44.0762480,10.2407920],[44.0762870,10.2410490],[44.0764070,10.2414250],[44.0764310,10.2416040],[44.0764390,10.2417750],[44.0763450,10.2422210],[44.0763540,10.2423610],[44.0764250,10.2425600],[44.0765980,10.2426220],[44.0768920,10.2428220],[44.0770010,10.2428120],[44.0771110,10.2428950],[44.0772980,10.2429610],[44.0774060,10.2431030],[44.0774360,10.2433070],[44.0775290,10.2433490],[44.0776180,10.2435320],[44.0777810,10.2436210],[44.0779330,10.2436190],[44.0780180,10.2435780],[44.0780220,10.2433360],[44.0781980,10.2430620],[44.0782340,10.2427760],[44.0783340,10.2425890],[44.0784930,10.2424250],[44.0784350,10.2422620],[44.0785210,10.2421850],[44.0785160,10.2419810],[44.0785510,10.2417700],[44.0784700,10.2416790],[44.0784700,10.2415290],[44.0784080,10.2412440],[44.0784700,10.2415290],[44.0784700,10.2416790],[44.0785510,10.2417700],[44.0785160,10.2419810],[44.0785210,10.2421850],[44.0784350,10.2422620],[44.0784930,10.2424250],[44.0783340,10.2425890],[44.0782340,10.2427760],[44.0781980,10.2430620],[44.0780220,10.2433360],[44.0779520,10.2435370],[44.0779330,10.2436190],[44.0777810,10.2436210],[44.0776180,10.2435320],[44.0775290,10.2433490],[44.0774360,10.2433070],[44.0774060,10.2431030],[44.0772980,10.2429610],[44.0771110,10.2428950],[44.0770010,10.2428120],[44.0768920,10.2428220],[44.0765980,10.2426220],[44.0764250,10.2425600],[44.0763540,10.2423610],[44.0763450,10.2422210],[44.0764390,10.2417750],[44.0764310,10.2416040],[44.0764070,10.2414250],[44.0762870,10.2410490],[44.0762480,10.2407920],[44.0760900,10.2406680],[44.0760440,10.2405210],[44.0759260,10.2404230],[44.0757300,10.2400820],[44.0756300,10.2399640],[44.0754120,10.2398310],[44.0753780,10.2396730],[44.0749120,10.2395810],[44.0745170,10.2397080],[44.0742770,10.2397240],[44.0741340,10.2396720],[44.0739070,10.2395330],[44.0737860,10.2395310],[44.0735840,10.2396090],[44.0734270,10.2396000],[44.0732530,10.2398870],[44.0726790,10.2397110],[44.0724850,10.2396800],[44.0723210,10.2396100],[44.0721430,10.2396040],[44.0720320,10.2396330],[44.0717530,10.2397900],[44.0715710,10.2397650],[44.0712970,10.2399130],[44.0708530,10.2398690],[44.0706360,10.2400900],[44.0701000,10.2402850],[44.0698900,10.2404390],[44.0696820,10.2405430],[44.0695970,10.2406830],[44.0688010,10.2407610],[44.0685060,10.2407470],[44.0683480,10.2404820],[44.0682400,10.2402240],[44.0679650,10.2398610],[44.0677790,10.2397590],[44.0676150,10.2397930],[44.0673930,10.2398840],[44.0671300,10.2398690],[44.0667720,10.2399130],[44.0666910,10.2399800],[44.0664970,10.2403650],[44.0664860,10.2406090],[44.0665160,10.2408150],[44.0664390,10.2409560],[44.0663350,10.2410740],[44.0659900,10.2410970],[44.0658610,10.2412110],[44.0657080,10.2412020],[44.0654430,10.2413510],[44.0652690,10.2418840],[44.0651310,10.2420380],[44.0650630,10.2424650],[44.0650890,10.2428170],[44.0651510,10.2432020],[44.0652930,10.2435330],[44.0654520,10.2436230],[44.0656120,10.2439840],[44.0656380,10.2441100],[44.0655300,10.2443060],[44.0655580,10.2444600],[44.0654980,10.2445680],[44.0655410,10.2448630],[44.0656530,10.2450090],[44.0656720,10.2452980],[44.0655590,10.2454080],[44.0654030,10.2456390],[44.0652520,10.2459450],[44.0650750,10.2461370],[44.0650060,10.2462620],[44.0647180,10.2465690],[44.0646400,10.2467000],[44.0645630,10.2467650],[44.0642670,10.2465460],[44.0640260,10.2464700],[44.0636580,10.2465060],[44.0633920,10.2464130],[44.0632490,10.2464250],[44.0631490,10.2464330],[44.0630650,10.2463430],[44.0624210,10.2468680],[44.0623190,10.2469140],[44.0621580,10.2469040],[44.0619060,10.2471320],[44.0617770,10.2470890],[44.0617250,10.2469320],[44.0615390,10.2465210],[44.0614590,10.2462100],[44.0613340,10.2459530],[44.0613050,10.2457430],[44.0613530,10.2456300],[44.0613630,10.2454850],[44.0612170,10.2451230],[44.0610940,10.2450030],[44.0609310,10.2446570],[44.0608370,10.2444000],[44.0608040,10.2442400],[44.0609390,10.2439070],[44.0612010,10.2437130],[44.0612380,10.2435950],[44.0612720,10.2433400],[44.0613920,10.2430310],[44.0616580,10.2425230],[44.0617110,10.2423490],[44.0617110,10.2421580],[44.0615730,10.2419100],[44.0614450,10.2415810],[44.0611590,10.2415370],[44.0609850,10.2411940],[44.0609360,10.2410410],[44.0608570,10.2407300],[44.0608580,10.2405260],[44.0609130,10.2401600],[44.0608700,10.2398350],[44.0608880,10.2396900],[44.0608280,10.2395490],[44.0610060,10.2392980],[44.0612390,10.2388220],[44.0612680,10.2385960],[44.0612390,10.2383460],[44.0612620,10.2381740],[44.0612720,10.2379270],[44.0612740,10.2375830],[44.0614570,10.2370370],[44.0616770,10.2366190],[44.0617380,10.2364550],[44.0618710,10.2362810],[44.0618730,10.2361110],[44.0619540,10.2359170],[44.0622890,10.2352780],[44.0623790,10.2349170],[44.0624930,10.2342280],[44.0625810,10.2339670],[44.0626280,10.2337850],[44.0625400,10.2334710],[44.0624510,10.2334090],[44.0626470,10.2333240],[44.0628340,10.2333360],[44.0633950,10.2336480],[44.0635970,10.2336780],[44.0637520,10.2336450],[44.0638920,10.2335460],[44.0640220,10.2333530],[44.0641430,10.2333230]],\r\n\t\t\t\t\tgraphDist          : [0.00,0.06,0.12,0.18,0.19,0.20,0.21,0.22,0.25,0.27,0.29,0.30,0.32,0.34,0.36,0.38,0.39,0.43,0.46,0.48,0.54,0.57,0.59,0.61,0.64,0.66,0.69,0.73,0.76,0.79,0.82,0.85,0.88,0.90,0.92,0.95,0.98,0.99,1.03,1.06,1.07,1.09,1.12,1.14,1.19,1.21,1.24,1.26,1.29,1.31,1.32,1.34,1.36,1.39,1.41,1.43,1.45,1.47,1.53,1.57,1.58,1.61,1.62,1.65,1.66,1.69,1.74,1.78,1.80,1.83,1.84,1.88,1.89,1.91,1.93,1.95,1.98,1.99,2.01,2.05,2.06,2.07,2.09,2.13,2.14,2.16,2.18,2.20,2.22,2.23,2.25,2.27,2.28,2.29,2.32,2.35,2.37,2.39,2.42,2.43,2.44,2.46,2.48,2.49,2.50,2.52,2.55,2.56,2.57,2.59,2.61,2.62,2.63,2.66,2.67,2.70,2.73,2.75,2.77,2.78,2.80,2.82,2.83,2.85,2.87,2.89,2.90,2.92,2.95,2.97,2.99,3.00,3.04,3.05,3.07,3.10,3.12,3.14,3.16,3.17,3.21,3.22,3.25,3.26,3.31,3.36,3.39,3.40,3.43,3.44,3.47,3.48,3.51,3.58,3.60,3.62,3.64,3.65,3.69,3.71,3.74,3.79,3.82,3.88,3.91,3.93,3.95,4.04,4.07,4.10,4.12,4.17,4.19,4.21,4.23,4.26,4.30,4.31,4.35,4.37,4.39,4.40,4.42,4.46,4.48,4.50,4.53,4.58,4.60,4.64,4.67,4.70,4.73,4.76,4.79,4.80,4.82,4.84,4.85,4.87,4.89,4.92,4.93,4.96,4.99,5.01,5.03,5.07,5.08,5.09,5.13,5.16,5.20,5.23,5.24,5.25,5.27,5.35,5.36,5.38,5.41,5.43,5.44,5.48,5.51,5.53,5.55,5.56,5.57,5.61,5.62,5.66,5.68,5.69,5.72,5.76,5.77,5.79,5.81,5.86,5.88,5.90,5.92,5.95,5.98,6.02,6.03,6.06,6.07,6.10,6.13,6.14,6.16,6.18,6.23,6.25,6.27,6.28,6.30,6.33,6.38,6.42,6.44,6.46,6.47,6.49,6.55,6.58,6.64,6.66,6.68,6.70,6.71,6.75,6.77,6.84,6.86,6.88,6.90,6.92,6.93],\r\n\t\t\t\t\tgraphEle           : [1058.87,1058.87,1061.16,1067.59,1068.92,1070.23,1071.39,1072.51,1075.55,1077.14,1079.27,1080.77,1083.09,1086.13,1089.09,1091.68,1093.59,1098.08,1102.44,1104.89,1113.99,1117.86,1120.61,1124.61,1128.02,1131.45,1135.51,1143.61,1151.22,1157.74,1164.11,1170.37,1179.23,1184.10,1187.89,1198.82,1206.86,1212.01,1222.53,1231.48,1234.89,1243.58,1252.70,1256.68,1270.69,1276.51,1285.41,1291.66,1299.38,1305.93,1308.92,1312.00,1314.41,1318.38,1319.86,1322.21,1324.47,1327.04,1334.30,1334.67,1334.81,1334.99,1335.10,1335.33,1335.46,1335.67,1335.94,1335.33,1335.05,1334.69,1334.49,1334.02,1333.82,1333.65,1333.37,1334.79,1337.81,1339.14,1340.40,1343.81,1344.84,1346.47,1348.30,1351.64,1355.21,1359.41,1365.89,1370.88,1375.90,1379.18,1384.51,1390.38,1395.49,1398.50,1406.32,1413.80,1417.71,1420.85,1424.57,1427.02,1428.94,1431.69,1434.60,1436.56,1438.58,1442.59,1444.66,1441.87,1439.17,1435.13,1431.32,1428.67,1425.28,1420.14,1415.80,1410.38,1403.53,1399.37,1394.53,1389.97,1384.71,1379.94,1377.01,1372.52,1368.06,1362.26,1358.51,1355.23,1345.40,1344.00,1342.96,1342.31,1340.13,1339.33,1338.48,1336.55,1335.33,1334.14,1333.39,1333.60,1334.08,1334.28,1334.64,1334.82,1335.55,1336.11,1335.88,1335.73,1335.49,1335.37,1335.16,1335.01,1334.74,1333.41,1332.55,1331.80,1331.01,1330.51,1329.19,1328.38,1327.09,1322.15,1318.29,1310.33,1306.93,1303.75,1301.86,1287.62,1282.23,1277.71,1273.79,1266.82,1262.99,1259.81,1255.37,1250.32,1243.43,1241.63,1235.15,1230.64,1225.51,1221.19,1216.64,1204.91,1199.72,1194.53,1184.82,1169.97,1161.89,1147.52,1135.90,1122.95,1110.29,1102.44,1088.90,1085.70,1079.67,1075.79,1072.46,1065.12,1059.91,1052.83,1048.14,1040.41,1031.35,1028.96,1028.99,1029.08,1029.12,1029.14,1029.23,1029.29,1029.41,1031.32,1032.32,1033.02,1033.76,1038.98,1039.73,1040.85,1041.54,1041.17,1040.79,1039.78,1039.11,1038.48,1038.04,1037.78,1037.48,1036.89,1036.95,1037.05,1037.12,1037.16,1037.26,1037.36,1037.40,1037.46,1037.49,1037.46,1037.45,1037.44,1037.43,1037.42,1037.40,1036.77,1036.35,1035.49,1034.98,1034.05,1033.22,1032.85,1032.44,1031.56,1030.21,1029.70,1029.13,1028.74,1028.19,1027.41,1026.06,1025.86,1026.05,1026.32,1026.50,1026.74,1027.57,1027.97,1029.83,1030.77,1031.41,1032.53,1032.98,1034.45,1035.30,1036.37,1036.37,1036.37,1036.37,1036.37,1036.37],\r\n\t\t\t\t\tgraphSpeed         : [],\r\n\t\t\t\t\tgraphHr            : [],\r\n\t\t\t\t\tgraphAtemp         : [],\r\n\t\t\t\t\tgraphCad           : [],\r\n\t\t\t\t\tgraphGrade         : [],\r\n\t\t\t\t\twaypoints          : [],\r\n\t\t\t\t\tunit               : \"2\",\r\n\t\t\t\t\tunitspeed          : \"0\",\r\n\t\t\t\t\tcolor1             : [\"#3366cc\"],\r\n\t\t\t\t\tcolor2             : \"#3366cc\",\r\n\t\t\t\t\tcolor3             : \"#ff0000\",\r\n\t\t\t\t\tcolor4             : \"#ff77bd\",\r\n\t\t\t\t\tcolor5             : \"#beecff\",\r\n\t\t\t\t\tcolor6             : \"#beecff\",\r\n\t\t\t\t\tcolor7             : \"#ff77bd\",\r\n\t\t\t\t\tchartFrom1         : \"\",\r\n\t\t\t\t\tchartTo1           : \"\",\r\n\t\t\t\t\tchartFrom2         : \"\",\r\n\t\t\t\t\tchartTo2           : \"\",\r\n\t\t\t\t\tstartIcon          : \"\",\r\n\t\t\t\t\tendIcon            : \"\",\r\n\t\t\t\t\tcurrentIcon        : \"\",\r\n\t\t\t\t\twaypointIcon       : \"https:\/\/lavia.cc\/gpx\/wp-content\/uploads\/gpx\/cropped-icona.ico\",\r\n\t\t\t\t\tcurrentpositioncon : \"\",\r\n\t\t\t\t\tusegpsposition     : \"\",\r\n\t\t\t\t\tzoomOnScrollWheel  : \"\",\r\n\t\t\t\t\tngGalleries        : [],\r\n\t\t\t\t\tngImages           : [],\r\n\t\t\t\t\tpluginUrl          : \"https:\/\/lavia.cc\/gpx\/wp-content\/plugins\",\r\n\t\t\t\t\tTFApiKey           : \"\",\r\n\t\t\t\t\tMapBoxApiKey           : \"\",\r\n\t\t\t\t\tlangs              : {\r\n\t\t\t\t\t\taltitude        : \"Altitudine\",\r\n\t\t\t\t\t\tcurrentPosition : \"Current position\",\r\n\t\t\t\t\t\tspeed           : \"Velocit\u00e0\",\r\n\t\t\t\t\t\tgrade           : \"Grade\",\r\n\t\t\t\t\t\theartRate       : \"Battito Cardiaco\",\r\n\t\t\t\t\t\tatemp           : \"Temperature\",\r\n\t\t\t\t\t\tcadence         : \"Cadenza\",\r\n\t\t\t\t\t\tgoFullScreen    : \"Go full screen\",\r\n\t\t\t\t\t\texitFullFcreen  : \"Exit full screen\",\r\n\t\t\t\t\t\thideImages      : \"Hide images\",\r\n\t\t\t\t\t\tshowImages      : \"Show images\",\r\n\t\t\t\t\t\tbackToCenter\t: \"Ritorna al centro della mappa\"\r\n\t\t\t\t\t}\r\n\t\t\t\t});\r\n\r\n\t\t\t});\r\n\r\n\t\t<\/script>\n<p>\ud83d\udfe2 Scarica la TRACCIA e Segui <a href=\"https:\/\/www.instagram.com\/lavia.cc\/\" target=\"_blank\" rel=\"noopener\">LAVIA<\/a>!<\/p>\n","protected":false},"excerpt":{"rendered":"<p>Il <strong>Macina<\/strong> \u00e8 il monte di Arni da cui si gode la vista pi\u00f9 spettacolare: si presenta come una bella <strong>piramide affilata<\/strong>. Da altre angolazioni, appare semplicemente come un\u2019estensione della cresta del monte Sella. Il monte Macina \u00e8 la continuazione verso sud della cresta del monte Sella, che poi si abbassa al Passo del Vestito per proseguire con il monte Pelato. La cresta segna il confine tra le province di Massa Carrara (a ovest) e Lucca (a est) e tra i comuni di Massa e quelli di Vagli Sotto, Stazzema e Seravezza (questi ultimi tre in provincia di Lucca, da nord a sud). Vicino alla cima si incontrano i territori di Massa, Vagli e Stazzema. Non \u00e8 una montagna facile da salire ed \u00e8 poco frequentata. Con un po&#8217; di <strong>prudenza<\/strong> e se non si soffre di vertigini, \u00e8 possibile raggiungere la vetta e il <strong>panorama<\/strong> ripaga la fatica. I suoi versanti sono prevalentemente erbosi e, visto dal paese di Arni, il monte assume l\u2019aspetto di una piramide imponente, mostrando tutta la sua maestosit\u00e0. Sul versante massese, la montagna precipita sul canale di Renara, presentando ripidi dirupi con il canale e la cava della Chiesa del Diavolo e il canale e la cava della Buchetta. \u00c8 alto 1568 metri e la sua salita non \u00e8 tra le pi\u00f9 semplici. Il percorso pi\u00f9 agevole, prevede di salire per il sentiero 150, superare la cresta est e poi salire, in percorso libero, fino alla cresta sommitale da cui si raggiunge la vetta. La cresta, piuttosto esposta, pu\u00f2 essere percorsa, nell\u2019altro senso, fino alla zona della galleria per le cave Ronchieri, chiamata <strong>Sella di Macina<\/strong>. Dalla cima, il panorama si apre sulla costa e sulle isole toscane e liguri, oltre che sulla valle di Arni con le sue cave. Tra le montagne si possono ammirare il monte Sagro, il Sella, il Fiocca e il Sumbra, il gruppo delle Panie, oltre all\u2019Altissimo e al Pelato. L&#8217;escursione parte dalla strada marmifera immediatamente all&#8217;uscita della Galleria del <strong>Passo del Vestito<\/strong> in localit\u00e0 <strong>Le Gobbie<\/strong>, mt.1055, imbocca il sentiero 150, che con una salita nel bosco ci conduce alla Cresta dello Schienale dell&#8217;Asino in direzione del Passo Sella, sino ad incontrare la traccia di sentiero, che dalle pendici del <strong>Monte Macina a mt.1568.<\/strong> Da l\u00ec si scende con la stessa traccia, e si ripercorre la quasi totalit\u00e0 della cresta, sino ad incontrare il sentiero 155, che ci porta al Rifugio Puliti. Poi con il sentiero 33 che in circa 40 minuti ci riporta alla localit\u00e0 Le Gobbie al punto di partenza.<\/p>\n<p>Bellissima foto di <a href=\"https:\/\/www.instagram.com\/p\/C64fR6FsYJD\/?hl=it\">@simonecasella71<\/a><\/p>\n<p>\ud83d\udfe2 Segui <strong>LAVIA,<\/strong>\u00a0arriva alla\u00a0<strong>META<\/strong>!<\/p>\n","protected":false},"featured_media":13426,"comment_status":"open","ping_status":"closed","template":"","meta":[],"product_brand":[],"product_cat":[31],"product_tag":[1027,126],"class_list":{"0":"post-13424","1":"product","2":"type-product","3":"status-publish","4":"has-post-thumbnail","6":"product_cat-escursionismo","7":"product_tag-massa-carrara","8":"product_tag-toscana","10":"first","11":"instock","12":"downloadable","13":"virtual","14":"product-type-simple"},"_links":{"self":[{"href":"https:\/\/lavia.cc\/gpx\/wp-json\/wp\/v2\/product\/13424","targetHints":{"allow":["GET"]}}],"collection":[{"href":"https:\/\/lavia.cc\/gpx\/wp-json\/wp\/v2\/product"}],"about":[{"href":"https:\/\/lavia.cc\/gpx\/wp-json\/wp\/v2\/types\/product"}],"replies":[{"embeddable":true,"href":"https:\/\/lavia.cc\/gpx\/wp-json\/wp\/v2\/comments?post=13424"}],"version-history":[{"count":13,"href":"https:\/\/lavia.cc\/gpx\/wp-json\/wp\/v2\/product\/13424\/revisions"}],"predecessor-version":[{"id":13450,"href":"https:\/\/lavia.cc\/gpx\/wp-json\/wp\/v2\/product\/13424\/revisions\/13450"}],"wp:featuredmedia":[{"embeddable":true,"href":"https:\/\/lavia.cc\/gpx\/wp-json\/wp\/v2\/media\/13426"}],"wp:attachment":[{"href":"https:\/\/lavia.cc\/gpx\/wp-json\/wp\/v2\/media?parent=13424"}],"wp:term":[{"taxonomy":"product_brand","embeddable":true,"href":"https:\/\/lavia.cc\/gpx\/wp-json\/wp\/v2\/product_brand?post=13424"},{"taxonomy":"product_cat","embeddable":true,"href":"https:\/\/lavia.cc\/gpx\/wp-json\/wp\/v2\/product_cat?post=13424"},{"taxonomy":"product_tag","embeddable":true,"href":"https:\/\/lavia.cc\/gpx\/wp-json\/wp\/v2\/product_tag?post=13424"}],"curies":[{"name":"wp","href":"https:\/\/api.w.org\/{rel}","templated":true}]}}