{"id":13528,"date":"2024-06-04T15:16:25","date_gmt":"2024-06-04T13:16:25","guid":{"rendered":"https:\/\/lavia.cc\/gpx\/?post_type=product&#038;p=13528"},"modified":"2024-10-07T17:29:34","modified_gmt":"2024-10-07T15:29:34","slug":"la-ciclopedonale-della-val-di-neto","status":"publish","type":"product","link":"https:\/\/lavia.cc\/gpx\/tracce\/la-ciclopedonale-della-val-di-neto\/","title":{"rendered":"La Ciclopedonale della Val di Neto"},"content":{"rendered":"<h5>La Ciclopedonale della Val di Neto<\/h5>\n<p>\ud83d\udeb2 Tipologia di bici consigliata: <a href=\"https:\/\/lavia.cc\/gpx\/categoria-tracce\/gravel\/\" target=\"_blank\" rel=\"noopener\">Gravel<\/a> \/ MTB<\/p>\n<p>\ud83d\udee4\ufe0f Fondo: 50% asfalto, 50% sterrato.<\/p>\n<p>\u27a1\ufe0f Clicca qui per raggiungere il punto di partenza: <a href=\"https:\/\/www.google.com\/maps\/place\/Terme+solfure+cotronei\/@39.1817509,16.8313531,18z\/data=!4m12!1m5!3m4!2zMznCsDEwJzU0LjMiTiAxNsKwNDknNTYuOCJF!8m2!3d39.1817509!4d16.8324357!3m5!1s0x1340692e5255313d:0xa3b4413e6883507f!8m2!3d39.1816792!4d16.8319579!16s%2Fg%2F11l22v0y2v?authuser=0&amp;entry=ttu\" target=\"_blank\" rel=\"noopener\">GOOGLE MAPS<\/a> (Localit\u00e0 Bruciarello, Caccuri, KR).<\/p>\n<p>\ud83d\udd5c Periodo consigliato: tutto l&#8217;anno.<\/p>\n<p>\ud83d\uddfa\ufe0f Mappa e altimetria della <strong>Ciclopedonale Val di Neto<\/strong> in Calabria:<\/p>\n\r\n\t\t<div id=\"wpgpxmaps_13528_2492683\" class=\"wpgpxmaps\">\r\n\t\t\t<div id=\"map_13528_2492683_cont\" style=\"width:100%; height:450px;position:relative\" >\r\n\t\t\t\t<div id=\"map_13528_2492683\" style=\"width:100%; height:450px\"><\/div>\r\n\t\t\t\t<div id=\"wpgpxmaps_13528_2492683_osm_footer\" class=\"wpgpxmaps_osm_footer\" style=\"display:none;\"><span> &copy; <a href=\"http:\/\/www.openstreetmap.org\/copyright\" target=\"_blank\" rel=\"noopener\">OpenStreetMap<\/a> contributors<\/span><\/div>\r\n\t\t\t<\/div>\r\n\t\t\t<canvas id=\"myChart_13528_2492683\" class=\"plot\" style=\"width:100%; height:200px\"><\/canvas>\r\n\t\t\t<div id=\"ngimages_13528_2492683\" class=\"ngimages\" style=\"display:none\"><\/div>\r\n\t\t\t<div id=\"report_13528_2492683\" class=\"report\"><\/div>\r\n\t\t<\/div>\r\n\t\t\r\n\t\t<script type=\"text\/javascript\">\r\n\r\n\t\t\tjQuery(document).ready(function() {\r\n\r\n\t\t\t\tjQuery( \"#wpgpxmaps_13528_2492683\" ).wpgpxmaps( {\r\n\t\t\t\t\ttargetId           : \"13528_2492683\",\r\n\t\t\t\t\tmapType            : \"HYBRID\",\r\n\t\t\t\t\tmapData            : [[39.1820270,16.8313390],[39.1816210,16.8320780],[39.1814570,16.8318640],[39.1815260,16.8320640],[39.1815750,16.8323300],[39.1816570,16.8324160],[39.1816980,16.8325830],[39.1816950,16.8327090],[39.1816950,16.8328410],[39.1816620,16.8330090],[39.1815580,16.8333190],[39.1815020,16.8334990],[39.1814950,16.8336440],[39.1817280,16.8340780],[39.1807960,16.8350790],[39.1799240,16.8384560],[39.1816910,16.8432420],[39.1820600,16.8437490],[39.1836010,16.8452080],[39.1845940,16.8459560],[39.1847390,16.8460190],[39.1849500,16.8459730],[39.1850210,16.8458770],[39.1850710,16.8454530],[39.1851160,16.8452920],[39.1850650,16.8449200],[39.1850110,16.8446770],[39.1849610,16.8444990],[39.1855180,16.8443880],[39.1855780,16.8448380],[39.1855480,16.8450890],[39.1853940,16.8463590],[39.1859040,16.8474480],[39.1860040,16.8475140],[39.1861350,16.8477520],[39.1862430,16.8478270],[39.1864060,16.8476960],[39.1864890,16.8475260],[39.1865340,16.8474110],[39.1866040,16.8473010],[39.1866760,16.8472280],[39.1868970,16.8474610],[39.1870240,16.8476820],[39.1874050,16.8482490],[39.1872430,16.8483770],[39.1859280,16.8494310],[39.1855650,16.8497070],[39.1856630,16.8497250],[39.1859550,16.8495620],[39.1861060,16.8496270],[39.1864730,16.8500370],[39.1868470,16.8505820],[39.1875950,16.8518070],[39.1880480,16.8530320],[39.1882030,16.8533890],[39.1882430,16.8535870],[39.1882430,16.8538720],[39.1880200,16.8566640],[39.1880470,16.8577160],[39.1880720,16.8578850],[39.1881900,16.8581370],[39.1883320,16.8584530],[39.1889630,16.8590660],[39.1891330,16.8593110],[39.1892030,16.8594780],[39.1892760,16.8597630],[39.1895240,16.8611070],[39.1894730,16.8612280],[39.1881300,16.8614990],[39.1881480,16.8617210],[39.1881880,16.8622120],[39.1883120,16.8632140],[39.1883380,16.8633620],[39.1884350,16.8633330],[39.1884650,16.8635790],[39.1885790,16.8640620],[39.1888250,16.8641640],[39.1893020,16.8641660],[39.1897790,16.8641690],[39.1903940,16.8642780],[39.1904010,16.8644360],[39.1903950,16.8647150],[39.1904870,16.8650850],[39.1906180,16.8652460],[39.1907780,16.8653680],[39.1908730,16.8653960],[39.1910300,16.8653260],[39.1911770,16.8653190],[39.1913090,16.8654250],[39.1914880,16.8659420],[39.1916910,16.8662700],[39.1918260,16.8664140],[39.1919690,16.8666930],[39.1920810,16.8674450],[39.1923510,16.8683230],[39.1924830,16.8688960],[39.1925100,16.8696600],[39.1924730,16.8698920],[39.1924220,16.8700140],[39.1923550,16.8701060],[39.1922670,16.8701420],[39.1915750,16.8700860],[39.1909300,16.8700860],[39.1908010,16.8701160],[39.1896730,16.8701150],[39.1895780,16.8701200],[39.1892590,16.8720840],[39.1890740,16.8732460],[39.1889730,16.8738950],[39.1888710,16.8745960],[39.1888500,16.8749970],[39.1888640,16.8756290],[39.1889430,16.8761020],[39.1890690,16.8765720],[39.1892040,16.8769110],[39.1894730,16.8773830],[39.1900750,16.8781640],[39.1901540,16.8780630],[39.1904630,16.8784680],[39.1906410,16.8787060],[39.1909850,16.8791960],[39.1911440,16.8795280],[39.1913570,16.8799960],[39.1914500,16.8804090],[39.1914840,16.8808920],[39.1914370,16.8816040],[39.1913080,16.8821290],[39.1911290,16.8826550],[39.1906230,16.8838940],[39.1902280,16.8849910],[39.1901740,16.8851510],[39.1896020,16.8868800],[39.1895450,16.8871290],[39.1895400,16.8874210],[39.1897200,16.8876150],[39.1912690,16.8891580],[39.1913230,16.8892810],[39.1913070,16.8895040],[39.1911210,16.8896770],[39.1907510,16.8901870],[39.1901610,16.8910720],[39.1890550,16.8928310],[39.1888450,16.8931150],[39.1886140,16.8933730],[39.1880550,16.8938560],[39.1875870,16.8942100],[39.1874920,16.8943330],[39.1868880,16.8956230],[39.1868410,16.8957830],[39.1867230,16.8958890],[39.1861330,16.8973930],[39.1858310,16.8979940],[39.1851470,16.8989350],[39.1834740,16.9009750],[39.1803280,16.9046750],[39.1800960,16.9051280],[39.1799560,16.9055110],[39.1796480,16.9072940],[39.1796430,16.9077520],[39.1792570,16.9100110],[39.1792320,16.9103990],[39.1792570,16.9107220],[39.1794250,16.9117700],[39.1799120,16.9152110],[39.1799550,16.9164030],[39.1799120,16.9170030],[39.1798440,16.9175110],[39.1795930,16.9185730],[39.1791240,16.9196540],[39.1790170,16.9200610],[39.1788090,16.9205890],[39.1774450,16.9238120],[39.1772430,16.9243800],[39.1758550,16.9291220],[39.1756460,16.9299610],[39.1755300,16.9302660],[39.1751640,16.9314950],[39.1746940,16.9327150],[39.1738930,16.9354910],[39.1736990,16.9360890],[39.1733410,16.9370550],[39.1729890,16.9378100],[39.1725590,16.9386390],[39.1704260,16.9423260],[39.1676790,16.9472560],[39.1665220,16.9496920],[39.1662600,16.9504180],[39.1659580,16.9513900],[39.1657740,16.9521730],[39.1655640,16.9534840],[39.1655030,16.9540870],[39.1654640,16.9548040],[39.1654470,16.9555380],[39.1654640,16.9560370],[39.1655090,16.9568020],[39.1655800,16.9573330],[39.1656960,16.9581600],[39.1658560,16.9590120],[39.1662450,16.9606240],[39.1673230,16.9634730],[39.1676710,16.9640690],[39.1684440,16.9658750],[39.1685500,16.9662660],[39.1687160,16.9673790],[39.1688080,16.9685670],[39.1695890,16.9847770],[39.1695790,16.9850730],[39.1693780,16.9860790],[39.1691130,16.9870540],[39.1681110,16.9902870],[39.1679140,16.9911640],[39.1678030,16.9920690],[39.1677960,16.9932470],[39.1678760,16.9942050],[39.1681170,16.9953420],[39.1684060,16.9961420],[39.1688440,16.9971120],[39.1693220,16.9978280],[39.1715470,17.0007650],[39.1717250,17.0009050],[39.1718150,17.0009170],[39.1717900,17.0010480],[39.1718940,17.0012760],[39.1721310,17.0014880],[39.1728230,17.0024050],[39.1732310,17.0030110],[39.1733970,17.0033790],[39.1735630,17.0039210],[39.1736340,17.0043500],[39.1736530,17.0046150],[39.1736280,17.0053180],[39.1733370,17.0070000],[39.1733180,17.0072660],[39.1731240,17.0081930],[39.1731320,17.0083320],[39.1728750,17.0095750],[39.1728230,17.0099730],[39.1728790,17.0114770],[39.1726970,17.0120190],[39.1722410,17.0143150],[39.1717210,17.0169830],[39.1716230,17.0176230],[39.1716040,17.0178960],[39.1716420,17.0183740],[39.1717010,17.0184940],[39.1723430,17.0185750],[39.1751210,17.0181370],[39.1753960,17.0180190],[39.1752600,17.0178610],[39.1752320,17.0177060],[39.1752640,17.0174920],[39.1753380,17.0173550],[39.1754790,17.0172580],[39.1767030,17.0172510],[39.1768020,17.0173030],[39.1768800,17.0174090],[39.1770090,17.0178400],[39.1772940,17.0178080],[39.1779870,17.0176650],[39.1786420,17.0175700],[39.1789790,17.0174880],[39.1791670,17.0174080],[39.1793280,17.0172700],[39.1795810,17.0169690],[39.1797000,17.0168100],[39.1798710,17.0166950],[39.1799860,17.0167710],[39.1800810,17.0169580],[39.1803840,17.0183290],[39.1807240,17.0197270],[39.1809510,17.0209030],[39.1809450,17.0214100],[39.1806220,17.0237190],[39.1804060,17.0247630],[39.1802770,17.0266890],[39.1799320,17.0304520],[39.1800070,17.0317940],[39.1799960,17.0323640],[39.1798510,17.0339010],[39.1798560,17.0344370],[39.1800770,17.0353970],[39.1802600,17.0356890],[39.1805730,17.0359740],[39.1810420,17.0366770],[39.1813010,17.0371840],[39.1813550,17.0374490],[39.1815000,17.0392080],[39.1816890,17.0397440],[39.1818940,17.0402370],[39.1819480,17.0407310],[39.1820230,17.0425470],[39.1822120,17.0445640],[39.1821640,17.0455230],[39.1823040,17.0464140],[39.1823900,17.0467890],[39.1831230,17.0480550],[39.1840880,17.0495640],[39.1844120,17.0499260],[39.1855980,17.0509480],[39.1857490,17.0511780],[39.1860990,17.0520050],[39.1874300,17.0538900],[39.1876140,17.0542450],[39.1881960,17.0557120],[39.1883680,17.0559770],[39.1905080,17.0579590],[39.1910100,17.0583550],[39.1930250,17.0588300],[39.1947990,17.0593400],[39.1950200,17.0595730],[39.1952250,17.0598780],[39.1953760,17.0603860],[39.1962380,17.0639050],[39.1964000,17.0643440],[39.1966800,17.0646640],[39.1998820,17.0661940],[39.2011940,17.0674940],[39.2015200,17.0678350],[39.2029700,17.0693090],[39.2006160,17.0752840],[39.1991220,17.0790470],[39.1990460,17.0793940],[39.1990360,17.0798530],[39.1990700,17.0813480],[39.1991400,17.0839230],[39.1991920,17.0845480],[39.1992700,17.0848990],[39.1998080,17.0866110],[39.2015460,17.0921400],[39.2028900,17.0965960],[39.2031400,17.0973640],[39.2032070,17.0976930],[39.2032290,17.0979490],[39.2032150,17.0997560],[39.2032460,17.1000380],[39.2044020,17.1035570],[39.2045600,17.1039580],[39.2056480,17.1063060],[39.2058130,17.1067200],[39.2058520,17.1068970],[39.2058630,17.1070900],[39.2058440,17.1073660],[39.2057340,17.1078020],[39.2057730,17.1079810],[39.2058770,17.1081400],[39.2061410,17.1083370],[39.2092430,17.1094750],[39.2097490,17.1112730],[39.2097870,17.1115350],[39.2097820,17.1117220],[39.2094290,17.1123400],[39.2092350,17.1128150],[39.2091890,17.1130390],[39.2092350,17.1128150],[39.2094290,17.1123400],[39.2097820,17.1117220],[39.2099530,17.1117210],[39.2103640,17.1116570],[39.2105020,17.1116800],[39.2106390,17.1117420],[39.2112370,17.1121720],[39.2114660,17.1123990],[39.2125300,17.1136150],[39.2129460,17.1140560],[39.2172890,17.1218600],[39.2173260,17.1220370],[39.2171680,17.1222190],[39.2171310,17.1225790],[39.2170440,17.1228700],[39.2164330,17.1237500],[39.2162990,17.1239950],[39.2157600,17.1248070],[39.2157090,17.1250140],[39.2157720,17.1257880],[39.2157010,17.1260600],[39.2152400,17.1270420],[39.2151700,17.1271460],[39.2145090,17.1276820],[39.2142880,17.1280020],[39.2143460,17.1288710],[39.2143460,17.1295200],[39.2142960,17.1302230],[39.2141340,17.1312370],[39.2138270,17.1322740],[39.2136650,17.1326740],[39.2133360,17.1333180],[39.2130660,17.1337920],[39.2128370,17.1341280],[39.2084490,17.1398430],[39.2082940,17.1401470],[39.2081820,17.1404740],[39.2081070,17.1408390],[39.2081370,17.1410070],[39.2083070,17.1410130],[39.2084320,17.1411250],[39.2088060,17.1419120],[39.2089220,17.1423050],[39.2092610,17.1430630],[39.2085820,17.1435230],[39.2080290,17.1439840],[39.2078620,17.1442420],[39.2078000,17.1444120],[39.2076670,17.1445160],[39.2075170,17.1445750],[39.2074260,17.1446440],[39.2074010,17.1448730],[39.2073100,17.1450630],[39.2065150,17.1457310],[39.2063410,17.1457850],[39.2060920,17.1465170],[39.2055300,17.1473840],[39.2052560,17.1474690],[39.2050190,17.1474270],[39.2045450,17.1469380],[39.2046690,17.1473600],[39.2047910,17.1475470],[39.2049560,17.1476420],[39.2050400,17.1477830]],\r\n\t\t\t\t\tgraphDist          : [0.00,0.08,0.10,0.12,0.15,0.16,0.17,0.19,0.20,0.21,0.24,0.26,0.27,0.32,0.45,0.76,1.21,1.27,1.49,1.61,1.63,1.66,1.67,1.70,1.72,1.75,1.77,1.79,1.85,1.89,1.91,2.03,2.14,2.15,2.18,2.19,2.21,2.23,2.24,2.25,2.26,2.29,2.32,2.39,2.41,2.58,2.63,2.64,2.67,2.69,2.74,2.81,2.94,3.06,3.09,3.11,3.14,3.38,3.47,3.48,3.51,3.54,3.63,3.66,3.67,3.70,3.82,3.83,3.98,4.00,4.04,4.13,4.14,4.16,4.18,4.22,4.25,4.31,4.36,4.43,4.44,4.47,4.50,4.52,4.54,4.55,4.57,4.59,4.60,4.65,4.69,4.71,4.74,4.80,4.89,4.94,5.00,5.02,5.04,5.05,5.06,5.13,5.21,5.22,5.35,5.36,5.53,5.63,5.69,5.75,5.78,5.84,5.88,5.92,5.96,6.01,6.10,6.11,6.16,6.19,6.25,6.28,6.34,6.37,6.42,6.48,6.52,6.57,6.69,6.80,6.81,6.98,7.00,7.02,7.05,7.27,7.28,7.30,7.32,7.38,7.48,7.68,7.71,7.75,7.82,7.88,7.90,8.03,8.04,8.06,8.21,8.27,8.38,8.64,9.11,9.16,9.19,9.35,9.39,9.59,9.62,9.65,9.74,10.04,10.15,10.20,10.24,10.34,10.45,10.48,10.53,10.85,10.90,11.34,11.42,11.45,11.56,11.68,11.93,11.99,12.08,12.16,12.24,12.64,13.16,13.41,13.48,13.57,13.64,13.75,13.81,13.87,13.93,13.97,14.04,14.09,14.16,14.24,14.38,14.65,14.72,14.90,14.93,15.03,15.13,16.53,16.56,16.65,16.74,17.04,17.11,17.19,17.30,17.38,17.48,17.56,17.65,17.73,18.09,18.11,18.12,18.13,18.16,18.19,18.30,18.37,18.40,18.45,18.49,18.52,18.58,18.72,18.75,18.83,18.84,18.95,18.99,19.12,19.17,19.37,19.61,19.67,19.69,19.73,19.74,19.82,20.13,20.16,20.18,20.19,20.21,20.23,20.25,20.38,20.39,20.41,20.45,20.48,20.56,20.63,20.67,20.69,20.71,20.75,20.77,20.79,20.80,20.82,20.95,21.07,21.18,21.22,21.42,21.52,21.68,22.01,22.12,22.17,22.31,22.35,22.44,22.47,22.51,22.59,22.65,22.67,22.82,22.87,22.92,22.97,23.12,23.30,23.38,23.46,23.49,23.63,23.80,23.84,24.00,24.03,24.11,24.33,24.37,24.51,24.54,24.83,24.90,25.12,25.33,25.36,25.39,25.44,25.76,25.80,25.84,26.22,26.40,26.45,26.66,27.23,27.60,27.63,27.67,27.80,28.02,28.07,28.11,28.26,28.78,29.19,29.26,29.29,29.31,29.47,29.49,29.82,29.86,30.10,30.14,30.15,30.17,30.19,30.23,30.25,30.27,30.30,30.66,30.83,30.85,30.86,30.93,30.98,31.00,31.02,31.06,31.13,31.15,31.19,31.21,31.23,31.30,31.33,31.49,31.55,32.38,32.40,32.42,32.45,32.48,32.58,32.60,32.70,32.72,32.78,32.81,32.91,32.92,33.01,33.04,33.12,33.17,33.23,33.32,33.42,33.46,33.52,33.57,33.61,34.31,34.34,34.37,34.40,34.42,34.44,34.45,34.53,34.57,34.64,34.73,34.80,34.83,34.85,34.87,34.88,34.89,34.91,34.93,35.04,35.06,35.13,35.23,35.26,35.28,35.35,35.39,35.41,35.43,35.45],\r\n\t\t\t\t\tgraphEle           : [127.14,127.14,127.00,126.32,125.48,125.05,124.50,124.12,123.72,123.19,122.16,121.57,121.13,119.76,117.01,112.78,105.78,104.79,101.43,100.74,100.66,100.56,100.51,100.36,100.34,100.28,100.25,100.22,100.12,100.05,99.96,99.40,99.03,99.04,99.05,99.05,99.06,99.06,99.07,99.07,99.07,99.09,99.10,99.13,99.15,98.88,98.70,98.66,98.52,98.45,98.07,97.60,96.78,96.47,96.38,96.28,96.10,93.87,92.67,92.48,92.12,91.65,90.31,89.88,89.63,89.24,88.75,88.69,88.13,88.06,87.92,87.35,87.19,87.06,86.80,86.28,85.88,85.26,84.69,83.95,83.81,83.55,83.19,83.04,82.88,82.80,82.66,82.53,82.40,82.01,81.73,81.60,81.45,81.09,80.66,80.51,80.38,80.34,80.32,80.29,80.27,80.41,80.86,80.95,81.80,81.88,82.90,82.74,82.65,82.39,82.22,81.96,81.75,81.59,81.48,81.32,80.99,80.89,80.47,80.23,79.74,79.46,78.68,78.07,77.37,76.34,75.68,75.13,73.79,73.25,73.18,72.11,71.92,71.71,71.48,69.99,69.91,69.79,69.70,69.49,69.15,68.25,68.06,67.82,67.30,66.88,66.78,65.76,65.65,65.49,64.50,64.11,63.50,62.05,57.94,57.86,57.80,57.57,57.54,57.10,56.98,56.88,56.52,55.16,54.48,54.04,53.66,52.88,52.04,51.75,51.38,49.21,48.87,47.20,46.81,46.66,46.13,45.64,44.31,44.01,43.51,43.18,42.83,41.50,40.74,40.64,40.63,40.42,40.20,39.64,39.28,38.86,38.51,38.33,38.06,37.86,37.74,37.64,37.23,35.96,35.67,35.11,35.03,34.82,34.64,32.82,32.63,32.00,31.27,28.76,28.32,28.27,28.21,28.42,28.68,28.79,28.89,28.81,27.52,27.45,27.43,27.40,27.35,27.27,27.01,26.86,26.79,26.69,26.61,26.55,26.39,26.02,25.98,25.83,25.80,25.63,25.58,25.38,25.27,25.00,25.47,25.70,25.80,25.98,26.03,26.36,27.01,27.00,26.99,26.99,26.98,26.98,26.97,26.81,26.79,26.77,26.70,26.64,26.60,26.60,26.59,26.59,26.60,26.62,26.62,26.63,26.64,26.65,26.43,25.79,25.37,25.21,24.70,24.51,24.09,24.00,24.00,23.99,24.02,24.21,24.56,24.69,25.09,26.38,27.22,27.60,30.00,30.80,30.88,30.48,28.90,26.65,26.91,27.16,27.26,29.42,32.95,34.09,36.79,37.14,37.63,31.40,30.48,27.31,27.44,29.32,29.89,29.17,26.75,26.43,26.08,25.60,23.83,23.52,23.20,19.70,19.57,19.73,20.83,19.51,19.85,19.93,20.02,20.32,20.30,20.19,20.10,19.33,18.64,14.64,13.87,13.56,13.35,11.93,11.71,9.16,8.89,8.02,7.98,7.96,7.94,7.91,7.87,7.85,7.83,7.83,9.47,11.05,11.30,11.47,11.78,11.77,11.76,11.76,11.75,11.07,10.70,9.81,9.51,9.19,7.75,7.30,5.05,4.93,3.83,3.81,3.77,3.72,3.68,3.51,3.46,3.30,3.26,3.13,3.08,2.86,2.82,2.51,2.38,2.16,2.08,1.99,1.90,1.91,1.92,1.91,1.88,1.87,1.27,1.21,1.15,1.08,1.05,1.01,0.98,0.80,0.70,0.50,0.36,0.33,0.32,0.31,0.30,0.30,0.29,0.27,0.26,0.18,0.16,0.09,-0.04,-0.08,-0.12,-0.13,-0.13,-0.13,-0.13,-0.13],\r\n\t\t\t\t\tgraphSpeed         : [],\r\n\t\t\t\t\tgraphHr            : [],\r\n\t\t\t\t\tgraphAtemp         : [],\r\n\t\t\t\t\tgraphCad           : [],\r\n\t\t\t\t\tgraphGrade         : [],\r\n\t\t\t\t\twaypoints          : [],\r\n\t\t\t\t\tunit               : \"2\",\r\n\t\t\t\t\tunitspeed          : \"0\",\r\n\t\t\t\t\tcolor1             : [\"#3366cc\"],\r\n\t\t\t\t\tcolor2             : \"#3366cc\",\r\n\t\t\t\t\tcolor3             : \"#ff0000\",\r\n\t\t\t\t\tcolor4             : \"#ff77bd\",\r\n\t\t\t\t\tcolor5             : \"#beecff\",\r\n\t\t\t\t\tcolor6             : \"#beecff\",\r\n\t\t\t\t\tcolor7             : \"#ff77bd\",\r\n\t\t\t\t\tchartFrom1         : \"\",\r\n\t\t\t\t\tchartTo1           : \"\",\r\n\t\t\t\t\tchartFrom2         : \"\",\r\n\t\t\t\t\tchartTo2           : \"\",\r\n\t\t\t\t\tstartIcon          : \"\",\r\n\t\t\t\t\tendIcon            : \"\",\r\n\t\t\t\t\tcurrentIcon        : \"\",\r\n\t\t\t\t\twaypointIcon       : \"https:\/\/lavia.cc\/gpx\/wp-content\/uploads\/gpx\/cropped-icona.ico\",\r\n\t\t\t\t\tcurrentpositioncon : \"\",\r\n\t\t\t\t\tusegpsposition     : \"\",\r\n\t\t\t\t\tzoomOnScrollWheel  : \"\",\r\n\t\t\t\t\tngGalleries        : [],\r\n\t\t\t\t\tngImages           : [],\r\n\t\t\t\t\tpluginUrl          : \"https:\/\/lavia.cc\/gpx\/wp-content\/plugins\",\r\n\t\t\t\t\tTFApiKey           : \"\",\r\n\t\t\t\t\tMapBoxApiKey           : \"\",\r\n\t\t\t\t\tlangs              : {\r\n\t\t\t\t\t\taltitude        : \"Altitudine\",\r\n\t\t\t\t\t\tcurrentPosition : \"Current position\",\r\n\t\t\t\t\t\tspeed           : \"Velocit\u00e0\",\r\n\t\t\t\t\t\tgrade           : \"Grade\",\r\n\t\t\t\t\t\theartRate       : \"Battito Cardiaco\",\r\n\t\t\t\t\t\tatemp           : \"Temperature\",\r\n\t\t\t\t\t\tcadence         : \"Cadenza\",\r\n\t\t\t\t\t\tgoFullScreen    : \"Go full screen\",\r\n\t\t\t\t\t\texitFullFcreen  : \"Exit full screen\",\r\n\t\t\t\t\t\thideImages      : \"Hide images\",\r\n\t\t\t\t\t\tshowImages      : \"Show images\",\r\n\t\t\t\t\t\tbackToCenter\t: \"Ritorna al centro della mappa\"\r\n\t\t\t\t\t}\r\n\t\t\t\t});\r\n\r\n\t\t\t});\r\n\r\n\t\t<\/script>\n<p>\ud83d\udfe2 Segui\u00a0<strong>LAVIA,<\/strong>\u00a0arriva alla\u00a0<strong>META<\/strong>!<\/p>\n","protected":false},"excerpt":{"rendered":"<p>\ud83d\udeb5\ud83c\udffc La Ciclopedonale della Val di Neto \u00e8 un percorso, inaugurato a Marzo 2024, che si estende per circa 35 km nella provincia di Crotone. Premiata con il secondo posto all&#8217;Oscar del Cicloturismo 2024, questa pista, immersa nella natura pi\u00f9 incontaminata, costeggia il fiume Neto e offre un&#8217;esperienza unica che combina sport, natura e cultura. Attraversando sei comuni, tra cui alcuni dei Borghi pi\u00f9 Belli d&#8217;Italia, i visitatori possono ammirare castelli, grotte rupestri, santuari e eremi, immersi in un paesaggio che raggiunge il Mar Ionio. Realizzata con materiali eco-compatibili, la Ciclopedonale della Val di Neto \u00e8 un esempio di turismo sostenibile, permettendo ai cicloturisti e ai pedoni di esplorare la zona rispettando dell&#8217;ambiente. La partenza della <strong>Ciclopedonale della Val di Neto <\/strong>si trova alle pozze di acqua sulfurea di Bruciarello, nel comune di Caccuri e da qui oltrepassando i terreni di macchia mediterranea con oleandri, olivastri e altre tipiche flore, si arriva al torrente Calusia che \u00e8 un affluente del Neto, l\u00ec \u00e8 stata costruita una passerella in legno e in acciaio con un antenna e degli stralli che oltrepassa il torrente con una luce di 30 metri.<\/p>\n<p>\ud83d\udcf8 Foto di <a href=\"https:\/\/www.instagram.com\/alessandro.greco.3591\/\" target=\"_blank\" rel=\"noopener\">@<span class=\"x1lliihq x193iq5w x6ikm8r x10wlt62 xlyipyv xuxw1ft\">alessandro.greco.3591<\/span><\/a><\/p>\n<p>\ud83d\udfe2 Segui\u00a0<strong>LAVIA,<\/strong>\u00a0arriva alla\u00a0<strong>META<\/strong><\/p>\n","protected":false},"featured_media":13549,"comment_status":"open","ping_status":"closed","template":"","meta":[],"product_brand":[],"product_cat":[30],"product_tag":[53,1537,1536],"class_list":{"0":"post-13528","1":"product","2":"type-product","3":"status-publish","4":"has-post-thumbnail","6":"product_cat-cicloturismo","7":"product_tag-r-calabria","8":"product_tag-crotone","9":"product_tag-val-di-neto","11":"first","12":"instock","13":"downloadable","14":"virtual","15":"product-type-simple"},"_links":{"self":[{"href":"https:\/\/lavia.cc\/gpx\/wp-json\/wp\/v2\/product\/13528","targetHints":{"allow":["GET"]}}],"collection":[{"href":"https:\/\/lavia.cc\/gpx\/wp-json\/wp\/v2\/product"}],"about":[{"href":"https:\/\/lavia.cc\/gpx\/wp-json\/wp\/v2\/types\/product"}],"replies":[{"embeddable":true,"href":"https:\/\/lavia.cc\/gpx\/wp-json\/wp\/v2\/comments?post=13528"}],"version-history":[{"count":7,"href":"https:\/\/lavia.cc\/gpx\/wp-json\/wp\/v2\/product\/13528\/revisions"}],"predecessor-version":[{"id":13567,"href":"https:\/\/lavia.cc\/gpx\/wp-json\/wp\/v2\/product\/13528\/revisions\/13567"}],"wp:featuredmedia":[{"embeddable":true,"href":"https:\/\/lavia.cc\/gpx\/wp-json\/wp\/v2\/media\/13549"}],"wp:attachment":[{"href":"https:\/\/lavia.cc\/gpx\/wp-json\/wp\/v2\/media?parent=13528"}],"wp:term":[{"taxonomy":"product_brand","embeddable":true,"href":"https:\/\/lavia.cc\/gpx\/wp-json\/wp\/v2\/product_brand?post=13528"},{"taxonomy":"product_cat","embeddable":true,"href":"https:\/\/lavia.cc\/gpx\/wp-json\/wp\/v2\/product_cat?post=13528"},{"taxonomy":"product_tag","embeddable":true,"href":"https:\/\/lavia.cc\/gpx\/wp-json\/wp\/v2\/product_tag?post=13528"}],"curies":[{"name":"wp","href":"https:\/\/api.w.org\/{rel}","templated":true}]}}