{"id":13554,"date":"2024-06-04T13:57:11","date_gmt":"2024-06-04T11:57:11","guid":{"rendered":"https:\/\/lavia.cc\/gpx\/?post_type=product&#038;p=13554"},"modified":"2024-10-07T17:30:03","modified_gmt":"2024-10-07T15:30:03","slug":"pista-ciclabile-della-val-rendena","status":"publish","type":"product","link":"https:\/\/lavia.cc\/gpx\/tracce\/pista-ciclabile-della-val-rendena\/","title":{"rendered":"Ciclabile della Val Rendena"},"content":{"rendered":"<h5>Pista Ciclabile della Val Rendena<\/h5>\n<p>\ud83d\udeb2 Tipologia di bici consigliata: <a href=\"https:\/\/lavia.cc\/gpx\/categoria-tracce\/gravel\/\" target=\"_blank\" rel=\"noopener\">Gravel<\/a> \/ Cicloturismo<\/p>\n<p>\ud83d\udee4\ufe0f Fondo: 100% asfalto.<\/p>\n<p>\u27a1\ufe0f Clicca qui per raggiungere il punto di partenza: <a href=\"https:\/\/www.google.it\/maps\/place\/Parcheggio+funivie+Pinzolo+Tulot\/@46.1773545,10.7708638,19.07z\/data=!4m15!1m8!3m7!1s0x478244aa52316895:0xa605e584d208f4fc!2s38086+Pinzolo+TN!3b1!8m2!3d46.1597717!4d10.7651024!16zL20vMGNuZDgw!3m5!1s0x47825b005ef066a3:0xb23776d67e9c44a5!8m2!3d46.177409!4d10.771418!16s%2Fg%2F11vq72nj6p?entry=ttu\" target=\"_blank\" rel=\"noopener\">GOOGLE MAPS<\/a> (Parcheggio Funivie Pinzolo, TN).<\/p>\n<p>\ud83d\udd5c Periodo consigliato: da Aprile a Ottobre.<\/p>\n<p>\ud83d\uddfa\ufe0f Mappa e altimetria della Pista <strong>Ciclabile della Val Rendena<\/strong>:<\/p>\n\r\n\t\t<div id=\"wpgpxmaps_13554_2633128\" class=\"wpgpxmaps\">\r\n\t\t\t<div id=\"map_13554_2633128_cont\" style=\"width:100%; height:450px;position:relative\" >\r\n\t\t\t\t<div id=\"map_13554_2633128\" style=\"width:100%; height:450px\"><\/div>\r\n\t\t\t\t<div id=\"wpgpxmaps_13554_2633128_osm_footer\" class=\"wpgpxmaps_osm_footer\" style=\"display:none;\"><span> &copy; <a href=\"http:\/\/www.openstreetmap.org\/copyright\" target=\"_blank\" rel=\"noopener\">OpenStreetMap<\/a> contributors<\/span><\/div>\r\n\t\t\t<\/div>\r\n\t\t\t<canvas id=\"myChart_13554_2633128\" class=\"plot\" style=\"width:100%; height:200px\"><\/canvas>\r\n\t\t\t<div id=\"ngimages_13554_2633128\" class=\"ngimages\" style=\"display:none\"><\/div>\r\n\t\t\t<div id=\"report_13554_2633128\" class=\"report\"><\/div>\r\n\t\t<\/div>\r\n\t\t\r\n\t\t<script type=\"text\/javascript\">\r\n\r\n\t\t\tjQuery(document).ready(function() {\r\n\r\n\t\t\t\tjQuery( \"#wpgpxmaps_13554_2633128\" ).wpgpxmaps( {\r\n\t\t\t\t\ttargetId           : \"13554_2633128\",\r\n\t\t\t\t\tmapType            : \"HYBRID\",\r\n\t\t\t\t\tmapData            : [[46.1781050,10.7722760],[46.1780210,10.7721740],[46.1775870,10.7717730],[46.1771410,10.7715910],[46.1768730,10.7714990],[46.1762000,10.7713210],[46.1759540,10.7711820],[46.1755770,10.7707430],[46.1752700,10.7707720],[46.1748670,10.7707010],[46.1742670,10.7704470],[46.1735920,10.7700710],[46.1731290,10.7697560],[46.1714890,10.7679980],[46.1704590,10.7671150],[46.1693780,10.7663860],[46.1686950,10.7659630],[46.1686110,10.7657400],[46.1684180,10.7655420],[46.1682800,10.7653540],[46.1680220,10.7648730],[46.1679840,10.7647060],[46.1679930,10.7645080],[46.1679730,10.7643610],[46.1676220,10.7639900],[46.1673670,10.7637500],[46.1668420,10.7633660],[46.1655910,10.7623670],[46.1654330,10.7622300],[46.1651440,10.7618930],[46.1649270,10.7618140],[46.1647780,10.7616440],[46.1645330,10.7614750],[46.1643790,10.7612460],[46.1642920,10.7611620],[46.1635530,10.7605570],[46.1632300,10.7602600],[46.1630250,10.7601790],[46.1624820,10.7596750],[46.1624470,10.7594290],[46.1622410,10.7592110],[46.1620000,10.7592140],[46.1587900,10.7563860],[46.1586950,10.7563460],[46.1585990,10.7563340],[46.1585120,10.7562840],[46.1580660,10.7558830],[46.1574350,10.7556100],[46.1571790,10.7553880],[46.1570130,10.7552920],[46.1567710,10.7554130],[46.1558580,10.7559890],[46.1555260,10.7562320],[46.1553240,10.7556180],[46.1538530,10.7565320],[46.1536560,10.7565830],[46.1532650,10.7568700],[46.1525470,10.7574260],[46.1518230,10.7583540],[46.1502950,10.7613590],[46.1496080,10.7628300],[46.1494250,10.7631560],[46.1492550,10.7633570],[46.1489960,10.7635930],[46.1486760,10.7637970],[46.1474500,10.7642710],[46.1473430,10.7642750],[46.1471690,10.7641740],[46.1470670,10.7641610],[46.1469750,10.7641910],[46.1461460,10.7646970],[46.1445920,10.7653400],[46.1442690,10.7654440],[46.1438780,10.7655080],[46.1408140,10.7653580],[46.1391760,10.7652180],[46.1388600,10.7651980],[46.1381820,10.7650890],[46.1375810,10.7648690],[46.1370950,10.7645550],[46.1365490,10.7640270],[46.1358530,10.7632540],[46.1354770,10.7629040],[46.1352060,10.7627090],[46.1349340,10.7626320],[46.1345680,10.7625760],[46.1333530,10.7625010],[46.1328460,10.7623670],[46.1323810,10.7621540],[46.1319260,10.7618730],[46.1311720,10.7613460],[46.1311090,10.7611520],[46.1313000,10.7600010],[46.1313390,10.7598030],[46.1311100,10.7598230],[46.1308290,10.7599450],[46.1304960,10.7600700],[46.1299610,10.7600280],[46.1298360,10.7600210],[46.1297780,10.7604860],[46.1296460,10.7605250],[46.1285330,10.7603380],[46.1276980,10.7599840],[46.1274100,10.7597920],[46.1267890,10.7591470],[46.1264430,10.7587160],[46.1262790,10.7584670],[46.1257760,10.7576240],[46.1252240,10.7569030],[46.1250050,10.7566610],[46.1245750,10.7563280],[46.1241800,10.7560690],[46.1228790,10.7553230],[46.1221780,10.7549780],[46.1221430,10.7548020],[46.1222100,10.7544070],[46.1221660,10.7542120],[46.1216650,10.7536170],[46.1214420,10.7532990],[46.1210450,10.7534590],[46.1207140,10.7534810],[46.1202240,10.7534730],[46.1194600,10.7534580],[46.1188180,10.7534960],[46.1180180,10.7534320],[46.1177780,10.7533430],[46.1175800,10.7532740],[46.1173390,10.7532960],[46.1168390,10.7532960],[46.1166710,10.7531320],[46.1164890,10.7529990],[46.1162840,10.7529820],[46.1161840,10.7529680],[46.1161150,10.7531030],[46.1157240,10.7528810],[46.1153760,10.7527700],[46.1148620,10.7526750],[46.1146710,10.7525660],[46.1144320,10.7525450],[46.1140120,10.7523670],[46.1138900,10.7523780],[46.1136190,10.7521980],[46.1133270,10.7517550],[46.1131110,10.7512490],[46.1125010,10.7499800],[46.1122970,10.7499420],[46.1119790,10.7497660],[46.1112650,10.7494860],[46.1110830,10.7492820],[46.1109810,10.7492130],[46.1103050,10.7483890],[46.1099350,10.7481100],[46.1097060,10.7478560],[46.1095050,10.7475210],[46.1093870,10.7474200],[46.1092350,10.7473810],[46.1091010,10.7471990],[46.1089270,10.7468260],[46.1088300,10.7463450],[46.1087070,10.7465380],[46.1085950,10.7466520],[46.1079230,10.7468060],[46.1072420,10.7456780],[46.1069790,10.7451310],[46.1063750,10.7452910],[46.1063500,10.7451360],[46.1062740,10.7449480],[46.1052530,10.7435110],[46.1051700,10.7432790],[46.1048580,10.7419430],[46.1048830,10.7410170],[46.1048430,10.7407900],[46.1046980,10.7405510],[46.1042760,10.7404180],[46.1036080,10.7400100],[46.1030600,10.7397280],[46.1029450,10.7397950],[46.1027810,10.7397120],[46.1021510,10.7391750],[46.1017410,10.7389340],[46.1015660,10.7388240],[46.1011410,10.7385560],[46.1005250,10.7383450],[46.1003730,10.7383040],[46.1001850,10.7383060],[46.1002170,10.7379020],[46.1001850,10.7383060],[46.0999520,10.7383540],[46.0997850,10.7384460],[46.0997160,10.7385350],[46.0994590,10.7390530],[46.0991980,10.7390140],[46.0989370,10.7388840],[46.0987490,10.7387830],[46.0985800,10.7386750],[46.0983860,10.7385520],[46.0981060,10.7384370],[46.0975370,10.7382880],[46.0971940,10.7381000],[46.0969520,10.7379070],[46.0966890,10.7376450],[46.0964480,10.7373950],[46.0963610,10.7373370],[46.0959460,10.7371890],[46.0958270,10.7371870],[46.0951640,10.7373760],[46.0949290,10.7370610],[46.0947960,10.7369560],[46.0942840,10.7372650],[46.0941550,10.7372950],[46.0940350,10.7372690],[46.0938460,10.7370630],[46.0934510,10.7364920],[46.0929430,10.7358380],[46.0918060,10.7345270],[46.0915640,10.7340640],[46.0912260,10.7336770],[46.0906470,10.7333940],[46.0901770,10.7332330],[46.0899010,10.7330640],[46.0895160,10.7326390],[46.0893980,10.7325920],[46.0891870,10.7325670],[46.0890410,10.7326090],[46.0886720,10.7326170],[46.0884370,10.7325460],[46.0881840,10.7323330],[46.0879490,10.7322140],[46.0871830,10.7320910],[46.0863110,10.7318740],[46.0854470,10.7312040],[46.0845000,10.7302270],[46.0846840,10.7299320],[46.0848560,10.7296530],[46.0850790,10.7294610],[46.0852250,10.7293940],[46.0853520,10.7294080],[46.0854470,10.7292100],[46.0856310,10.7290900],[46.0857140,10.7289900],[46.0856980,10.7286840],[46.0852690,10.7288100],[46.0847070,10.7289500],[46.0844710,10.7289710],[46.0842780,10.7289360],[46.0841940,10.7288870],[46.0834700,10.7277470],[46.0832830,10.7275150],[46.0829290,10.7272330],[46.0827110,10.7271470],[46.0824590,10.7271350],[46.0817790,10.7272390],[46.0815680,10.7271310],[46.0805670,10.7269170],[46.0801580,10.7268670],[46.0797830,10.7267560],[46.0796360,10.7266560],[46.0791510,10.7260310],[46.0789230,10.7256480],[46.0788270,10.7256570],[46.0787510,10.7257480],[46.0786200,10.7257640],[46.0778010,10.7254660],[46.0774510,10.7254270],[46.0771610,10.7254450],[46.0766820,10.7255500],[46.0764980,10.7255410],[46.0763170,10.7254750],[46.0761710,10.7252620],[46.0759840,10.7253320],[46.0755620,10.7251880],[46.0750540,10.7248770],[46.0745700,10.7244450],[46.0739530,10.7237610],[46.0736960,10.7234080],[46.0732790,10.7227250],[46.0729020,10.7222160],[46.0726820,10.7218570],[46.0725470,10.7216020],[46.0721670,10.7207440],[46.0717540,10.7195070],[46.0717310,10.7192740],[46.0718970,10.7190300],[46.0719170,10.7188910],[46.0715500,10.7180610],[46.0711630,10.7176550],[46.0712760,10.7169950],[46.0713910,10.7160690],[46.0711320,10.7155950],[46.0709810,10.7154250],[46.0707650,10.7152710],[46.0705900,10.7150510],[46.0703180,10.7149400],[46.0700650,10.7147770],[46.0698360,10.7147070],[46.0693640,10.7147610],[46.0690330,10.7146500],[46.0689290,10.7146420],[46.0683340,10.7147570],[46.0682340,10.7147760],[46.0678870,10.7147590],[46.0674790,10.7148750],[46.0673820,10.7148540],[46.0670310,10.7146470],[46.0670050,10.7149500],[46.0670280,10.7151880],[46.0669650,10.7153480],[46.0667480,10.7155300],[46.0664770,10.7158410],[46.0655540,10.7161880],[46.0637450,10.7167720],[46.0633300,10.7169730],[46.0627330,10.7173420],[46.0624700,10.7173790],[46.0622730,10.7173320],[46.0620410,10.7172070],[46.0618130,10.7169680],[46.0617520,10.7168580],[46.0617810,10.7165890],[46.0621710,10.7161590],[46.0618040,10.7156440],[46.0616790,10.7153600],[46.0615680,10.7153400],[46.0610920,10.7158160],[46.0606430,10.7159990],[46.0598390,10.7154520],[46.0595430,10.7151710],[46.0594680,10.7149720],[46.0593630,10.7144140],[46.0592590,10.7142420],[46.0588550,10.7145180],[46.0586650,10.7146070],[46.0585560,10.7146730],[46.0582490,10.7146390],[46.0581740,10.7147170],[46.0582220,10.7149770],[46.0581790,10.7151170],[46.0578610,10.7151780],[46.0574530,10.7157960],[46.0573450,10.7158010],[46.0571210,10.7160790],[46.0570140,10.7162120],[46.0568530,10.7164040],[46.0567720,10.7165080],[46.0567090,10.7168000],[46.0565660,10.7170980],[46.0561480,10.7174980],[46.0559930,10.7176060],[46.0557680,10.7175980],[46.0551310,10.7170990],[46.0546790,10.7169460],[46.0540560,10.7169000],[46.0538350,10.7170670],[46.0537570,10.7171670],[46.0534930,10.7171670],[46.0531270,10.7168790],[46.0530500,10.7170970],[46.0530760,10.7179200],[46.0530350,10.7183950],[46.0528900,10.7189270],[46.0526830,10.7189870],[46.0525410,10.7190240],[46.0523920,10.7189950],[46.0521090,10.7189090],[46.0517290,10.7187300],[46.0515840,10.7187400],[46.0512720,10.7194090],[46.0511970,10.7195350],[46.0508960,10.7196550],[46.0504270,10.7197060],[46.0502740,10.7198450],[46.0500380,10.7201440],[46.0499160,10.7202430],[46.0496020,10.7204290],[46.0491070,10.7210490],[46.0490070,10.7212200],[46.0489500,10.7213550],[46.0484680,10.7216330],[46.0483350,10.7216790],[46.0481850,10.7217990],[46.0480830,10.7220910],[46.0478690,10.7223920],[46.0477590,10.7224690],[46.0477340,10.7226890],[46.0476130,10.7231300],[46.0473400,10.7237530],[46.0471270,10.7244230],[46.0468390,10.7251180],[46.0464880,10.7257640],[46.0463230,10.7261680],[46.0461270,10.7269950],[46.0460780,10.7272570],[46.0456530,10.7283190],[46.0454380,10.7287800],[46.0452880,10.7290190],[46.0451020,10.7292080],[46.0445210,10.7296560],[46.0439740,10.7299380],[46.0433790,10.7308290],[46.0428320,10.7301600],[46.0426520,10.7300350],[46.0425350,10.7299900],[46.0423470,10.7300460],[46.0420530,10.7302300],[46.0419440,10.7303180],[46.0418000,10.7303670],[46.0417230,10.7305470],[46.0408230,10.7319510],[46.0407720,10.7320620],[46.0407190,10.7322210],[46.0406760,10.7324900],[46.0408290,10.7336470],[46.0408210,10.7339090],[46.0408060,10.7344300],[46.0406760,10.7350680],[46.0409180,10.7359950],[46.0409590,10.7362700],[46.0409700,10.7369210],[46.0410610,10.7373940],[46.0410500,10.7376490],[46.0411360,10.7381370],[46.0412280,10.7397180],[46.0413690,10.7408270],[46.0409150,10.7411850],[46.0401640,10.7410910],[46.0399300,10.7414670],[46.0398110,10.7417300],[46.0396900,10.7426860],[46.0396900,10.7431790],[46.0397420,10.7439610],[46.0397270,10.7442360],[46.0397510,10.7448620],[46.0398410,10.7453400],[46.0400250,10.7459110],[46.0403950,10.7464030],[46.0407090,10.7467370],[46.0408910,10.7468900],[46.0410610,10.7469840],[46.0415220,10.7471220],[46.0417140,10.7472140],[46.0418650,10.7473390],[46.0421060,10.7476850],[46.0423580,10.7481810],[46.0424330,10.7483840],[46.0426970,10.7500950],[46.0439590,10.7561170],[46.0448640,10.7623640],[46.0449530,10.7627760],[46.0450760,10.7631490],[46.0451830,10.7633320],[46.0452860,10.7636130],[46.0452860,10.7638380],[46.0453590,10.7642680],[46.0456470,10.7655770],[46.0456330,10.7657530],[46.0454740,10.7662820],[46.0454960,10.7664820],[46.0455780,10.7668000],[46.0456030,10.7671040],[46.0458080,10.7679270],[46.0458770,10.7683920],[46.0460090,10.7688560],[46.0460870,10.7692290],[46.0461360,10.7693980],[46.0462240,10.7695530],[46.0468100,10.7702570],[46.0471570,10.7706440],[46.0480220,10.7713410],[46.0481560,10.7715230],[46.0483900,10.7719470],[46.0487800,10.7718660],[46.0490000,10.7721660],[46.0492600,10.7730250],[46.0492510,10.7733000],[46.0492930,10.7738170],[46.0492750,10.7741300],[46.0492900,10.7743570],[46.0492050,10.7741540],[46.0491520,10.7747360],[46.0491280,10.7753400],[46.0490540,10.7763350],[46.0490580,10.7766890],[46.0491320,10.7781650],[46.0492650,10.7796010],[46.0492940,10.7801920],[46.0492840,10.7806870],[46.0493890,10.7819950],[46.0494450,10.7823190],[46.0496240,10.7830370],[46.0497070,10.7832660],[46.0498280,10.7834910],[46.0499980,10.7836030],[46.0501770,10.7835250],[46.0504400,10.7833120],[46.0507910,10.7829690],[46.0510260,10.7826810],[46.0513830,10.7831290],[46.0515980,10.7833830],[46.0518860,10.7839250],[46.0520960,10.7843540],[46.0526900,10.7857070],[46.0531190,10.7865420],[46.0532370,10.7867250],[46.0532890,10.7869540],[46.0533960,10.7870650],[46.0541690,10.7871200],[46.0541400,10.7877510],[46.0541720,10.7880250],[46.0542620,10.7882860],[46.0545780,10.7888540],[46.0547250,10.7892290],[46.0547390,10.7895450],[46.0547040,10.7903470],[46.0547320,10.7908460],[46.0549440,10.7916810],[46.0552410,10.7923590],[46.0556270,10.7931480],[46.0559470,10.7939840],[46.0560410,10.7943950],[46.0560650,10.7948980],[46.0560300,10.7955660],[46.0561210,10.7960900],[46.0560670,10.7964540],[46.0560200,10.7970140],[46.0557800,10.7974430],[46.0555070,10.7976510],[46.0554920,10.7978080],[46.0556060,10.7992840],[46.0556970,10.7996720],[46.0559540,10.8002920],[46.0561150,10.8008860],[46.0561920,10.8012300],[46.0562010,10.8018330],[46.0561970,10.8034020],[46.0562450,10.8055460],[46.0561540,10.8062600],[46.0560430,10.8075440],[46.0556040,10.8093140],[46.0555820,10.8094690],[46.0556730,10.8107840],[46.0557940,10.8112740],[46.0559000,10.8115780],[46.0560340,10.8118070],[46.0559200,10.8122470],[46.0555910,10.8126390],[46.0552100,10.8137090],[46.0549750,10.8140580],[46.0548740,10.8145560],[46.0550790,10.8149010],[46.0552620,10.8150740],[46.0555570,10.8152500]],\r\n\t\t\t\t\tgraphDist          : [0.00,0.01,0.07,0.12,0.15,0.23,0.26,0.31,0.35,0.39,0.46,0.54,0.60,0.83,0.96,1.09,1.17,1.19,1.22,1.24,1.29,1.30,1.32,1.33,1.38,1.41,1.48,1.64,1.66,1.70,1.72,1.74,1.77,1.80,1.81,1.90,1.95,1.97,2.04,2.06,2.09,2.12,2.54,2.55,2.56,2.57,2.63,2.70,2.73,2.75,2.78,2.89,2.93,2.99,3.16,3.19,3.23,3.33,3.43,3.72,3.86,3.89,3.91,3.95,3.99,4.13,4.14,4.16,4.17,4.18,4.28,4.46,4.50,4.54,4.88,5.07,5.10,5.18,5.25,5.30,5.38,5.48,5.53,5.56,5.59,5.63,5.77,5.82,5.88,5.93,6.03,6.04,6.14,6.15,6.18,6.21,6.25,6.31,6.32,6.36,6.37,6.50,6.60,6.63,6.72,6.77,6.79,6.88,6.96,6.99,7.05,7.10,7.25,7.33,7.35,7.38,7.39,7.47,7.50,7.55,7.58,7.64,7.72,7.80,7.88,7.91,7.93,7.96,8.02,8.04,8.06,8.09,8.10,8.11,8.16,8.20,8.26,8.28,8.30,8.35,8.37,8.40,8.45,8.49,8.61,8.64,8.67,8.76,8.78,8.79,8.89,8.94,8.97,9.01,9.02,9.04,9.06,9.09,9.13,9.15,9.17,9.24,9.36,9.41,9.48,9.49,9.51,9.67,9.69,9.79,9.87,9.88,9.91,9.96,10.04,10.10,10.12,10.14,10.22,10.27,10.29,10.34,10.41,10.43,10.45,10.48,10.51,10.54,10.56,10.57,10.62,10.64,10.67,10.70,10.72,10.74,10.77,10.84,10.88,10.91,10.95,10.98,10.99,11.04,11.05,11.12,11.16,11.18,11.24,11.25,11.27,11.29,11.36,11.43,11.59,11.64,11.69,11.75,11.81,11.84,11.90,11.91,11.93,11.95,11.99,12.02,12.05,12.08,12.16,12.26,12.37,12.50,12.53,12.56,12.59,12.61,12.62,12.64,12.66,12.67,12.70,12.75,12.81,12.84,12.86,12.87,12.99,13.02,13.06,13.09,13.12,13.19,13.22,13.33,13.38,13.42,13.44,13.51,13.55,13.56,13.57,13.59,13.68,13.72,13.75,13.80,13.83,13.85,13.87,13.89,13.94,14.00,14.06,14.15,14.19,14.26,14.32,14.35,14.38,14.46,14.56,14.58,14.61,14.62,14.69,14.75,14.80,14.87,14.92,14.94,14.97,14.99,15.03,15.06,15.08,15.14,15.17,15.18,15.25,15.26,15.30,15.35,15.36,15.40,15.43,15.45,15.46,15.49,15.53,15.63,15.84,15.89,15.96,15.99,16.01,16.04,16.07,16.08,16.10,16.16,16.22,16.24,16.26,16.32,16.37,16.47,16.51,16.53,16.57,16.59,16.64,16.67,16.68,16.71,16.72,16.74,16.76,16.79,16.86,16.88,16.91,16.92,16.95,16.96,16.99,17.01,17.07,17.09,17.12,17.20,17.25,17.32,17.35,17.36,17.39,17.43,17.45,17.52,17.55,17.60,17.62,17.64,17.66,17.69,17.73,17.75,17.81,17.82,17.86,17.91,17.93,17.97,17.98,18.02,18.09,18.11,18.12,18.18,18.19,18.21,18.24,18.27,18.29,18.30,18.34,18.40,18.45,18.52,18.58,18.62,18.68,18.71,18.80,18.84,18.87,18.89,18.97,19.03,19.13,19.21,19.23,19.24,19.26,19.30,19.31,19.33,19.35,19.49,19.50,19.52,19.54,19.63,19.65,19.69,19.74,19.82,19.84,19.89,19.93,19.95,19.99,20.11,20.19,20.25,20.34,20.38,20.40,20.48,20.51,20.57,20.60,20.64,20.68,20.73,20.79,20.83,20.85,20.87,20.93,20.95,20.97,21.01,21.05,21.07,21.21,21.69,22.18,22.22,22.25,22.27,22.29,22.31,22.34,22.45,22.46,22.51,22.52,22.55,22.57,22.64,22.68,22.72,22.75,22.76,22.78,22.86,22.91,23.02,23.04,23.08,23.13,23.16,23.23,23.26,23.30,23.32,23.34,23.36,23.42,23.46,23.54,23.57,23.68,23.79,23.84,23.88,23.98,24.00,24.06,24.08,24.10,24.13,24.15,24.18,24.23,24.26,24.32,24.35,24.40,24.44,24.57,24.65,24.67,24.68,24.70,24.78,24.83,24.85,24.88,24.93,24.97,24.99,25.05,25.09,25.16,25.22,25.30,25.37,25.40,25.44,25.50,25.54,25.57,25.61,25.65,25.69,25.70,25.81,25.84,25.90,25.95,25.98,26.02,26.15,26.31,26.37,26.47,26.61,26.62,26.73,26.77,26.79,26.82,26.85,26.90,26.99,27.03,27.07,27.11,27.13,27.17],\r\n\t\t\t\t\tgraphEle           : [860.37,860.37,860.37,859.26,857.65,853.64,852.09,849.26,847.50,845.19,841.64,837.62,834.86,824.88,820.84,818.51,815.60,814.87,813.88,813.09,811.33,810.82,809.89,809.18,806.24,804.18,800.20,792.97,792.10,790.34,789.51,788.84,787.89,787.11,786.74,783.76,782.49,781.78,779.63,779.04,778.18,777.42,766.48,766.30,766.13,765.96,765.03,763.87,764.51,764.95,765.58,768.01,768.71,769.51,768.57,767.59,765.45,761.30,755.79,746.17,743.50,742.86,742.41,741.82,741.15,738.76,738.58,738.25,738.07,737.91,736.35,733.70,733.16,732.59,728.33,726.19,725.79,724.87,724.04,723.34,722.68,721.80,721.29,720.91,720.57,720.10,718.65,718.06,717.51,717.19,716.97,716.93,716.30,716.07,715.70,715.23,714.68,713.79,713.53,712.83,712.54,710.22,709.09,708.68,707.70,707.10,706.79,705.79,705.12,704.92,704.55,704.23,703.93,704.02,704.11,704.29,704.38,704.80,705.01,705.38,705.67,706.11,706.63,706.68,706.73,706.51,706.02,705.44,704.23,703.74,703.25,702.75,702.51,702.09,700.29,698.80,696.65,695.79,694.81,693.26,692.83,691.77,690.26,688.80,687.01,686.69,686.16,685.59,685.49,685.45,685.09,684.18,683.44,682.65,682.30,681.90,681.43,680.63,678.92,677.91,677.15,673.35,668.03,665.86,662.98,662.46,661.87,658.40,657.96,656.12,654.97,654.68,654.30,653.62,652.49,651.57,651.36,651.06,649.79,649.03,648.70,648.41,648.28,648.25,648.21,648.16,648.24,648.63,648.93,649.08,649.82,650.25,650.71,651.05,651.26,651.47,651.76,652.34,652.71,652.84,652.52,652.23,652.13,651.71,651.59,650.55,649.65,649.23,647.66,647.29,646.95,646.29,644.25,641.69,636.08,634.50,632.81,631.17,630.04,629.34,628.20,628.05,627.95,627.88,627.71,627.60,627.46,627.34,627.33,627.46,626.11,623.47,622.73,622.03,621.33,620.92,620.58,620.13,619.58,619.29,618.72,617.56,616.21,615.65,615.18,614.97,612.43,611.84,610.89,610.35,609.91,609.10,608.84,607.63,607.12,606.64,606.44,605.62,605.11,604.94,604.80,604.61,603.40,602.94,602.62,602.09,601.89,601.68,601.46,601.24,600.65,599.85,599.03,597.67,596.96,595.70,594.73,594.21,593.86,592.75,591.94,591.89,591.81,591.78,591.55,591.68,591.86,592.09,592.18,592.17,592.16,592.15,592.13,592.12,592.11,592.62,593.19,593.37,594.38,594.55,595.14,594.66,594.54,594.10,593.81,593.62,593.47,593.18,592.08,588.13,581.98,580.70,579.77,579.48,579.27,579.00,578.69,578.58,578.38,578.10,577.78,577.65,577.57,577.97,579.49,582.39,583.97,585.13,588.11,589.29,592.69,594.17,595.05,596.59,596.62,596.68,596.71,596.81,596.99,597.04,596.69,595.82,594.54,593.88,592.40,590.86,587.75,586.69,585.41,581.51,579.02,575.49,573.84,573.15,571.40,568.63,567.37,563.86,562.32,560.48,559.50,558.83,558.13,556.79,555.66,555.39,554.32,554.10,553.51,552.58,552.17,551.44,551.11,550.33,548.81,548.48,548.28,547.33,547.08,546.77,546.34,545.79,545.57,545.31,545.23,545.11,544.99,544.85,544.70,544.61,544.45,544.38,543.61,543.26,543.06,542.86,541.70,540.61,538.69,536.33,535.67,535.27,534.63,533.57,533.25,532.89,532.54,529.37,529.16,528.96,528.65,527.33,527.04,526.45,525.60,524.27,523.89,523.02,522.28,521.88,521.08,518.56,516.61,515.30,513.74,513.23,512.91,511.92,511.52,511.24,511.14,510.93,510.75,510.63,510.57,510.52,510.50,510.47,510.34,510.23,510.14,509.97,509.75,509.67,508.24,501.88,495.26,494.86,494.48,494.26,493.97,493.77,493.42,492.31,492.17,491.71,491.55,491.28,491.03,490.33,489.95,489.61,489.43,489.35,489.25,488.74,488.53,488.94,489.01,489.17,489.27,489.31,489.39,489.42,489.46,489.22,488.98,488.67,487.93,487.29,486.36,486.07,484.88,483.56,483.01,482.54,481.71,481.53,481.12,480.99,480.86,480.92,480.98,481.07,481.20,481.29,481.27,481.02,480.60,480.28,479.43,478.95,478.84,478.73,478.64,478.40,478.26,478.21,478.14,478.14,478.21,478.26,478.39,478.47,479.18,479.92,480.80,480.16,479.83,479.44,478.91,477.62,476.63,475.13,473.65,472.46,472.04,469.36,468.63,467.35,466.94,466.71,466.33,465.50,464.68,464.34,463.72,463.65,463.66,464.17,464.83,465.26,465.64,466.26,467.04,467.07,467.07,467.07,467.07,467.07,467.07],\r\n\t\t\t\t\tgraphSpeed         : [],\r\n\t\t\t\t\tgraphHr            : [],\r\n\t\t\t\t\tgraphAtemp         : [],\r\n\t\t\t\t\tgraphCad           : [],\r\n\t\t\t\t\tgraphGrade         : [],\r\n\t\t\t\t\twaypoints          : [],\r\n\t\t\t\t\tunit               : \"2\",\r\n\t\t\t\t\tunitspeed          : \"0\",\r\n\t\t\t\t\tcolor1             : [\"#3366cc\"],\r\n\t\t\t\t\tcolor2             : \"#3366cc\",\r\n\t\t\t\t\tcolor3             : \"#ff0000\",\r\n\t\t\t\t\tcolor4             : \"#ff77bd\",\r\n\t\t\t\t\tcolor5             : \"#beecff\",\r\n\t\t\t\t\tcolor6             : \"#beecff\",\r\n\t\t\t\t\tcolor7             : \"#ff77bd\",\r\n\t\t\t\t\tchartFrom1         : \"\",\r\n\t\t\t\t\tchartTo1           : \"\",\r\n\t\t\t\t\tchartFrom2         : \"\",\r\n\t\t\t\t\tchartTo2           : \"\",\r\n\t\t\t\t\tstartIcon          : \"\",\r\n\t\t\t\t\tendIcon            : \"\",\r\n\t\t\t\t\tcurrentIcon        : \"\",\r\n\t\t\t\t\twaypointIcon       : \"https:\/\/lavia.cc\/gpx\/wp-content\/uploads\/gpx\/cropped-icona.ico\",\r\n\t\t\t\t\tcurrentpositioncon : \"\",\r\n\t\t\t\t\tusegpsposition     : \"\",\r\n\t\t\t\t\tzoomOnScrollWheel  : \"\",\r\n\t\t\t\t\tngGalleries        : [],\r\n\t\t\t\t\tngImages           : [],\r\n\t\t\t\t\tpluginUrl          : \"https:\/\/lavia.cc\/gpx\/wp-content\/plugins\",\r\n\t\t\t\t\tTFApiKey           : \"\",\r\n\t\t\t\t\tMapBoxApiKey           : \"\",\r\n\t\t\t\t\tlangs              : {\r\n\t\t\t\t\t\taltitude        : \"Altitudine\",\r\n\t\t\t\t\t\tcurrentPosition : \"Current position\",\r\n\t\t\t\t\t\tspeed           : \"Velocit\u00e0\",\r\n\t\t\t\t\t\tgrade           : \"Grade\",\r\n\t\t\t\t\t\theartRate       : \"Battito Cardiaco\",\r\n\t\t\t\t\t\tatemp           : \"Temperature\",\r\n\t\t\t\t\t\tcadence         : \"Cadenza\",\r\n\t\t\t\t\t\tgoFullScreen    : \"Go full screen\",\r\n\t\t\t\t\t\texitFullFcreen  : \"Exit full screen\",\r\n\t\t\t\t\t\thideImages      : \"Hide images\",\r\n\t\t\t\t\t\tshowImages      : \"Show images\",\r\n\t\t\t\t\t\tbackToCenter\t: \"Ritorna al centro della mappa\"\r\n\t\t\t\t\t}\r\n\t\t\t\t});\r\n\r\n\t\t\t});\r\n\r\n\t\t<\/script>\n<p>\ud83d\udfe2 Segui\u00a0<strong>LAVIA,<\/strong>\u00a0arriva alla\u00a0<strong>META<\/strong>!<\/p>\n","protected":false},"excerpt":{"rendered":"<p>\ud83d\udeb5\ud83c\udffc La pista ciclabile della Val Rendena \u00e8 un percorso incantevole che si snoda nel cuore delle Dolomiti di Brenta. Lunga circa 28 km, questa pista segue il corso del fiume Sarca, offrendo panorami mozzafiato e un&#8217;esperienza di pedalata rilassante. Partendo da Pinzolo, si attraversano localit\u00e0 pittoresche come Carisolo, Villa Rendena e Tione, fino a raggiungere il Lago Ponte Pi\u00e0. Il percorso \u00e8 adatto a tutti, grazie alla sua facilit\u00e0 e alla mancanza di salite impegnative, rendendolo ideale per le famiglie e per chi desidera godersi la natura senza affaticarsi troppo. Durante il tragitto, si pu\u00f2 ammirare la ricchezza della flora e della fauna locale, respirare l&#8217;aria fresca dei boschi e, perch\u00e9 no, fare una sosta per un picnic in uno dei tanti prati verdi che costeggiano la pista.<\/p>\n<p>\ud83d\udcf8\u00a0Foto di <a href=\"https:\/\/www.instagram.com\/francitrenti\/\" target=\"_blank\" rel=\"noopener\">@francitrenti<\/a><\/p>\n<p>\ud83d\udfe2 Segui\u00a0<strong>LAVIA,<\/strong>\u00a0arriva alla\u00a0<strong>META<\/strong><\/p>\n","protected":false},"featured_media":13561,"comment_status":"open","ping_status":"closed","template":"","meta":[],"product_brand":[],"product_cat":[30],"product_tag":[1541,37,263,1539],"class_list":{"0":"post-13554","1":"product","2":"type-product","3":"status-publish","4":"has-post-thumbnail","6":"product_cat-cicloturismo","7":"product_tag-pinzolo","8":"product_tag-r-trentinoaltoadige","9":"product_tag-trento","10":"product_tag-val-rendena","12":"first","13":"instock","14":"downloadable","15":"virtual","16":"product-type-simple"},"_links":{"self":[{"href":"https:\/\/lavia.cc\/gpx\/wp-json\/wp\/v2\/product\/13554","targetHints":{"allow":["GET"]}}],"collection":[{"href":"https:\/\/lavia.cc\/gpx\/wp-json\/wp\/v2\/product"}],"about":[{"href":"https:\/\/lavia.cc\/gpx\/wp-json\/wp\/v2\/types\/product"}],"replies":[{"embeddable":true,"href":"https:\/\/lavia.cc\/gpx\/wp-json\/wp\/v2\/comments?post=13554"}],"version-history":[{"count":4,"href":"https:\/\/lavia.cc\/gpx\/wp-json\/wp\/v2\/product\/13554\/revisions"}],"predecessor-version":[{"id":13562,"href":"https:\/\/lavia.cc\/gpx\/wp-json\/wp\/v2\/product\/13554\/revisions\/13562"}],"wp:featuredmedia":[{"embeddable":true,"href":"https:\/\/lavia.cc\/gpx\/wp-json\/wp\/v2\/media\/13561"}],"wp:attachment":[{"href":"https:\/\/lavia.cc\/gpx\/wp-json\/wp\/v2\/media?parent=13554"}],"wp:term":[{"taxonomy":"product_brand","embeddable":true,"href":"https:\/\/lavia.cc\/gpx\/wp-json\/wp\/v2\/product_brand?post=13554"},{"taxonomy":"product_cat","embeddable":true,"href":"https:\/\/lavia.cc\/gpx\/wp-json\/wp\/v2\/product_cat?post=13554"},{"taxonomy":"product_tag","embeddable":true,"href":"https:\/\/lavia.cc\/gpx\/wp-json\/wp\/v2\/product_tag?post=13554"}],"curies":[{"name":"wp","href":"https:\/\/api.w.org\/{rel}","templated":true}]}}