{"id":13909,"date":"2024-06-25T08:53:15","date_gmt":"2024-06-25T06:53:15","guid":{"rendered":"https:\/\/lavia.cc\/gpx\/?post_type=product&#038;p=13909"},"modified":"2024-06-25T08:55:11","modified_gmt":"2024-06-25T06:55:11","slug":"rifugio-roda-di-vael-da-passo-costalunga","status":"publish","type":"product","link":"https:\/\/lavia.cc\/gpx\/tracce\/rifugio-roda-di-vael-da-passo-costalunga\/","title":{"rendered":"Rifugio Roda di Va\u00e8l e Rifugio Paolina da Passo Costalunga"},"content":{"rendered":"<h5>Rifugio Roda di Va\u00e8l e Rifugio Paolina da Passo Costalunga<\/h5>\n<p>\u27a1\ufe0f Clicca qui per andare al punto di partenza: <a href=\"https:\/\/www.google.com\/maps\/place\/Passo+Costalunga\/@46.4043099,11.6089275,17z\/data=!3m1!4b1!4m6!3m5!1s0x47786f9e3c8a0e65:0xf13dd5e913658b68!8m2!3d46.4043099!4d11.6089275!16s%2Fg%2F11bvvylrsn?entry=ttu\" target=\"_blank\" rel=\"noopener\">GOOGLE MAPS<\/a> (Parcheggio)<\/p>\n<p>\u2139\ufe0f Il passo di Costalunga, o passo di Carezza, \u00e8 un valico alpino nelle Dolomiti, situato a 1753 m, al confine fra la provincia autonoma di Trento e quella di Bolzano, fra il gruppo del Catinaccio (Dolomiti di Gardena e di Fassa) e il gruppo del Latemar (Dolomiti di Fiemme), che collega val di Fassa e val d&#8217;Ega. Il versante trentino appartiene al comune di San Giovanni di Fassa, mentre quello alto-atesino \u00e8 compreso nel comune di Nova Levante.<\/p>\n<p>\u26fa\ufe0f \ud83c\udf74Il <a href=\"https:\/\/www.rodadivael.it\/\" target=\"_blank\" rel=\"noopener\">Rifugio Roda di Va\u00e8l<\/a>, \u00e8 situato sulla Sella del Ciampaz a quota 2283 m , nel mezzo del gruppo del Catinaccio\/Rosengarten, Dolomiti Patrimonio UNESCO ed \u00e8 uno dei rifugi di riferimento per il Gruppo del Catinaccio. Aperto da giugno ad ottobre, dispone di 59 posti, tutti i letti sono dotati di piumini e cuscini. Trovate 3 stanze a quattro posti e 2 grandi camerate. Ricordiamo che per il pernottamento, come da regolamento Cai\/SAT, \u00e8 obbligatorio munirsi di sacco lenzuolo per una maggiore igiene personale e per il rispetto degli altri. In rifugio vi \u00e8 inoltre la possibilit\u00e0 di usufruire di due docce calde, funzionanti a gettone.<\/p>\n<ul>\n<li class=\"phone\">\u00a0Telefono: +39 0462 764450 \/ +39 0462 763548 (da novembre a maggio)<\/li>\n<li class=\"mobile\"><i class=\"fa fa-mobile\"><\/i>\u00a0Mobile:\u00a0+39 335 6750325<\/li>\n<\/ul>\n<p>Il <a href=\"https:\/\/www.paolina-huette.com\/paol2021\/index.php\" target=\"_blank\" rel=\"noopener\">Rifugio Paolina<\/a> si trova ai piedi della Croda Rossa, sopra la zona di Carezza, presso la stazione a monte della seggiovia Paolina. E&#8217; raggiungibile dal Passo Carezza e dalla Strada del Niger attraverso comodi sentieri escursionistici. Il rifugio \u00e8 stato costruito nel 1954 da Sepp e Anna Pichler. Dal 1978 \u00e8 gestita dal figlio Hermann. Negli anni ottanta la baita \u00e8 stata ampliata con la costruzione di una nuova sala da pranzo. Dal 2009 il rifugio \u00e8 dotato di elettricit\u00e0 ed \u00e8 collegato alla rete fognaria pubblica. Nell&#8217;autunno del 2011 il vecchio ristorante \u00e8 stato ristrutturato.<\/p>\n<ul>\n<li>Telefono: + 39 0471 612008<\/li>\n<li>Mobile: + 39 347 9489 641<\/li>\n<\/ul>\n<p>\ud83d\uddfa\ufe0f Mappa e altimetria dell&#8217; <a href=\"https:\/\/lavia.cc\/gpx\/categoria-tracce\/escursionismo\/\">escursione<\/a> &#8220;<strong>Rifugio Roda di Va\u00e8l e Rifugio Paolina da Passo Costalunga<\/strong>&#8220;:<\/p>\n\r\n\t\t<div id=\"wpgpxmaps_13909_3930501\" class=\"wpgpxmaps\">\r\n\t\t\t<div id=\"map_13909_3930501_cont\" style=\"width:100%; height:450px;position:relative\" >\r\n\t\t\t\t<div id=\"map_13909_3930501\" style=\"width:100%; height:450px\"><\/div>\r\n\t\t\t\t<div id=\"wpgpxmaps_13909_3930501_osm_footer\" class=\"wpgpxmaps_osm_footer\" style=\"display:none;\"><span> &copy; <a href=\"http:\/\/www.openstreetmap.org\/copyright\" target=\"_blank\" rel=\"noopener\">OpenStreetMap<\/a> contributors<\/span><\/div>\r\n\t\t\t<\/div>\r\n\t\t\t<canvas id=\"myChart_13909_3930501\" class=\"plot\" style=\"width:100%; height:200px\"><\/canvas>\r\n\t\t\t<div id=\"ngimages_13909_3930501\" class=\"ngimages\" style=\"display:none\"><\/div>\r\n\t\t\t<div id=\"report_13909_3930501\" class=\"report\"><\/div>\r\n\t\t<\/div>\r\n\t\t\r\n\t\t<script type=\"text\/javascript\">\r\n\r\n\t\t\tjQuery(document).ready(function() {\r\n\r\n\t\t\t\tjQuery( \"#wpgpxmaps_13909_3930501\" ).wpgpxmaps( {\r\n\t\t\t\t\ttargetId           : \"13909_3930501\",\r\n\t\t\t\t\tmapType            : \"HYBRID\",\r\n\t\t\t\t\tmapData            : [[46.4037350,11.6090530],[46.4038290,11.6089380],[46.4040880,11.6091630],[46.4042480,11.6092160],[46.4042800,11.6089900],[46.4045610,11.6082770],[46.4051250,11.6089310],[46.4053360,11.6089290],[46.4058160,11.6091700],[46.4061370,11.6092650],[46.4061750,11.6094070],[46.4063010,11.6097710],[46.4062790,11.6102690],[46.4063950,11.6108570],[46.4063070,11.6109480],[46.4062980,11.6110880],[46.4063480,11.6112320],[46.4064260,11.6113260],[46.4065450,11.6114070],[46.4067250,11.6115460],[46.4067840,11.6116660],[46.4068660,11.6117620],[46.4069230,11.6118840],[46.4069050,11.6120860],[46.4070020,11.6121980],[46.4070420,11.6123830],[46.4069810,11.6125000],[46.4071660,11.6127420],[46.4072880,11.6129820],[46.4073910,11.6129890],[46.4075200,11.6131710],[46.4080620,11.6134420],[46.4081970,11.6134420],[46.4084030,11.6140630],[46.4084050,11.6142980],[46.4082210,11.6146450],[46.4080690,11.6153810],[46.4080570,11.6155400],[46.4078460,11.6160480],[46.4077920,11.6168190],[46.4078030,11.6169840],[46.4077420,11.6175500],[46.4077770,11.6180300],[46.4078250,11.6181410],[46.4078740,11.6188760],[46.4079210,11.6195410],[46.4080280,11.6199460],[46.4082060,11.6203540],[46.4084460,11.6206360],[46.4084220,11.6208300],[46.4082440,11.6209030],[46.4082100,11.6211550],[46.4081720,11.6215190],[46.4082300,11.6217920],[46.4081740,11.6221260],[46.4081790,11.6222570],[46.4082460,11.6225210],[46.4083320,11.6232440],[46.4083130,11.6238530],[46.4083830,11.6244500],[46.4085230,11.6249110],[46.4089250,11.6259440],[46.4090870,11.6264950],[46.4090880,11.6266300],[46.4090040,11.6270270],[46.4089900,11.6271990],[46.4089840,11.6279510],[46.4090640,11.6284850],[46.4092930,11.6289140],[46.4095220,11.6291050],[46.4097010,11.6293080],[46.4101510,11.6299180],[46.4103830,11.6300730],[46.4107010,11.6303680],[46.4110070,11.6305410],[46.4110910,11.6306960],[46.4113270,11.6309240],[46.4116470,11.6311100],[46.4117460,11.6311450],[46.4119190,11.6311270],[46.4121530,11.6312620],[46.4122880,11.6315500],[46.4124480,11.6316160],[46.4127590,11.6318690],[46.4129310,11.6319470],[46.4131770,11.6319590],[46.4133750,11.6318820],[46.4137110,11.6320060],[46.4139390,11.6322740],[46.4141770,11.6324140],[46.4143620,11.6326130],[46.4147340,11.6328590],[46.4148060,11.6329720],[46.4148910,11.6330320],[46.4150740,11.6330380],[46.4153340,11.6330440],[46.4154190,11.6330850],[46.4156640,11.6330950],[46.4156800,11.6328680],[46.4157480,11.6326870],[46.4159580,11.6327000],[46.4158220,11.6324750],[46.4157130,11.6324920],[46.4155660,11.6322350],[46.4154850,11.6321750],[46.4155490,11.6320560],[46.4157010,11.6320850],[46.4158210,11.6321670],[46.4159900,11.6321090],[46.4161540,11.6319840],[46.4163690,11.6319560],[46.4164880,11.6320070],[46.4166510,11.6320000],[46.4166210,11.6318890],[46.4169810,11.6318060],[46.4172330,11.6314030],[46.4174260,11.6315260],[46.4177750,11.6317610],[46.4179670,11.6318030],[46.4181150,11.6316900],[46.4182540,11.6316540],[46.4183630,11.6315850],[46.4180840,11.6314560],[46.4180100,11.6313850],[46.4179530,11.6312600],[46.4180620,11.6312960],[46.4181920,11.6312460],[46.4181770,11.6311060],[46.4183700,11.6310460],[46.4184860,11.6309390],[46.4185240,11.6308070],[46.4185310,11.6306290],[46.4186530,11.6306420],[46.4187570,11.6306150],[46.4188420,11.6305690],[46.4188670,11.6303820],[46.4190620,11.6303390],[46.4193000,11.6301730],[46.4194000,11.6301870],[46.4194920,11.6301160],[46.4196130,11.6301610],[46.4197760,11.6301480],[46.4198970,11.6300910],[46.4200760,11.6301610],[46.4201220,11.6303200],[46.4200490,11.6304850],[46.4199320,11.6306080],[46.4199100,11.6308930],[46.4199180,11.6313010],[46.4198210,11.6316060],[46.4198060,11.6319300],[46.4197980,11.6320870],[46.4198440,11.6322090],[46.4198440,11.6322090],[46.4197980,11.6320870],[46.4198060,11.6319300],[46.4198210,11.6316060],[46.4199180,11.6313010],[46.4199100,11.6308930],[46.4199500,11.6306890],[46.4200490,11.6304850],[46.4201220,11.6303200],[46.4200760,11.6301610],[46.4198970,11.6300910],[46.4197760,11.6301480],[46.4196130,11.6301610],[46.4194920,11.6301160],[46.4194000,11.6301870],[46.4193000,11.6301730],[46.4190620,11.6303390],[46.4189140,11.6303140],[46.4187270,11.6302750],[46.4184660,11.6303240],[46.4183580,11.6302300],[46.4181810,11.6302040],[46.4180930,11.6303350],[46.4179620,11.6303930],[46.4178480,11.6303480],[46.4177090,11.6303700],[46.4172920,11.6300430],[46.4170370,11.6296670],[46.4169310,11.6295750],[46.4164770,11.6294570],[46.4162370,11.6293330],[46.4159060,11.6292290],[46.4156760,11.6290620],[46.4153870,11.6288160],[46.4153270,11.6287110],[46.4152160,11.6286610],[46.4151580,11.6285600],[46.4150690,11.6285350],[46.4149890,11.6284680],[46.4148930,11.6281000],[46.4147360,11.6277730],[46.4145560,11.6274620],[46.4144440,11.6274160],[46.4142950,11.6271780],[46.4141790,11.6269160],[46.4141360,11.6264870],[46.4141860,11.6262060],[46.4141380,11.6258350],[46.4141660,11.6253200],[46.4141600,11.6250300],[46.4140690,11.6246260],[46.4141170,11.6244100],[46.4141280,11.6242280],[46.4139980,11.6240230],[46.4139970,11.6236110],[46.4138990,11.6232090],[46.4138250,11.6230150],[46.4138820,11.6227690],[46.4141210,11.6220070],[46.4140630,11.6216620],[46.4141170,11.6210490],[46.4141240,11.6207120],[46.4141990,11.6204690],[46.4142170,11.6202480],[46.4142710,11.6200980],[46.4144610,11.6195590],[46.4145610,11.6193900],[46.4147470,11.6193420],[46.4149310,11.6192080],[46.4151950,11.6191460],[46.4153500,11.6189640],[46.4158870,11.6188120],[46.4162300,11.6188570],[46.4163320,11.6189210],[46.4164270,11.6188180],[46.4166790,11.6187580],[46.4172860,11.6188980],[46.4174560,11.6187770],[46.4181730,11.6192850],[46.4183010,11.6194430],[46.4184600,11.6193240],[46.4185910,11.6193100],[46.4186680,11.6192430],[46.4189710,11.6192180],[46.4191720,11.6189670],[46.4193940,11.6186320],[46.4194760,11.6185700],[46.4197800,11.6186050],[46.4199590,11.6185330],[46.4201460,11.6182920],[46.4204460,11.6183830],[46.4206810,11.6181190],[46.4208040,11.6180690],[46.4210200,11.6177050],[46.4210830,11.6175450],[46.4212480,11.6175310],[46.4214130,11.6174800],[46.4215530,11.6174510],[46.4216740,11.6174600],[46.4218370,11.6174240],[46.4219220,11.6174080],[46.4220930,11.6173800],[46.4223790,11.6172670],[46.4226610,11.6172240],[46.4232520,11.6170600],[46.4235920,11.6168410],[46.4236840,11.6167400],[46.4239660,11.6164870],[46.4240890,11.6163130],[46.4241820,11.6161730],[46.4243220,11.6160850],[46.4245080,11.6159810],[46.4248960,11.6156260],[46.4251620,11.6154330],[46.4255790,11.6152270],[46.4257750,11.6149150],[46.4259860,11.6147550],[46.4261390,11.6144980],[46.4262240,11.6142130],[46.4261550,11.6137840],[46.4262100,11.6135210],[46.4257660,11.6138650],[46.4258700,11.6132840],[46.4259160,11.6130290],[46.4258000,11.6132680],[46.4255410,11.6133040],[46.4253680,11.6133520],[46.4252710,11.6134680],[46.4251130,11.6134860],[46.4250360,11.6135640],[46.4251350,11.6132810],[46.4249860,11.6133590],[46.4248250,11.6135930],[46.4247320,11.6136130],[46.4246420,11.6138370],[46.4244010,11.6139360],[46.4242090,11.6139180],[46.4239360,11.6140650],[46.4236900,11.6140970],[46.4235660,11.6140430],[46.4234310,11.6140460],[46.4232530,11.6139670],[46.4231480,11.6139930],[46.4230130,11.6140980],[46.4228800,11.6142350],[46.4227720,11.6142780],[46.4225960,11.6143610],[46.4224110,11.6142640],[46.4223430,11.6141650],[46.4222310,11.6141560],[46.4220690,11.6141900],[46.4218820,11.6142830],[46.4217240,11.6142510],[46.4215120,11.6144760],[46.4213570,11.6145090],[46.4212610,11.6146420],[46.4211430,11.6146640],[46.4209850,11.6147880],[46.4208610,11.6149500],[46.4207770,11.6150000],[46.4206310,11.6152020],[46.4205260,11.6152840],[46.4204340,11.6155520],[46.4203960,11.6157940],[46.4202550,11.6160290],[46.4202380,11.6158530],[46.4202740,11.6157290],[46.4201420,11.6159400],[46.4200090,11.6158870],[46.4198400,11.6158510],[46.4197350,11.6159370],[46.4196510,11.6161460],[46.4195820,11.6160720],[46.4192630,11.6157300],[46.4191580,11.6158000],[46.4189260,11.6159180],[46.4188160,11.6160080],[46.4186720,11.6164880],[46.4186160,11.6165960],[46.4184660,11.6167170],[46.4183780,11.6167490],[46.4183390,11.6168940],[46.4182900,11.6170530],[46.4182510,11.6171910],[46.4182030,11.6173460],[46.4179880,11.6174990],[46.4177340,11.6168530],[46.4176950,11.6167090],[46.4174560,11.6161900],[46.4174940,11.6160400],[46.4173540,11.6159650],[46.4171620,11.6161230],[46.4170720,11.6161520],[46.4169350,11.6160160],[46.4168630,11.6158610],[46.4168040,11.6156480],[46.4167140,11.6154640],[46.4165590,11.6150300],[46.4164680,11.6148960],[46.4163090,11.6147670],[46.4160400,11.6146240],[46.4159120,11.6146070],[46.4157420,11.6146410],[46.4156060,11.6144920],[46.4154920,11.6144720],[46.4154040,11.6144560],[46.4152920,11.6145280],[46.4151630,11.6144400],[46.4148400,11.6143710],[46.4147450,11.6142570],[46.4149210,11.6137350],[46.4147460,11.6136410],[46.4147540,11.6134990],[46.4147130,11.6133920],[46.4146960,11.6132330],[46.4146090,11.6131240],[46.4147260,11.6127440],[46.4148110,11.6123160],[46.4148600,11.6121950],[46.4146920,11.6120910],[46.4147430,11.6119520],[46.4146880,11.6117600],[46.4148040,11.6114990],[46.4145910,11.6114360],[46.4147470,11.6111600],[46.4144690,11.6110010],[46.4143420,11.6109290],[46.4141250,11.6107730],[46.4141250,11.6107730],[46.4140620,11.6109820],[46.4140440,11.6112430],[46.4139760,11.6114840],[46.4139020,11.6116960],[46.4134740,11.6123570],[46.4133470,11.6125110],[46.4130920,11.6124870],[46.4129490,11.6124950],[46.4126220,11.6125840],[46.4124910,11.6127310],[46.4120800,11.6127820],[46.4119770,11.6127040],[46.4118390,11.6127130],[46.4116830,11.6126030],[46.4107020,11.6125090],[46.4104460,11.6124430],[46.4103150,11.6123420],[46.4102560,11.6121690],[46.4099830,11.6123950],[46.4097980,11.6125570],[46.4091410,11.6132920],[46.4090530,11.6133450],[46.4088420,11.6134190],[46.4086530,11.6133320],[46.4086130,11.6132090],[46.4085660,11.6131000],[46.4082650,11.6132740],[46.4081970,11.6134420],[46.4080620,11.6134420],[46.4075200,11.6131710],[46.4073910,11.6129890],[46.4072880,11.6129820],[46.4071660,11.6127420],[46.4069740,11.6126130],[46.4070420,11.6123830],[46.4070020,11.6121980],[46.4069050,11.6120860],[46.4069230,11.6118840],[46.4068660,11.6117620],[46.4067840,11.6116660],[46.4067250,11.6115460],[46.4065980,11.6115060],[46.4064260,11.6113260],[46.4063480,11.6112320],[46.4062980,11.6110880],[46.4063070,11.6109480],[46.4063950,11.6108570],[46.4062790,11.6102690],[46.4063010,11.6097710],[46.4061750,11.6094070],[46.4061370,11.6092650],[46.4058160,11.6091700],[46.4053360,11.6089290],[46.4051850,11.6088890],[46.4045610,11.6082770],[46.4042800,11.6089900],[46.4042480,11.6092160],[46.4040880,11.6091630],[46.4038290,11.6089380],[46.4037350,11.6090530]],\r\n\t\t\t\t\tgraphDist          : [0.00,0.01,0.05,0.07,0.08,0.15,0.23,0.25,0.31,0.34,0.36,0.39,0.43,0.47,0.48,0.50,0.51,0.52,0.53,0.56,0.57,0.58,0.59,0.61,0.62,0.64,0.65,0.68,0.71,0.72,0.74,0.80,0.82,0.87,0.89,0.92,0.98,0.99,1.04,1.10,1.11,1.16,1.19,1.21,1.26,1.31,1.35,1.39,1.42,1.44,1.46,1.48,1.51,1.53,1.56,1.57,1.59,1.65,1.69,1.74,1.78,1.87,1.92,1.93,1.96,1.97,2.03,2.07,2.12,2.14,2.17,2.24,2.27,2.31,2.35,2.36,2.39,2.43,2.44,2.46,2.49,2.52,2.54,2.58,2.60,2.63,2.65,2.69,2.72,2.75,2.78,2.82,2.83,2.84,2.87,2.90,2.91,2.94,2.95,2.97,2.99,3.02,3.03,3.06,3.07,3.08,3.10,3.11,3.13,3.16,3.18,3.19,3.21,3.22,3.26,3.31,3.33,3.38,3.40,3.42,3.43,3.45,3.48,3.49,3.50,3.52,3.55,3.56,3.58,3.59,3.61,3.62,3.63,3.65,3.66,3.67,3.70,3.73,3.74,3.75,3.76,3.78,3.79,3.82,3.83,3.84,3.86,3.88,3.91,3.94,3.96,3.98,3.99,4.00,4.01,4.02,4.05,4.07,4.10,4.12,4.14,4.16,4.17,4.19,4.21,4.22,4.24,4.25,4.26,4.29,4.31,4.33,4.36,4.37,4.39,4.40,4.42,4.43,4.45,4.50,4.54,4.56,4.61,4.64,4.67,4.70,4.74,4.75,4.76,4.77,4.78,4.79,4.82,4.85,4.89,4.90,4.92,4.95,4.98,5.00,5.03,5.07,5.09,5.13,5.14,5.16,5.18,5.21,5.24,5.26,5.28,5.34,5.37,5.42,5.45,5.47,5.48,5.50,5.54,5.56,5.58,5.60,5.63,5.66,5.72,5.76,5.77,5.78,5.81,5.88,5.90,5.99,6.01,6.03,6.04,6.05,6.09,6.12,6.15,6.16,6.20,6.22,6.24,6.28,6.31,6.33,6.36,6.38,6.40,6.42,6.43,6.45,6.46,6.48,6.49,6.53,6.56,6.63,6.67,6.68,6.72,6.74,6.75,6.77,6.79,6.85,6.88,6.93,6.96,6.99,7.01,7.04,7.07,7.09,7.15,7.20,7.22,7.24,7.27,7.29,7.31,7.33,7.34,7.36,7.38,7.41,7.42,7.44,7.46,7.49,7.52,7.55,7.56,7.58,7.60,7.61,7.63,7.65,7.66,7.68,7.70,7.72,7.73,7.75,7.77,7.79,7.82,7.84,7.85,7.87,7.89,7.91,7.92,7.94,7.95,7.97,7.99,8.02,8.03,8.04,8.07,8.08,8.10,8.11,8.13,8.14,8.19,8.20,8.23,8.24,8.28,8.30,8.31,8.33,8.34,8.35,8.36,8.38,8.40,8.46,8.47,8.52,8.53,8.55,8.57,8.58,8.60,8.62,8.64,8.65,8.69,8.71,8.73,8.76,8.77,8.79,8.82,8.83,8.84,8.85,8.87,8.91,8.92,8.97,8.99,9.01,9.02,9.04,9.06,9.10,9.13,9.14,9.16,9.18,9.20,9.22,9.25,9.28,9.31,9.33,9.36,9.38,9.40,9.42,9.44,9.46,9.53,9.55,9.58,9.59,9.63,9.65,9.70,9.71,9.72,9.74,9.85,9.88,9.90,9.92,9.95,9.98,10.07,10.08,10.11,10.13,10.14,10.15,10.19,10.21,10.22,10.29,10.31,10.32,10.34,10.36,10.39,10.40,10.41,10.43,10.44,10.45,10.47,10.48,10.50,10.52,10.53,10.54,10.55,10.60,10.64,10.67,10.68,10.72,10.77,10.79,10.88,10.94,10.96,10.98,11.01,11.02],\r\n\t\t\t\t\tgraphEle           : [1751.71,1751.71,1751.71,1751.71,1751.71,1753.65,1757.03,1758.06,1760.90,1764.69,1765.91,1769.16,1773.15,1778.03,1779.28,1780.40,1781.83,1783.23,1785.04,1788.02,1789.42,1790.87,1792.27,1794.26,1795.97,1797.87,1799.27,1803.35,1806.18,1807.61,1810.09,1818.01,1819.87,1826.44,1828.72,1833.02,1840.74,1842.35,1848.32,1856.11,1857.85,1864.05,1869.27,1870.69,1878.68,1886.06,1891.56,1897.67,1903.35,1905.96,1909.36,1912.89,1917.55,1921.72,1926.86,1928.83,1933.03,1944.00,1953.12,1960.77,1966.23,1979.09,1985.51,1986.51,1989.61,1990.90,1996.51,2000.59,2004.63,2008.55,2011.97,2021.26,2025.12,2030.81,2036.24,2038.55,2043.36,2049.20,2050.93,2053.88,2058.15,2062.22,2064.79,2070.23,2072.99,2076.75,2079.88,2085.18,2089.66,2093.91,2097.74,2104.53,2106.30,2107.87,2110.96,2115.87,2117.36,2121.78,2125.16,2128.03,2132.28,2136.45,2138.67,2143.32,2145.16,2147.94,2151.04,2153.72,2157.28,2161.14,2165.63,2168.21,2171.61,2173.54,2181.19,2189.00,2193.52,2201.45,2205.37,2208.75,2211.60,2214.00,2220.63,2222.43,2224.51,2227.70,2231.43,2232.93,2235.96,2238.08,2239.77,2241.66,2243.54,2245.26,2246.66,2248.67,2251.99,2256.05,2257.59,2257.83,2258.10,2258.45,2258.73,2259.13,2259.39,2259.68,2259.99,2260.44,2261.05,2261.51,2261.63,2261.69,2261.74,2261.80,2261.85,2261.91,2262.03,2262.16,2262.31,2262.38,2262.36,2262.12,2261.90,2261.56,2261.33,2261.03,2260.80,2260.61,2260.43,2259.94,2259.67,2259.33,2258.77,2258.49,2258.08,2257.80,2257.49,2257.23,2256.91,2255.85,2255.21,2255.43,2256.26,2256.72,2257.33,2257.80,2258.34,2258.24,2258.11,2258.01,2257.91,2257.81,2257.52,2257.22,2256.91,2256.78,2256.54,2256.28,2255.88,2255.61,2255.26,2254.78,2254.51,2254.11,2253.98,2253.96,2253.94,2253.90,2253.86,2253.85,2253.82,2254.20,2255.77,2258.49,2259.99,2261.16,2262.14,2262.88,2265.60,2266.66,2268.00,2269.42,2271.26,2272.64,2276.41,2277.10,2276.76,2276.39,2275.60,2273.70,2273.12,2266.87,2264.89,2262.86,2261.37,2260.34,2256.89,2253.84,2250.74,2250.09,2247.94,2246.64,2244.88,2242.73,2240.59,2239.69,2239.96,2240.51,2241.25,2241.98,2242.61,2243.13,2243.88,2244.30,2245.05,2246.35,2247.21,2248.64,2249.52,2249.79,2250.61,2251.01,2250.48,2249.90,2249.17,2247.50,2246.42,2244.82,2241.88,2238.72,2235.62,2232.78,2228.69,2226.17,2219.02,2210.57,2207.13,2203.32,2198.34,2195.01,2192.63,2189.54,2187.77,2184.24,2182.06,2178.92,2177.63,2175.17,2171.72,2169.07,2165.06,2161.69,2160.23,2158.72,2156.62,2155.41,2153.45,2151.61,2150.35,2148.14,2145.93,2143.98,2142.67,2141.21,2140.05,2139.12,2137.58,2136.66,2135.88,2135.19,2134.14,2133.16,2132.63,2131.45,2131.16,2131.42,2131.64,2131.91,2132.08,2132.20,2132.46,2132.65,2132.87,2133.02,2133.24,2133.37,2137.63,2139.04,2141.75,2143.14,2147.12,2148.15,2150.04,2151.20,2152.44,2153.01,2152.62,2152.18,2151.27,2149.32,2148.92,2147.29,2146.87,2146.03,2142.25,2140.72,2137.96,2135.83,2133.21,2130.64,2125.06,2122.92,2119.91,2114.45,2111.28,2107.06,2101.95,2099.12,2096.94,2093.92,2090.41,2082.37,2079.10,2067.22,2060.48,2055.92,2052.81,2045.27,2039.65,2029.63,2018.90,2015.51,2009.20,2005.38,2000.71,1994.43,1988.19,1980.37,1971.80,1967.88,1960.19,1956.58,1954.37,1951.82,1949.29,1946.91,1938.11,1935.60,1931.79,1929.54,1924.33,1921.66,1915.19,1913.37,1911.20,1908.48,1888.46,1882.72,1879.45,1876.51,1869.05,1864.30,1846.84,1844.83,1840.26,1836.09,1834.12,1832.02,1825.27,1823.12,1820.96,1811.77,1808.88,1807.23,1803.93,1800.54,1797.63,1795.77,1794.10,1792.17,1790.80,1789.38,1788.02,1786.27,1783.34,1781.98,1780.48,1779.18,1777.72,1772.54,1769.18,1766.44,1765.42,1762.22,1757.26,1756.27,1756.27,1756.27,1756.27,1756.27,1756.27,1756.27],\r\n\t\t\t\t\tgraphSpeed         : [],\r\n\t\t\t\t\tgraphHr            : [],\r\n\t\t\t\t\tgraphAtemp         : [],\r\n\t\t\t\t\tgraphCad           : [],\r\n\t\t\t\t\tgraphGrade         : [],\r\n\t\t\t\t\twaypoints          : [],\r\n\t\t\t\t\tunit               : \"2\",\r\n\t\t\t\t\tunitspeed          : \"0\",\r\n\t\t\t\t\tcolor1             : [\"#3366cc\"],\r\n\t\t\t\t\tcolor2             : \"#3366cc\",\r\n\t\t\t\t\tcolor3             : \"#ff0000\",\r\n\t\t\t\t\tcolor4             : \"#ff77bd\",\r\n\t\t\t\t\tcolor5             : \"#beecff\",\r\n\t\t\t\t\tcolor6             : \"#beecff\",\r\n\t\t\t\t\tcolor7             : \"#ff77bd\",\r\n\t\t\t\t\tchartFrom1         : \"\",\r\n\t\t\t\t\tchartTo1           : \"\",\r\n\t\t\t\t\tchartFrom2         : \"\",\r\n\t\t\t\t\tchartTo2           : \"\",\r\n\t\t\t\t\tstartIcon          : \"\",\r\n\t\t\t\t\tendIcon            : \"\",\r\n\t\t\t\t\tcurrentIcon        : \"\",\r\n\t\t\t\t\twaypointIcon       : \"https:\/\/lavia.cc\/gpx\/wp-content\/uploads\/gpx\/cropped-icona.ico\",\r\n\t\t\t\t\tcurrentpositioncon : \"\",\r\n\t\t\t\t\tusegpsposition     : \"\",\r\n\t\t\t\t\tzoomOnScrollWheel  : \"\",\r\n\t\t\t\t\tngGalleries        : [],\r\n\t\t\t\t\tngImages           : [],\r\n\t\t\t\t\tpluginUrl          : \"https:\/\/lavia.cc\/gpx\/wp-content\/plugins\",\r\n\t\t\t\t\tTFApiKey           : \"\",\r\n\t\t\t\t\tMapBoxApiKey           : \"\",\r\n\t\t\t\t\tlangs              : {\r\n\t\t\t\t\t\taltitude        : \"Altitudine\",\r\n\t\t\t\t\t\tcurrentPosition : \"Current position\",\r\n\t\t\t\t\t\tspeed           : \"Velocit\u00e0\",\r\n\t\t\t\t\t\tgrade           : \"Grade\",\r\n\t\t\t\t\t\theartRate       : \"Battito Cardiaco\",\r\n\t\t\t\t\t\tatemp           : \"Temperature\",\r\n\t\t\t\t\t\tcadence         : \"Cadenza\",\r\n\t\t\t\t\t\tgoFullScreen    : \"Go full screen\",\r\n\t\t\t\t\t\texitFullFcreen  : \"Exit full screen\",\r\n\t\t\t\t\t\thideImages      : \"Hide images\",\r\n\t\t\t\t\t\tshowImages      : \"Show images\",\r\n\t\t\t\t\t\tbackToCenter\t: \"Ritorna al centro della mappa\"\r\n\t\t\t\t\t}\r\n\t\t\t\t});\r\n\r\n\t\t\t});\r\n\r\n\t\t<\/script>\n<p>\ud83d\udfe2 Scarica la TRACCIA e Segui <a href=\"https:\/\/www.instagram.com\/lavia.cc\/\" target=\"_blank\" rel=\"noopener\">LAVIA<\/a>!<\/p>\n","protected":false},"excerpt":{"rendered":"<p>Bellissima escursione che parte dal parcheggio del <strong>Passo Costalunga<\/strong>, sale fino al<strong> Rifugio Roda di Va\u00e8l<\/strong>, percorre il sentiero Masar\u00e8 e ritorna al Rifugio Paolina prima di tornare al parcheggio. Si parte dal parcheggio prendendo il sentiero 548 (indicazioni per il Rifugio Roda di Va\u00e8l) fino a trovare un bivio, che permette di andare a sinistra sul sentiero 1A per il rifugio Fronza alle Coronelle o di andare a destra per il Rifugio Roda di Va\u00e8l. Si procede quindi a destra per il sentiero che porta alla vista del rifugio e sale con una buona pendenza, inizialmente \u00e8 una carraia poi si trasforma via via in un vero sentiero di montagna, mostrando bellissimi panorami sul <strong>Latemar<\/strong> e poi sulla<strong> val di Fassa<\/strong>. Arrivati al rifugio, posto in un magnifico anfiteatro roccioso, \u00e8 possibile salire sulla collina a fianco per avere una visione di tutte le cime della val di Fassa dalla Marmolada al Latemar, una vista davvero spettacolare. Dopo la sosta obbligatoria si procede verso il sentiero Masar\u00e8 per andare alla parete ovest del <strong>Catinaccio<\/strong>, sentiero che rimane pi\u00f9 o meno in quota fin quasi al termine, dove si trova, appollaiata su di una roccia, un&#8217;imponente aquila in bronzo dedicata a Theodor Christomannos, uomo politico e promotore turistico dell&#8217;inizio del 900.\u00a0 Da qui \u00e8 possibile accorciare l&#8217;escursione prendendo il sentiero 539 che porta al <strong>rifugio Paolina<\/strong>, consigliamo invece di proseguire sul 549 dove il passaggio dalla vista della val di Fassa poi al passo Costalunga ed infine alle valli tra Catinaccio e Sciliar \u00e8 veramente fantastico, uno dei pi\u00f9 bei panorami di tutte le dolomiti. <strong>Bellezza estrema!<\/strong> Per accorciare l&#8217;escursione circa a met\u00e0 del cammino nella parte ovest si scende sul 552 direzione Rifugio Paolina, in alternativa \u00e8 possibile raggiungere il rifugio Fronza alle Coronelle e poi tornare al Paolina. Dopo una breve pausa al Paolina si riparte per il 552 che porta al sentiero 548 per poi scendere al parcheggio. Il percorso \u00e8 impegnativo e richiede un minimo di abitudine ai sentieri stretti su pareti ripide, c&#8217;\u00e8 un solo punto (molto corto) in cui sono presenti cavi metallici per tenersi, non \u00e8 un punto pericoloso ma servono per attraversarlo tranquillamente.<\/p>\n<p>Bellissime foto di <a href=\"https:\/\/www.instagram.com\/p\/Cy_XrpzMgLV\/?img_index=1\">@ricky_agne<\/a><\/p>\n<p>\ud83d\udfe2 Segui <strong>LAVIA,<\/strong>\u00a0arriva alla\u00a0<strong>META<\/strong>!<\/p>\n","protected":false},"featured_media":13910,"comment_status":"open","ping_status":"closed","template":"","meta":[],"product_brand":[],"product_cat":[31],"product_tag":[37,263,1558],"class_list":{"0":"post-13909","1":"product","2":"type-product","3":"status-publish","4":"has-post-thumbnail","6":"product_cat-escursionismo","7":"product_tag-r-trentinoaltoadige","8":"product_tag-trento","9":"product_tag-vigo-di-fassa","11":"first","12":"instock","13":"downloadable","14":"virtual","15":"product-type-simple"},"_links":{"self":[{"href":"https:\/\/lavia.cc\/gpx\/wp-json\/wp\/v2\/product\/13909","targetHints":{"allow":["GET"]}}],"collection":[{"href":"https:\/\/lavia.cc\/gpx\/wp-json\/wp\/v2\/product"}],"about":[{"href":"https:\/\/lavia.cc\/gpx\/wp-json\/wp\/v2\/types\/product"}],"replies":[{"embeddable":true,"href":"https:\/\/lavia.cc\/gpx\/wp-json\/wp\/v2\/comments?post=13909"}],"version-history":[{"count":1,"href":"https:\/\/lavia.cc\/gpx\/wp-json\/wp\/v2\/product\/13909\/revisions"}],"predecessor-version":[{"id":13916,"href":"https:\/\/lavia.cc\/gpx\/wp-json\/wp\/v2\/product\/13909\/revisions\/13916"}],"wp:featuredmedia":[{"embeddable":true,"href":"https:\/\/lavia.cc\/gpx\/wp-json\/wp\/v2\/media\/13910"}],"wp:attachment":[{"href":"https:\/\/lavia.cc\/gpx\/wp-json\/wp\/v2\/media?parent=13909"}],"wp:term":[{"taxonomy":"product_brand","embeddable":true,"href":"https:\/\/lavia.cc\/gpx\/wp-json\/wp\/v2\/product_brand?post=13909"},{"taxonomy":"product_cat","embeddable":true,"href":"https:\/\/lavia.cc\/gpx\/wp-json\/wp\/v2\/product_cat?post=13909"},{"taxonomy":"product_tag","embeddable":true,"href":"https:\/\/lavia.cc\/gpx\/wp-json\/wp\/v2\/product_tag?post=13909"}],"curies":[{"name":"wp","href":"https:\/\/api.w.org\/{rel}","templated":true}]}}