{"id":14012,"date":"2024-07-02T11:09:32","date_gmt":"2024-07-02T09:09:32","guid":{"rendered":"https:\/\/lavia.cc\/gpx\/?post_type=product&#038;p=14012"},"modified":"2024-07-02T11:12:48","modified_gmt":"2024-07-02T09:12:48","slug":"anello-della-fradusta","status":"publish","type":"product","link":"https:\/\/lavia.cc\/gpx\/tracce\/anello-della-fradusta\/","title":{"rendered":"Anello della Fradusta: da Cima Rosetta al Ghiacciaio della Fradusta"},"content":{"rendered":"<h5>Anello della Fradusta: da Cima Rosetta al Ghiacciaio della Fradusta<\/h5>\n<p>\u27a1\ufe0f Clicca qui per andare al punto di partenza: <a href=\"https:\/\/www.google.com\/maps\/place\/Bar+Ristorante+Arrivo+Funivia+Rosetta\/@46.2647476,11.8331699,17z\/data=!3m1!4b1!4m6!3m5!1s0x47785913e849179b:0x4077c529b1cf099b!8m2!3d46.2647476!4d11.8331699!16s%2Fg%2F11b64q1qfv?entry=ttu\" target=\"_blank\" rel=\"noopener\">GOOGLE MAPS<\/a> (Inizio escursione arrivo funivia)<\/p>\n<p>\u2139\ufe0f La <strong>Fradusta<\/strong> \u00e8 un modesto ghiacciaio d\u2019altopiano, con notevoli morene frontali. Queste sono determinate sia dall\u2019erodibilit\u00e0 delle rocce dolomitiche a contatto con i materiali di fondo, che dalla scarsa inclinazione della superficie (11 gradi in media). La massa glaciale si \u00e8 ridotta del 90% nel corso dell\u2019ultimo secolo, ed \u00e8 oggi di circa 3 ettari; la sua esposizione, aperta agli agenti atmosferici, fa s\u00ec che le sue dimensioni dipendano direttamente dall\u2019andamento del clima.<\/p>\n<p>La fronte del ghiacciaio termina su un piccolo <strong>laghetto proglaciale<\/strong>, ad una quota di circa 2650 metri. Anch\u2019esso nel 1994 si \u00e8 rapidamente ridotto per la natura carsica dell\u2019altopiano, e oggi la fronte ha l\u2019aspetto di una paretina di ghiaccio che si alza di una decina di metri sopra le acque residue, frammentandosi in blocchi.<\/p>\n<p><strong>La cima della Fradusta<\/strong> pu\u00f2 essere considerata una sorta di ombelico dell\u2019intero <strong>gruppo delle Pal<\/strong>e, un punto centrale di equilibrio: panoramicamente permette di spaziare su tutti gli angoli del complesso. Come consigliavano gli alpinisti esploratori di fine Ottocento, occorrerebbe salire nello stesso giorno la Rosetta e la Fradusta, paragonarne i panorami, per avere una visione completa delle Pale.<\/p>\n<p>\u26fa\ufe0f \ud83c\udf74 Il <a href=\"https:\/\/www.rifugiorosetta.it\/it\/\" target=\"_blank\" rel=\"noopener\">Rifugio Rosetta<\/a> nelle Pale di San Martino. Il rifugio \u00e8 situato in una splendida posizione sull\u2019altopiano delle Pale di San Martino ed \u00e8 un ottimo punto di partenza per numerose escursioni e scalate. Costruito dalla SAT a 2581 m sul bordo occidentale dell\u2019altopiano delle Pale proprio sopra l\u2019abitato di San Martino di Castrozza, \u00e8 sicuramente una delle zone pi\u00f9 suggestive delle Pale.<\/p>\n<ul>\n<li>349 5331742 (da ottobre a met\u00e0 giugno).<\/li>\n<li>0439 68308 da giugno a settembre e nelle giornate di apertura)<\/li>\n<\/ul>\n<p>\u26a0\ufe0f La percorribilit\u00e0 dell\u2019itinerario proposto, come tutta la morfologia montana, \u00e8 soggetta a cambiamenti ambientali dovuti a eventi naturali e alle condizioni meteo. Quindi, prima di partire, consultate gli uffici turistici competenti e\/o i rifugi di riferimento.<\/p>\n<p>\ud83d\uddfa\ufe0f Mappa e altimetria dell&#8217; <a href=\"https:\/\/lavia.cc\/gpx\/categoria-tracce\/escursionismo\/\">escursione<\/a> &#8220;Anello della Fradusta: da Cima Rosetta al Ghiacciaio della Fradusta&#8221;:<\/p>\n\r\n\t\t<div id=\"wpgpxmaps_14012_4063849\" class=\"wpgpxmaps\">\r\n\t\t\t<div id=\"map_14012_4063849_cont\" style=\"width:100%; height:450px;position:relative\" >\r\n\t\t\t\t<div id=\"map_14012_4063849\" style=\"width:100%; height:450px\"><\/div>\r\n\t\t\t\t<div id=\"wpgpxmaps_14012_4063849_osm_footer\" class=\"wpgpxmaps_osm_footer\" style=\"display:none;\"><span> &copy; <a href=\"http:\/\/www.openstreetmap.org\/copyright\" target=\"_blank\" rel=\"noopener\">OpenStreetMap<\/a> contributors<\/span><\/div>\r\n\t\t\t<\/div>\r\n\t\t\t<canvas id=\"myChart_14012_4063849\" class=\"plot\" style=\"width:100%; height:200px\"><\/canvas>\r\n\t\t\t<div id=\"ngimages_14012_4063849\" class=\"ngimages\" style=\"display:none\"><\/div>\r\n\t\t\t<div id=\"report_14012_4063849\" class=\"report\"><\/div>\r\n\t\t<\/div>\r\n\t\t\r\n\t\t<script type=\"text\/javascript\">\r\n\r\n\t\t\tjQuery(document).ready(function() {\r\n\r\n\t\t\t\tjQuery( \"#wpgpxmaps_14012_4063849\" ).wpgpxmaps( {\r\n\t\t\t\t\ttargetId           : \"14012_4063849\",\r\n\t\t\t\t\tmapType            : \"HYBRID\",\r\n\t\t\t\t\tmapData            : [[46.2646620,11.8331350],[46.2645480,11.8333140],[46.2645620,11.8334840],[46.2646760,11.8342680],[46.2647410,11.8343760],[46.2649040,11.8346110],[46.2650090,11.8349430],[46.2652140,11.8353720],[46.2652930,11.8356300],[46.2654690,11.8357540],[46.2656400,11.8359470],[46.2658860,11.8361030],[46.2660860,11.8363270],[46.2661300,11.8365780],[46.2663700,11.8368830],[46.2664650,11.8370200],[46.2665860,11.8371220],[46.2667200,11.8373430],[46.2669420,11.8378780],[46.2671340,11.8382600],[46.2673690,11.8385740],[46.2673530,11.8387220],[46.2673320,11.8389190],[46.2673410,11.8392150],[46.2673500,11.8393480],[46.2671690,11.8401130],[46.2669950,11.8406480],[46.2669020,11.8408520],[46.2667530,11.8408630],[46.2666540,11.8410880],[46.2665400,11.8414570],[46.2664390,11.8424030],[46.2663480,11.8426520],[46.2661800,11.8434720],[46.2660440,11.8439820],[46.2661450,11.8444150],[46.2661430,11.8446580],[46.2660510,11.8455150],[46.2660510,11.8457750],[46.2659760,11.8461100],[46.2659310,11.8464480],[46.2659800,11.8467320],[46.2659480,11.8476330],[46.2659740,11.8479760],[46.2661190,11.8486620],[46.2661160,11.8489630],[46.2661930,11.8491270],[46.2662190,11.8494120],[46.2662740,11.8496920],[46.2662620,11.8500090],[46.2662250,11.8503470],[46.2661710,11.8505050],[46.2659920,11.8505600],[46.2658180,11.8510020],[46.2656890,11.8516330],[46.2656990,11.8517720],[46.2655850,11.8519950],[46.2654840,11.8521910],[46.2654510,11.8528790],[46.2653760,11.8530230],[46.2653560,11.8532860],[46.2652420,11.8534970],[46.2650420,11.8537710],[46.2649830,11.8540440],[46.2648060,11.8544750],[46.2646460,11.8546030],[46.2646360,11.8547940],[46.2645070,11.8549390],[46.2644450,11.8551500],[46.2642980,11.8553510],[46.2641430,11.8554320],[46.2640840,11.8553300],[46.2640360,11.8554650],[46.2639450,11.8554980],[46.2638430,11.8554520],[46.2636600,11.8555950],[46.2631490,11.8555550],[46.2629010,11.8556060],[46.2627550,11.8555750],[46.2626400,11.8556540],[46.2624080,11.8556350],[46.2622560,11.8556570],[46.2620680,11.8555020],[46.2618590,11.8555650],[46.2617380,11.8558640],[46.2615700,11.8560150],[46.2615400,11.8562590],[46.2613610,11.8564970],[46.2612720,11.8568350],[46.2611230,11.8570280],[46.2610630,11.8572720],[46.2609290,11.8575940],[46.2605270,11.8579820],[46.2602790,11.8580720],[46.2602860,11.8586980],[46.2602690,11.8589900],[46.2603760,11.8590970],[46.2604150,11.8600280],[46.2603660,11.8604650],[46.2602440,11.8609570],[46.2600950,11.8611730],[46.2597490,11.8622620],[46.2596100,11.8625010],[46.2594360,11.8629090],[46.2589560,11.8630680],[46.2588880,11.8629690],[46.2587930,11.8630320],[46.2585940,11.8629450],[46.2584590,11.8629330],[46.2583440,11.8630760],[46.2582090,11.8631510],[46.2579950,11.8637710],[46.2579800,11.8640300],[46.2580710,11.8642570],[46.2580820,11.8644550],[46.2581430,11.8645750],[46.2581690,11.8648000],[46.2581820,11.8656040],[46.2581350,11.8659410],[46.2582280,11.8662190],[46.2583230,11.8663740],[46.2583730,11.8665380],[46.2584800,11.8672890],[46.2584820,11.8677050],[46.2585120,11.8679090],[46.2589240,11.8681100],[46.2591530,11.8682650],[46.2593440,11.8688070],[46.2593960,11.8690970],[46.2593200,11.8692710],[46.2592670,11.8695290],[46.2592460,11.8697670],[46.2588510,11.8704620],[46.2588070,11.8706600],[46.2587180,11.8707220],[46.2584150,11.8707670],[46.2581250,11.8710920],[46.2580670,11.8713190],[46.2579480,11.8715940],[46.2577520,11.8717400],[46.2573160,11.8719740],[46.2571510,11.8722100],[46.2571510,11.8722100],[46.2573160,11.8719740],[46.2577520,11.8717400],[46.2579480,11.8715940],[46.2581200,11.8718490],[46.2585350,11.8722720],[46.2586510,11.8722780],[46.2587990,11.8723370],[46.2589140,11.8722940],[46.2590330,11.8724070],[46.2590510,11.8725570],[46.2591150,11.8726680],[46.2592530,11.8728000],[46.2595510,11.8729480],[46.2597790,11.8729400],[46.2599380,11.8727690],[46.2601110,11.8728190],[46.2603090,11.8729800],[46.2604490,11.8730520],[46.2605910,11.8730220],[46.2608100,11.8731350],[46.2609090,11.8730340],[46.2609640,11.8729210],[46.2610650,11.8729310],[46.2612620,11.8729650],[46.2614200,11.8728490],[46.2617380,11.8729160],[46.2619920,11.8724440],[46.2622690,11.8724600],[46.2623560,11.8724430],[46.2628520,11.8727310],[46.2629570,11.8727440],[46.2632340,11.8727100],[46.2633600,11.8727000],[46.2635960,11.8725840],[46.2637740,11.8726450],[46.2639060,11.8727570],[46.2640070,11.8728260],[46.2641090,11.8729570],[46.2643050,11.8729120],[46.2645660,11.8729200],[46.2647800,11.8727270],[46.2648650,11.8727900],[46.2649890,11.8728000],[46.2654790,11.8727090],[46.2655490,11.8726090],[46.2656640,11.8725540],[46.2659260,11.8723640],[46.2661440,11.8721110],[46.2661480,11.8719360],[46.2661790,11.8717950],[46.2663160,11.8715480],[46.2663270,11.8713590],[46.2663920,11.8712150],[46.2664770,11.8711190],[46.2665300,11.8709860],[46.2666830,11.8709240],[46.2668030,11.8709270],[46.2669100,11.8691290],[46.2669700,11.8689090],[46.2669810,11.8685070],[46.2669360,11.8682220],[46.2668690,11.8673750],[46.2667390,11.8667620],[46.2666250,11.8660180],[46.2666390,11.8654970],[46.2663840,11.8646220],[46.2663140,11.8636410],[46.2662170,11.8631690],[46.2661430,11.8626270],[46.2660570,11.8622460],[46.2661270,11.8616270],[46.2661650,11.8612920],[46.2659310,11.8610130],[46.2657750,11.8602080],[46.2656790,11.8600230],[46.2656420,11.8597890],[46.2656940,11.8595830],[46.2656520,11.8594000],[46.2656600,11.8590330],[46.2656010,11.8586790],[46.2654530,11.8585210],[46.2654800,11.8583890],[46.2653990,11.8577270],[46.2653450,11.8574610],[46.2653460,11.8571500],[46.2652230,11.8573190],[46.2647250,11.8578420],[46.2642280,11.8583650],[46.2637300,11.8588880],[46.2636120,11.8589630],[46.2635340,11.8589180],[46.2634980,11.8587950],[46.2634490,11.8586040],[46.2634280,11.8584160],[46.2633580,11.8583090],[46.2632650,11.8582570],[46.2631550,11.8582070],[46.2631280,11.8580170],[46.2631330,11.8578670],[46.2631370,11.8577080],[46.2631410,11.8575590],[46.2632650,11.8573100],[46.2633310,11.8571700],[46.2634380,11.8569620],[46.2634840,11.8568270],[46.2635580,11.8565290],[46.2636030,11.8563270],[46.2636530,11.8561500],[46.2636870,11.8560260],[46.2637470,11.8558800],[46.2639230,11.8555560],[46.2640360,11.8554650],[46.2640840,11.8553300],[46.2641430,11.8554320],[46.2642980,11.8553510],[46.2644450,11.8551500],[46.2645070,11.8549390],[46.2646360,11.8547940],[46.2646460,11.8546030],[46.2648060,11.8544750],[46.2649830,11.8540440],[46.2650420,11.8537710],[46.2652420,11.8534970],[46.2652920,11.8533290],[46.2653760,11.8530230],[46.2654510,11.8528790],[46.2654840,11.8521910],[46.2655850,11.8520600],[46.2656990,11.8517720],[46.2656890,11.8516330],[46.2658180,11.8510020],[46.2659870,11.8506740],[46.2661710,11.8505050],[46.2662250,11.8503470],[46.2662320,11.8500670],[46.2662740,11.8496920],[46.2662190,11.8494120],[46.2661930,11.8491270],[46.2661160,11.8489630],[46.2661190,11.8486620],[46.2659740,11.8479760],[46.2659480,11.8476330],[46.2659800,11.8467320],[46.2659310,11.8464480],[46.2659760,11.8461100],[46.2660510,11.8457750],[46.2660510,11.8455150],[46.2661430,11.8446580],[46.2661450,11.8444150],[46.2660440,11.8439820],[46.2661800,11.8434720],[46.2663480,11.8426520],[46.2664390,11.8424030],[46.2664600,11.8419360],[46.2664700,11.8417940],[46.2664160,11.8416680],[46.2664210,11.8415330],[46.2664380,11.8413830],[46.2664040,11.8412450],[46.2663510,11.8411340],[46.2663540,11.8410020],[46.2663700,11.8408650],[46.2663390,11.8407330],[46.2662970,11.8406130],[46.2662740,11.8404680],[46.2662260,11.8403380],[46.2661680,11.8402230],[46.2661270,11.8400960],[46.2661420,11.8399510],[46.2661280,11.8398110],[46.2660780,11.8396820],[46.2660560,11.8395410],[46.2660420,11.8393890],[46.2659930,11.8392650],[46.2659980,11.8391200],[46.2659810,11.8389620],[46.2659600,11.8388330],[46.2659020,11.8387140],[46.2658490,11.8385950],[46.2658420,11.8384510],[46.2658580,11.8383080],[46.2658810,11.8381690],[46.2658770,11.8380280],[46.2659270,11.8378870],[46.2659640,11.8377680],[46.2659700,11.8376300],[46.2659930,11.8374960],[46.2659970,11.8373480],[46.2659510,11.8372240],[46.2658910,11.8371140],[46.2659000,11.8369840],[46.2658440,11.8368530],[46.2658120,11.8367190],[46.2657800,11.8365860],[46.2657330,11.8364680],[46.2656780,11.8363450],[46.2658900,11.8361950],[46.2656400,11.8359470],[46.2654690,11.8357540],[46.2652930,11.8356300],[46.2652100,11.8354530],[46.2650090,11.8349430],[46.2649040,11.8346110],[46.2647890,11.8343800],[46.2646760,11.8342680],[46.2645620,11.8334840],[46.2645480,11.8333140],[46.2646620,11.8331350]],\r\n\t\t\t\t\tgraphDist          : [0.00,0.02,0.03,0.09,0.10,0.13,0.16,0.20,0.22,0.25,0.27,0.30,0.33,0.35,0.39,0.40,0.42,0.44,0.49,0.53,0.56,0.57,0.59,0.61,0.62,0.68,0.73,0.75,0.77,0.79,0.82,0.90,0.92,0.99,1.03,1.06,1.08,1.15,1.17,1.20,1.22,1.25,1.31,1.34,1.40,1.42,1.44,1.46,1.48,1.51,1.53,1.55,1.57,1.61,1.66,1.67,1.69,1.71,1.76,1.78,1.80,1.82,1.85,1.87,1.91,1.93,1.95,1.96,1.98,2.00,2.02,2.03,2.04,2.05,2.07,2.09,2.15,2.18,2.19,2.21,2.23,2.25,2.28,2.30,2.33,2.35,2.37,2.40,2.43,2.45,2.47,2.50,2.55,2.58,2.63,2.65,2.67,2.74,2.77,2.81,2.84,2.93,2.95,2.99,3.04,3.05,3.07,3.09,3.10,3.12,3.14,3.19,3.21,3.23,3.25,3.26,3.28,3.34,3.36,3.39,3.40,3.42,3.48,3.51,3.52,3.57,3.60,3.65,3.67,3.69,3.71,3.73,3.79,3.81,3.82,3.86,3.90,3.91,3.94,3.96,4.02,4.04,4.06,4.09,4.14,4.16,4.19,4.25,4.26,4.28,4.29,4.31,4.32,4.33,4.35,4.38,4.41,4.43,4.45,4.48,4.49,4.51,4.53,4.55,4.56,4.57,4.59,4.61,4.65,4.70,4.73,4.74,4.80,4.81,4.84,4.86,4.88,4.90,4.92,4.94,4.95,4.97,5.00,5.03,5.04,5.06,5.11,5.12,5.13,5.17,5.20,5.21,5.22,5.25,5.26,5.28,5.29,5.30,5.32,5.33,5.47,5.49,5.52,5.54,5.61,5.66,5.72,5.76,5.83,5.91,5.94,5.99,6.02,6.07,6.09,6.13,6.19,6.21,6.23,6.24,6.26,6.29,6.31,6.34,6.35,6.40,6.42,6.44,6.46,6.53,6.60,6.67,6.68,6.70,6.71,6.72,6.74,6.75,6.76,6.77,6.79,6.80,6.81,6.82,6.85,6.86,6.88,6.89,6.92,6.93,6.95,6.96,6.97,7.00,7.02,7.03,7.04,7.06,7.08,7.10,7.12,7.13,7.15,7.19,7.21,7.24,7.26,7.29,7.30,7.35,7.37,7.39,7.40,7.46,7.49,7.52,7.53,7.55,7.58,7.60,7.63,7.64,7.66,7.72,7.75,7.82,7.84,7.87,7.89,7.91,7.98,8.00,8.03,8.08,8.14,8.16,8.20,8.21,8.23,8.24,8.25,8.26,8.27,8.28,8.29,8.30,8.31,8.32,8.34,8.35,8.36,8.37,8.38,8.39,8.40,8.42,8.43,8.44,8.45,8.46,8.47,8.48,8.49,8.51,8.52,8.53,8.54,8.55,8.56,8.57,8.58,8.59,8.61,8.62,8.63,8.64,8.65,8.66,8.67,8.70,8.73,8.76,8.78,8.80,8.84,8.87,8.89,8.91,8.97,8.98,9.00],\r\n\t\t\t\t\tgraphEle           : [2599.52,2599.52,2599.52,2599.52,2598.94,2595.41,2591.76,2586.56,2583.62,2580.79,2577.66,2573.78,2571.66,2570.32,2567.98,2567.02,2566.01,2564.55,2561.45,2560.06,2559.20,2558.89,2558.51,2557.96,2557.71,2556.20,2555.05,2554.56,2554.11,2553.58,2552.77,2550.68,2550.14,2548.51,2547.46,2546.59,2546.13,2549.58,2551.27,2553.57,2555.81,2557.71,2564.15,2567.62,2574.85,2577.89,2579.88,2582.78,2585.72,2588.82,2589.51,2589.86,2590.38,2591.40,2592.69,2592.97,2593.51,2594.03,2595.44,2595.81,2596.35,2596.94,2597.75,2598.34,2599.78,2601.96,2603.62,2605.57,2607.47,2609.88,2611.85,2612.95,2614.21,2615.33,2616.60,2619.09,2626.31,2630.04,2632.24,2634.13,2637.59,2639.86,2643.96,2647.14,2649.42,2651.19,2652.72,2654.89,2657.12,2658.91,2660.51,2662.83,2664.22,2664.64,2665.35,2665.69,2665.90,2665.62,2664.60,2663.39,2662.68,2659.59,2658.47,2656.76,2654.21,2653.71,2653.17,2652.09,2651.34,2650.58,2649.86,2647.47,2646.57,2645.67,2644.98,2644.47,2643.68,2642.76,2643.25,2643.69,2643.98,2644.24,2645.32,2645.91,2646.36,2647.70,2648.48,2649.77,2650.41,2650.85,2651.42,2652.03,2654.35,2654.88,2655.25,2656.38,2657.75,2658.27,2658.72,2659.17,2660.11,2660.58,2660.94,2661.41,2660.85,2660.11,2659.29,2657.60,2657.21,2656.70,2656.30,2655.83,2655.78,2655.78,2655.78,2655.78,2655.78,2655.78,2655.78,2655.78,2655.77,2655.77,2655.58,2655.48,2655.40,2655.31,2655.14,2654.99,2654.72,2654.37,2653.37,2652.79,2649.82,2649.23,2647.68,2646.92,2645.54,2644.50,2643.74,2643.10,2642.48,2641.58,2640.38,2639.23,2638.80,2638.23,2636.01,2635.80,2635.53,2634.87,2634.25,2633.98,2633.76,2633.28,2632.99,2632.73,2632.49,2632.25,2631.51,2630.70,2622.21,2621.10,2618.81,2616.59,2610.11,2605.24,2599.39,2595.02,2587.06,2578.79,2575.60,2572.16,2569.67,2565.77,2563.66,2562.47,2564.07,2564.52,2564.98,2565.40,2565.77,2566.47,2567.31,2568.63,2569.31,2572.71,2574.08,2575.63,2576.94,2581.47,2586.23,2591.01,2592.01,2592.81,2593.53,2594.63,2595.67,2596.48,2597.27,2598.18,2599.25,2600.07,2600.93,2601.75,2603.43,2604.35,2605.76,2606.58,2608.04,2607.50,2607.01,2606.67,2606.24,2605.19,2604.65,2604.26,2603.92,2603.31,2602.57,2601.99,2601.37,2600.80,2600.04,2598.60,2597.78,2596.64,2596.12,2595.07,2594.55,2593.57,2593.39,2593.06,2592.93,2592.32,2591.93,2591.29,2589.77,2587.36,2584.00,2581.49,2579.02,2577.31,2574.72,2568.54,2565.57,2557.81,2555.29,2552.33,2549.30,2547.06,2547.90,2548.21,2548.79,2549.50,2550.85,2551.43,2552.39,2552.81,2553.11,2553.39,2553.70,2554.01,2554.28,2554.56,2554.85,2555.14,2555.42,2555.53,2555.57,2555.60,2555.64,2555.67,2555.71,2555.74,2555.78,2555.81,2555.85,2555.88,2555.92,2555.95,2555.99,2556.02,2556.06,2556.09,2556.28,2557.21,2558.23,2559.07,2559.96,2560.84,2561.79,2562.69,2563.59,2564.43,2565.42,2566.32,2567.22,2568.09,2569.03,2571.21,2572.70,2572.70,2572.70,2572.70,2572.70,2572.70,2572.70,2572.70,2572.70,2572.70,2572.70],\r\n\t\t\t\t\tgraphSpeed         : [],\r\n\t\t\t\t\tgraphHr            : [],\r\n\t\t\t\t\tgraphAtemp         : [],\r\n\t\t\t\t\tgraphCad           : [],\r\n\t\t\t\t\tgraphGrade         : [],\r\n\t\t\t\t\twaypoints          : [],\r\n\t\t\t\t\tunit               : \"2\",\r\n\t\t\t\t\tunitspeed          : \"0\",\r\n\t\t\t\t\tcolor1             : [\"#3366cc\"],\r\n\t\t\t\t\tcolor2             : \"#3366cc\",\r\n\t\t\t\t\tcolor3             : \"#ff0000\",\r\n\t\t\t\t\tcolor4             : \"#ff77bd\",\r\n\t\t\t\t\tcolor5             : \"#beecff\",\r\n\t\t\t\t\tcolor6             : \"#beecff\",\r\n\t\t\t\t\tcolor7             : \"#ff77bd\",\r\n\t\t\t\t\tchartFrom1         : \"\",\r\n\t\t\t\t\tchartTo1           : \"\",\r\n\t\t\t\t\tchartFrom2         : \"\",\r\n\t\t\t\t\tchartTo2           : \"\",\r\n\t\t\t\t\tstartIcon          : \"\",\r\n\t\t\t\t\tendIcon            : \"\",\r\n\t\t\t\t\tcurrentIcon        : \"\",\r\n\t\t\t\t\twaypointIcon       : \"https:\/\/lavia.cc\/gpx\/wp-content\/uploads\/gpx\/cropped-icona.ico\",\r\n\t\t\t\t\tcurrentpositioncon : \"\",\r\n\t\t\t\t\tusegpsposition     : \"\",\r\n\t\t\t\t\tzoomOnScrollWheel  : \"\",\r\n\t\t\t\t\tngGalleries        : [],\r\n\t\t\t\t\tngImages           : [],\r\n\t\t\t\t\tpluginUrl          : \"https:\/\/lavia.cc\/gpx\/wp-content\/plugins\",\r\n\t\t\t\t\tTFApiKey           : \"\",\r\n\t\t\t\t\tMapBoxApiKey           : \"\",\r\n\t\t\t\t\tlangs              : {\r\n\t\t\t\t\t\taltitude        : \"Altitudine\",\r\n\t\t\t\t\t\tcurrentPosition : \"Current position\",\r\n\t\t\t\t\t\tspeed           : \"Velocit\u00e0\",\r\n\t\t\t\t\t\tgrade           : \"Grade\",\r\n\t\t\t\t\t\theartRate       : \"Battito Cardiaco\",\r\n\t\t\t\t\t\tatemp           : \"Temperature\",\r\n\t\t\t\t\t\tcadence         : \"Cadenza\",\r\n\t\t\t\t\t\tgoFullScreen    : \"Go full screen\",\r\n\t\t\t\t\t\texitFullFcreen  : \"Exit full screen\",\r\n\t\t\t\t\t\thideImages      : \"Hide images\",\r\n\t\t\t\t\t\tshowImages      : \"Show images\",\r\n\t\t\t\t\t\tbackToCenter\t: \"Ritorna al centro della mappa\"\r\n\t\t\t\t\t}\r\n\t\t\t\t});\r\n\r\n\t\t\t});\r\n\r\n\t\t<\/script>\n<p>\ud83d\udfe2 Scarica la TRACCIA e Segui <a href=\"https:\/\/www.instagram.com\/lavia.cc\/\" target=\"_blank\" rel=\"noopener\">LAVIA<\/a>!<\/p>\n","protected":false},"excerpt":{"rendered":"<p>Da San Martino di Castrozza, si prende la <strong>Cabinovia Colverde<\/strong>, seguita dalla Funivia che conduce a pochi metri dalla Cima della Rosetta. Questo \u00e8 un punto di accesso privilegiato all&#8217;altopiano roccioso delle <strong>Pale di San Martino<\/strong>, un&#8217;incredibile distesa di roccia modellata da antichi ghiacciai ormai scomparsi. L&#8217;ultima traccia di questi ghiacciai \u00e8 rappresentata dalla Fradusta, l&#8217;ultimo respiro di un gigante morente che nel 2000 era ancora largo e lungo centinaia di metri, e che oggi mostra solo gli ultimi metri rimasti. <strong>La Fradusta<\/strong> \u00e8 una delle prime vittime millenarie del riscaldamento globale e il primo di una serie di <strong>ghiacciai dolomitici<\/strong> ormai estinti. Il sentiero non \u00e8 particolarmente impegnativo ed \u00e8 ben segnalato da ometti e segni a terra lungo tutto il percorso. Tuttavia, presenta un continuo saliscendi su roccia, quindi \u00e8 necessario fare attenzione a dove si mettono i piedi e camminare con sicurezza. Si tratta di un percorso ad anello che si snoda sull&#8217;altopiano e si sviluppa di fronte alla lingua glaciale. Dalla Funivia, si prende il sentiero 701 verso il <strong>Rifugio della Rosetta<\/strong>, chiaramente visibile a occhio nudo. Dal rifugio, si segue il percorso 707 fino al bivio; 1,5\/2 km pi\u00f9 avanti, si mantiene la destra sul 709 verso il Passo di Pradidali. Dal passo, \u00e8 intuitivo seguire il 708 per continuare l&#8217;anello lungo le creste fino al passo della Fradusta, dove si pu\u00f2 fare una pausa e ammirare i resti del ghiacciaio. Da qui, un ulteriore bivio porta sul 711B per chiudere l&#8217;anello. Dopo un chilometro, si prende la sinistra sul 707 verso la Rosetta per rientrare. Lungo tutto il percorso,<strong> il panorama \u00e8 grandioso e surreale<\/strong>. L&#8217;altopiano di pietra di San Martino \u00e8 unico e d\u00e0 l&#8217;impressione di trovarsi su un altro pianeta. In prossimit\u00e0 della Fradusta, la forcella che incanala i venti, le mutevoli condizioni climatiche e le tracce di ghiaccio nei dintorni possono generare un freddo intenso anche in piena estate. Quindi, \u00e8 consigliato partire ben equipaggiati.<\/p>\n<p>\ud83d\udfe2 Scarica la TRACCIA e Segui <a href=\"https:\/\/www.instagram.com\/lavia.cc\/\" target=\"_blank\" rel=\"noopener\">LAVIA<\/a>!<\/p>\n","protected":false},"featured_media":14013,"comment_status":"open","ping_status":"closed","template":"","meta":[],"product_brand":[],"product_cat":[31],"product_tag":[1569,37,263],"class_list":{"0":"post-14012","1":"product","2":"type-product","3":"status-publish","4":"has-post-thumbnail","6":"product_cat-escursionismo","7":"product_tag-san-martino-di-castrozza","8":"product_tag-r-trentinoaltoadige","9":"product_tag-trento","11":"first","12":"instock","13":"downloadable","14":"virtual","15":"product-type-simple"},"_links":{"self":[{"href":"https:\/\/lavia.cc\/gpx\/wp-json\/wp\/v2\/product\/14012","targetHints":{"allow":["GET"]}}],"collection":[{"href":"https:\/\/lavia.cc\/gpx\/wp-json\/wp\/v2\/product"}],"about":[{"href":"https:\/\/lavia.cc\/gpx\/wp-json\/wp\/v2\/types\/product"}],"replies":[{"embeddable":true,"href":"https:\/\/lavia.cc\/gpx\/wp-json\/wp\/v2\/comments?post=14012"}],"version-history":[{"count":2,"href":"https:\/\/lavia.cc\/gpx\/wp-json\/wp\/v2\/product\/14012\/revisions"}],"predecessor-version":[{"id":14020,"href":"https:\/\/lavia.cc\/gpx\/wp-json\/wp\/v2\/product\/14012\/revisions\/14020"}],"wp:featuredmedia":[{"embeddable":true,"href":"https:\/\/lavia.cc\/gpx\/wp-json\/wp\/v2\/media\/14013"}],"wp:attachment":[{"href":"https:\/\/lavia.cc\/gpx\/wp-json\/wp\/v2\/media?parent=14012"}],"wp:term":[{"taxonomy":"product_brand","embeddable":true,"href":"https:\/\/lavia.cc\/gpx\/wp-json\/wp\/v2\/product_brand?post=14012"},{"taxonomy":"product_cat","embeddable":true,"href":"https:\/\/lavia.cc\/gpx\/wp-json\/wp\/v2\/product_cat?post=14012"},{"taxonomy":"product_tag","embeddable":true,"href":"https:\/\/lavia.cc\/gpx\/wp-json\/wp\/v2\/product_tag?post=14012"}],"curies":[{"name":"wp","href":"https:\/\/api.w.org\/{rel}","templated":true}]}}