{"id":14336,"date":"2024-07-15T21:46:55","date_gmt":"2024-07-15T19:46:55","guid":{"rendered":"https:\/\/lavia.cc\/gpx\/?post_type=product&#038;p=14336"},"modified":"2024-07-25T08:58:38","modified_gmt":"2024-07-25T06:58:38","slug":"gravel-a-bormio-e-dintorni-percorso-ad-anello","status":"publish","type":"product","link":"https:\/\/lavia.cc\/gpx\/tracce\/gravel-a-bormio-e-dintorni-percorso-ad-anello\/","title":{"rendered":"Gravel a Bormio e dintorni &#8211; Percorso ad anello"},"content":{"rendered":"<h5>Percorso Gravel a Bormio e dintorni &#8211; Percorso ad anello<\/h5>\n<p>\u27a1\ufe0f Clicca qui per raggiungere il punto di partenza: <a href=\"https:\/\/www.google.com\/maps\/place\/Passerella+Pedonale+Giuseppe+Marelli,+23032+Bormio+SO\/@46.4664434,10.3700748,17z\/data=!3m1!4b1!4m15!1m8!3m7!1s0x47830f76ef9f4739:0x6af96d21647f690c!2sVia+Roma,+23032+Bormio+SO!3b1!8m2!3d46.4671165!4d10.3745465!16s%2Fg%2F119tqv638!3m5!1s0x47830f76dc283133:0xf1a8ff719d38760a!8m2!3d46.4664435!4d10.3746882!16s%2Fg%2F11c667ccv_?authuser=0&amp;entry=ttu\" target=\"_blank\" rel=\"noopener\">GOOGLE MAPS<\/a> (Via dei Molino, Bormio, SO).<\/p>\n<p>\ud83d\udee4\ufe0f Fondo: 50% sterrato, 50% asfalto.<\/p>\n<p>\ud83d\udd5c Periodo consigliato: da Maggio a Settembre.<\/p>\n<p>\ud83d\uddfa\ufe0f Mappa e altimetria del percorso <a href=\"https:\/\/lavia.cc\/gpx\/categoria-tracce\/gravel\/\" target=\"_blank\" rel=\"noopener\">gravel<\/a> a <strong>Bormio<\/strong>:<\/p>\n\r\n\t\t<div id=\"wpgpxmaps_14336_2759184\" class=\"wpgpxmaps\">\r\n\t\t\t<div id=\"map_14336_2759184_cont\" style=\"width:100%; height:450px;position:relative\" >\r\n\t\t\t\t<div id=\"map_14336_2759184\" style=\"width:100%; height:450px\"><\/div>\r\n\t\t\t\t<div id=\"wpgpxmaps_14336_2759184_osm_footer\" class=\"wpgpxmaps_osm_footer\" style=\"display:none;\"><span> &copy; <a href=\"http:\/\/www.openstreetmap.org\/copyright\" target=\"_blank\" rel=\"noopener\">OpenStreetMap<\/a> contributors<\/span><\/div>\r\n\t\t\t<\/div>\r\n\t\t\t<canvas id=\"myChart_14336_2759184\" class=\"plot\" style=\"width:100%; height:200px\"><\/canvas>\r\n\t\t\t<div id=\"ngimages_14336_2759184\" class=\"ngimages\" style=\"display:none\"><\/div>\r\n\t\t\t<div id=\"report_14336_2759184\" class=\"report\"><\/div>\r\n\t\t<\/div>\r\n\t\t\r\n\t\t<script type=\"text\/javascript\">\r\n\r\n\t\t\tjQuery(document).ready(function() {\r\n\r\n\t\t\t\tjQuery( \"#wpgpxmaps_14336_2759184\" ).wpgpxmaps( {\r\n\t\t\t\t\ttargetId           : \"14336_2759184\",\r\n\t\t\t\t\tmapType            : \"HYBRID\",\r\n\t\t\t\t\tmapData            : [[46.4665350,10.3746330],[46.4665010,10.3741970],[46.4664550,10.3736430],[46.4667270,10.3735100],[46.4671260,10.3734800],[46.4671310,10.3732420],[46.4671640,10.3728810],[46.4673640,10.3725590],[46.4677570,10.3720950],[46.4680490,10.3718330],[46.4682930,10.3718550],[46.4685480,10.3717980],[46.4686960,10.3717270],[46.4691360,10.3712910],[46.4694070,10.3712880],[46.4696850,10.3711760],[46.4699160,10.3711600],[46.4702660,10.3711410],[46.4705510,10.3711680],[46.4709260,10.3712880],[46.4710150,10.3713960],[46.4714160,10.3713950],[46.4715020,10.3706860],[46.4715370,10.3704060],[46.4716380,10.3697040],[46.4717090,10.3695200],[46.4724080,10.3685480],[46.4726750,10.3682100],[46.4732880,10.3674680],[46.4737600,10.3671280],[46.4739050,10.3670640],[46.4744290,10.3669030],[46.4748670,10.3669040],[46.4775330,10.3673350],[46.4776510,10.3673870],[46.4777470,10.3675220],[46.4779560,10.3677480],[46.4785870,10.3683860],[46.4788450,10.3684810],[46.4789610,10.3684500],[46.4798280,10.3676790],[46.4802320,10.3675340],[46.4803340,10.3674540],[46.4808820,10.3666520],[46.4811030,10.3664420],[46.4815060,10.3663870],[46.4816430,10.3663350],[46.4819270,10.3661610],[46.4823880,10.3656300],[46.4827980,10.3653830],[46.4828760,10.3652360],[46.4829340,10.3645100],[46.4829660,10.3643570],[46.4830450,10.3641770],[46.4833450,10.3637540],[46.4838060,10.3631300],[46.4846000,10.3624170],[46.4857280,10.3614230],[46.4858230,10.3613440],[46.4859140,10.3614360],[46.4856370,10.3619810],[46.4855770,10.3620940],[46.4855570,10.3623800],[46.4851800,10.3632250],[46.4850330,10.3636770],[46.4850340,10.3638320],[46.4853960,10.3634460],[46.4860740,10.3630460],[46.4861440,10.3631440],[46.4858920,10.3638090],[46.4859230,10.3639700],[46.4862210,10.3636700],[46.4866430,10.3634860],[46.4869670,10.3632610],[46.4871280,10.3632250],[46.4874030,10.3633230],[46.4875190,10.3633090],[46.4877130,10.3632010],[46.4882970,10.3631810],[46.4889090,10.3634080],[46.4896830,10.3632640],[46.4900090,10.3632320],[46.4906190,10.3629890],[46.4907150,10.3629940],[46.4909050,10.3630720],[46.4910180,10.3630900],[46.4910950,10.3630080],[46.4912890,10.3627370],[46.4913330,10.3625660],[46.4913160,10.3623930],[46.4912650,10.3622750],[46.4912630,10.3621280],[46.4915460,10.3619020],[46.4916100,10.3614600],[46.4917120,10.3612850],[46.4919190,10.3613310],[46.4920360,10.3612680],[46.4920360,10.3612680],[46.4919190,10.3613310],[46.4917760,10.3613310],[46.4916100,10.3614600],[46.4915460,10.3619020],[46.4912900,10.3620780],[46.4912650,10.3622750],[46.4913160,10.3623930],[46.4913330,10.3625660],[46.4912890,10.3627370],[46.4910950,10.3630080],[46.4910180,10.3630900],[46.4909050,10.3630720],[46.4907150,10.3629940],[46.4906190,10.3629890],[46.4900090,10.3632320],[46.4896830,10.3632640],[46.4889090,10.3634080],[46.4882970,10.3631810],[46.4877130,10.3632010],[46.4875190,10.3633090],[46.4874030,10.3633230],[46.4871280,10.3632250],[46.4869670,10.3632610],[46.4866430,10.3634860],[46.4862210,10.3636700],[46.4859230,10.3639700],[46.4858920,10.3638090],[46.4861310,10.3632390],[46.4861130,10.3630460],[46.4862200,10.3628460],[46.4864710,10.3627790],[46.4865980,10.3625860],[46.4868110,10.3623900],[46.4869970,10.3623070],[46.4871650,10.3621300],[46.4874350,10.3620710],[46.4875840,10.3619610],[46.4878360,10.3619470],[46.4881490,10.3618620],[46.4883790,10.3617440],[46.4885870,10.3616870],[46.4888010,10.3616830],[46.4890890,10.3615400],[46.4893060,10.3615500],[46.4896270,10.3614610],[46.4897210,10.3614410],[46.4898820,10.3613360],[46.4899720,10.3611940],[46.4902980,10.3609970],[46.4903830,10.3608070],[46.4905990,10.3607740],[46.4907880,10.3606060],[46.4909940,10.3607150],[46.4911210,10.3607390],[46.4912810,10.3605980],[46.4915070,10.3602140],[46.4916420,10.3595260],[46.4917500,10.3593240],[46.4918000,10.3592070],[46.4918880,10.3591410],[46.4920070,10.3593700],[46.4921890,10.3594010],[46.4922840,10.3593700],[46.4921890,10.3594010],[46.4920070,10.3593700],[46.4919260,10.3591790],[46.4918000,10.3592070],[46.4917500,10.3593240],[46.4916810,10.3594110],[46.4915070,10.3602140],[46.4912810,10.3605980],[46.4911930,10.3606870],[46.4909940,10.3607150],[46.4907880,10.3606060],[46.4905990,10.3607740],[46.4903920,10.3606860],[46.4904470,10.3605150],[46.4903730,10.3604340],[46.4902270,10.3604980],[46.4900290,10.3605730],[46.4895230,10.3605180],[46.4890240,10.3602710],[46.4886250,10.3601930],[46.4882140,10.3600590],[46.4878890,10.3598790],[46.4877010,10.3596260],[46.4873230,10.3596760],[46.4870570,10.3598700],[46.4868680,10.3599210],[46.4866610,10.3599020],[46.4861640,10.3595930],[46.4859680,10.3594260],[46.4858010,10.3593640],[46.4854020,10.3593690],[46.4851860,10.3594460],[46.4850720,10.3594530],[46.4849740,10.3594300],[46.4849840,10.3591550],[46.4849250,10.3584020],[46.4848630,10.3582860],[46.4845810,10.3579160],[46.4844590,10.3577000],[46.4843440,10.3573970],[46.4840990,10.3571820],[46.4839730,10.3570160],[46.4839160,10.3567090],[46.4838910,10.3559520],[46.4838290,10.3558080],[46.4837210,10.3556790],[46.4834590,10.3554100],[46.4829910,10.3549080],[46.4829740,10.3547200],[46.4830360,10.3545240],[46.4833360,10.3541720],[46.4836700,10.3541070],[46.4837660,10.3540430],[46.4839240,10.3537860],[46.4840380,10.3536470],[46.4841450,10.3533490],[46.4838320,10.3530740],[46.4837020,10.3528980],[46.4836760,10.3527300],[46.4839380,10.3525250],[46.4837760,10.3523180],[46.4837310,10.3521170],[46.4838590,10.3517340],[46.4841000,10.3513610],[46.4843170,10.3508600],[46.4844150,10.3505570],[46.4844480,10.3503110],[46.4843940,10.3502180],[46.4842180,10.3501790],[46.4841160,10.3501640],[46.4838620,10.3505910],[46.4837540,10.3506860],[46.4835540,10.3508590],[46.4833820,10.3509240],[46.4832290,10.3510360],[46.4821100,10.3521750],[46.4816690,10.3526240],[46.4814230,10.3528170],[46.4810880,10.3526640],[46.4805410,10.3519840],[46.4805270,10.3518180],[46.4806000,10.3516640],[46.4807360,10.3515060],[46.4808990,10.3513920],[46.4811440,10.3514210],[46.4812590,10.3511730],[46.4812770,10.3509850],[46.4810750,10.3509960],[46.4809870,10.3509520],[46.4804880,10.3508730],[46.4802530,10.3507460],[46.4800190,10.3506990],[46.4797020,10.3511810],[46.4795200,10.3515630],[46.4790890,10.3522690],[46.4789090,10.3522670],[46.4785700,10.3526550],[46.4781860,10.3532170],[46.4775340,10.3538620],[46.4763730,10.3544050],[46.4761790,10.3545430],[46.4757490,10.3545740],[46.4754500,10.3543850],[46.4750470,10.3541850],[46.4746090,10.3542870],[46.4743750,10.3542350],[46.4742330,10.3541850],[46.4740450,10.3542760],[46.4739890,10.3541710],[46.4734410,10.3543690],[46.4732380,10.3543610],[46.4726940,10.3540790],[46.4718590,10.3538470],[46.4713540,10.3532270],[46.4715910,10.3531790],[46.4717040,10.3532080],[46.4718640,10.3533620],[46.4721040,10.3534200],[46.4721040,10.3534200],[46.4718640,10.3533620],[46.4717040,10.3532080],[46.4715910,10.3531790],[46.4714100,10.3531900],[46.4712330,10.3531790],[46.4706320,10.3530810],[46.4703810,10.3529730],[46.4697970,10.3525570],[46.4694080,10.3519550],[46.4671460,10.3506200],[46.4658070,10.3497230],[46.4656400,10.3497010],[46.4652220,10.3494750],[46.4648010,10.3491020],[46.4645010,10.3489760],[46.4638930,10.3485650],[46.4635940,10.3483940],[46.4633890,10.3481840],[46.4631010,10.3474990],[46.4630210,10.3473090],[46.4627520,10.3474670],[46.4623670,10.3476150],[46.4617520,10.3475350],[46.4614100,10.3474180],[46.4613240,10.3473350],[46.4611900,10.3470450],[46.4610360,10.3469120],[46.4602300,10.3465830],[46.4600460,10.3465730],[46.4597870,10.3468220],[46.4596220,10.3469070],[46.4594870,10.3469390],[46.4593460,10.3466980],[46.4591290,10.3456300],[46.4590130,10.3449810],[46.4590490,10.3445640],[46.4590140,10.3442780],[46.4589360,10.3437510],[46.4587950,10.3436310],[46.4583350,10.3442600],[46.4579790,10.3444540],[46.4576870,10.3447110],[46.4574060,10.3451470],[46.4567120,10.3473460],[46.4566040,10.3474800],[46.4563470,10.3473190],[46.4561650,10.3472790],[46.4560030,10.3471020],[46.4559100,10.3469360],[46.4557990,10.3468900],[46.4556250,10.3470920],[46.4552650,10.3474260],[46.4549560,10.3478550],[46.4545370,10.3486200],[46.4542750,10.3487420],[46.4541210,10.3486580],[46.4539510,10.3486140],[46.4537580,10.3487680],[46.4535770,10.3487770],[46.4533090,10.3489570],[46.4530210,10.3490760],[46.4528740,10.3492330],[46.4528070,10.3494240],[46.4526260,10.3497000],[46.4524500,10.3497880],[46.4520610,10.3498890],[46.4513210,10.3497550],[46.4509560,10.3497800],[46.4507870,10.3498230],[46.4504520,10.3497140],[46.4500530,10.3501630],[46.4498970,10.3505420],[46.4494250,10.3507200],[46.4490090,10.3507180],[46.4482630,10.3512070],[46.4480910,10.3512470],[46.4478530,10.3512410],[46.4476960,10.3512950],[46.4472170,10.3509850],[46.4467140,10.3511410],[46.4460430,10.3514890],[46.4458630,10.3514890],[46.4455230,10.3519610],[46.4451820,10.3520330],[46.4449290,10.3521480],[46.4445530,10.3522660],[46.4444880,10.3524150],[46.4449240,10.3525800],[46.4453190,10.3527310],[46.4457010,10.3529830],[46.4461520,10.3535410],[46.4469900,10.3541430],[46.4471740,10.3543380],[46.4472540,10.3545860],[46.4473910,10.3548010],[46.4474540,10.3549850],[46.4476430,10.3551000],[46.4479810,10.3553430],[46.4486460,10.3553650],[46.4488610,10.3555260],[46.4491260,10.3556580],[46.4492510,10.3557990],[46.4495210,10.3558590],[46.4498690,10.3559770],[46.4502010,10.3561730],[46.4504420,10.3561830],[46.4510010,10.3563260],[46.4513110,10.3565660],[46.4514420,10.3567040],[46.4515880,10.3567840],[46.4519460,10.3567310],[46.4524070,10.3569170],[46.4526840,10.3569460],[46.4530300,10.3569100],[46.4536940,10.3568620],[46.4539630,10.3568660],[46.4541510,10.3569150],[46.4546040,10.3571010],[46.4552470,10.3571850],[46.4558970,10.3573410],[46.4560250,10.3573750],[46.4564110,10.3574670],[46.4568980,10.3574590],[46.4572880,10.3573900],[46.4575150,10.3574070],[46.4583180,10.3574420],[46.4585800,10.3575200],[46.4589030,10.3576870],[46.4589830,10.3577530],[46.4590390,10.3578620],[46.4591010,10.3580650],[46.4591640,10.3583480],[46.4595380,10.3582240],[46.4599800,10.3580160],[46.4602510,10.3577840],[46.4604390,10.3575440],[46.4606130,10.3574070],[46.4607780,10.3573330],[46.4610360,10.3573460],[46.4613110,10.3575160],[46.4613980,10.3577170],[46.4616520,10.3585860],[46.4617700,10.3588040],[46.4621560,10.3593150],[46.4625880,10.3595620],[46.4629740,10.3597070],[46.4633950,10.3596680],[46.4635340,10.3595900],[46.4637300,10.3594780],[46.4642350,10.3588590],[46.4643160,10.3593700],[46.4643890,10.3598700],[46.4644620,10.3603030],[46.4646370,10.3613410],[46.4648050,10.3623400],[46.4650480,10.3650270],[46.4652880,10.3655990],[46.4655110,10.3661900],[46.4657270,10.3669750],[46.4663630,10.3690220],[46.4666130,10.3699760],[46.4667540,10.3703010],[46.4668250,10.3705570],[46.4669190,10.3711290],[46.4664770,10.3707200],[46.4663460,10.3705850],[46.4662690,10.3706730],[46.4663810,10.3709530],[46.4665520,10.3712730],[46.4665970,10.3714650],[46.4665550,10.3716440],[46.4663580,10.3723570],[46.4664430,10.3726710],[46.4664530,10.3731930],[46.4664530,10.3735940],[46.4664970,10.3741400],[46.4665350,10.3746330]],\r\n\t\t\t\t\tgraphDist          : [0.00,0.03,0.08,0.11,0.16,0.17,0.20,0.24,0.29,0.33,0.36,0.39,0.40,0.46,0.49,0.53,0.55,0.59,0.62,0.66,0.68,0.72,0.78,0.80,0.85,0.87,0.98,1.02,1.11,1.17,1.19,1.25,1.30,1.59,1.61,1.62,1.65,1.74,1.77,1.78,1.90,1.94,1.95,2.04,2.07,2.12,2.13,2.17,2.23,2.28,2.30,2.35,2.36,2.38,2.43,2.50,2.60,2.75,2.76,2.78,2.83,2.84,2.86,2.94,2.98,2.99,3.04,3.12,3.13,3.19,3.21,3.25,3.30,3.34,3.36,3.39,3.40,3.42,3.49,3.56,3.65,3.68,3.75,3.76,3.79,3.80,3.81,3.84,3.85,3.87,3.88,3.89,3.92,3.96,3.98,4.00,4.01,4.03,4.04,4.05,4.08,4.11,4.15,4.16,4.17,4.19,4.20,4.23,4.24,4.25,4.28,4.29,4.36,4.39,4.48,4.55,4.62,4.64,4.65,4.68,4.70,4.74,4.79,4.83,4.85,4.90,4.91,4.93,4.96,4.98,5.01,5.03,5.05,5.08,5.10,5.13,5.17,5.19,5.22,5.24,5.27,5.30,5.34,5.35,5.37,5.38,5.42,5.44,5.47,5.49,5.52,5.53,5.55,5.59,5.65,5.67,5.68,5.69,5.71,5.73,5.74,5.76,5.78,5.80,5.82,5.83,5.84,5.90,5.94,5.95,5.98,6.00,6.02,6.05,6.06,6.07,6.09,6.11,6.17,6.23,6.27,6.32,6.36,6.39,6.43,6.46,6.49,6.51,6.57,6.60,6.62,6.66,6.68,6.70,6.71,6.73,6.79,6.80,6.84,6.86,6.89,6.92,6.94,6.97,7.02,7.04,7.05,7.09,7.15,7.17,7.18,7.23,7.27,7.28,7.30,7.32,7.35,7.39,7.41,7.42,7.46,7.48,7.50,7.53,7.57,7.61,7.64,7.66,7.67,7.69,7.70,7.74,7.76,7.78,7.80,7.82,7.97,8.03,8.07,8.10,8.19,8.20,8.21,8.23,8.25,8.28,8.30,8.32,8.34,8.35,8.41,8.44,8.46,8.51,8.55,8.62,8.64,8.69,8.75,8.84,8.98,9.00,9.05,9.09,9.13,9.18,9.21,9.22,9.25,9.26,9.32,9.34,9.41,9.50,9.58,9.60,9.62,9.64,9.67,9.68,9.70,9.73,9.74,9.76,9.78,9.85,9.88,9.95,10.01,10.28,10.45,10.47,10.52,10.57,10.61,10.68,10.72,10.74,10.80,10.82,10.86,10.91,10.97,11.01,11.02,11.05,11.07,11.16,11.18,11.22,11.24,11.25,11.28,11.36,11.42,11.45,11.47,11.51,11.53,11.60,11.64,11.68,11.73,11.91,11.93,11.96,11.98,12.00,12.02,12.03,12.06,12.10,12.15,12.23,12.26,12.28,12.30,12.32,12.34,12.37,12.41,12.43,12.44,12.47,12.49,12.54,12.62,12.66,12.68,12.72,12.77,12.81,12.86,12.91,13.00,13.02,13.05,13.06,13.12,13.18,13.26,13.28,13.33,13.37,13.40,13.45,13.46,13.51,13.56,13.61,13.68,13.78,13.81,13.83,13.85,13.87,13.89,13.94,14.01,14.04,14.07,14.09,14.12,14.16,14.20,14.23,14.29,14.33,14.35,14.37,14.41,14.46,14.49,14.53,14.60,14.63,14.65,14.71,14.78,14.85,14.86,14.91,14.96,15.01,15.03,15.12,15.15,15.19,15.20,15.21,15.23,15.25,15.29,15.34,15.38,15.41,15.43,15.45,15.48,15.51,15.53,15.60,15.62,15.68,15.73,15.78,15.82,15.84,15.86,15.94,15.98,16.01,16.05,16.13,16.21,16.42,16.47,16.52,16.58,16.76,16.83,16.86,16.89,16.93,16.99,17.01,17.02,17.04,17.07,17.09,17.10,17.16,17.19,17.23,17.26,17.30,17.34],\r\n\t\t\t\t\tgraphEle           : [1203.35,1203.35,1203.35,1203.63,1204.73,1205.19,1205.88,1206.72,1208.12,1209.81,1211.15,1212.56,1213.42,1216.34,1217.82,1220.02,1221.92,1224.79,1227.14,1230.29,1231.25,1234.55,1238.61,1240.21,1244.25,1245.44,1252.75,1255.34,1261.43,1264.78,1265.74,1269.15,1271.93,1288.18,1288.85,1289.64,1291.07,1294.36,1295.09,1295.41,1298.17,1299.02,1299.24,1300.72,1301.22,1302.08,1302.41,1303.15,1304.56,1305.63,1305.93,1308.21,1308.74,1309.45,1311.47,1314.51,1320.43,1328.82,1329.49,1330.36,1333.25,1333.86,1335.08,1339.49,1341.75,1342.47,1345.50,1350.52,1351.42,1355.62,1356.69,1359.59,1363.10,1366.33,1367.87,1370.48,1371.55,1373.46,1378.85,1384.21,1390.67,1393.37,1396.61,1396.96,1397.67,1398.08,1398.42,1399.39,1399.85,1400.28,1400.62,1400.99,1401.57,1401.61,1401.63,1401.65,1401.66,1401.68,1401.69,1401.71,1401.73,1401.50,1400.67,1400.25,1399.97,1399.62,1399.25,1398.47,1398.19,1397.86,1397.28,1397.00,1392.91,1390.37,1384.32,1378.96,1373.77,1371.92,1370.89,1368.37,1366.89,1364.68,1362.11,1360.00,1359.21,1356.53,1355.96,1355.65,1355.19,1354.86,1354.41,1354.06,1353.68,1353.19,1352.89,1352.53,1352.09,1351.75,1351.46,1351.16,1350.74,1350.43,1350.00,1349.88,1349.65,1349.48,1349.02,1348.82,1348.43,1348.15,1348.00,1347.98,1347.96,1347.91,1347.85,1347.83,1347.82,1347.80,1347.72,1347.48,1347.35,1347.12,1346.88,1346.67,1346.48,1346.36,1346.24,1345.48,1343.80,1343.24,1342.14,1340.98,1339.81,1338.67,1337.99,1337.50,1336.65,1335.39,1331.37,1327.18,1323.98,1320.74,1318.23,1316.39,1313.66,1311.52,1310.13,1308.46,1303.64,1301.62,1300.08,1296.53,1294.55,1293.53,1292.57,1290.38,1284.35,1283.18,1278.79,1276.56,1273.81,1270.53,1268.60,1266.12,1260.21,1258.89,1257.30,1253.67,1248.94,1248.07,1247.09,1244.55,1242.32,1241.63,1240.06,1239.65,1239.64,1239.61,1239.60,1239.59,1239.57,1239.56,1239.55,1239.84,1240.45,1241.15,1241.55,1241.85,1242.01,1242.31,1242.49,1243.94,1244.48,1245.48,1246.25,1246.99,1255.99,1261.21,1263.92,1267.33,1278.33,1280.14,1282.16,1284.90,1287.74,1291.60,1294.89,1297.04,1300.57,1302.20,1310.97,1315.35,1319.48,1327.50,1332.53,1342.74,1345.57,1352.36,1358.86,1366.28,1375.33,1376.39,1378.49,1380.08,1382.08,1383.99,1385.01,1385.63,1386.48,1386.96,1389.43,1390.56,1393.79,1398.53,1401.29,1402.22,1402.66,1403.39,1404.32,1404.71,1405.64,1406.33,1406.71,1407.30,1407.91,1409.88,1410.73,1413.51,1416.79,1431.91,1441.92,1443.08,1446.15,1449.76,1452.06,1456.99,1459.36,1460.16,1461.54,1461.93,1462.81,1463.81,1462.20,1460.82,1460.42,1459.47,1458.77,1456.34,1456.01,1455.46,1455.15,1454.90,1454.51,1455.56,1457.53,1458.77,1459.63,1461.22,1461.54,1461.48,1461.44,1461.40,1461.05,1451.58,1450.68,1448.89,1447.73,1446.45,1445.51,1444.76,1443.35,1440.64,1437.56,1432.42,1430.32,1429.07,1427.75,1426.07,1425.12,1423.59,1422.04,1421.09,1420.33,1418.97,1418.01,1416.21,1413.65,1412.39,1411.80,1410.62,1406.37,1403.73,1399.50,1395.90,1387.00,1385.05,1382.38,1380.57,1374.68,1367.91,1358.53,1356.16,1349.49,1343.10,1338.18,1331.04,1328.23,1319.81,1309.99,1299.03,1283.55,1259.37,1253.54,1248.71,1243.55,1239.92,1234.68,1225.03,1212.41,1207.85,1202.58,1199.59,1194.45,1188.93,1184.81,1181.84,1175.32,1171.28,1169.91,1169.30,1167.87,1165.98,1164.89,1163.52,1163.31,1163.44,1163.52,1163.74,1164.39,1165.42,1165.62,1166.23,1166.79,1167.02,1167.16,1167.63,1167.74,1167.77,1167.77,1167.78,1167.79,1167.81,1167.84,1167.90,1168.26,1168.55,1168.78,1168.97,1169.27,1169.61,1169.79,1170.75,1171.05,1171.86,1172.58,1173.22,1173.91,1174.15,1174.49,1175.57,1176.46,1177.37,1178.17,1180.07,1182.03,1187.07,1188.25,1189.43,1190.91,1194.70,1195.98,1196.46,1196.81,1197.55,1197.96,1198.04,1198.10,1198.23,1198.39,1198.46,1198.54,1198.71,1198.71,1198.71,1198.71,1198.71,1198.71],\r\n\t\t\t\t\tgraphSpeed         : [],\r\n\t\t\t\t\tgraphHr            : [],\r\n\t\t\t\t\tgraphAtemp         : [],\r\n\t\t\t\t\tgraphCad           : [],\r\n\t\t\t\t\tgraphGrade         : [],\r\n\t\t\t\t\twaypoints          : [],\r\n\t\t\t\t\tunit               : \"2\",\r\n\t\t\t\t\tunitspeed          : \"0\",\r\n\t\t\t\t\tcolor1             : [\"#3366cc\"],\r\n\t\t\t\t\tcolor2             : \"#3366cc\",\r\n\t\t\t\t\tcolor3             : \"#ff0000\",\r\n\t\t\t\t\tcolor4             : \"#ff77bd\",\r\n\t\t\t\t\tcolor5             : \"#beecff\",\r\n\t\t\t\t\tcolor6             : \"#beecff\",\r\n\t\t\t\t\tcolor7             : \"#ff77bd\",\r\n\t\t\t\t\tchartFrom1         : \"\",\r\n\t\t\t\t\tchartTo1           : \"\",\r\n\t\t\t\t\tchartFrom2         : \"\",\r\n\t\t\t\t\tchartTo2           : \"\",\r\n\t\t\t\t\tstartIcon          : \"\",\r\n\t\t\t\t\tendIcon            : \"\",\r\n\t\t\t\t\tcurrentIcon        : \"\",\r\n\t\t\t\t\twaypointIcon       : \"https:\/\/lavia.cc\/gpx\/wp-content\/uploads\/gpx\/cropped-icona.ico\",\r\n\t\t\t\t\tcurrentpositioncon : \"\",\r\n\t\t\t\t\tusegpsposition     : \"\",\r\n\t\t\t\t\tzoomOnScrollWheel  : \"\",\r\n\t\t\t\t\tngGalleries        : [],\r\n\t\t\t\t\tngImages           : [],\r\n\t\t\t\t\tpluginUrl          : \"https:\/\/lavia.cc\/gpx\/wp-content\/plugins\",\r\n\t\t\t\t\tTFApiKey           : \"\",\r\n\t\t\t\t\tMapBoxApiKey           : \"\",\r\n\t\t\t\t\tlangs              : {\r\n\t\t\t\t\t\taltitude        : \"Altitudine\",\r\n\t\t\t\t\t\tcurrentPosition : \"Current position\",\r\n\t\t\t\t\t\tspeed           : \"Velocit\u00e0\",\r\n\t\t\t\t\t\tgrade           : \"Grade\",\r\n\t\t\t\t\t\theartRate       : \"Battito Cardiaco\",\r\n\t\t\t\t\t\tatemp           : \"Temperature\",\r\n\t\t\t\t\t\tcadence         : \"Cadenza\",\r\n\t\t\t\t\t\tgoFullScreen    : \"Go full screen\",\r\n\t\t\t\t\t\texitFullFcreen  : \"Exit full screen\",\r\n\t\t\t\t\t\thideImages      : \"Hide images\",\r\n\t\t\t\t\t\tshowImages      : \"Show images\",\r\n\t\t\t\t\t\tbackToCenter\t: \"Ritorna al centro della mappa\"\r\n\t\t\t\t\t}\r\n\t\t\t\t});\r\n\r\n\t\t\t});\r\n\r\n\t\t<\/script>\n<p>\ud83d\udfe2 Segui\u00a0<strong>LAVIA,<\/strong>\u00a0arriva alla\u00a0<strong>META<\/strong>!<\/p>\n","protected":false},"excerpt":{"rendered":"<p><strong>\ud83d\udccd Una traccia di <a href=\"https:\/\/lavia.cc\/gpx\/pietro-franzese\/\" target=\"_blank\" rel=\"noopener\">PIETRO FRANZESE<\/a><\/strong><\/p>\n<p>Se sei alla ricerca di un percorso gravel a due passi da Bormio questa traccia fa al caso tuo. Si parte dal centro storico e si sale fino ai bagni nuovi e vecchi per poi scendere su una strada forestale verso la fonte pliniana, una sorgente di acqua purissima che esce dal cuore della montagna a 38 gradi. Salutata la fonte si scende verso l&#8217;asfalto e si risale verso il borgo di Oga, dal quale la vista su Bormio \u00e8 davvero mozzafiato! Ma le emozioni non sono finite perch\u00e9 la discesa sulla forestale qui \u00e8 bella croccante e ci riporta a valle dove si interseca con il sentiero Valtellina dove prima di tornare verso il paese ti consiglio una sosta al bici grill <a class=\"x1i10hfl xjbqb8w x1ejq31n xd10rxx x1sy0etr x17r0tee x972fbf xcfux6l x1qhh985 xm0m39n x9f619 x1ypdohk xt0psk2 xe8uvvx xdj266r x11i5rnm xat24cr x1mh8g0r xexx8yu x4uap5 x18d9i69 xkhd6sd x16tdsg8 x1hl2dhg xggy1nq x1a2a7pz notranslate _a6hd\" tabindex=\"0\" role=\"link\" href=\"https:\/\/www.instagram.com\/alfiume_apresbike_bormio\/?hl=it\">@alfiume_apresbike_bormio<\/a>.<\/p>\n<p>\ud83d\udfe2 Segui\u00a0<strong>LAVIA,<\/strong>\u00a0arriva alla\u00a0<strong>META<\/strong>!<\/p>\n","protected":false},"featured_media":14337,"comment_status":"open","ping_status":"closed","template":"","meta":[],"product_brand":[],"product_cat":[28],"product_tag":[1323,73,231,1129],"class_list":{"0":"post-14336","1":"product","2":"type-product","3":"status-publish","4":"has-post-thumbnail","6":"product_cat-gravel","7":"product_tag-bormio","8":"product_tag-lombardia","9":"product_tag-sondrio","10":"product_tag-valtellina","12":"first","13":"instock","14":"downloadable","15":"virtual","16":"product-type-simple"},"_links":{"self":[{"href":"https:\/\/lavia.cc\/gpx\/wp-json\/wp\/v2\/product\/14336","targetHints":{"allow":["GET"]}}],"collection":[{"href":"https:\/\/lavia.cc\/gpx\/wp-json\/wp\/v2\/product"}],"about":[{"href":"https:\/\/lavia.cc\/gpx\/wp-json\/wp\/v2\/types\/product"}],"replies":[{"embeddable":true,"href":"https:\/\/lavia.cc\/gpx\/wp-json\/wp\/v2\/comments?post=14336"}],"version-history":[{"count":3,"href":"https:\/\/lavia.cc\/gpx\/wp-json\/wp\/v2\/product\/14336\/revisions"}],"predecessor-version":[{"id":14344,"href":"https:\/\/lavia.cc\/gpx\/wp-json\/wp\/v2\/product\/14336\/revisions\/14344"}],"wp:featuredmedia":[{"embeddable":true,"href":"https:\/\/lavia.cc\/gpx\/wp-json\/wp\/v2\/media\/14337"}],"wp:attachment":[{"href":"https:\/\/lavia.cc\/gpx\/wp-json\/wp\/v2\/media?parent=14336"}],"wp:term":[{"taxonomy":"product_brand","embeddable":true,"href":"https:\/\/lavia.cc\/gpx\/wp-json\/wp\/v2\/product_brand?post=14336"},{"taxonomy":"product_cat","embeddable":true,"href":"https:\/\/lavia.cc\/gpx\/wp-json\/wp\/v2\/product_cat?post=14336"},{"taxonomy":"product_tag","embeddable":true,"href":"https:\/\/lavia.cc\/gpx\/wp-json\/wp\/v2\/product_tag?post=14336"}],"curies":[{"name":"wp","href":"https:\/\/api.w.org\/{rel}","templated":true}]}}