{"id":15154,"date":"2024-08-02T17:48:09","date_gmt":"2024-08-02T15:48:09","guid":{"rendered":"https:\/\/lavia.cc\/gpx\/?post_type=product&#038;p=15154"},"modified":"2024-08-25T16:09:24","modified_gmt":"2024-08-25T14:09:24","slug":"seealpsee-gemma-nelle-alpi-svizzere","status":"publish","type":"product","link":"https:\/\/lavia.cc\/gpx\/tracce\/seealpsee-gemma-nelle-alpi-svizzere\/","title":{"rendered":"Seealpsee: la gemma incastonata nelle Alpi Svizzere"},"content":{"rendered":"<h5>Seealpsee: la gemma incastonata nelle Alpi Svizzere<\/h5>\n<p>\u27a1\ufe0f Clicca qui per raggiungere il punto di partenza:\u00a0<a href=\"https:\/\/www.google.it\/maps\/place\/Luftseilbahn+Wasserauen-Ebenalp+AG\/@47.2861175,9.4260295,17z\/data=!4m10!1m2!2m1!1sWasserauen+funivia!3m6!1s0x479b268fffffffff:0xcd69d6923abe1e76!8m2!3d47.2866667!4d9.4286111!15sChJXYXNzZXJhdWVuIGZ1bml2aWFaFCISd2Fzc2VyYXVlbiBmdW5pdmlhkgESbW91bnRhaW5fY2FibGVfY2FymgEjQ2haRFNVaE5NRzluUzBWSlEwRm5TVVJYY0hKNVpFWlJFQUXgAQA!16s%2Fg%2F1tg5b209?entry=ttu\" target=\"_blank\" rel=\"noopener\">GOOGLE MAPS<\/a> (Wasserauen, parcheggio funivia).<\/p>\n<p>\ud83d\udd5c Periodo consigliato: da Maggio a Settembre.<\/p>\n<p>\ud83d\uddfa\ufe0f Mappa e altimetria dell&#8217;<a href=\"https:\/\/lavia.cc\/gpx\/categoria-tracce\/escursionismo\/\" target=\"_blank\" rel=\"noopener\">escursione<\/a> al <strong>Seealpsee<\/strong> nel Canton Alpenzello Interno:<\/p>\n\r\n\t\t<div id=\"wpgpxmaps_15154_1089104\" class=\"wpgpxmaps\">\r\n\t\t\t<div id=\"map_15154_1089104_cont\" style=\"width:100%; height:450px;position:relative\" >\r\n\t\t\t\t<div id=\"map_15154_1089104\" style=\"width:100%; height:450px\"><\/div>\r\n\t\t\t\t<div id=\"wpgpxmaps_15154_1089104_osm_footer\" class=\"wpgpxmaps_osm_footer\" style=\"display:none;\"><span> &copy; <a href=\"http:\/\/www.openstreetmap.org\/copyright\" target=\"_blank\" rel=\"noopener\">OpenStreetMap<\/a> contributors<\/span><\/div>\r\n\t\t\t<\/div>\r\n\t\t\t<canvas id=\"myChart_15154_1089104\" class=\"plot\" style=\"width:100%; height:200px\"><\/canvas>\r\n\t\t\t<div id=\"ngimages_15154_1089104\" class=\"ngimages\" style=\"display:none\"><\/div>\r\n\t\t\t<div id=\"report_15154_1089104\" class=\"report\"><\/div>\r\n\t\t<\/div>\r\n\t\t\r\n\t\t<script type=\"text\/javascript\">\r\n\r\n\t\t\tjQuery(document).ready(function() {\r\n\r\n\t\t\t\tjQuery( \"#wpgpxmaps_15154_1089104\" ).wpgpxmaps( {\r\n\t\t\t\t\ttargetId           : \"15154_1089104\",\r\n\t\t\t\t\tmapType            : \"HYBRID\",\r\n\t\t\t\t\tmapData            : [[47.2860850,9.4300340],[47.2856980,9.4295640],[47.2855480,9.4293950],[47.2853740,9.4290810],[47.2851000,9.4285500],[47.2848350,9.4281530],[47.2843380,9.4275420],[47.2843590,9.4273950],[47.2844700,9.4272380],[47.2847590,9.4275880],[47.2851090,9.4279810],[47.2851670,9.4278790],[47.2858370,9.4285340],[47.2861760,9.4288730],[47.2862690,9.4286830],[47.2863230,9.4285650],[47.2864310,9.4286750],[47.2865410,9.4286430],[47.2866400,9.4286183],[47.2866091,9.4282302],[47.2864850,9.4272483],[47.2857705,9.4210112],[47.2851281,9.4155997],[47.2846744,9.4116419],[47.2846847,9.4113233],[47.2847570,9.4114320],[47.2848080,9.4116380],[47.2848190,9.4118300],[47.2848970,9.4120380],[47.2849800,9.4123680],[47.2850380,9.4127490],[47.2850540,9.4129460],[47.2851550,9.4131760],[47.2851690,9.4133840],[47.2851890,9.4135450],[47.2856780,9.4134960],[47.2856550,9.4139120],[47.2856320,9.4141210],[47.2856600,9.4142470],[47.2856540,9.4143230],[47.2856420,9.4144830],[47.2855530,9.4145340],[47.2854580,9.4145250],[47.2854020,9.4144680],[47.2852840,9.4144450],[47.2851450,9.4144680],[47.2850270,9.4144540],[47.2847460,9.4144280],[47.2844110,9.4146080],[47.2843410,9.4149770],[47.2844110,9.4146080],[47.2843380,9.4149930],[47.2843240,9.4150230],[47.2840655,9.4151196],[47.2840200,9.4151384],[47.2839243,9.4151146],[47.2837403,9.4150349],[47.2836875,9.4149553],[47.2836541,9.4148794],[47.2835936,9.4148017],[47.2835331,9.4147049],[47.2834405,9.4145020],[47.2834379,9.4146205],[47.2834380,9.4147480],[47.2834560,9.4148360],[47.2834950,9.4149100],[47.2833880,9.4148040],[47.2833070,9.4146280],[47.2832710,9.4145080],[47.2832220,9.4143990],[47.2831500,9.4142700],[47.2830880,9.4140690],[47.2830600,9.4138950],[47.2830060,9.4134230],[47.2829600,9.4133360],[47.2828560,9.4131830],[47.2826830,9.4130620],[47.2826617,9.4130200],[47.2826200,9.4129017],[47.2825767,9.4127967],[47.2825183,9.4127333],[47.2824717,9.4126333],[47.2824570,9.4126300],[47.2822060,9.4124600],[47.2821020,9.4124240],[47.2819580,9.4122910],[47.2818690,9.4122240],[47.2817870,9.4121420],[47.2817430,9.4120430],[47.2816090,9.4119440],[47.2814110,9.4119250],[47.2813150,9.4118690],[47.2812120,9.4117890],[47.2811000,9.4117250],[47.2809670,9.4115660],[47.2809450,9.4116720],[47.2809890,9.4119390],[47.2808710,9.4117180],[47.2808060,9.4118620],[47.2807180,9.4117530],[47.2807050,9.4115840],[47.2806800,9.4114540],[47.2805470,9.4113980],[47.2803850,9.4113490],[47.2802650,9.4113140],[47.2799940,9.4112070],[47.2798820,9.4111600],[47.2797780,9.4110370],[47.2797250,9.4109190],[47.2797120,9.4108740],[47.2796590,9.4108910],[47.2796870,9.4107690],[47.2795990,9.4108460],[47.2796380,9.4107690],[47.2796500,9.4106500],[47.2795420,9.4105570],[47.2794710,9.4105200],[47.2793410,9.4103690],[47.2792920,9.4104140],[47.2791930,9.4102800],[47.2791380,9.4102980],[47.2789330,9.4100680],[47.2789430,9.4102410],[47.2788510,9.4101860],[47.2787630,9.4101230],[47.2786860,9.4100290],[47.2785830,9.4100080],[47.2785000,9.4100170],[47.2785250,9.4101420],[47.2784250,9.4100570],[47.2783520,9.4100540],[47.2784030,9.4102170],[47.2783020,9.4100940],[47.2783340,9.4102420],[47.2782110,9.4101610],[47.2781350,9.4101140],[47.2780450,9.4100290],[47.2779940,9.4098680],[47.2779200,9.4096860],[47.2778450,9.4095650],[47.2777680,9.4095000],[47.2776800,9.4094240],[47.2776130,9.4093080],[47.2775030,9.4090690],[47.2774110,9.4088490],[47.2773370,9.4087320],[47.2773000,9.4087980],[47.2772280,9.4086300],[47.2771310,9.4085530],[47.2770370,9.4083390],[47.2769380,9.4081780],[47.2768310,9.4081630],[47.2767350,9.4081430],[47.2767860,9.4082670],[47.2766390,9.4082470],[47.2767160,9.4084320],[47.2766940,9.4085180],[47.2765510,9.4084890],[47.2764670,9.4084560],[47.2764030,9.4083380],[47.2763310,9.4082570],[47.2762440,9.4082520],[47.2761000,9.4081480],[47.2759760,9.4080000],[47.2759410,9.4078830],[47.2757760,9.4076560],[47.2756550,9.4075960],[47.2755050,9.4073540],[47.2754040,9.4072370],[47.2752090,9.4071770],[47.2751360,9.4071310],[47.2749000,9.4070400],[47.2746670,9.4068590],[47.2745740,9.4067650],[47.2744720,9.4067060],[47.2743350,9.4066860],[47.2742400,9.4066490],[47.2741370,9.4065490],[47.2740580,9.4064650],[47.2739120,9.4063730],[47.2737280,9.4062180],[47.2736500,9.4061460],[47.2735910,9.4058890],[47.2734860,9.4058870],[47.2733940,9.4057960],[47.2733050,9.4057150],[47.2732180,9.4056180],[47.2731370,9.4056350],[47.2729500,9.4055940],[47.2727320,9.4055430],[47.2726040,9.4054480],[47.2725470,9.4053290],[47.2724890,9.4052090],[47.2722740,9.4051440],[47.2721450,9.4051120],[47.2718940,9.4048980],[47.2718120,9.4048420],[47.2716400,9.4046580],[47.2715380,9.4045910],[47.2711600,9.4039160],[47.2709780,9.4035440],[47.2708850,9.4033370],[47.2708340,9.4032220],[47.2707620,9.4031320],[47.2706280,9.4030650],[47.2704410,9.4027970],[47.2702430,9.4025230],[47.2701340,9.4025200],[47.2700450,9.4024980],[47.2699250,9.4024660],[47.2698360,9.4024190],[47.2697900,9.4023840],[47.2698360,9.4024190],[47.2699250,9.4024660],[47.2700240,9.4024930],[47.2700470,9.4021410],[47.2700300,9.4019110],[47.2700240,9.4015740],[47.2700810,9.4010230],[47.2701400,9.4005090],[47.2701070,9.4003350],[47.2699430,9.3998970],[47.2698610,9.3998110],[47.2697220,9.3997220],[47.2696450,9.3996920],[47.2695170,9.3996420],[47.2694180,9.3995900],[47.2693130,9.3994560],[47.2692340,9.3992820],[47.2691070,9.3989980],[47.2690520,9.3988350],[47.2690180,9.3985820],[47.2690170,9.3981960],[47.2688570,9.3972790],[47.2688150,9.3971520],[47.2684520,9.3968620],[47.2683160,9.3967430],[47.2682140,9.3966290],[47.2681490,9.3965110],[47.2680710,9.3963070],[47.2679570,9.3960560],[47.2677970,9.3956300],[47.2677010,9.3956010],[47.2675460,9.3956530],[47.2674350,9.3956420],[47.2673050,9.3957750],[47.2671090,9.3960340],[47.2670090,9.3961550],[47.2667520,9.3964370],[47.2665610,9.3967240],[47.2663920,9.3969190],[47.2663440,9.3971350],[47.2663440,9.3972900],[47.2663650,9.3973283],[47.2664417,9.3973767],[47.2665267,9.3974150],[47.2666217,9.3974900],[47.2666650,9.3975200],[47.2668420,9.3977240],[47.2669830,9.3978990],[47.2670560,9.3980380],[47.2671200,9.3983160],[47.2672360,9.3988690],[47.2672550,9.3990600],[47.2672340,9.3993380],[47.2671990,9.3995660],[47.2671590,9.3997670],[47.2671600,9.3999460],[47.2671440,9.4001280],[47.2671470,9.4003170],[47.2671250,9.4011350],[47.2671620,9.4015060],[47.2672070,9.4016590],[47.2673110,9.4017640],[47.2673800,9.4018090],[47.2673110,9.4017640],[47.2673300,9.4016467],[47.2672750,9.4017280],[47.2673290,9.4017760],[47.2672940,9.4017460],[47.2674340,9.4018440],[47.2675260,9.4020410],[47.2675960,9.4022210],[47.2676260,9.4023640],[47.2676160,9.4026110],[47.2676670,9.4028470],[47.2676610,9.4030380],[47.2676220,9.4033710],[47.2675020,9.4035990],[47.2675010,9.4038180],[47.2675610,9.4040170],[47.2676090,9.4041500],[47.2677140,9.4042620],[47.2677840,9.4043980],[47.2677990,9.4045670],[47.2679000,9.4047430],[47.2681860,9.4050420],[47.2683740,9.4051530],[47.2684720,9.4051910],[47.2686510,9.4052370],[47.2687630,9.4053530],[47.2688430,9.4054760],[47.2689390,9.4055060],[47.2690850,9.4055830],[47.2692400,9.4057320],[47.2693740,9.4058890],[47.2694900,9.4061520],[47.2695770,9.4064160],[47.2698520,9.4067980],[47.2699670,9.4069840],[47.2700950,9.4071390],[47.2702830,9.4074930],[47.2703250,9.4077500],[47.2703600,9.4079040],[47.2704860,9.4082600],[47.2705310,9.4084260],[47.2705430,9.4085820],[47.2705300,9.4088100],[47.2705730,9.4089960],[47.2706910,9.4092800],[47.2707830,9.4095810],[47.2708660,9.4099580],[47.2709590,9.4101440],[47.2710900,9.4103640],[47.2711460,9.4105170],[47.2712480,9.4108810],[47.2713240,9.4111180],[47.2713920,9.4113690],[47.2714380,9.4115390],[47.2714720,9.4118750],[47.2714830,9.4121720],[47.2714700,9.4124640],[47.2715050,9.4128940],[47.2715980,9.4131970],[47.2716320,9.4133330],[47.2716640,9.4135300],[47.2718030,9.4137520],[47.2719280,9.4140010],[47.2719850,9.4142310],[47.2721530,9.4143760],[47.2723630,9.4146330],[47.2724070,9.4147850],[47.2724360,9.4150690],[47.2725170,9.4155050],[47.2725590,9.4159330],[47.2725700,9.4162530],[47.2726100,9.4163850],[47.2727590,9.4167540],[47.2729170,9.4170530],[47.2730730,9.4172560],[47.2731290,9.4174320],[47.2732560,9.4176730],[47.2733690,9.4178080],[47.2734830,9.4180890],[47.2735730,9.4183650],[47.2736340,9.4185980],[47.2737760,9.4189730],[47.2737967,9.4190067],[47.2738400,9.4191500],[47.2738700,9.4192783],[47.2738983,9.4194083],[47.2739050,9.4195417],[47.2739090,9.4195550],[47.2738240,9.4199690],[47.2738100,9.4201060],[47.2738880,9.4201830],[47.2742230,9.4206550],[47.2743250,9.4208340],[47.2744330,9.4210310],[47.2745940,9.4213630],[47.2747270,9.4214990],[47.2750210,9.4217300],[47.2750970,9.4218170],[47.2751960,9.4220460],[47.2753010,9.4222080],[47.2753650,9.4223380],[47.2754090,9.4224840],[47.2753940,9.4226570],[47.2753050,9.4229930],[47.2753720,9.4231470],[47.2753550,9.4233550],[47.2753960,9.4236020],[47.2755520,9.4236830],[47.2756640,9.4238110],[47.2757880,9.4238780],[47.2758310,9.4240330],[47.2759540,9.4240880],[47.2760300,9.4241800],[47.2760630,9.4243430],[47.2761500,9.4243670],[47.2762260,9.4242680],[47.2762630,9.4243920],[47.2763100,9.4245140],[47.2763450,9.4246450],[47.2764140,9.4247650],[47.2765220,9.4247950],[47.2765590,9.4249510],[47.2764800,9.4251730],[47.2764290,9.4253200],[47.2763760,9.4254970],[47.2763070,9.4256440],[47.2763520,9.4257580],[47.2764160,9.4259120],[47.2764630,9.4259320],[47.2764790,9.4260430],[47.2765040,9.4261940],[47.2765370,9.4262280],[47.2765870,9.4263130],[47.2766250,9.4262570],[47.2766540,9.4263950],[47.2767180,9.4262760],[47.2767820,9.4262260],[47.2768080,9.4263780],[47.2769090,9.4263040],[47.2769920,9.4263340],[47.2770830,9.4263880],[47.2771890,9.4263590],[47.2772860,9.4263550],[47.2773750,9.4264000],[47.2774970,9.4264380],[47.2775600,9.4265160],[47.2776920,9.4265610],[47.2778750,9.4267150],[47.2779530,9.4267300],[47.2780130,9.4268630],[47.2782320,9.4269340],[47.2783010,9.4269890],[47.2785400,9.4271770],[47.2788720,9.4271550],[47.2790090,9.4271010],[47.2791080,9.4271510],[47.2792450,9.4271980],[47.2793080,9.4272910],[47.2793320,9.4271550],[47.2794330,9.4271170],[47.2795280,9.4271640],[47.2796100,9.4271870],[47.2796440,9.4270660],[47.2796310,9.4269530],[47.2796970,9.4270590],[47.2797940,9.4271520],[47.2797770,9.4272540],[47.2797590,9.4274580],[47.2798660,9.4273490],[47.2800010,9.4272000],[47.2801110,9.4271250],[47.2802060,9.4270260],[47.2802200,9.4270120],[47.2803400,9.4271360],[47.2805600,9.4272450],[47.2807240,9.4273440],[47.2809060,9.4274710],[47.2810470,9.4274800],[47.2811600,9.4274810],[47.2813690,9.4275230],[47.2815170,9.4275260],[47.2816260,9.4276250],[47.2817410,9.4276640],[47.2817920,9.4277910],[47.2819830,9.4279160],[47.2820980,9.4280380],[47.2821650,9.4281780],[47.2822740,9.4283610],[47.2823760,9.4284960],[47.2824680,9.4285070],[47.2825890,9.4284700],[47.2828060,9.4282760],[47.2829650,9.4280530],[47.2830590,9.4279780],[47.2832530,9.4278350],[47.2833510,9.4277860],[47.2834650,9.4277310],[47.2837060,9.4276540],[47.2839890,9.4275790],[47.2843230,9.4274640],[47.2848350,9.4281530],[47.2849680,9.4283520],[47.2848350,9.4281530],[47.2843380,9.4275420],[47.2843590,9.4273950],[47.2844700,9.4272380],[47.2847590,9.4275880],[47.2851090,9.4279810],[47.2851670,9.4278790],[47.2852550,9.4279660],[47.2854750,9.4281810],[47.2851670,9.4278790],[47.2851090,9.4279810],[47.2847590,9.4275880],[47.2844700,9.4272380],[47.2843590,9.4273950],[47.2843380,9.4275420],[47.2848350,9.4281530],[47.2851000,9.4285500],[47.2852810,9.4289000],[47.2853740,9.4290810],[47.2855480,9.4293950],[47.2856980,9.4295640],[47.2861080,9.4300620]],\r\n\t\t\t\t\tgraphDist          : [0.00,0.06,0.08,0.11,0.16,0.20,0.27,0.28,0.30,0.34,0.39,0.40,0.49,0.54,0.55,0.56,0.58,0.59,0.60,0.63,0.71,1.32,1.79,2.11,2.14,2.16,2.17,2.19,2.21,2.23,2.26,2.28,2.30,2.32,2.33,2.39,2.42,2.44,2.45,2.46,2.47,2.49,2.50,2.51,2.53,2.54,2.61,2.64,2.68,2.71,2.74,2.77,2.81,2.87,2.88,2.89,2.92,2.93,2.95,2.96,2.98,3.01,3.02,3.08,3.09,3.10,3.12,3.14,3.16,3.17,3.18,3.20,3.22,3.28,3.29,3.30,3.33,3.39,3.40,3.41,3.42,3.43,3.50,3.54,3.55,3.57,3.59,3.60,3.61,3.64,3.67,3.68,3.69,3.71,3.73,3.74,3.76,3.79,3.81,3.83,3.84,3.86,3.89,3.91,3.93,3.97,3.98,4.00,4.01,4.03,4.05,4.07,4.09,4.11,4.12,4.14,4.15,4.16,4.18,4.20,4.21,4.24,4.26,4.28,4.29,4.30,4.32,4.34,4.35,4.37,4.39,4.41,4.42,4.43,4.45,4.46,4.47,4.49,4.50,4.52,4.53,4.54,4.55,4.57,4.59,4.61,4.62,4.63,4.65,4.67,4.68,4.70,4.72,4.73,4.75,4.76,4.78,4.79,4.80,4.82,4.83,4.84,4.86,4.87,4.89,4.91,4.93,4.95,4.97,4.99,5.00,5.03,5.06,5.07,5.09,5.10,5.11,5.13,5.14,5.16,5.18,5.19,5.22,5.23,5.24,5.25,5.27,5.28,5.30,5.33,5.34,5.35,5.37,5.39,5.41,5.44,5.45,5.47,5.48,5.55,5.59,5.60,5.62,5.63,5.64,5.67,5.70,5.71,5.72,5.74,5.75,5.76,5.77,5.78,5.79,5.82,5.84,5.87,5.91,5.95,5.96,6.00,6.01,6.03,6.04,6.05,6.07,6.08,6.10,6.12,6.14,6.16,6.19,6.26,6.27,6.32,6.34,6.35,6.36,6.38,6.40,6.44,6.45,6.47,6.48,6.50,6.53,6.54,6.58,6.61,6.64,6.66,6.67,6.69,6.70,6.71,6.73,6.74,6.76,6.78,6.80,6.82,6.86,6.88,6.90,6.92,6.93,6.95,6.96,6.97,7.04,7.07,7.08,7.10,7.11,7.12,7.16,7.19,7.20,7.21,7.24,7.26,7.27,7.28,7.30,7.32,7.33,7.36,7.38,7.40,7.42,7.43,7.44,7.46,7.47,7.49,7.53,7.55,7.56,7.58,7.60,7.61,7.62,7.64,7.66,7.68,7.70,7.72,7.76,7.78,7.80,7.84,7.86,7.87,7.90,7.91,7.93,7.94,7.96,7.98,8.01,8.04,8.06,8.08,8.09,8.12,8.14,8.16,8.18,8.20,8.22,8.25,8.28,8.30,8.32,8.33,8.35,8.38,8.40,8.42,8.45,8.46,8.48,8.52,8.55,8.57,8.59,8.62,8.65,8.67,8.68,8.71,8.72,8.75,8.77,8.79,8.82,8.83,8.85,8.86,8.87,8.88,8.89,8.92,8.93,8.94,9.00,9.01,9.03,9.06,9.08,9.12,9.13,9.15,9.17,9.18,9.19,9.21,9.24,9.25,9.27,9.29,9.31,9.33,9.34,9.36,9.37,9.38,9.40,9.41,9.42,9.43,9.44,9.45,9.47,9.49,9.50,9.52,9.53,9.55,9.56,9.57,9.59,9.60,9.61,9.62,9.64,9.65,9.66,9.67,9.68,9.70,9.71,9.72,9.73,9.75,9.76,9.77,9.78,9.80,9.81,9.83,9.85,9.86,9.88,9.91,9.92,9.95,9.99,10.01,10.03,10.04,10.05,10.07,10.08,10.10,10.11,10.12,10.13,10.14,10.16,10.17,10.18,10.20,10.23,10.24,10.26,10.27,10.29,10.32,10.34,10.36,10.38,10.39,10.42,10.43,10.45,10.46,10.47,10.50,10.51,10.53,10.55,10.56,10.57,10.59,10.62,10.64,10.66,10.68,10.69,10.70,10.73,10.76,10.80,10.88,10.90,10.93,11.00,11.01,11.03,11.07,11.12,11.13,11.14,11.17,11.21,11.22,11.27,11.31,11.33,11.34,11.41,11.45,11.49,11.50,11.53,11.55,11.61],\r\n\t\t\t\t\tgraphEle           : [866.30,866.30,866.30,866.30,868.80,869.80,870.30,870.80,870.80,868.30,868.50,868.30,867.50,865.30,865.30,865.30,864.50,864.00,864.70,864.40,862.40,1249.50,1459.20,1587.80,1585.10,1576.50,1575.30,1573.30,1568.30,1562.00,1555.80,1551.30,1547.80,1545.30,1543.30,1529.50,1518.80,1518.80,1513.50,1504.00,1504.00,1510.80,1515.50,1521.80,1527.00,1534.50,1595.00,1595.00,1595.00,1592.50,1595.00,1595.00,1633.50,1585.60,1575.80,1567.50,1562.20,1573.90,1587.40,1600.60,1617.50,1637.60,1630.60,1569.80,1559.30,1552.50,1559.00,1576.00,1585.50,1589.50,1590.00,1581.50,1563.50,1527.80,1520.50,1520.50,1512.50,1450.00,1450.00,1449.00,1446.00,1445.00,1511.00,1496.00,1487.50,1476.30,1466.80,1456.80,1450.80,1434.00,1418.50,1412.80,1409.00,1405.50,1408.30,1400.80,1385.00,1393.50,1376.80,1377.50,1387.80,1393.30,1362.00,1374.30,1362.00,1350.00,1343.50,1341.50,1344.80,1346.80,1339.30,1351.00,1335.80,1345.30,1354.00,1347.50,1341.80,1336.80,1328.30,1326.00,1319.00,1313.50,1303.80,1293.30,1293.30,1290.80,1281.30,1272.30,1268.30,1262.50,1255.30,1252.50,1248.80,1244.50,1237.30,1233.00,1230.50,1234.00,1236.00,1235.50,1227.80,1227.80,1227.30,1228.30,1229.80,1228.50,1222.80,1223.50,1217.80,1219.80,1220.80,1211.80,1203.30,1202.30,1191.00,1189.00,1183.50,1177.00,1174.30,1175.50,1175.30,1169.50,1168.50,1169.30,1174.00,1175.00,1170.00,1173.80,1173.80,1162.80,1159.50,1148.30,1144.30,1143.50,1140.80,1134.30,1129.30,1129.80,1130.30,1128.00,1128.50,1129.30,1140.50,1137.00,1139.30,1141.30,1144.00,1139.50,1133.30,1128.50,1129.50,1135.30,1141.30,1137.30,1137.30,1136.50,1135.00,1134.80,1136.80,1145.00,1143.80,1141.80,1141.80,1143.80,1145.30,1147.80,1147.50,1146.30,1145.30,1145.50,1146.00,1146.30,1146.00,1145.50,1145.30,1147.00,1147.80,1149.80,1159.30,1168.50,1167.50,1167.50,1166.80,1164.00,1158.80,1158.80,1155.80,1152.50,1147.30,1147.30,1148.50,1150.00,1154.30,1166.00,1167.00,1155.30,1150.00,1149.50,1150.30,1151.80,1152.80,1151.30,1149.00,1145.80,1144.30,1143.50,1140.80,1138.30,1138.30,1143.50,1155.30,1161.80,1165.00,1145.00,1143.00,1142.00,1141.00,1149.50,1151.00,1151.00,1152.00,1154.80,1157.00,1158.00,1159.30,1160.30,1161.80,1161.80,1163.50,1164.80,1173.30,1173.00,1171.50,1165.50,1158.30,1165.50,1142.00,1167.50,1158.30,1171.50,1158.30,1155.30,1155.50,1156.30,1157.30,1156.50,1156.50,1157.30,1159.30,1159.80,1157.80,1157.80,1156.00,1156.30,1157.30,1157.00,1155.80,1154.50,1155.00,1155.30,1155.80,1156.00,1155.50,1154.00,1153.30,1153.80,1153.30,1152.50,1151.80,1151.50,1151.00,1153.50,1155.30,1157.50,1163.50,1166.50,1168.50,1170.80,1173.30,1177.30,1178.50,1179.00,1180.50,1182.50,1184.30,1185.30,1184.80,1183.80,1183.80,1182.80,1181.50,1181.00,1183.00,1182.30,1182.00,1182.80,1184.30,1186.30,1188.80,1190.30,1192.80,1194.00,1196.80,1200.30,1203.50,1203.30,1203.50,1204.00,1204.00,1204.00,1203.30,1203.30,1204.30,1206.30,1207.80,1209.00,1212.00,1203.00,1204.00,1203.00,1205.00,1203.00,1215.80,1218.50,1219.50,1219.80,1219.30,1219.00,1218.00,1214.30,1210.80,1202.50,1202.00,1200.30,1198.30,1196.50,1194.80,1188.50,1188.50,1185.00,1182.50,1181.30,1176.00,1171.80,1167.00,1164.00,1161.30,1159.30,1159.00,1157.30,1155.50,1154.80,1153.80,1152.80,1150.80,1147.80,1146.30,1148.80,1148.80,1150.00,1152.30,1149.80,1148.50,1146.80,1148.00,1149.50,1148.50,1147.50,1144.50,1145.30,1140.00,1138.00,1139.00,1134.30,1131.50,1128.30,1124.00,1120.50,1117.50,1112.80,1108.30,1098.80,1087.50,1082.30,1083.00,1068.80,1056.50,1056.50,1035.50,1025.50,1021.00,1014.80,1014.30,1008.80,1002.00,998.30,995.00,988.80,985.30,985.50,983.80,991.50,997.30,987.50,974.50,967.30,960.30,959.30,953.50,953.50,949.30,944.30,938.80,933.30,926.80,920.80,919.00,916.00,917.50,913.80,911.80,911.50,909.50,907.00,902.80,898.50,891.30,886.50,884.00,879.50,878.00,876.50,874.50,872.00,870.30,869.80,868.80,869.80,870.30,870.80,870.80,868.30,868.50,868.30,867.50,867.80,868.30,868.50,868.30,870.80,870.80,870.30,869.80,868.80,866.30,866.30,866.30,866.30,866.30],\r\n\t\t\t\t\tgraphSpeed         : [],\r\n\t\t\t\t\tgraphHr            : [],\r\n\t\t\t\t\tgraphAtemp         : [],\r\n\t\t\t\t\tgraphCad           : [],\r\n\t\t\t\t\tgraphGrade         : [],\r\n\t\t\t\t\twaypoints          : [],\r\n\t\t\t\t\tunit               : \"2\",\r\n\t\t\t\t\tunitspeed          : \"0\",\r\n\t\t\t\t\tcolor1             : [\"#3366cc\"],\r\n\t\t\t\t\tcolor2             : \"#3366cc\",\r\n\t\t\t\t\tcolor3             : \"#ff0000\",\r\n\t\t\t\t\tcolor4             : \"#ff77bd\",\r\n\t\t\t\t\tcolor5             : \"#beecff\",\r\n\t\t\t\t\tcolor6             : \"#beecff\",\r\n\t\t\t\t\tcolor7             : \"#ff77bd\",\r\n\t\t\t\t\tchartFrom1         : \"\",\r\n\t\t\t\t\tchartTo1           : \"\",\r\n\t\t\t\t\tchartFrom2         : \"\",\r\n\t\t\t\t\tchartTo2           : \"\",\r\n\t\t\t\t\tstartIcon          : \"\",\r\n\t\t\t\t\tendIcon            : \"\",\r\n\t\t\t\t\tcurrentIcon        : \"\",\r\n\t\t\t\t\twaypointIcon       : \"https:\/\/lavia.cc\/gpx\/wp-content\/uploads\/gpx\/cropped-icona.ico\",\r\n\t\t\t\t\tcurrentpositioncon : \"\",\r\n\t\t\t\t\tusegpsposition     : \"\",\r\n\t\t\t\t\tzoomOnScrollWheel  : \"\",\r\n\t\t\t\t\tngGalleries        : [],\r\n\t\t\t\t\tngImages           : [],\r\n\t\t\t\t\tpluginUrl          : \"https:\/\/lavia.cc\/gpx\/wp-content\/plugins\",\r\n\t\t\t\t\tTFApiKey           : \"\",\r\n\t\t\t\t\tMapBoxApiKey           : \"\",\r\n\t\t\t\t\tlangs              : {\r\n\t\t\t\t\t\taltitude        : \"Altitudine\",\r\n\t\t\t\t\t\tcurrentPosition : \"Current position\",\r\n\t\t\t\t\t\tspeed           : \"Velocit\u00e0\",\r\n\t\t\t\t\t\tgrade           : \"Grade\",\r\n\t\t\t\t\t\theartRate       : \"Battito Cardiaco\",\r\n\t\t\t\t\t\tatemp           : \"Temperature\",\r\n\t\t\t\t\t\tcadence         : \"Cadenza\",\r\n\t\t\t\t\t\tgoFullScreen    : \"Go full screen\",\r\n\t\t\t\t\t\texitFullFcreen  : \"Exit full screen\",\r\n\t\t\t\t\t\thideImages      : \"Hide images\",\r\n\t\t\t\t\t\tshowImages      : \"Show images\",\r\n\t\t\t\t\t\tbackToCenter\t: \"Ritorna al centro della mappa\"\r\n\t\t\t\t\t}\r\n\t\t\t\t});\r\n\r\n\t\t\t});\r\n\r\n\t\t<\/script>\n<p>\ud83d\udfe2 Visita\u00a0<a href=\"https:\/\/lavia.cc\/gpx\/\">LAVIA.CC<\/a>\u00a0per altre tracce gpx e condividi le tue avventure con la nostra\u00a0<a href=\"https:\/\/www.instagram.com\/lavia.cc\/\" target=\"_blank\" rel=\"noopener\">community<\/a>! \ud83d\udeb4\u200d\u2642\ufe0f\ud83c\udf32\ud83c\udfde\ufe0f<\/p>\n","protected":false},"excerpt":{"rendered":"<p><strong>\ud83d\udccd TRACCIA CARICATA DA:\u00a0<a href=\"https:\/\/lavia.cc\/gpx\/maremma-green-passion\/\" target=\"_blank\" rel=\"noopener\">MAREMMA GREEN PASSION<\/a><\/strong><\/p>\n<p>Appenzello Interno \u00e8 un cantone della Svizzera molto affascinante per chi ama i viaggi in luoghi molto naturalistici: ci sono pendici ricoperte di erba dove brucano le mucche al pascolo e sfondi di vette rocciose che sovrastano imponenti le vallate. Le strade ad un certo punto diventano sentieri che puoi percorrere solo a piedi e quello in cui vi porter\u00f2 questa volta fa parte della rete escursionistica del parco alpino di Appenzello. Partiamo da Wasserauen dove si trova un comodo parcheggio e prendiamo la funivia che arriva sulla vetta di Ebenalp. Da qui scenderemo verso le grotte che si trovano subito al di sotto e che arrivano alla chiesetta Wildkirchli incastonata nelle rocce. La direzione da prendere \u00e8 quella verso Aescher, dove si trova un punto di ristoro con affaccio meraviglioso sulle vette contrapposte. A questo punto scenderemo in direzione di Seealpsee attraverso il bosco, fino ad arrivare alla vallata che conduce al lago, dove troveremo un piccolo agglomerato agricolo dedito all&#8217;allevamento. Qua potremo fare il giro del grazioso specchio d&#8217;acqua incastonato fra le montagne, facendo un tuffo per rinfrescarsi dato il caldo estivo che anche oltre i 1000 m di altitudine si fa sentire. Qui troverete altri punti di ristoro, ma vi consiglio di arrivare attrezzati il pi\u00f9 possibile perch\u00e9 i prezzi sono alti (in generale in tutta la Svizzera, ma in particolare ancora di pi\u00f9 in luoghi isolati come questo). Dopo aver goduto del paesaggio e del bagno rinvigorente nelle limpide acque di Seealpsee, si fa rientro sul lato opposto del bosco in direzione di Klein Hutten per godersi le meravigliose cascate di uno dei torrenti che scivolano gi\u00f9 lungo le pendici della catena montuosa per riunirsi nello Schwendibach, fino a ritornare alla vallata di Wasserauen ormai costellata di parapendii che rientrano dal volo. Un&#8217;esperienza bellissima ai confini della realt\u00e0, dove ogni cosa ha il suo tempo e il suo momento, da godersi senza alcuna fretta.<\/p>\n<p>\ud83c\udf89 W IL TURISMO LENTO!<\/p>\n<p>\ud83d\udfe2 Segui\u00a0<strong>LAVIA,<\/strong>\u00a0arriva alla\u00a0<strong>META<\/strong>!<\/p>\n","protected":false},"featured_media":15158,"comment_status":"open","ping_status":"closed","template":"","meta":[],"product_brand":[],"product_cat":[31],"product_tag":[1617,1619,932],"class_list":{"0":"post-15154","1":"product","2":"type-product","3":"status-publish","4":"has-post-thumbnail","6":"product_cat-escursionismo","7":"product_tag-appenzello","8":"product_tag-appenzello-interno","9":"product_tag-svizzera","11":"first","12":"instock","13":"downloadable","14":"virtual","15":"product-type-simple"},"_links":{"self":[{"href":"https:\/\/lavia.cc\/gpx\/wp-json\/wp\/v2\/product\/15154","targetHints":{"allow":["GET"]}}],"collection":[{"href":"https:\/\/lavia.cc\/gpx\/wp-json\/wp\/v2\/product"}],"about":[{"href":"https:\/\/lavia.cc\/gpx\/wp-json\/wp\/v2\/types\/product"}],"replies":[{"embeddable":true,"href":"https:\/\/lavia.cc\/gpx\/wp-json\/wp\/v2\/comments?post=15154"}],"version-history":[{"count":4,"href":"https:\/\/lavia.cc\/gpx\/wp-json\/wp\/v2\/product\/15154\/revisions"}],"predecessor-version":[{"id":15161,"href":"https:\/\/lavia.cc\/gpx\/wp-json\/wp\/v2\/product\/15154\/revisions\/15161"}],"wp:featuredmedia":[{"embeddable":true,"href":"https:\/\/lavia.cc\/gpx\/wp-json\/wp\/v2\/media\/15158"}],"wp:attachment":[{"href":"https:\/\/lavia.cc\/gpx\/wp-json\/wp\/v2\/media?parent=15154"}],"wp:term":[{"taxonomy":"product_brand","embeddable":true,"href":"https:\/\/lavia.cc\/gpx\/wp-json\/wp\/v2\/product_brand?post=15154"},{"taxonomy":"product_cat","embeddable":true,"href":"https:\/\/lavia.cc\/gpx\/wp-json\/wp\/v2\/product_cat?post=15154"},{"taxonomy":"product_tag","embeddable":true,"href":"https:\/\/lavia.cc\/gpx\/wp-json\/wp\/v2\/product_tag?post=15154"}],"curies":[{"name":"wp","href":"https:\/\/api.w.org\/{rel}","templated":true}]}}