{"id":1566,"date":"2022-08-08T10:23:37","date_gmt":"2022-08-08T08:23:37","guid":{"rendered":"https:\/\/lavia.cc\/gpx\/?post_type=product&#038;p=1566"},"modified":"2024-06-26T15:39:29","modified_gmt":"2024-06-26T13:39:29","slug":"trekking-sul-vulcano-il-calderon-hondo","status":"publish","type":"product","link":"https:\/\/lavia.cc\/gpx\/tracce\/trekking-sul-vulcano-il-calderon-hondo\/","title":{"rendered":"Trekking sul vulcano: il Calder\u00f3n Hondo"},"content":{"rendered":"<h4>Trekking sul vulcano: il Calder\u00f3n Hondo<\/h4>\n<p><strong>COME ARRIVARE:<\/strong><\/p>\n<p>il <strong>sentiero che abbiamo seguito<\/strong>, e che vi consigliamo, parte dal piccolo paese di Lajares, situato a soli 4 chilometri dal vulcano. Per trovare il\u00a0<strong>punto di partenza<\/strong>, una volta arrivati a Lajares, seguite le indicazioni per il\u00a0<em>campo de futbol<\/em>. Appena lo superate, svoltate a sinistra, nella strada asfaltata che porta a\u00a0<strong>Majanicho<\/strong>\u00a0e dopo circa un km, sulla destra, troverete un piccolo\u00a0<strong>parcheggio\u00a0<\/strong>dove lasciare l\u2019auto (<a href=\"https:\/\/www.google.it\/maps\/place\/Start+of+hiking+Lajares\/@28.6889097,-13.9316673,20.73z\/data=!4m13!1m7!3m6!1s0xc464aa934679003:0x925e0b5d2979cb30!2sCalder%C3%B3n+Hondo!3b1!8m2!3d28.7003451!4d-13.9199812!3m4!1s0xc47b54c7fcb751d:0xaf9e3792d7023a40!8m2!3d28.6887874!4d-13.9316303?hl=it\" target=\"_blank\" rel=\"noreferrer noopener\">Google Maps<\/a>). Noterete subito il vulcano, che si vede chiaramente in lontananza. Da qui parte il\u00a0<strong>sentiero FV-2<\/strong>.<\/p>\n<p>Sul blog trovi l&#8217;<a href=\"https:\/\/lavia.cc\/blog\/trekking-sul-calderon-hondo-fuerteventura\/\">articolo<\/a> completo!<\/p>\n\r\n\t\t<div id=\"wpgpxmaps_1566_1135066\" class=\"wpgpxmaps\">\r\n\t\t\t<div id=\"map_1566_1135066_cont\" style=\"width:100%; height:450px;position:relative\" >\r\n\t\t\t\t<div id=\"map_1566_1135066\" style=\"width:100%; height:450px\"><\/div>\r\n\t\t\t\t<div id=\"wpgpxmaps_1566_1135066_osm_footer\" class=\"wpgpxmaps_osm_footer\" style=\"display:none;\"><span> &copy; <a href=\"http:\/\/www.openstreetmap.org\/copyright\" target=\"_blank\" rel=\"noopener\">OpenStreetMap<\/a> contributors<\/span><\/div>\r\n\t\t\t<\/div>\r\n\t\t\t<canvas id=\"myChart_1566_1135066\" class=\"plot\" style=\"width:100%; height:200px\"><\/canvas>\r\n\t\t\t<div id=\"ngimages_1566_1135066\" class=\"ngimages\" style=\"display:none\"><\/div>\r\n\t\t\t<div id=\"report_1566_1135066\" class=\"report\"><\/div>\r\n\t\t<\/div>\r\n\t\t\r\n\t\t<script type=\"text\/javascript\">\r\n\r\n\t\t\tjQuery(document).ready(function() {\r\n\r\n\t\t\t\tjQuery( \"#wpgpxmaps_1566_1135066\" ).wpgpxmaps( {\r\n\t\t\t\t\ttargetId           : \"1566_1135066\",\r\n\t\t\t\t\tmapType            : \"HYBRID\",\r\n\t\t\t\t\tmapData            : [[28.6888980,-13.9315180],[28.6892260,-13.9313920],[28.6894600,-13.9313020],[28.6910020,-13.9303780],[28.6923150,-13.9299800],[28.6925330,-13.9298740],[28.6930970,-13.9295270],[28.6932050,-13.9293790],[28.6935530,-13.9292950],[28.6938930,-13.9291400],[28.6943180,-13.9287500],[28.6943480,-13.9286570],[28.6943530,-13.9285570],[28.6943430,-13.9284520],[28.6943220,-13.9283450],[28.6943020,-13.9282400],[28.6942650,-13.9281370],[28.6942330,-13.9280300],[28.6941880,-13.9279380],[28.6941580,-13.9278420],[28.6941280,-13.9277420],[28.6941150,-13.9276450],[28.6940920,-13.9275420],[28.6940850,-13.9274320],[28.6940700,-13.9273250],[28.6940630,-13.9272200],[28.6940370,-13.9271180],[28.6939680,-13.9270450],[28.6939630,-13.9270250],[28.6940300,-13.9270920],[28.6940670,-13.9271830],[28.6940850,-13.9272850],[28.6941080,-13.9273900],[28.6941250,-13.9275000],[28.6941420,-13.9276100],[28.6941500,-13.9277120],[28.6941580,-13.9278200],[28.6941920,-13.9279180],[28.6942280,-13.9280230],[28.6942570,-13.9281200],[28.6942920,-13.9282180],[28.6943200,-13.9283180],[28.6943770,-13.9284000],[28.6944430,-13.9284770],[28.6945200,-13.9285370],[28.6946200,-13.9285370],[28.6947200,-13.9285430],[28.6948180,-13.9285280],[28.6951950,-13.9282530],[28.6953600,-13.9278440],[28.6957900,-13.9274160],[28.6958310,-13.9271270],[28.6959440,-13.9269320],[28.6963210,-13.9265780],[28.6967920,-13.9262570],[28.6969590,-13.9260880],[28.6971890,-13.9256490],[28.6971930,-13.9255040],[28.6971990,-13.9252950],[28.6970870,-13.9249460],[28.6970630,-13.9246000],[28.6971680,-13.9241400],[28.6972800,-13.9238860],[28.6976240,-13.9229500],[28.6977700,-13.9227360],[28.6977870,-13.9226950],[28.6977830,-13.9226000],[28.6978620,-13.9226070],[28.6979520,-13.9226000],[28.6980520,-13.9225850],[28.6981420,-13.9225530],[28.6982270,-13.9225220],[28.6983120,-13.9224720],[28.6984020,-13.9224450],[28.6984870,-13.9224180],[28.6985720,-13.9223850],[28.6986500,-13.9223450],[28.6987170,-13.9223250],[28.6987920,-13.9222870],[28.6988630,-13.9222680],[28.6989500,-13.9222500],[28.6990480,-13.9222500],[28.6991300,-13.9222230],[28.6992080,-13.9221870],[28.6993030,-13.9221680],[28.6993950,-13.9221470],[28.6994680,-13.9221350],[28.6995420,-13.9220880],[28.6996330,-13.9220630],[28.6997150,-13.9220300],[28.6997880,-13.9219650],[28.6997320,-13.9219250],[28.6996500,-13.9218830],[28.6995620,-13.9218720],[28.6994770,-13.9218450],[28.6993920,-13.9218080],[28.6993980,-13.9217970],[28.6994020,-13.9217100],[28.6994400,-13.9216200],[28.6994930,-13.9216500],[28.6995350,-13.9216650],[28.6995680,-13.9217150],[28.6999630,-13.9218110],[28.7002830,-13.9218220],[28.7006600,-13.9217040],[28.7011940,-13.9213200],[28.7014130,-13.9209420],[28.7015540,-13.9205670],[28.7016270,-13.9200110],[28.7015540,-13.9197940],[28.7013190,-13.9193190],[28.7010720,-13.9190280],[28.7009740,-13.9189140],[28.7006600,-13.9187320],[28.7003770,-13.9186750],[28.6997820,-13.9187380],[28.6995590,-13.9188290],[28.6991240,-13.9191310],[28.6987780,-13.9197620],[28.6986840,-13.9203310],[28.6987400,-13.9207270],[28.6988510,-13.9209980],[28.6989560,-13.9210920],[28.6990130,-13.9212750],[28.6991730,-13.9214780],[28.6994140,-13.9216030],[28.6994800,-13.9216830],[28.6995520,-13.9217470],[28.6995980,-13.9218170],[28.6996650,-13.9218230],[28.6996830,-13.9218830],[28.6997070,-13.9219130],[28.6997780,-13.9219520],[28.6997980,-13.9219850],[28.6997380,-13.9220270],[28.6996620,-13.9220670],[28.6995730,-13.9221000],[28.6994930,-13.9221220],[28.6994100,-13.9221370],[28.6993220,-13.9221530],[28.6992270,-13.9221750],[28.6991570,-13.9221970],[28.6990900,-13.9222320],[28.6989980,-13.9222270],[28.6989070,-13.9222600],[28.6988230,-13.9222820],[28.6987380,-13.9223050],[28.6986750,-13.9223530],[28.6986620,-13.9223750],[28.6985830,-13.9224070],[28.6984900,-13.9224270],[28.6984030,-13.9224570],[28.6983130,-13.9224730],[28.6982400,-13.9225280],[28.6981550,-13.9225600],[28.6980030,-13.9224460],[28.6977170,-13.9225720],[28.6977810,-13.9227190],[28.6976240,-13.9229500],[28.6972800,-13.9238860],[28.6971680,-13.9241400],[28.6970630,-13.9246000],[28.6970580,-13.9248580],[28.6970920,-13.9249580],[28.6971270,-13.9250650],[28.6971700,-13.9251570],[28.6972150,-13.9252480],[28.6973020,-13.9252380],[28.6973920,-13.9252100],[28.6974750,-13.9251850],[28.6975570,-13.9251350],[28.6976330,-13.9250750],[28.6977270,-13.9250700],[28.6978170,-13.9250630],[28.6979100,-13.9250370],[28.6979470,-13.9251070],[28.6979850,-13.9252030],[28.6980380,-13.9252600],[28.6980570,-13.9252770],[28.6979750,-13.9252300],[28.6978820,-13.9252180],[28.6977880,-13.9252370],[28.6977050,-13.9252100],[28.6976300,-13.9251470],[28.6975570,-13.9250820],[28.6974720,-13.9250330],[28.6973830,-13.9250380],[28.6973050,-13.9250950],[28.6972280,-13.9251600],[28.6971750,-13.9252350],[28.6971880,-13.9253430],[28.6972120,-13.9254420],[28.6971890,-13.9256490],[28.6969590,-13.9260880],[28.6967920,-13.9262570],[28.6963210,-13.9265780],[28.6959440,-13.9269320],[28.6958310,-13.9271270],[28.6957900,-13.9274160],[28.6953600,-13.9278440],[28.6951950,-13.9282530],[28.6948180,-13.9285280],[28.6947240,-13.9285130],[28.6945020,-13.9284770],[28.6943340,-13.9287180],[28.6938930,-13.9291400],[28.6935530,-13.9292950],[28.6932050,-13.9293790],[28.6930970,-13.9295270],[28.6925330,-13.9298740],[28.6923150,-13.9299800],[28.6910020,-13.9303780],[28.6894600,-13.9313020],[28.6892260,-13.9313920],[28.6888980,-13.9315180]],\r\n\t\t\t\t\tgraphDist          : [0.00,0.04,0.07,0.26,0.41,0.44,0.51,0.53,0.57,0.61,0.67,0.68,0.69,0.70,0.71,0.72,0.73,0.74,0.75,0.76,0.77,0.79,0.80,0.81,0.82,0.83,0.84,0.85,0.86,0.87,0.88,0.89,0.90,0.91,0.92,0.93,0.94,0.96,0.97,0.98,0.99,1.00,1.01,1.02,1.03,1.04,1.05,1.07,1.12,1.16,1.22,1.25,1.28,1.33,1.39,1.42,1.47,1.48,1.50,1.54,1.57,1.62,1.65,1.75,1.77,1.78,1.79,1.80,1.81,1.82,1.84,1.85,1.86,1.87,1.88,1.89,1.90,1.91,1.92,1.93,1.94,1.95,1.96,1.97,1.98,1.99,2.00,2.01,2.02,2.03,2.04,2.05,2.06,2.07,2.08,2.09,2.11,2.12,2.13,2.14,2.15,2.16,2.20,2.24,2.28,2.35,2.40,2.44,2.49,2.52,2.57,2.61,2.62,2.66,2.69,2.76,2.79,2.84,2.92,2.97,3.01,3.04,3.06,3.08,3.10,3.13,3.14,3.15,3.16,3.17,3.18,3.19,3.20,3.21,3.22,3.23,3.25,3.26,3.27,3.28,3.29,3.30,3.31,3.32,3.33,3.34,3.35,3.36,3.37,3.38,3.39,3.40,3.41,3.42,3.43,3.46,3.49,3.51,3.54,3.64,3.67,3.71,3.74,3.75,3.76,3.77,3.78,3.79,3.80,3.81,3.82,3.83,3.84,3.85,3.86,3.88,3.89,3.90,3.91,3.92,3.93,3.94,3.95,3.96,3.97,3.98,3.99,4.00,4.01,4.02,4.03,4.04,4.07,4.12,4.14,4.20,4.26,4.28,4.31,4.37,4.42,4.47,4.48,4.51,4.54,4.60,4.64,4.68,4.70,4.77,4.80,4.95,5.14,5.17,5.21],\r\n\t\t\t\t\tgraphEle           : [89.01,89.01,89.01,92.08,97.92,99.13,102.53,103.71,106.20,108.76,112.57,113.23,113.88,114.53,115.08,115.61,116.16,116.71,117.24,117.74,118.26,118.80,119.32,119.86,120.40,120.91,121.44,121.97,122.47,123.01,123.54,124.06,124.64,125.80,126.97,128.04,129.17,130.26,131.44,132.52,133.62,134.72,135.82,136.96,138.07,139.26,140.45,141.88,147.75,154.33,163.85,168.14,171.55,178.13,183.68,185.94,190.48,191.76,193.62,195.63,197.42,199.84,201.29,207.06,208.84,209.55,210.22,210.94,211.62,212.38,213.10,213.78,214.52,215.23,215.90,216.58,217.27,217.90,218.35,218.83,219.28,219.78,220.23,220.68,221.18,221.65,222.10,222.57,223.05,223.50,223.97,224.43,224.91,225.36,225.81,226.28,226.73,226.41,226.04,225.69,225.33,224.87,223.31,222.07,220.56,217.84,216.05,214.44,212.21,212.02,213.80,215.13,215.65,216.97,218.04,222.83,224.93,229.45,234.68,236.37,237.55,238.42,238.87,239.44,240.24,238.42,237.62,236.83,236.07,235.31,234.54,233.78,233.03,232.26,231.51,230.74,229.94,229.18,228.43,227.67,226.84,226.09,225.33,224.33,223.34,222.35,221.39,220.44,219.52,218.59,217.61,216.64,215.66,214.68,213.76,211.33,208.21,206.91,205.68,201.39,200.19,198.29,197.76,197.54,197.30,197.08,196.87,196.64,196.42,196.21,195.98,195.76,195.54,195.32,195.10,194.87,194.64,194.42,194.19,193.84,193.46,193.08,192.70,192.33,191.95,191.57,191.19,190.82,190.44,190.08,189.70,189.34,188.53,186.01,182.99,175.58,168.98,166.21,162.73,151.06,142.98,133.82,131.88,127.29,123.09,115.41,110.54,105.81,103.57,99.33,98.10,92.74,92.74,92.74,92.74],\r\n\t\t\t\t\tgraphSpeed         : [],\r\n\t\t\t\t\tgraphHr            : [],\r\n\t\t\t\t\tgraphAtemp         : [],\r\n\t\t\t\t\tgraphCad           : [],\r\n\t\t\t\t\tgraphGrade         : [],\r\n\t\t\t\t\twaypoints          : [],\r\n\t\t\t\t\tunit               : \"2\",\r\n\t\t\t\t\tunitspeed          : \"0\",\r\n\t\t\t\t\tcolor1             : [\"#3366cc\"],\r\n\t\t\t\t\tcolor2             : \"#3366cc\",\r\n\t\t\t\t\tcolor3             : \"#ff0000\",\r\n\t\t\t\t\tcolor4             : \"#ff77bd\",\r\n\t\t\t\t\tcolor5             : \"#beecff\",\r\n\t\t\t\t\tcolor6             : \"#beecff\",\r\n\t\t\t\t\tcolor7             : \"#ff77bd\",\r\n\t\t\t\t\tchartFrom1         : \"\",\r\n\t\t\t\t\tchartTo1           : \"\",\r\n\t\t\t\t\tchartFrom2         : \"\",\r\n\t\t\t\t\tchartTo2           : \"\",\r\n\t\t\t\t\tstartIcon          : \"\",\r\n\t\t\t\t\tendIcon            : \"\",\r\n\t\t\t\t\tcurrentIcon        : \"\",\r\n\t\t\t\t\twaypointIcon       : \"https:\/\/lavia.cc\/gpx\/wp-content\/uploads\/gpx\/cropped-icona.ico\",\r\n\t\t\t\t\tcurrentpositioncon : \"\",\r\n\t\t\t\t\tusegpsposition     : \"\",\r\n\t\t\t\t\tzoomOnScrollWheel  : \"\",\r\n\t\t\t\t\tngGalleries        : [],\r\n\t\t\t\t\tngImages           : [],\r\n\t\t\t\t\tpluginUrl          : \"https:\/\/lavia.cc\/gpx\/wp-content\/plugins\",\r\n\t\t\t\t\tTFApiKey           : \"\",\r\n\t\t\t\t\tMapBoxApiKey           : \"\",\r\n\t\t\t\t\tlangs              : {\r\n\t\t\t\t\t\taltitude        : \"Altitudine\",\r\n\t\t\t\t\t\tcurrentPosition : \"Current position\",\r\n\t\t\t\t\t\tspeed           : \"Velocit\u00e0\",\r\n\t\t\t\t\t\tgrade           : \"Grade\",\r\n\t\t\t\t\t\theartRate       : \"Battito Cardiaco\",\r\n\t\t\t\t\t\tatemp           : \"Temperature\",\r\n\t\t\t\t\t\tcadence         : \"Cadenza\",\r\n\t\t\t\t\t\tgoFullScreen    : \"Go full screen\",\r\n\t\t\t\t\t\texitFullFcreen  : \"Exit full screen\",\r\n\t\t\t\t\t\thideImages      : \"Hide images\",\r\n\t\t\t\t\t\tshowImages      : \"Show images\",\r\n\t\t\t\t\t\tbackToCenter\t: \"Ritorna al centro della mappa\"\r\n\t\t\t\t\t}\r\n\t\t\t\t});\r\n\r\n\t\t\t});\r\n\r\n\t\t<\/script>\n","protected":false},"excerpt":{"rendered":"<p>Una delle esperienze che pi\u00f9 ci ha affascinato nel nostro viaggio a Fuerteventura \u00e8 sicuramente il trekking all\u2019alba sul Calder\u00f3n Hondo, un vulcano situato nel nord di questa bellissima isola. Vi suggeriamo la visita del Calder\u00f3n Hondo all\u2019alba o al tramonto, quando l\u2019impatto dell\u2019esperienza \u00e8 ulteriormente accentuato dalla luce e se il tempo non \u00e8 troppo ventoso, la camminata intorno al cratere \u00e8 d\u2019obbligo per godere dell\u2019intera gamma di panorami che offre l\u2019isola di Fuerteventura!<\/p>\n<p><span style=\"font-size: 10.5pt; font-family: 'Segoe UI','sans-serif'; color: black;\">\ud83d\udfe2 Segui LAVIA!<\/span><\/p>\n","protected":false},"featured_media":1567,"comment_status":"open","ping_status":"closed","template":"","meta":[],"product_brand":[],"product_cat":[31],"product_tag":[101,100],"class_list":{"0":"post-1566","1":"product","2":"type-product","3":"status-publish","4":"has-post-thumbnail","6":"product_cat-escursionismo","7":"product_tag-fuerteventura","8":"product_tag-spagna","10":"first","11":"instock","12":"downloadable","13":"virtual","14":"product-type-simple"},"_links":{"self":[{"href":"https:\/\/lavia.cc\/gpx\/wp-json\/wp\/v2\/product\/1566","targetHints":{"allow":["GET"]}}],"collection":[{"href":"https:\/\/lavia.cc\/gpx\/wp-json\/wp\/v2\/product"}],"about":[{"href":"https:\/\/lavia.cc\/gpx\/wp-json\/wp\/v2\/types\/product"}],"replies":[{"embeddable":true,"href":"https:\/\/lavia.cc\/gpx\/wp-json\/wp\/v2\/comments?post=1566"}],"version-history":[{"count":10,"href":"https:\/\/lavia.cc\/gpx\/wp-json\/wp\/v2\/product\/1566\/revisions"}],"predecessor-version":[{"id":3283,"href":"https:\/\/lavia.cc\/gpx\/wp-json\/wp\/v2\/product\/1566\/revisions\/3283"}],"wp:featuredmedia":[{"embeddable":true,"href":"https:\/\/lavia.cc\/gpx\/wp-json\/wp\/v2\/media\/1567"}],"wp:attachment":[{"href":"https:\/\/lavia.cc\/gpx\/wp-json\/wp\/v2\/media?parent=1566"}],"wp:term":[{"taxonomy":"product_brand","embeddable":true,"href":"https:\/\/lavia.cc\/gpx\/wp-json\/wp\/v2\/product_brand?post=1566"},{"taxonomy":"product_cat","embeddable":true,"href":"https:\/\/lavia.cc\/gpx\/wp-json\/wp\/v2\/product_cat?post=1566"},{"taxonomy":"product_tag","embeddable":true,"href":"https:\/\/lavia.cc\/gpx\/wp-json\/wp\/v2\/product_tag?post=1566"}],"curies":[{"name":"wp","href":"https:\/\/api.w.org\/{rel}","templated":true}]}}