{"id":1607,"date":"2022-08-12T12:54:04","date_gmt":"2022-08-12T10:54:04","guid":{"rendered":"https:\/\/lavia.cc\/gpx\/?post_type=product&#038;p=1607"},"modified":"2023-07-04T21:11:44","modified_gmt":"2023-07-04T19:11:44","slug":"monte-priora-e-pizzo-berro","status":"publish","type":"product","link":"https:\/\/lavia.cc\/gpx\/tracce\/monte-priora-e-pizzo-berro\/","title":{"rendered":"Monte Priora e Pizzo Berro da Pintura di Bolognola"},"content":{"rendered":"<h4>Monte Priora e Pizzo Berro da Pintura di Bolognola<\/h4>\n<p>Mappa dell&#8217;<a href=\"https:\/\/lavia.cc\/gpx\/categoria-tracce\/escursionismo\/\">escursione<\/a>.<\/p>\n\r\n\t\t<div id=\"wpgpxmaps_1607_1316624\" class=\"wpgpxmaps\">\r\n\t\t\t<div id=\"map_1607_1316624_cont\" style=\"width:100%; height:450px;position:relative\" >\r\n\t\t\t\t<div id=\"map_1607_1316624\" style=\"width:100%; height:450px\"><\/div>\r\n\t\t\t\t<div id=\"wpgpxmaps_1607_1316624_osm_footer\" class=\"wpgpxmaps_osm_footer\" style=\"display:none;\"><span> &copy; <a href=\"http:\/\/www.openstreetmap.org\/copyright\" target=\"_blank\" rel=\"noopener\">OpenStreetMap<\/a> contributors<\/span><\/div>\r\n\t\t\t<\/div>\r\n\t\t\t<canvas id=\"myChart_1607_1316624\" class=\"plot\" style=\"width:100%; height:200px\"><\/canvas>\r\n\t\t\t<div id=\"ngimages_1607_1316624\" class=\"ngimages\" style=\"display:none\"><\/div>\r\n\t\t\t<div id=\"report_1607_1316624\" class=\"report\"><\/div>\r\n\t\t<\/div>\r\n\t\t\r\n\t\t<script type=\"text\/javascript\">\r\n\r\n\t\t\tjQuery(document).ready(function() {\r\n\r\n\t\t\t\tjQuery( \"#wpgpxmaps_1607_1316624\" ).wpgpxmaps( {\r\n\t\t\t\t\ttargetId           : \"1607_1316624\",\r\n\t\t\t\t\tmapType            : \"HYBRID\",\r\n\t\t\t\t\tmapData            : [[42.9883860,13.2408320],[42.9882420,13.2406470],[42.9878120,13.2398550],[42.9873560,13.2394800],[42.9870510,13.2393500],[42.9867670,13.2393900],[42.9861520,13.2393550],[42.9860380,13.2393930],[42.9859040,13.2395640],[42.9857060,13.2399880],[42.9854960,13.2410860],[42.9854170,13.2412520],[42.9853060,13.2411900],[42.9850440,13.2408360],[42.9849000,13.2406960],[42.9845800,13.2406350],[42.9838150,13.2408390],[42.9837270,13.2409000],[42.9835400,13.2412050],[42.9834130,13.2412820],[42.9828690,13.2410560],[42.9826920,13.2410610],[42.9802000,13.2417920],[42.9792140,13.2420220],[42.9783230,13.2419660],[42.9770380,13.2420430],[42.9766440,13.2419030],[42.9735140,13.2401700],[42.9731430,13.2401170],[42.9723450,13.2394350],[42.9717750,13.2391630],[42.9714600,13.2386680],[42.9709890,13.2383930],[42.9702610,13.2377750],[42.9696390,13.2371150],[42.9690860,13.2363730],[42.9680700,13.2346500],[42.9668400,13.2331140],[42.9663090,13.2322670],[42.9658720,13.2318720],[42.9652870,13.2310710],[42.9639530,13.2304690],[42.9636480,13.2299400],[42.9634800,13.2298140],[42.9633660,13.2296110],[42.9634230,13.2293480],[42.9628330,13.2284770],[42.9621450,13.2274620],[42.9616500,13.2261330],[42.9614960,13.2255510],[42.9614310,13.2247400],[42.9611300,13.2243720],[42.9609600,13.2240190],[42.9608000,13.2232050],[42.9605930,13.2229040],[42.9605530,13.2223460],[42.9601140,13.2219500],[42.9597900,13.2212470],[42.9595290,13.2209750],[42.9593320,13.2205540],[42.9587640,13.2203960],[42.9586650,13.2201790],[42.9587460,13.2198860],[42.9587180,13.2196240],[42.9588830,13.2192310],[42.9589320,13.2186350],[42.9590200,13.2182090],[42.9589370,13.2171400],[42.9590740,13.2167080],[42.9590010,13.2162200],[42.9591170,13.2157760],[42.9591440,13.2154150],[42.9587220,13.2152990],[42.9584350,13.2152050],[42.9583260,13.2152940],[42.9579040,13.2153460],[42.9573510,13.2151720],[42.9568200,13.2149090],[42.9565020,13.2145710],[42.9558660,13.2131930],[42.9556650,13.2126110],[42.9555010,13.2124590],[42.9554640,13.2122220],[42.9549600,13.2109990],[42.9547000,13.2107980],[42.9542570,13.2103030],[42.9534090,13.2095850],[42.9530720,13.2093440],[42.9529650,13.2091920],[42.9528820,13.2089410],[42.9529310,13.2085850],[42.9529960,13.2083960],[42.9532890,13.2079270],[42.9535290,13.2076680],[42.9538690,13.2075410],[42.9540080,13.2074270],[42.9541020,13.2073520],[42.9541780,13.2072600],[42.9542510,13.2071470],[42.9543060,13.2070430],[42.9543470,13.2069060],[42.9543200,13.2067870],[42.9542240,13.2067640],[42.9541710,13.2068740],[42.9541120,13.2069940],[42.9540360,13.2070710],[42.9539540,13.2071460],[42.9538350,13.2072280],[42.9537380,13.2072790],[42.9536430,13.2073220],[42.9534380,13.2074240],[42.9532070,13.2076220],[42.9527110,13.2083900],[42.9526210,13.2086980],[42.9524170,13.2090420],[42.9524020,13.2091620],[42.9518980,13.2098790],[42.9513080,13.2105360],[42.9510090,13.2110540],[42.9509460,13.2112120],[42.9504760,13.2118820],[42.9498780,13.2128060],[42.9493600,13.2132420],[42.9491090,13.2135600],[42.9489910,13.2135650],[42.9488500,13.2137020],[42.9485530,13.2137300],[42.9480380,13.2140490],[42.9477390,13.2140970],[42.9474720,13.2140010],[42.9459390,13.2140150],[42.9446340,13.2142790],[42.9442370,13.2142720],[42.9432510,13.2144170],[42.9423520,13.2147340],[42.9422290,13.2149440],[42.9416550,13.2150580],[42.9408510,13.2151100],[42.9391860,13.2155060],[42.9390050,13.2154990],[42.9385230,13.2156940],[42.9384440,13.2158370],[42.9383280,13.2159230],[42.9380860,13.2159790],[42.9374320,13.2163220],[42.9372310,13.2164640],[42.9371270,13.2164160],[42.9368760,13.2165620],[42.9365400,13.2169100],[42.9362160,13.2173740],[42.9356710,13.2178180],[42.9352150,13.2181880],[42.9343270,13.2185370],[42.9341980,13.2185880],[42.9339140,13.2187980],[42.9343990,13.2190030],[42.9341100,13.2192540],[42.9339610,13.2193160],[42.9331290,13.2196620],[42.9329720,13.2197820],[42.9326860,13.2198380],[42.9325380,13.2199450],[42.9321110,13.2200270],[42.9307690,13.2209030],[42.9303190,13.2212720],[42.9298510,13.2216970],[42.9291190,13.2226150],[42.9287000,13.2231690],[42.9284360,13.2237360],[42.9279770,13.2250970],[42.9278960,13.2254660],[42.9282510,13.2266770],[42.9284360,13.2269730],[42.9291750,13.2276170],[42.9292850,13.2278750],[42.9294200,13.2279390],[42.9302380,13.2290380],[42.9306080,13.2297080],[42.9307150,13.2300300],[42.9309200,13.2301370],[42.9309890,13.2304800],[42.9309320,13.2307510],[42.9309840,13.2309620],[42.9310950,13.2314230],[42.9310800,13.2318640],[42.9311950,13.2325110],[42.9312890,13.2325960],[42.9313130,13.2331120],[42.9312810,13.2334860],[42.9313690,13.2341040],[42.9314540,13.2356230],[42.9318530,13.2381090],[42.9319030,13.2385870],[42.9318500,13.2391170],[42.9319390,13.2394030],[42.9320470,13.2395380],[42.9321130,13.2401070],[42.9321800,13.2406790],[42.9321130,13.2401070],[42.9320470,13.2395380],[42.9319390,13.2394030],[42.9318500,13.2391170],[42.9319030,13.2385870],[42.9318530,13.2381090],[42.9314540,13.2356230],[42.9313690,13.2341040],[42.9312810,13.2334860],[42.9313130,13.2331120],[42.9312890,13.2325960],[42.9311950,13.2325110],[42.9310850,13.2318940],[42.9310950,13.2314230],[42.9309840,13.2309620],[42.9309320,13.2307510],[42.9309890,13.2304800],[42.9309200,13.2301370],[42.9307150,13.2300300],[42.9306080,13.2297080],[42.9302380,13.2290380],[42.9294200,13.2279390],[42.9292850,13.2278750],[42.9291750,13.2276170],[42.9284360,13.2269730],[42.9282510,13.2266770],[42.9278960,13.2254660],[42.9279770,13.2250970],[42.9284360,13.2237360],[42.9287000,13.2231690],[42.9291190,13.2226150],[42.9298510,13.2216970],[42.9303190,13.2212720],[42.9307690,13.2209030],[42.9321110,13.2200270],[42.9319270,13.2200310],[42.9315520,13.2201960],[42.9314240,13.2201800],[42.9312310,13.2202490],[42.9308320,13.2203920],[42.9301450,13.2208080],[42.9293290,13.2211410],[42.9291080,13.2211480],[42.9289140,13.2212860],[42.9283750,13.2214940],[42.9278550,13.2219430],[42.9274580,13.2220500],[42.9272460,13.2222460],[42.9269160,13.2225100],[42.9268420,13.2225620],[42.9267490,13.2226050],[42.9266720,13.2226720],[42.9266180,13.2227790],[42.9266200,13.2229110],[42.9267080,13.2229400],[42.9266130,13.2229620],[42.9265650,13.2228480],[42.9265850,13.2227230],[42.9266280,13.2226040],[42.9267010,13.2224920],[42.9267740,13.2224210],[42.9268700,13.2223810],[42.9269690,13.2223120],[42.9271820,13.2222330],[42.9274580,13.2220500],[42.9278550,13.2219430],[42.9283750,13.2214940],[42.9289140,13.2212860],[42.9291080,13.2211480],[42.9293290,13.2211410],[42.9301450,13.2208080],[42.9308320,13.2203920],[42.9312310,13.2202490],[42.9314240,13.2201800],[42.9315520,13.2201960],[42.9319270,13.2200310],[42.9321110,13.2200270],[42.9325380,13.2199450],[42.9326860,13.2198380],[42.9329720,13.2197820],[42.9331290,13.2196620],[42.9339610,13.2193160],[42.9341100,13.2192540],[42.9344180,13.2190680],[42.9339190,13.2188770],[42.9341980,13.2185880],[42.9343270,13.2185370],[42.9352150,13.2181880],[42.9356710,13.2178180],[42.9362160,13.2173740],[42.9365400,13.2169100],[42.9368760,13.2165620],[42.9371270,13.2164160],[42.9372310,13.2164640],[42.9374010,13.2164210],[42.9380860,13.2159790],[42.9383280,13.2159230],[42.9384440,13.2158370],[42.9385230,13.2156940],[42.9390050,13.2154990],[42.9391860,13.2155060],[42.9408510,13.2151100],[42.9416550,13.2150580],[42.9422290,13.2149440],[42.9423520,13.2147340],[42.9432510,13.2144170],[42.9442370,13.2142720],[42.9446340,13.2142790],[42.9459390,13.2140150],[42.9474720,13.2140010],[42.9477390,13.2140970],[42.9480380,13.2140490],[42.9485530,13.2137300],[42.9488500,13.2137020],[42.9489910,13.2135650],[42.9491090,13.2135600],[42.9493600,13.2132420],[42.9498780,13.2128060],[42.9504760,13.2118820],[42.9509640,13.2113150],[42.9510090,13.2110540],[42.9513080,13.2105360],[42.9518980,13.2098790],[42.9524020,13.2091620],[42.9524170,13.2090420],[42.9526210,13.2086980],[42.9527110,13.2083900],[42.9532070,13.2076220],[42.9534380,13.2074240],[42.9535440,13.2073840],[42.9536330,13.2073140],[42.9537300,13.2072380],[42.9538230,13.2071680],[42.9539290,13.2071090],[42.9540070,13.2070360],[42.9540910,13.2069510],[42.9541670,13.2068670],[42.9542160,13.2067550],[42.9543140,13.2068140],[42.9543690,13.2069200],[42.9543290,13.2070400],[42.9542510,13.2071400],[42.9540450,13.2073810],[42.9538690,13.2075410],[42.9535290,13.2076680],[42.9532890,13.2079270],[42.9529960,13.2083960],[42.9529310,13.2085850],[42.9528820,13.2089410],[42.9529650,13.2091920],[42.9530720,13.2093440],[42.9534090,13.2095850],[42.9542570,13.2103030],[42.9547000,13.2107980],[42.9549600,13.2109990],[42.9554640,13.2122220],[42.9555010,13.2124590],[42.9556650,13.2126110],[42.9558660,13.2131930],[42.9565020,13.2145710],[42.9568200,13.2149090],[42.9573510,13.2151720],[42.9579040,13.2153460],[42.9583260,13.2152940],[42.9584350,13.2152050],[42.9587220,13.2152990],[42.9590970,13.2153340],[42.9591170,13.2157760],[42.9590010,13.2162200],[42.9590880,13.2165880],[42.9589370,13.2171400],[42.9590200,13.2182090],[42.9589320,13.2186350],[42.9588830,13.2192310],[42.9587180,13.2196240],[42.9587460,13.2198860],[42.9586650,13.2201790],[42.9587640,13.2203960],[42.9593320,13.2205540],[42.9595290,13.2209750],[42.9597900,13.2212470],[42.9601140,13.2219500],[42.9605530,13.2223460],[42.9605930,13.2229040],[42.9608000,13.2232050],[42.9609600,13.2240190],[42.9611300,13.2243720],[42.9614310,13.2247400],[42.9614960,13.2255510],[42.9616500,13.2261330],[42.9621450,13.2274620],[42.9628330,13.2284770],[42.9634230,13.2293480],[42.9633660,13.2296110],[42.9634800,13.2298140],[42.9636480,13.2299400],[42.9639530,13.2304690],[42.9652870,13.2310710],[42.9658720,13.2318720],[42.9663090,13.2322670],[42.9665940,13.2327220],[42.9664760,13.2328610],[42.9665300,13.2329700],[42.9666040,13.2330640],[42.9666440,13.2331740],[42.9667020,13.2332720],[42.9667270,13.2334030],[42.9667680,13.2335220],[42.9668170,13.2336400],[42.9668720,13.2337660],[42.9669620,13.2338490],[42.9670520,13.2339300],[42.9671270,13.2340400],[42.9672160,13.2341370],[42.9672480,13.2342580],[42.9672830,13.2344060],[42.9673100,13.2345410],[42.9673620,13.2346550],[42.9673800,13.2347820],[42.9673920,13.2349030],[42.9673720,13.2350570],[42.9674460,13.2351600],[42.9674860,13.2352810],[42.9675490,13.2353780],[42.9676330,13.2354520],[42.9677220,13.2355760],[42.9678090,13.2356390],[42.9679030,13.2357280],[42.9679900,13.2358420],[42.9680920,13.2359310],[42.9681660,13.2360360],[42.9682460,13.2361140],[42.9683170,13.2362310],[42.9683770,13.2363300],[42.9684630,13.2364120],[42.9685230,13.2365240],[42.9685910,13.2366240],[42.9686690,13.2367380],[42.9687520,13.2367970],[42.9687990,13.2369050],[42.9689140,13.2369610],[42.9690210,13.2370340],[42.9691210,13.2371480],[42.9692480,13.2372610],[42.9693590,13.2373690],[42.9694560,13.2374660],[42.9695650,13.2375750],[42.9696590,13.2376530],[42.9697570,13.2377300],[42.9698630,13.2377970],[42.9699800,13.2378680],[42.9700680,13.2379230],[42.9701880,13.2379880],[42.9702780,13.2377890],[42.9709890,13.2383930],[42.9714600,13.2386680],[42.9717750,13.2391630],[42.9723450,13.2394350],[42.9731430,13.2401170],[42.9735140,13.2401700],[42.9766440,13.2419030],[42.9770380,13.2420430],[42.9783230,13.2419660],[42.9792140,13.2420220],[42.9802000,13.2417920],[42.9826920,13.2410610],[42.9828690,13.2410560],[42.9834130,13.2412820],[42.9836090,13.2411140],[42.9836780,13.2410220],[42.9837460,13.2409310],[42.9838150,13.2408390],[42.9845800,13.2406350],[42.9849000,13.2406960],[42.9850440,13.2408360],[42.9853060,13.2411900],[42.9854170,13.2412520],[42.9854960,13.2410860],[42.9857060,13.2399880],[42.9859040,13.2395640],[42.9860380,13.2393930],[42.9861520,13.2393550],[42.9867670,13.2393900],[42.9870510,13.2393500],[42.9873560,13.2394800],[42.9878120,13.2398550],[42.9882420,13.2406470],[42.9883860,13.2408320],[42.9882870,13.2408010],[42.9883670,13.2408980],[42.9883460,13.2410180]],\r\n\t\t\t\t\tgraphDist          : [0.00,0.02,0.10,0.16,0.20,0.23,0.30,0.31,0.33,0.37,0.47,0.48,0.50,0.54,0.56,0.59,0.68,0.69,0.72,0.74,0.80,0.82,1.10,1.22,1.32,1.46,1.50,1.88,1.92,2.03,2.09,2.15,2.20,2.30,2.39,2.47,2.65,2.84,2.93,2.99,3.08,3.24,3.29,3.32,3.34,3.36,3.46,3.57,3.69,3.74,3.81,3.85,3.89,3.96,3.99,4.04,4.09,4.16,4.20,4.24,4.30,4.33,4.35,4.37,4.41,4.46,4.49,4.58,4.62,4.66,4.70,4.73,4.78,4.81,4.83,4.88,4.94,5.00,5.05,5.18,5.23,5.26,5.28,5.39,5.42,5.49,5.60,5.64,5.66,5.68,5.71,5.73,5.78,5.81,5.85,5.87,5.88,5.90,5.91,5.92,5.93,5.94,5.95,5.96,5.98,5.99,6.00,6.01,6.02,6.04,6.06,6.10,6.18,6.21,6.24,6.25,6.34,6.42,6.48,6.49,6.57,6.67,6.74,6.78,6.79,6.81,6.84,6.90,6.94,6.97,7.14,7.29,7.33,7.44,7.54,7.57,7.63,7.72,7.91,7.93,7.99,8.00,8.02,8.04,8.12,8.15,8.16,8.19,8.24,8.29,8.37,8.43,8.54,8.55,8.59,8.66,8.70,8.72,8.82,8.84,8.87,8.89,8.94,9.10,9.16,9.22,9.33,9.40,9.45,9.58,9.61,9.72,9.75,9.85,9.87,9.89,10.02,10.08,10.11,10.14,10.17,10.19,10.21,10.25,10.29,10.34,10.36,10.40,10.43,10.48,10.61,10.82,10.86,10.91,10.93,10.95,11.00,11.05,11.10,11.14,11.16,11.19,11.23,11.27,11.49,11.61,11.67,11.70,11.74,11.75,11.81,11.85,11.89,11.91,11.93,11.96,11.98,12.01,12.08,12.21,12.22,12.25,12.35,12.38,12.49,12.52,12.64,12.70,12.76,12.87,12.93,12.99,13.16,13.18,13.22,13.24,13.26,13.31,13.39,13.49,13.51,13.54,13.60,13.67,13.71,13.74,13.79,13.80,13.81,13.82,13.83,13.84,13.85,13.86,13.87,13.89,13.90,13.91,13.92,13.93,13.94,13.97,14.00,14.05,14.12,14.18,14.21,14.23,14.33,14.41,14.46,14.48,14.50,14.54,14.56,14.61,14.63,14.66,14.68,14.78,14.80,14.84,14.90,14.94,14.96,15.07,15.13,15.21,15.26,15.30,15.34,15.35,15.37,15.45,15.48,15.50,15.51,15.57,15.59,15.78,15.86,15.93,15.95,16.06,16.17,16.21,16.36,16.53,16.56,16.59,16.66,16.69,16.71,16.72,16.76,16.83,16.93,17.00,17.02,17.08,17.16,17.24,17.25,17.29,17.32,17.40,17.43,17.45,17.46,17.47,17.48,17.50,17.51,17.52,17.53,17.54,17.55,17.56,17.57,17.59,17.62,17.64,17.68,17.72,17.77,17.78,17.81,17.83,17.85,17.89,18.01,18.07,18.10,18.22,18.24,18.26,18.31,18.45,18.49,18.55,18.62,18.67,18.68,18.71,18.75,18.79,18.83,18.86,18.91,19.00,19.04,19.08,19.12,19.14,19.17,19.19,19.25,19.30,19.33,19.40,19.46,19.50,19.54,19.61,19.64,19.69,19.75,19.80,19.93,20.04,20.14,20.16,20.18,20.20,20.26,20.41,20.50,20.56,20.61,20.63,20.64,20.65,20.66,20.67,20.68,20.70,20.71,20.72,20.73,20.74,20.75,20.77,20.78,20.79,20.80,20.81,20.83,20.84,20.85,20.86,20.87,20.88,20.89,20.91,20.92,20.93,20.95,20.96,20.97,20.98,20.99,21.00,21.02,21.03,21.04,21.05,21.06,21.07,21.09,21.10,21.12,21.13,21.15,21.16,21.18,21.19,21.20,21.21,21.23,21.24,21.25,21.27,21.37,21.42,21.48,21.54,21.65,21.69,22.07,22.11,22.26,22.36,22.47,22.75,22.77,22.83,22.86,22.87,22.88,22.89,22.98,23.01,23.03,23.07,23.09,23.10,23.20,23.24,23.26,23.27,23.34,23.37,23.41,23.47,23.55,23.57,23.58,23.59,23.60],\r\n\t\t\t\t\tgraphEle           : [1322.20,1323.40,1331.90,1338.80,1342.70,1345.60,1352.40,1353.90,1356.10,1360.30,1369.50,1371.10,1371.50,1372.70,1373.30,1375.00,1380.30,1381.00,1383.10,1384.30,1388.10,1389.20,1408.10,1417.40,1424.20,1433.00,1436.10,1460.80,1463.40,1470.00,1473.30,1475.40,1478.60,1483.30,1486.80,1491.20,1500.60,1513.60,1518.40,1523.80,1532.60,1547.80,1553.70,1556.30,1558.80,1560.90,1569.80,1581.60,1592.50,1596.70,1602.30,1606.10,1609.00,1614.70,1617.60,1621.40,1626.30,1632.00,1635.10,1638.50,1643.90,1645.60,1647.80,1649.60,1652.70,1656.80,1659.80,1667.20,1670.40,1675.10,1679.40,1682.70,1688.40,1692.10,1693.70,1699.00,1706.20,1713.30,1718.30,1733.30,1739.20,1741.70,1744.00,1756.90,1760.60,1767.80,1780.40,1784.30,1786.00,1788.20,1790.60,1791.90,1795.70,1798.30,1801.50,1803.10,1804.30,1805.30,1806.30,1807.10,1808.00,1809.50,1808.00,1808.10,1808.40,1808.90,1809.40,1809.90,1809.80,1809.50,1807.80,1805.30,1794.00,1796.40,1805.80,1809.10,1825.00,1830.80,1835.70,1837.00,1844.70,1849.10,1850.80,1852.00,1851.90,1851.70,1854.20,1856.50,1855.60,1856.10,1860.20,1863.30,1867.60,1877.10,1884.90,1893.90,1888.30,1895.60,1911.30,1912.80,1917.80,1918.90,1920.00,1922.50,1929.30,1931.60,1932.60,1935.20,1939.10,1943.90,1967.80,1992.60,2027.30,2030.60,2043.30,2063.20,2073.20,2077.70,2097.80,2101.00,2104.30,2106.50,2112.40,2125.20,2126.90,2127.80,2125.30,2123.90,2123.60,2130.10,2131.00,2110.00,2105.40,2088.20,2085.50,2084.40,2089.80,2097.00,2097.50,2091.30,2094.40,2099.70,2103.10,2116.60,2125.90,2139.30,2141.50,2151.30,2158.50,2170.50,2199.50,2248.00,2257.20,2267.40,2273.30,2277.10,2288.10,2299.10,2288.10,2277.10,2273.30,2267.40,2257.20,2248.00,2199.50,2170.50,2158.50,2151.30,2141.50,2139.30,2126.50,2116.60,2103.20,2099.80,2094.50,2091.30,2097.50,2097.00,2089.80,2084.40,2085.50,2088.30,2105.50,2110.10,2131.00,2130.10,2123.60,2123.90,2125.30,2127.80,2126.90,2125.20,2112.40,2115.80,2122.40,2124.30,2127.00,2132.40,2143.10,2156.90,2162.60,2167.20,2177.40,2188.00,2197.20,2201.70,2207.70,2207.80,2207.90,2207.90,2208.00,2208.10,2208.10,2208.20,2207.90,2207.70,2207.40,2207.00,2206.60,2206.20,2205.70,2203.00,2197.20,2188.10,2177.40,2167.20,2162.70,2157.00,2143.20,2132.50,2127.00,2124.40,2122.50,2115.90,2112.40,2106.40,2104.20,2101.00,2097.80,2077.70,2073.20,2064.40,2046.00,2030.50,2027.30,1992.40,1967.60,1943.90,1939.00,1935.10,1932.60,1931.50,1930.00,1922.50,1920.00,1918.80,1917.80,1912.80,1911.20,1895.60,1888.30,1893.90,1884.90,1877.10,1867.60,1863.30,1860.20,1856.10,1855.60,1856.50,1854.30,1851.70,1851.90,1852.00,1850.80,1849.10,1844.80,1838.10,1835.70,1830.80,1825.00,1809.10,1805.80,1796.30,1794.00,1805.40,1807.90,1808.90,1809.50,1809.90,1809.80,1809.50,1809.00,1808.40,1808.10,1808.00,1808.50,1807.90,1807.10,1806.20,1803.60,1801.50,1798.30,1795.70,1791.90,1790.60,1788.20,1786.00,1784.30,1780.50,1768.00,1760.80,1757.00,1744.10,1741.90,1739.40,1733.50,1718.50,1713.40,1706.30,1699.20,1693.90,1692.30,1688.60,1683.90,1679.60,1675.20,1671.70,1667.10,1659.80,1656.80,1652.60,1649.50,1647.70,1645.60,1643.80,1638.40,1635.00,1631.90,1626.20,1621.30,1617.50,1614.60,1608.90,1606.00,1602.20,1596.60,1592.40,1581.60,1569.80,1560.90,1558.80,1556.30,1553.70,1547.80,1532.60,1523.90,1518.40,1516.10,1515.30,1514.80,1514.10,1513.60,1512.90,1512.10,1511.40,1510.60,1509.80,1508.90,1508.10,1507.30,1506.40,1505.80,1505.00,1504.30,1503.60,1502.90,1502.30,1501.50,1500.80,1500.10,1499.30,1498.50,1497.60,1497.00,1496.40,1495.80,1495.30,1494.80,1494.30,1493.80,1493.40,1492.90,1492.40,1492.00,1491.50,1491.10,1490.70,1490.10,1489.40,1488.70,1487.80,1487.10,1486.50,1486.00,1485.60,1485.20,1484.70,1484.10,1483.60,1483.00,1482.20,1477.60,1474.90,1473.00,1470.00,1463.40,1460.80,1436.10,1433.00,1424.20,1417.40,1408.10,1389.20,1388.10,1384.20,1382.40,1381.70,1381.00,1380.30,1374.90,1373.30,1372.70,1371.50,1371.10,1369.50,1360.20,1356.00,1353.80,1352.30,1345.50,1342.60,1338.70,1331.80,1323.30,1322.20,1322.20,1323.70,1326.10],\r\n\t\t\t\t\tgraphSpeed         : [],\r\n\t\t\t\t\tgraphHr            : [],\r\n\t\t\t\t\tgraphAtemp         : [],\r\n\t\t\t\t\tgraphCad           : [],\r\n\t\t\t\t\tgraphGrade         : [],\r\n\t\t\t\t\twaypoints          : [],\r\n\t\t\t\t\tunit               : \"2\",\r\n\t\t\t\t\tunitspeed          : \"0\",\r\n\t\t\t\t\tcolor1             : [\"#3366cc\"],\r\n\t\t\t\t\tcolor2             : \"#3366cc\",\r\n\t\t\t\t\tcolor3             : \"#ff0000\",\r\n\t\t\t\t\tcolor4             : \"#ff77bd\",\r\n\t\t\t\t\tcolor5             : \"#beecff\",\r\n\t\t\t\t\tcolor6             : \"#beecff\",\r\n\t\t\t\t\tcolor7             : \"#ff77bd\",\r\n\t\t\t\t\tchartFrom1         : \"\",\r\n\t\t\t\t\tchartTo1           : \"\",\r\n\t\t\t\t\tchartFrom2         : \"\",\r\n\t\t\t\t\tchartTo2           : \"\",\r\n\t\t\t\t\tstartIcon          : \"\",\r\n\t\t\t\t\tendIcon            : \"\",\r\n\t\t\t\t\tcurrentIcon        : \"\",\r\n\t\t\t\t\twaypointIcon       : \"https:\/\/lavia.cc\/gpx\/wp-content\/uploads\/gpx\/cropped-icona.ico\",\r\n\t\t\t\t\tcurrentpositioncon : \"\",\r\n\t\t\t\t\tusegpsposition     : \"\",\r\n\t\t\t\t\tzoomOnScrollWheel  : \"\",\r\n\t\t\t\t\tngGalleries        : [],\r\n\t\t\t\t\tngImages           : [],\r\n\t\t\t\t\tpluginUrl          : \"https:\/\/lavia.cc\/gpx\/wp-content\/plugins\",\r\n\t\t\t\t\tTFApiKey           : \"\",\r\n\t\t\t\t\tMapBoxApiKey           : \"\",\r\n\t\t\t\t\tlangs              : {\r\n\t\t\t\t\t\taltitude        : \"Altitudine\",\r\n\t\t\t\t\t\tcurrentPosition : \"Current position\",\r\n\t\t\t\t\t\tspeed           : \"Velocit\u00e0\",\r\n\t\t\t\t\t\tgrade           : \"Grade\",\r\n\t\t\t\t\t\theartRate       : \"Battito Cardiaco\",\r\n\t\t\t\t\t\tatemp           : \"Temperature\",\r\n\t\t\t\t\t\tcadence         : \"Cadenza\",\r\n\t\t\t\t\t\tgoFullScreen    : \"Go full screen\",\r\n\t\t\t\t\t\texitFullFcreen  : \"Exit full screen\",\r\n\t\t\t\t\t\thideImages      : \"Hide images\",\r\n\t\t\t\t\t\tshowImages      : \"Show images\",\r\n\t\t\t\t\t\tbackToCenter\t: \"Ritorna al centro della mappa\"\r\n\t\t\t\t\t}\r\n\t\t\t\t});\r\n\r\n\t\t\t});\r\n\r\n\t\t<\/script>\n<p>Clicca qui per raggiungere il punto di partenza: <a href=\"https:\/\/www.google.com\/maps\/place\/Strada+del+fargno\/@42.9883839,13.2386413,17z\/data=!4m13!1m7!3m6!1s0x0:0xc6d85d089c26fe34!2zNDLCsDU5JzE4LjIiTiAxM8KwMTQnMjcuMCJF!3b1!8m2!3d42.98838!4d13.24083!3m4!1s0x132e0a4974c71017:0x63e6c4926e6f8101!8m2!3d42.9879643!4d13.2401156\" target=\"_blank\" rel=\"noopener\">Google Maps<\/a><\/p>\n","protected":false},"excerpt":{"rendered":"<p>Il Monte Priora (la cui vetta \u00e8 detta anche Pizzo della Regina) coi suoi 2.333 metri \u00e8 la terza montagna per altezza della catena montuosa dei Sibillini dopo il Monte Vettore e la Cima del Redentore.<br \/>\nE\u2019 situata nel comune di Montefortino, che appartiene alla provincia di Fermo, e fa parte dal 1993 dal Parco Nazionale dei Monti Sibillini. La cima \u00e8 caratterizzata da una maiolica rossastra molto caratteristica. Vi proponiamo una delle escursioni pi\u00f9 conosciute e apprezzate dei Sibillini, con immensi panorami sulle Marche e sui luoghi pi\u00f9 selvaggi dei Monti Sibillini. La partenza a piedi \u00e8 da Pintura di Bolognola, si raggiunge dapprima il pizzo Berro (2.260m) e successivamente la Priora (2.332m), o viceversa. Si ritorna per lo stesso itinerario. Spettacolare!<\/p>\n","protected":false},"featured_media":1608,"comment_status":"open","ping_status":"closed","template":"","meta":[],"product_brand":[],"product_cat":[31],"product_tag":[106,133],"class_list":{"0":"post-1607","1":"product","2":"type-product","3":"status-publish","4":"has-post-thumbnail","6":"product_cat-escursionismo","7":"product_tag-marche","8":"product_tag-monti-sibillini","10":"first","11":"instock","12":"downloadable","13":"virtual","14":"product-type-simple"},"_links":{"self":[{"href":"https:\/\/lavia.cc\/gpx\/wp-json\/wp\/v2\/product\/1607","targetHints":{"allow":["GET"]}}],"collection":[{"href":"https:\/\/lavia.cc\/gpx\/wp-json\/wp\/v2\/product"}],"about":[{"href":"https:\/\/lavia.cc\/gpx\/wp-json\/wp\/v2\/types\/product"}],"replies":[{"embeddable":true,"href":"https:\/\/lavia.cc\/gpx\/wp-json\/wp\/v2\/comments?post=1607"}],"version-history":[{"count":5,"href":"https:\/\/lavia.cc\/gpx\/wp-json\/wp\/v2\/product\/1607\/revisions"}],"predecessor-version":[{"id":3341,"href":"https:\/\/lavia.cc\/gpx\/wp-json\/wp\/v2\/product\/1607\/revisions\/3341"}],"wp:featuredmedia":[{"embeddable":true,"href":"https:\/\/lavia.cc\/gpx\/wp-json\/wp\/v2\/media\/1608"}],"wp:attachment":[{"href":"https:\/\/lavia.cc\/gpx\/wp-json\/wp\/v2\/media?parent=1607"}],"wp:term":[{"taxonomy":"product_brand","embeddable":true,"href":"https:\/\/lavia.cc\/gpx\/wp-json\/wp\/v2\/product_brand?post=1607"},{"taxonomy":"product_cat","embeddable":true,"href":"https:\/\/lavia.cc\/gpx\/wp-json\/wp\/v2\/product_cat?post=1607"},{"taxonomy":"product_tag","embeddable":true,"href":"https:\/\/lavia.cc\/gpx\/wp-json\/wp\/v2\/product_tag?post=1607"}],"curies":[{"name":"wp","href":"https:\/\/api.w.org\/{rel}","templated":true}]}}