{"id":16981,"date":"2024-09-27T09:06:46","date_gmt":"2024-09-27T07:06:46","guid":{"rendered":"https:\/\/lavia.cc\/gpx\/?post_type=product&#038;p=16981"},"modified":"2024-09-27T09:08:40","modified_gmt":"2024-09-27T07:08:40","slug":"monte-punta","status":"publish","type":"product","link":"https:\/\/lavia.cc\/gpx\/tracce\/monte-punta\/","title":{"rendered":"Anello Monte Punta"},"content":{"rendered":"<h5>Anello Monte Punta<\/h5>\n<p>\u27a1\ufe0f Clicca qui per andare al punto di partenza: <a href=\"https:\/\/www.google.com\/maps\/place\/Parcheggio+per+Monte+Ponta\/@46.3818328,12.143123,17z\/data=!3m1!4b1!4m6!3m5!1s0x47784d00006cf873:0xacd617ffa654510a!8m2!3d46.3818328!4d12.143123!16s%2Fg%2F11w4grc3kx?entry=ttu&amp;g_ep=EgoyMDI0MDkyMy4wIKXMDSoASAFQAw%3D%3D\" target=\"_blank\" rel=\"noopener\">GOOGLE MAPS<\/a> (Parcheggio).<\/p>\n<p>\u2139\ufe0f Il Monte Punta, detto anche &#8220;monte Ponta&#8221; in dialetto Zoldano \u00e8 una piramide di terra e roccia posta al centro della Val di Zoldo che la separa dalla Val di Rutorto e da Zopp\u00e8 di Cadore.<\/p>\n<p>\u26fa\ufe0f\ud83c\udf74In localit\u00e0 Coi, sul punto pi\u00f9 alto e panoramico della valle, a 1494 metri di altezza, al cospetto del Monte Civetta ed ai piedi dell&#8217;imponente Monte Pelmo, l&#8217;hotel <strong>\u201c<a href=\"https:\/\/www.lacaminatha.it\/\" target=\"_blank\" rel=\"noopener\">La Caminatha<\/a>\u201d<\/strong>, \u00e8 circondato da uno scenario mozzafiato e gode d&#8217; inverno dell\u2019abbraccio del sole per oltre un\u2019ora dopo il tramonto sulle piste.<\/p>\n<p>\u26a0\ufe0f La percorribilit\u00e0 dell\u2019itinerario proposto, come tutta la morfologia montana, \u00e8 soggetta a cambiamenti ambientali dovuti a eventi naturali e alle condizioni meteo. Quindi, prima di partire, consultate gli uffici turistici competenti e\/o i rifugi di riferimento.<\/p>\n<p>\ud83d\uddfa\ufe0f Mappa e altimetria dell&#8217;<a href=\"https:\/\/lavia.cc\/gpx\/categoria-tracce\/escursionismo\/\">escursione<\/a> &#8220;<strong>Anello Monte Punta<\/strong>&#8220;:<\/p>\n\r\n\t\t<div id=\"wpgpxmaps_16981_1729758\" class=\"wpgpxmaps\">\r\n\t\t\t<div id=\"map_16981_1729758_cont\" style=\"width:100%; height:450px;position:relative\" >\r\n\t\t\t\t<div id=\"map_16981_1729758\" style=\"width:100%; height:450px\"><\/div>\r\n\t\t\t\t<div id=\"wpgpxmaps_16981_1729758_osm_footer\" class=\"wpgpxmaps_osm_footer\" style=\"display:none;\"><span> &copy; <a href=\"http:\/\/www.openstreetmap.org\/copyright\" target=\"_blank\" rel=\"noopener\">OpenStreetMap<\/a> contributors<\/span><\/div>\r\n\t\t\t<\/div>\r\n\t\t\t<canvas id=\"myChart_16981_1729758\" class=\"plot\" style=\"width:100%; height:200px\"><\/canvas>\r\n\t\t\t<div id=\"ngimages_16981_1729758\" class=\"ngimages\" style=\"display:none\"><\/div>\r\n\t\t\t<div id=\"report_16981_1729758\" class=\"report\"><\/div>\r\n\t\t<\/div>\r\n\t\t\r\n\t\t<script type=\"text\/javascript\">\r\n\r\n\t\t\tjQuery(document).ready(function() {\r\n\r\n\t\t\t\tjQuery( \"#wpgpxmaps_16981_1729758\" ).wpgpxmaps( {\r\n\t\t\t\t\ttargetId           : \"16981_1729758\",\r\n\t\t\t\t\tmapType            : \"HYBRID\",\r\n\t\t\t\t\tmapData            : [[46.3818550,12.1428950],[46.3819050,12.1430740],[46.3818190,12.1431800],[46.3814450,12.1432040],[46.3812050,12.1434430],[46.3809330,12.1435500],[46.3807820,12.1438660],[46.3805410,12.1440720],[46.3802470,12.1444510],[46.3801540,12.1450360],[46.3800700,12.1454130],[46.3798270,12.1462040],[46.3798270,12.1463860],[46.3799280,12.1466170],[46.3797850,12.1468240],[46.3794660,12.1466660],[46.3793230,12.1466420],[46.3791300,12.1467270],[46.3785090,12.1472990],[46.3783660,12.1473360],[46.3782990,12.1474690],[46.3781980,12.1478220],[46.3778370,12.1481510],[46.3776690,12.1482850],[46.3774260,12.1483450],[46.3771990,12.1484430],[46.3766380,12.1487490],[46.3764270,12.1491490],[46.3763640,12.1493720],[46.3761680,12.1500930],[46.3760410,12.1508280],[46.3759740,12.1510590],[46.3760660,12.1513030],[46.3760490,12.1515090],[46.3759780,12.1515980],[46.3758730,12.1517290],[46.3758280,12.1522430],[46.3758210,12.1525530],[46.3758150,12.1528110],[46.3756440,12.1528210],[46.3755170,12.1528870],[46.3752350,12.1531520],[46.3751170,12.1531640],[46.3750750,12.1532980],[46.3749410,12.1534200],[46.3748820,12.1536390],[46.3749320,12.1538820],[46.3749160,12.1544540],[46.3749410,12.1546850],[46.3749420,12.1551240],[46.3746470,12.1553060],[46.3743360,12.1553060],[46.3741430,12.1553910],[46.3739500,12.1554160],[46.3737650,12.1553790],[46.3736140,12.1554770],[46.3734880,12.1556220],[46.3733710,12.1558420],[46.3732950,12.1560610],[46.3729590,12.1565470],[46.3729170,12.1566690],[46.3728170,12.1567060],[46.3727910,12.1568760],[46.3724390,12.1574360],[46.3722040,12.1579100],[46.3720780,12.1581170],[46.3717330,12.1585550],[46.3717080,12.1588230],[46.3717170,12.1590660],[46.3714480,12.1593220],[46.3714060,12.1594680],[46.3712550,12.1595530],[46.3710530,12.1596020],[46.3709020,12.1597110],[46.3708010,12.1596870],[46.3707010,12.1595290],[46.3705330,12.1594320],[46.3704490,12.1593460],[46.3703560,12.1594440],[46.3701890,12.1594440],[46.3700540,12.1593340],[46.3699030,12.1591150],[46.3697940,12.1590050],[46.3696600,12.1589570],[46.3695250,12.1590540],[46.3694250,12.1592490],[46.3690630,12.1596500],[46.3688200,12.1602100],[46.3686690,12.1604050],[46.3685180,12.1606610],[46.3676690,12.1611470],[46.3673920,12.1613780],[46.3673800,12.1615260],[46.3675430,12.1617560],[46.3676970,12.1619370],[46.3679090,12.1623430],[46.3679590,12.1627580],[46.3680920,12.1630220],[46.3681120,12.1633360],[46.3680830,12.1636130],[46.3680930,12.1638580],[46.3680640,12.1639920],[46.3679880,12.1642370],[46.3679060,12.1644100],[46.3679020,12.1645700],[46.3678130,12.1649260],[46.3677330,12.1650520],[46.3676670,12.1652180],[46.3676930,12.1655230],[46.3677390,12.1656690],[46.3677270,12.1658370],[46.3676670,12.1660490],[46.3676610,12.1662630],[46.3677100,12.1664290],[46.3677480,12.1669920],[46.3677240,12.1675040],[46.3676210,12.1677400],[46.3675590,12.1680860],[46.3675950,12.1682470],[46.3677390,12.1683320],[46.3678050,12.1680140],[46.3679560,12.1677610],[46.3680690,12.1673520],[46.3681260,12.1672270],[46.3681560,12.1667440],[46.3682530,12.1664810],[46.3682600,12.1662300],[46.3682970,12.1660390],[46.3682890,12.1658970],[46.3683520,12.1656760],[46.3684510,12.1654740],[46.3684760,12.1653460],[46.3686130,12.1651480],[46.3688580,12.1649630],[46.3689160,12.1647970],[46.3691060,12.1646020],[46.3691850,12.1643410],[46.3692700,12.1641470],[46.3693410,12.1641600],[46.3692870,12.1645280],[46.3692210,12.1647250],[46.3691710,12.1648570],[46.3690180,12.1652730],[46.3689420,12.1655710],[46.3688770,12.1660450],[46.3688030,12.1662080],[46.3688050,12.1663440],[46.3688560,12.1665300],[46.3689410,12.1665660],[46.3690860,12.1664500],[46.3692090,12.1664600],[46.3691090,12.1663370],[46.3693160,12.1665430],[46.3694970,12.1666710],[46.3697180,12.1666260],[46.3698880,12.1667860],[46.3701000,12.1668940],[46.3701990,12.1669120],[46.3703530,12.1668610],[46.3704700,12.1668680],[46.3706210,12.1670030],[46.3710030,12.1671470],[46.3710950,12.1672350],[46.3711870,12.1672430],[46.3712860,12.1672910],[46.3712330,12.1671890],[46.3711560,12.1670460],[46.3711110,12.1669210],[46.3710630,12.1668010],[46.3710860,12.1666180],[46.3711480,12.1667360],[46.3712470,12.1668450],[46.3713320,12.1669180],[46.3714050,12.1670210],[46.3714250,12.1670010],[46.3713950,12.1668350],[46.3713560,12.1666960],[46.3713820,12.1665610],[46.3714480,12.1665340],[46.3714620,12.1666630],[46.3715270,12.1667630],[46.3716040,12.1668900],[46.3716600,12.1667900],[46.3717180,12.1666790],[46.3718050,12.1666150],[46.3718990,12.1664830],[46.3719820,12.1664360],[46.3719440,12.1665650],[46.3719150,12.1666980],[46.3718950,12.1668500],[46.3719630,12.1669090],[46.3720210,12.1667990],[46.3720810,12.1666330],[46.3721210,12.1667170],[46.3721030,12.1668560],[46.3721030,12.1670040],[46.3720740,12.1671400],[46.3721150,12.1671770],[46.3721850,12.1671710],[46.3721950,12.1673100],[46.3722390,12.1674850],[46.3722660,12.1673320],[46.3723480,12.1673420],[46.3725160,12.1674560],[46.3726920,12.1673370],[46.3728390,12.1671290],[46.3730750,12.1669750],[46.3735500,12.1661920],[46.3736220,12.1659270],[46.3738330,12.1657780],[46.3738570,12.1654490],[46.3739060,12.1652150],[46.3740600,12.1649670],[46.3741880,12.1648620],[46.3742300,12.1646640],[46.3744110,12.1644250],[46.3745150,12.1643820],[46.3748970,12.1638350],[46.3750450,12.1637730],[46.3751190,12.1635240],[46.3752970,12.1630470],[46.3752630,12.1628640],[46.3753530,12.1627330],[46.3754960,12.1627190],[46.3756700,12.1625050],[46.3759370,12.1624670],[46.3761100,12.1621170],[46.3764190,12.1618810],[46.3766590,12.1615390],[46.3768470,12.1615270],[46.3770370,12.1613550],[46.3770680,12.1611520],[46.3771970,12.1608390],[46.3772600,12.1605350],[46.3772510,12.1601320],[46.3774960,12.1596180],[46.3777410,12.1589790],[46.3781660,12.1580670],[46.3782540,12.1578440],[46.3783270,12.1574870],[46.3783260,12.1572900],[46.3783550,12.1571630],[46.3784940,12.1568790],[46.3786170,12.1567920],[46.3789760,12.1566360],[46.3790670,12.1564830],[46.3792420,12.1563150],[46.3794270,12.1558400],[46.3795840,12.1555790],[46.3797630,12.1549980],[46.3798560,12.1548350],[46.3798970,12.1546970],[46.3800760,12.1544080],[46.3800300,12.1541640],[46.3800990,12.1539040],[46.3802190,12.1537950],[46.3802820,12.1536770],[46.3803840,12.1536550],[46.3804420,12.1535310],[46.3805240,12.1533810],[46.3806920,12.1532730],[46.3808980,12.1528390],[46.3809700,12.1526990],[46.3811910,12.1524960],[46.3812330,12.1523390],[46.3812960,12.1523880],[46.3814390,12.1523000],[46.3815360,12.1521180],[46.3816730,12.1521140],[46.3817940,12.1520700],[46.3819620,12.1518690],[46.3821340,12.1517980],[46.3823070,12.1517980],[46.3824210,12.1517440],[46.3824490,12.1516460],[46.3826390,12.1515360],[46.3831520,12.1513790],[46.3829980,12.1512570],[46.3827730,12.1511470],[46.3825550,12.1508220],[46.3821390,12.1506610],[46.3818370,12.1503610],[46.3817990,12.1502250],[46.3818520,12.1500670],[46.3819440,12.1500300],[46.3823310,12.1500330],[46.3825230,12.1499710],[46.3826340,12.1497920],[46.3824580,12.1495000],[46.3822450,12.1494530],[46.3820590,12.1489670],[46.3819620,12.1488480],[46.3817560,12.1486740],[46.3817430,12.1485000],[46.3817940,12.1483620],[46.3818700,12.1482510],[46.3820780,12.1479760],[46.3821710,12.1479090],[46.3825150,12.1482500],[46.3826310,12.1481690],[46.3827710,12.1475940],[46.3827710,12.1473100],[46.3827420,12.1470920],[46.3827870,12.1467980],[46.3827640,12.1466370],[46.3826570,12.1463120],[46.3828050,12.1463180],[46.3829770,12.1466140],[46.3831160,12.1467150],[46.3832240,12.1467210],[46.3833830,12.1466040],[46.3835680,12.1464020],[46.3836350,12.1463180],[46.3835160,12.1462380],[46.3834170,12.1462110],[46.3832820,12.1460830],[46.3831710,12.1457980],[46.3831730,12.1456670],[46.3831050,12.1454180],[46.3830740,12.1451470],[46.3829550,12.1449470],[46.3828170,12.1447140],[46.3826990,12.1446440],[46.3826430,12.1445230],[46.3827110,12.1444090],[46.3828400,12.1444630],[46.3829960,12.1444330],[46.3831220,12.1444710],[46.3834150,12.1446330],[46.3835770,12.1446370],[46.3839370,12.1446220],[46.3840720,12.1444800],[46.3843640,12.1444580],[46.3844630,12.1444090],[46.3842670,12.1442350],[46.3841680,12.1438100],[46.3840420,12.1436570],[46.3839560,12.1436170],[46.3837220,12.1436470],[46.3834300,12.1435830],[46.3832800,12.1434820],[46.3831490,12.1432770],[46.3830880,12.1431830],[46.3826860,12.1430280],[46.3825840,12.1428960],[46.3823910,12.1428270],[46.3821230,12.1426240],[46.3820050,12.1425890],[46.3818040,12.1426960],[46.3818190,12.1428340]],\r\n\t\t\t\t\tgraphDist          : [0.00,0.02,0.03,0.07,0.10,0.13,0.16,0.19,0.24,0.28,0.31,0.38,0.40,0.42,0.44,0.48,0.49,0.52,0.60,0.62,0.63,0.66,0.71,0.73,0.75,0.78,0.85,0.89,0.90,0.96,1.02,1.04,1.06,1.08,1.09,1.11,1.15,1.17,1.19,1.21,1.22,1.26,1.27,1.29,1.30,1.32,1.34,1.38,1.40,1.44,1.47,1.51,1.53,1.55,1.57,1.59,1.61,1.63,1.65,1.70,1.71,1.73,1.74,1.80,1.84,1.87,1.92,1.94,1.96,1.99,2.01,2.02,2.05,2.07,2.08,2.09,2.11,2.13,2.14,2.16,2.18,2.20,2.21,2.23,2.25,2.26,2.32,2.37,2.39,2.41,2.52,2.55,2.56,2.59,2.61,2.65,2.68,2.71,2.73,2.75,2.77,2.78,2.81,2.82,2.83,2.86,2.88,2.89,2.92,2.93,2.94,2.96,2.98,2.99,3.03,3.07,3.09,3.12,3.14,3.15,3.18,3.21,3.24,3.25,3.29,3.31,3.33,3.35,3.36,3.38,3.40,3.41,3.43,3.46,3.47,3.50,3.52,3.54,3.55,3.58,3.60,3.61,3.65,3.67,3.71,3.73,3.74,3.75,3.76,3.78,3.79,3.81,3.84,3.86,3.89,3.91,3.94,3.95,3.97,3.98,4.00,4.04,4.06,4.07,4.08,4.09,4.11,4.12,4.13,4.14,4.15,4.17,4.18,4.19,4.20,4.22,4.23,4.24,4.25,4.26,4.27,4.28,4.29,4.30,4.32,4.33,4.34,4.35,4.36,4.37,4.39,4.40,4.41,4.42,4.43,4.44,4.46,4.47,4.48,4.49,4.50,4.52,4.53,4.55,4.57,4.60,4.63,4.71,4.73,4.76,4.78,4.80,4.83,4.84,4.86,4.89,4.90,4.96,4.98,5.00,5.05,5.06,5.08,5.09,5.12,5.15,5.19,5.23,5.26,5.29,5.31,5.33,5.36,5.38,5.41,5.46,5.52,5.60,5.62,5.65,5.66,5.67,5.70,5.72,5.76,5.77,5.80,5.84,5.87,5.92,5.93,5.94,5.97,5.99,6.01,6.03,6.04,6.05,6.06,6.08,6.10,6.14,6.16,6.19,6.20,6.21,6.23,6.25,6.26,6.28,6.30,6.32,6.34,6.35,6.37,6.39,6.45,6.48,6.50,6.54,6.59,6.63,6.64,6.65,6.67,6.71,6.73,6.75,6.78,6.81,6.85,6.87,6.89,6.91,6.92,6.93,6.96,6.97,7.02,7.04,7.08,7.11,7.12,7.15,7.16,7.19,7.21,7.24,7.26,7.27,7.29,7.31,7.32,7.35,7.36,7.38,7.40,7.41,7.44,7.46,7.48,7.50,7.52,7.53,7.54,7.56,7.57,7.59,7.62,7.64,7.68,7.70,7.74,7.75,7.77,7.81,7.83,7.84,7.86,7.90,7.92,7.94,7.95,7.99,8.01,8.03,8.07,8.08,8.10,8.11],\r\n\t\t\t\t\tgraphEle           : [1408.11,1408.11,1408.11,1408.11,1408.14,1408.50,1408.84,1409.20,1409.71,1410.24,1411.73,1417.70,1418.96,1420.84,1423.04,1426.41,1427.85,1430.06,1438.38,1440.02,1441.30,1444.28,1449.07,1451.07,1453.63,1456.09,1462.32,1465.93,1467.70,1474.19,1480.54,1482.64,1484.97,1486.71,1487.85,1489.44,1492.25,1493.93,1495.32,1496.67,1497.73,1500.36,1501.29,1502.09,1503.33,1504.59,1505.94,1509.00,1510.25,1512.59,1515.24,1517.78,1519.98,1522.08,1524.12,1525.92,1527.67,1529.75,1531.59,1536.75,1538.39,1540.27,1542.47,1552.03,1559.39,1562.87,1571.36,1575.00,1578.27,1584.55,1586.68,1589.83,1593.83,1597.12,1599.11,1602.00,1605.02,1605.54,1606.12,1606.96,1607.74,1608.81,1609.48,1610.18,1610.94,1611.78,1613.90,1613.81,1613.77,1613.73,1613.86,1616.18,1616.93,1618.61,1620.08,1622.64,1624.78,1626.42,1629.69,1632.83,1635.58,1637.16,1640.17,1642.53,1644.32,1648.57,1650.49,1652.64,1656.10,1657.97,1659.94,1662.61,1665.11,1667.22,1673.81,1679.80,1683.05,1687.10,1688.89,1691.17,1694.60,1697.98,1702.43,1703.94,1708.84,1711.85,1714.41,1716.44,1717.90,1720.35,1722.89,1724.25,1727.12,1731.23,1733.13,1736.59,1739.52,1742.09,1743.65,1747.81,1750.53,1752.17,1757.40,1760.86,1766.13,1768.48,1770.58,1773.67,1775.65,1779.36,1782.11,1785.05,1791.00,1795.50,1800.49,1805.18,1810.00,1812.03,1815.24,1817.62,1821.23,1829.26,1831.88,1833.77,1835.97,1837.84,1840.44,1842.42,1844.37,1846.37,1847.90,1849.77,1851.25,1852.77,1854.30,1856.08,1857.66,1859.11,1860.58,1861.94,1863.37,1865.11,1866.53,1867.97,1869.43,1871.42,1872.45,1873.53,1874.61,1875.81,1877.01,1878.08,1879.55,1880.67,1881.77,1882.91,1884.02,1885.10,1886.19,1887.27,1888.72,1889.95,1891.52,1891.11,1890.67,1890.17,1889.57,1887.91,1887.45,1882.70,1877.80,1874.17,1869.23,1866.07,1863.00,1857.74,1855.42,1841.78,1837.06,1831.32,1818.73,1814.72,1810.80,1806.41,1799.41,1791.45,1783.39,1773.90,1764.76,1759.65,1753.56,1749.67,1743.64,1740.20,1735.82,1729.04,1721.11,1717.18,1717.46,1717.86,1718.07,1718.21,1718.58,1718.80,1719.69,1720.46,1721.67,1723.75,1725.06,1727.48,1728.29,1728.86,1727.71,1726.49,1725.15,1724.17,1723.45,1722.73,1722.01,1720.89,1719.60,1717.07,1715.87,1712.89,1711.56,1710.53,1708.75,1706.87,1705.27,1703.84,1701.16,1699.12,1697.15,1695.63,1693.73,1690.33,1681.65,1677.55,1673.61,1668.43,1659.25,1650.71,1648.34,1645.51,1643.29,1634.25,1629.66,1625.45,1619.73,1615.33,1607.42,1604.83,1599.97,1597.51,1595.31,1593.11,1587.42,1585.76,1578.97,1576.75,1570.03,1566.90,1564.46,1561.14,1559.33,1554.50,1550.90,1545.60,1542.50,1540.36,1536.82,1532.23,1530.47,1526.31,1524.31,1521.07,1516.62,1514.84,1511.19,1507.45,1503.86,1499.68,1497.16,1495.18,1492.51,1489.86,1486.95,1484.88,1479.84,1477.24,1471.46,1468.75,1464.05,1462.37,1458.51,1452.99,1450.12,1448.53,1444.42,1439.25,1436.36,1432.98,1431.42,1427.39,1427.39,1427.39,1427.39,1427.39,1427.39,1427.39],\r\n\t\t\t\t\tgraphSpeed         : [],\r\n\t\t\t\t\tgraphHr            : [],\r\n\t\t\t\t\tgraphAtemp         : [],\r\n\t\t\t\t\tgraphCad           : [],\r\n\t\t\t\t\tgraphGrade         : [],\r\n\t\t\t\t\twaypoints          : [],\r\n\t\t\t\t\tunit               : \"2\",\r\n\t\t\t\t\tunitspeed          : \"0\",\r\n\t\t\t\t\tcolor1             : [\"#3366cc\"],\r\n\t\t\t\t\tcolor2             : \"#3366cc\",\r\n\t\t\t\t\tcolor3             : \"#ff0000\",\r\n\t\t\t\t\tcolor4             : \"#ff77bd\",\r\n\t\t\t\t\tcolor5             : \"#beecff\",\r\n\t\t\t\t\tcolor6             : \"#beecff\",\r\n\t\t\t\t\tcolor7             : \"#ff77bd\",\r\n\t\t\t\t\tchartFrom1         : \"\",\r\n\t\t\t\t\tchartTo1           : \"\",\r\n\t\t\t\t\tchartFrom2         : \"\",\r\n\t\t\t\t\tchartTo2           : \"\",\r\n\t\t\t\t\tstartIcon          : \"\",\r\n\t\t\t\t\tendIcon            : \"\",\r\n\t\t\t\t\tcurrentIcon        : \"\",\r\n\t\t\t\t\twaypointIcon       : \"https:\/\/lavia.cc\/gpx\/wp-content\/uploads\/gpx\/cropped-icona.ico\",\r\n\t\t\t\t\tcurrentpositioncon : \"\",\r\n\t\t\t\t\tusegpsposition     : \"\",\r\n\t\t\t\t\tzoomOnScrollWheel  : \"\",\r\n\t\t\t\t\tngGalleries        : [],\r\n\t\t\t\t\tngImages           : [],\r\n\t\t\t\t\tpluginUrl          : \"https:\/\/lavia.cc\/gpx\/wp-content\/plugins\",\r\n\t\t\t\t\tTFApiKey           : \"\",\r\n\t\t\t\t\tMapBoxApiKey           : \"\",\r\n\t\t\t\t\tlangs              : {\r\n\t\t\t\t\t\taltitude        : \"Altitudine\",\r\n\t\t\t\t\t\tcurrentPosition : \"Current position\",\r\n\t\t\t\t\t\tspeed           : \"Velocit\u00e0\",\r\n\t\t\t\t\t\tgrade           : \"Grade\",\r\n\t\t\t\t\t\theartRate       : \"Battito Cardiaco\",\r\n\t\t\t\t\t\tatemp           : \"Temperature\",\r\n\t\t\t\t\t\tcadence         : \"Cadenza\",\r\n\t\t\t\t\t\tgoFullScreen    : \"Go full screen\",\r\n\t\t\t\t\t\texitFullFcreen  : \"Exit full screen\",\r\n\t\t\t\t\t\thideImages      : \"Hide images\",\r\n\t\t\t\t\t\tshowImages      : \"Show images\",\r\n\t\t\t\t\t\tbackToCenter\t: \"Ritorna al centro della mappa\"\r\n\t\t\t\t\t}\r\n\t\t\t\t});\r\n\r\n\t\t\t});\r\n\r\n\t\t<\/script>\n<p>\ud83d\udfe2 Visita\u00a0<a href=\"https:\/\/lavia.cc\/gpx\/\">LAVIA.CC<\/a>\u00a0per altre tracce gpx e condividi le tue avventure con la nostra\u00a0<a href=\"https:\/\/www.instagram.com\/lavia.cc\/\" target=\"_blank\" rel=\"noopener\">community<\/a>! \ud83d\udeb4\u200d\u2642\ufe0f\ud83c\udf32\ud83c\udfde\ufe0f<\/p>\n","protected":false},"excerpt":{"rendered":"<p>In tutta la<strong> Val Zoldana<\/strong>, probabilmente non esiste escursione che possa eguagliare la straordinaria vastit\u00e0 e completezza del panorama che si svela salendo sul <strong>Monte Punta<\/strong>. Dalla sua vetta, libera da qualsiasi barriera visiva, si apre un panorama a <strong>360 gradi<\/strong>, dominato dalla maestosit\u00e0 indiscussa del Pelmo. \u00c8 davvero eccezionale trovare una cima cos\u00ec facilmente accessibile (con un minimo di allenamento), priva di particolari difficolt\u00e0 tecniche (si tratta pur sempre di una passeggiata escursionistica), e capace di offrire una vista tanto mozzafiato. Per questo, l\u2019escursione \u00e8 un vero e proprio must per gli amanti della montagna. Il Monte Punta, situato a sud del <strong>Monte Pelmo<\/strong>, tra Forno di Zoldo e Zopp\u00e8 di Cadore, offre un percorso che in parte si snoda lungo il sentiero &#8220;Col de Salera \u2013 Monte Punta&#8221;, appartenente all\u2019Ecomuseo della Grande Guerra del Bellunese. Dal pittoresco borgo di Costa, situato sopra Fusine, si intraprende un percorso ad anello che si sviluppa quasi interamente attraverso un fitto bosco. Costa \u00e8 facilmente raggiungibile risalendo la valle lungo una strada che porta prima a Brusadaz e poi al borgo di Costa, dove un ampio parcheggio accoglie i visitatori all&#8217;ingresso del villaggio. Nelle vicinanze del parcheggio si trova anche una preziosa fonte di <strong>acqua fresca<\/strong>. Dal parcheggio si parte lungo una strada asfaltata che attraversa il borgo, fino a incontrare la segnaletica CAI 492 per Col de Salera. La strada asfaltata si trasforma presto in una pista forestale, e dopo circa 15 minuti di cammino si giunge a un verdeggiante pendio erboso, che ospita il tipico tabi\u00e0 &#8220;Mas de Sabe&#8221;. Da qui, si continua lungo la pista che si trasforma in un sentiero, inoltrandosi nel fitto del bosco in direzione di<strong> Col de Salera<\/strong>, raggiungibile in circa 50 minuti di cammino, dopo aver superato un breve tratto esposto. Nei pressi del colle, si incrocia l&#8217;antica mulattiera militare che sale da Astragal. In prossimit\u00e0 del bivio, \u00e8 possibile fare una deviazione di circa 10 minuti, seguendo un sentiero che conduce a un osservatorio e a un deposito sotterraneo; scendendo leggermente pi\u00f9 a valle lungo la mulattiera, si pu\u00f2 raggiungere una postazione della <strong>Grande Guerra<\/strong>. Dal bivio presso il Col de Salera, si segue la segnaletica CAI 499 per il Monte Punta, risalendo il versante sud del monte lungo la mulattiera militare, caratterizzata da una pendenza regolare. Poco prima di raggiungere la vetta, si esce finalmente dal bosco e lo sguardo si spalanca su un panorama a 360 gradi che lascia senza fiato (circa 2 ore dalla partenza, escluse le soste). Dalla vetta, il sentiero CAI 499 continua verso ovest, rientrando nel bosco e scendendo fino alla sella \u201cLa Forzela\u201d (25 minuti dalla cima), dove si incrocia il sentiero CAI 496 che sale da Zopp\u00e8 di Cadore. Mentre il sentiero CAI 499 prosegue verso il passo Tamai, la nostra escursione svolta a sinistra, lungo il sentiero CAI 496 che scende nuovamente verso Costa.<\/p>\n<p>Bellissima foto di <a href=\"https:\/\/www.instagram.com\/p\/C-90WS8o5zg\/\">@ilmotografo<\/a><\/p>\n<p>\ud83d\udfe2 Scarica la TRACCIA e Segui <a href=\"https:\/\/www.instagram.com\/lavia.cc\/\" target=\"_blank\" rel=\"noopener\">LAVIA<\/a>!<\/p>\n","protected":false},"featured_media":16999,"comment_status":"open","ping_status":"closed","template":"","meta":[],"product_brand":[],"product_cat":[31],"product_tag":[152,47],"class_list":{"0":"post-16981","1":"product","2":"type-product","3":"status-publish","4":"has-post-thumbnail","6":"product_cat-escursionismo","7":"product_tag-belluno","8":"product_tag-r-veneto","10":"first","11":"instock","12":"downloadable","13":"virtual","14":"product-type-simple"},"_links":{"self":[{"href":"https:\/\/lavia.cc\/gpx\/wp-json\/wp\/v2\/product\/16981","targetHints":{"allow":["GET"]}}],"collection":[{"href":"https:\/\/lavia.cc\/gpx\/wp-json\/wp\/v2\/product"}],"about":[{"href":"https:\/\/lavia.cc\/gpx\/wp-json\/wp\/v2\/types\/product"}],"replies":[{"embeddable":true,"href":"https:\/\/lavia.cc\/gpx\/wp-json\/wp\/v2\/comments?post=16981"}],"version-history":[{"count":2,"href":"https:\/\/lavia.cc\/gpx\/wp-json\/wp\/v2\/product\/16981\/revisions"}],"predecessor-version":[{"id":16998,"href":"https:\/\/lavia.cc\/gpx\/wp-json\/wp\/v2\/product\/16981\/revisions\/16998"}],"wp:featuredmedia":[{"embeddable":true,"href":"https:\/\/lavia.cc\/gpx\/wp-json\/wp\/v2\/media\/16999"}],"wp:attachment":[{"href":"https:\/\/lavia.cc\/gpx\/wp-json\/wp\/v2\/media?parent=16981"}],"wp:term":[{"taxonomy":"product_brand","embeddable":true,"href":"https:\/\/lavia.cc\/gpx\/wp-json\/wp\/v2\/product_brand?post=16981"},{"taxonomy":"product_cat","embeddable":true,"href":"https:\/\/lavia.cc\/gpx\/wp-json\/wp\/v2\/product_cat?post=16981"},{"taxonomy":"product_tag","embeddable":true,"href":"https:\/\/lavia.cc\/gpx\/wp-json\/wp\/v2\/product_tag?post=16981"}],"curies":[{"name":"wp","href":"https:\/\/api.w.org\/{rel}","templated":true}]}}