{"id":17100,"date":"2024-10-02T16:15:09","date_gmt":"2024-10-02T14:15:09","guid":{"rendered":"https:\/\/lavia.cc\/gpx\/?post_type=product&#038;p=17100"},"modified":"2024-10-05T11:24:36","modified_gmt":"2024-10-05T09:24:36","slug":"il-sentiero-delle-grotte-finale-ligure","status":"publish","type":"product","link":"https:\/\/lavia.cc\/gpx\/tracce\/il-sentiero-delle-grotte-finale-ligure\/","title":{"rendered":"Il Sentiero delle Grotte"},"content":{"rendered":"<h5>Il Sentiero delle Grotte<\/h5>\n<p>\u27a1\ufe0f Clicca qui per andare al punto di partenza: <a href=\"https:\/\/www.google.com\/maps\/place\/Parcheggio+per+Monte+Ponta\/@46.3818328,12.143123,17z\/data=!3m1!4b1!4m6!3m5!1s0x47784d00006cf873:0xacd617ffa654510a!8m2!3d46.3818328!4d12.143123!16s%2Fg%2F11w4grc3kx?entry=ttu&amp;g_ep=EgoyMDI0MDkyMy4wIKXMDSoASAFQAw%3D%3D\" target=\"_blank\" rel=\"noopener\">GOOGLE MAPS<\/a> (Parcheggio).<\/p>\n<p>\u2139\ufe0f <strong>Finalborgo<\/strong>, uno dei \u201c<a href=\"http:\/\/turismo.comunefinaleligure.it\/borghi-piu-belli\" target=\"_blank\" rel=\"noopener\">borghi pi\u00f9 Belli d&#8217;Italia<\/a>\u201d, \u00e8 un gioiello a pochi passi dal mare che incanta con la sua atmosfera d&#8217;altri tempi. Il nome deriva da\u00a0<em>Burgum Finarii,\u00a0<\/em>terra di confine (<em>ad fines<\/em>) ai tempi dei Romani e centro amministrativo del marchesato dei Del Carretto tra il XIV e il\u00a0 XVI sec. Chiuso tra mura medievali ancora ben conservate, intervallate da torri semicircolari\u00a0 e interrotte solo in corrispondenza delle porte, il Borgo di Finale (cos\u00ec detto per distinguerlo dalla Marina) offre subito al visitatore una sensazione di protezione e raccoglimento.<\/p>\n<p>\u26fa\ufe0f\ud83c\udf74A 3 minuti dalla stazione, a 5 minuti dalla spiaggia e a un passo dal centro di Finale, <a href=\"https:\/\/ostellobello.com\/it\/hostel\/ostello-bello-finale-ligure\/\" target=\"_blank\" rel=\"noopener\">Hotel San Giuseppe di Ostello Bello<\/a> ti accoglier\u00e0 con enormi spazi comuni In &amp; Outdoor, un comodo parcheggio privato, camere dall\u2019atmosfera rilassante,<\/p>\n<p>\u26a0\ufe0f La percorribilit\u00e0 dell\u2019itinerario proposto, come tutta la morfologia montana, \u00e8 soggetta a cambiamenti ambientali dovuti a eventi naturali e alle condizioni meteo. Quindi, prima di partire, consultate gli uffici turistici competenti e\/o i rifugi di riferimento.<\/p>\n<p>\ud83d\uddfa\ufe0f Mappa e altimetria dell&#8217;<a href=\"https:\/\/lavia.cc\/gpx\/categoria-tracce\/escursionismo\/\">escursione<\/a> &#8220;Il Sentiero delle grotte\u00a0&#8220;:<\/p>\n\r\n\t\t<div id=\"wpgpxmaps_17100_329991\" class=\"wpgpxmaps\">\r\n\t\t\t<div id=\"map_17100_329991_cont\" style=\"width:100%; height:450px;position:relative\" >\r\n\t\t\t\t<div id=\"map_17100_329991\" style=\"width:100%; height:450px\"><\/div>\r\n\t\t\t\t<div id=\"wpgpxmaps_17100_329991_osm_footer\" class=\"wpgpxmaps_osm_footer\" style=\"display:none;\"><span> &copy; <a href=\"http:\/\/www.openstreetmap.org\/copyright\" target=\"_blank\" rel=\"noopener\">OpenStreetMap<\/a> contributors<\/span><\/div>\r\n\t\t\t<\/div>\r\n\t\t\t<canvas id=\"myChart_17100_329991\" class=\"plot\" style=\"width:100%; height:200px\"><\/canvas>\r\n\t\t\t<div id=\"ngimages_17100_329991\" class=\"ngimages\" style=\"display:none\"><\/div>\r\n\t\t\t<div id=\"report_17100_329991\" class=\"report\"><\/div>\r\n\t\t<\/div>\r\n\t\t\r\n\t\t<script type=\"text\/javascript\">\r\n\r\n\t\t\tjQuery(document).ready(function() {\r\n\r\n\t\t\t\tjQuery( \"#wpgpxmaps_17100_329991\" ).wpgpxmaps( {\r\n\t\t\t\t\ttargetId           : \"17100_329991\",\r\n\t\t\t\t\tmapType            : \"HYBRID\",\r\n\t\t\t\t\tmapData            : [[44.1693070,8.3401090],[44.1696720,8.3402540],[44.1696780,8.3399920],[44.1697020,8.3397700],[44.1697970,8.3394750],[44.1700850,8.3390050],[44.1701670,8.3388740],[44.1703320,8.3386460],[44.1705300,8.3384640],[44.1706530,8.3383170],[44.1707540,8.3381230],[44.1708560,8.3379330],[44.1710340,8.3375440],[44.1710860,8.3374160],[44.1714660,8.3364420],[44.1715360,8.3362980],[44.1716640,8.3360270],[44.1717780,8.3359010],[44.1719890,8.3356490],[44.1720660,8.3355450],[44.1723300,8.3351850],[44.1723960,8.3350880],[44.1726810,8.3346700],[44.1727580,8.3345010],[44.1728340,8.3342950],[44.1729070,8.3339940],[44.1731470,8.3332810],[44.1732800,8.3328800],[44.1734190,8.3325720],[44.1736320,8.3321230],[44.1737520,8.3319480],[44.1740870,8.3315590],[44.1743660,8.3319140],[44.1746440,8.3322670],[44.1748020,8.3320300],[44.1752240,8.3311820],[44.1750520,8.3305230],[44.1751730,8.3303630],[44.1755350,8.3297590],[44.1761070,8.3288550],[44.1760990,8.3287510],[44.1760280,8.3285480],[44.1759700,8.3284060],[44.1760890,8.3282040],[44.1761260,8.3280090],[44.1762020,8.3276980],[44.1762640,8.3274850],[44.1764000,8.3275270],[44.1766020,8.3268380],[44.1766600,8.3267710],[44.1767520,8.3268090],[44.1767800,8.3266510],[44.1769590,8.3266830],[44.1771140,8.3267080],[44.1772510,8.3267310],[44.1773450,8.3266820],[44.1774050,8.3265610],[44.1776470,8.3264610],[44.1776430,8.3262540],[44.1777550,8.3260210],[44.1779450,8.3256450],[44.1783960,8.3250910],[44.1787160,8.3248080],[44.1791540,8.3243200],[44.1794030,8.3241260],[44.1796490,8.3239770],[44.1797710,8.3238240],[44.1799900,8.3238150],[44.1801470,8.3237680],[44.1804060,8.3237590],[44.1805680,8.3236700],[44.1808090,8.3233700],[44.1812760,8.3230390],[44.1814810,8.3229550],[44.1816510,8.3228900],[44.1817450,8.3228210],[44.1820400,8.3227350],[44.1822940,8.3227220],[44.1825220,8.3226640],[44.1825810,8.3227710],[44.1825650,8.3229090],[44.1828030,8.3232570],[44.1829760,8.3230500],[44.1830860,8.3229780],[44.1831670,8.3227300],[44.1833890,8.3224650],[44.1835680,8.3225170],[44.1836780,8.3225920],[44.1838880,8.3226760],[44.1840210,8.3226440],[44.1842120,8.3226610],[44.1844140,8.3227900],[44.1845700,8.3228460],[44.1847830,8.3230660],[44.1849970,8.3231380],[44.1851420,8.3234100],[44.1852790,8.3235800],[44.1853260,8.3234520],[44.1853890,8.3232420],[44.1853580,8.3230880],[44.1854660,8.3228640],[44.1855460,8.3225440],[44.1856050,8.3224220],[44.1856300,8.3222750],[44.1856670,8.3220440],[44.1856390,8.3217730],[44.1857690,8.3213670],[44.1857590,8.3212220],[44.1856760,8.3211200],[44.1854850,8.3208850],[44.1853190,8.3206060],[44.1852360,8.3204810],[44.1850750,8.3203600],[44.1848970,8.3200330],[44.1846520,8.3198710],[44.1848550,8.3199130],[44.1849740,8.3199930],[44.1851500,8.3202320],[44.1853160,8.3203380],[44.1854940,8.3205010],[44.1857200,8.3205820],[44.1859830,8.3205830],[44.1862960,8.3205170],[44.1872570,8.3206230],[44.1879780,8.3205610],[44.1883770,8.3206770],[44.1888580,8.3206270],[44.1890200,8.3205750],[44.1896320,8.3203540],[44.1899140,8.3203140],[44.1905550,8.3200490],[44.1908570,8.3199790],[44.1911240,8.3198070],[44.1912240,8.3197750],[44.1921200,8.3195540],[44.1922260,8.3196730],[44.1921770,8.3199800],[44.1922030,8.3201710],[44.1923280,8.3201680],[44.1924700,8.3201910],[44.1926370,8.3202720],[44.1928620,8.3202980],[44.1929180,8.3203960],[44.1928590,8.3204930],[44.1926410,8.3206530],[44.1923820,8.3209850],[44.1924580,8.3210380],[44.1925630,8.3210750],[44.1926350,8.3211900],[44.1928670,8.3211760],[44.1930410,8.3212480],[44.1932070,8.3212670],[44.1932670,8.3213700],[44.1934210,8.3214070],[44.1936180,8.3213850],[44.1936430,8.3214930],[44.1937840,8.3214640],[44.1939630,8.3212890],[44.1942470,8.3211170],[44.1944280,8.3211420],[44.1946160,8.3211580],[44.1947480,8.3211440],[44.1948510,8.3211390],[44.1949420,8.3210640],[44.1950340,8.3210400],[44.1950790,8.3209300],[44.1951290,8.3207890],[44.1952170,8.3206900],[44.1953170,8.3205780],[44.1956160,8.3203510],[44.1957270,8.3202010],[44.1958200,8.3201010],[44.1957270,8.3202010],[44.1956160,8.3203510],[44.1953170,8.3205780],[44.1952170,8.3206900],[44.1951290,8.3207890],[44.1950790,8.3209300],[44.1950340,8.3210400],[44.1949420,8.3210640],[44.1948510,8.3211390],[44.1947480,8.3211440],[44.1948200,8.3212480],[44.1950270,8.3212270],[44.1951300,8.3213370],[44.1952250,8.3213040],[44.1953060,8.3210970],[44.1953910,8.3210410],[44.1954630,8.3210220],[44.1954700,8.3208380],[44.1955940,8.3208190],[44.1956750,8.3206380],[44.1958240,8.3204460],[44.1958290,8.3202830],[44.1959170,8.3202250],[44.1960530,8.3201940],[44.1962400,8.3200100],[44.1966930,8.3199120],[44.1968180,8.3197140],[44.1969800,8.3195390],[44.1970390,8.3193990],[44.1971280,8.3193070],[44.1974310,8.3189530],[44.1974650,8.3187430],[44.1976740,8.3184420],[44.1977500,8.3181820],[44.1978180,8.3179830],[44.1979250,8.3179560],[44.1980100,8.3178810],[44.1981610,8.3178230],[44.1985120,8.3174980],[44.1985790,8.3173040],[44.1985120,8.3171400],[44.1984980,8.3169970],[44.1985320,8.3168770],[44.1985860,8.3167610],[44.1987970,8.3165490],[44.1989120,8.3165030],[44.1990480,8.3164790],[44.1991420,8.3165710],[44.1994720,8.3162940],[44.1995900,8.3160580],[44.1997060,8.3159490],[44.1998100,8.3157830],[44.1998830,8.3154720],[44.2000510,8.3151900],[44.2001570,8.3151540],[44.2004560,8.3152070],[44.2007260,8.3152100],[44.2007970,8.3150990],[44.2008040,8.3149530],[44.2006360,8.3148620],[44.2005610,8.3147600],[44.2004400,8.3147720],[44.2005230,8.3146160],[44.2005900,8.3145270],[44.2005700,8.3144010],[44.2004690,8.3144310],[44.2002460,8.3143670],[44.2001590,8.3141950],[44.1998720,8.3139170],[44.1998210,8.3135320],[44.1996430,8.3134250],[44.1992850,8.3132360],[44.1991940,8.3132590],[44.1989960,8.3132360],[44.1988030,8.3133180],[44.1985980,8.3133300],[44.1985290,8.3132240],[44.1986070,8.3127770],[44.1986150,8.3126150],[44.1985690,8.3123660],[44.1984950,8.3122600],[44.1982190,8.3119950],[44.1980900,8.3118230],[44.1980450,8.3114180],[44.1980740,8.3111270],[44.1980590,8.3107090],[44.1979560,8.3104650],[44.1978260,8.3103420],[44.1977460,8.3102660],[44.1975560,8.3098540],[44.1974530,8.3099670],[44.1972000,8.3104420],[44.1971250,8.3106310],[44.1968560,8.3118160],[44.1967340,8.3122480],[44.1962030,8.3138190],[44.1960940,8.3142330],[44.1959990,8.3148560],[44.1959140,8.3151600],[44.1956990,8.3157560],[44.1956220,8.3162310],[44.1955440,8.3165980],[44.1954730,8.3167300],[44.1951760,8.3172360],[44.1949330,8.3175880],[44.1936890,8.3186140],[44.1927920,8.3192330],[44.1921200,8.3195540],[44.1912240,8.3197750],[44.1911240,8.3198070],[44.1908570,8.3199790],[44.1905550,8.3200490],[44.1899140,8.3203140],[44.1896320,8.3203540],[44.1890200,8.3205750],[44.1888580,8.3206270],[44.1883770,8.3206770],[44.1879780,8.3205610],[44.1872570,8.3206230],[44.1862960,8.3205170],[44.1859830,8.3205830],[44.1857200,8.3205820],[44.1854940,8.3205010],[44.1853160,8.3203380],[44.1851500,8.3202320],[44.1849740,8.3199930],[44.1848550,8.3199130],[44.1845900,8.3198000],[44.1844320,8.3195470],[44.1843380,8.3194790],[44.1840670,8.3193540],[44.1836800,8.3192890],[44.1834060,8.3192750],[44.1830810,8.3193490],[44.1827340,8.3194620],[44.1826690,8.3196260],[44.1822980,8.3200050],[44.1815980,8.3204060],[44.1814520,8.3205320],[44.1811170,8.3209040],[44.1806540,8.3211680],[44.1802340,8.3214920],[44.1800700,8.3215610],[44.1798400,8.3216900],[44.1792860,8.3218680],[44.1788840,8.3220540],[44.1786770,8.3222170],[44.1785850,8.3222500],[44.1785050,8.3223320],[44.1782530,8.3229200],[44.1781080,8.3231720],[44.1779840,8.3233380],[44.1775430,8.3237470],[44.1774470,8.3240340],[44.1773580,8.3243090],[44.1772970,8.3248080],[44.1772550,8.3249380],[44.1772310,8.3245490],[44.1769020,8.3253230],[44.1769020,8.3255420],[44.1769270,8.3256820],[44.1770730,8.3257960],[44.1768070,8.3257270],[44.1767120,8.3255220],[44.1766530,8.3255600],[44.1766890,8.3257460],[44.1766290,8.3257740],[44.1765070,8.3253080],[44.1764050,8.3254840],[44.1763760,8.3261250],[44.1763240,8.3263160],[44.1762840,8.3264290],[44.1766800,8.3267000],[44.1766390,8.3268430],[44.1764420,8.3274910],[44.1762640,8.3274850],[44.1762020,8.3276980],[44.1761540,8.3278940],[44.1760890,8.3282040],[44.1759920,8.3283120],[44.1759960,8.3284870],[44.1760990,8.3287510],[44.1761070,8.3288550],[44.1755350,8.3297590],[44.1751730,8.3303630],[44.1750520,8.3305230],[44.1748490,8.3307440],[44.1743880,8.3312090],[44.1740870,8.3315590],[44.1737520,8.3319480],[44.1736320,8.3321230],[44.1734190,8.3325720],[44.1732800,8.3328800],[44.1731470,8.3332810],[44.1729070,8.3339940],[44.1728540,8.3342020],[44.1727580,8.3345010],[44.1726810,8.3346700],[44.1723960,8.3350880],[44.1723300,8.3351850],[44.1720660,8.3355450],[44.1719890,8.3356490],[44.1719670,8.3359150],[44.1719090,8.3360430],[44.1717780,8.3359010],[44.1716640,8.3360270],[44.1715360,8.3362980],[44.1714660,8.3364420],[44.1710860,8.3374160],[44.1710340,8.3375440],[44.1708560,8.3379330],[44.1707540,8.3381230],[44.1706530,8.3383170],[44.1705300,8.3384640],[44.1703320,8.3386460],[44.1701670,8.3388740],[44.1700850,8.3390050],[44.1698160,8.3394470],[44.1697020,8.3397700],[44.1696780,8.3399920],[44.1696720,8.3402540],[44.1693070,8.3401090],[44.1692320,8.3400210]],\r\n\t\t\t\t\tgraphDist          : [0.00,0.04,0.06,0.08,0.11,0.16,0.17,0.20,0.22,0.24,0.26,0.28,0.31,0.33,0.42,0.43,0.45,0.47,0.50,0.51,0.55,0.57,0.61,0.63,0.65,0.67,0.73,0.77,0.80,0.84,0.86,0.91,0.95,0.99,1.02,1.10,1.16,1.18,1.24,1.33,1.34,1.36,1.38,1.40,1.41,1.44,1.46,1.47,1.53,1.55,1.56,1.57,1.59,1.61,1.62,1.63,1.64,1.67,1.69,1.71,1.75,1.82,1.86,1.92,1.96,1.98,2.00,2.03,2.05,2.07,2.09,2.13,2.19,2.21,2.23,2.24,2.28,2.31,2.33,2.34,2.35,2.39,2.42,2.43,2.45,2.48,2.51,2.52,2.54,2.56,2.58,2.61,2.62,2.65,2.68,2.71,2.73,2.74,2.76,2.77,2.79,2.82,2.83,2.85,2.87,2.89,2.92,2.94,2.95,2.98,3.01,3.02,3.04,3.07,3.10,3.14,3.16,3.19,3.21,3.23,3.26,3.29,3.32,3.43,3.51,3.55,3.61,3.63,3.70,3.73,3.80,3.84,3.87,3.88,3.98,4.00,4.02,4.04,4.05,4.07,4.09,4.11,4.13,4.14,4.16,4.20,4.22,4.23,4.24,4.27,4.29,4.31,4.32,4.33,4.36,4.37,4.38,4.41,4.44,4.46,4.48,4.50,4.51,4.52,4.53,4.55,4.56,4.57,4.59,4.62,4.64,4.65,4.67,4.69,4.72,4.74,4.75,4.76,4.77,4.78,4.80,4.81,4.83,4.86,4.87,4.88,4.90,4.91,4.92,4.94,4.95,4.97,4.99,5.01,5.02,5.03,5.06,5.11,5.13,5.16,5.17,5.18,5.23,5.25,5.28,5.30,5.32,5.33,5.34,5.36,5.41,5.42,5.44,5.45,5.46,5.47,5.50,5.52,5.53,5.54,5.59,5.61,5.63,5.64,5.67,5.70,5.71,5.75,5.78,5.79,5.80,5.82,5.83,5.85,5.87,5.88,5.89,5.90,5.93,5.95,5.99,6.02,6.04,6.09,6.10,6.12,6.14,6.16,6.18,6.21,6.23,6.25,6.26,6.30,6.32,6.35,6.37,6.40,6.43,6.44,6.46,6.49,6.52,6.56,6.58,6.68,6.72,6.86,6.89,6.94,6.97,7.02,7.06,7.09,7.10,7.16,7.20,7.36,7.47,7.55,7.65,7.66,7.69,7.73,7.80,7.83,7.90,7.92,7.97,8.02,8.10,8.21,8.24,8.27,8.30,8.32,8.34,8.37,8.38,8.41,8.44,8.45,8.48,8.53,8.56,8.59,8.63,8.65,8.70,8.79,8.80,8.85,8.91,8.96,8.98,9.01,9.07,9.12,9.15,9.16,9.17,9.22,9.25,9.27,9.33,9.36,9.38,9.42,9.43,9.47,9.55,9.56,9.57,9.59,9.63,9.65,9.66,9.67,9.69,9.73,9.75,9.80,9.82,9.83,9.88,9.89,9.95,9.97,9.99,10.00,10.03,10.04,10.06,10.08,10.09,10.19,10.25,10.27,10.30,10.36,10.41,10.46,10.47,10.52,10.55,10.58,10.64,10.66,10.69,10.70,10.75,10.76,10.80,10.81,10.84,10.85,10.87,10.88,10.91,10.92,11.01,11.02,11.06,11.08,11.10,11.12,11.14,11.17,11.18,11.23,11.26,11.27,11.30,11.34,11.35],\r\n\t\t\t\t\tgraphEle           : [7.33,7.33,7.33,7.33,7.37,7.62,7.69,7.83,7.96,8.05,8.15,8.25,8.37,8.37,8.39,8.40,8.40,8.41,8.42,8.48,8.67,8.72,8.94,9.01,9.10,9.22,9.56,9.78,9.96,10.22,10.34,10.67,11.05,11.43,11.67,12.42,12.98,13.16,13.78,14.88,15.02,15.28,15.48,15.79,16.01,16.39,16.64,16.86,18.45,18.81,19.18,19.63,20.33,20.93,21.47,21.86,22.27,23.25,23.93,24.83,26.42,29.28,31.09,32.92,33.14,33.35,33.48,33.66,33.78,33.99,34.13,33.47,32.11,31.55,31.10,30.82,30.04,29.53,29.64,29.69,29.74,29.91,30.02,30.08,30.18,30.32,31.13,32.77,35.71,37.53,40.10,43.09,45.26,48.83,51.79,55.42,59.79,62.24,66.83,69.56,74.17,79.96,82.47,85.05,89.10,93.77,100.47,102.38,104.41,109.08,113.85,116.09,119.45,124.85,129.82,132.28,133.03,134.42,135.46,136.67,138.00,139.49,140.68,140.92,141.10,140.32,139.39,139.08,137.86,137.79,138.34,138.59,138.82,138.91,145.19,146.45,148.64,149.98,151.14,152.50,154.14,156.77,158.81,160.67,165.67,172.82,174.95,177.15,179.37,184.09,187.78,191.17,193.05,195.69,199.02,200.52,202.97,206.66,211.88,215.01,218.18,220.66,222.40,223.21,223.77,224.32,225.03,225.71,226.48,228.52,229.52,230.22,230.92,231.92,234.04,234.92,235.70,236.52,237.14,237.79,238.51,239.22,240.88,242.31,243.20,243.88,245.09,245.76,247.24,249.45,251.53,254.09,257.48,259.44,261.22,263.52,267.34,275.01,277.81,280.86,282.50,284.05,289.72,291.95,296.20,299.04,301.22,301.84,302.39,303.26,305.57,306.42,307.19,307.76,308.27,308.86,310.30,310.96,311.01,310.93,310.68,310.54,310.45,310.35,310.19,310.01,309.94,305.86,301.55,299.85,297.99,295.11,293.44,291.50,288.64,286.99,285.51,283.68,279.51,276.31,268.91,262.76,258.59,250.49,248.53,244.32,241.59,239.40,238.32,234.84,233.61,231.67,230.55,227.02,225.14,223.48,222.77,221.76,221.07,220.54,220.22,219.03,218.41,215.69,214.56,208.08,205.66,191.99,188.43,183.50,181.24,176.64,173.27,170.63,169.49,165.60,163.09,153.05,147.07,143.24,140.10,139.74,138.73,137.67,138.29,138.59,139.26,139.44,139.99,140.47,141.31,141.00,140.72,140.50,140.30,140.12,140.00,139.86,139.79,139.64,139.51,139.46,139.30,139.09,138.81,138.48,138.12,137.98,137.52,134.58,133.68,131.44,128.82,122.67,119.66,115.30,105.28,97.83,93.09,91.05,88.93,78.40,73.43,69.75,58.39,55.02,52.05,47.07,45.67,41.45,32.40,31.36,30.69,29.59,27.52,26.33,25.74,24.83,24.13,21.79,20.88,19.77,19.42,19.20,18.13,17.87,16.68,16.40,16.14,15.92,15.56,15.37,15.17,14.83,14.69,13.36,12.48,12.22,11.82,11.11,10.77,10.40,10.25,9.91,9.72,9.55,9.24,9.16,9.03,8.96,8.76,8.73,8.62,8.59,8.53,8.50,8.45,8.40,8.33,8.29,8.17,8.16,8.12,8.10,8.08,8.06,8.04,8.04,8.04,8.04,8.04,8.04,8.04,8.04,8.04],\r\n\t\t\t\t\tgraphSpeed         : [],\r\n\t\t\t\t\tgraphHr            : [],\r\n\t\t\t\t\tgraphAtemp         : [],\r\n\t\t\t\t\tgraphCad           : [],\r\n\t\t\t\t\tgraphGrade         : [],\r\n\t\t\t\t\twaypoints          : [],\r\n\t\t\t\t\tunit               : \"2\",\r\n\t\t\t\t\tunitspeed          : \"0\",\r\n\t\t\t\t\tcolor1             : [\"#3366cc\"],\r\n\t\t\t\t\tcolor2             : \"#3366cc\",\r\n\t\t\t\t\tcolor3             : \"#ff0000\",\r\n\t\t\t\t\tcolor4             : \"#ff77bd\",\r\n\t\t\t\t\tcolor5             : \"#beecff\",\r\n\t\t\t\t\tcolor6             : \"#beecff\",\r\n\t\t\t\t\tcolor7             : \"#ff77bd\",\r\n\t\t\t\t\tchartFrom1         : \"\",\r\n\t\t\t\t\tchartTo1           : \"\",\r\n\t\t\t\t\tchartFrom2         : \"\",\r\n\t\t\t\t\tchartTo2           : \"\",\r\n\t\t\t\t\tstartIcon          : \"\",\r\n\t\t\t\t\tendIcon            : \"\",\r\n\t\t\t\t\tcurrentIcon        : \"\",\r\n\t\t\t\t\twaypointIcon       : \"https:\/\/lavia.cc\/gpx\/wp-content\/uploads\/gpx\/cropped-icona.ico\",\r\n\t\t\t\t\tcurrentpositioncon : \"\",\r\n\t\t\t\t\tusegpsposition     : \"\",\r\n\t\t\t\t\tzoomOnScrollWheel  : \"\",\r\n\t\t\t\t\tngGalleries        : [],\r\n\t\t\t\t\tngImages           : [],\r\n\t\t\t\t\tpluginUrl          : \"https:\/\/lavia.cc\/gpx\/wp-content\/plugins\",\r\n\t\t\t\t\tTFApiKey           : \"\",\r\n\t\t\t\t\tMapBoxApiKey           : \"\",\r\n\t\t\t\t\tlangs              : {\r\n\t\t\t\t\t\taltitude        : \"Altitudine\",\r\n\t\t\t\t\t\tcurrentPosition : \"Current position\",\r\n\t\t\t\t\t\tspeed           : \"Velocit\u00e0\",\r\n\t\t\t\t\t\tgrade           : \"Grade\",\r\n\t\t\t\t\t\theartRate       : \"Battito Cardiaco\",\r\n\t\t\t\t\t\tatemp           : \"Temperature\",\r\n\t\t\t\t\t\tcadence         : \"Cadenza\",\r\n\t\t\t\t\t\tgoFullScreen    : \"Go full screen\",\r\n\t\t\t\t\t\texitFullFcreen  : \"Exit full screen\",\r\n\t\t\t\t\t\thideImages      : \"Hide images\",\r\n\t\t\t\t\t\tshowImages      : \"Show images\",\r\n\t\t\t\t\t\tbackToCenter\t: \"Ritorna al centro della mappa\"\r\n\t\t\t\t\t}\r\n\t\t\t\t});\r\n\r\n\t\t\t});\r\n\r\n\t\t<\/script>\n<p>\ud83d\udfe2 Visita\u00a0<a href=\"https:\/\/lavia.cc\/gpx\/\">LAVIA.CC<\/a>\u00a0per altre tracce gpx e condividi le tue avventure con la nostra\u00a0<a href=\"https:\/\/www.instagram.com\/lavia.cc\/\" target=\"_blank\" rel=\"noopener\">community<\/a>!<\/p>\n","protected":false},"excerpt":{"rendered":"<p>L\u2019avventura pu\u00f2 cominciare dalla stazione ferroviaria di <strong>Finale Ligure<\/strong>, oppure dall&#8217;affascinante Porta Orientale di <strong>Finalborgo<\/strong>, facilmente raggiungibile in autobus dalla stazione. Da qui, si apre un cammino che attraversa il meraviglioso centro storico di Finalborgo, cuore pulsante dell&#8217;outdoor ligure. Dopo essersi persi tra i vicoli suggestivi del borgo, imbocchiamo il sentiero conosciuto come la Via delle Neviere, che costeggia il tranquillo corso del torrente Aquila. Seguendo le indicazioni del \u201c<strong>Sentiero Ermanno Fossati<\/strong>\u201d, ci immergiamo in questo percorso straordinario. Attraversiamo la valle per un tratto, poi affrontiamo una salita decisa su un sentiero ripido che conduce alla magnifica chiesa della Madonna di Loreto, nota anche come la chiesa dei Cinque Campanili, grazie alla sua particolare architettura ispirata allo stile lombardo del XV secolo. Nei pressi della chiesa, svoltiamo a destra, percorrendo un tratto di strada asfaltata che ci accompagna lungo la valle, fino all\u2019imbocco di un nuovo sentiero che, dopo aver attraversato un incantevole casale, inizia a salire deciso sul fianco sinistro della vallata. Il sentiero si inerpica tra boschi di lecci, alternando tratti ombreggiati a spazi aperti che regalano <strong>panorami<\/strong> <strong>mozzafiato<\/strong> sulla valle sottostante e, in lontananza, uno scorcio sul mare. Lungo il cammino, occorre fare attenzione a un bivio non segnalato, dove svoltiamo a sinistra per raggiungere una delle meraviglie della giornata: la straordinaria <strong>Grotta dell\u2019Edera<\/strong>, distante circa 200 metri. Questo luogo incantato \u00e8 un vero paradiso per gli amanti dell\u2019arrampicata, che hanno tracciato vie spettacolari e impegnative lungo le pareti di questa grotta a cielo aperto. Dopo aver esplorato la grotta, torniamo sui nostri passi e riprendiamo il sentiero che sale verso la sommit\u00e0 della falesia. Questo tratto del percorso offre passaggi adrenalinici, perfetti per chi cerca un\u2019emozione in pi\u00f9, ma forse non adatti a chi soffre di vertigini. In alcuni punti, \u00e8 necessario aiutarsi con le mani per superare i passaggi pi\u00f9 impegnativi. Una volta raggiunta la sommit\u00e0 della falesia, svoltiamo a sinistra per scendere su un ripido sentiero che si snoda attraverso il bosco, conducendoci al secondo luogo magico dell\u2019itinerario: la <strong>Grotta della Pollera<\/strong>. Questa grotta, il cui nome deriva da una polla d\u2019acqua che scorre sul fondo, \u00e8 accessibile solo con l\u2019aiuto di esperti speleologi, calandosi con una corda. Scavi archeologici hanno dimostrato che la grotta era abitata fin dalla preistoria, con numerosi reperti che raccontano storie antiche e affascinanti. Proseguendo la discesa, arriviamo al fondovalle, dove ritroviamo la strada asfaltata che ci riporta verso Finale Ligure. Ritorniamo sui nostri passi, passando nuovamente accanto alla maestosa chiesa dei Cinque Campanili, e proseguiamo dritto fino a raggiungere l\u2019abitato di <strong>Castel Garrone<\/strong>. Qui, ci accoglie la splendida chiesa di Sant\u2019Eusebio, risalente al XIII secolo, con il suo caratteristico campanile a vela. In prossimit\u00e0 della chiesa, imbocchiamo a sinistra un sentiero che scende tra gli ulivi, conducendoci nuovamente verso Finalborgo. La nostra avventura si conclude con la discesa al Forte di Castel Giovanni, per poi riattraversare Finalborgo e fare ritorno verso la stazione. Un percorso ricco di storia, natura e scorci indimenticabili, che lascer\u00e0 un segno profondo nell\u2019anima di chi lo percorre.<\/p>\n<p>\ud83d\udfe2 Scarica la TRACCIA e Segui <a href=\"https:\/\/www.instagram.com\/lavia.cc\/\" target=\"_blank\" rel=\"noopener\">LAVIA<\/a>!<\/p>\n","protected":false},"featured_media":17136,"comment_status":"open","ping_status":"closed","template":"","meta":[],"product_brand":[],"product_cat":[31],"product_tag":[395,226,649],"class_list":{"0":"post-17100","1":"product","2":"type-product","3":"status-publish","4":"has-post-thumbnail","6":"product_cat-escursionismo","7":"product_tag-finale-ligure","8":"product_tag-liguria","9":"product_tag-savona","11":"first","12":"instock","13":"downloadable","14":"virtual","15":"product-type-simple"},"_links":{"self":[{"href":"https:\/\/lavia.cc\/gpx\/wp-json\/wp\/v2\/product\/17100","targetHints":{"allow":["GET"]}}],"collection":[{"href":"https:\/\/lavia.cc\/gpx\/wp-json\/wp\/v2\/product"}],"about":[{"href":"https:\/\/lavia.cc\/gpx\/wp-json\/wp\/v2\/types\/product"}],"replies":[{"embeddable":true,"href":"https:\/\/lavia.cc\/gpx\/wp-json\/wp\/v2\/comments?post=17100"}],"version-history":[{"count":2,"href":"https:\/\/lavia.cc\/gpx\/wp-json\/wp\/v2\/product\/17100\/revisions"}],"predecessor-version":[{"id":17138,"href":"https:\/\/lavia.cc\/gpx\/wp-json\/wp\/v2\/product\/17100\/revisions\/17138"}],"wp:featuredmedia":[{"embeddable":true,"href":"https:\/\/lavia.cc\/gpx\/wp-json\/wp\/v2\/media\/17136"}],"wp:attachment":[{"href":"https:\/\/lavia.cc\/gpx\/wp-json\/wp\/v2\/media?parent=17100"}],"wp:term":[{"taxonomy":"product_brand","embeddable":true,"href":"https:\/\/lavia.cc\/gpx\/wp-json\/wp\/v2\/product_brand?post=17100"},{"taxonomy":"product_cat","embeddable":true,"href":"https:\/\/lavia.cc\/gpx\/wp-json\/wp\/v2\/product_cat?post=17100"},{"taxonomy":"product_tag","embeddable":true,"href":"https:\/\/lavia.cc\/gpx\/wp-json\/wp\/v2\/product_tag?post=17100"}],"curies":[{"name":"wp","href":"https:\/\/api.w.org\/{rel}","templated":true}]}}