{"id":1714,"date":"2022-08-24T17:04:41","date_gmt":"2022-08-24T15:04:41","guid":{"rendered":"https:\/\/lavia.cc\/gpx\/?post_type=product&#038;p=1714"},"modified":"2023-07-04T21:08:02","modified_gmt":"2023-07-04T19:08:02","slug":"cima-coldai-da-piani-di-pezze","status":"publish","type":"product","link":"https:\/\/lavia.cc\/gpx\/tracce\/cima-coldai-da-piani-di-pezze\/","title":{"rendered":"Cima Coldai da Piani di Pezz\u00e8"},"content":{"rendered":"<h4>Cima Coldai da Piani di Pezz\u00e8<\/h4>\n<p>Mappa dell&#8217;<a href=\"https:\/\/lavia.cc\/gpx\/categoria-tracce\/escursionismo\/\">escursione<\/a>.<\/p>\n\r\n\t\t<div id=\"wpgpxmaps_1714_3745744\" class=\"wpgpxmaps\">\r\n\t\t\t<div id=\"map_1714_3745744_cont\" style=\"width:100%; height:450px;position:relative\" >\r\n\t\t\t\t<div id=\"map_1714_3745744\" style=\"width:100%; height:450px\"><\/div>\r\n\t\t\t\t<div id=\"wpgpxmaps_1714_3745744_osm_footer\" class=\"wpgpxmaps_osm_footer\" style=\"display:none;\"><span> &copy; <a href=\"http:\/\/www.openstreetmap.org\/copyright\" target=\"_blank\" rel=\"noopener\">OpenStreetMap<\/a> contributors<\/span><\/div>\r\n\t\t\t<\/div>\r\n\t\t\t<canvas id=\"myChart_1714_3745744\" class=\"plot\" style=\"width:100%; height:200px\"><\/canvas>\r\n\t\t\t<div id=\"ngimages_1714_3745744\" class=\"ngimages\" style=\"display:none\"><\/div>\r\n\t\t\t<div id=\"report_1714_3745744\" class=\"report\"><\/div>\r\n\t\t<\/div>\r\n\t\t\r\n\t\t<script type=\"text\/javascript\">\r\n\r\n\t\t\tjQuery(document).ready(function() {\r\n\r\n\t\t\t\tjQuery( \"#wpgpxmaps_1714_3745744\" ).wpgpxmaps( {\r\n\t\t\t\t\ttargetId           : \"1714_3745744\",\r\n\t\t\t\t\tmapType            : \"HYBRID\",\r\n\t\t\t\t\tmapData            : [[46.4125750,12.0437020],[46.4123800,12.0441830],[46.4123210,12.0445070],[46.4122000,12.0450850],[46.4120300,12.0454420],[46.4120000,12.0452500],[46.4117860,12.0452700],[46.4117570,12.0455100],[46.4115680,12.0456070],[46.4113690,12.0458730],[46.4111840,12.0462600],[46.4110550,12.0471680],[46.4106880,12.0480120],[46.4104320,12.0485760],[46.4098910,12.0498000],[46.4091150,12.0515510],[46.4087400,12.0529770],[46.4090250,12.0534540],[46.4095220,12.0548780],[46.4097510,12.0556420],[46.4099590,12.0567950],[46.4099450,12.0574730],[46.4098690,12.0579240],[46.4097940,12.0589510],[46.4095730,12.0592010],[46.4093510,12.0591870],[46.4089340,12.0587280],[46.4088420,12.0587760],[46.4088420,12.0594420],[46.4092600,12.0609090],[46.4092190,12.0613930],[46.4091420,12.0618370],[46.4091360,12.0632170],[46.4090250,12.0640450],[46.4090310,12.0644000],[46.4092500,12.0651090],[46.4095070,12.0656140],[46.4096340,12.0659190],[46.4096540,12.0661950],[46.4096480,12.0679380],[46.4097490,12.0685120],[46.4101080,12.0698020],[46.4104970,12.0709530],[46.4105310,12.0712430],[46.4105410,12.0723210],[46.4104890,12.0726080],[46.4102620,12.0731610],[46.4099520,12.0734890],[46.4097090,12.0736760],[46.4093450,12.0741650],[46.4092270,12.0744790],[46.4091420,12.0750880],[46.4089920,12.0752090],[46.4087400,12.0754100],[46.4084810,12.0755240],[46.4084180,12.0753000],[46.4082110,12.0747460],[46.4080790,12.0745940],[46.4079190,12.0745620],[46.4078000,12.0746190],[46.4077010,12.0747790],[46.4074840,12.0749710],[46.4072370,12.0752150],[46.4072200,12.0750420],[46.4071430,12.0749000],[46.4066700,12.0748250],[46.4060210,12.0747940],[46.4057330,12.0739770],[46.4057730,12.0737740],[46.4057140,12.0735160],[46.4057380,12.0731480],[46.4055570,12.0729360],[46.4055520,12.0726930],[46.4053670,12.0724370],[46.4052450,12.0721400],[46.4050470,12.0720410],[46.4050530,12.0718870],[46.4049910,12.0717750],[46.4045620,12.0717820],[46.4042590,12.0718720],[46.4041250,12.0720780],[46.4040960,12.0722970],[46.4038880,12.0721890],[46.4035880,12.0723120],[46.4034810,12.0725110],[46.4033370,12.0725840],[46.4029600,12.0727300],[46.4027190,12.0726710],[46.4025130,12.0726550],[46.4021680,12.0724740],[46.4016440,12.0725400],[46.4015080,12.0726790],[46.4015400,12.0724340],[46.4014080,12.0724600],[46.4012050,12.0720400],[46.4009380,12.0717280],[46.4005500,12.0715680],[46.4005950,12.0714080],[46.4003670,12.0712720],[46.4001900,12.0713050],[46.4000890,12.0713250],[46.4001350,12.0710780],[46.4001580,12.0709550],[46.3999330,12.0710880],[46.3999800,12.0709340],[46.4001460,12.0707610],[46.4003200,12.0707060],[46.4001050,12.0705580],[46.3999880,12.0703510],[46.3999400,12.0701170],[46.3997660,12.0699050],[46.3996470,12.0695500],[46.3996480,12.0693310],[46.3995040,12.0690620],[46.3995040,12.0690620],[46.3996480,12.0693310],[46.3996080,12.0684250],[46.3995740,12.0682330],[46.3996180,12.0680150],[46.3995490,12.0674850],[46.3995020,12.0671870],[46.3993530,12.0670300],[46.3993240,12.0668560],[46.3994790,12.0664840],[46.3996280,12.0662860],[46.3995510,12.0660570],[46.3992970,12.0658500],[46.3993520,12.0655200],[46.3994380,12.0653240],[46.3995950,12.0651960],[46.3995670,12.0650530],[46.3995970,12.0646580],[46.3995330,12.0644180],[46.3999010,12.0639000],[46.4000290,12.0636330],[46.4002150,12.0636660],[46.4002100,12.0637940],[46.4004250,12.0641830],[46.4003910,12.0643670],[46.4006330,12.0646660],[46.4009630,12.0650390],[46.4011750,12.0651030],[46.4013460,12.0652540],[46.4014690,12.0652280],[46.4016030,12.0653270],[46.4016880,12.0656100],[46.4021320,12.0658790],[46.4020430,12.0652300],[46.4022820,12.0652520],[46.4022260,12.0649930],[46.4023230,12.0649690],[46.4023010,12.0648330],[46.4021840,12.0644860],[46.4021860,12.0644250],[46.4024240,12.0642860],[46.4024390,12.0641760],[46.4026450,12.0639610],[46.4024390,12.0641760],[46.4024240,12.0642860],[46.4021860,12.0644250],[46.4021840,12.0644860],[46.4023650,12.0647600],[46.4023230,12.0649690],[46.4022260,12.0649930],[46.4022820,12.0652520],[46.4020430,12.0652300],[46.4021780,12.0657890],[46.4016880,12.0656100],[46.4016030,12.0653270],[46.4014690,12.0652280],[46.4013460,12.0652540],[46.4011750,12.0651030],[46.4009630,12.0650390],[46.4006330,12.0646660],[46.4004710,12.0644010],[46.4004250,12.0641830],[46.4002100,12.0637940],[46.4002150,12.0636660],[46.4000290,12.0636330],[46.3999010,12.0639000],[46.3995330,12.0644180],[46.3995970,12.0646580],[46.3995670,12.0650530],[46.3995950,12.0651960],[46.3994380,12.0653240],[46.3993520,12.0655200],[46.3992970,12.0658500],[46.3995510,12.0660570],[46.3996280,12.0662860],[46.3994790,12.0664840],[46.3993240,12.0668560],[46.3993530,12.0670300],[46.3995020,12.0671870],[46.3995490,12.0674850],[46.3996270,12.0679710],[46.3995740,12.0682330],[46.3996080,12.0684250],[46.3996480,12.0693310],[46.3995040,12.0690620],[46.3996480,12.0693310],[46.3996470,12.0695500],[46.3997660,12.0699050],[46.3999400,12.0701170],[46.3999880,12.0703510],[46.4000660,12.0704900],[46.4003200,12.0707060],[46.4001460,12.0707610],[46.3999800,12.0709340],[46.3999330,12.0710880],[46.4001580,12.0709550],[46.4001350,12.0710780],[46.4000890,12.0713250],[46.4001900,12.0713050],[46.4003670,12.0712720],[46.4005950,12.0714080],[46.4004880,12.0715010],[46.4009380,12.0717280],[46.4012050,12.0720400],[46.4014080,12.0724600],[46.4015400,12.0724340],[46.4014880,12.0726250],[46.4016440,12.0725400],[46.4021680,12.0724740],[46.4024680,12.0725850],[46.4026370,12.0726840],[46.4029600,12.0727300],[46.4033370,12.0725840],[46.4034810,12.0725110],[46.4035880,12.0723120],[46.4038880,12.0721890],[46.4040960,12.0722970],[46.4041250,12.0720780],[46.4042590,12.0718720],[46.4045620,12.0717820],[46.4049910,12.0717750],[46.4050530,12.0718870],[46.4052880,12.0717640],[46.4059400,12.0719260],[46.4061390,12.0724430],[46.4062050,12.0726110],[46.4063510,12.0729780],[46.4064240,12.0734280],[46.4065290,12.0733570],[46.4064240,12.0734280],[46.4057980,12.0735680],[46.4057730,12.0737740],[46.4057330,12.0739770],[46.4060210,12.0747940],[46.4066700,12.0748250],[46.4071430,12.0749000],[46.4072200,12.0750420],[46.4072370,12.0752150],[46.4074840,12.0749710],[46.4077010,12.0747790],[46.4078000,12.0746190],[46.4079190,12.0745620],[46.4080790,12.0745940],[46.4081870,12.0747180],[46.4083830,12.0752080],[46.4084810,12.0755240],[46.4087400,12.0754100],[46.4089920,12.0752090],[46.4091420,12.0750880],[46.4092270,12.0744790],[46.4093450,12.0741650],[46.4097090,12.0736760],[46.4099520,12.0734890],[46.4102620,12.0731610],[46.4104890,12.0726080],[46.4105410,12.0723210],[46.4105310,12.0712430],[46.4104970,12.0709530],[46.4101080,12.0698020],[46.4099340,12.0691770],[46.4097490,12.0685120],[46.4096480,12.0679380],[46.4096540,12.0661950],[46.4096340,12.0659190],[46.4095070,12.0656140],[46.4092500,12.0651090],[46.4090310,12.0644000],[46.4090250,12.0640450],[46.4091360,12.0632170],[46.4091420,12.0618370],[46.4092190,12.0613930],[46.4092600,12.0609090],[46.4088420,12.0594420],[46.4088420,12.0587760],[46.4089340,12.0587280],[46.4093510,12.0591870],[46.4095730,12.0592010],[46.4097940,12.0589510],[46.4098690,12.0579240],[46.4099450,12.0574730],[46.4099590,12.0567950],[46.4097510,12.0556420],[46.4095220,12.0548780],[46.4090250,12.0534540],[46.4087400,12.0529770],[46.4091150,12.0515510],[46.4098910,12.0498000],[46.4104150,12.0486150],[46.4106880,12.0480120],[46.4110550,12.0471680],[46.4111840,12.0462600],[46.4113690,12.0458730],[46.4115680,12.0456070],[46.4116760,12.0449930],[46.4119520,12.0444670],[46.4121380,12.0443530],[46.4123800,12.0441830],[46.4124870,12.0440320],[46.4127560,12.0437590],[46.4129370,12.0433330],[46.4132610,12.0416500],[46.4132390,12.0414080],[46.4132070,12.0410610],[46.4130800,12.0410200],[46.4129960,12.0408280],[46.4130800,12.0410200],[46.4132070,12.0410610],[46.4128470,12.0395360]],\r\n\t\t\t\t\tgraphDist          : [0.00,0.04,0.07,0.11,0.15,0.16,0.19,0.21,0.23,0.26,0.29,0.37,0.44,0.49,0.61,0.77,0.89,0.94,1.06,1.12,1.22,1.27,1.30,1.39,1.42,1.44,1.50,1.51,1.57,1.69,1.73,1.76,1.87,1.94,1.96,2.02,2.07,2.10,2.12,2.26,2.30,2.41,2.51,2.53,2.61,2.64,2.69,2.73,2.76,2.82,2.84,2.89,2.91,2.94,2.97,2.99,3.04,3.06,3.08,3.09,3.11,3.14,3.17,3.18,3.20,3.25,3.32,3.40,3.41,3.43,3.46,3.49,3.51,3.54,3.57,3.59,3.60,3.61,3.66,3.70,3.72,3.74,3.77,3.80,3.82,3.84,3.89,3.91,3.94,3.98,4.04,4.06,4.08,4.10,4.14,4.17,4.22,4.24,4.27,4.29,4.30,4.33,4.34,4.36,4.38,4.40,4.42,4.45,4.47,4.49,4.51,4.54,4.56,4.59,4.60,4.63,4.70,4.71,4.73,4.77,4.80,4.82,4.83,4.87,4.89,4.91,4.94,4.97,4.99,5.01,5.02,5.05,5.07,5.13,5.15,5.17,5.18,5.22,5.24,5.28,5.32,5.35,5.37,5.39,5.40,5.43,5.48,5.54,5.57,5.59,5.60,5.61,5.65,5.66,5.69,5.70,5.73,5.76,5.77,5.80,5.81,5.84,5.86,5.87,5.90,5.92,5.97,6.03,6.06,6.08,6.09,6.11,6.14,6.19,6.21,6.24,6.28,6.29,6.31,6.33,6.39,6.41,6.44,6.45,6.48,6.49,6.52,6.56,6.57,6.60,6.63,6.64,6.66,6.69,6.73,6.75,6.76,6.83,6.86,6.89,6.90,6.93,6.96,6.98,6.99,7.03,7.05,7.07,7.08,7.11,7.12,7.14,7.15,7.17,7.20,7.22,7.27,7.31,7.35,7.36,7.38,7.40,7.46,7.50,7.52,7.56,7.61,7.62,7.64,7.68,7.70,7.72,7.75,7.78,7.83,7.84,7.87,7.95,7.99,8.01,8.04,8.08,8.09,8.11,8.18,8.20,8.22,8.29,8.36,8.42,8.43,8.44,8.48,8.50,8.52,8.53,8.55,8.57,8.61,8.64,8.67,8.70,8.72,8.77,8.80,8.85,8.88,8.92,8.97,9.00,9.08,9.10,9.20,9.26,9.31,9.36,9.49,9.51,9.54,9.59,9.65,9.68,9.74,9.85,9.88,9.92,10.05,10.10,10.11,10.17,10.19,10.23,10.31,10.34,10.40,10.49,10.55,10.68,10.72,10.84,11.01,11.11,11.17,11.25,11.32,11.35,11.38,11.43,11.48,11.51,11.54,11.55,11.59,11.63,11.76,11.78,11.81,11.82,11.84,11.86,11.87,12.00],\r\n\t\t\t\t\tgraphEle           : [1454.10,1456.00,1457.80,1458.40,1459.90,1459.70,1461.10,1462.40,1462.60,1464.00,1465.70,1469.00,1473.60,1479.10,1486.30,1514.90,1540.20,1542.70,1546.10,1553.00,1564.60,1574.00,1581.50,1600.00,1608.00,1613.70,1625.40,1627.60,1637.20,1661.50,1671.00,1678.60,1691.40,1699.10,1704.30,1715.60,1720.20,1722.70,1725.10,1736.20,1739.70,1752.70,1767.10,1770.20,1785.00,1789.40,1797.80,1804.50,1807.70,1812.10,1814.10,1817.50,1818.70,1821.90,1825.20,1825.50,1824.60,1823.60,1822.90,1822.40,1821.70,1821.10,1820.10,1822.20,1824.40,1830.80,1839.10,1859.50,1862.30,1868.20,1876.00,1883.00,1888.60,1897.40,1905.10,1911.80,1915.10,1916.40,1931.00,1944.50,1951.50,1956.30,1965.20,1971.60,1975.40,1978.40,1990.70,1998.40,2006.40,2021.40,2032.80,2036.50,2040.40,2043.00,2046.70,2048.70,2058.60,2065.60,2073.10,2078.60,2081.90,2087.70,2090.70,2098.60,2102.10,2107.20,2112.20,2120.60,2126.30,2129.10,2132.10,2135.20,2135.80,2131.80,2131.80,2135.80,2139.00,2140.70,2142.70,2145.20,2145.80,2147.10,2148.60,2149.80,2149.20,2150.20,2156.80,2165.30,2171.70,2178.20,2181.40,2187.40,2190.30,2190.00,2195.70,2201.10,2203.20,2212.50,2216.10,2225.00,2236.30,2242.20,2247.60,2250.90,2255.00,2260.80,2273.80,2289.30,2294.00,2298.80,2301.20,2303.50,2314.60,2313.90,2314.70,2314.90,2315.10,2314.70,2314.20,2314.60,2310.50,2305.30,2301.30,2299.10,2294.50,2287.00,2276.10,2261.00,2255.30,2251.30,2247.90,2242.50,2236.70,2225.40,2218.90,2213.10,2203.90,2201.00,2195.60,2190.00,2190.30,2187.30,2181.30,2178.10,2171.60,2165.20,2156.70,2150.20,2149.20,2149.80,2148.60,2147.10,2145.80,2145.20,2143.10,2140.70,2139.00,2135.80,2131.80,2135.70,2135.20,2132.10,2129.00,2126.20,2122.70,2112.10,2107.10,2102.10,2098.60,2090.60,2087.70,2081.80,2078.50,2073.10,2065.60,2061.20,2048.70,2046.70,2043.00,2040.40,2037.30,2032.80,2021.40,2009.80,2000.50,1990.80,1978.50,1975.30,1971.50,1965.30,1956.40,1951.60,1944.60,1931.10,1916.50,1915.10,1911.20,1900.90,1887.50,1884.10,1877.50,1870.90,1872.50,1870.90,1864.30,1862.30,1859.60,1839.10,1830.80,1824.40,1822.20,1820.10,1821.10,1821.80,1822.40,1823.00,1823.70,1824.50,1825.60,1825.40,1821.90,1818.70,1817.50,1814.10,1812.10,1807.70,1804.40,1797.90,1789.50,1785.10,1770.30,1767.20,1752.80,1745.50,1739.80,1736.20,1725.20,1722.80,1720.30,1715.60,1704.20,1699.10,1691.40,1678.60,1671.00,1661.60,1637.20,1627.70,1625.50,1613.80,1608.00,1600.10,1581.60,1574.00,1564.70,1553.10,1546.20,1542.70,1540.20,1514.90,1486.30,1477.70,1473.70,1469.00,1465.70,1464.00,1462.60,1459.90,1456.60,1455.20,1456.00,1456.10,1457.80,1459.80,1468.50,1469.80,1471.60,1469.70,1466.80,1469.70,1471.70,1461.30],\r\n\t\t\t\t\tgraphSpeed         : [],\r\n\t\t\t\t\tgraphHr            : [],\r\n\t\t\t\t\tgraphAtemp         : [],\r\n\t\t\t\t\tgraphCad           : [],\r\n\t\t\t\t\tgraphGrade         : [],\r\n\t\t\t\t\twaypoints          : [],\r\n\t\t\t\t\tunit               : \"2\",\r\n\t\t\t\t\tunitspeed          : \"0\",\r\n\t\t\t\t\tcolor1             : [\"#3366cc\"],\r\n\t\t\t\t\tcolor2             : \"#3366cc\",\r\n\t\t\t\t\tcolor3             : \"#ff0000\",\r\n\t\t\t\t\tcolor4             : \"#ff77bd\",\r\n\t\t\t\t\tcolor5             : \"#beecff\",\r\n\t\t\t\t\tcolor6             : \"#beecff\",\r\n\t\t\t\t\tcolor7             : \"#ff77bd\",\r\n\t\t\t\t\tchartFrom1         : \"\",\r\n\t\t\t\t\tchartTo1           : \"\",\r\n\t\t\t\t\tchartFrom2         : \"\",\r\n\t\t\t\t\tchartTo2           : \"\",\r\n\t\t\t\t\tstartIcon          : \"\",\r\n\t\t\t\t\tendIcon            : \"\",\r\n\t\t\t\t\tcurrentIcon        : \"\",\r\n\t\t\t\t\twaypointIcon       : \"https:\/\/lavia.cc\/gpx\/wp-content\/uploads\/gpx\/cropped-icona.ico\",\r\n\t\t\t\t\tcurrentpositioncon : \"\",\r\n\t\t\t\t\tusegpsposition     : \"\",\r\n\t\t\t\t\tzoomOnScrollWheel  : \"\",\r\n\t\t\t\t\tngGalleries        : [],\r\n\t\t\t\t\tngImages           : [],\r\n\t\t\t\t\tpluginUrl          : \"https:\/\/lavia.cc\/gpx\/wp-content\/plugins\",\r\n\t\t\t\t\tTFApiKey           : \"\",\r\n\t\t\t\t\tMapBoxApiKey           : \"\",\r\n\t\t\t\t\tlangs              : {\r\n\t\t\t\t\t\taltitude        : \"Altitudine\",\r\n\t\t\t\t\t\tcurrentPosition : \"Current position\",\r\n\t\t\t\t\t\tspeed           : \"Velocit\u00e0\",\r\n\t\t\t\t\t\tgrade           : \"Grade\",\r\n\t\t\t\t\t\theartRate       : \"Battito Cardiaco\",\r\n\t\t\t\t\t\tatemp           : \"Temperature\",\r\n\t\t\t\t\t\tcadence         : \"Cadenza\",\r\n\t\t\t\t\t\tgoFullScreen    : \"Go full screen\",\r\n\t\t\t\t\t\texitFullFcreen  : \"Exit full screen\",\r\n\t\t\t\t\t\thideImages      : \"Hide images\",\r\n\t\t\t\t\t\tshowImages      : \"Show images\",\r\n\t\t\t\t\t\tbackToCenter\t: \"Ritorna al centro della mappa\"\r\n\t\t\t\t\t}\r\n\t\t\t\t});\r\n\r\n\t\t\t});\r\n\r\n\t\t<\/script>\n<p>Clicca qui per raggiungere il punto di partenza: <a href=\"https:\/\/www.google.it\/maps\/place\/Appartamento+%22Il+Nido+Sul+Civetta%22\/@46.4128437,12.0373413,17z\/data=!4m13!1m7!3m6!1s0x0:0xb3383a5bed8598d!2zNDbCsDI0JzQ2LjIiTiAxMsKwMDInMjIuMyJF!3b1!8m2!3d46.41284!4d12.03953!3m4!1s0x47784eb7e4a31d8b:0xfe2d43312c25eb8c!8m2!3d46.4131575!4d12.0404802\" target=\"_blank\" rel=\"noopener\">Google Maps<\/a><\/p>\n","protected":false},"excerpt":{"rendered":"<p>Stupenda, spettacolare! Un\u2019escursione tra le Dolomiti di Zoldo sotto la parete nord del Civetta, alla scoperta del Lago di Coldai, noto per i suoi colori e il meraviglioso panorama. Si parte da Piani di Pezz\u00e8 (1450 m),localit\u00e0 del comune di Alleghe (Belluno), dove si pu\u00f2 arrivare sia in auto sia con la funivia che parte dal centro del paese. Da l\u00ec si tiene la sinistra e si sale in direzione Casera Pioda e Rifugio Coldai. Dalla Casera Pioda (1824 m) si segue la mulattiera per poi continuare su sentiero che porta al rifugio Coldai (2132 m ). Si rimane sulla sinistra e si continua verso la forcella panoramica dalla quale si vede il noto lago. Da l\u00ec si pu\u00f2 scegliere di scendere direttamente sulle rive del lago o salire sulla Cima Coldai (2403 m). La salita alla cima inizialmente non presenta grandi difficolt\u00e0 ma \u00e8 consigliata solo ad escursionisti esperti per l\u2019alta tecnicit\u00e0 del sentiero nel tratto finale. Arrivati al lago si pu\u00f2 decidere di scendere di nuovo ai piani di Pezz\u00e8 dal sentiero molto tecnico 570 che \u00e8 segnalato come particolarmente difficile da tutte le guide (molto ripido ed esposto adatto) oppure tornare dallo stesso sentiero dell\u2019andata che \u00e8 decisamente pi\u00f9 comodo e meno pericoloso.<\/p>\n<p>\ud83d\udfe2\u00a0Segui LAVIA!<\/p>\n","protected":false},"featured_media":1721,"comment_status":"open","ping_status":"closed","template":"","meta":[],"product_brand":[],"product_cat":[31],"product_tag":[222,152,220,177,219,221,223,47],"class_list":{"0":"post-1714","1":"product","2":"type-product","3":"status-publish","4":"has-post-thumbnail","6":"product_cat-escursionismo","7":"product_tag-alleghe","8":"product_tag-belluno","9":"product_tag-cima-coldai","10":"product_tag-dolomiti","11":"product_tag-dolomiti-di-zoldo","12":"product_tag-lago-coldai","13":"product_tag-piani-di-pezze","14":"product_tag-r-veneto","16":"first","17":"instock","18":"downloadable","19":"virtual","20":"product-type-simple"},"_links":{"self":[{"href":"https:\/\/lavia.cc\/gpx\/wp-json\/wp\/v2\/product\/1714","targetHints":{"allow":["GET"]}}],"collection":[{"href":"https:\/\/lavia.cc\/gpx\/wp-json\/wp\/v2\/product"}],"about":[{"href":"https:\/\/lavia.cc\/gpx\/wp-json\/wp\/v2\/types\/product"}],"replies":[{"embeddable":true,"href":"https:\/\/lavia.cc\/gpx\/wp-json\/wp\/v2\/comments?post=1714"}],"version-history":[{"count":6,"href":"https:\/\/lavia.cc\/gpx\/wp-json\/wp\/v2\/product\/1714\/revisions"}],"predecessor-version":[{"id":3329,"href":"https:\/\/lavia.cc\/gpx\/wp-json\/wp\/v2\/product\/1714\/revisions\/3329"}],"wp:featuredmedia":[{"embeddable":true,"href":"https:\/\/lavia.cc\/gpx\/wp-json\/wp\/v2\/media\/1721"}],"wp:attachment":[{"href":"https:\/\/lavia.cc\/gpx\/wp-json\/wp\/v2\/media?parent=1714"}],"wp:term":[{"taxonomy":"product_brand","embeddable":true,"href":"https:\/\/lavia.cc\/gpx\/wp-json\/wp\/v2\/product_brand?post=1714"},{"taxonomy":"product_cat","embeddable":true,"href":"https:\/\/lavia.cc\/gpx\/wp-json\/wp\/v2\/product_cat?post=1714"},{"taxonomy":"product_tag","embeddable":true,"href":"https:\/\/lavia.cc\/gpx\/wp-json\/wp\/v2\/product_tag?post=1714"}],"curies":[{"name":"wp","href":"https:\/\/api.w.org\/{rel}","templated":true}]}}