{"id":1726,"date":"2022-08-24T13:51:59","date_gmt":"2022-08-24T11:51:59","guid":{"rendered":"https:\/\/lavia.cc\/gpx\/?post_type=product&#038;p=1726"},"modified":"2024-07-29T20:43:37","modified_gmt":"2024-07-29T18:43:37","slug":"bivacco-battaglione-ortles-da-rifugio-berni","status":"publish","type":"product","link":"https:\/\/lavia.cc\/gpx\/tracce\/bivacco-battaglione-ortles-da-rifugio-berni\/","title":{"rendered":"Bivacco Battaglione Ortles da Rifugio Berni"},"content":{"rendered":"<h4>Bivacco Battaglione Ortles da Rifugio Berni<\/h4>\n<p>Mappa dell&#8217;<a href=\"https:\/\/lavia.cc\/gpx\/categoria-tracce\/escursionismo\/\">escursione<\/a>.<\/p>\n\r\n\t\t<div id=\"wpgpxmaps_1726_2359586\" class=\"wpgpxmaps\">\r\n\t\t\t<div id=\"map_1726_2359586_cont\" style=\"width:100%; height:450px;position:relative\" >\r\n\t\t\t\t<div id=\"map_1726_2359586\" style=\"width:100%; height:450px\"><\/div>\r\n\t\t\t\t<div id=\"wpgpxmaps_1726_2359586_osm_footer\" class=\"wpgpxmaps_osm_footer\" style=\"display:none;\"><span> &copy; <a href=\"http:\/\/www.openstreetmap.org\/copyright\" target=\"_blank\" rel=\"noopener\">OpenStreetMap<\/a> contributors<\/span><\/div>\r\n\t\t\t<\/div>\r\n\t\t\t<canvas id=\"myChart_1726_2359586\" class=\"plot\" style=\"width:100%; height:200px\"><\/canvas>\r\n\t\t\t<div id=\"ngimages_1726_2359586\" class=\"ngimages\" style=\"display:none\"><\/div>\r\n\t\t\t<div id=\"report_1726_2359586\" class=\"report\"><\/div>\r\n\t\t<\/div>\r\n\t\t\r\n\t\t<script type=\"text\/javascript\">\r\n\r\n\t\t\tjQuery(document).ready(function() {\r\n\r\n\t\t\t\tjQuery( \"#wpgpxmaps_1726_2359586\" ).wpgpxmaps( {\r\n\t\t\t\t\ttargetId           : \"1726_2359586\",\r\n\t\t\t\t\tmapType            : \"HYBRID\",\r\n\t\t\t\t\tmapData            : [[46.3603480,10.5007960],[46.3602590,10.5006450],[46.3601550,10.5004660],[46.3597040,10.5004070],[46.3597610,10.5005710],[46.3596180,10.5006920],[46.3594640,10.5009760],[46.3594110,10.5013100],[46.3592540,10.5013940],[46.3593720,10.5018710],[46.3593940,10.5020090],[46.3593190,10.5022400],[46.3593780,10.5024510],[46.3595550,10.5026420],[46.3597380,10.5030770],[46.3599350,10.5033150],[46.3599970,10.5035610],[46.3603480,10.5041000],[46.3604020,10.5043020],[46.3605640,10.5045190],[46.3607820,10.5046940],[46.3610070,10.5051550],[46.3610470,10.5054450],[46.3611760,10.5058500],[46.3614810,10.5063200],[46.3617100,10.5065680],[46.3618780,10.5070070],[46.3618250,10.5071850],[46.3619580,10.5072990],[46.3621280,10.5073500],[46.3621490,10.5075090],[46.3621800,10.5076540],[46.3622020,10.5077800],[46.3622800,10.5078670],[46.3623510,10.5079320],[46.3624190,10.5080050],[46.3625120,10.5080610],[46.3625880,10.5081460],[46.3626700,10.5082140],[46.3627770,10.5082510],[46.3628620,10.5083100],[46.3629530,10.5082750],[46.3630510,10.5082880],[46.3631450,10.5083350],[46.3633120,10.5082020],[46.3634990,10.5084980],[46.3635560,10.5088030],[46.3637470,10.5091540],[46.3638000,10.5094780],[46.3640230,10.5098770],[46.3641020,10.5099410],[46.3641390,10.5101140],[46.3642640,10.5103180],[46.3643380,10.5106840],[46.3644670,10.5108690],[46.3649610,10.5113320],[46.3650230,10.5116050],[46.3653480,10.5118600],[46.3654960,10.5121900],[46.3658500,10.5124960],[46.3660400,10.5127820],[46.3661190,10.5129960],[46.3663120,10.5131660],[46.3665190,10.5137900],[46.3665190,10.5140550],[46.3666270,10.5142770],[46.3666860,10.5145600],[46.3668090,10.5148490],[46.3669350,10.5150010],[46.3671180,10.5150760],[46.3672030,10.5153040],[46.3672200,10.5155110],[46.3670510,10.5157550],[46.3670110,10.5159310],[46.3669370,10.5163060],[46.3669440,10.5165410],[46.3668400,10.5167370],[46.3668020,10.5170920],[46.3667650,10.5173600],[46.3667330,10.5179240],[46.3666420,10.5184030],[46.3661630,10.5191040],[46.3659740,10.5191480],[46.3658500,10.5192930],[46.3657080,10.5196570],[46.3656750,10.5201320],[46.3654160,10.5205340],[46.3653440,10.5207410],[46.3653120,10.5210090],[46.3653550,10.5211870],[46.3653440,10.5217150],[46.3652950,10.5221150],[46.3650760,10.5230100],[46.3650840,10.5234410],[46.3650210,10.5241100],[46.3649410,10.5239630],[46.3648360,10.5239150],[46.3648770,10.5244310],[46.3647850,10.5251810],[46.3648550,10.5263170],[46.3647790,10.5267340],[46.3648280,10.5270330],[46.3650020,10.5273790],[46.3652080,10.5276300],[46.3652510,10.5280000],[46.3651210,10.5284480],[46.3651940,10.5292120],[46.3651410,10.5293950],[46.3651940,10.5295400],[46.3650560,10.5295950],[46.3650180,10.5298620],[46.3648260,10.5302790],[46.3647920,10.5307010],[46.3646040,10.5309570],[46.3645080,10.5309900],[46.3642510,10.5312850],[46.3641860,10.5318800],[46.3640900,10.5322470],[46.3641280,10.5326250],[46.3642560,10.5328960],[46.3643950,10.5330290],[46.3644490,10.5334660],[46.3645240,10.5336100],[46.3644870,10.5339180],[46.3642750,10.5340670],[46.3641070,10.5341100],[46.3639660,10.5343460],[46.3633370,10.5347980],[46.3631790,10.5347590],[46.3630950,10.5348180],[46.3629810,10.5347860],[46.3625420,10.5347270],[46.3622820,10.5348570],[46.3621920,10.5348100],[46.3619290,10.5348810],[46.3618090,10.5347780],[46.3616490,10.5347940],[46.3616010,10.5349000],[46.3614600,10.5349550],[46.3613810,10.5348920],[46.3603850,10.5358910],[46.3600560,10.5366380],[46.3597470,10.5369830],[46.3594210,10.5371450],[46.3591260,10.5371330],[46.3590200,10.5372310],[46.3588540,10.5371880],[46.3585420,10.5372540],[46.3585420,10.5373760],[46.3584180,10.5373760],[46.3584610,10.5375020],[46.3583990,10.5377100],[46.3581870,10.5380090],[46.3580020,10.5387220],[46.3580820,10.5394310],[46.3581360,10.5395400],[46.3581210,10.5398220],[46.3581760,10.5400890],[46.3581600,10.5403620],[46.3580570,10.5405350],[46.3579980,10.5407660],[46.3579540,10.5411850],[46.3580880,10.5416590],[46.3580610,10.5417880],[46.3579000,10.5419190],[46.3577250,10.5422460],[46.3575460,10.5425020],[46.3575630,10.5426530],[46.3577740,10.5426230],[46.3577320,10.5427420],[46.3579050,10.5427560],[46.3578510,10.5428780],[46.3579510,10.5429230],[46.3579790,10.5429980],[46.3581080,10.5432260],[46.3582350,10.5432120],[46.3585760,10.5435340],[46.3585970,10.5437050],[46.3585580,10.5438730],[46.3585970,10.5437050],[46.3585510,10.5435890],[46.3590000,10.5436180],[46.3592740,10.5438120],[46.3593780,10.5437910],[46.3595310,10.5436500],[46.3597460,10.5432030],[46.3595310,10.5436500],[46.3593780,10.5437910],[46.3592740,10.5438120],[46.3590000,10.5436180],[46.3585760,10.5435340],[46.3582350,10.5432120],[46.3581080,10.5432260],[46.3579790,10.5429980],[46.3579510,10.5429230],[46.3580140,10.5428240],[46.3580560,10.5427010],[46.3580980,10.5425800],[46.3580530,10.5424650],[46.3580580,10.5424670],[46.3581020,10.5425940],[46.3580490,10.5427090],[46.3579570,10.5427200],[46.3578610,10.5427010],[46.3577690,10.5426910],[46.3576820,10.5427430],[46.3575970,10.5426840],[46.3575950,10.5425560],[46.3576650,10.5424480],[46.3577250,10.5422460],[46.3579000,10.5419190],[46.3580610,10.5417880],[46.3580880,10.5416590],[46.3579540,10.5411850],[46.3579980,10.5407660],[46.3580570,10.5405350],[46.3581600,10.5403620],[46.3581760,10.5400890],[46.3581210,10.5398220],[46.3581360,10.5395400],[46.3580820,10.5394310],[46.3580020,10.5387220],[46.3581870,10.5380090],[46.3583990,10.5377100],[46.3584150,10.5375260],[46.3584180,10.5373760],[46.3585420,10.5373760],[46.3585420,10.5372540],[46.3588350,10.5372740],[46.3590200,10.5372310],[46.3591500,10.5371990],[46.3594210,10.5371450],[46.3597470,10.5369830],[46.3600560,10.5366380],[46.3603850,10.5358910],[46.3613810,10.5348920],[46.3614600,10.5349550],[46.3616010,10.5349000],[46.3616490,10.5347940],[46.3618090,10.5347780],[46.3619290,10.5348810],[46.3621920,10.5348100],[46.3622820,10.5348570],[46.3625420,10.5347270],[46.3629810,10.5347860],[46.3630950,10.5348180],[46.3631790,10.5347590],[46.3633370,10.5347980],[46.3639660,10.5343460],[46.3641070,10.5341100],[46.3642750,10.5340670],[46.3644870,10.5339180],[46.3645240,10.5336100],[46.3644490,10.5334660],[46.3643950,10.5330290],[46.3642560,10.5328960],[46.3641280,10.5326250],[46.3640900,10.5322470],[46.3641860,10.5318800],[46.3642510,10.5312850],[46.3645080,10.5309900],[46.3646040,10.5309570],[46.3647150,10.5307010],[46.3648260,10.5302790],[46.3650180,10.5298620],[46.3650560,10.5295950],[46.3651940,10.5295400],[46.3651410,10.5293950],[46.3651940,10.5292120],[46.3651210,10.5284480],[46.3652510,10.5280000],[46.3652080,10.5276300],[46.3650020,10.5273790],[46.3648280,10.5270330],[46.3647790,10.5267340],[46.3648550,10.5263170],[46.3647850,10.5251810],[46.3648770,10.5244310],[46.3648360,10.5239150],[46.3649410,10.5239630],[46.3650210,10.5241100],[46.3650840,10.5234410],[46.3650760,10.5230100],[46.3652950,10.5221150],[46.3653440,10.5217150],[46.3653550,10.5211870],[46.3653120,10.5210090],[46.3653440,10.5207410],[46.3654160,10.5205340],[46.3656750,10.5201320],[46.3657080,10.5196570],[46.3658500,10.5192930],[46.3659740,10.5191480],[46.3661630,10.5191040],[46.3666420,10.5184030],[46.3667330,10.5179240],[46.3667650,10.5173600],[46.3668350,10.5171950],[46.3668400,10.5167370],[46.3669440,10.5165410],[46.3669370,10.5163060],[46.3670110,10.5159310],[46.3670700,10.5158310],[46.3672200,10.5155110],[46.3672030,10.5153040],[46.3671180,10.5150760],[46.3669350,10.5150010],[46.3668090,10.5148490],[46.3666860,10.5145600],[46.3666270,10.5142770],[46.3665190,10.5140550],[46.3665190,10.5137900],[46.3663120,10.5131660],[46.3661760,10.5129740],[46.3660400,10.5127820],[46.3658500,10.5124960],[46.3654960,10.5121900],[46.3653480,10.5118600],[46.3650230,10.5116050],[46.3649610,10.5113320],[46.3644670,10.5108690],[46.3643380,10.5106840],[46.3642640,10.5103180],[46.3641390,10.5101140],[46.3641020,10.5099410],[46.3640230,10.5098770],[46.3638000,10.5094780],[46.3637470,10.5091540],[46.3635560,10.5088030],[46.3634990,10.5084980],[46.3632310,10.5080740],[46.3630950,10.5080480],[46.3628630,10.5076750],[46.3625860,10.5074780],[46.3624550,10.5074480],[46.3622160,10.5073770],[46.3621280,10.5073500],[46.3619580,10.5072990],[46.3618250,10.5071850],[46.3618780,10.5070070],[46.3617100,10.5065680],[46.3614810,10.5063200],[46.3611760,10.5058500],[46.3610470,10.5054450],[46.3610070,10.5051550],[46.3607820,10.5046940],[46.3605640,10.5045190],[46.3604020,10.5043020],[46.3603480,10.5041000],[46.3599970,10.5035610],[46.3599350,10.5033150],[46.3597380,10.5030770],[46.3595550,10.5026420],[46.3593780,10.5024510],[46.3593190,10.5022400],[46.3593940,10.5020090],[46.3593720,10.5018710],[46.3592540,10.5013940],[46.3594110,10.5013100],[46.3594640,10.5009760],[46.3596180,10.5006920],[46.3597610,10.5005710],[46.3597040,10.5004070],[46.3601550,10.5004660],[46.3602590,10.5006450]],\r\n\t\t\t\t\tgraphDist          : [0.00,0.02,0.03,0.08,0.10,0.12,0.15,0.17,0.19,0.23,0.24,0.26,0.28,0.30,0.34,0.37,0.39,0.45,0.46,0.49,0.52,0.56,0.58,0.62,0.67,0.70,0.74,0.75,0.77,0.79,0.80,0.81,0.82,0.84,0.85,0.86,0.87,0.88,0.89,0.90,0.91,0.92,0.93,0.95,0.97,1.00,1.02,1.06,1.08,1.12,1.13,1.15,1.17,1.20,1.22,1.28,1.31,1.35,1.38,1.42,1.45,1.47,1.50,1.55,1.57,1.59,1.62,1.64,1.66,1.68,1.70,1.72,1.75,1.76,1.79,1.81,1.83,1.86,1.88,1.92,1.96,2.04,2.06,2.08,2.11,2.15,2.19,2.21,2.23,2.24,2.28,2.32,2.39,2.42,2.47,2.49,2.50,2.54,2.60,2.69,2.72,2.74,2.78,2.81,2.84,2.88,2.94,2.95,2.97,2.98,3.01,3.05,3.08,3.11,3.13,3.16,3.21,3.25,3.28,3.30,3.32,3.36,3.37,3.40,3.42,3.44,3.47,3.54,3.56,3.57,3.59,3.64,3.67,3.68,3.71,3.73,3.75,3.76,3.77,3.79,3.93,3.99,4.04,4.08,4.11,4.14,4.16,4.20,4.21,4.22,4.23,4.25,4.29,4.35,4.41,4.42,4.44,4.46,4.48,4.50,4.52,4.55,4.60,4.61,4.63,4.66,4.69,4.70,4.73,4.74,4.76,4.77,4.78,4.79,4.82,4.83,4.88,4.89,4.91,4.92,4.93,4.99,5.02,5.03,5.05,5.09,5.14,5.16,5.17,5.20,5.25,5.30,5.31,5.33,5.35,5.36,5.37,5.38,5.39,5.40,5.42,5.43,5.44,5.45,5.46,5.47,5.48,5.49,5.50,5.52,5.55,5.58,5.59,5.63,5.66,5.68,5.70,5.72,5.74,5.76,5.78,5.83,5.89,5.93,5.94,5.96,5.97,5.98,6.02,6.05,6.06,6.11,6.14,6.19,6.26,6.40,6.41,6.42,6.43,6.45,6.47,6.50,6.51,6.54,6.59,6.61,6.62,6.64,6.72,6.74,6.76,6.79,6.81,6.83,6.86,6.88,6.91,6.94,6.97,7.02,7.06,7.07,7.09,7.14,7.18,7.20,7.21,7.23,7.24,7.30,7.34,7.37,7.40,7.44,7.46,7.50,7.58,7.64,7.68,7.69,7.71,7.76,7.79,7.87,7.90,7.94,7.95,7.98,7.99,8.04,8.07,8.10,8.12,8.14,8.22,8.26,8.30,8.32,8.35,8.37,8.39,8.42,8.43,8.46,8.48,8.50,8.52,8.54,8.57,8.59,8.61,8.63,8.68,8.70,8.73,8.76,8.80,8.84,8.88,8.90,8.96,8.98,9.01,9.03,9.05,9.06,9.10,9.12,9.16,9.18,9.23,9.24,9.28,9.31,9.33,9.36,9.37,9.39,9.41,9.42,9.46,9.49,9.54,9.58,9.60,9.64,9.67,9.69,9.71,9.77,9.79,9.82,9.86,9.88,9.90,9.92,9.93,9.97,9.99,10.01,10.04,10.06,10.07,10.12,10.14],\r\n\t\t\t\t\tgraphEle           : [2535.40,2538.50,2542.60,2542.30,2541.00,2538.30,2533.00,2527.70,2524.60,2521.20,2521.20,2521.60,2521.70,2522.50,2523.80,2524.50,2524.70,2525.50,2525.90,2526.40,2526.20,2524.30,2522.50,2519.10,2517.70,2519.90,2519.70,2518.00,2515.90,2514.60,2513.90,2513.10,2512.40,2511.60,2510.70,2509.20,2508.70,2508.30,2509.40,2510.70,2512.20,2513.60,2514.50,2514.40,2514.00,2516.40,2519.20,2522.40,2523.10,2526.20,2526.70,2527.30,2527.60,2527.50,2527.00,2527.40,2528.10,2528.60,2526.60,2524.10,2523.40,2523.30,2522.80,2520.20,2519.10,2518.40,2518.50,2521.20,2525.20,2530.00,2533.40,2534.50,2535.00,2534.10,2532.10,2530.80,2531.20,2530.20,2528.30,2524.80,2523.00,2523.20,2523.80,2524.90,2526.40,2530.90,2533.60,2532.40,2531.90,2531.90,2537.20,2545.60,2547.70,2546.50,2548.50,2549.30,2549.90,2551.90,2557.40,2570.10,2577.00,2581.80,2589.30,2598.20,2606.60,2616.30,2629.90,2634.00,2637.50,2642.10,2648.60,2661.50,2672.50,2683.50,2687.30,2700.20,2715.70,2725.90,2735.40,2742.70,2747.40,2755.40,2759.40,2765.90,2771.40,2775.50,2780.10,2777.90,2777.50,2778.30,2781.60,2788.20,2796.20,2799.20,2807.40,2810.80,2815.70,2818.90,2824.50,2828.00,2868.80,2877.80,2879.90,2885.70,2900.60,2909.60,2916.20,2932.20,2936.30,2941.30,2944.80,2950.50,2960.20,2979.00,2991.80,2994.20,3000.10,3005.80,3011.60,3016.00,3020.40,3027.50,3041.20,3044.00,3050.10,3058.10,3058.00,3060.50,3067.70,3071.30,3076.70,3079.20,3082.20,3086.10,3092.20,3095.50,3104.70,3102.70,3100.80,3102.80,3104.10,3103.90,3100.10,3099.80,3102.50,3108.00,3102.40,3099.80,3100.10,3103.90,3104.80,3095.60,3093.10,3088.90,3086.00,3083.40,3081.10,3079.20,3077.30,3075.40,3073.20,3070.50,3067.60,3064.80,3062.60,3060.50,3058.60,3057.40,3057.10,3058.10,3050.00,3043.90,3041.10,3027.40,3020.30,3015.80,3011.40,3005.60,2999.90,2994.00,2991.70,2978.70,2959.80,2950.10,2946.00,2940.80,2935.70,2931.50,2917.90,2908.90,2902.40,2885.10,2879.80,2877.60,2868.30,2827.00,2823.50,2817.90,2814.80,2810.10,2806.80,2798.30,2795.30,2787.40,2782.00,2778.60,2777.60,2777.80,2780.30,2775.90,2771.80,2766.40,2759.40,2755.40,2747.40,2742.60,2735.30,2725.90,2715.60,2700.10,2687.20,2683.40,2675.40,2661.30,2648.50,2642.00,2637.40,2633.80,2629.80,2616.20,2606.40,2598.00,2589.20,2581.70,2576.90,2570.00,2557.30,2551.90,2550.00,2549.40,2548.60,2546.40,2547.70,2545.80,2537.80,2531.90,2531.90,2532.30,2533.60,2531.20,2526.50,2525.10,2523.90,2523.30,2523.00,2524.70,2528.30,2529.60,2531.10,2530.90,2532.20,2534.30,2534.90,2534.40,2533.10,2529.40,2524.40,2520.60,2518.40,2518.40,2519.30,2520.50,2523.00,2523.30,2523.50,2524.20,2527.10,2528.80,2527.90,2527.10,2527.30,2527.60,2527.50,2526.90,2526.20,2525.60,2522.70,2522.00,2517.80,2515.50,2514.50,2514.30,2509.50,2509.40,2510.50,2513.00,2513.70,2514.80,2516.00,2517.90,2520.60,2518.40,2518.30,2521.30,2523.70,2525.80,2526.50,2526.00,2525.70,2524.80,2524.50,2523.90,2522.60,2521.70,2521.60,2521.20,2521.20,2524.60,2527.70,2533.00,2538.30,2540.90,2542.30,2542.60,2538.50],\r\n\t\t\t\t\tgraphSpeed         : [],\r\n\t\t\t\t\tgraphHr            : [],\r\n\t\t\t\t\tgraphAtemp         : [],\r\n\t\t\t\t\tgraphCad           : [],\r\n\t\t\t\t\tgraphGrade         : [],\r\n\t\t\t\t\twaypoints          : [],\r\n\t\t\t\t\tunit               : \"2\",\r\n\t\t\t\t\tunitspeed          : \"0\",\r\n\t\t\t\t\tcolor1             : [\"#3366cc\"],\r\n\t\t\t\t\tcolor2             : \"#3366cc\",\r\n\t\t\t\t\tcolor3             : \"#ff0000\",\r\n\t\t\t\t\tcolor4             : \"#ff77bd\",\r\n\t\t\t\t\tcolor5             : \"#beecff\",\r\n\t\t\t\t\tcolor6             : \"#beecff\",\r\n\t\t\t\t\tcolor7             : \"#ff77bd\",\r\n\t\t\t\t\tchartFrom1         : \"\",\r\n\t\t\t\t\tchartTo1           : \"\",\r\n\t\t\t\t\tchartFrom2         : \"\",\r\n\t\t\t\t\tchartTo2           : \"\",\r\n\t\t\t\t\tstartIcon          : \"\",\r\n\t\t\t\t\tendIcon            : \"\",\r\n\t\t\t\t\tcurrentIcon        : \"\",\r\n\t\t\t\t\twaypointIcon       : \"https:\/\/lavia.cc\/gpx\/wp-content\/uploads\/gpx\/cropped-icona.ico\",\r\n\t\t\t\t\tcurrentpositioncon : \"\",\r\n\t\t\t\t\tusegpsposition     : \"\",\r\n\t\t\t\t\tzoomOnScrollWheel  : \"\",\r\n\t\t\t\t\tngGalleries        : [],\r\n\t\t\t\t\tngImages           : [],\r\n\t\t\t\t\tpluginUrl          : \"https:\/\/lavia.cc\/gpx\/wp-content\/plugins\",\r\n\t\t\t\t\tTFApiKey           : \"\",\r\n\t\t\t\t\tMapBoxApiKey           : \"\",\r\n\t\t\t\t\tlangs              : {\r\n\t\t\t\t\t\taltitude        : \"Altitudine\",\r\n\t\t\t\t\t\tcurrentPosition : \"Current position\",\r\n\t\t\t\t\t\tspeed           : \"Velocit\u00e0\",\r\n\t\t\t\t\t\tgrade           : \"Grade\",\r\n\t\t\t\t\t\theartRate       : \"Battito Cardiaco\",\r\n\t\t\t\t\t\tatemp           : \"Temperature\",\r\n\t\t\t\t\t\tcadence         : \"Cadenza\",\r\n\t\t\t\t\t\tgoFullScreen    : \"Go full screen\",\r\n\t\t\t\t\t\texitFullFcreen  : \"Exit full screen\",\r\n\t\t\t\t\t\thideImages      : \"Hide images\",\r\n\t\t\t\t\t\tshowImages      : \"Show images\",\r\n\t\t\t\t\t\tbackToCenter\t: \"Ritorna al centro della mappa\"\r\n\t\t\t\t\t}\r\n\t\t\t\t});\r\n\r\n\t\t\t});\r\n\r\n\t\t<\/script>\n<p>Clicca qui per raggiungere il punto di partenza: <a href=\"https:\/\/www.google.com\/maps\/place\/Rifugio+Arnaldo+Berni+-+CAI+Brescia\/@46.3592936,10.4998837,17z\/data=!3m1!4b1!4m8!3m7!1s0x0:0xf33bb8c11525633b!5m2!4m1!1i2!8m2!3d46.3592691!4d10.4999718\" target=\"_blank\" rel=\"noopener\">Google Maps<\/a><\/p>\n","protected":false},"excerpt":{"rendered":"<p>L\u2019escursione di oggi ci porta in Valfurla all\u2019interno del gruppo Ortles-Cevedale (Alpi Retiche occidentali), esattamente allo storico bivacco battaglione Ortles a 3120 mt. Il bivacco, ottenuto ristrutturando una vecchia baracca militare risalente alla prima guerra mondiale, dispone di sei posti letto e si trova sulla cresta meridionale della Cima di Vallumbrina, a poca distanza dal Passo Doseg\u00f9. Il percorso parte nel pressi del rifugio Berni (m. 2541) al passo Gavia ed \u00e8 adatto ad escursionisti preparati viste le altitudini toccate, anche se non sono presenti difficolt\u00e0 tecniche da segnalare. La salita ci porter\u00e0 a sfiorare il limite inferiore del ghiacciaio del Doseg\u00f9. Arrivati in quota la vista magnifica permette di ammirare il Pizzo Tre Signori, Vallumbrina, S.Matteo, Tresero, Adamello e Presanella e, pi\u00f9 lontano, le riconoscibili forme delle Dolomiti di Brenta.<\/p>\n<p>\ud83d\udfe2\u00a0Segui LAVIA!<\/p>\n","protected":false},"featured_media":1727,"comment_status":"open","ping_status":"closed","template":"","meta":[],"product_brand":[],"product_cat":[31],"product_tag":[232,73,233,231],"class_list":{"0":"post-1726","1":"product","2":"type-product","3":"status-publish","4":"has-post-thumbnail","6":"product_cat-escursionismo","7":"product_tag-alta-valtellina","8":"product_tag-lombardia","9":"product_tag-parco-nazionale-dello-stelvio","10":"product_tag-sondrio","12":"first","13":"instock","14":"downloadable","15":"virtual","16":"product-type-simple"},"_links":{"self":[{"href":"https:\/\/lavia.cc\/gpx\/wp-json\/wp\/v2\/product\/1726","targetHints":{"allow":["GET"]}}],"collection":[{"href":"https:\/\/lavia.cc\/gpx\/wp-json\/wp\/v2\/product"}],"about":[{"href":"https:\/\/lavia.cc\/gpx\/wp-json\/wp\/v2\/types\/product"}],"replies":[{"embeddable":true,"href":"https:\/\/lavia.cc\/gpx\/wp-json\/wp\/v2\/comments?post=1726"}],"version-history":[{"count":5,"href":"https:\/\/lavia.cc\/gpx\/wp-json\/wp\/v2\/product\/1726\/revisions"}],"predecessor-version":[{"id":2492,"href":"https:\/\/lavia.cc\/gpx\/wp-json\/wp\/v2\/product\/1726\/revisions\/2492"}],"wp:featuredmedia":[{"embeddable":true,"href":"https:\/\/lavia.cc\/gpx\/wp-json\/wp\/v2\/media\/1727"}],"wp:attachment":[{"href":"https:\/\/lavia.cc\/gpx\/wp-json\/wp\/v2\/media?parent=1726"}],"wp:term":[{"taxonomy":"product_brand","embeddable":true,"href":"https:\/\/lavia.cc\/gpx\/wp-json\/wp\/v2\/product_brand?post=1726"},{"taxonomy":"product_cat","embeddable":true,"href":"https:\/\/lavia.cc\/gpx\/wp-json\/wp\/v2\/product_cat?post=1726"},{"taxonomy":"product_tag","embeddable":true,"href":"https:\/\/lavia.cc\/gpx\/wp-json\/wp\/v2\/product_tag?post=1726"}],"curies":[{"name":"wp","href":"https:\/\/api.w.org\/{rel}","templated":true}]}}