{"id":18515,"date":"2024-11-19T10:44:55","date_gmt":"2024-11-19T09:44:55","guid":{"rendered":"https:\/\/lavia.cc\/gpx\/?post_type=product&#038;p=18515"},"modified":"2024-11-19T10:46:22","modified_gmt":"2024-11-19T09:46:22","slug":"monte-skabrijel-da-nova-gorica","status":"publish","type":"product","link":"https:\/\/lavia.cc\/gpx\/tracce\/monte-skabrijel-da-nova-gorica\/","title":{"rendered":"Monte \u0160kabrijel da Nova Gorica"},"content":{"rendered":"<h5>Monte \u0160kabrijel da Nova Gorica<\/h5>\n<p>\u27a1\ufe0f Clicca qui per andare al punto di partenza: <a href=\"https:\/\/www.google.com\/maps\/place\/Parkiri%C5%A1%C4%8De+Kidri%C4%8Deva+ulica\/@45.9600313,13.6492908,17z\/data=!4m6!3m5!1s0x477b01024c91dba1:0xa92d720a2afd41e4!8m2!3d45.9604564!4d13.6488938!16s%2Fg%2F11df62l744?entry=ttu&amp;g_ep=EgoyMDI0MTExMy4xIKXMDSoJLDEwMjExMjMzSAFQAw%3D%3D\" target=\"_blank\" rel=\"noopener\">GOOGLE MAPS<\/a> (Parcheggio).<\/p>\n<p>\u2139\ufe0f Il Monte San Gabriele (in sloveno \u0160kabrijel) \u00e8 un monte di 646 m della Slovenia occidentale, a 3 km in linea d&#8217;aria dalla citt\u00e0 di Gorizia. Si trova attualmente all&#8217;interno dell&#8217;insediamento di Moncorona (Kromberk) del comune di Nova Gorica. Ai suoi piedi, verso sud-ovest si trova il colle di Santa Caterina di 322 m. Il Monte San Gabriele\/\u0160kabrijel \u00e8 stato uno dei peggiori e cruenti campi di battaglia durante la Grande Guerra sul fronte dell&#8217;Isonzo. Lungo le sue pendici si possono rinvenire tuttora numerosi resti di trinceramenti, caverne, postazioni d&#8217;artiglieria e mitragliatrice ed alcuni monumenti recentemente restaurati.<\/p>\n<p>\u26fa\ufe0f\ud83c\udf74 <a href=\"https:\/\/www.hostel-ng.si\/?lang=it\" target=\"_blank\" rel=\"noopener\">Ostello Nova Gorica<\/a> come parte del <strong>Dija\u0161ki Dom Nova Gorica<\/strong>, offre i suoi servizi dal 1981. Si trova nella parte meridionale di Nova Gorica, al confine con l\u2019Italia. Siamo situati 85 m. sopra il livello del mare.<\/p>\n<p>\u26a0\ufe0f La percorribilit\u00e0 dell\u2019itinerario proposto, come tutta la morfologia del territorio, \u00e8 soggetta a cambiamenti ambientali dovuti a eventi naturali e alle condizioni meteo. Quindi, prima di partire, consultate gli uffici turistici competenti e\/o le strutture di riferimento di riferimento.<\/p>\n<p>\ud83d\uddfa\ufe0f Mappa e altimetria dell&#8217;<a href=\"https:\/\/lavia.cc\/gpx\/categoria-tracce\/escursionismo\/\">escursione<\/a> &#8220;Monte \u0160kabrijel da Nova Gorica&#8221;:<\/p>\n\r\n\t\t<div id=\"wpgpxmaps_18515_3729731\" class=\"wpgpxmaps\">\r\n\t\t\t<div id=\"map_18515_3729731_cont\" style=\"width:100%; height:450px;position:relative\" >\r\n\t\t\t\t<div id=\"map_18515_3729731\" style=\"width:100%; height:450px\"><\/div>\r\n\t\t\t\t<div id=\"wpgpxmaps_18515_3729731_osm_footer\" class=\"wpgpxmaps_osm_footer\" style=\"display:none;\"><span> &copy; <a href=\"http:\/\/www.openstreetmap.org\/copyright\" target=\"_blank\" rel=\"noopener\">OpenStreetMap<\/a> contributors<\/span><\/div>\r\n\t\t\t<\/div>\r\n\t\t\t<canvas id=\"myChart_18515_3729731\" class=\"plot\" style=\"width:100%; height:200px\"><\/canvas>\r\n\t\t\t<div id=\"ngimages_18515_3729731\" class=\"ngimages\" style=\"display:none\"><\/div>\r\n\t\t\t<div id=\"report_18515_3729731\" class=\"report\"><\/div>\r\n\t\t<\/div>\r\n\t\t\r\n\t\t<script type=\"text\/javascript\">\r\n\r\n\t\t\tjQuery(document).ready(function() {\r\n\r\n\t\t\t\tjQuery( \"#wpgpxmaps_18515_3729731\" ).wpgpxmaps( {\r\n\t\t\t\t\ttargetId           : \"18515_3729731\",\r\n\t\t\t\t\tmapType            : \"HYBRID\",\r\n\t\t\t\t\tmapData            : [[45.9596372,13.6491053],[45.9598700,13.6491900],[45.9601000,13.6493100],[45.9602000,13.6494900],[45.9603007,13.6499842],[45.9604400,13.6508500],[45.9605900,13.6517100],[45.9607300,13.6525800],[45.9608330,13.6529030],[45.9608643,13.6530425],[45.9609100,13.6531800],[45.9610135,13.6533801],[45.9611400,13.6535900],[45.9612600,13.6538400],[45.9614700,13.6541400],[45.9614300,13.6543100],[45.9618300,13.6545800],[45.9621400,13.6546800],[45.9625000,13.6547600],[45.9626800,13.6547800],[45.9625400,13.6550900],[45.9621400,13.6557800],[45.9623100,13.6557700],[45.9626000,13.6554900],[45.9628600,13.6556100],[45.9629900,13.6557300],[45.9630700,13.6558400],[45.9633100,13.6560800],[45.9635300,13.6562800],[45.9636600,13.6564000],[45.9637700,13.6564700],[45.9639300,13.6567800],[45.9640500,13.6569000],[45.9640500,13.6570300],[45.9640900,13.6571800],[45.9646600,13.6568000],[45.9648900,13.6566200],[45.9652300,13.6565500],[45.9655900,13.6565300],[45.9657500,13.6565500],[45.9658900,13.6566300],[45.9661100,13.6568700],[45.9662000,13.6570200],[45.9661000,13.6575000],[45.9661000,13.6577100],[45.9661300,13.6582100],[45.9662800,13.6587300],[45.9663400,13.6589800],[45.9663800,13.6592200],[45.9664200,13.6597500],[45.9664900,13.6599800],[45.9665800,13.6601900],[45.9666800,13.6603300],[45.9669600,13.6604400],[45.9670400,13.6605000],[45.9671305,13.6605875],[45.9672300,13.6607300],[45.9673000,13.6608500],[45.9674400,13.6611400],[45.9675400,13.6613000],[45.9675300,13.6615100],[45.9674700,13.6618100],[45.9675000,13.6622400],[45.9674900,13.6624900],[45.9675500,13.6628500],[45.9675500,13.6629800],[45.9676000,13.6630900],[45.9677000,13.6634900],[45.9677100,13.6637000],[45.9677500,13.6639200],[45.9677990,13.6640280],[45.9678835,13.6639500],[45.9679100,13.6641400],[45.9679669,13.6644744],[45.9680754,13.6648930],[45.9681000,13.6650400],[45.9682483,13.6651838],[45.9684300,13.6653600],[45.9686000,13.6655900],[45.9686900,13.6654900],[45.9689900,13.6654800],[45.9691200,13.6656700],[45.9692300,13.6657800],[45.9696700,13.6660000],[45.9699100,13.6661500],[45.9701900,13.6660200],[45.9704000,13.6658700],[45.9705000,13.6658700],[45.9706700,13.6658100],[45.9710000,13.6657500],[45.9710900,13.6657800],[45.9712200,13.6657000],[45.9714200,13.6656200],[45.9715700,13.6652600],[45.9717100,13.6650600],[45.9718380,13.6651240],[45.9719700,13.6651900],[45.9721100,13.6654600],[45.9721500,13.6657200],[45.9720800,13.6661100],[45.9720100,13.6664000],[45.9719400,13.6669000],[45.9719200,13.6673100],[45.9720200,13.6682100],[45.9722000,13.6681000],[45.9724900,13.6680000],[45.9727000,13.6679800],[45.9731800,13.6680500],[45.9732100,13.6681700],[45.9732500,13.6686800],[45.9731600,13.6687600],[45.9728800,13.6688100],[45.9727500,13.6688900],[45.9726900,13.6690400],[45.9727900,13.6696200],[45.9728200,13.6698800],[45.9729300,13.6702700],[45.9729900,13.6706300],[45.9730800,13.6710300],[45.9731500,13.6711800],[45.9732886,13.6713704],[45.9733939,13.6714875],[45.9735400,13.6715900],[45.9737100,13.6716600],[45.9739900,13.6720200],[45.9741000,13.6720700],[45.9741800,13.6721400],[45.9741600,13.6723300],[45.9741100,13.6724300],[45.9743300,13.6726800],[45.9745700,13.6728500],[45.9747600,13.6729000],[45.9750216,13.6732300],[45.9750616,13.6733900],[45.9751900,13.6733900],[45.9753300,13.6734200],[45.9754500,13.6735000],[45.9756300,13.6737300],[45.9757800,13.6737900],[45.9759500,13.6739900],[45.9760000,13.6740700],[45.9759700,13.6743300],[45.9759000,13.6744200],[45.9757700,13.6744500],[45.9758100,13.6746000],[45.9758800,13.6750500],[45.9757600,13.6751800],[45.9756400,13.6752700],[45.9754600,13.6754700],[45.9753200,13.6760100],[45.9752500,13.6761900],[45.9750800,13.6764500],[45.9749000,13.6766200],[45.9746906,13.6767450],[45.9744946,13.6768351],[45.9743700,13.6769200],[45.9742800,13.6769000],[45.9741800,13.6769700],[45.9740800,13.6771400],[45.9741800,13.6771900],[45.9743300,13.6771800],[45.9745165,13.6772522],[45.9746700,13.6773300],[45.9748100,13.6772600],[45.9749500,13.6772800],[45.9750900,13.6772200],[45.9752400,13.6772200],[45.9755500,13.6773700],[45.9756500,13.6775200],[45.9757829,13.6774803],[45.9759200,13.6774700],[45.9762000,13.6775300],[45.9762900,13.6775200],[45.9762000,13.6775300],[45.9759200,13.6774700],[45.9757829,13.6774803],[45.9756500,13.6775200],[45.9755500,13.6773700],[45.9752400,13.6772200],[45.9750900,13.6772200],[45.9749500,13.6772800],[45.9748100,13.6772600],[45.9746700,13.6773300],[45.9745165,13.6772522],[45.9743300,13.6771800],[45.9741800,13.6771900],[45.9740800,13.6771400],[45.9741800,13.6769700],[45.9742800,13.6769000],[45.9743700,13.6769200],[45.9744946,13.6768351],[45.9746906,13.6767450],[45.9749000,13.6766200],[45.9750800,13.6764500],[45.9752500,13.6761900],[45.9753200,13.6760100],[45.9754600,13.6754700],[45.9756400,13.6752700],[45.9757600,13.6751800],[45.9758800,13.6750500],[45.9758100,13.6746000],[45.9757500,13.6744600],[45.9759000,13.6744200],[45.9759700,13.6743300],[45.9760100,13.6741900],[45.9759500,13.6739900],[45.9757800,13.6737900],[45.9756300,13.6737300],[45.9754500,13.6735000],[45.9753300,13.6734200],[45.9751900,13.6733900],[45.9750616,13.6733900],[45.9750216,13.6732300],[45.9747600,13.6729000],[45.9746500,13.6728900],[45.9743300,13.6726800],[45.9741100,13.6724300],[45.9741600,13.6723300],[45.9741800,13.6721400],[45.9741000,13.6720700],[45.9739900,13.6720200],[45.9737100,13.6716600],[45.9736000,13.6715700],[45.9734500,13.6715300],[45.9732886,13.6713704],[45.9731500,13.6711800],[45.9730800,13.6710300],[45.9729900,13.6706300],[45.9729300,13.6702700],[45.9728200,13.6698800],[45.9727900,13.6696200],[45.9726900,13.6690400],[45.9727500,13.6688900],[45.9728800,13.6688100],[45.9731600,13.6687600],[45.9732400,13.6686900],[45.9732100,13.6681700],[45.9731800,13.6680500],[45.9727000,13.6679800],[45.9724900,13.6680000],[45.9722000,13.6681000],[45.9720400,13.6681900],[45.9719200,13.6673100],[45.9719400,13.6669000],[45.9720100,13.6664000],[45.9720800,13.6661100],[45.9721500,13.6657200],[45.9721100,13.6654600],[45.9720200,13.6651700],[45.9718380,13.6651240],[45.9717100,13.6650600],[45.9715700,13.6652600],[45.9714900,13.6655400],[45.9712200,13.6657000],[45.9711200,13.6657900],[45.9710000,13.6657500],[45.9706700,13.6658100],[45.9705000,13.6658700],[45.9704000,13.6658700],[45.9701900,13.6660200],[45.9699100,13.6661500],[45.9696700,13.6660000],[45.9692300,13.6657800],[45.9691200,13.6656700],[45.9689900,13.6654800],[45.9686900,13.6654900],[45.9686000,13.6655900],[45.9684300,13.6653600],[45.9682483,13.6651838],[45.9681000,13.6650400],[45.9680754,13.6648930],[45.9679669,13.6644744],[45.9679100,13.6641400],[45.9678835,13.6639500],[45.9677990,13.6640280],[45.9677500,13.6639200],[45.9677100,13.6637000],[45.9677000,13.6634900],[45.9676000,13.6630900],[45.9675500,13.6629800],[45.9675500,13.6628500],[45.9674900,13.6624900],[45.9675000,13.6622400],[45.9674700,13.6618100],[45.9675300,13.6615100],[45.9675400,13.6613000],[45.9674400,13.6611400],[45.9673400,13.6609100],[45.9672500,13.6608200],[45.9671305,13.6605875],[45.9670400,13.6605000],[45.9669600,13.6604400],[45.9666800,13.6603300],[45.9665800,13.6601900],[45.9664900,13.6599800],[45.9664200,13.6597500],[45.9663800,13.6592200],[45.9663400,13.6589800],[45.9662800,13.6587300],[45.9661300,13.6582100],[45.9661000,13.6577100],[45.9661000,13.6575000],[45.9662000,13.6570200],[45.9661100,13.6568700],[45.9658900,13.6566300],[45.9657500,13.6565500],[45.9655900,13.6565300],[45.9652300,13.6565500],[45.9648900,13.6566200],[45.9646600,13.6568000],[45.9640900,13.6571800],[45.9640500,13.6570300],[45.9640500,13.6569000],[45.9639300,13.6567800],[45.9637700,13.6564700],[45.9636600,13.6564000],[45.9635300,13.6562800],[45.9633100,13.6560800],[45.9630700,13.6558400],[45.9629900,13.6557300],[45.9628600,13.6556100],[45.9626300,13.6554900],[45.9623100,13.6557700],[45.9621800,13.6558600],[45.9625400,13.6550900],[45.9626600,13.6548400],[45.9625000,13.6547600],[45.9621400,13.6546800],[45.9618300,13.6545800],[45.9614200,13.6543600],[45.9614390,13.6542264],[45.9612600,13.6538400],[45.9611400,13.6535900],[45.9610135,13.6533801],[45.9609100,13.6531800],[45.9608643,13.6530425],[45.9608330,13.6529030],[45.9607700,13.6526100],[45.9605900,13.6517100],[45.9604400,13.6508500],[45.9603007,13.6499842],[45.9602000,13.6494900],[45.9601000,13.6493100],[45.9598700,13.6491900],[45.9596372,13.6491053]],\r\n\t\t\t\t\tgraphDist          : [0.00,0.03,0.05,0.07,0.11,0.18,0.25,0.32,0.35,0.36,0.37,0.39,0.41,0.44,0.47,0.48,0.54,0.57,0.61,0.63,0.66,0.73,0.76,0.79,0.83,0.84,0.86,0.89,0.92,0.94,0.95,0.98,1.00,1.01,1.02,1.09,1.12,1.16,1.20,1.22,1.23,1.26,1.28,1.32,1.34,1.37,1.42,1.44,1.46,1.50,1.52,1.54,1.56,1.59,1.60,1.61,1.63,1.64,1.67,1.69,1.70,1.73,1.76,1.78,1.81,1.82,1.83,1.87,1.88,1.90,1.91,1.92,1.94,1.97,2.00,2.02,2.04,2.06,2.09,2.10,2.14,2.16,2.17,2.23,2.26,2.29,2.32,2.33,2.35,2.39,2.40,2.41,2.44,2.47,2.49,2.51,2.52,2.55,2.58,2.61,2.63,2.67,2.70,2.77,2.80,2.83,2.85,2.91,2.92,2.96,2.97,3.00,3.02,3.04,3.08,3.10,3.14,3.16,3.20,3.21,3.23,3.25,3.27,3.29,3.33,3.35,3.36,3.37,3.38,3.42,3.45,3.47,3.51,3.52,3.54,3.55,3.57,3.60,3.61,3.64,3.65,3.67,3.68,3.70,3.71,3.75,3.77,3.78,3.81,3.86,3.88,3.90,3.93,3.96,3.98,4.00,4.01,4.02,4.04,4.05,4.07,4.09,4.11,4.13,4.14,4.16,4.18,4.22,4.23,4.25,4.26,4.29,4.30,4.31,4.35,4.36,4.38,4.39,4.43,4.45,4.46,4.48,4.50,4.52,4.54,4.55,4.57,4.59,4.60,4.61,4.63,4.65,4.68,4.70,4.73,4.75,4.79,4.82,4.84,4.86,4.89,4.91,4.93,4.94,4.95,4.97,4.99,5.01,5.04,5.06,5.07,5.09,5.10,5.14,5.15,5.19,5.22,5.24,5.25,5.26,5.27,5.32,5.33,5.35,5.37,5.40,5.41,5.44,5.47,5.51,5.53,5.57,5.59,5.60,5.63,5.65,5.69,5.70,5.75,5.78,5.81,5.83,5.91,5.94,5.98,6.00,6.03,6.05,6.08,6.10,6.12,6.14,6.16,6.19,6.21,6.22,6.26,6.28,6.29,6.32,6.35,6.38,6.43,6.45,6.47,6.51,6.52,6.55,6.57,6.59,6.60,6.64,6.67,6.68,6.70,6.71,6.73,6.74,6.78,6.79,6.80,6.83,6.85,6.88,6.90,6.92,6.94,6.96,6.97,7.00,7.01,7.02,7.05,7.07,7.09,7.11,7.15,7.17,7.19,7.23,7.27,7.29,7.33,7.34,7.37,7.39,7.41,7.45,7.49,7.52,7.59,7.60,7.61,7.63,7.66,7.67,7.69,7.72,7.75,7.76,7.78,7.81,7.85,7.87,7.95,7.97,8.00,8.04,8.07,8.12,8.13,8.17,8.19,8.22,8.24,8.25,8.26,8.28,8.36,8.43,8.49,8.53,8.55,8.58,8.61],\r\n\t\t\t\t\tgraphEle           : [93.00,86.00,89.00,88.00,90.00,92.00,97.00,99.00,101.00,102.00,102.00,98.00,101.00,101.00,104.00,104.00,100.00,102.00,105.00,102.00,110.00,112.00,112.00,115.00,117.00,122.00,122.00,130.00,138.00,138.00,142.00,144.00,148.00,148.00,146.00,158.00,159.00,160.00,164.00,168.00,168.00,173.00,173.00,180.00,181.00,183.00,187.00,189.00,191.00,192.00,193.00,204.00,204.00,211.00,211.00,216.00,216.00,216.00,223.00,224.00,224.00,231.00,234.00,237.00,239.00,242.00,242.00,254.00,254.00,257.00,260.00,257.00,260.00,272.00,272.00,272.00,281.00,281.00,292.00,292.00,300.00,307.00,306.00,322.00,329.00,339.00,341.00,341.00,341.00,344.00,344.00,344.00,343.00,340.00,336.00,340.00,344.00,345.00,350.00,353.00,354.00,359.00,362.00,371.00,373.00,376.00,381.00,385.00,388.00,399.00,406.00,403.00,403.00,411.00,416.00,418.00,423.00,429.00,439.00,439.00,444.00,444.00,453.00,453.00,461.00,463.00,468.00,468.00,473.00,482.00,482.00,483.00,497.00,497.00,500.00,500.00,507.00,507.00,511.00,511.00,519.00,525.00,525.00,525.00,534.00,541.00,548.00,548.00,562.00,575.00,575.00,582.00,594.00,591.00,598.00,598.00,590.00,590.00,601.00,601.00,607.00,607.00,611.00,611.00,618.00,618.00,624.00,631.00,631.00,634.00,634.00,635.00,633.00,635.00,634.00,634.00,631.00,631.00,624.00,618.00,618.00,611.00,611.00,607.00,607.00,601.00,601.00,590.00,590.00,598.00,598.00,591.00,594.00,582.00,575.00,575.00,562.00,548.00,548.00,541.00,534.00,525.00,525.00,525.00,519.00,511.00,511.00,507.00,507.00,500.00,500.00,497.00,497.00,483.00,483.00,482.00,473.00,468.00,468.00,463.00,461.00,453.00,453.00,450.00,444.00,439.00,439.00,429.00,423.00,418.00,416.00,411.00,403.00,403.00,406.00,399.00,388.00,385.00,381.00,376.00,373.00,368.00,362.00,359.00,354.00,353.00,350.00,345.00,344.00,340.00,336.00,340.00,343.00,344.00,344.00,344.00,341.00,341.00,341.00,339.00,329.00,322.00,306.00,307.00,300.00,292.00,292.00,281.00,281.00,272.00,272.00,272.00,260.00,257.00,260.00,257.00,254.00,254.00,242.00,242.00,239.00,237.00,234.00,231.00,224.00,224.00,223.00,216.00,216.00,216.00,211.00,211.00,204.00,204.00,193.00,192.00,191.00,189.00,187.00,183.00,181.00,180.00,173.00,173.00,168.00,168.00,164.00,160.00,159.00,158.00,146.00,148.00,148.00,144.00,142.00,138.00,138.00,130.00,122.00,122.00,117.00,115.00,112.00,112.00,110.00,102.00,105.00,102.00,100.00,104.00,104.00,101.00,101.00,98.00,102.00,102.00,101.00,99.00,97.00,92.00,90.00,88.00,89.00,86.00,93.00],\r\n\t\t\t\t\tgraphSpeed         : [],\r\n\t\t\t\t\tgraphHr            : [],\r\n\t\t\t\t\tgraphAtemp         : [],\r\n\t\t\t\t\tgraphCad           : [],\r\n\t\t\t\t\tgraphGrade         : [],\r\n\t\t\t\t\twaypoints          : [],\r\n\t\t\t\t\tunit               : \"2\",\r\n\t\t\t\t\tunitspeed          : \"0\",\r\n\t\t\t\t\tcolor1             : [\"#3366cc\"],\r\n\t\t\t\t\tcolor2             : \"#3366cc\",\r\n\t\t\t\t\tcolor3             : \"#ff0000\",\r\n\t\t\t\t\tcolor4             : \"#ff77bd\",\r\n\t\t\t\t\tcolor5             : \"#beecff\",\r\n\t\t\t\t\tcolor6             : \"#beecff\",\r\n\t\t\t\t\tcolor7             : \"#ff77bd\",\r\n\t\t\t\t\tchartFrom1         : \"\",\r\n\t\t\t\t\tchartTo1           : \"\",\r\n\t\t\t\t\tchartFrom2         : \"\",\r\n\t\t\t\t\tchartTo2           : \"\",\r\n\t\t\t\t\tstartIcon          : \"\",\r\n\t\t\t\t\tendIcon            : \"\",\r\n\t\t\t\t\tcurrentIcon        : \"\",\r\n\t\t\t\t\twaypointIcon       : \"https:\/\/lavia.cc\/gpx\/wp-content\/uploads\/gpx\/cropped-icona.ico\",\r\n\t\t\t\t\tcurrentpositioncon : \"\",\r\n\t\t\t\t\tusegpsposition     : \"\",\r\n\t\t\t\t\tzoomOnScrollWheel  : \"\",\r\n\t\t\t\t\tngGalleries        : [],\r\n\t\t\t\t\tngImages           : [],\r\n\t\t\t\t\tpluginUrl          : \"https:\/\/lavia.cc\/gpx\/wp-content\/plugins\",\r\n\t\t\t\t\tTFApiKey           : \"\",\r\n\t\t\t\t\tMapBoxApiKey           : \"\",\r\n\t\t\t\t\tlangs              : {\r\n\t\t\t\t\t\taltitude        : \"Altitudine\",\r\n\t\t\t\t\t\tcurrentPosition : \"Current position\",\r\n\t\t\t\t\t\tspeed           : \"Velocit\u00e0\",\r\n\t\t\t\t\t\tgrade           : \"Grade\",\r\n\t\t\t\t\t\theartRate       : \"Battito Cardiaco\",\r\n\t\t\t\t\t\tatemp           : \"Temperature\",\r\n\t\t\t\t\t\tcadence         : \"Cadenza\",\r\n\t\t\t\t\t\tgoFullScreen    : \"Go full screen\",\r\n\t\t\t\t\t\texitFullFcreen  : \"Exit full screen\",\r\n\t\t\t\t\t\thideImages      : \"Hide images\",\r\n\t\t\t\t\t\tshowImages      : \"Show images\",\r\n\t\t\t\t\t\tbackToCenter\t: \"Ritorna al centro della mappa\"\r\n\t\t\t\t\t}\r\n\t\t\t\t});\r\n\r\n\t\t\t});\r\n\r\n\t\t<\/script>\n<p>\ud83d\udfe2 Visita\u00a0<a href=\"https:\/\/lavia.cc\/gpx\/\">LAVIA.CC<\/a>\u00a0per altre tracce gpx e condividi le tue avventure con la nostra\u00a0<a href=\"https:\/\/www.instagram.com\/lavia.cc\/\" target=\"_blank\" rel=\"noopener\">community<\/a>!<\/p>\n","protected":false},"excerpt":{"rendered":"<p>L\u2019interessantissimo percorso inizia nel pieno centro di <strong>Nova Gorica<\/strong>, passa i vigneti e vari punti panoramici fino a raggiungere la vetta di \u0160kabrijel, dove potete salire sulla torre e ammirare le Alpi Giulie, l\u2019altopiano carsico e addirittura il Mare Adriatico. Il sentiero si snoda sui pendii, teatro di accese battaglie durante la prima guerra mondiale.\u00a0 Dal parcheggio di Kidri\u010deva ulica raggiungere l\u2019incrocio con Vojkova cesta per poi attraversare la via. Proseguire passando la chiesa, la stazione della polizia e gli abitati vicini fino ad arrivare al semaforo per il raccordo di Solkan. Attraversare il crocevia verso Vetri\u0161\u010de e dopo 50 metri sviare a sinistra. Intraprendere la salita verso <strong>\u0160kabrijel<\/strong>. Continuare per il Varda e lungo i vigneti. Seguire le indicazioni. Una volta raggiunta la strada asfaltata che porta alla trattoria Kekec sul colle Sveta Katarina, attraversare la carreggiata e proseguire per altri 50 metri circa. Imboccare il sentiero in salita a sinistra e continuare fino a raggiungere lo sterrato. Intraprendere lo sterrato e poi la strada in asfalto che scende da <strong>Kekec<\/strong>. Sviare a destra verso la cima del \u0160kabrijel. L\u2019asfalto termina dopo 15 minuti di camminata, dopodich\u00e9 seguire le marcature per \u0160kabrijel verso sinistra. A questo punto \u00e8 possibile fare una sosta sulla panchina e fare rifornimento con acqua potabile di sorgente. Ben presto lo sterrato raggiunge un altro bivio. Proseguire a destra ed in salita (diritti si arriva sulla Prevala ed al santuario Sveta Gora), lungo un sentiero che peggiora passo dopo passo e da cui subito dopo la curva destra svia sul tracciato a sinistra. In cima porta l\u2019antica mulattiera militare. Il sentiero \u00e8<strong> davvero piacevole<\/strong>, a tratti abbastanza ripido, ma dopo piogge consistenti anche pieno di fango. Il percorso si snoda interamente nel cuore della foresta ed \u00e8 adatto anche in giornate torride e soleggianti.<\/p>\n<p>\ud83d\udfe2 Scarica la TRACCIA e Segui <a href=\"https:\/\/www.instagram.com\/lavia.cc\/\" target=\"_blank\" rel=\"noopener\">LAVIA<\/a>!<\/p>\n","protected":false},"featured_media":18516,"comment_status":"open","ping_status":"closed","template":"","meta":[],"product_brand":[],"product_cat":[31],"product_tag":[1770,483],"class_list":{"0":"post-18515","1":"product","2":"type-product","3":"status-publish","4":"has-post-thumbnail","6":"product_cat-escursionismo","7":"product_tag-nova-gorica","8":"product_tag-slovenia","10":"first","11":"instock","12":"downloadable","13":"virtual","14":"product-type-simple"},"_links":{"self":[{"href":"https:\/\/lavia.cc\/gpx\/wp-json\/wp\/v2\/product\/18515","targetHints":{"allow":["GET"]}}],"collection":[{"href":"https:\/\/lavia.cc\/gpx\/wp-json\/wp\/v2\/product"}],"about":[{"href":"https:\/\/lavia.cc\/gpx\/wp-json\/wp\/v2\/types\/product"}],"replies":[{"embeddable":true,"href":"https:\/\/lavia.cc\/gpx\/wp-json\/wp\/v2\/comments?post=18515"}],"version-history":[{"count":2,"href":"https:\/\/lavia.cc\/gpx\/wp-json\/wp\/v2\/product\/18515\/revisions"}],"predecessor-version":[{"id":18519,"href":"https:\/\/lavia.cc\/gpx\/wp-json\/wp\/v2\/product\/18515\/revisions\/18519"}],"wp:featuredmedia":[{"embeddable":true,"href":"https:\/\/lavia.cc\/gpx\/wp-json\/wp\/v2\/media\/18516"}],"wp:attachment":[{"href":"https:\/\/lavia.cc\/gpx\/wp-json\/wp\/v2\/media?parent=18515"}],"wp:term":[{"taxonomy":"product_brand","embeddable":true,"href":"https:\/\/lavia.cc\/gpx\/wp-json\/wp\/v2\/product_brand?post=18515"},{"taxonomy":"product_cat","embeddable":true,"href":"https:\/\/lavia.cc\/gpx\/wp-json\/wp\/v2\/product_cat?post=18515"},{"taxonomy":"product_tag","embeddable":true,"href":"https:\/\/lavia.cc\/gpx\/wp-json\/wp\/v2\/product_tag?post=18515"}],"curies":[{"name":"wp","href":"https:\/\/api.w.org\/{rel}","templated":true}]}}