{"id":18621,"date":"2024-11-25T16:55:33","date_gmt":"2024-11-25T15:55:33","guid":{"rendered":"https:\/\/lavia.cc\/gpx\/?post_type=product&#038;p=18621"},"modified":"2024-11-25T16:57:31","modified_gmt":"2024-11-25T15:57:31","slug":"monte-pizzocolo-da-santurbano","status":"publish","type":"product","link":"https:\/\/lavia.cc\/gpx\/tracce\/monte-pizzocolo-da-santurbano\/","title":{"rendered":"Monte Pizzocolo da Sant&#8217;Urbano"},"content":{"rendered":"<h5>Monte Pizzocolo da Sant&#8217;Urbano<\/h5>\n<p>\u27a1\ufe0f Clicca qui per andare al punto di partenza: <a href=\"https:\/\/www.google.com\/maps\/place\/Parcheggio+per+salita+al+Pizzoccolo+via+Malga+Valle\/@45.6551126,10.5798674,17z\/data=!3m1!4b1!4m6!3m5!1s0x47818b3c2514ca15:0xacfc367823ace143!8m2!3d45.6551126!4d10.5798674!16s%2Fg%2F11q_d62mvr?entry=ttu&amp;g_ep=EgoyMDI0MTExOS4yIKXMDSoJLDEwMjExMjMzSAFQAw%3D%3D\" target=\"_blank\" rel=\"noopener\">GOOGLE MAPS<\/a> (Parcheggio).<\/p>\n<p>\u2139\ufe0fIl <strong>Monte Pizzocolo<\/strong> (mt 1.581 slm) \u00e8 affacciato sulle rive del Lago di Garda e pi\u00f9 precisamente sulla sponda bresciana del lago coinvolgendo i comuni di Toscolano Maderno (BS)\u00a0 e Gardone Rivera (BS).\u00a0Siamo nel Parco Alto Garda Bresciano che occupa una superficie di circa 38.000 ettari e comprende i territori dei Comuni si Sal\u00f2, Gardone Riviera, Toscolano Maderno, Valvestino, Magasa, Gargnano, Limone Sul Garda, Tignale e Tremosine. Il Monte Pizzocolo gode di una<strong> vista unica e ineguagliabile<\/strong> del Lago di Garda e in particolare del medio e basso Lago. Volgendo lo sguardo possiamo inoltre ammirare il gruppo dell\u2019Adamello, del Monte Rosa, agli Appennini, il complesso montano del Monte Baldo e la diga di Valvestino.<\/p>\n<p>\u26fa\ufe0f\ud83c\udf74Il <strong>Bivacco Due Aceri<\/strong> \u00e8 situato sul versante sud del Monte Pizzocolo (m. 1581). Poco sopra il rifugio c&#8217;\u00e8 una cappellina, sempre aperta (nella quale si celebra la S. Messa la terza domenica di giugno alle ore 11). Costruito sui ruderi di una costruzione militare risalente alla prima guerra mondiale, il bivacco \u00e8 formato da un solo locale. Contiene un camino, due tavoloni con relative panche, e una cassetta di pronto soccorso. Una scala a pioli attaccata a una parete conduce ad un soppalco. Non ci sono brande e coperte.<\/p>\n<p>\u26a0\ufe0f Il Monte Pizzocolo offre un\u2019esperienza unica in ogni stagione. La percorribilit\u00e0 dell\u2019itinerario proposto, come tutta la morfologia del territorio, \u00e8 soggetta a cambiamenti ambientali dovuti a eventi naturali e alle condizioni meteo. Quindi, prima di partire, consultate gli uffici turistici competenti e\/o le strutture di riferimento di riferimento.<\/p>\n<p>\ud83d\uddfa\ufe0f Mappa e altimetria dell&#8217;<a href=\"https:\/\/lavia.cc\/gpx\/categoria-tracce\/escursionismo\/\">escursione<\/a> &#8220;Monte Pizzocolo da Sant&#8217;Urbano&#8221;:<\/p>\n\r\n\t\t<div id=\"wpgpxmaps_18621_255669\" class=\"wpgpxmaps\">\r\n\t\t\t<div id=\"map_18621_255669_cont\" style=\"width:100%; height:450px;position:relative\" >\r\n\t\t\t\t<div id=\"map_18621_255669\" style=\"width:100%; height:450px\"><\/div>\r\n\t\t\t\t<div id=\"wpgpxmaps_18621_255669_osm_footer\" class=\"wpgpxmaps_osm_footer\" style=\"display:none;\"><span> &copy; <a href=\"http:\/\/www.openstreetmap.org\/copyright\" target=\"_blank\" rel=\"noopener\">OpenStreetMap<\/a> contributors<\/span><\/div>\r\n\t\t\t<\/div>\r\n\t\t\t<canvas id=\"myChart_18621_255669\" class=\"plot\" style=\"width:100%; height:200px\"><\/canvas>\r\n\t\t\t<div id=\"ngimages_18621_255669\" class=\"ngimages\" style=\"display:none\"><\/div>\r\n\t\t\t<div id=\"report_18621_255669\" class=\"report\"><\/div>\r\n\t\t<\/div>\r\n\t\t\r\n\t\t<script type=\"text\/javascript\">\r\n\r\n\t\t\tjQuery(document).ready(function() {\r\n\r\n\t\t\t\tjQuery( \"#wpgpxmaps_18621_255669\" ).wpgpxmaps( {\r\n\t\t\t\t\ttargetId           : \"18621_255669\",\r\n\t\t\t\t\tmapType            : \"HYBRID\",\r\n\t\t\t\t\tmapData            : [[45.6551400,10.5796080],[45.6550720,10.5798210],[45.6551990,10.5804120],[45.6552680,10.5805430],[45.6557690,10.5809910],[45.6566270,10.5813610],[45.6568970,10.5817140],[45.6571190,10.5822330],[45.6572820,10.5822870],[45.6574710,10.5824330],[45.6576070,10.5826170],[45.6575240,10.5829860],[45.6575690,10.5833920],[45.6576870,10.5837870],[45.6576570,10.5839870],[45.6577320,10.5841610],[45.6579670,10.5845180],[45.6582810,10.5848310],[45.6584560,10.5849410],[45.6586780,10.5849840],[45.6586860,10.5852490],[45.6586250,10.5855200],[45.6585690,10.5876310],[45.6584820,10.5882760],[45.6585770,10.5886000],[45.6587960,10.5890870],[45.6590750,10.5894380],[45.6594450,10.5895240],[45.6600560,10.5893740],[45.6603920,10.5894930],[45.6607410,10.5897050],[45.6608770,10.5898860],[45.6612250,10.5903770],[45.6612560,10.5905120],[45.6612140,10.5907390],[45.6612020,10.5909620],[45.6612780,10.5912540],[45.6614110,10.5915730],[45.6613770,10.5917680],[45.6614410,10.5920010],[45.6616150,10.5922880],[45.6617780,10.5928190],[45.6618900,10.5929310],[45.6623190,10.5931170],[45.6625160,10.5930030],[45.6628410,10.5926510],[45.6628750,10.5925150],[45.6631680,10.5921460],[45.6632690,10.5920880],[45.6633730,10.5920760],[45.6635640,10.5919690],[45.6636060,10.5917300],[45.6637420,10.5915140],[45.6638220,10.5911420],[45.6639570,10.5909020],[45.6641600,10.5907290],[45.6642650,10.5905600],[45.6644800,10.5903550],[45.6646560,10.5901320],[45.6648910,10.5899320],[45.6650420,10.5896660],[45.6651480,10.5896340],[45.6652130,10.5897580],[45.6652280,10.5901050],[45.6651860,10.5903760],[45.6651970,10.5905650],[45.6652880,10.5905870],[45.6657950,10.5897640],[45.6659730,10.5895960],[45.6660380,10.5893740],[45.6662120,10.5889900],[45.6662490,10.5885560],[45.6662530,10.5881930],[45.6663320,10.5880250],[45.6664690,10.5875570],[45.6672470,10.5864930],[45.6674070,10.5863130],[45.6675160,10.5862820],[45.6675710,10.5861050],[45.6674990,10.5859700],[45.6678100,10.5847660],[45.6677960,10.5841570],[45.6675590,10.5836690],[45.6675970,10.5832160],[45.6677390,10.5830530],[45.6677580,10.5826610],[45.6677910,10.5825190],[45.6679520,10.5824530],[45.6680420,10.5824170],[45.6684910,10.5824040],[45.6688270,10.5825390],[45.6689880,10.5825250],[45.6693330,10.5827960],[45.6695500,10.5830530],[45.6697350,10.5835470],[45.6699410,10.5838530],[45.6701130,10.5840130],[45.6703330,10.5840610],[45.6708370,10.5843730],[45.6709830,10.5843340],[45.6711530,10.5845770],[45.6710690,10.5847610],[45.6710640,10.5849100],[45.6713710,10.5848190],[45.6715820,10.5847770],[45.6717400,10.5846710],[45.6721580,10.5846080],[45.6722600,10.5845320],[45.6724340,10.5842340],[45.6726040,10.5841020],[45.6727830,10.5837560],[45.6728310,10.5834920],[45.6730470,10.5832080],[45.6731800,10.5828540],[45.6731890,10.5823030],[45.6731140,10.5822250],[45.6732750,10.5819720],[45.6733250,10.5817110],[45.6733760,10.5815930],[45.6735240,10.5815880],[45.6736200,10.5815740],[45.6738600,10.5814210],[45.6739160,10.5815760],[45.6739390,10.5821420],[45.6740130,10.5825230],[45.6741990,10.5830530],[45.6742260,10.5832270],[45.6742930,10.5834180],[45.6743170,10.5838920],[45.6742900,10.5842140],[45.6741820,10.5848170],[45.6740650,10.5862400],[45.6734970,10.5880980],[45.6734150,10.5884920],[45.6733480,10.5892680],[45.6733750,10.5896260],[45.6733290,10.5906880],[45.6732220,10.5912080],[45.6731040,10.5916210],[45.6730280,10.5917980],[45.6727970,10.5921150],[45.6724920,10.5923290],[45.6723620,10.5924880],[45.6719850,10.5926600],[45.6723620,10.5924880],[45.6724920,10.5923290],[45.6727970,10.5921150],[45.6730280,10.5917980],[45.6731040,10.5916210],[45.6732600,10.5915010],[45.6734660,10.5914060],[45.6732600,10.5915010],[45.6731370,10.5916200],[45.6732220,10.5912080],[45.6733290,10.5906880],[45.6733750,10.5896260],[45.6733480,10.5892680],[45.6734150,10.5884920],[45.6734970,10.5880980],[45.6740650,10.5862400],[45.6741820,10.5848170],[45.6742900,10.5842140],[45.6743170,10.5838920],[45.6742930,10.5834180],[45.6742260,10.5832270],[45.6741990,10.5830530],[45.6740130,10.5825230],[45.6739390,10.5821420],[45.6739160,10.5815760],[45.6738600,10.5814210],[45.6736640,10.5812050],[45.6733830,10.5811320],[45.6731400,10.5811350],[45.6728170,10.5809860],[45.6722700,10.5809330],[45.6722460,10.5807880],[45.6723020,10.5796520],[45.6722800,10.5791240],[45.6722920,10.5787810],[45.6722510,10.5785010],[45.6721530,10.5783370],[45.6720200,10.5782640],[45.6718790,10.5782700],[45.6717120,10.5781360],[45.6713830,10.5777840],[45.6709430,10.5777810],[45.6706780,10.5778530],[45.6704650,10.5779820],[45.6703250,10.5779340],[45.6701820,10.5777420],[45.6700470,10.5773160],[45.6699270,10.5766240],[45.6699310,10.5763260],[45.6699920,10.5760320],[45.6702290,10.5753530],[45.6703700,10.5751100],[45.6705610,10.5744800],[45.6707970,10.5743840],[45.6709840,10.5742950],[45.6717430,10.5745480],[45.6721980,10.5744640],[45.6723140,10.5744130],[45.6718220,10.5741780],[45.6715650,10.5739310],[45.6712850,10.5729120],[45.6710320,10.5728420],[45.6707360,10.5729060],[45.6706250,10.5729840],[45.6706760,10.5728350],[45.6709280,10.5725990],[45.6710710,10.5723640],[45.6711400,10.5721570],[45.6713280,10.5717540],[45.6713670,10.5714110],[45.6714680,10.5693680],[45.6715460,10.5683040],[45.6714660,10.5675790],[45.6712160,10.5668080],[45.6709580,10.5662760],[45.6706110,10.5652730],[45.6704030,10.5648680],[45.6699370,10.5641870],[45.6696400,10.5639900],[45.6694980,10.5638960],[45.6691850,10.5633510],[45.6689670,10.5627500],[45.6688460,10.5625370],[45.6685320,10.5619840],[45.6683510,10.5617720],[45.6681670,10.5614480],[45.6680310,10.5615110],[45.6679130,10.5615180],[45.6676960,10.5620970],[45.6676230,10.5623520],[45.6676390,10.5626870],[45.6676560,10.5632810],[45.6679050,10.5643600],[45.6678310,10.5651910],[45.6678920,10.5661070],[45.6681030,10.5673740],[45.6679660,10.5679020],[45.6680040,10.5686590],[45.6679860,10.5689580],[45.6676280,10.5695150],[45.6675320,10.5701610],[45.6676220,10.5704360],[45.6676030,10.5705780],[45.6673130,10.5707070],[45.6671280,10.5708890],[45.6669840,10.5714070],[45.6667180,10.5716100],[45.6663200,10.5717350],[45.6659160,10.5715570],[45.6654760,10.5714020],[45.6650190,10.5713430],[45.6646990,10.5714240],[45.6642510,10.5713600],[45.6635240,10.5710860],[45.6630180,10.5712230],[45.6628080,10.5714040],[45.6625490,10.5711560],[45.6619740,10.5708440],[45.6617030,10.5706280],[45.6612650,10.5705170],[45.6608520,10.5701980],[45.6604590,10.5702670],[45.6596950,10.5700730],[45.6592540,10.5704060],[45.6588130,10.5706040],[45.6582590,10.5709300],[45.6577950,10.5708470],[45.6577060,10.5707560],[45.6574790,10.5700150],[45.6573950,10.5699040],[45.6571700,10.5697260],[45.6569990,10.5696710],[45.6568560,10.5697010],[45.6569370,10.5701720],[45.6569050,10.5704960],[45.6569720,10.5709090],[45.6570040,10.5721720],[45.6570420,10.5722910],[45.6576760,10.5725850],[45.6577700,10.5727140],[45.6578190,10.5728810],[45.6579330,10.5730650],[45.6578860,10.5734170],[45.6579070,10.5739140],[45.6579610,10.5741100],[45.6582840,10.5746530],[45.6584790,10.5750470],[45.6586630,10.5754140],[45.6588090,10.5755770],[45.6587990,10.5757610],[45.6584090,10.5759030],[45.6576760,10.5763330],[45.6575090,10.5765000],[45.6573980,10.5766950],[45.6570970,10.5775600],[45.6570040,10.5777260],[45.6569170,10.5778110],[45.6567240,10.5778400],[45.6565110,10.5777470],[45.6563820,10.5777810],[45.6562150,10.5780060],[45.6560520,10.5783180],[45.6555040,10.5788110],[45.6553160,10.5790640],[45.6551670,10.5795260]],\r\n\t\t\t\t\tgraphDist          : [0.00,0.02,0.07,0.08,0.15,0.25,0.29,0.33,0.35,0.38,0.40,0.43,0.46,0.49,0.51,0.53,0.56,0.61,0.63,0.65,0.68,0.70,0.86,0.92,0.94,0.99,1.03,1.07,1.14,1.18,1.23,1.25,1.30,1.31,1.33,1.35,1.37,1.40,1.42,1.44,1.47,1.51,1.53,1.58,1.61,1.66,1.67,1.71,1.73,1.74,1.76,1.78,1.81,1.84,1.86,1.89,1.91,1.94,1.96,2.00,2.02,2.04,2.05,2.07,2.10,2.11,2.12,2.21,2.23,2.25,2.29,2.32,2.35,2.37,2.41,2.53,2.56,2.57,2.58,2.60,2.70,2.75,2.79,2.83,2.85,2.88,2.89,2.91,2.92,2.97,3.01,3.03,3.07,3.10,3.15,3.18,3.20,3.23,3.29,3.31,3.33,3.35,3.36,3.40,3.43,3.45,3.50,3.51,3.54,3.57,3.60,3.62,3.66,3.69,3.73,3.74,3.77,3.79,3.80,3.82,3.83,3.86,3.88,3.92,3.95,4.00,4.01,4.03,4.06,4.09,4.14,4.25,4.41,4.44,4.50,4.53,4.61,4.65,4.69,4.71,4.74,4.78,4.80,4.84,4.89,4.91,4.94,4.98,4.99,5.01,5.04,5.06,5.08,5.12,5.16,5.24,5.27,5.33,5.36,5.52,5.64,5.68,5.71,5.75,5.76,5.78,5.82,5.85,5.90,5.91,5.94,5.97,6.00,6.03,6.10,6.11,6.20,6.24,6.26,6.29,6.30,6.32,6.33,6.36,6.40,6.45,6.48,6.51,6.52,6.54,6.58,6.64,6.66,6.68,6.74,6.77,6.82,6.85,6.87,6.96,7.01,7.02,7.08,7.12,7.20,7.23,7.27,7.28,7.30,7.33,7.35,7.37,7.41,7.44,7.60,7.68,7.74,7.80,7.86,7.94,7.98,8.06,8.10,8.11,8.17,8.22,8.24,8.30,8.33,8.36,8.37,8.39,8.44,8.46,8.49,8.54,8.63,8.69,8.77,8.87,8.91,8.97,8.99,9.05,9.11,9.13,9.14,9.17,9.20,9.24,9.28,9.32,9.37,9.42,9.47,9.51,9.56,9.64,9.70,9.73,9.77,9.83,9.87,9.92,9.97,10.02,10.11,10.16,10.22,10.28,10.34,10.35,10.41,10.42,10.45,10.47,10.49,10.53,10.55,10.59,10.69,10.70,10.77,10.79,10.80,10.82,10.85,10.89,10.90,10.96,11.00,11.03,11.05,11.07,11.11,11.20,11.22,11.24,11.32,11.34,11.35,11.37,11.39,11.41,11.43,11.46,11.54,11.57,11.60],\r\n\t\t\t\t\tgraphEle           : [751.80,751.80,751.80,751.80,758.83,774.52,780.92,786.80,788.82,791.42,793.69,796.97,800.45,804.08,806.09,808.44,814.09,820.40,823.55,827.24,830.29,833.57,857.96,865.86,871.03,879.55,887.37,895.26,907.22,913.19,919.73,922.93,931.36,933.07,936.20,939.20,943.38,948.37,951.06,954.42,959.52,967.31,972.13,989.75,998.10,1014.12,1018.09,1033.43,1037.71,1041.32,1048.16,1053.91,1060.69,1069.77,1077.10,1084.98,1090.26,1098.76,1103.63,1109.28,1114.24,1116.48,1118.72,1123.74,1127.76,1130.50,1132.41,1150.28,1155.41,1159.45,1167.13,1174.47,1180.65,1184.22,1193.16,1220.31,1225.35,1227.89,1230.99,1233.77,1254.30,1264.04,1270.86,1275.72,1278.50,1282.68,1284.28,1286.83,1288.25,1293.89,1296.23,1297.31,1299.96,1301.85,1304.48,1308.43,1311.64,1315.13,1323.73,1326.06,1329.83,1332.23,1334.51,1344.17,1351.05,1357.99,1370.94,1374.48,1382.84,1388.79,1397.76,1403.44,1412.19,1420.56,1432.05,1434.81,1441.94,1443.90,1444.80,1446.25,1447.15,1449.66,1450.79,1454.48,1457.05,1460.16,1460.87,1461.72,1463.62,1464.91,1467.39,1477.89,1496.47,1500.63,1508.53,1512.17,1518.72,1519.32,1519.82,1520.05,1520.57,1521.12,1521.48,1522.30,1523.13,1523.48,1524.19,1524.78,1524.45,1524.02,1523.52,1523.02,1522.68,1521.88,1521.00,1512.13,1508.52,1500.68,1496.56,1477.68,1468.01,1465.37,1463.99,1461.97,1461.07,1460.31,1460.62,1460.98,1461.49,1461.65,1461.97,1462.34,1462.23,1461.74,1460.95,1460.80,1459.55,1458.75,1458.24,1457.81,1457.49,1457.18,1456.88,1456.46,1453.94,1449.22,1446.33,1443.85,1442.30,1440.20,1436.69,1432.03,1430.07,1428.06,1423.09,1421.03,1418.15,1416.95,1416.01,1412.27,1406.68,1404.39,1394.57,1388.71,1374.09,1368.72,1362.78,1360.32,1357.41,1351.43,1347.10,1343.92,1340.05,1338.46,1328.84,1321.89,1317.11,1310.06,1301.08,1285.56,1278.59,1266.67,1260.88,1258.11,1249.40,1240.87,1237.36,1228.23,1223.95,1218.60,1215.98,1213.82,1202.88,1198.09,1192.25,1181.93,1163.19,1151.27,1138.17,1123.12,1117.53,1110.01,1107.03,1101.28,1096.62,1094.48,1093.45,1090.39,1088.12,1082.42,1077.72,1071.37,1064.78,1057.54,1049.63,1044.03,1036.27,1022.76,1012.90,1008.21,1002.25,989.24,981.20,969.67,957.50,947.27,931.92,922.06,912.92,901.75,893.08,891.06,880.58,878.46,874.45,871.72,869.46,864.17,860.61,855.98,842.97,841.68,832.21,830.37,828.58,826.15,823.26,819.67,818.15,813.02,809.54,806.27,804.16,802.54,797.97,788.95,786.64,784.51,776.10,774.25,772.94,770.52,767.75,766.12,763.61,763.61,763.61,763.61,763.61],\r\n\t\t\t\t\tgraphSpeed         : [],\r\n\t\t\t\t\tgraphHr            : [],\r\n\t\t\t\t\tgraphAtemp         : [],\r\n\t\t\t\t\tgraphCad           : [],\r\n\t\t\t\t\tgraphGrade         : [],\r\n\t\t\t\t\twaypoints          : [],\r\n\t\t\t\t\tunit               : \"2\",\r\n\t\t\t\t\tunitspeed          : \"0\",\r\n\t\t\t\t\tcolor1             : [\"#3366cc\"],\r\n\t\t\t\t\tcolor2             : \"#3366cc\",\r\n\t\t\t\t\tcolor3             : \"#ff0000\",\r\n\t\t\t\t\tcolor4             : \"#ff77bd\",\r\n\t\t\t\t\tcolor5             : \"#beecff\",\r\n\t\t\t\t\tcolor6             : \"#beecff\",\r\n\t\t\t\t\tcolor7             : \"#ff77bd\",\r\n\t\t\t\t\tchartFrom1         : \"\",\r\n\t\t\t\t\tchartTo1           : \"\",\r\n\t\t\t\t\tchartFrom2         : \"\",\r\n\t\t\t\t\tchartTo2           : \"\",\r\n\t\t\t\t\tstartIcon          : \"\",\r\n\t\t\t\t\tendIcon            : \"\",\r\n\t\t\t\t\tcurrentIcon        : \"\",\r\n\t\t\t\t\twaypointIcon       : \"https:\/\/lavia.cc\/gpx\/wp-content\/uploads\/gpx\/cropped-icona.ico\",\r\n\t\t\t\t\tcurrentpositioncon : \"\",\r\n\t\t\t\t\tusegpsposition     : \"\",\r\n\t\t\t\t\tzoomOnScrollWheel  : \"\",\r\n\t\t\t\t\tngGalleries        : [],\r\n\t\t\t\t\tngImages           : [],\r\n\t\t\t\t\tpluginUrl          : \"https:\/\/lavia.cc\/gpx\/wp-content\/plugins\",\r\n\t\t\t\t\tTFApiKey           : \"\",\r\n\t\t\t\t\tMapBoxApiKey           : \"\",\r\n\t\t\t\t\tlangs              : {\r\n\t\t\t\t\t\taltitude        : \"Altitudine\",\r\n\t\t\t\t\t\tcurrentPosition : \"Current position\",\r\n\t\t\t\t\t\tspeed           : \"Velocit\u00e0\",\r\n\t\t\t\t\t\tgrade           : \"Grade\",\r\n\t\t\t\t\t\theartRate       : \"Battito Cardiaco\",\r\n\t\t\t\t\t\tatemp           : \"Temperature\",\r\n\t\t\t\t\t\tcadence         : \"Cadenza\",\r\n\t\t\t\t\t\tgoFullScreen    : \"Go full screen\",\r\n\t\t\t\t\t\texitFullFcreen  : \"Exit full screen\",\r\n\t\t\t\t\t\thideImages      : \"Hide images\",\r\n\t\t\t\t\t\tshowImages      : \"Show images\",\r\n\t\t\t\t\t\tbackToCenter\t: \"Ritorna al centro della mappa\"\r\n\t\t\t\t\t}\r\n\t\t\t\t});\r\n\r\n\t\t\t});\r\n\r\n\t\t<\/script>\n<p>\ud83d\udfe2 Visita\u00a0<a href=\"https:\/\/lavia.cc\/gpx\/\">LAVIA.CC<\/a>\u00a0per altre tracce gpx e condividi le tue avventure con la nostra\u00a0<a href=\"https:\/\/www.instagram.com\/lavia.cc\/\" target=\"_blank\" rel=\"noopener\">community<\/a>!<\/p>\n","protected":false},"excerpt":{"rendered":"<p>Il <strong>monte Pizzocolo<\/strong> \u00e8 senza dubbio uno dei punti di riferimento pi\u00f9 significativi nel panorama escursionistico bresciano, grazie anche alla vista spettacolare che si pu\u00f2 ammirare dalla sua cima. Da qui, lo sguardo si estende su quasi tutto il <strong>Lago di Garda<\/strong>, visibile ai piedi dell&#8217;osservatore, con il profilo inconfondibile del Monte Baldo che si erge davanti, mentre si possono scorgere le Dolomiti, il massiccio dell&#8217;Adamello e i monti che circondano la Valvestino, con il relativo lago. Se l&#8217;escursione viene effettuata in una giornata limpida, la salita al Pizzoccolo rimarr\u00e0 un&#8217;esperienza memorabile per ogni escursionista, che inevitabilmente sar\u00e0 spinto a ripeterla negli anni a venire. Tra le diverse vie di accesso, abbiamo scelto quella che, pur essendo meno frequentata, riteniamo pi\u00f9 appagante, perch\u00e9 offre per buona parte del tragitto una splendida vista sul lago. Si parte da Monte Maderno e si prosegue in automobile Sanico per poi proseguire su una strada asfaltata, ripida in alcuni tratti, che porta fino a <strong>Sant\u2019 Urbano<\/strong>. Una volta parcheggiata l&#8217;auto dove la strada diventa sterrata, si continua a salire lungo una larga carrareccia. Questo percorso, che si snoda tra boschi e prati, si distingue per il dislivello iniziale piuttosto consistente e la lunghezza, che richiede una buona preparazione fisica. Il tragitto, che misura circa 12 km, prevede un d<strong>islivello di 850 metri<\/strong>, con una pendenza costante che mette alla prova la resistenza degli escursionisti. Durante la salita, si attraversano fitte foreste di faggi e abeti, che offrono ombra e sollievo nelle giornate pi\u00f9 calde. Superata Malga Valle, una tipica malga alpina dove \u00e8 possibile vedere capre e galline al pascolo, si affronta il tratto pi\u00f9 difficile dell&#8217;itinerario. In questa sezione, il sentiero diventa pi\u00f9 ripido e il terreno pi\u00f9 roccioso, richiedendo maggiore attenzione e cautela. Dopo questa parte, il paesaggio cambia gradualmente: gli alberi si diradano, lasciando spazio a prati e cespugli, e la vista sul Lago di Garda e le montagne circostanti si fa sempre pi\u00f9 ampia. Si continua quindi lungo il sentiero che, in circa mezz&#8217;ora, porta a una sella ampia dove si incrocia il sentiero proveniente dal Passo dello Spino. Con ulteriori 15 minuti di cammino (su un sentiero ben tracciato e agevole, con una vista suggestiva sul lago sottostante), si raggiunge prima un piccolo <strong>bivacco<\/strong> (non custodito, ma sempre aperto, con possibilit\u00e0 di pernottamento nel piccolo soppalco) e infine la cima del Monte Pizzoccolo, dove si trova una chiesetta con alcuni reperti della <strong>Prima Guerra Mondiale<\/strong>. Una volta in cima, si pu\u00f2 godere di una vista panoramica straordinaria sul Lago di Garda, che si estende in tutta la sua lunghezza, e sulle valli circostanti. In una giornata limpida, si possono scorgere, oltre al gruppo dell&#8217;Adamello e al Monte Rosa, anche gli Appennini, il Monte Baldo e la diga di Valvestino. Questo \u00e8 un ottimo punto per una sosta, per ammirare il panorama e riposarsi prima di intraprendere la discesa. La salita al Pizzoccolo diventer\u00e0, ne siamo certi, un appuntamento immancabile in ogni stagione escursionistica, grazie alla sua accessibilit\u00e0 durante tutto l&#8217;anno, sia per la quota moderata che lo rende adatto anche in inverno, sia per la sua favorevole esposizione al sole. Per il ritorno, si segue il sentiero 287, che offre un percorso alternativo tra boschi e radure, fino a giungere alla localit\u00e0 Le Merle. Da qui, si prosegue sul sentiero 223 in direzione di Sant\u2019Urbano. Questo tratto \u00e8 pi\u00f9 semplice e permette di camminare con maggiore tranquillit\u00e0, godendo della quiete del bosco.<\/p>\n<p>\ud83d\udfe2 Scarica la TRACCIA e Segui <a href=\"https:\/\/www.instagram.com\/lavia.cc\/\" target=\"_blank\" rel=\"noopener\">LAVIA<\/a>!<\/p>\n","protected":false},"featured_media":18627,"comment_status":"open","ping_status":"closed","template":"","meta":[],"product_brand":[],"product_cat":[31],"product_tag":[74,73],"class_list":{"0":"post-18621","1":"product","2":"type-product","3":"status-publish","4":"has-post-thumbnail","6":"product_cat-escursionismo","7":"product_tag-brescia","8":"product_tag-lombardia","10":"first","11":"instock","12":"downloadable","13":"virtual","14":"product-type-simple"},"_links":{"self":[{"href":"https:\/\/lavia.cc\/gpx\/wp-json\/wp\/v2\/product\/18621","targetHints":{"allow":["GET"]}}],"collection":[{"href":"https:\/\/lavia.cc\/gpx\/wp-json\/wp\/v2\/product"}],"about":[{"href":"https:\/\/lavia.cc\/gpx\/wp-json\/wp\/v2\/types\/product"}],"replies":[{"embeddable":true,"href":"https:\/\/lavia.cc\/gpx\/wp-json\/wp\/v2\/comments?post=18621"}],"version-history":[{"count":3,"href":"https:\/\/lavia.cc\/gpx\/wp-json\/wp\/v2\/product\/18621\/revisions"}],"predecessor-version":[{"id":18630,"href":"https:\/\/lavia.cc\/gpx\/wp-json\/wp\/v2\/product\/18621\/revisions\/18630"}],"wp:featuredmedia":[{"embeddable":true,"href":"https:\/\/lavia.cc\/gpx\/wp-json\/wp\/v2\/media\/18627"}],"wp:attachment":[{"href":"https:\/\/lavia.cc\/gpx\/wp-json\/wp\/v2\/media?parent=18621"}],"wp:term":[{"taxonomy":"product_brand","embeddable":true,"href":"https:\/\/lavia.cc\/gpx\/wp-json\/wp\/v2\/product_brand?post=18621"},{"taxonomy":"product_cat","embeddable":true,"href":"https:\/\/lavia.cc\/gpx\/wp-json\/wp\/v2\/product_cat?post=18621"},{"taxonomy":"product_tag","embeddable":true,"href":"https:\/\/lavia.cc\/gpx\/wp-json\/wp\/v2\/product_tag?post=18621"}],"curies":[{"name":"wp","href":"https:\/\/api.w.org\/{rel}","templated":true}]}}