{"id":18738,"date":"2024-12-05T11:56:45","date_gmt":"2024-12-05T10:56:45","guid":{"rendered":"https:\/\/lavia.cc\/gpx\/?post_type=product&#038;p=18738"},"modified":"2024-12-05T17:41:06","modified_gmt":"2024-12-05T16:41:06","slug":"cima-del-redentore-da-forca-di-presta","status":"publish","type":"product","link":"https:\/\/lavia.cc\/gpx\/tracce\/cima-del-redentore-da-forca-di-presta\/","title":{"rendered":"Cima del Redentore da Forca di Presta"},"content":{"rendered":"<h4><strong>Cima del Redentore da Forca di Presta<\/strong><\/h4>\n<p>\u27a1\ufe0f Clicca qui per andare al punto di partenza: <a href=\"https:\/\/www.google.com\/maps\/place\/Forca+di+presta+-+parcheggio+inizio+sentiero\/@42.7901487,13.2611536,17z\/data=!3m1!4b1!4m6!3m5!1s0x132e13007bac9305:0x9a5d85d7fafbdd82!8m2!3d42.7901487!4d13.2611536!16s%2Fg%2F11wbhh15x7?entry=ttu&amp;g_ep=EgoyMDI0MTIwMi4wIKXMDSoASAFQAw%3D%3D\" target=\"_blank\" rel=\"noopener\">GOOGLE MAPS<\/a> (Parcheggio).<\/p>\n<p>\u2139\ufe0f In passato, era la Cima del Redentore a essere chiamata &#8220;<strong>Monte Vettore<\/strong>&#8220;, poich\u00e9 risultava la vetta pi\u00f9 visibile del gruppo montuoso (il Monte Vettore vero e proprio \u00e8 nascosto dalla vista nei pressi dei Piani di Castelluccio di Norcia), sebbene sia leggermente pi\u00f9 bassa di circa venti metri rispetto a quest&#8217;ultimo.<\/p>\n<p>\u26fa\ufe0f\ud83c\udf74Il bivacco <a href=\"https:\/\/www.rifugiozilioli.it\/\" target=\"_blank\" rel=\"noopener\">Tito Zilioli <\/a>\u00a0, posto a 2.250 metri s.l.m., in localit\u00e0 Sella delle Ciaule presso Forca di Presta, sul monte Vettore (Monti Sibillini), gode di una buona posizione strategica per l\u2019escursionismo d\u2019alta quota, trovandosi in mezzo all\u2019anfiteatro del <strong>gruppo del Vettore<\/strong>, tra la cima del Redentore ed il monte Vettore stesso, la cima pi\u00f9 alta dei Monti Sibillini.<\/p>\n<p>\u26a0\ufe0f L&#8217;escursione, pur non essendo difficile, presenta alcuni passaggi pi\u00f9 delicati. In inverno si pu\u00f2 definire alpinistica di facile livelli (picozza e ramponi). La percorribilit\u00e0 dell\u2019itinerario proposto, come tutta la morfologia del territorio, \u00e8 soggetta a cambiamenti ambientali dovuti a eventi naturali e alle condizioni meteo. Quindi, prima di partire, consultate gli uffici turistici competenti e\/o le strutture di riferimento di riferimento.<\/p>\n<h4>\ud83d\uddfa\ufe0f Mappa e altimetria dell&#8217;<a href=\"https:\/\/lavia.cc\/gpx\/categoria-tracce\/escursionismo\/\">escursione<\/a> &#8220;<strong>Cima del Redentore da Forca di Presta<\/strong>&#8220;:<\/h4>\n\r\n\t\t<div id=\"wpgpxmaps_18738_733006\" class=\"wpgpxmaps\">\r\n\t\t\t<div id=\"map_18738_733006_cont\" style=\"width:100%; height:450px;position:relative\" >\r\n\t\t\t\t<div id=\"map_18738_733006\" style=\"width:100%; height:450px\"><\/div>\r\n\t\t\t\t<div id=\"wpgpxmaps_18738_733006_osm_footer\" class=\"wpgpxmaps_osm_footer\" style=\"display:none;\"><span> &copy; <a href=\"http:\/\/www.openstreetmap.org\/copyright\" target=\"_blank\" rel=\"noopener\">OpenStreetMap<\/a> contributors<\/span><\/div>\r\n\t\t\t<\/div>\r\n\t\t\t<canvas id=\"myChart_18738_733006\" class=\"plot\" style=\"width:100%; height:200px\"><\/canvas>\r\n\t\t\t<div id=\"ngimages_18738_733006\" class=\"ngimages\" style=\"display:none\"><\/div>\r\n\t\t\t<div id=\"report_18738_733006\" class=\"report\"><\/div>\r\n\t\t<\/div>\r\n\t\t\r\n\t\t<script type=\"text\/javascript\">\r\n\r\n\t\t\tjQuery(document).ready(function() {\r\n\r\n\t\t\t\tjQuery( \"#wpgpxmaps_18738_733006\" ).wpgpxmaps( {\r\n\t\t\t\t\ttargetId           : \"18738_733006\",\r\n\t\t\t\t\tmapType            : \"HYBRID\",\r\n\t\t\t\t\tmapData            : [[42.7900030,13.2607010],[42.7900520,13.2605670],[42.7903410,13.2606650],[42.7907050,13.2602690],[42.7908380,13.2599760],[42.7910690,13.2596260],[42.7912940,13.2593980],[42.7914600,13.2592900],[42.7918140,13.2591850],[42.7921480,13.2591890],[42.7922300,13.2592980],[42.7924020,13.2593340],[42.7926730,13.2591260],[42.7930950,13.2588590],[42.7938490,13.2586230],[42.7940310,13.2585300],[42.7942330,13.2585080],[42.7941650,13.2587150],[42.7943360,13.2586770],[42.7944290,13.2587020],[42.7948870,13.2584050],[42.7952360,13.2584340],[42.7957730,13.2587840],[42.7959090,13.2587650],[42.7962640,13.2588640],[42.7965420,13.2587690],[42.7969930,13.2588920],[42.7974040,13.2590900],[42.7976590,13.2590930],[42.7980560,13.2594810],[42.7981660,13.2594910],[42.7982700,13.2593880],[42.7984170,13.2590820],[42.7988130,13.2586400],[42.7988940,13.2588810],[42.7990300,13.2592860],[42.7992580,13.2597820],[42.7994310,13.2598680],[42.8001300,13.2597940],[42.8004450,13.2595710],[42.8005200,13.2594530],[42.8007130,13.2593930],[42.8008620,13.2590250],[42.8013910,13.2582180],[42.8017710,13.2580660],[42.8020740,13.2578640],[42.8020590,13.2580770],[42.8022140,13.2581150],[42.8021550,13.2584120],[42.8023670,13.2584590],[42.8023560,13.2586960],[42.8023620,13.2588970],[42.8024170,13.2590660],[42.8026000,13.2593150],[42.8027160,13.2595330],[42.8029840,13.2598000],[42.8034180,13.2605390],[42.8037630,13.2608650],[42.8040940,13.2610640],[42.8050480,13.2615100],[42.8058730,13.2622980],[42.8061380,13.2624180],[42.8063390,13.2624690],[42.8064490,13.2625570],[42.8070200,13.2628360],[42.8071050,13.2629990],[42.8072680,13.2631000],[42.8073760,13.2631740],[42.8077360,13.2631600],[42.8078710,13.2631000],[42.8087840,13.2630080],[42.8089810,13.2630230],[42.8092910,13.2631690],[42.8097350,13.2634670],[42.8100600,13.2638720],[42.8104740,13.2641830],[42.8105660,13.2643410],[42.8107990,13.2644930],[42.8109280,13.2647750],[42.8111390,13.2649170],[42.8113580,13.2649230],[42.8117180,13.2649940],[42.8121310,13.2652880],[42.8129190,13.2657480],[42.8137260,13.2660790],[42.8140370,13.2661270],[42.8148220,13.2665180],[42.8152170,13.2669640],[42.8157100,13.2672140],[42.8159820,13.2672240],[42.8164360,13.2677160],[42.8167410,13.2680960],[42.8169330,13.2681910],[42.8170860,13.2683820],[42.8172870,13.2685630],[42.8174200,13.2686000],[42.8173370,13.2684790],[42.8173450,13.2683200],[42.8173300,13.2681720],[42.8170920,13.2674710],[42.8169160,13.2670760],[42.8167930,13.2664170],[42.8165890,13.2656950],[42.8165970,13.2654780],[42.8163830,13.2647720],[42.8164170,13.2646240],[42.8163790,13.2643790],[42.8163950,13.2642220],[42.8163590,13.2637250],[42.8163630,13.2634850],[42.8163020,13.2631840],[42.8162590,13.2626340],[42.8162910,13.2624840],[42.8163810,13.2623600],[42.8163850,13.2622280],[42.8165220,13.2618490],[42.8174090,13.2601600],[42.8175770,13.2597550],[42.8181340,13.2590680],[42.8182160,13.2583750],[42.8184520,13.2582520],[42.8185720,13.2581140],[42.8186690,13.2578970],[42.8187920,13.2573290],[42.8190600,13.2569410],[42.8192050,13.2567870],[42.8193920,13.2567060],[42.8220320,13.2550970],[42.8231240,13.2548850],[42.8237350,13.2545330],[42.8238650,13.2545010],[42.8249950,13.2547540],[42.8239090,13.2544900],[42.8237350,13.2545330],[42.8231240,13.2548850],[42.8220320,13.2550970],[42.8194380,13.2566070],[42.8192050,13.2567870],[42.8190600,13.2569410],[42.8187920,13.2573290],[42.8186690,13.2578970],[42.8185720,13.2581140],[42.8184520,13.2582520],[42.8182710,13.2582780],[42.8182160,13.2583750],[42.8181340,13.2590680],[42.8175770,13.2597550],[42.8174090,13.2601600],[42.8165220,13.2618490],[42.8163850,13.2622280],[42.8163810,13.2623600],[42.8162910,13.2624840],[42.8162590,13.2626340],[42.8163020,13.2631840],[42.8163630,13.2634850],[42.8163590,13.2637250],[42.8163950,13.2642220],[42.8163790,13.2643790],[42.8164170,13.2646240],[42.8163830,13.2647720],[42.8165970,13.2654780],[42.8165890,13.2656950],[42.8167930,13.2664170],[42.8169160,13.2670760],[42.8170920,13.2674710],[42.8172880,13.2680490],[42.8173300,13.2681720],[42.8173450,13.2683200],[42.8173370,13.2684790],[42.8174200,13.2686000],[42.8173370,13.2684790],[42.8170860,13.2683820],[42.8169330,13.2681910],[42.8167740,13.2681370],[42.8164360,13.2677160],[42.8159820,13.2672240],[42.8157100,13.2672140],[42.8152170,13.2669640],[42.8148220,13.2665180],[42.8140370,13.2661270],[42.8137260,13.2660790],[42.8129190,13.2657480],[42.8121310,13.2652880],[42.8117180,13.2649940],[42.8113580,13.2649230],[42.8111390,13.2649170],[42.8109280,13.2647750],[42.8107990,13.2644930],[42.8105660,13.2643410],[42.8104740,13.2641830],[42.8100600,13.2638720],[42.8097350,13.2634670],[42.8092910,13.2631690],[42.8089810,13.2630230],[42.8087840,13.2630080],[42.8078710,13.2631000],[42.8077360,13.2631600],[42.8073760,13.2631740],[42.8072680,13.2631000],[42.8071050,13.2629990],[42.8070200,13.2628360],[42.8064490,13.2625570],[42.8063390,13.2624690],[42.8061380,13.2624180],[42.8058730,13.2622980],[42.8050480,13.2615100],[42.8040940,13.2610640],[42.8037630,13.2608650],[42.8034180,13.2605390],[42.8029840,13.2598000],[42.8027160,13.2595330],[42.8026000,13.2593150],[42.8024170,13.2590660],[42.8023620,13.2588970],[42.8023560,13.2586960],[42.8023860,13.2585090],[42.8021550,13.2584120],[42.8022390,13.2581460],[42.8020820,13.2581370],[42.8021150,13.2578990],[42.8017710,13.2580660],[42.8013910,13.2582180],[42.8008620,13.2590250],[42.8007130,13.2593930],[42.8005200,13.2594530],[42.8004450,13.2595710],[42.8001300,13.2597940],[42.7994310,13.2598680],[42.7992580,13.2597820],[42.7990300,13.2592860],[42.7988940,13.2588810],[42.7988410,13.2586540],[42.7984170,13.2590820],[42.7982700,13.2593880],[42.7981660,13.2594910],[42.7980560,13.2594810],[42.7976590,13.2590930],[42.7974040,13.2590900],[42.7969930,13.2588920],[42.7965420,13.2587690],[42.7962640,13.2588640],[42.7959090,13.2587650],[42.7957730,13.2587840],[42.7952360,13.2584340],[42.7948870,13.2584050],[42.7944290,13.2587020],[42.7943360,13.2586770],[42.7942180,13.2587400],[42.7942330,13.2585080],[42.7940310,13.2585300],[42.7938490,13.2586230],[42.7930950,13.2588590],[42.7926730,13.2591260],[42.7924020,13.2593340],[42.7922300,13.2592980],[42.7921480,13.2591890],[42.7918140,13.2591850],[42.7914600,13.2592900],[42.7912940,13.2593980],[42.7910690,13.2596260],[42.7908380,13.2599760],[42.7907050,13.2602690],[42.7904190,13.2606160],[42.7900520,13.2605670],[42.7900030,13.2607010]],\r\n\t\t\t\t\tgraphDist          : [0.00,0.01,0.05,0.10,0.13,0.16,0.20,0.22,0.26,0.30,0.31,0.33,0.36,0.42,0.50,0.53,0.55,0.57,0.59,0.60,0.66,0.70,0.76,0.78,0.82,0.85,0.90,0.95,0.98,1.04,1.05,1.06,1.09,1.15,1.17,1.21,1.26,1.28,1.36,1.40,1.41,1.44,1.47,1.56,1.60,1.64,1.66,1.68,1.71,1.74,1.76,1.77,1.79,1.82,1.84,1.88,1.96,2.00,2.04,2.16,2.27,2.30,2.32,2.34,2.41,2.42,2.44,2.46,2.50,2.52,2.62,2.64,2.68,2.74,2.79,2.84,2.86,2.89,2.92,2.94,2.97,3.01,3.06,3.16,3.25,3.29,3.38,3.44,3.50,3.54,3.60,3.65,3.67,3.70,3.72,3.75,3.76,3.78,3.79,3.86,3.89,3.95,4.01,4.03,4.09,4.11,4.13,4.14,4.18,4.20,4.23,4.28,4.29,4.30,4.31,4.35,4.52,4.56,4.64,4.70,4.73,4.75,4.77,4.82,4.86,4.88,4.90,5.23,5.35,5.42,5.44,5.57,5.69,5.71,5.78,5.91,6.22,6.25,6.27,6.31,6.36,6.38,6.40,6.42,6.43,6.49,6.57,6.61,6.78,6.82,6.83,6.84,6.86,6.90,6.93,6.95,6.99,7.00,7.02,7.04,7.10,7.12,7.18,7.24,7.28,7.33,7.34,7.35,7.37,7.38,7.40,7.43,7.46,7.47,7.53,7.59,7.62,7.68,7.74,7.84,7.87,7.97,8.07,8.12,8.16,8.18,8.21,8.24,8.27,8.29,8.34,8.39,8.45,8.48,8.51,8.61,8.63,8.67,8.68,8.71,8.72,8.79,8.80,8.83,8.86,8.97,9.08,9.13,9.17,9.25,9.29,9.31,9.34,9.35,9.37,9.39,9.42,9.44,9.46,9.48,9.52,9.57,9.66,9.69,9.71,9.73,9.77,9.85,9.87,9.92,9.95,9.97,10.03,10.06,10.08,10.09,10.15,10.17,10.22,10.28,10.31,10.35,10.36,10.43,10.47,10.53,10.54,10.55,10.58,10.60,10.62,10.71,10.76,10.80,10.82,10.83,10.87,10.91,10.93,10.96,11.00,11.03,11.07,11.11,11.13],\r\n\t\t\t\t\tgraphEle           : [1543.44,1543.44,1543.44,1543.44,1547.69,1554.07,1559.25,1562.64,1569.33,1575.50,1577.93,1582.18,1589.77,1601.13,1620.02,1624.63,1629.42,1633.35,1637.67,1639.90,1651.88,1660.14,1670.81,1673.06,1679.02,1683.73,1691.29,1698.30,1702.37,1710.19,1711.95,1714.01,1718.30,1727.38,1731.22,1737.36,1745.43,1748.89,1762.73,1770.06,1772.42,1776.51,1782.87,1798.66,1806.13,1812.49,1816.08,1819.52,1824.17,1828.24,1831.71,1834.52,1837.11,1842.04,1845.80,1852.13,1863.53,1868.50,1872.78,1884.85,1897.26,1900.70,1903.22,1905.50,1919.41,1922.78,1926.88,1929.91,1938.17,1941.43,1968.54,1974.68,1984.88,2000.26,2011.60,2023.59,2027.35,2033.90,2040.09,2046.06,2050.31,2057.05,2065.67,2081.73,2099.32,2105.85,2125.85,2141.39,2157.33,2165.57,2180.74,2190.52,2195.46,2200.37,2206.07,2210.83,2214.41,2216.34,2217.68,2224.60,2228.73,2234.82,2246.56,2250.35,2263.66,2266.36,2270.72,2273.48,2282.40,2286.90,2292.76,2303.13,2306.06,2309.33,2311.81,2319.73,2344.11,2349.02,2351.63,2351.97,2352.15,2352.25,2352.37,2351.14,2349.77,2349.13,2348.44,2356.68,2365.85,2371.13,2372.15,2381.02,2372.80,2371.19,2365.21,2356.93,2347.37,2348.64,2349.47,2351.23,2353.19,2353.73,2353.30,2352.81,2352.56,2351.16,2349.11,2344.62,2321.04,2312.75,2310.16,2306.74,2303.67,2292.82,2286.70,2281.99,2272.35,2269.79,2265.75,2263.24,2250.91,2247.41,2234.92,2228.07,2223.83,2217.99,2216.75,2215.38,2213.54,2212.03,2209.97,2201.64,2196.24,2191.98,2180.07,2164.99,2157.12,2141.72,2126.71,2105.21,2098.95,2082.12,2065.57,2056.77,2049.89,2045.75,2041.16,2034.64,2027.73,2023.77,2011.13,1999.35,1985.01,1974.94,1968.89,1940.78,1937.01,1929.37,1926.56,1922.76,1919.65,1906.78,1904.07,1899.92,1896.68,1884.98,1872.77,1868.22,1862.94,1852.82,1846.27,1842.37,1837.27,1834.60,1831.68,1828.91,1823.86,1819.75,1816.65,1813.09,1805.92,1798.56,1783.29,1776.82,1772.67,1770.26,1762.82,1748.36,1745.02,1737.23,1731.30,1728.13,1718.30,1713.93,1711.90,1710.15,1702.42,1698.39,1691.49,1683.82,1678.90,1672.68,1670.34,1660.13,1652.50,1640.18,1637.88,1634.80,1629.40,1624.48,1619.76,1601.11,1589.93,1582.46,1578.28,1575.52,1571.13,1571.13,1571.13,1571.13,1571.13,1571.13,1571.13,1571.13,1571.13],\r\n\t\t\t\t\tgraphSpeed         : [],\r\n\t\t\t\t\tgraphHr            : [],\r\n\t\t\t\t\tgraphAtemp         : [],\r\n\t\t\t\t\tgraphCad           : [],\r\n\t\t\t\t\tgraphGrade         : [],\r\n\t\t\t\t\twaypoints          : [],\r\n\t\t\t\t\tunit               : \"2\",\r\n\t\t\t\t\tunitspeed          : \"0\",\r\n\t\t\t\t\tcolor1             : [\"#3366cc\"],\r\n\t\t\t\t\tcolor2             : \"#3366cc\",\r\n\t\t\t\t\tcolor3             : \"#ff0000\",\r\n\t\t\t\t\tcolor4             : \"#ff77bd\",\r\n\t\t\t\t\tcolor5             : \"#beecff\",\r\n\t\t\t\t\tcolor6             : \"#beecff\",\r\n\t\t\t\t\tcolor7             : \"#ff77bd\",\r\n\t\t\t\t\tchartFrom1         : \"\",\r\n\t\t\t\t\tchartTo1           : \"\",\r\n\t\t\t\t\tchartFrom2         : \"\",\r\n\t\t\t\t\tchartTo2           : \"\",\r\n\t\t\t\t\tstartIcon          : \"\",\r\n\t\t\t\t\tendIcon            : \"\",\r\n\t\t\t\t\tcurrentIcon        : \"\",\r\n\t\t\t\t\twaypointIcon       : \"https:\/\/lavia.cc\/gpx\/wp-content\/uploads\/gpx\/cropped-icona.ico\",\r\n\t\t\t\t\tcurrentpositioncon : \"\",\r\n\t\t\t\t\tusegpsposition     : \"\",\r\n\t\t\t\t\tzoomOnScrollWheel  : \"\",\r\n\t\t\t\t\tngGalleries        : [],\r\n\t\t\t\t\tngImages           : [],\r\n\t\t\t\t\tpluginUrl          : \"https:\/\/lavia.cc\/gpx\/wp-content\/plugins\",\r\n\t\t\t\t\tTFApiKey           : \"\",\r\n\t\t\t\t\tMapBoxApiKey           : \"\",\r\n\t\t\t\t\tlangs              : {\r\n\t\t\t\t\t\taltitude        : \"Altitudine\",\r\n\t\t\t\t\t\tcurrentPosition : \"Current position\",\r\n\t\t\t\t\t\tspeed           : \"Velocit\u00e0\",\r\n\t\t\t\t\t\tgrade           : \"Grade\",\r\n\t\t\t\t\t\theartRate       : \"Battito Cardiaco\",\r\n\t\t\t\t\t\tatemp           : \"Temperature\",\r\n\t\t\t\t\t\tcadence         : \"Cadenza\",\r\n\t\t\t\t\t\tgoFullScreen    : \"Go full screen\",\r\n\t\t\t\t\t\texitFullFcreen  : \"Exit full screen\",\r\n\t\t\t\t\t\thideImages      : \"Hide images\",\r\n\t\t\t\t\t\tshowImages      : \"Show images\",\r\n\t\t\t\t\t\tbackToCenter\t: \"Ritorna al centro della mappa\"\r\n\t\t\t\t\t}\r\n\t\t\t\t});\r\n\r\n\t\t\t});\r\n\r\n\t\t<\/script>\n<p>\ud83d\udfe2 Visita\u00a0LAVIA.CC\u00a0per altre tracce gpx e condividi le tue avventure con la nostra\u00a0community!<\/p>\n","protected":false},"excerpt":{"rendered":"<p>La <strong>Cima del Redentore<\/strong>, posta a un&#8217;altitudine di 2448 metri sul livello del mare, \u00e8 tra le cime pi\u00f9 alte della catena dei <strong>Monti Sibillini<\/strong> e rappresenta il punto pi\u00f9 elevato della regione Umbria. Essa fa parte del massiccio del Monte Vettore e si trova esattamente sul confine tra le province di Perugia e Ascoli Piceno. La cima si erge sopra il Lago di Pilato e, soprattutto nei mesi invernali, costituisce una meta molto ambita per gli alpinisti. Il sistema di vallate che convergono verso questa area dei Sibillini ha origini glaciali e presenta caratteristiche morfologiche simili. Le pi\u00f9 rilevanti sono la Valle dell\u2019Infernaccio, situata oltre il Monte Sibilla, e la Valle dell\u2019Ambro, che si trova al di l\u00e0 del Monte Priora. Numerosi sentieri permettono di raggiungere la sommit\u00e0 di questa montagna. Una volta giunti sulla vetta, il panorama \u00e8 straordinario: oltre a includere le aree interne dell\u2019Umbria e delle Marche, offre una vista completa sulla valle del Lago di Pilato e sull&#8217;altopiano della Gardosa. Il percorso per raggiungere la vetta \u00e8 senza dubbio affascinante e offre scorci panoramici spettacolari. L&#8217;itinerario pi\u00f9 breve e con il minor dislivello, sebbene comunque di 1000 metri, parte dal valico di <strong>Forca di Presta<\/strong>. Qui, a 1550 metri di altitudine, si lascia l\u2019auto e si imbocca il sentiero che si trova poco pi\u00f9 a sinistra (contrassegnato dal segnavia E15), nei pressi di un\u2019antica casa di pastori con una fonte d\u2019acqua. Il tracciato principale si sviluppa lungo un\u2019ampia cresta erbosa e ghiaiosa, con una salita costante e moderata, salvo qualche breve tratto pi\u00f9 impegnativo, per poi attraversare le pendici del Monte Vettoretto. Superato il versante sud-est della <strong>Cima di Punta di Pratopulito<\/strong>, il sentiero, abbastanza ripido, conduce al bivacco <strong>Tito Zilioli<\/strong> e successivamente alla Sella del Ciaule (2240 metri). Questo punto segna la separazione tra due creste: quella di destra, che conduce facilmente al Monte Vettore, e quella di sinistra, meno frequentata, che sale verso la Cima del Redentore. Dal bivacco, si prende la direzione a sinistra (ovest), risalendo la cresta rocciosa che, pur sembrando impegnativa, si rivela abbastanza semplice. \u00c8 consigliabile seguire il filo roccioso, pi\u00f9 stabile, piuttosto che il sentiero detritico che si sviluppa sulla sinistra. La cresta \u00e8 inizialmente piuttosto affilata, ma si allarga e diventa pi\u00f9 agevole nei tratti successivi (difficolt\u00e0 I+). Dopo aver raggiunto la Cima di Punta di Pratopulito (2373 metri), si continua lungo il crinale, scendendo leggermente e attraversando un breve tratto quasi pianeggiante prima di risalire alla Cima del Lago (2422 metri). Da qui si gode probabilmente della vista migliore sul <strong>Lago di Pilato<\/strong>, che per\u00f2 in estate, e soprattutto dopo i terremoti del 2016, appare quasi completamente prosciugato. Dalla Cima del Lago si scende verso un\u2019intaccatura, spostandosi leggermente dal filo della cresta, per poi risalire rapidamente e tornare sul crinale. Quest\u2019ultimo tratto \u00e8 molto panoramico, ma facile e quasi pianeggiante. Dopo alcuni saliscendi, un\u2019ultima breve salita porta alla vetta della Cima del Redentore (2448 metri). Per chi volesse prolungare l\u2019escursione, \u00e8 possibile raggiungere il vicino<strong> Pizzo del Diavolo<\/strong>, prestando maggiore attenzione per via di alcuni passaggi pi\u00f9 esposti e delicati, sebbene non troppo difficili. Per il ritorno, si ripercorre il medesimo itinerario fino al punto di partenza. In alternativa, una volta tornati alla<strong> Sella del Ciaule<\/strong>, \u00e8 possibile salire anche sul Monte Vettore.<\/p>\n<p>Bellissima di foto <a href=\"https:\/\/www.instagram.com\/luc88\/\">@luc88<\/a><\/p>\n<p>\ud83d\udfe2 Scarica la TRACCIA e Segui <a href=\"https:\/\/www.instagram.com\/lavia.cc\/\" target=\"_blank\" rel=\"noopener\">LAVIA<\/a>!<\/p>\n","protected":false},"featured_media":18740,"comment_status":"open","ping_status":"closed","template":"","meta":[],"product_brand":[],"product_cat":[31],"product_tag":[106,305],"class_list":{"0":"post-18738","1":"product","2":"type-product","3":"status-publish","4":"has-post-thumbnail","6":"product_cat-escursionismo","7":"product_tag-marche","8":"product_tag-umbria","10":"first","11":"instock","12":"downloadable","13":"virtual","14":"product-type-simple"},"_links":{"self":[{"href":"https:\/\/lavia.cc\/gpx\/wp-json\/wp\/v2\/product\/18738","targetHints":{"allow":["GET"]}}],"collection":[{"href":"https:\/\/lavia.cc\/gpx\/wp-json\/wp\/v2\/product"}],"about":[{"href":"https:\/\/lavia.cc\/gpx\/wp-json\/wp\/v2\/types\/product"}],"replies":[{"embeddable":true,"href":"https:\/\/lavia.cc\/gpx\/wp-json\/wp\/v2\/comments?post=18738"}],"version-history":[{"count":5,"href":"https:\/\/lavia.cc\/gpx\/wp-json\/wp\/v2\/product\/18738\/revisions"}],"predecessor-version":[{"id":18748,"href":"https:\/\/lavia.cc\/gpx\/wp-json\/wp\/v2\/product\/18738\/revisions\/18748"}],"wp:featuredmedia":[{"embeddable":true,"href":"https:\/\/lavia.cc\/gpx\/wp-json\/wp\/v2\/media\/18740"}],"wp:attachment":[{"href":"https:\/\/lavia.cc\/gpx\/wp-json\/wp\/v2\/media?parent=18738"}],"wp:term":[{"taxonomy":"product_brand","embeddable":true,"href":"https:\/\/lavia.cc\/gpx\/wp-json\/wp\/v2\/product_brand?post=18738"},{"taxonomy":"product_cat","embeddable":true,"href":"https:\/\/lavia.cc\/gpx\/wp-json\/wp\/v2\/product_cat?post=18738"},{"taxonomy":"product_tag","embeddable":true,"href":"https:\/\/lavia.cc\/gpx\/wp-json\/wp\/v2\/product_tag?post=18738"}],"curies":[{"name":"wp","href":"https:\/\/api.w.org\/{rel}","templated":true}]}}