{"id":18964,"date":"2024-12-30T22:00:47","date_gmt":"2024-12-30T21:00:47","guid":{"rendered":"https:\/\/lavia.cc\/gpx\/?post_type=product&#038;p=18964"},"modified":"2024-12-30T22:02:42","modified_gmt":"2024-12-30T21:02:42","slug":"da-ortisei-alla-chiesetta-di-san-giacomo","status":"publish","type":"product","link":"https:\/\/lavia.cc\/gpx\/tracce\/da-ortisei-alla-chiesetta-di-san-giacomo\/","title":{"rendered":"Da Ortisei alla chiesetta di San Giacomo (invernale)"},"content":{"rendered":"<h4>Da Ortisei alla chiesetta di San Giacomo (invernale)<\/h4>\n<p>\u27a1\ufe0f Clicca qui per andare al punto di partenza: <a href=\"https:\/\/www.google.com\/maps\/place\/Cappella+dei+Caduti+o+Capela+di+Tumei+di+Ortisei\/@46.5754317,11.6716764,17z\/data=!3m1!4b1!4m6!3m5!1s0x477813f7d6c5ed05:0xafb5850ddc326fb6!8m2!3d46.5754317!4d11.6716764!16s%2Fg%2F11svhrys6f?entry=ttu&amp;g_ep=EgoyMDI0MTIxMS4wIKXMDSoASAFQAw%3D%3D\" target=\"_blank\" rel=\"noopener\">GOOGLE MAPS<\/a> (Parcheggio).<\/p>\n<p>\u2139\ufe0f La chiesetta di <strong>San Giacomo<\/strong> \u00e8 un gioiello storico e artistico situato in una posizione panoramica spettacolare. Risalente al XIII secolo, \u00e8 la pi\u00f9 antica chiesa della Val Gardena, dedicata al patrono dei pellegrini, San Giacomo.<\/p>\n<p>\u26fa\ufe0f\ud83c\udf74Sul percorso \u00e8 situato l&#8217;agriturismo <a href=\"http:\/\/www.pedracia.com\/italiano\/benvenuti.html\" target=\"_blank\" rel=\"noopener\">Pedracia<\/a>. Posto a 1500 m di altitudine, il maso si trova in una zona tranquilla, punto di riferimento per passeggiate facili, pi\u00f9 intensive o per escursioni con le ciaspole. Tanto spazio per i bambini, animali al maso, bellissimo panorama, casa pulita, posti a sedere e sdraio all\u00b4aperto con possibilit\u00e0 di utilizzo del barbecue, ristorante nel vicinato<\/p>\n<p>\u26a0\ufe0f La percorribilit\u00e0 dell\u2019itinerario proposto, come tutta la morfologia del territorio, \u00e8 soggetta a cambiamenti ambientali dovuti a eventi naturali e alle condizioni meteo. Quindi, prima di partire, consultate gli uffici turistici competenti e\/o le strutture di riferimento di riferimento.<\/p>\n<h4>\ud83d\uddfa\ufe0f Mappa e altimetria dell&#8217;<a href=\"https:\/\/lavia.cc\/gpx\/categoria-tracce\/escursionismo\/\">escursione<\/a> &#8220;Da Ortisei alla chiesetta di San Giacomo&#8221;:<\/h4>\n\r\n\t\t<div id=\"wpgpxmaps_18964_896020\" class=\"wpgpxmaps\">\r\n\t\t\t<div id=\"map_18964_896020_cont\" style=\"width:100%; height:450px;position:relative\" >\r\n\t\t\t\t<div id=\"map_18964_896020\" style=\"width:100%; height:450px\"><\/div>\r\n\t\t\t\t<div id=\"wpgpxmaps_18964_896020_osm_footer\" class=\"wpgpxmaps_osm_footer\" style=\"display:none;\"><span> &copy; <a href=\"http:\/\/www.openstreetmap.org\/copyright\" target=\"_blank\" rel=\"noopener\">OpenStreetMap<\/a> contributors<\/span><\/div>\r\n\t\t\t<\/div>\r\n\t\t\t<canvas id=\"myChart_18964_896020\" class=\"plot\" style=\"width:100%; height:200px\"><\/canvas>\r\n\t\t\t<div id=\"ngimages_18964_896020\" class=\"ngimages\" style=\"display:none\"><\/div>\r\n\t\t\t<div id=\"report_18964_896020\" class=\"report\"><\/div>\r\n\t\t<\/div>\r\n\t\t\r\n\t\t<script type=\"text\/javascript\">\r\n\r\n\t\t\tjQuery(document).ready(function() {\r\n\r\n\t\t\t\tjQuery( \"#wpgpxmaps_18964_896020\" ).wpgpxmaps( {\r\n\t\t\t\t\ttargetId           : \"18964_896020\",\r\n\t\t\t\t\tmapType            : \"HYBRID\",\r\n\t\t\t\t\tmapData            : [[46.5753550,11.6716240],[46.5755810,11.6724760],[46.5756040,11.6727120],[46.5755260,11.6733290],[46.5752910,11.6746530],[46.5752620,11.6749210],[46.5751350,11.6756180],[46.5750750,11.6760710],[46.5750140,11.6763320],[46.5745730,11.6775110],[46.5744650,11.6782020],[46.5744200,11.6787120],[46.5745580,11.6812180],[46.5746750,11.6819670],[46.5746350,11.6821810],[46.5744360,11.6825700],[46.5743550,11.6828640],[46.5743650,11.6831770],[46.5744540,11.6837290],[46.5745220,11.6845720],[46.5745420,11.6849730],[46.5745250,11.6851570],[46.5744580,11.6853020],[46.5743700,11.6853890],[46.5742320,11.6855160],[46.5741310,11.6856860],[46.5740410,11.6857980],[46.5739550,11.6858420],[46.5738540,11.6858450],[46.5735920,11.6857030],[46.5734030,11.6859050],[46.5730640,11.6859180],[46.5726350,11.6862570],[46.5724650,11.6864390],[46.5723420,11.6867630],[46.5722500,11.6869030],[46.5720030,11.6871690],[46.5717580,11.6875320],[46.5716030,11.6878990],[46.5713640,11.6882370],[46.5711050,11.6887520],[46.5710890,11.6890590],[46.5710970,11.6894280],[46.5710680,11.6897590],[46.5709230,11.6902360],[46.5708940,11.6905070],[46.5708550,11.6906970],[46.5707930,11.6909360],[46.5708060,11.6912740],[46.5708600,11.6923090],[46.5707830,11.6929400],[46.5705680,11.6933760],[46.5701730,11.6944500],[46.5701150,11.6947520],[46.5702910,11.6946280],[46.5704580,11.6944640],[46.5706270,11.6944030],[46.5708620,11.6945400],[46.5709580,11.6945670],[46.5710630,11.6945300],[46.5712990,11.6946830],[46.5714900,11.6947090],[46.5718520,11.6946240],[46.5719370,11.6948590],[46.5719940,11.6950020],[46.5722140,11.6952580],[46.5724130,11.6951600],[46.5726330,11.6951190],[46.5729180,11.6950490],[46.5730000,11.6946580],[46.5731590,11.6946530],[46.5733210,11.6946220],[46.5734230,11.6944800],[46.5734150,11.6948620],[46.5734230,11.6950650],[46.5735560,11.6955220],[46.5735560,11.6957570],[46.5735230,11.6960650],[46.5734590,11.6963100],[46.5731760,11.6967230],[46.5728800,11.6970610],[46.5726530,11.6974060],[46.5719940,11.6982270],[46.5719280,11.6984200],[46.5718980,11.6988540],[46.5718780,11.6991340],[46.5718520,11.6993020],[46.5717070,11.6996340],[46.5715660,11.6998330],[46.5714140,11.6999580],[46.5712870,11.7001440],[46.5710480,11.7002810],[46.5709070,11.7005000],[46.5707710,11.7005630],[46.5705990,11.7005220],[46.5700590,11.7005300],[46.5697360,11.7004940],[46.5695670,11.7005980],[46.5692900,11.7006170],[46.5691040,11.7007060],[46.5691710,11.7005490],[46.5692700,11.7004100],[46.5695910,11.7001260],[46.5701640,11.6999040],[46.5703130,11.6996690],[46.5704490,11.6994880],[46.5705860,11.6992910],[46.5705690,11.6991780],[46.5703660,11.6991360],[46.5702750,11.6991590],[46.5701400,11.6992660],[46.5701170,11.6991160],[46.5702360,11.6990270],[46.5702810,11.6988370],[46.5703660,11.6987450],[46.5703040,11.6986420],[46.5700890,11.6987300],[46.5699610,11.6986160],[46.5700770,11.6983740],[46.5701290,11.6982420],[46.5701930,11.6979760],[46.5701950,11.6977960],[46.5701930,11.6972370],[46.5702740,11.6968140],[46.5702960,11.6964170],[46.5701970,11.6959000],[46.5701540,11.6956260],[46.5701030,11.6952530],[46.5701150,11.6947520],[46.5701730,11.6944500],[46.5705680,11.6933760],[46.5707830,11.6929400],[46.5708600,11.6923090],[46.5708060,11.6912740],[46.5707930,11.6909360],[46.5708550,11.6906970],[46.5708940,11.6905070],[46.5709230,11.6902360],[46.5710680,11.6897590],[46.5710970,11.6894280],[46.5710890,11.6890590],[46.5711050,11.6887520],[46.5713640,11.6882370],[46.5716030,11.6878990],[46.5717580,11.6875320],[46.5720030,11.6871690],[46.5722500,11.6869030],[46.5723420,11.6867630],[46.5724650,11.6864390],[46.5726350,11.6862570],[46.5730640,11.6859180],[46.5733370,11.6859320],[46.5735360,11.6857320],[46.5738540,11.6858450],[46.5739550,11.6858420],[46.5740410,11.6857980],[46.5741310,11.6856860],[46.5742320,11.6855160],[46.5743700,11.6853890],[46.5744580,11.6853020],[46.5745250,11.6851570],[46.5745420,11.6849730],[46.5745220,11.6845720],[46.5744540,11.6837290],[46.5743650,11.6831770],[46.5743550,11.6828640],[46.5744360,11.6825700],[46.5746350,11.6821810],[46.5746750,11.6819670],[46.5745580,11.6812180],[46.5744200,11.6787120],[46.5744650,11.6782020],[46.5745730,11.6775110],[46.5750140,11.6763320],[46.5750750,11.6760710],[46.5751350,11.6756180],[46.5752620,11.6749210],[46.5752910,11.6746530],[46.5755260,11.6733290],[46.5756040,11.6727120],[46.5755810,11.6724760],[46.5753950,11.6717370]],\r\n\t\t\t\t\tgraphDist          : [0.00,0.07,0.09,0.14,0.24,0.26,0.32,0.35,0.37,0.48,0.53,0.57,0.77,0.83,0.84,0.88,0.90,0.93,0.97,1.04,1.07,1.08,1.10,1.11,1.13,1.14,1.16,1.17,1.18,1.21,1.24,1.27,1.33,1.35,1.38,1.39,1.43,1.47,1.50,1.54,1.59,1.61,1.64,1.67,1.71,1.73,1.74,1.76,1.79,1.87,1.92,1.96,2.05,2.08,2.10,2.12,2.14,2.17,2.18,2.19,2.22,2.24,2.29,2.31,2.32,2.35,2.38,2.40,2.44,2.47,2.49,2.51,2.52,2.56,2.58,2.61,2.63,2.66,2.68,2.72,2.76,2.80,2.90,2.91,2.95,2.97,2.98,3.01,3.03,3.05,3.07,3.10,3.12,3.14,3.16,3.22,3.26,3.28,3.31,3.33,3.34,3.36,3.40,3.47,3.49,3.51,3.54,3.55,3.57,3.58,3.60,3.61,3.63,3.64,3.65,3.67,3.69,3.71,3.73,3.74,3.77,3.78,3.82,3.86,3.89,3.93,3.95,3.98,4.02,4.04,4.14,4.18,4.23,4.31,4.33,4.35,4.37,4.39,4.43,4.46,4.48,4.51,4.56,4.59,4.63,4.67,4.70,4.72,4.74,4.77,4.82,4.85,4.88,4.92,4.93,4.94,4.95,4.97,4.99,5.00,5.01,5.03,5.06,5.12,5.17,5.19,5.22,5.25,5.27,5.33,5.52,5.56,5.62,5.72,5.74,5.78,5.83,5.85,5.96,6.01,6.03,6.09],\r\n\t\t\t\t\tgraphEle           : [1241.82,1241.82,1241.82,1245.62,1256.63,1258.81,1265.55,1271.25,1274.66,1291.25,1298.73,1303.39,1325.12,1331.05,1332.76,1336.50,1338.95,1341.41,1345.88,1352.56,1355.73,1357.19,1358.57,1359.79,1361.64,1363.40,1364.75,1365.79,1366.93,1370.11,1372.82,1376.71,1382.51,1385.20,1388.45,1390.15,1394.08,1398.54,1402.32,1406.37,1411.62,1414.16,1417.20,1419.95,1424.25,1426.92,1428.95,1431.55,1434.98,1445.52,1451.98,1457.10,1468.73,1471.72,1474.44,1477.73,1481.35,1486.62,1488.66,1490.91,1496.29,1500.28,1507.92,1511.94,1514.29,1519.92,1524.18,1529.07,1534.86,1540.65,1544.03,1547.30,1550.03,1554.54,1556.41,1560.97,1563.12,1565.99,1568.39,1573.73,1576.28,1578.50,1584.38,1585.38,1585.59,1585.32,1585.16,1584.79,1584.52,1584.28,1584.04,1583.68,1583.17,1581.69,1579.88,1574.26,1570.90,1568.99,1566.11,1564.12,1562.88,1561.53,1557.87,1552.08,1549.89,1548.09,1545.17,1543.48,1539.88,1538.26,1535.56,1533.40,1531.00,1528.57,1526.71,1524.71,1520.79,1518.11,1514.53,1512.67,1509.22,1507.02,1500.18,1494.80,1489.93,1483.41,1480.69,1477.00,1472.15,1469.12,1457.27,1451.79,1445.24,1434.64,1431.23,1429.02,1427.28,1424.90,1420.38,1417.49,1414.29,1411.63,1406.13,1401.97,1398.27,1393.91,1390.08,1388.42,1385.30,1382.80,1377.01,1373.77,1370.84,1366.81,1365.62,1364.56,1363.21,1361.46,1359.60,1358.39,1357.03,1355.58,1352.44,1345.81,1341.44,1339.04,1336.61,1332.89,1331.19,1325.30,1304.13,1298.70,1290.32,1274.45,1271.25,1266.70,1259.59,1256.91,1245.73,1245.73,1245.73,1245.73],\r\n\t\t\t\t\tgraphSpeed         : [],\r\n\t\t\t\t\tgraphHr            : [],\r\n\t\t\t\t\tgraphAtemp         : [],\r\n\t\t\t\t\tgraphCad           : [],\r\n\t\t\t\t\tgraphGrade         : [],\r\n\t\t\t\t\twaypoints          : [],\r\n\t\t\t\t\tunit               : \"2\",\r\n\t\t\t\t\tunitspeed          : \"0\",\r\n\t\t\t\t\tcolor1             : [\"#3366cc\"],\r\n\t\t\t\t\tcolor2             : \"#3366cc\",\r\n\t\t\t\t\tcolor3             : \"#ff0000\",\r\n\t\t\t\t\tcolor4             : \"#ff77bd\",\r\n\t\t\t\t\tcolor5             : \"#beecff\",\r\n\t\t\t\t\tcolor6             : \"#beecff\",\r\n\t\t\t\t\tcolor7             : \"#ff77bd\",\r\n\t\t\t\t\tchartFrom1         : \"\",\r\n\t\t\t\t\tchartTo1           : \"\",\r\n\t\t\t\t\tchartFrom2         : \"\",\r\n\t\t\t\t\tchartTo2           : \"\",\r\n\t\t\t\t\tstartIcon          : \"\",\r\n\t\t\t\t\tendIcon            : \"\",\r\n\t\t\t\t\tcurrentIcon        : \"\",\r\n\t\t\t\t\twaypointIcon       : \"https:\/\/lavia.cc\/gpx\/wp-content\/uploads\/gpx\/cropped-icona.ico\",\r\n\t\t\t\t\tcurrentpositioncon : \"\",\r\n\t\t\t\t\tusegpsposition     : \"\",\r\n\t\t\t\t\tzoomOnScrollWheel  : \"\",\r\n\t\t\t\t\tngGalleries        : [],\r\n\t\t\t\t\tngImages           : [],\r\n\t\t\t\t\tpluginUrl          : \"https:\/\/lavia.cc\/gpx\/wp-content\/plugins\",\r\n\t\t\t\t\tTFApiKey           : \"\",\r\n\t\t\t\t\tMapBoxApiKey           : \"\",\r\n\t\t\t\t\tlangs              : {\r\n\t\t\t\t\t\taltitude        : \"Altitudine\",\r\n\t\t\t\t\t\tcurrentPosition : \"Current position\",\r\n\t\t\t\t\t\tspeed           : \"Velocit\u00e0\",\r\n\t\t\t\t\t\tgrade           : \"Grade\",\r\n\t\t\t\t\t\theartRate       : \"Battito Cardiaco\",\r\n\t\t\t\t\t\tatemp           : \"Temperature\",\r\n\t\t\t\t\t\tcadence         : \"Cadenza\",\r\n\t\t\t\t\t\tgoFullScreen    : \"Go full screen\",\r\n\t\t\t\t\t\texitFullFcreen  : \"Exit full screen\",\r\n\t\t\t\t\t\thideImages      : \"Hide images\",\r\n\t\t\t\t\t\tshowImages      : \"Show images\",\r\n\t\t\t\t\t\tbackToCenter\t: \"Ritorna al centro della mappa\"\r\n\t\t\t\t\t}\r\n\t\t\t\t});\r\n\r\n\t\t\t});\r\n\r\n\t\t<\/script>\n<p>\ud83d\udfe2 Visita\u00a0LAVIA.CC\u00a0per altre tracce gpx e condividi le tue avventure con la nostra\u00a0community!<\/p>\n","protected":false},"excerpt":{"rendered":"<p>L&#8217;escursione invernale da Ortisei alla chiesetta di San Giacomo \u00e8 un percorso incantevole che unisce la bellezza della natura innevata alla magia di una destinazione ricca di storia e fascino. La camminata parte dal cuore dalla chiesa parrocchiale di <strong>Ortisei<\/strong>, il pittoresco centro della Val Gardena, noto per le sue tradizioni ladine e l\u2019atmosfera accogliente. Da qui si imbocca un sentiero ben segnalato che si snoda attraverso boschi di abeti e prati innevati, regalando panorami mozzafiato sulle <strong>Dolomiti<\/strong>, patrimonio dell&#8217;UNESCO. Il paesaggio, incorniciato dalle vette del Sassolungo e del Gruppo del Sella, \u00e8 un sogno per gli amanti della montagna e della tranquillit\u00e0. La chiesetta di San Giacomo \u00e8 un gioiello storico e artistico situato in una posizione panoramica spettacolare. Risalente al XIII secolo, \u00e8 la pi\u00f9 antica chiesa della Val Gardena, dedicata al patrono dei pellegrini,<strong> San Giacomo<\/strong>. Il suo stile gotico e gli affreschi interni sono testimonianze della ricca tradizione culturale della valle. Dalla terrazza davanti alla chiesa, si pu\u00f2 godere di una vista impareggiabile sulla vallata sottostante.<\/p>\n<p>\ud83d\udfe2 Scarica la TRACCIA e Segui <a href=\"https:\/\/www.instagram.com\/lavia.cc\/\" target=\"_blank\" rel=\"noopener\">LAVIA<\/a>!<\/p>\n","protected":false},"featured_media":18965,"comment_status":"open","ping_status":"closed","template":"","meta":[],"product_brand":[],"product_cat":[31],"product_tag":[1791,37],"class_list":{"0":"post-18964","1":"product","2":"type-product","3":"status-publish","4":"has-post-thumbnail","6":"product_cat-escursionismo","7":"product_tag-ortisei","8":"product_tag-r-trentinoaltoadige","10":"first","11":"instock","12":"downloadable","13":"virtual","14":"product-type-simple"},"_links":{"self":[{"href":"https:\/\/lavia.cc\/gpx\/wp-json\/wp\/v2\/product\/18964","targetHints":{"allow":["GET"]}}],"collection":[{"href":"https:\/\/lavia.cc\/gpx\/wp-json\/wp\/v2\/product"}],"about":[{"href":"https:\/\/lavia.cc\/gpx\/wp-json\/wp\/v2\/types\/product"}],"replies":[{"embeddable":true,"href":"https:\/\/lavia.cc\/gpx\/wp-json\/wp\/v2\/comments?post=18964"}],"version-history":[{"count":1,"href":"https:\/\/lavia.cc\/gpx\/wp-json\/wp\/v2\/product\/18964\/revisions"}],"predecessor-version":[{"id":18966,"href":"https:\/\/lavia.cc\/gpx\/wp-json\/wp\/v2\/product\/18964\/revisions\/18966"}],"wp:featuredmedia":[{"embeddable":true,"href":"https:\/\/lavia.cc\/gpx\/wp-json\/wp\/v2\/media\/18965"}],"wp:attachment":[{"href":"https:\/\/lavia.cc\/gpx\/wp-json\/wp\/v2\/media?parent=18964"}],"wp:term":[{"taxonomy":"product_brand","embeddable":true,"href":"https:\/\/lavia.cc\/gpx\/wp-json\/wp\/v2\/product_brand?post=18964"},{"taxonomy":"product_cat","embeddable":true,"href":"https:\/\/lavia.cc\/gpx\/wp-json\/wp\/v2\/product_cat?post=18964"},{"taxonomy":"product_tag","embeddable":true,"href":"https:\/\/lavia.cc\/gpx\/wp-json\/wp\/v2\/product_tag?post=18964"}],"curies":[{"name":"wp","href":"https:\/\/api.w.org\/{rel}","templated":true}]}}