{"id":19130,"date":"2025-01-08T14:42:51","date_gmt":"2025-01-08T13:42:51","guid":{"rendered":"https:\/\/lavia.cc\/gpx\/?post_type=product&#038;p=19130"},"modified":"2025-01-08T14:46:11","modified_gmt":"2025-01-08T13:46:11","slug":"il-monte-pisanino","status":"publish","type":"product","link":"https:\/\/lavia.cc\/gpx\/tracce\/il-monte-pisanino\/","title":{"rendered":"Il Monte Pisanino"},"content":{"rendered":"<h4>Il Monte Pisanino<\/h4>\n<p>\u27a1\ufe0f Clicca qui per andare al punto di partenza: <a href=\"https:\/\/www.google.it\/maps\/place\/Parcheggio+Val+Serenaia\/@44.1335982,10.1965406,578m\/data=!3m1!1e3!4m14!1m7!3m6!1s0x12d5137fb4b1c4f5:0x3a4abd106f98c3fd!2sRifugio+Val+Serenaia!8m2!3d44.1340949!4d10.1975813!16s%2Fg%2F11fjz9zc24!3m5!1s0x12d5134565100811:0xa9e60f3289647733!8m2!3d44.1325471!4d10.1989784!16s%2Fg%2F11g1_vpxsc?entry=ttu&amp;g_ep=EgoyMDI1MDEwMi4wIKXMDSoASAFQAw%3D%3D\" target=\"_blank\" rel=\"noopener\">GOOGLE MAPS<\/a> (Parcheggio Rifugio Val Serenaia).<\/p>\n<p>\u2139\ufe0f Il maestoso <strong>Monte Pisanino<\/strong> si erge come il sovrano incontrastato delle Alpi Apuane, dominando il paesaggio con i suoi imponenti 1946 metri, che ne fanno la vetta pi\u00f9 alta della catena. La sua figura \u00e8 quella di una colossale piramide dalla sommit\u00e0 tronca, un profilo inconfondibile che cattura lo sguardo e l&#8217;immaginazione.<\/p>\n<p>\u26fa\ufe0f\ud83c\udf74Il<a href=\"https:\/\/www.turismo.garfagnana.eu\/pianifica-il-tuo-viaggio\/dove-dormire\/rifugio-val-serenaia-2\/\" target=\"_blank\" rel=\"noopener\"> Rifugio Val Serenaia<\/a> \u00e8 situato all&#8217;inizio della vallata omonima a 1100 mt. s.l.m. Offre 20 posti letto ed un campeggio nelle immediate vicinanze, immerso nel verde e al fresco dei faggi.<\/p>\n<p>\u26a0\ufe0fIl percorso si sviluppa su sentiero marcato inizialmente con segnali bianco rossi (segnavia 178) poi tracce blu fino alla vetta, lungo l\u2019ascesa sono presenti facili salti di roccia a tratti ripidi ed esposti che uniti al dislivello rendono il percorso adatto solo a persone con esperienza e confidenza con ambienti di alta montagna. La percorribilit\u00e0 dell\u2019itinerario proposto, come tutta la morfologia del territorio, \u00e8 soggetta a cambiamenti ambientali dovuti a eventi naturali e alle condizioni meteo. Quindi, prima di partire, consultate gli uffici turistici competenti e\/o le strutture di riferimento di riferimento.<\/p>\n<h4>\ud83d\uddfa\ufe0f Mappa e altimetria dell&#8217;<a href=\"https:\/\/lavia.cc\/gpx\/categoria-tracce\/escursionismo\/\">escursione<\/a> &#8220;Il Monte Pisanino&#8221;:<\/h4>\n\r\n\t\t<div id=\"wpgpxmaps_19130_1317990\" class=\"wpgpxmaps\">\r\n\t\t\t<div id=\"map_19130_1317990_cont\" style=\"width:100%; height:450px;position:relative\" >\r\n\t\t\t\t<div id=\"map_19130_1317990\" style=\"width:100%; height:450px\"><\/div>\r\n\t\t\t\t<div id=\"wpgpxmaps_19130_1317990_osm_footer\" class=\"wpgpxmaps_osm_footer\" style=\"display:none;\"><span> &copy; <a href=\"http:\/\/www.openstreetmap.org\/copyright\" target=\"_blank\" rel=\"noopener\">OpenStreetMap<\/a> contributors<\/span><\/div>\r\n\t\t\t<\/div>\r\n\t\t\t<canvas id=\"myChart_19130_1317990\" class=\"plot\" style=\"width:100%; height:200px\"><\/canvas>\r\n\t\t\t<div id=\"ngimages_19130_1317990\" class=\"ngimages\" style=\"display:none\"><\/div>\r\n\t\t\t<div id=\"report_19130_1317990\" class=\"report\"><\/div>\r\n\t\t<\/div>\r\n\t\t\r\n\t\t<script type=\"text\/javascript\">\r\n\r\n\t\t\tjQuery(document).ready(function() {\r\n\r\n\t\t\t\tjQuery( \"#wpgpxmaps_19130_1317990\" ).wpgpxmaps( {\r\n\t\t\t\t\ttargetId           : \"19130_1317990\",\r\n\t\t\t\t\tmapType            : \"HYBRID\",\r\n\t\t\t\t\tmapData            : [[44.1333620,10.1983380],[44.1329440,10.1987710],[44.1328250,10.1988140],[44.1327190,10.1987500],[44.1325450,10.1990000],[44.1324740,10.1991080],[44.1323680,10.1996500],[44.1323010,10.1997770],[44.1321730,10.1998900],[44.1320850,10.1999550],[44.1319350,10.2000100],[44.1316420,10.2002300],[44.1315320,10.2002600],[44.1313600,10.2002310],[44.1311910,10.2002440],[44.1310590,10.2005150],[44.1309440,10.2006040],[44.1306050,10.2007920],[44.1304160,10.2008160],[44.1302670,10.2008790],[44.1300920,10.2011810],[44.1300650,10.2013150],[44.1300530,10.2015760],[44.1299850,10.2017950],[44.1298190,10.2020640],[44.1297430,10.2021350],[44.1295960,10.2021530],[44.1294940,10.2022380],[44.1293930,10.2022700],[44.1292550,10.2022650],[44.1291480,10.2023350],[44.1289400,10.2023370],[44.1288540,10.2024240],[44.1287090,10.2025620],[44.1286310,10.2027380],[44.1285320,10.2027350],[44.1281810,10.2028490],[44.1280690,10.2028590],[44.1278560,10.2029740],[44.1275330,10.2033300],[44.1274410,10.2033750],[44.1273250,10.2032790],[44.1272990,10.2031010],[44.1273030,10.2029480],[44.1274300,10.2024280],[44.1275070,10.2022870],[44.1276380,10.2021990],[44.1275350,10.2021730],[44.1273780,10.2019460],[44.1273070,10.2017230],[44.1271400,10.2015820],[44.1269390,10.2015200],[44.1267880,10.2016260],[44.1266300,10.2017900],[44.1263700,10.2018870],[44.1261930,10.2020740],[44.1262140,10.2022400],[44.1263490,10.2023110],[44.1263750,10.2024500],[44.1263220,10.2025510],[44.1259170,10.2025720],[44.1258060,10.2024790],[44.1257090,10.2024080],[44.1258060,10.2024790],[44.1258350,10.2027020],[44.1258280,10.2028510],[44.1259140,10.2030250],[44.1257890,10.2030950],[44.1257100,10.2031550],[44.1254270,10.2035590],[44.1252640,10.2036740],[44.1251680,10.2037420],[44.1250170,10.2039760],[44.1249570,10.2042870],[44.1247870,10.2046750],[44.1246980,10.2049950],[44.1246230,10.2051040],[44.1247330,10.2053520],[44.1245990,10.2058070],[44.1243620,10.2061240],[44.1243100,10.2063930],[44.1241110,10.2068180],[44.1240670,10.2072010],[44.1240890,10.2073650],[44.1241340,10.2074710],[44.1242240,10.2078590],[44.1242020,10.2080510],[44.1239810,10.2081710],[44.1238950,10.2083020],[44.1239740,10.2085120],[44.1239840,10.2088370],[44.1239040,10.2089760],[44.1238930,10.2092140],[44.1239410,10.2093180],[44.1238710,10.2096110],[44.1239770,10.2101040],[44.1239840,10.2103330],[44.1240790,10.2107410],[44.1241220,10.2108990],[44.1242100,10.2109590],[44.1242000,10.2111850],[44.1241190,10.2114630],[44.1240760,10.2119290],[44.1239230,10.2122310],[44.1236980,10.2123920],[44.1236020,10.2126300],[44.1234650,10.2127020],[44.1233290,10.2127730],[44.1230050,10.2127600],[44.1228790,10.2128780],[44.1226960,10.2128500],[44.1225870,10.2130770],[44.1224740,10.2131880],[44.1223740,10.2132180],[44.1222210,10.2131320],[44.1221900,10.2134420],[44.1221190,10.2136170],[44.1220940,10.2138420],[44.1221600,10.2140660],[44.1221840,10.2143830],[44.1222430,10.2146830],[44.1222460,10.2148510],[44.1221240,10.2152640],[44.1220100,10.2154800],[44.1219090,10.2159160],[44.1218310,10.2160590],[44.1217770,10.2162330],[44.1217580,10.2165590],[44.1218230,10.2167030],[44.1219390,10.2165230],[44.1221010,10.2166210],[44.1223900,10.2166500],[44.1226790,10.2169120],[44.1228760,10.2169670],[44.1229840,10.2169450],[44.1231300,10.2168640],[44.1233600,10.2168310],[44.1235520,10.2166400],[44.1238360,10.2164500],[44.1239350,10.2164310],[44.1241360,10.2164980],[44.1244580,10.2164560],[44.1246540,10.2162250],[44.1248230,10.2160460],[44.1249770,10.2159940],[44.1252270,10.2160490],[44.1253490,10.2161180],[44.1256460,10.2164130],[44.1258070,10.2164100],[44.1260040,10.2165170],[44.1261860,10.2163980],[44.1265590,10.2167410],[44.1267670,10.2168550],[44.1269640,10.2171110],[44.1274430,10.2172710],[44.1275830,10.2172570],[44.1280030,10.2170060],[44.1281650,10.2169990],[44.1284060,10.2168520],[44.1285300,10.2168380],[44.1287320,10.2166560],[44.1289870,10.2165340],[44.1291830,10.2163670],[44.1293400,10.2163070],[44.1296380,10.2159640],[44.1300800,10.2158480],[44.1302250,10.2157660],[44.1303660,10.2156260],[44.1306570,10.2156650],[44.1308130,10.2156110],[44.1307250,10.2156610],[44.1304370,10.2155920],[44.1302250,10.2157660],[44.1300800,10.2158480],[44.1296380,10.2159640],[44.1293400,10.2163070],[44.1291830,10.2163670],[44.1289870,10.2165340],[44.1287320,10.2166560],[44.1286090,10.2167950],[44.1284060,10.2168520],[44.1281650,10.2169990],[44.1280030,10.2170060],[44.1275830,10.2172570],[44.1274430,10.2172710],[44.1269640,10.2171110],[44.1267670,10.2168550],[44.1265590,10.2167410],[44.1262410,10.2163850],[44.1260740,10.2165060],[44.1258600,10.2164180],[44.1257270,10.2164530],[44.1253490,10.2161180],[44.1252270,10.2160490],[44.1249770,10.2159940],[44.1248230,10.2160460],[44.1246540,10.2162250],[44.1245290,10.2164200],[44.1241360,10.2164980],[44.1239350,10.2164310],[44.1238360,10.2164500],[44.1235520,10.2166400],[44.1233600,10.2168310],[44.1231300,10.2168640],[44.1229840,10.2169450],[44.1228760,10.2169670],[44.1227460,10.2169590],[44.1224600,10.2166900],[44.1221120,10.2166220],[44.1219390,10.2165230],[44.1218230,10.2167030],[44.1217580,10.2165590],[44.1217770,10.2162330],[44.1218310,10.2160590],[44.1219090,10.2159160],[44.1220100,10.2154800],[44.1221240,10.2152640],[44.1222460,10.2148510],[44.1222430,10.2146830],[44.1221840,10.2143830],[44.1221600,10.2140660],[44.1220940,10.2138420],[44.1221190,10.2136170],[44.1221900,10.2134420],[44.1221820,10.2132400],[44.1223060,10.2132070],[44.1224740,10.2131880],[44.1225870,10.2130770],[44.1226440,10.2129160],[44.1227960,10.2128980],[44.1230050,10.2127600],[44.1233290,10.2127730],[44.1234650,10.2127020],[44.1236020,10.2126300],[44.1236980,10.2123920],[44.1239230,10.2122310],[44.1240760,10.2119290],[44.1241190,10.2114630],[44.1241650,10.2112330],[44.1242270,10.2110720],[44.1241220,10.2108990],[44.1240790,10.2107410],[44.1239840,10.2103330],[44.1240180,10.2102090],[44.1239770,10.2101040],[44.1238710,10.2096110],[44.1239410,10.2093180],[44.1238930,10.2092140],[44.1239040,10.2089760],[44.1239840,10.2088370],[44.1239900,10.2085880],[44.1239000,10.2083750],[44.1239270,10.2082250],[44.1241450,10.2081040],[44.1242210,10.2079730],[44.1241340,10.2074710],[44.1240890,10.2073650],[44.1240670,10.2072010],[44.1241110,10.2068180],[44.1243100,10.2063930],[44.1243620,10.2061240],[44.1245990,10.2058070],[44.1247300,10.2054570],[44.1246740,10.2051530],[44.1246980,10.2049950],[44.1247870,10.2046750],[44.1249570,10.2042870],[44.1250170,10.2039760],[44.1251680,10.2037420],[44.1252640,10.2036740],[44.1254270,10.2035590],[44.1257100,10.2031550],[44.1257890,10.2030950],[44.1258850,10.2030810],[44.1258280,10.2028510],[44.1258350,10.2027020],[44.1258060,10.2024790],[44.1259170,10.2025720],[44.1263220,10.2025510],[44.1263750,10.2024500],[44.1263490,10.2023110],[44.1262140,10.2022400],[44.1261930,10.2020740],[44.1263700,10.2018870],[44.1266300,10.2017900],[44.1267880,10.2016260],[44.1269390,10.2015200],[44.1271400,10.2015820],[44.1273070,10.2017230],[44.1273780,10.2019460],[44.1274850,10.2021230],[44.1276670,10.2021100],[44.1275070,10.2022870],[44.1274300,10.2024280],[44.1273030,10.2029480],[44.1272990,10.2031010],[44.1273250,10.2032790],[44.1274410,10.2033750],[44.1275330,10.2033300],[44.1278560,10.2029740],[44.1280690,10.2028590],[44.1281810,10.2028490],[44.1285320,10.2027350],[44.1286310,10.2027380],[44.1287090,10.2025620],[44.1288540,10.2024240],[44.1289400,10.2023370],[44.1291480,10.2023350],[44.1292550,10.2022650],[44.1293930,10.2022700],[44.1294940,10.2022380],[44.1295960,10.2021530],[44.1297430,10.2021350],[44.1298190,10.2020640],[44.1299850,10.2017950],[44.1300530,10.2015760],[44.1300650,10.2013150],[44.1300920,10.2011810],[44.1302670,10.2008790],[44.1304160,10.2008160],[44.1306050,10.2007920],[44.1309440,10.2006040],[44.1310590,10.2005150],[44.1311430,10.2003070],[44.1313600,10.2002310],[44.1315320,10.2002600],[44.1316420,10.2002300],[44.1319350,10.2000100],[44.1320850,10.1999550],[44.1321730,10.1998900],[44.1323010,10.1997770],[44.1323680,10.1996500],[44.1324360,10.1992210],[44.1325450,10.1990000],[44.1327190,10.1987500],[44.1328250,10.1988140],[44.1329440,10.1987710],[44.1333620,10.1983380],[44.1336900,10.1979990]],\r\n\t\t\t\t\tgraphDist          : [0.00,0.06,0.07,0.08,0.11,0.12,0.17,0.18,0.20,0.21,0.23,0.26,0.28,0.30,0.31,0.34,0.36,0.40,0.42,0.43,0.47,0.48,0.50,0.52,0.55,0.56,0.57,0.59,0.60,0.62,0.63,0.65,0.67,0.69,0.70,0.71,0.76,0.77,0.80,0.84,0.85,0.87,0.89,0.90,0.94,0.96,0.98,1.00,1.03,1.05,1.07,1.09,1.11,1.13,1.16,1.19,1.20,1.22,1.23,1.24,1.29,1.30,1.32,1.33,1.35,1.36,1.38,1.39,1.40,1.45,1.47,1.48,1.51,1.53,1.57,1.60,1.61,1.64,1.68,1.72,1.74,1.78,1.81,1.83,1.84,1.87,1.89,1.92,1.93,1.95,1.98,1.99,2.01,2.02,2.05,2.09,2.11,2.15,2.16,2.17,2.19,2.22,2.26,2.29,2.32,2.34,2.36,2.38,2.41,2.43,2.45,2.48,2.49,2.50,2.52,2.55,2.57,2.58,2.60,2.63,2.65,2.67,2.70,2.72,2.76,2.78,2.79,2.82,2.83,2.85,2.87,2.91,2.95,2.97,2.98,3.00,3.03,3.05,3.09,3.10,3.12,3.16,3.19,3.21,3.23,3.26,3.27,3.32,3.34,3.36,3.38,3.44,3.46,3.49,3.55,3.57,3.62,3.64,3.67,3.68,3.71,3.74,3.77,3.78,3.83,3.88,3.89,3.91,3.95,3.97,3.98,4.01,4.04,4.05,4.10,4.15,4.17,4.19,4.22,4.24,4.26,4.29,4.31,4.36,4.38,4.44,4.47,4.49,4.54,4.56,4.59,4.61,4.66,4.67,4.70,4.72,4.74,4.76,4.81,4.83,4.84,4.88,4.91,4.93,4.95,4.96,4.98,5.01,5.06,5.08,5.10,5.11,5.14,5.16,5.17,5.21,5.23,5.27,5.28,5.30,5.33,5.35,5.37,5.38,5.40,5.42,5.44,5.46,5.47,5.49,5.52,5.56,5.57,5.59,5.61,5.64,5.67,5.71,5.73,5.75,5.77,5.78,5.82,5.83,5.84,5.88,5.91,5.92,5.94,5.95,5.97,6.00,6.01,6.04,6.05,6.09,6.10,6.12,6.15,6.19,6.22,6.25,6.29,6.31,6.33,6.36,6.40,6.42,6.45,6.46,6.48,6.53,6.54,6.55,6.57,6.59,6.60,6.62,6.66,6.68,6.69,6.70,6.72,6.74,6.78,6.80,6.82,6.84,6.86,6.88,6.90,6.92,6.95,6.96,7.01,7.02,7.04,7.05,7.06,7.11,7.14,7.15,7.19,7.21,7.22,7.24,7.26,7.28,7.29,7.31,7.32,7.33,7.35,7.36,7.39,7.41,7.43,7.44,7.47,7.49,7.51,7.55,7.57,7.59,7.61,7.63,7.64,7.68,7.70,7.71,7.73,7.74,7.77,7.80,7.82,7.84,7.85,7.91,7.95],\r\n\t\t\t\t\tgraphEle           : [1073.12,1073.12,1073.12,1073.12,1073.54,1073.94,1075.49,1075.92,1076.50,1076.88,1077.47,1078.74,1079.17,1079.83,1081.41,1084.03,1085.49,1089.53,1091.63,1093.36,1096.44,1097.55,1099.63,1104.18,1111.64,1114.32,1118.64,1122.12,1125.16,1129.20,1132.66,1138.75,1141.87,1147.01,1151.36,1154.43,1166.03,1169.64,1177.00,1190.26,1193.40,1198.01,1202.21,1205.75,1217.00,1220.35,1224.18,1229.70,1235.70,1240.32,1245.46,1250.88,1255.34,1260.12,1266.13,1271.09,1274.11,1277.33,1279.68,1281.69,1290.74,1293.63,1296.07,1298.52,1302.18,1304.60,1308.01,1311.30,1313.32,1322.44,1326.55,1328.98,1334.06,1339.50,1349.17,1356.48,1359.69,1366.11,1376.75,1386.49,1392.47,1404.26,1413.28,1417.15,1420.01,1429.49,1434.05,1441.80,1446.02,1451.71,1459.36,1463.51,1469.06,1471.94,1479.13,1491.11,1496.99,1506.98,1511.23,1514.82,1520.99,1529.06,1541.41,1551.12,1560.39,1567.56,1572.92,1577.32,1586.44,1590.71,1596.05,1601.66,1605.55,1608.42,1613.18,1619.71,1623.77,1623.42,1621.40,1618.75,1616.16,1614.76,1611.05,1608.82,1605.00,1602.58,1598.10,1590.37,1586.04,1580.32,1574.50,1564.96,1553.55,1546.79,1544.58,1543.95,1543.02,1542.08,1540.82,1540.41,1539.59,1538.29,1539.65,1545.07,1549.21,1555.67,1559.03,1568.34,1572.72,1578.18,1583.46,1598.47,1605.70,1614.42,1630.37,1634.91,1646.53,1649.69,1654.83,1657.26,1662.01,1667.27,1671.76,1674.94,1678.34,1680.71,1681.53,1682.44,1684.02,1684.88,1685.38,1685.11,1682.80,1681.34,1677.15,1673.56,1672.04,1669.90,1663.92,1660.04,1654.92,1648.48,1644.51,1633.33,1629.89,1615.31,1606.54,1599.27,1585.99,1579.75,1572.23,1567.70,1558.75,1556.22,1551.36,1548.25,1544.17,1540.57,1532.91,1535.19,1536.70,1541.48,1545.05,1548.56,1550.94,1552.60,1554.57,1559.94,1571.57,1577.73,1583.42,1587.74,1595.44,1599.90,1604.13,1614.92,1618.54,1617.84,1617.57,1617.09,1616.59,1616.21,1615.85,1615.54,1615.22,1614.81,1609.53,1604.90,1600.59,1594.70,1586.80,1575.95,1571.09,1566.19,1559.63,1550.97,1541.57,1529.63,1523.57,1518.80,1512.40,1508.11,1497.21,1493.83,1490.81,1478.80,1471.60,1468.72,1463.16,1459.00,1453.19,1447.35,1443.56,1435.85,1431.73,1419.92,1417.13,1413.35,1404.57,1393.08,1386.78,1376.42,1368.27,1361.71,1356.85,1349.83,1340.52,1333.92,1327.48,1324.42,1320.34,1311.28,1309.27,1307.11,1302.61,1300.22,1296.58,1293.69,1284.63,1282.38,1279.67,1275.96,1272.49,1266.79,1259.87,1254.81,1250.47,1245.18,1240.16,1235.51,1230.96,1225.46,1219.56,1216.08,1205.29,1202.28,1198.71,1194.78,1192.12,1178.74,1170.84,1166.96,1154.49,1151.07,1145.93,1139.86,1136.18,1128.99,1125.57,1122.67,1120.49,1118.00,1114.90,1112.97,1107.62,1104.03,1100.08,1097.98,1092.13,1088.86,1087.51,1084.97,1084.05,1082.85,1081.21,1080.00,1079.22,1076.90,1076.28,1076.28,1076.28,1076.28,1076.28,1076.28,1076.28,1076.28,1076.28,1076.28,1076.28],\r\n\t\t\t\t\tgraphSpeed         : [],\r\n\t\t\t\t\tgraphHr            : [],\r\n\t\t\t\t\tgraphAtemp         : [],\r\n\t\t\t\t\tgraphCad           : [],\r\n\t\t\t\t\tgraphGrade         : [],\r\n\t\t\t\t\twaypoints          : [],\r\n\t\t\t\t\tunit               : \"2\",\r\n\t\t\t\t\tunitspeed          : \"0\",\r\n\t\t\t\t\tcolor1             : [\"#3366cc\"],\r\n\t\t\t\t\tcolor2             : \"#3366cc\",\r\n\t\t\t\t\tcolor3             : \"#ff0000\",\r\n\t\t\t\t\tcolor4             : \"#ff77bd\",\r\n\t\t\t\t\tcolor5             : \"#beecff\",\r\n\t\t\t\t\tcolor6             : \"#beecff\",\r\n\t\t\t\t\tcolor7             : \"#ff77bd\",\r\n\t\t\t\t\tchartFrom1         : \"\",\r\n\t\t\t\t\tchartTo1           : \"\",\r\n\t\t\t\t\tchartFrom2         : \"\",\r\n\t\t\t\t\tchartTo2           : \"\",\r\n\t\t\t\t\tstartIcon          : \"\",\r\n\t\t\t\t\tendIcon            : \"\",\r\n\t\t\t\t\tcurrentIcon        : \"\",\r\n\t\t\t\t\twaypointIcon       : \"https:\/\/lavia.cc\/gpx\/wp-content\/uploads\/gpx\/cropped-icona.ico\",\r\n\t\t\t\t\tcurrentpositioncon : \"\",\r\n\t\t\t\t\tusegpsposition     : \"\",\r\n\t\t\t\t\tzoomOnScrollWheel  : \"\",\r\n\t\t\t\t\tngGalleries        : [],\r\n\t\t\t\t\tngImages           : [],\r\n\t\t\t\t\tpluginUrl          : \"https:\/\/lavia.cc\/gpx\/wp-content\/plugins\",\r\n\t\t\t\t\tTFApiKey           : \"\",\r\n\t\t\t\t\tMapBoxApiKey           : \"\",\r\n\t\t\t\t\tlangs              : {\r\n\t\t\t\t\t\taltitude        : \"Altitudine\",\r\n\t\t\t\t\t\tcurrentPosition : \"Current position\",\r\n\t\t\t\t\t\tspeed           : \"Velocit\u00e0\",\r\n\t\t\t\t\t\tgrade           : \"Grade\",\r\n\t\t\t\t\t\theartRate       : \"Battito Cardiaco\",\r\n\t\t\t\t\t\tatemp           : \"Temperature\",\r\n\t\t\t\t\t\tcadence         : \"Cadenza\",\r\n\t\t\t\t\t\tgoFullScreen    : \"Go full screen\",\r\n\t\t\t\t\t\texitFullFcreen  : \"Exit full screen\",\r\n\t\t\t\t\t\thideImages      : \"Hide images\",\r\n\t\t\t\t\t\tshowImages      : \"Show images\",\r\n\t\t\t\t\t\tbackToCenter\t: \"Ritorna al centro della mappa\"\r\n\t\t\t\t\t}\r\n\t\t\t\t});\r\n\r\n\t\t\t});\r\n\r\n\t\t<\/script>\n<p>\ud83d\udfe2 Visita\u00a0LAVIA.CC\u00a0per altre tracce gpx e condividi le tue avventure con la nostra\u00a0community!<\/p>\n","protected":false},"excerpt":{"rendered":"<p>Il maestoso <strong>Monte Pisanino<\/strong> si erge come il sovrano incontrastato delle <strong>Alpi Apuane<\/strong>, dominando il paesaggio con i suoi imponenti 1946 metri, che ne fanno la vetta pi\u00f9 alta della catena. La sua figura \u00e8 quella di una colossale piramide dalla sommit\u00e0 tronca, un profilo inconfondibile che cattura lo sguardo e l&#8217;immaginazione. Dalla Lunigiana e dalla Garfagnana, il Pisanino si presenta in tutta la sua grandezza imponente, una sentinella montana che si staglia prepotente contro il cielo. Tuttavia, dal versante che guarda al mare, la sua imponenza si cela, sminuita dalle cime circostanti che sembrano volerlo nascondere. Ma \u00e8 dalla <strong>Garfagnana<\/strong> che il Pisanino rivela il suo lato pi\u00f9 affascinante: i suoi versanti nord-orientali, dove la neve spesso indugia caparbiamente fino all\u2019estate, regalano uno spettacolo di rara bellezza. Situato all\u2019estremo nord della catena montuosa, il Monte Pisanino condivide il suo regno con il Pizzo d\u2019Uccello, e insieme dominano il paesaggio come giganti solitari. La loro posizione, leggermente isolata al termine di una cresta che si diparte dalla Foce del Cardeto, accentua il senso di distacco e magnificenza. Il Pisanino si erge interamente nel comune di Minucciano, in provincia di Lucca, mentre le altre grandi vette della zona \u2013 Pizzo d\u2019Uccello, Grondilice, Contrario, Cavallo, Tambura, Sella e Macina \u2013 si dividono il confine tra le province di <strong>Massa-Carrara<\/strong> e <strong>Lucca<\/strong>. Circondato da valli profonde e vertiginose, il Monte Pisanino offre di s\u00e9 un\u2019immagine che lascia senza fiato, tanto da rendere ogni fatica per raggiungere la sua vetta pienamente giustificata. I sentieri che conducono alla cima sono sempre ardui, ripidi e impegnativi, riservati esclusivamente agli escursionisti pi\u00f9 esperti e determinati. La via normale, considerata il percorso classico, si snoda inizialmente attraverso un sottobosco ombreggiato per poi proseguire lungo un comodo sentiero che conduce alla Foce del Cardeto. Da qui, l\u2019itinerario diventa una vera e propria avventura: si attraversa il versante orientale del Pizzo Altare, seguendone la cresta in un continuo saliscendi tra rocce e passaggi esposti, fino a raggiungere la dorsale del <strong>Pizzo Maggiore<\/strong> e, infine, la maestosa vetta del Pisanino. Dalla <strong>vetta<\/strong> d<strong>el Monte Pisanino<\/strong>, il premio per chi affronta questa sfida si rivela in tutto il suo splendore: un panorama mozzafiato a 360 gradi, che spazia dalle Alpi Apuane all\u2019Appennino Tosco-Emiliano, un inno visivo alla grandiosit\u00e0 della natura.\u00a0Dal Rifugio Serenaia\u00a0 si segue il sentiero CAI 178 segnato con tracce bianco-rosse. Ci si immerge in un bosco di faggi secolari abbastanza fitto , seguendo il sentiero CAI 178\u00a0 si prosegue sottobosco che mano mano diventa pi\u00f9 rado permettendo di scorgere ed ammirare il Pizzo d&#8217;Uccello posto al lato opposto della valle rispetto il rifugio di partenza mentre di fronte \u00e8 si lasciano ammirare i pi\u00f9 vicini ed aspri versanti occidentali di Cardeto, Pizzo Altare, Pizzo Maggiore e Pisanino. Usciti dal bosco e seguendo il sentiero si raggiunge brevemente la <strong>Foce di Cardeto<\/strong> (1.670mt ca.) , stretta insenatura posta tra il Pizzo Altare a nord e la prima gobba del Monte Cavallo a sud. Si attraversa il passo per scendere ad est nella Valle dell&#8217;Acqua Bianca perdendo circa 200 metri di quota dove sulla sinistra (a nord) parte il sentiero che conduce al Pisanino\u00a0 contrassegnato con segni blu. Il sentiero attraversa il versante orientale del Pizzo Altare a mezzacosta per sentiero ora pi\u00f9 ripido e sconnesso , superato il fosso di Rio Rondegno si risale per sentiero molto stretto ed esposto fino a recuperare \u00a0la dorsale nei pressi di Pizzo Maggiore (1.794mt) che si aggira anch&#8217;esso sul versante orientale. Superato Pizzo Maggiore si prosegue verso nord fino a raggiungere foce Altare\u00a0 dove la pendenza aumenta entrando nel canale delle Rose completamente ricoperto di paleo e rocce instabili . Usciti dal canale si arriva sulla cresta con <strong>panorama<\/strong> ormai aperto e magnifico . Si percorrono gli ultimi 100mt del filo di cresta fino a raggiungere la vetta del Monte Pisanino (1.947mt). Per la discesa si segue a ritroso il sentiero di andata.<\/p>\n<p>Bellissime fotografie di <a href=\"https:\/\/www.instagram.com\/p\/C-4f0mOIQ5h\/?img_index=1\">@_io_cammino_<\/a><\/p>\n<p>\ud83d\udfe2 Scarica la TRACCIA e Segui <a href=\"https:\/\/www.instagram.com\/lavia.cc\/\" target=\"_blank\" rel=\"noopener\">LAVIA<\/a>!<\/p>\n","protected":false},"featured_media":19132,"comment_status":"open","ping_status":"closed","template":"","meta":[],"product_brand":[],"product_cat":[31],"product_tag":[351,126],"class_list":{"0":"post-19130","1":"product","2":"type-product","3":"status-publish","4":"has-post-thumbnail","6":"product_cat-escursionismo","7":"product_tag-lucca","8":"product_tag-toscana","10":"first","11":"instock","12":"downloadable","13":"virtual","14":"product-type-simple"},"_links":{"self":[{"href":"https:\/\/lavia.cc\/gpx\/wp-json\/wp\/v2\/product\/19130","targetHints":{"allow":["GET"]}}],"collection":[{"href":"https:\/\/lavia.cc\/gpx\/wp-json\/wp\/v2\/product"}],"about":[{"href":"https:\/\/lavia.cc\/gpx\/wp-json\/wp\/v2\/types\/product"}],"replies":[{"embeddable":true,"href":"https:\/\/lavia.cc\/gpx\/wp-json\/wp\/v2\/comments?post=19130"}],"version-history":[{"count":3,"href":"https:\/\/lavia.cc\/gpx\/wp-json\/wp\/v2\/product\/19130\/revisions"}],"predecessor-version":[{"id":19136,"href":"https:\/\/lavia.cc\/gpx\/wp-json\/wp\/v2\/product\/19130\/revisions\/19136"}],"wp:featuredmedia":[{"embeddable":true,"href":"https:\/\/lavia.cc\/gpx\/wp-json\/wp\/v2\/media\/19132"}],"wp:attachment":[{"href":"https:\/\/lavia.cc\/gpx\/wp-json\/wp\/v2\/media?parent=19130"}],"wp:term":[{"taxonomy":"product_brand","embeddable":true,"href":"https:\/\/lavia.cc\/gpx\/wp-json\/wp\/v2\/product_brand?post=19130"},{"taxonomy":"product_cat","embeddable":true,"href":"https:\/\/lavia.cc\/gpx\/wp-json\/wp\/v2\/product_cat?post=19130"},{"taxonomy":"product_tag","embeddable":true,"href":"https:\/\/lavia.cc\/gpx\/wp-json\/wp\/v2\/product_tag?post=19130"}],"curies":[{"name":"wp","href":"https:\/\/api.w.org\/{rel}","templated":true}]}}