{"id":19245,"date":"2025-01-12T11:29:18","date_gmt":"2025-01-12T10:29:18","guid":{"rendered":"https:\/\/lavia.cc\/gpx\/?post_type=product&#038;p=19245"},"modified":"2025-01-12T11:30:47","modified_gmt":"2025-01-12T10:30:47","slug":"itinerario-a2-le-torri-parco-della-maremma","status":"publish","type":"product","link":"https:\/\/lavia.cc\/gpx\/tracce\/itinerario-a2-le-torri-parco-della-maremma\/","title":{"rendered":"Itinerario A2 &#8211; Le Torri Parco della Maremma"},"content":{"rendered":"<h5>Itinerario A2 &#8211; Le Torri Parco della Maremma<\/h5>\n<p>\u27a1\ufe0f Clicca qui per raggiungere il punto di partenza: <a href=\"https:\/\/www.google.com\/maps\/place\/Alberese+Pinottolaio\/@42.6632711,11.0437323,16z\/data=!4m6!3m5!1s0x1329b4ebdc9c0ed9:0x21bb42eec358bb56!8m2!3d42.6633639!4d11.0434861!16s%2Fg%2F11dz4krpqx?authuser=0&amp;entry=ttu&amp;g_ep=EgoyMDI1MDEwOC4wIKXMDSoASAFQAw%3D%3D\" target=\"_blank\" rel=\"noopener\">GOOGLE MAPS<\/a> (Parcheggio in localit\u00e0 Pinottolai).<\/p>\n<p>\ud83d\udd5c Periodo consigliato: tutto l&#8217;anno.<\/p>\n<p>\ud83d\uddfa\ufe0f Mappa e altimetria dell&#8217;<strong>itinerario A2 del Parco della Maremma<\/strong>:<\/p>\n\r\n\t\t<div id=\"wpgpxmaps_19245_3519484\" class=\"wpgpxmaps\">\r\n\t\t\t<div id=\"map_19245_3519484_cont\" style=\"width:100%; height:450px;position:relative\" >\r\n\t\t\t\t<div id=\"map_19245_3519484\" style=\"width:100%; height:450px\"><\/div>\r\n\t\t\t\t<div id=\"wpgpxmaps_19245_3519484_osm_footer\" class=\"wpgpxmaps_osm_footer\" style=\"display:none;\"><span> &copy; <a href=\"http:\/\/www.openstreetmap.org\/copyright\" target=\"_blank\" rel=\"noopener\">OpenStreetMap<\/a> contributors<\/span><\/div>\r\n\t\t\t<\/div>\r\n\t\t\t<canvas id=\"myChart_19245_3519484\" class=\"plot\" style=\"width:100%; height:200px\"><\/canvas>\r\n\t\t\t<div id=\"ngimages_19245_3519484\" class=\"ngimages\" style=\"display:none\"><\/div>\r\n\t\t\t<div id=\"report_19245_3519484\" class=\"report\"><\/div>\r\n\t\t<\/div>\r\n\t\t\r\n\t\t<script type=\"text\/javascript\">\r\n\r\n\t\t\tjQuery(document).ready(function() {\r\n\r\n\t\t\t\tjQuery( \"#wpgpxmaps_19245_3519484\" ).wpgpxmaps( {\r\n\t\t\t\t\ttargetId           : \"19245_3519484\",\r\n\t\t\t\t\tmapType            : \"HYBRID\",\r\n\t\t\t\t\tmapData            : [[42.6631510,11.0435980],[42.6630090,11.0438990],[42.6629420,11.0440360],[42.6628350,11.0442570],[42.6626910,11.0445150],[42.6626590,11.0446480],[42.6626590,11.0446480],[42.6626070,11.0448660],[42.6625770,11.0450140],[42.6624780,11.0455050],[42.6622890,11.0462070],[42.6619550,11.0471250],[42.6618490,11.0474850],[42.6618040,11.0475920],[42.6615910,11.0481040],[42.6613410,11.0489810],[42.6610450,11.0497130],[42.6607570,11.0506000],[42.6603420,11.0518160],[42.6602230,11.0522280],[42.6601490,11.0524300],[42.6600450,11.0526800],[42.6599260,11.0529160],[42.6598510,11.0531520],[42.6597820,11.0535160],[42.6595190,11.0541580],[42.6594000,11.0545220],[42.6593250,11.0546640],[42.6593000,11.0548460],[42.6591560,11.0552440],[42.6591170,11.0554530],[42.6589830,11.0557100],[42.6588780,11.0559590],[42.6587890,11.0562560],[42.6586900,11.0565190],[42.6585310,11.0569040],[42.6584670,11.0571330],[42.6584070,11.0573220],[42.6583470,11.0575860],[42.6582580,11.0577600],[42.6581690,11.0579910],[42.6579260,11.0582670],[42.6577970,11.0583890],[42.6576530,11.0584490],[42.6575540,11.0584390],[42.6574480,11.0584030],[42.6571220,11.0585030],[42.6570130,11.0586120],[42.6569180,11.0587060],[42.6567400,11.0589080],[42.6565610,11.0590300],[42.6563020,11.0591000],[42.6561400,11.0593390],[42.6561290,11.0594660],[42.6560270,11.0595860],[42.6560570,11.0598040],[42.6560880,11.0599570],[42.6561500,11.0600460],[42.6561500,11.0600460],[42.6558180,11.0601490],[42.6556640,11.0603020],[42.6554640,11.0604000],[42.6554200,11.0604383],[42.6554640,11.0604000],[42.6555510,11.0606110],[42.6556700,11.0605310],[42.6559160,11.0605640],[42.6560270,11.0605140],[42.6562420,11.0605640],[42.6564710,11.0606960],[42.6566090,11.0608570],[42.6568140,11.0610170],[42.6568350,11.0610580],[42.6569350,11.0612450],[42.6569990,11.0613810],[42.6571210,11.0616410],[42.6573540,11.0622770],[42.6574810,11.0626340],[42.6576270,11.0631240],[42.6577730,11.0635740],[42.6579580,11.0638510],[42.6582970,11.0641710],[42.6586200,11.0644340],[42.6588850,11.0646790],[42.6587850,11.0647650],[42.6584700,11.0649150],[42.6582590,11.0650160],[42.6579380,11.0651880],[42.6575880,11.0654260],[42.6574220,11.0655590],[42.6572620,11.0657060],[42.6572620,11.0657060],[42.6571500,11.0658100],[42.6570430,11.0661010],[42.6568860,11.0662050],[42.6565460,11.0664320],[42.6563910,11.0668160],[42.6561280,11.0669620],[42.6558650,11.0671470],[42.6554600,11.0673500],[42.6552770,11.0676350],[42.6550770,11.0678880],[42.6549860,11.0680850],[42.6548910,11.0684940],[42.6546720,11.0685740],[42.6545140,11.0686000],[42.6543150,11.0685190],[42.6539930,11.0685420],[42.6537720,11.0686700],[42.6535530,11.0686730],[42.6531370,11.0688610],[42.6528940,11.0689170],[42.6527100,11.0690560],[42.6525170,11.0692680],[42.6522850,11.0693950],[42.6519500,11.0698270],[42.6515720,11.0701670],[42.6513510,11.0702270],[42.6511480,11.0703720],[42.6508740,11.0703860],[42.6507340,11.0704600],[42.6505940,11.0704850],[42.6502220,11.0704510],[42.6499040,11.0706250],[42.6497530,11.0706740],[42.6495910,11.0707270],[42.6495460,11.0709660],[42.6494930,11.0710720],[42.6492970,11.0712320],[42.6489940,11.0715850],[42.6487910,11.0717180],[42.6485440,11.0717160],[42.6478940,11.0716920],[42.6476230,11.0717360],[42.6473680,11.0717380],[42.6464990,11.0716140],[42.6462850,11.0716180],[42.6461330,11.0715410],[42.6460460,11.0714970],[42.6458700,11.0713410],[42.6458750,11.0713600],[42.6458933,11.0713317],[42.6459700,11.0712650],[42.6460200,11.0711733],[42.6460333,11.0710583],[42.6460633,11.0709450],[42.6461183,11.0708550],[42.6461917,11.0707600],[42.6462583,11.0706650],[42.6463217,11.0705717],[42.6463800,11.0704833],[42.6464333,11.0703750],[42.6464750,11.0702733],[42.6465067,11.0701500],[42.6465317,11.0700300],[42.6465433,11.0699050],[42.6465450,11.0697817],[42.6465383,11.0696500],[42.6465117,11.0695367],[42.6464250,11.0695017],[42.6463650,11.0694533],[42.6463300,11.0693567],[42.6462483,11.0693083],[42.6461800,11.0692300],[42.6461217,11.0691450],[42.6460850,11.0690333],[42.6460467,11.0689233],[42.6460033,11.0688183],[42.6459917,11.0687100],[42.6459883,11.0685867],[42.6459767,11.0684767],[42.6459700,11.0683633],[42.6459750,11.0682300],[42.6460067,11.0681233],[42.6460183,11.0680200],[42.6460700,11.0679200],[42.6460967,11.0678033],[42.6460900,11.0676950],[42.6460783,11.0675933],[42.6460317,11.0675000],[42.6459850,11.0674250],[42.6459383,11.0673983],[42.6459350,11.0673983],[42.6459450,11.0674083],[42.6459117,11.0674233],[42.6459067,11.0674267],[42.6459050,11.0674267],[42.6459233,11.0674200],[42.6459983,11.0674483],[42.6460417,11.0673633],[42.6461050,11.0672833],[42.6461333,11.0671733],[42.6461367,11.0670467],[42.6461583,11.0669283],[42.6462233,11.0668400],[42.6463067,11.0668200],[42.6463750,11.0667483],[42.6464167,11.0666500],[42.6464800,11.0665600],[42.6465100,11.0664550],[42.6465600,11.0663617],[42.6465433,11.0662617],[42.6465367,11.0661600],[42.6466050,11.0660867],[42.6466617,11.0660450],[42.6466483,11.0660450],[42.6466900,11.0660183],[42.6467783,11.0659617],[42.6468300,11.0658967],[42.6468610,11.0660130],[42.6467450,11.0660920],[42.6465590,11.0661880],[42.6465540,11.0663070],[42.6464930,11.0665120],[42.6462970,11.0668160],[42.6461910,11.0668610],[42.6461400,11.0669980],[42.6461290,11.0671580],[42.6460680,11.0673250],[42.6460233,11.0674250],[42.6460370,11.0674320],[42.6460790,11.0675150],[42.6460900,11.0677200],[42.6460400,11.0679230],[42.6459890,11.0681310],[42.6460010,11.0684270],[42.6459950,11.0685710],[42.6460090,11.0687740],[42.6460090,11.0687740],[42.6460510,11.0689520],[42.6461240,11.0691420],[42.6461960,11.0692630],[42.6463420,11.0693770],[42.6464140,11.0695140],[42.6465150,11.0696960],[42.6465400,11.0698630],[42.6464810,11.0701370],[42.6463980,11.0703500],[42.6462800,11.0705700],[42.6461460,11.0707680],[42.6460680,11.0709730],[42.6459950,11.0710940],[42.6458700,11.0713410],[42.6456550,11.0715810],[42.6455610,11.0719140],[42.6454940,11.0720810],[42.6452490,11.0722470],[42.6449680,11.0723600],[42.6447650,11.0724950],[42.6446090,11.0726360],[42.6444470,11.0728200],[42.6443070,11.0730470],[42.6441350,11.0732020],[42.6439150,11.0731560],[42.6437410,11.0731370],[42.6435970,11.0730780],[42.6434130,11.0729920],[42.6433210,11.0728660],[42.6431970,11.0728420],[42.6430040,11.0729290],[42.6426660,11.0727970],[42.6424490,11.0726340],[42.6423630,11.0726870],[42.6422760,11.0727680],[42.6422090,11.0726600],[42.6419800,11.0725800],[42.6417470,11.0725530],[42.6413840,11.0724560],[42.6412420,11.0722370],[42.6408990,11.0721080],[42.6407640,11.0719630],[42.6406290,11.0718900],[42.6406200,11.0719250],[42.6406290,11.0718900],[42.6405080,11.0717690],[42.6403300,11.0714640],[42.6401130,11.0709220],[42.6399320,11.0706060],[42.6398170,11.0700480],[42.6398840,11.0696290],[42.6399080,11.0694200],[42.6398490,11.0692110],[42.6396750,11.0689000],[42.6395650,11.0686960],[42.6394160,11.0686200],[42.6394600,11.0684667],[42.6394160,11.0686200],[42.6393040,11.0685620],[42.6392200,11.0685040],[42.6389410,11.0682290],[42.6388500,11.0682400],[42.6387600,11.0684810],[42.6385430,11.0686160],[42.6384990,11.0687280],[42.6384050,11.0687170],[42.6381720,11.0687660],[42.6379740,11.0688680],[42.6378360,11.0688780],[42.6377550,11.0689710],[42.6376590,11.0689900],[42.6375430,11.0690310],[42.6371220,11.0688940],[42.6370350,11.0686320],[42.6370300,11.0684720],[42.6364267,11.0685083],[42.6370300,11.0684720],[42.6370220,11.0682110],[42.6371260,11.0679170],[42.6371260,11.0679170],[42.6373490,11.0672950],[42.6375960,11.0671020],[42.6379040,11.0670240],[42.6381350,11.0669660],[42.6383730,11.0670050],[42.6386540,11.0671030],[42.6389340,11.0670720],[42.6391130,11.0671580],[42.6391990,11.0672200],[42.6395340,11.0669870],[42.6399810,11.0668650],[42.6400860,11.0668610],[42.6412160,11.0668200],[42.6415730,11.0666600],[42.6418190,11.0663110],[42.6421040,11.0661890],[42.6424510,11.0662040],[42.6426400,11.0661280],[42.6428140,11.0660600],[42.6437080,11.0652700],[42.6447750,11.0649810],[42.6450320,11.0647530],[42.6452110,11.0643280],[42.6454910,11.0639030],[42.6458590,11.0636670],[42.6461280,11.0633400],[42.6461600,11.0630870],[42.6461950,11.0628090],[42.6461050,11.0623910],[42.6456020,11.0616390],[42.6456640,11.0610230],[42.6456533,11.0609483],[42.6459120,11.0599280],[42.6460100,11.0595040],[42.6466310,11.0580300],[42.6469600,11.0568750],[42.6474300,11.0559640],[42.6475920,11.0553940],[42.6478650,11.0541630],[42.6478820,11.0535020],[42.6479380,11.0529550],[42.6481340,11.0524240],[42.6487040,11.0513680],[42.6489160,11.0502360],[42.6490840,11.0498480],[42.6491670,11.0492480],[42.6491790,11.0486630],[42.6493460,11.0480930],[42.6494750,11.0474170],[42.6497260,11.0468320],[42.6499890,11.0464870],[42.6500420,11.0461640],[42.6501010,11.0454950],[42.6502850,11.0449180],[42.6503460,11.0444770],[42.6502960,11.0441120],[42.6502960,11.0437170],[42.6506090,11.0431860],[42.6506930,11.0426230],[42.6508270,11.0419550],[42.6509330,11.0413400],[42.6509500,11.0408000],[42.6510110,11.0404510],[42.6510840,11.0397670],[42.6511510,11.0389540],[42.6512400,11.0384380],[42.6513130,11.0381220],[42.6514030,11.0375560],[42.6515190,11.0371080],[42.6515267,11.0370467],[42.6515880,11.0370400],[42.6519700,11.0372520],[42.6521280,11.0373410],[42.6527830,11.0377230],[42.6534750,11.0381110],[42.6535600,11.0382490],[42.6536050,11.0383970],[42.6537340,11.0385130],[42.6538230,11.0385770],[42.6539310,11.0386550],[42.6540710,11.0387300],[42.6541820,11.0387530],[42.6543420,11.0388820],[42.6546550,11.0390220],[42.6548870,11.0391530],[42.6550200,11.0392920],[42.6551960,11.0393540],[42.6558680,11.0397630],[42.6560750,11.0398810],[42.6562430,11.0399670],[42.6564750,11.0401250],[42.6567150,11.0402050],[42.6570310,11.0403970],[42.6571210,11.0404440],[42.6572400,11.0405700],[42.6573270,11.0406250],[42.6575240,11.0407430],[42.6579360,11.0409400],[42.6581350,11.0410290],[42.6582350,11.0410960],[42.6583540,11.0411910],[42.6584740,11.0412300],[42.6589230,11.0414960],[42.6590090,11.0415330],[42.6592760,11.0416930],[42.6594240,11.0418020],[42.6595700,11.0418710],[42.6597790,11.0419920],[42.6600480,11.0421780],[42.6601530,11.0422350],[42.6603000,11.0422970],[42.6604620,11.0424090],[42.6605690,11.0424960],[42.6609720,11.0426920],[42.6611010,11.0427620],[42.6612500,11.0428650],[42.6614730,11.0430020],[42.6621870,11.0434060],[42.6625730,11.0436360],[42.6628360,11.0438000],[42.6629880,11.0438860],[42.6629880,11.0438860],[42.6631260,11.0436420]],\r\n\t\t\t\t\tgraphDist          : [0.00,0.03,0.04,0.06,0.09,0.10,0.11,0.13,0.15,0.19,0.25,0.33,0.36,0.37,0.42,0.50,0.57,0.65,0.76,0.79,0.81,0.83,0.86,0.88,0.91,0.97,1.00,1.02,1.03,1.07,1.09,1.11,1.14,1.16,1.19,1.22,1.24,1.26,1.28,1.30,1.32,1.35,1.37,1.39,1.40,1.41,1.45,1.46,1.48,1.50,1.53,1.56,1.58,1.59,1.61,1.63,1.64,1.65,1.67,1.71,1.73,1.75,1.76,1.78,1.80,1.81,1.84,1.85,1.88,1.91,1.93,1.95,1.97,1.99,2.01,2.03,2.09,2.12,2.17,2.21,2.24,2.29,2.33,2.36,2.38,2.42,2.45,2.48,2.53,2.55,2.57,2.58,2.60,2.62,2.64,2.69,2.72,2.75,2.79,2.83,2.86,2.90,2.91,2.95,2.97,2.99,3.02,3.05,3.08,3.10,3.15,3.18,3.20,3.23,3.26,3.31,3.36,3.38,3.41,3.44,3.46,3.48,3.52,3.56,3.57,3.60,3.62,3.63,3.65,3.70,3.72,3.75,3.82,3.85,3.88,3.98,4.00,4.02,4.04,4.06,4.08,4.09,4.10,4.11,4.12,4.13,4.14,4.15,4.16,4.17,4.18,4.19,4.20,4.21,4.23,4.24,4.25,4.26,4.27,4.28,4.29,4.30,4.31,4.32,4.33,4.34,4.35,4.36,4.37,4.38,4.39,4.40,4.42,4.43,4.44,4.45,4.46,4.47,4.48,4.49,4.50,4.51,4.52,4.53,4.54,4.55,4.56,4.57,4.58,4.59,4.60,4.61,4.63,4.64,4.65,4.66,4.67,4.68,4.69,4.70,4.71,4.72,4.73,4.74,4.75,4.76,4.78,4.79,4.80,4.84,4.85,4.88,4.89,4.91,4.94,4.95,4.96,4.98,4.99,5.02,5.03,5.04,5.06,5.08,5.10,5.12,5.13,5.15,5.17,5.18,5.20,5.22,5.23,5.25,5.27,5.28,5.30,5.32,5.35,5.37,5.39,5.40,5.43,5.46,5.49,5.50,5.53,5.57,5.59,5.61,5.64,5.66,5.68,5.71,5.73,5.74,5.77,5.78,5.80,5.82,5.86,5.89,5.90,5.91,5.92,5.95,5.98,6.02,6.04,6.08,6.10,6.12,6.14,6.16,6.18,6.21,6.26,6.30,6.34,6.38,6.40,6.42,6.45,6.47,6.49,6.51,6.53,6.54,6.55,6.59,6.60,6.63,6.65,6.66,6.67,6.70,6.72,6.74,6.75,6.76,6.78,6.83,6.85,6.86,6.93,7.00,7.02,7.04,7.06,7.11,7.15,7.18,7.21,7.23,7.27,7.30,7.32,7.33,7.37,7.42,7.43,7.56,7.60,7.64,7.67,7.71,7.73,7.75,7.87,7.99,8.03,8.07,8.11,8.16,8.20,8.22,8.24,8.28,8.36,8.41,8.43,8.52,8.55,8.69,8.79,8.89,8.94,9.04,9.10,9.14,9.19,9.30,9.39,9.43,9.48,9.53,9.58,9.63,9.69,9.73,9.76,9.82,9.87,9.91,9.94,9.97,10.02,10.07,10.13,10.18,10.22,10.25,10.31,10.38,10.42,10.45,10.49,10.53,10.54,10.56,10.60,10.62,10.70,10.78,10.80,10.81,10.83,10.84,10.85,10.87,10.88,10.90,10.94,10.97,10.99,11.01,11.09,11.11,11.13,11.16,11.19,11.23,11.24,11.26,11.27,11.29,11.34,11.36,11.38,11.39,11.40,11.46,11.47,11.50,11.52,11.54,11.56,11.60,11.61,11.63,11.65,11.66,11.71,11.72,11.74,11.77,11.85,11.90,11.93,11.95,11.97,12.00],\r\n\t\t\t\t\tgraphEle           : [8.25,7.75,7.25,7.25,7.50,8.50,7.75,8.50,8.75,8.75,8.25,7.50,7.25,7.25,7.25,6.50,5.25,7.00,6.50,6.50,6.50,6.75,6.75,6.75,6.75,7.25,7.50,7.50,7.75,8.00,7.75,7.75,7.50,7.25,6.75,6.50,6.75,6.75,7.00,7.00,7.00,6.50,6.00,5.25,5.00,4.75,5.25,5.25,5.25,5.00,5.00,4.50,5.00,5.25,5.50,6.25,7.00,9.25,8.75,9.50,11.75,11.75,3.00,11.75,16.50,16.50,20.00,19.50,22.00,27.00,32.00,34.00,34.50,38.00,45.75,45.75,53.00,56.75,63.75,66.25,66.75,67.75,69.50,70.25,69.50,66.75,66.75,66.50,66.75,67.25,68.25,67.75,68.25,68.75,71.50,71.50,72.50,73.25,73.50,72.00,71.00,71.00,71.00,71.25,71.25,71.50,71.50,71.50,71.00,70.50,69.00,68.50,68.00,67.25,68.00,67.25,66.00,65.00,63.25,62.75,60.00,57.00,50.00,43.75,36.25,36.25,36.25,35.75,32.25,33.25,35.75,37.25,39.25,40.50,40.75,39.25,38.75,37.50,37.50,35.75,47.00,47.00,46.00,44.00,44.00,45.00,47.00,48.00,49.00,50.00,51.00,52.00,54.00,54.00,55.00,54.00,55.00,55.00,56.00,55.00,54.00,57.00,56.00,57.00,57.00,56.00,57.00,59.00,58.00,58.00,60.00,61.00,62.00,64.00,67.00,67.00,67.00,70.00,73.00,77.00,78.00,77.00,78.00,75.00,76.00,79.00,77.00,76.00,76.00,78.00,79.00,79.00,81.00,82.00,84.00,86.00,89.00,91.00,93.00,93.00,94.00,97.00,100.00,100.00,103.00,105.00,103.00,103.00,102.00,69.00,70.50,69.25,71.75,74.50,72.00,69.50,67.75,67.00,65.75,80.00,65.00,65.00,62.75,57.25,57.25,53.75,52.00,49.25,49.50,47.50,45.50,45.25,45.75,45.75,45.75,45.50,43.50,41.00,38.25,35.25,34.50,34.75,35.75,33.75,37.75,40.25,39.25,37.00,35.00,33.00,31.25,30.75,29.00,25.75,24.00,21.75,18.50,15.50,15.50,16.75,15.75,15.25,16.50,17.50,17.75,20.00,22.50,26.00,24.75,29.00,28.50,26.50,50.00,27.00,24.75,24.75,25.25,25.00,20.25,22.50,23.75,24.75,23.75,24.25,28.00,43.00,26.25,28.00,30.75,29.25,29.25,28.25,25.50,23.75,23.25,19.75,15.75,13.50,11.25,9.50,7.25,7.25,7.25,7.25,2.00,0.00,0.00,0.00,13.25,13.25,13.25,13.25,13.25,13.25,13.75,11.50,12.00,12.25,6.75,4.25,4.25,5.75,6.00,6.00,5.50,5.00,5.00,5.00,7.50,6.75,6.00,6.25,6.25,6.25,5.50,5.00,4.75,4.25,4.75,4.25,0.00,5.00,5.00,5.00,6.00,6.00,5.50,6.75,6.50,6.25,6.25,6.25,5.50,5.25,5.75,5.75,5.25,4.25,4.25,3.75,3.50,3.50,4.00,4.25,4.50,5.00,5.50,4.75,5.50,5.00,4.50,4.25,4.25,4.75,4.50,4.25,4.75,5.00,0.00,5.00,4.50,4.50,4.75,6.75,6.75,6.25,5.75,5.50,5.25,5.00,4.75,4.50,4.00,4.00,4.00,4.00,4.00,4.00,4.00,4.00,4.00,4.00,3.75,3.50,3.50,3.00,3.00,3.00,3.25,3.25,3.50,4.00,4.00,4.00,4.25,4.25,4.25,4.50,4.50,4.75,4.75,4.75,5.25,5.50,5.75,6.00,6.25,6.25,7.00,7.75,7.50,8.25],\r\n\t\t\t\t\tgraphSpeed         : [],\r\n\t\t\t\t\tgraphHr            : [],\r\n\t\t\t\t\tgraphAtemp         : [],\r\n\t\t\t\t\tgraphCad           : [],\r\n\t\t\t\t\tgraphGrade         : [],\r\n\t\t\t\t\twaypoints          : [],\r\n\t\t\t\t\tunit               : \"2\",\r\n\t\t\t\t\tunitspeed          : \"0\",\r\n\t\t\t\t\tcolor1             : [\"#3366cc\"],\r\n\t\t\t\t\tcolor2             : \"#3366cc\",\r\n\t\t\t\t\tcolor3             : \"#ff0000\",\r\n\t\t\t\t\tcolor4             : \"#ff77bd\",\r\n\t\t\t\t\tcolor5             : \"#beecff\",\r\n\t\t\t\t\tcolor6             : \"#beecff\",\r\n\t\t\t\t\tcolor7             : \"#ff77bd\",\r\n\t\t\t\t\tchartFrom1         : \"\",\r\n\t\t\t\t\tchartTo1           : \"\",\r\n\t\t\t\t\tchartFrom2         : \"\",\r\n\t\t\t\t\tchartTo2           : \"\",\r\n\t\t\t\t\tstartIcon          : \"\",\r\n\t\t\t\t\tendIcon            : \"\",\r\n\t\t\t\t\tcurrentIcon        : \"\",\r\n\t\t\t\t\twaypointIcon       : \"https:\/\/lavia.cc\/gpx\/wp-content\/uploads\/gpx\/cropped-icona.ico\",\r\n\t\t\t\t\tcurrentpositioncon : \"\",\r\n\t\t\t\t\tusegpsposition     : \"\",\r\n\t\t\t\t\tzoomOnScrollWheel  : \"\",\r\n\t\t\t\t\tngGalleries        : [],\r\n\t\t\t\t\tngImages           : [],\r\n\t\t\t\t\tpluginUrl          : \"https:\/\/lavia.cc\/gpx\/wp-content\/plugins\",\r\n\t\t\t\t\tTFApiKey           : \"\",\r\n\t\t\t\t\tMapBoxApiKey           : \"\",\r\n\t\t\t\t\tlangs              : {\r\n\t\t\t\t\t\taltitude        : \"Altitudine\",\r\n\t\t\t\t\t\tcurrentPosition : \"Current position\",\r\n\t\t\t\t\t\tspeed           : \"Velocit\u00e0\",\r\n\t\t\t\t\t\tgrade           : \"Grade\",\r\n\t\t\t\t\t\theartRate       : \"Battito Cardiaco\",\r\n\t\t\t\t\t\tatemp           : \"Temperature\",\r\n\t\t\t\t\t\tcadence         : \"Cadenza\",\r\n\t\t\t\t\t\tgoFullScreen    : \"Go full screen\",\r\n\t\t\t\t\t\texitFullFcreen  : \"Exit full screen\",\r\n\t\t\t\t\t\thideImages      : \"Hide images\",\r\n\t\t\t\t\t\tshowImages      : \"Show images\",\r\n\t\t\t\t\t\tbackToCenter\t: \"Ritorna al centro della mappa\"\r\n\t\t\t\t\t}\r\n\t\t\t\t});\r\n\r\n\t\t\t});\r\n\r\n\t\t<\/script>\n<p>\ud83d\udfe2 Visita\u00a0<a href=\"https:\/\/lavia.cc\/gpx\/\">LAVIA.CC<\/a>\u00a0per altre tracce gpx e condividi le tue avventure con la nostra\u00a0<a href=\"https:\/\/www.instagram.com\/lavia.cc\/\" target=\"_blank\" rel=\"noopener\">community<\/a>! \ud83d\udeb4\u200d\u2642\ufe0f\ud83c\udf32\ud83c\udfde\ufe0f<\/p>\n","protected":false},"excerpt":{"rendered":"<p><strong>\ud83d\udccd TRACCIA CARICATA DA:\u00a0<a href=\"https:\/\/lavia.cc\/gpx\/maremma-green-passion\/\" target=\"_blank\" rel=\"noopener\">MAREMMA GREEN PASSION<\/a><\/strong><\/p>\n<p>Bentornati nel Parco della Maremma! Stavolta percorriamo l&#8217;itinerario A2 del Parco della Maremma, un itinerario abbastanza semplice, ma molto spettacolare, che racchiude in s\u00e9 l&#8217;essenza di questa bellissima area naturale protetta, istituita nel 1975 dalla Regione Toscana, per tutelare l&#8217;identit\u00e0 originaria della Maremma, con la creazione del suo primo Parco Regionale. Se volete arrivare in auto, ricordatevi di passare dagli uffici del Parco ad Alberese, per fare il biglietto (costo 10 euro) e ritirare l&#8217;autorizzazione al parcheggio in localit\u00e0 Pinottolai, che sar\u00e0 anche il nostro punto di partenza. La prima parte del percorso si svolge nella rigogliosa pineta granducale, nella quale in questo periodo \u00e8 possibile trovare le mandrie di maremmane allo stato brado, un&#8217;icona della Maremma! Arriveremo quindi alle Grotte, superando il Ponte delle Tartarughe e risalendo i picchi rocciosi per godere del suggestivo affaccio sulla pineta, con scorci fino al mare. Una volta raggiunto il crinale, si prosegue fino al Laghetto Precoriale, per poi dirigerci verso il Bivio della Serrata, dove svolteremo a destra per risalire fino alla Torre di Castel Marino. Da qui si pu\u00f2 godere una vista spettacolare su tutta la costa, da Castiglione della Pescaia fino a Cala di Forno: sullo sfondo le isole dell&#8217;Arcipelago Toscano e il promontorio di Monte Argentario&#8230; fantastico! Scenderemo poi raggiungendo l&#8217;uliveto monumentale, con affaccio sulla Piana dei Cavalleggeri e, sorpassato il muretto di Collelungo, imboccheremo il sentiero sulla sinistra che porta all&#8217;omonima torre. Anche da qui si possono godere prospettive suggestive sulla riserva integrale del Paduletto e sulla pineta solcata dal Canale dello Scoglietto. Un breve sentiero oltre la Torre di Collelungo ci condurr\u00e0 fino alla spiaggia, dove soffermarsi per godere del sussurrare delle onde e, nelle stagioni pi\u00f9 miti, immergersi in uno dei mari pi\u00f9 limpidi della Maremma.<\/p>\n<p>\ud83c\udf89 IL PARCO DELLA MAREMMA!<\/p>\n<p>\ud83d\udfe2 Segui\u00a0<strong>LAVIA,<\/strong>\u00a0arriva alla\u00a0<strong>META<\/strong>!<\/p>\n","protected":false},"featured_media":19246,"comment_status":"open","ping_status":"closed","template":"","meta":[],"product_brand":[],"product_cat":[31],"product_tag":[880,126],"class_list":{"0":"post-19245","1":"product","2":"type-product","3":"status-publish","4":"has-post-thumbnail","6":"product_cat-escursionismo","7":"product_tag-grosseto","8":"product_tag-toscana","10":"first","11":"instock","12":"downloadable","13":"virtual","14":"product-type-simple"},"_links":{"self":[{"href":"https:\/\/lavia.cc\/gpx\/wp-json\/wp\/v2\/product\/19245","targetHints":{"allow":["GET"]}}],"collection":[{"href":"https:\/\/lavia.cc\/gpx\/wp-json\/wp\/v2\/product"}],"about":[{"href":"https:\/\/lavia.cc\/gpx\/wp-json\/wp\/v2\/types\/product"}],"replies":[{"embeddable":true,"href":"https:\/\/lavia.cc\/gpx\/wp-json\/wp\/v2\/comments?post=19245"}],"version-history":[{"count":2,"href":"https:\/\/lavia.cc\/gpx\/wp-json\/wp\/v2\/product\/19245\/revisions"}],"predecessor-version":[{"id":19250,"href":"https:\/\/lavia.cc\/gpx\/wp-json\/wp\/v2\/product\/19245\/revisions\/19250"}],"wp:featuredmedia":[{"embeddable":true,"href":"https:\/\/lavia.cc\/gpx\/wp-json\/wp\/v2\/media\/19246"}],"wp:attachment":[{"href":"https:\/\/lavia.cc\/gpx\/wp-json\/wp\/v2\/media?parent=19245"}],"wp:term":[{"taxonomy":"product_brand","embeddable":true,"href":"https:\/\/lavia.cc\/gpx\/wp-json\/wp\/v2\/product_brand?post=19245"},{"taxonomy":"product_cat","embeddable":true,"href":"https:\/\/lavia.cc\/gpx\/wp-json\/wp\/v2\/product_cat?post=19245"},{"taxonomy":"product_tag","embeddable":true,"href":"https:\/\/lavia.cc\/gpx\/wp-json\/wp\/v2\/product_tag?post=19245"}],"curies":[{"name":"wp","href":"https:\/\/api.w.org\/{rel}","templated":true}]}}