{"id":19351,"date":"2025-01-17T10:01:38","date_gmt":"2025-01-17T09:01:38","guid":{"rendered":"https:\/\/lavia.cc\/gpx\/?post_type=product&#038;p=19351"},"modified":"2025-01-20T13:44:47","modified_gmt":"2025-01-20T12:44:47","slug":"manciano-rocca-aldobrandesca-lago-scuro","status":"publish","type":"product","link":"https:\/\/lavia.cc\/gpx\/tracce\/manciano-rocca-aldobrandesca-lago-scuro\/","title":{"rendered":"Dalla Rocca Aldobrandesca al Lago Scuro nel rigoglioso territorio di Manciano"},"content":{"rendered":"<h5>Dalla Rocca Aldobrandesca al Lago Scuro nel rigoglioso territorio di Manciano<\/h5>\n<p>\u27a1\ufe0f Clicca qui per raggiungere il punto di partenza: <a href=\"https:\/\/www.google.com\/maps\/place\/Parking+bezp%C5%82atny\/@42.5880362,11.5165206,19.5z\/data=!4m15!1m8!3m7!1s0x1328fd50db70eef5:0xd0ca34af248d7834!2sVia+Antonio+Morvidi,+58014+Manciano+GR!3b1!8m2!3d42.5881142!4d11.5157406!16s%2Fg%2F1tk4hhzg!3m5!1s0x1328fd98983ee775:0x76f7f6d276e261cb!8m2!3d42.5881728!4d11.5169407!16s%2Fg%2F11f6kr4361?authuser=0&amp;entry=ttu&amp;g_ep=EgoyMDI1MDExNC4wIKXMDSoASAFQAw%3D%3D\" target=\"_blank\" rel=\"noopener\">GOOGLE MAPS<\/a> (Parcheggio gratuito di Manciano, GR).<\/p>\n<p>\ud83d\udd5c Periodo consigliato: tutto l&#8217;anno.<\/p>\n<p>\ud83d\uddfa\ufe0f Mappa e altimetria dell&#8217;escursione ad anello nel territorio di <strong>Manciano<\/strong>:<\/p>\n\r\n\t\t<div id=\"wpgpxmaps_19351_2216845\" class=\"wpgpxmaps\">\r\n\t\t\t<div id=\"map_19351_2216845_cont\" style=\"width:100%; height:450px;position:relative\" >\r\n\t\t\t\t<div id=\"map_19351_2216845\" style=\"width:100%; height:450px\"><\/div>\r\n\t\t\t\t<div id=\"wpgpxmaps_19351_2216845_osm_footer\" class=\"wpgpxmaps_osm_footer\" style=\"display:none;\"><span> &copy; <a href=\"http:\/\/www.openstreetmap.org\/copyright\" target=\"_blank\" rel=\"noopener\">OpenStreetMap<\/a> contributors<\/span><\/div>\r\n\t\t\t<\/div>\r\n\t\t\t<canvas id=\"myChart_19351_2216845\" class=\"plot\" style=\"width:100%; height:200px\"><\/canvas>\r\n\t\t\t<div id=\"ngimages_19351_2216845\" class=\"ngimages\" style=\"display:none\"><\/div>\r\n\t\t\t<div id=\"report_19351_2216845\" class=\"report\"><\/div>\r\n\t\t<\/div>\r\n\t\t\r\n\t\t<script type=\"text\/javascript\">\r\n\r\n\t\t\tjQuery(document).ready(function() {\r\n\r\n\t\t\t\tjQuery( \"#wpgpxmaps_19351_2216845\" ).wpgpxmaps( {\r\n\t\t\t\t\ttargetId           : \"19351_2216845\",\r\n\t\t\t\t\tmapType            : \"HYBRID\",\r\n\t\t\t\t\tmapData            : [[42.5881690,11.5168290],[42.5881330,11.5167050],[42.5880900,11.5165150],[42.5879090,11.5164570],[42.5877110,11.5163780],[42.5876030,11.5162480],[42.5874230,11.5160450],[42.5871320,11.5157850],[42.5871530,11.5155860],[42.5872470,11.5154950],[42.5873750,11.5153650],[42.5872470,11.5154950],[42.5871660,11.5155680],[42.5870810,11.5156900],[42.5870350,11.5155730],[42.5870010,11.5155420],[42.5871060,11.5153860],[42.5871960,11.5153040],[42.5873600,11.5152260],[42.5874680,11.5152090],[42.5876230,11.5151130],[42.5875550,11.5146380],[42.5873330,11.5147510],[42.5874330,11.5151210],[42.5874070,11.5152310],[42.5872480,11.5152740],[42.5871880,11.5150930],[42.5871370,11.5149690],[42.5871290,11.5149020],[42.5870800,11.5148040],[42.5870240,11.5146080],[42.5868780,11.5146120],[42.5868680,11.5144800],[42.5868290,11.5143710],[42.5866710,11.5146700],[42.5865440,11.5148480],[42.5864070,11.5149470],[42.5862040,11.5151650],[42.5860620,11.5152720],[42.5859400,11.5153910],[42.5857350,11.5151420],[42.5856490,11.5150530],[42.5855610,11.5150310],[42.5854020,11.5150300],[42.5852290,11.5151360],[42.5851880,11.5150820],[42.5847250,11.5150370],[42.5842310,11.5149550],[42.5841270,11.5149350],[42.5837240,11.5147640],[42.5835220,11.5147300],[42.5831160,11.5145210],[42.5828620,11.5145180],[42.5821840,11.5141580],[42.5816610,11.5138030],[42.5813900,11.5137150],[42.5812650,11.5135890],[42.5812360,11.5134320],[42.5812670,11.5128770],[42.5812530,11.5126130],[42.5811750,11.5124730],[42.5808990,11.5122150],[42.5807560,11.5120300],[42.5806420,11.5117550],[42.5804410,11.5109790],[42.5804060,11.5107820],[42.5803720,11.5102320],[42.5803060,11.5100950],[42.5799250,11.5101340],[42.5796320,11.5101390],[42.5794580,11.5101050],[42.5791900,11.5099980],[42.5789820,11.5099650],[42.5787490,11.5099890],[42.5784270,11.5100290],[42.5781090,11.5100790],[42.5779640,11.5101390],[42.5779640,11.5101390],[42.5778380,11.5100860],[42.5772930,11.5097290],[42.5768570,11.5093360],[42.5765720,11.5089810],[42.5762520,11.5087040],[42.5759190,11.5084700],[42.5756920,11.5082990],[42.5756110,11.5082110],[42.5755810,11.5080720],[42.5755400,11.5075960],[42.5754400,11.5073350],[42.5752920,11.5067810],[42.5752050,11.5063820],[42.5751490,11.5062830],[42.5750620,11.5061830],[42.5748500,11.5060880],[42.5747520,11.5060010],[42.5746370,11.5058810],[42.5745130,11.5057330],[42.5743930,11.5055910],[42.5742870,11.5055940],[42.5738150,11.5054710],[42.5734910,11.5053700],[42.5731200,11.5052210],[42.5725750,11.5049760],[42.5724550,11.5048540],[42.5721790,11.5041490],[42.5719880,11.5036600],[42.5717940,11.5033440],[42.5716280,11.5031860],[42.5709100,11.5029310],[42.5707620,11.5028130],[42.5701400,11.5023140],[42.5692990,11.5015160],[42.5688630,11.5010340],[42.5687910,11.5008600],[42.5686260,11.4999490],[42.5683540,11.4992990],[42.5680230,11.4988580],[42.5679450,11.4987650],[42.5674240,11.4982540],[42.5666730,11.4973560],[42.5665250,11.4971600],[42.5663400,11.4969840],[42.5659660,11.4967330],[42.5657810,11.4966500],[42.5656450,11.4966400],[42.5651180,11.4966810],[42.5648950,11.4965990],[42.5646400,11.4964440],[42.5639390,11.4958440],[42.5634350,11.4954450],[42.5631850,11.4951560],[42.5630580,11.4949320],[42.5629880,11.4947380],[42.5628620,11.4944530],[42.5627580,11.4943250],[42.5625670,11.4941820],[42.5623600,11.4939630],[42.5621350,11.4937040],[42.5617340,11.4932090],[42.5614780,11.4930070],[42.5612910,11.4928740],[42.5612070,11.4927930],[42.5611140,11.4927020],[42.5607580,11.4925440],[42.5606050,11.4924180],[42.5604910,11.4921530],[42.5603930,11.4917560],[42.5601420,11.4909510],[42.5600400,11.4905410],[42.5595320,11.4892220],[42.5594800,11.4891080],[42.5594000,11.4890050],[42.5592740,11.4889290],[42.5590710,11.4888590],[42.5584580,11.4884960],[42.5582960,11.4883100],[42.5579990,11.4880780],[42.5576370,11.4878620],[42.5575280,11.4877670],[42.5573660,11.4874590],[42.5573120,11.4872950],[42.5572700,11.4870550],[42.5571580,11.4869610],[42.5571080,11.4871650],[42.5570340,11.4874610],[42.5569680,11.4875580],[42.5568780,11.4876490],[42.5567720,11.4876870],[42.5566330,11.4874610],[42.5566150,11.4871330],[42.5565710,11.4869560],[42.5564440,11.4867950],[42.5563280,11.4865890],[42.5562760,11.4863620],[42.5562750,11.4859580],[42.5562430,11.4856610],[42.5562300,11.4853930],[42.5562900,11.4848810],[42.5562770,11.4846870],[42.5561610,11.4843640],[42.5560620,11.4841380],[42.5560020,11.4838950],[42.5558900,11.4833760],[42.5557090,11.4829810],[42.5552320,11.4819050],[42.5548030,11.4809620],[42.5547000,11.4805960],[42.5546630,11.4803680],[42.5545490,11.4805230],[42.5540700,11.4811780],[42.5539570,11.4812770],[42.5538290,11.4813390],[42.5534830,11.4814110],[42.5533680,11.4814840],[42.5532180,11.4817170],[42.5530210,11.4819020],[42.5521340,11.4823960],[42.5520000,11.4825240],[42.5509720,11.4836990],[42.5509000,11.4838120],[42.5506100,11.4844770],[42.5504250,11.4847990],[42.5502270,11.4850410],[42.5499590,11.4858210],[42.5498570,11.4860860],[42.5496700,11.4863550],[42.5490820,11.4869020],[42.5487100,11.4870950],[42.5484140,11.4873170],[42.5480430,11.4876100],[42.5479840,11.4877170],[42.5479390,11.4880260],[42.5478770,11.4883210],[42.5476910,11.4887740],[42.5475620,11.4889620],[42.5474400,11.4890770],[42.5473210,11.4891440],[42.5471580,11.4891790],[42.5466620,11.4891250],[42.5464280,11.4891230],[42.5460990,11.4890370],[42.5457720,11.4890150],[42.5454150,11.4890340],[42.5451200,11.4891900],[42.5448750,11.4892510],[42.5445960,11.4892190],[42.5442050,11.4892650],[42.5440430,11.4893290],[42.5439280,11.4893530],[42.5435620,11.4891920],[42.5432310,11.4890070],[42.5428850,11.4888380],[42.5420880,11.4888060],[42.5415490,11.4888780],[42.5411530,11.4890140],[42.5411470,11.4892130],[42.5410260,11.4898230],[42.5408290,11.4906900],[42.5407910,11.4909310],[42.5407760,11.4911570],[42.5407820,11.4914840],[42.5409810,11.4926880],[42.5410190,11.4929790],[42.5410370,11.4932660],[42.5410300,11.4934530],[42.5410040,11.4936260],[42.5408120,11.4941440],[42.5407370,11.4943010],[42.5405950,11.4946060],[42.5404340,11.4949300],[42.5403340,11.4952590],[42.5401540,11.4956530],[42.5400210,11.4957990],[42.5398760,11.4958590],[42.5397060,11.4958600],[42.5394920,11.4958120],[42.5393030,11.4958220],[42.5391460,11.4959000],[42.5390180,11.4960290],[42.5388820,11.4962040],[42.5388260,11.4963210],[42.5389370,11.4965730],[42.5392170,11.4970790],[42.5394480,11.4975420],[42.5395350,11.4976430],[42.5396200,11.4977070],[42.5397330,11.4977380],[42.5398530,11.4977110],[42.5399980,11.4976410],[42.5401060,11.4975770],[42.5402320,11.4974590],[42.5403700,11.4973880],[42.5404640,11.4973750],[42.5406940,11.4975470],[42.5407990,11.4976690],[42.5409120,11.4978060],[42.5410130,11.4979470],[42.5411030,11.4981010],[42.5411550,11.4982200],[42.5411750,11.4983640],[42.5411930,11.4986140],[42.5412630,11.4988580],[42.5414630,11.4991620],[42.5419050,11.4996530],[42.5421230,11.4997910],[42.5423020,11.4998660],[42.5424330,11.4999360],[42.5426900,11.5001530],[42.5431350,11.5006140],[42.5436400,11.5009590],[42.5439280,11.5012260],[42.5453720,11.5034440],[42.5464070,11.5049510],[42.5468260,11.5055830],[42.5470510,11.5058680],[42.5472890,11.5061290],[42.5481510,11.5069950],[42.5486580,11.5075480],[42.5489940,11.5078680],[42.5493540,11.5080960],[42.5504470,11.5087270],[42.5513870,11.5093070],[42.5523470,11.5099840],[42.5538430,11.5109980],[42.5540520,11.5111990],[42.5544150,11.5112720],[42.5546640,11.5114300],[42.5550300,11.5117110],[42.5551350,11.5118020],[42.5553260,11.5119940],[42.5554330,11.5121260],[42.5558150,11.5126490],[42.5566230,11.5136480],[42.5571820,11.5142920],[42.5572620,11.5143960],[42.5573390,11.5145640],[42.5575050,11.5148070],[42.5578030,11.5151170],[42.5581770,11.5152750],[42.5586070,11.5154800],[42.5588050,11.5155450],[42.5589960,11.5155500],[42.5591080,11.5154780],[42.5593030,11.5152370],[42.5594460,11.5150920],[42.5597740,11.5149310],[42.5602370,11.5147570],[42.5604240,11.5147200],[42.5605450,11.5146970],[42.5609700,11.5147050],[42.5611350,11.5147290],[42.5610604,11.5149321],[42.5611880,11.5147390],[42.5614850,11.5149060],[42.5619610,11.5151000],[42.5626800,11.5155510],[42.5629850,11.5157130],[42.5634990,11.5158830],[42.5636330,11.5160070],[42.5638870,11.5163210],[42.5642920,11.5164480],[42.5644580,11.5163980],[42.5646360,11.5163330],[42.5650970,11.5160810],[42.5656630,11.5156770],[42.5658900,11.5155540],[42.5661100,11.5154720],[42.5666440,11.5153450],[42.5667440,11.5153140],[42.5668820,11.5152580],[42.5671520,11.5150990],[42.5673100,11.5150230],[42.5683610,11.5147950],[42.5687790,11.5147630],[42.5691440,11.5147670],[42.5698170,11.5149610],[42.5704420,11.5149490],[42.5710640,11.5149220],[42.5713870,11.5147770],[42.5715430,11.5147130],[42.5717050,11.5146690],[42.5719000,11.5146400],[42.5727080,11.5146450],[42.5728190,11.5145980],[42.5729150,11.5145320],[42.5730110,11.5144440],[42.5732130,11.5142250],[42.5740100,11.5136170],[42.5743080,11.5133750],[42.5746610,11.5130640],[42.5747740,11.5129410],[42.5750820,11.5125510],[42.5753350,11.5121500],[42.5756000,11.5118810],[42.5758180,11.5116670],[42.5760210,11.5114300],[42.5763780,11.5109490],[42.5764660,11.5108540],[42.5766430,11.5107630],[42.5768550,11.5107540],[42.5770550,11.5107230],[42.5771530,11.5106670],[42.5773470,11.5104890],[42.5774540,11.5104160],[42.5777100,11.5102870],[42.5779640,11.5101390],[42.5781090,11.5100790],[42.5784270,11.5100290],[42.5786130,11.5100050],[42.5787490,11.5099890],[42.5789820,11.5099650],[42.5791900,11.5099980],[42.5794580,11.5101050],[42.5796320,11.5101390],[42.5799250,11.5101340],[42.5802570,11.5100730],[42.5803510,11.5101420],[42.5804060,11.5107820],[42.5804410,11.5109790],[42.5806420,11.5117550],[42.5807560,11.5120300],[42.5808990,11.5122150],[42.5811750,11.5124730],[42.5812530,11.5126130],[42.5812670,11.5128770],[42.5812360,11.5134320],[42.5812650,11.5135890],[42.5813900,11.5137150],[42.5816610,11.5138030],[42.5821840,11.5141580],[42.5827980,11.5144940],[42.5830430,11.5145110],[42.5835220,11.5147300],[42.5837240,11.5147640],[42.5841270,11.5149350],[42.5842310,11.5149550],[42.5847250,11.5150370],[42.5851880,11.5150820],[42.5852290,11.5151360],[42.5853310,11.5150470],[42.5855610,11.5150310],[42.5856490,11.5150530],[42.5857350,11.5151420],[42.5858250,11.5152690],[42.5859230,11.5154090],[42.5860620,11.5152720],[42.5862040,11.5151650],[42.5864070,11.5149470],[42.5864720,11.5148430],[42.5866710,11.5146700],[42.5867670,11.5144280],[42.5868450,11.5143680],[42.5868680,11.5144800],[42.5868690,11.5146010],[42.5869580,11.5147720],[42.5868400,11.5150170],[42.5869610,11.5151430],[42.5869690,11.5152540],[42.5870870,11.5153630],[42.5869770,11.5155790],[42.5869550,11.5157160],[42.5870040,11.5158680],[42.5870640,11.5159680],[42.5872600,11.5161760],[42.5875330,11.5162210],[42.5877110,11.5163780],[42.5878390,11.5164520],[42.5877930,11.5165810],[42.5877240,11.5166680],[42.5878760,11.5169720],[42.5879550,11.5169060],[42.5880450,11.5170040],[42.5881550,11.5169710],[42.5881740,11.5168450]],\r\n\t\t\t\t\tgraphDist          : [0.00,0.01,0.03,0.05,0.08,0.09,0.12,0.16,0.18,0.19,0.21,0.24,0.25,0.26,0.27,0.28,0.30,0.31,0.33,0.34,0.36,0.41,0.43,0.47,0.48,0.50,0.52,0.53,0.54,0.56,0.58,0.60,0.61,0.62,0.66,0.68,0.70,0.72,0.74,0.76,0.79,0.80,0.81,0.83,0.85,0.86,0.92,0.97,0.98,1.03,1.05,1.10,1.13,1.21,1.28,1.31,1.33,1.34,1.39,1.41,1.42,1.46,1.48,1.51,1.57,1.59,1.64,1.65,1.69,1.73,1.75,1.78,1.80,1.83,1.86,1.90,1.91,1.93,1.94,2.01,2.07,2.11,2.15,2.20,2.22,2.24,2.25,2.29,2.31,2.36,2.39,2.40,2.42,2.44,2.45,2.47,2.49,2.51,2.52,2.57,2.61,2.65,2.72,2.73,2.80,2.84,2.88,2.90,2.98,3.00,3.08,3.20,3.26,3.28,3.36,3.42,3.47,3.48,3.55,3.66,3.69,3.71,3.76,3.78,3.79,3.85,3.88,3.91,4.00,4.07,4.10,4.13,4.14,4.17,4.19,4.21,4.24,4.27,4.33,4.37,4.39,4.40,4.41,4.46,4.48,4.50,4.54,4.61,4.64,4.77,4.78,4.79,4.81,4.83,4.90,4.93,4.97,5.01,5.02,5.06,5.07,5.09,5.11,5.12,5.15,5.16,5.17,5.19,5.21,5.24,5.25,5.27,5.30,5.31,5.35,5.37,5.39,5.44,5.45,5.48,5.50,5.53,5.57,5.61,5.71,5.80,5.83,5.85,5.87,5.95,5.96,5.98,6.02,6.03,6.05,6.08,6.19,6.21,6.36,6.37,6.43,6.47,6.50,6.57,6.59,6.62,6.70,6.75,6.78,6.83,6.84,6.87,6.89,6.94,6.96,6.97,6.99,7.01,7.06,7.09,7.13,7.16,7.20,7.24,7.26,7.30,7.34,7.36,7.37,7.41,7.45,7.49,7.58,7.64,7.69,7.71,7.76,7.83,7.85,7.87,7.90,8.00,8.02,8.05,8.06,8.08,8.12,8.14,8.17,8.20,8.23,8.27,8.29,8.31,8.32,8.35,8.37,8.39,8.41,8.43,8.44,8.46,8.51,8.56,8.57,8.58,8.60,8.61,8.63,8.64,8.66,8.67,8.68,8.71,8.73,8.75,8.76,8.78,8.79,8.80,8.82,8.85,8.88,8.94,8.97,8.99,9.01,9.04,9.10,9.16,9.20,9.45,9.61,9.68,9.72,9.75,9.87,9.94,9.99,10.03,10.17,10.28,10.40,10.59,10.62,10.66,10.69,10.73,10.75,10.77,10.79,10.85,10.97,11.05,11.07,11.08,11.11,11.15,11.20,11.25,11.27,11.29,11.30,11.33,11.35,11.39,11.45,11.47,11.48,11.53,11.55,11.57,11.59,11.62,11.68,11.77,11.80,11.86,11.88,11.92,11.96,11.98,12.00,12.06,12.13,12.16,12.18,12.24,12.26,12.27,12.30,12.32,12.44,12.49,12.53,12.61,12.68,12.75,12.78,12.80,12.82,12.84,12.93,12.94,12.96,12.97,13.00,13.10,13.14,13.19,13.20,13.25,13.29,13.33,13.36,13.39,13.44,13.46,13.48,13.50,13.52,13.54,13.56,13.58,13.61,13.64,13.65,13.69,13.71,13.73,13.75,13.78,13.81,13.83,13.86,13.90,13.91,13.96,13.98,14.04,14.07,14.09,14.13,14.14,14.17,14.21,14.23,14.24,14.27,14.34,14.41,14.44,14.50,14.52,14.57,14.58,14.64,14.69,14.70,14.71,14.74,14.75,14.76,14.77,14.79,14.81,14.83,14.86,14.87,14.90,14.92,14.93,14.94,14.95,14.97,15.00,15.02,15.03,15.04,15.07,15.08,15.09,15.10,15.13,15.16,15.19,15.20,15.22,15.23,15.26,15.27,15.28,15.29,15.30],\r\n\t\t\t\t\tgraphEle           : [413.75,416.00,418.50,421.25,424.50,428.00,432.00,431.25,430.00,430.75,431.75,430.75,430.25,429.75,428.25,428.00,428.00,428.75,430.50,432.00,430.25,421.25,421.75,430.75,431.25,429.25,427.00,424.75,423.00,419.75,414.00,412.00,408.50,405.00,410.50,412.75,412.75,411.25,409.00,407.00,402.50,400.75,399.25,396.50,393.00,392.50,384.75,375.50,373.75,367.75,365.50,362.00,361.25,357.25,352.75,349.50,348.25,347.75,343.25,340.50,339.25,338.00,336.25,333.00,331.25,331.50,333.50,334.00,335.00,335.75,336.50,337.75,337.50,337.25,336.75,335.75,334.75,334.75,335.00,330.75,326.50,322.75,320.75,324.25,328.50,329.75,329.75,328.75,328.00,324.50,319.50,318.50,318.00,318.75,318.25,317.25,315.00,313.25,314.25,314.00,313.50,313.00,313.75,312.75,303.25,300.25,298.50,298.50,290.25,287.75,278.25,258.25,252.25,251.25,248.75,243.75,244.25,244.50,247.50,247.50,247.50,247.25,246.25,245.50,244.50,240.75,239.25,237.50,230.50,228.00,227.00,227.00,226.75,226.00,225.75,225.00,223.50,221.75,219.25,215.75,212.75,211.25,210.00,204.75,201.75,198.50,194.75,185.75,182.00,171.25,170.50,169.50,168.25,167.25,165.00,163.50,159.75,154.75,152.75,149.75,149.75,150.00,149.25,148.00,146.50,146.00,145.50,144.50,143.75,144.75,145.75,147.75,149.25,150.00,149.75,150.75,152.25,153.75,154.25,155.75,156.75,156.00,154.00,152.75,148.25,151.00,151.50,151.50,152.00,154.25,155.75,157.25,160.75,162.25,164.75,167.50,177.50,179.50,193.75,195.50,203.00,205.50,207.50,213.75,216.75,220.25,227.50,226.50,227.00,228.50,229.25,232.50,235.50,238.50,239.25,240.00,240.75,240.75,240.50,241.50,242.25,243.75,246.75,249.75,251.00,253.00,255.50,256.75,257.50,260.25,260.25,258.50,256.50,256.00,256.50,258.00,256.75,248.00,245.75,243.25,240.25,231.75,229.25,226.75,226.25,226.25,226.50,225.00,222.25,219.75,217.25,214.50,214.00,212.75,211.50,210.25,208.75,207.75,206.75,205.75,205.25,206.00,205.75,201.50,200.50,199.75,198.75,197.75,196.50,195.00,193.50,192.25,191.00,185.25,183.50,183.50,184.75,186.25,187.50,188.25,189.25,191.25,195.50,200.25,201.50,202.75,203.50,204.00,205.00,205.75,206.75,209.50,214.50,216.50,217.50,218.25,223.50,226.50,227.00,228.00,230.00,232.50,235.50,244.25,244.00,244.25,244.50,245.75,245.25,244.50,244.00,242.75,235.75,225.75,224.25,222.75,219.50,214.50,209.50,208.25,208.75,209.50,210.25,212.00,212.75,213.75,214.75,215.25,215.75,217.75,217.18,217.45,219.75,222.25,225.75,228.00,227.25,224.50,223.00,220.75,218.00,218.25,219.00,223.00,230.25,233.50,236.75,243.75,245.00,247.00,251.25,253.50,265.50,267.75,269.75,277.75,285.00,291.25,291.25,291.75,292.25,293.25,297.00,296.75,296.75,296.75,297.75,299.50,302.00,303.75,305.00,309.25,307.25,308.50,311.75,313.25,318.75,320.50,323.00,324.50,326.00,327.00,329.75,331.00,333.00,334.75,335.75,336.75,337.00,337.25,337.50,337.75,336.50,335.75,335.00,334.50,334.00,331.50,331.25,333.00,336.25,338.00,339.25,340.50,343.25,347.75,348.25,349.50,352.75,357.25,361.00,361.75,365.50,367.75,373.75,375.50,384.75,392.50,393.00,395.25,399.25,400.75,402.50,404.50,406.75,409.00,411.25,412.75,411.25,410.50,405.75,405.25,408.50,411.50,417.25,421.50,424.25,425.00,427.50,427.50,428.25,429.00,427.75,427.00,429.50,424.50,422.00,420.75,420.00,413.25,414.00,412.00,412.00,413.50],\r\n\t\t\t\t\tgraphSpeed         : [],\r\n\t\t\t\t\tgraphHr            : [],\r\n\t\t\t\t\tgraphAtemp         : [],\r\n\t\t\t\t\tgraphCad           : [],\r\n\t\t\t\t\tgraphGrade         : [],\r\n\t\t\t\t\twaypoints          : [],\r\n\t\t\t\t\tunit               : \"2\",\r\n\t\t\t\t\tunitspeed          : \"0\",\r\n\t\t\t\t\tcolor1             : [\"#3366cc\"],\r\n\t\t\t\t\tcolor2             : \"#3366cc\",\r\n\t\t\t\t\tcolor3             : \"#ff0000\",\r\n\t\t\t\t\tcolor4             : \"#ff77bd\",\r\n\t\t\t\t\tcolor5             : \"#beecff\",\r\n\t\t\t\t\tcolor6             : \"#beecff\",\r\n\t\t\t\t\tcolor7             : \"#ff77bd\",\r\n\t\t\t\t\tchartFrom1         : \"\",\r\n\t\t\t\t\tchartTo1           : \"\",\r\n\t\t\t\t\tchartFrom2         : \"\",\r\n\t\t\t\t\tchartTo2           : \"\",\r\n\t\t\t\t\tstartIcon          : \"\",\r\n\t\t\t\t\tendIcon            : \"\",\r\n\t\t\t\t\tcurrentIcon        : \"\",\r\n\t\t\t\t\twaypointIcon       : \"https:\/\/lavia.cc\/gpx\/wp-content\/uploads\/gpx\/cropped-icona.ico\",\r\n\t\t\t\t\tcurrentpositioncon : \"\",\r\n\t\t\t\t\tusegpsposition     : \"\",\r\n\t\t\t\t\tzoomOnScrollWheel  : \"\",\r\n\t\t\t\t\tngGalleries        : [],\r\n\t\t\t\t\tngImages           : [],\r\n\t\t\t\t\tpluginUrl          : \"https:\/\/lavia.cc\/gpx\/wp-content\/plugins\",\r\n\t\t\t\t\tTFApiKey           : \"\",\r\n\t\t\t\t\tMapBoxApiKey           : \"\",\r\n\t\t\t\t\tlangs              : {\r\n\t\t\t\t\t\taltitude        : \"Altitudine\",\r\n\t\t\t\t\t\tcurrentPosition : \"Current position\",\r\n\t\t\t\t\t\tspeed           : \"Velocit\u00e0\",\r\n\t\t\t\t\t\tgrade           : \"Grade\",\r\n\t\t\t\t\t\theartRate       : \"Battito Cardiaco\",\r\n\t\t\t\t\t\tatemp           : \"Temperature\",\r\n\t\t\t\t\t\tcadence         : \"Cadenza\",\r\n\t\t\t\t\t\tgoFullScreen    : \"Go full screen\",\r\n\t\t\t\t\t\texitFullFcreen  : \"Exit full screen\",\r\n\t\t\t\t\t\thideImages      : \"Hide images\",\r\n\t\t\t\t\t\tshowImages      : \"Show images\",\r\n\t\t\t\t\t\tbackToCenter\t: \"Ritorna al centro della mappa\"\r\n\t\t\t\t\t}\r\n\t\t\t\t});\r\n\r\n\t\t\t});\r\n\r\n\t\t<\/script>\n<p>\ud83d\udfe2 Visita\u00a0<a href=\"https:\/\/lavia.cc\/gpx\/\">LAVIA.CC<\/a>\u00a0per altre tracce gpx e condividi le tue avventure con la nostra\u00a0<a href=\"https:\/\/www.instagram.com\/lavia.cc\/\" target=\"_blank\" rel=\"noopener\">community<\/a>! \ud83d\udeb4\u200d\u2642\ufe0f\ud83c\udf32\ud83c\udfde\ufe0f<\/p>\n","protected":false},"excerpt":{"rendered":"<p><strong>\ud83d\udccd TRACCIA CARICATA DA:\u00a0<a href=\"https:\/\/lavia.cc\/gpx\/maremma-green-passion\/\" target=\"_blank\" rel=\"noopener\">MAREMMA GREEN PASSION<\/a><\/strong><\/p>\n<p>Inauguriamo un interessante anello a Manciano, partendo dal centro del borgo storico, posizionato in cima a una collina, con una vista eccezionale che spazia a 360\u00b0 e per questo soprannominato &#8220;Spia della Maremma&#8221;. Scendendo dai caratteristici vicoletti in direzione sud-ovest (verso il mare), si imbocca quindi la Via delle Fonti. Siamo su tratto del cammino Vetta &#8211; Mare e le strade sono comode anche da fare in mountain bike. Ad un certo punto imboccheremo una diramazione sulla destra, addentrandoci in un percorso bellissimo che solca boschi puliti e campagne ordinate, che ci condurr\u00e0 fino ad attraversare il torrente Elsa, per poi risalire passando accanto al Molino di Poggio Foco, verso il quale gireremo una volta raggiunto il bivio. Qua i greggi godono di uno spazio per il pascolo ampio, salubre e ricco, e questo benessere consente di ottenere un latte ottimo che viene utilizzato per la produzione del pecorino DOP. Arrivati a Poggio Foco si scende di nuovo verso il torrente riprendendo la via del bosco, fino ad arrivare al suggestivo Lago Scuro, che ha un aspetto cupo perch\u00e9 rimane all\u2019ombra degli alberi che lo circondano completamente. La leggenda narra che una famiglia non rispett\u00f2 la tradizione di non lavorare nei campi nel giorno di S. Anna e cos\u00ec, dopo un forte boato, la terra sprofond\u00f2 inghiottendoli tutti e quindi furono sommersi dalle acque che formarono il lago. Oltrepassato il Lago Scuro ritorneremo al punto di diramazione, chiudendo l\u2019anello e risalendo verso Manciano sulla stessa strada dell\u2019andata.<\/p>\n<p>\ud83c\udf89W LA SPIA DELLA MAREMMA!<\/p>\n<p>\ud83d\udfe2 Segui\u00a0<strong>LAVIA,<\/strong>\u00a0arriva alla\u00a0<strong>META<\/strong>!<\/p>\n<p><a href=\"https:\/\/lavia.cc\/gpx\/wp-content\/uploads\/2025\/01\/banner-bastoncini-3.gif\"><img fetchpriority=\"high\" decoding=\"async\" class=\"aligncenter wp-image-19465 size-full\" src=\"https:\/\/lavia.cc\/gpx\/wp-content\/uploads\/2025\/01\/banner-bastoncini-3.gif\" alt=\"Offerta bastoncini da trekking COBER POLES | LAVIA\" width=\"1080\" height=\"300\" \/><\/a><\/p>\n","protected":false},"featured_media":19355,"comment_status":"open","ping_status":"closed","template":"","meta":[],"product_brand":[],"product_cat":[31],"product_tag":[880,1809,126],"class_list":{"0":"post-19351","1":"product","2":"type-product","3":"status-publish","4":"has-post-thumbnail","6":"product_cat-escursionismo","7":"product_tag-grosseto","8":"product_tag-manciano","9":"product_tag-toscana","11":"first","12":"instock","13":"downloadable","14":"virtual","15":"product-type-simple"},"_links":{"self":[{"href":"https:\/\/lavia.cc\/gpx\/wp-json\/wp\/v2\/product\/19351","targetHints":{"allow":["GET"]}}],"collection":[{"href":"https:\/\/lavia.cc\/gpx\/wp-json\/wp\/v2\/product"}],"about":[{"href":"https:\/\/lavia.cc\/gpx\/wp-json\/wp\/v2\/types\/product"}],"replies":[{"embeddable":true,"href":"https:\/\/lavia.cc\/gpx\/wp-json\/wp\/v2\/comments?post=19351"}],"version-history":[{"count":4,"href":"https:\/\/lavia.cc\/gpx\/wp-json\/wp\/v2\/product\/19351\/revisions"}],"predecessor-version":[{"id":19471,"href":"https:\/\/lavia.cc\/gpx\/wp-json\/wp\/v2\/product\/19351\/revisions\/19471"}],"wp:featuredmedia":[{"embeddable":true,"href":"https:\/\/lavia.cc\/gpx\/wp-json\/wp\/v2\/media\/19355"}],"wp:attachment":[{"href":"https:\/\/lavia.cc\/gpx\/wp-json\/wp\/v2\/media?parent=19351"}],"wp:term":[{"taxonomy":"product_brand","embeddable":true,"href":"https:\/\/lavia.cc\/gpx\/wp-json\/wp\/v2\/product_brand?post=19351"},{"taxonomy":"product_cat","embeddable":true,"href":"https:\/\/lavia.cc\/gpx\/wp-json\/wp\/v2\/product_cat?post=19351"},{"taxonomy":"product_tag","embeddable":true,"href":"https:\/\/lavia.cc\/gpx\/wp-json\/wp\/v2\/product_tag?post=19351"}],"curies":[{"name":"wp","href":"https:\/\/api.w.org\/{rel}","templated":true}]}}