{"id":1937,"date":"2022-08-29T17:37:22","date_gmt":"2022-08-29T15:37:22","guid":{"rendered":"https:\/\/lavia.cc\/gpx\/?post_type=product&#038;p=1937"},"modified":"2025-08-23T17:44:26","modified_gmt":"2025-08-23T15:44:26","slug":"rifugio-migliorero-da-bagni-di-vinadio","status":"publish","type":"product","link":"https:\/\/lavia.cc\/gpx\/tracce\/rifugio-migliorero-da-bagni-di-vinadio\/","title":{"rendered":"Rifugio Migliorero da Bagni di Vinadio"},"content":{"rendered":"<h4>Rifugio Migliorero da Bagni di Vinadio<\/h4>\n<p>Mappa dell&#8217;<a href=\"https:\/\/lavia.cc\/gpx\/categoria-tracce\/escursionismo\/\">escursione<\/a>.<\/p>\n\r\n\t\t<div id=\"wpgpxmaps_1937_147227\" class=\"wpgpxmaps\">\r\n\t\t\t<div id=\"map_1937_147227_cont\" style=\"width:100%; height:450px;position:relative\" >\r\n\t\t\t\t<div id=\"map_1937_147227\" style=\"width:100%; height:450px\"><\/div>\r\n\t\t\t\t<div id=\"wpgpxmaps_1937_147227_osm_footer\" class=\"wpgpxmaps_osm_footer\" style=\"display:none;\"><span> &copy; <a href=\"http:\/\/www.openstreetmap.org\/copyright\" target=\"_blank\" rel=\"noopener\">OpenStreetMap<\/a> contributors<\/span><\/div>\r\n\t\t\t<\/div>\r\n\t\t\t<canvas id=\"myChart_1937_147227\" class=\"plot\" style=\"width:100%; height:200px\"><\/canvas>\r\n\t\t\t<div id=\"ngimages_1937_147227\" class=\"ngimages\" style=\"display:none\"><\/div>\r\n\t\t\t<div id=\"report_1937_147227\" class=\"report\"><\/div>\r\n\t\t<\/div>\r\n\t\t\r\n\t\t<script type=\"text\/javascript\">\r\n\r\n\t\t\tjQuery(document).ready(function() {\r\n\r\n\t\t\t\tjQuery( \"#wpgpxmaps_1937_147227\" ).wpgpxmaps( {\r\n\t\t\t\t\ttargetId           : \"1937_147227\",\r\n\t\t\t\t\tmapType            : \"HYBRID\",\r\n\t\t\t\t\tmapData            : [[44.2939170,7.0696100],[44.2939430,7.0693940],[44.2937290,7.0692380],[44.2934840,7.0692100],[44.2931300,7.0693980],[44.2928710,7.0696900],[44.2927600,7.0696560],[44.2929830,7.0692380],[44.2930850,7.0689240],[44.2932620,7.0687010],[44.2934620,7.0678510],[44.2936200,7.0678030],[44.2938370,7.0680450],[44.2939510,7.0680700],[44.2941350,7.0679150],[44.2941700,7.0676560],[44.2940970,7.0670470],[44.2941250,7.0663930],[44.2940160,7.0663600],[44.2939020,7.0667530],[44.2938140,7.0667990],[44.2937140,7.0666260],[44.2938200,7.0663440],[44.2939370,7.0656010],[44.2943540,7.0643430],[44.2942690,7.0632930],[44.2943920,7.0626910],[44.2943010,7.0600050],[44.2943920,7.0595130],[44.2943040,7.0591240],[44.2940160,7.0583980],[44.2939310,7.0579800],[44.2939430,7.0569220],[44.2940080,7.0567660],[44.2941970,7.0565550],[44.2942750,7.0564430],[44.2943130,7.0562070],[44.2942830,7.0552450],[44.2941730,7.0545370],[44.2944300,7.0539600],[44.2946480,7.0531180],[44.2946770,7.0528610],[44.2946270,7.0526300],[44.2940650,7.0511490],[44.2936990,7.0504390],[44.2935190,7.0496160],[44.2935500,7.0492780],[44.2934450,7.0487230],[44.2931470,7.0481430],[44.2928870,7.0474580],[44.2926820,7.0468090],[44.2927050,7.0466850],[44.2925780,7.0465510],[44.2926050,7.0464370],[44.2926490,7.0465670],[44.2926620,7.0466940],[44.2926530,7.0467910],[44.2926480,7.0466690],[44.2926390,7.0465280],[44.2926570,7.0463980],[44.2926060,7.0462910],[44.2926160,7.0461640],[44.2925970,7.0460420],[44.2925680,7.0459250],[44.2926120,7.0458120],[44.2925500,7.0457030],[44.2924760,7.0456040],[44.2924740,7.0454730],[44.2924550,7.0453240],[44.2925170,7.0452100],[44.2925690,7.0450840],[44.2926250,7.0449770],[44.2927040,7.0449090],[44.2927180,7.0447820],[44.2927680,7.0446890],[44.2928620,7.0447110],[44.2928610,7.0445930],[44.2928150,7.0444780],[44.2927910,7.0443450],[44.2928480,7.0444450],[44.2929200,7.0445520],[44.2929800,7.0445250],[44.2931120,7.0445940],[44.2933710,7.0448040],[44.2937850,7.0454420],[44.2939370,7.0459910],[44.2940340,7.0455980],[44.2939530,7.0443910],[44.2937650,7.0434040],[44.2934730,7.0428870],[44.2931380,7.0420750],[44.2928080,7.0415220],[44.2927520,7.0414030],[44.2922690,7.0411680],[44.2927520,7.0414030],[44.2928520,7.0414030],[44.2931890,7.0416390],[44.2936500,7.0422130],[44.2938320,7.0423350],[44.2937180,7.0420660],[44.2936140,7.0418210],[44.2934710,7.0410080],[44.2932580,7.0404750],[44.2931000,7.0402420],[44.2927530,7.0401110],[44.2921110,7.0393120],[44.2919170,7.0391870],[44.2918700,7.0390730],[44.2925370,7.0391790],[44.2927450,7.0391440],[44.2929870,7.0393470],[44.2931250,7.0394080],[44.2929850,7.0392330],[44.2928420,7.0389390],[44.2927570,7.0388450],[44.2926050,7.0388100],[44.2922580,7.0386640],[44.2920560,7.0384640],[44.2919950,7.0382910],[44.2919970,7.0378990],[44.2918400,7.0374250],[44.2917830,7.0371010],[44.2913460,7.0364850],[44.2911180,7.0363280],[44.2908840,7.0363770],[44.2906160,7.0363500],[44.2905210,7.0363430],[44.2903300,7.0362540],[44.2902920,7.0363910],[44.2902320,7.0364970],[44.2901620,7.0365780],[44.2900610,7.0366040],[44.2899690,7.0366440],[44.2898910,7.0367330],[44.2897940,7.0367060],[44.2897330,7.0366060],[44.2897270,7.0364700],[44.2897100,7.0363300],[44.2896920,7.0361850],[44.2896600,7.0360440],[44.2895740,7.0359890],[44.2894720,7.0359240],[44.2891820,7.0358630],[44.2889750,7.0354200],[44.2889170,7.0347320],[44.2886950,7.0343420],[44.2884310,7.0341310],[44.2880970,7.0329920],[44.2879340,7.0316900],[44.2877770,7.0311330],[44.2877130,7.0306550],[44.2877780,7.0302330],[44.2877580,7.0298400],[44.2876740,7.0294200],[44.2876620,7.0286530],[44.2873290,7.0280250],[44.2872710,7.0277450],[44.2873510,7.0276200],[44.2873510,7.0274460],[44.2873220,7.0268130],[44.2873490,7.0264310],[44.2867570,7.0250110],[44.2863850,7.0246750],[44.2861690,7.0240450],[44.2857850,7.0233190],[44.2854100,7.0221520],[44.2853060,7.0216050],[44.2848600,7.0204600],[44.2847600,7.0201720],[44.2845120,7.0197560],[44.2841730,7.0193680],[44.2841890,7.0192540],[44.2841520,7.0190560],[44.2840700,7.0189440],[44.2837980,7.0185710],[44.2836730,7.0185480],[44.2834830,7.0183710],[44.2834180,7.0185050],[44.2833850,7.0186960],[44.2832380,7.0186310],[44.2831530,7.0185880],[44.2830620,7.0185250],[44.2829630,7.0185070],[44.2828850,7.0185680],[44.2828240,7.0186680],[44.2827440,7.0187300],[44.2827350,7.0188530],[44.2826860,7.0189640],[44.2826920,7.0190360],[44.2827850,7.0190320],[44.2828420,7.0189770],[44.2828230,7.0188500],[44.2828640,7.0187150],[44.2827690,7.0186630],[44.2827790,7.0186320],[44.2827650,7.0187670],[44.2827680,7.0189060],[44.2827250,7.0190330],[44.2827430,7.0191610],[44.2828230,7.0192420],[44.2828370,7.0192310],[44.2828420,7.0191070],[44.2827980,7.0189720],[44.2832340,7.0187730],[44.2836710,7.0185740],[44.2837980,7.0185710],[44.2840700,7.0189440],[44.2841520,7.0190560],[44.2841890,7.0192540],[44.2841730,7.0193680],[44.2845120,7.0197560],[44.2847600,7.0201720],[44.2848600,7.0204600],[44.2853060,7.0216050],[44.2854100,7.0221520],[44.2857850,7.0233190],[44.2861690,7.0240450],[44.2863850,7.0246750],[44.2867570,7.0250110],[44.2873490,7.0264310],[44.2873220,7.0268130],[44.2873510,7.0274460],[44.2873510,7.0276200],[44.2872710,7.0277450],[44.2873290,7.0280250],[44.2876620,7.0286530],[44.2876740,7.0294200],[44.2877580,7.0298400],[44.2877780,7.0302330],[44.2877130,7.0306550],[44.2877770,7.0311330],[44.2879340,7.0316900],[44.2880970,7.0329920],[44.2884310,7.0341310],[44.2886950,7.0343420],[44.2889170,7.0347320],[44.2889750,7.0354200],[44.2891820,7.0358630],[44.2894890,7.0359510],[44.2896300,7.0360560],[44.2896840,7.0365340],[44.2897820,7.0367220],[44.2898490,7.0367900],[44.2899330,7.0367640],[44.2900050,7.0366710],[44.2900930,7.0366300],[44.2901940,7.0365850],[44.2902770,7.0365270],[44.2903040,7.0364040],[44.2903950,7.0363400],[44.2904880,7.0363460],[44.2905830,7.0363960],[44.2906860,7.0363990],[44.2907900,7.0364000],[44.2908870,7.0364270],[44.2909890,7.0363890],[44.2911180,7.0363280],[44.2913460,7.0364850],[44.2917830,7.0371010],[44.2918400,7.0374250],[44.2919970,7.0378990],[44.2919950,7.0382910],[44.2920560,7.0384640],[44.2922580,7.0386640],[44.2926050,7.0388100],[44.2927570,7.0388450],[44.2928420,7.0389390],[44.2929850,7.0392330],[44.2931390,7.0393240],[44.2930400,7.0393910],[44.2927450,7.0391440],[44.2925370,7.0391790],[44.2918700,7.0390730],[44.2919170,7.0391870],[44.2920490,7.0392720],[44.2927080,7.0400580],[44.2931000,7.0402420],[44.2932580,7.0404750],[44.2934710,7.0410080],[44.2936140,7.0418210],[44.2937180,7.0420660],[44.2938320,7.0423350],[44.2936590,7.0422190],[44.2931890,7.0416390],[44.2928520,7.0414030],[44.2927520,7.0414030],[44.2928080,7.0415220],[44.2931380,7.0420750],[44.2934730,7.0428870],[44.2937620,7.0433880],[44.2939530,7.0443910],[44.2940480,7.0454850],[44.2939900,7.0459560],[44.2937850,7.0454420],[44.2933710,7.0448040],[44.2931120,7.0445940],[44.2929800,7.0445250],[44.2927980,7.0443070],[44.2927220,7.0443400],[44.2928720,7.0448490],[44.2928740,7.0450720],[44.2928800,7.0455790],[44.2929710,7.0463100],[44.2929550,7.0465330],[44.2931710,7.0471680],[44.2938150,7.0479020],[44.2942340,7.0481580],[44.2942910,7.0482930],[44.2942410,7.0486530],[44.2943130,7.0489510],[44.2945390,7.0494400],[44.2948960,7.0500120],[44.2954680,7.0507310],[44.2957160,7.0518460],[44.2959240,7.0525210],[44.2960790,7.0527710],[44.2961320,7.0531080],[44.2961570,7.0532680],[44.2960330,7.0543210],[44.2959530,7.0543950],[44.2959100,7.0540690],[44.2958780,7.0538340],[44.2958150,7.0537160],[44.2947510,7.0524680],[44.2946520,7.0525310],[44.2946770,7.0528610],[44.2946480,7.0531180],[44.2944300,7.0539600],[44.2941730,7.0545370],[44.2942830,7.0552450],[44.2943130,7.0562070],[44.2942750,7.0564430],[44.2941970,7.0565550],[44.2940080,7.0567660],[44.2939430,7.0569220],[44.2939310,7.0579800],[44.2940160,7.0583980],[44.2943040,7.0591240],[44.2943920,7.0595130],[44.2943010,7.0600050],[44.2943920,7.0626910],[44.2942690,7.0632930],[44.2943540,7.0643430],[44.2939370,7.0656010],[44.2938200,7.0663440],[44.2937140,7.0666260],[44.2937520,7.0667660],[44.2939020,7.0667530],[44.2940160,7.0663600],[44.2941250,7.0663930],[44.2940970,7.0670470],[44.2941700,7.0676560],[44.2941350,7.0679150],[44.2939510,7.0680700],[44.2938370,7.0680450],[44.2936200,7.0678030],[44.2934620,7.0678510],[44.2932620,7.0687010],[44.2930850,7.0689240],[44.2929830,7.0692380],[44.2927680,7.0695790],[44.2928050,7.0697070],[44.2931300,7.0693980],[44.2934840,7.0692100],[44.2937290,7.0692380],[44.2939430,7.0693940],[44.2939690,7.0695170],[44.2938960,7.0696480]],\r\n\t\t\t\t\tgraphDist          : [0.00,0.02,0.05,0.07,0.12,0.15,0.17,0.21,0.24,0.26,0.33,0.35,0.38,0.40,0.42,0.44,0.49,0.54,0.56,0.59,0.60,0.62,0.65,0.71,0.82,0.91,0.96,1.17,1.21,1.24,1.31,1.34,1.43,1.44,1.47,1.48,1.50,1.58,1.64,1.69,1.76,1.78,1.80,1.94,2.01,2.07,2.10,2.15,2.21,2.27,2.33,2.34,2.35,2.36,2.38,2.39,2.40,2.41,2.42,2.43,2.44,2.45,2.46,2.47,2.48,2.50,2.51,2.52,2.53,2.54,2.55,2.57,2.58,2.59,2.60,2.61,2.62,2.63,2.64,2.65,2.66,2.68,2.69,2.72,2.79,2.84,2.88,2.97,3.06,3.11,3.18,3.24,3.26,3.31,3.37,3.38,3.42,3.49,3.52,3.54,3.56,3.63,3.68,3.70,3.74,3.84,3.86,3.88,3.95,3.97,4.01,4.02,4.05,4.08,4.09,4.11,4.15,4.17,4.19,4.22,4.26,4.29,4.36,4.39,4.41,4.44,4.45,4.48,4.49,4.50,4.51,4.52,4.53,4.55,4.56,4.57,4.58,4.59,4.60,4.61,4.62,4.64,4.67,4.71,4.77,4.81,4.84,4.94,5.05,5.10,5.13,5.17,5.20,5.23,5.30,5.36,5.38,5.39,5.41,5.46,5.49,5.62,5.67,5.73,5.80,5.90,5.95,6.05,6.08,6.12,6.17,6.18,6.20,6.21,6.26,6.27,6.30,6.31,6.32,6.34,6.35,6.36,6.38,6.39,6.40,6.41,6.42,6.43,6.44,6.45,6.46,6.47,6.48,6.50,6.51,6.52,6.53,6.54,6.55,6.56,6.57,6.58,6.60,6.66,6.71,6.72,6.76,6.78,6.79,6.81,6.86,6.90,6.93,7.03,7.08,7.18,7.25,7.31,7.36,7.49,7.52,7.57,7.58,7.60,7.62,7.68,7.74,7.78,7.81,7.84,7.88,7.93,8.04,8.13,8.17,8.21,8.26,8.31,8.34,8.36,8.40,8.42,8.43,8.44,8.45,8.46,8.47,8.48,8.49,8.50,8.52,8.53,8.54,8.55,8.56,8.57,8.59,8.62,8.69,8.71,8.76,8.79,8.80,8.83,8.87,8.89,8.90,8.93,8.95,8.96,9.00,9.03,9.10,9.11,9.13,9.23,9.27,9.30,9.35,9.41,9.44,9.46,9.48,9.55,9.60,9.61,9.62,9.68,9.75,9.81,9.89,9.98,10.02,10.07,10.14,10.17,10.19,10.22,10.23,10.27,10.29,10.33,10.39,10.41,10.46,10.56,10.61,10.62,10.65,10.67,10.72,10.78,10.87,10.96,11.02,11.05,11.07,11.09,11.17,11.18,11.21,11.23,11.24,11.40,11.41,11.44,11.46,11.53,11.59,11.64,11.72,11.74,11.75,11.78,11.79,11.88,11.91,11.98,12.01,12.05,12.27,12.32,12.40,12.51,12.57,12.60,12.61,12.63,12.66,12.68,12.73,12.78,12.80,12.83,12.84,12.87,12.89,12.96,12.99,13.01,13.05,13.06,13.11,13.15,13.18,13.20,13.21,13.23],\r\n\t\t\t\t\tgraphEle           : [1476.29,1476.29,1476.29,1476.29,1476.82,1478.04,1478.50,1479.90,1480.81,1481.68,1486.24,1487.98,1490.98,1492.23,1494.55,1496.58,1501.35,1507.89,1509.97,1514.43,1515.81,1518.35,1521.70,1529.64,1543.30,1553.71,1559.77,1582.10,1584.75,1586.88,1590.77,1589.72,1587.15,1586.71,1585.89,1585.52,1584.93,1584.79,1584.77,1584.75,1588.63,1590.07,1591.40,1602.21,1610.70,1619.05,1622.36,1630.60,1641.30,1652.91,1663.30,1665.06,1668.12,1669.83,1671.82,1673.60,1675.36,1677.20,1679.14,1680.99,1682.76,1684.51,1686.38,1688.24,1690.14,1692.11,1694.08,1695.88,1697.85,1699.71,1701.68,1703.55,1705.31,1706.97,1708.71,1710.43,1712.14,1713.85,1715.68,1717.36,1719.25,1720.91,1723.44,1728.51,1737.07,1742.91,1747.33,1756.77,1763.06,1767.12,1775.39,1782.04,1783.69,1790.29,1797.91,1799.43,1805.15,1814.53,1817.60,1819.85,1821.54,1826.51,1830.14,1832.04,1836.29,1848.94,1852.09,1853.47,1863.22,1866.19,1870.19,1872.28,1875.52,1879.12,1880.66,1882.84,1886.92,1889.03,1890.20,1892.59,1895.77,1897.80,1903.26,1905.58,1907.75,1910.20,1911.07,1913.09,1914.12,1915.00,1915.84,1916.78,1917.88,1919.15,1920.39,1921.57,1922.80,1924.08,1925.41,1926.75,1927.96,1929.37,1933.40,1938.15,1943.94,1948.01,1951.49,1960.60,1964.08,1965.65,1966.74,1966.64,1966.54,1966.43,1966.23,1966.96,1967.63,1968.02,1968.42,1969.87,1970.76,1980.45,1985.07,1990.29,1999.43,2012.59,2018.39,2031.67,2034.93,2040.45,2044.64,2045.71,2046.92,2047.83,2050.83,2051.82,2053.62,2054.53,2055.64,2056.43,2056.61,2056.82,2057.04,2057.25,2057.44,2057.63,2057.84,2058.03,2058.24,2058.44,2058.65,2058.84,2059.06,2059.30,2059.50,2059.70,2059.91,2059.76,2059.40,2059.01,2058.64,2058.29,2057.52,2055.75,2053.96,2053.40,2049.70,2048.35,2046.55,2044.94,2039.79,2035.23,2032.54,2018.56,2012.41,1999.38,1990.98,1984.48,1979.76,1970.91,1968.84,1967.47,1967.40,1967.32,1967.19,1966.85,1966.51,1966.29,1966.10,1965.89,1965.65,1965.35,1959.47,1953.68,1950.07,1945.63,1939.46,1934.75,1930.88,1929.08,1925.20,1923.33,1922.27,1921.16,1920.01,1918.96,1917.77,1916.73,1915.68,1914.51,1913.44,1912.30,1911.13,1910.12,1909.20,1908.21,1906.76,1904.38,1898.57,1896.33,1892.68,1889.73,1888.28,1885.68,1881.87,1880.26,1879.12,1876.45,1874.42,1872.08,1866.61,1863.29,1852.62,1851.13,1848.82,1838.73,1834.22,1831.74,1826.99,1819.76,1817.30,1814.60,1812.28,1804.33,1797.65,1795.87,1793.61,1784.48,1772.92,1767.39,1758.48,1748.06,1742.66,1735.08,1725.35,1719.56,1716.55,1711.44,1709.29,1700.89,1697.48,1689.74,1682.54,1681.18,1676.91,1669.96,1668.80,1668.51,1667.84,1667.27,1666.21,1663.57,1657.51,1650.71,1643.74,1640.58,1637.31,1635.76,1625.61,1624.32,1620.67,1618.37,1616.95,1599.43,1598.31,1595.76,1593.84,1587.25,1584.97,1585.48,1586.15,1586.32,1586.43,1586.87,1587.14,1588.74,1589.40,1588.62,1585.79,1582.26,1559.78,1553.65,1543.21,1529.42,1521.79,1518.51,1516.96,1514.65,1510.28,1508.24,1501.48,1495.89,1494.15,1492.18,1491.12,1488.57,1487.08,1481.19,1480.73,1480.73,1480.73,1480.73,1480.73,1480.73,1480.73,1480.73,1480.73,1480.73],\r\n\t\t\t\t\tgraphSpeed         : [],\r\n\t\t\t\t\tgraphHr            : [],\r\n\t\t\t\t\tgraphAtemp         : [],\r\n\t\t\t\t\tgraphCad           : [],\r\n\t\t\t\t\tgraphGrade         : [],\r\n\t\t\t\t\twaypoints          : [],\r\n\t\t\t\t\tunit               : \"2\",\r\n\t\t\t\t\tunitspeed          : \"0\",\r\n\t\t\t\t\tcolor1             : [\"#3366cc\"],\r\n\t\t\t\t\tcolor2             : \"#3366cc\",\r\n\t\t\t\t\tcolor3             : \"#ff0000\",\r\n\t\t\t\t\tcolor4             : \"#ff77bd\",\r\n\t\t\t\t\tcolor5             : \"#beecff\",\r\n\t\t\t\t\tcolor6             : \"#beecff\",\r\n\t\t\t\t\tcolor7             : \"#ff77bd\",\r\n\t\t\t\t\tchartFrom1         : \"\",\r\n\t\t\t\t\tchartTo1           : \"\",\r\n\t\t\t\t\tchartFrom2         : \"\",\r\n\t\t\t\t\tchartTo2           : \"\",\r\n\t\t\t\t\tstartIcon          : \"\",\r\n\t\t\t\t\tendIcon            : \"\",\r\n\t\t\t\t\tcurrentIcon        : \"\",\r\n\t\t\t\t\twaypointIcon       : \"https:\/\/lavia.cc\/gpx\/wp-content\/uploads\/gpx\/cropped-icona.ico\",\r\n\t\t\t\t\tcurrentpositioncon : \"\",\r\n\t\t\t\t\tusegpsposition     : \"\",\r\n\t\t\t\t\tzoomOnScrollWheel  : \"\",\r\n\t\t\t\t\tngGalleries        : [],\r\n\t\t\t\t\tngImages           : [],\r\n\t\t\t\t\tpluginUrl          : \"https:\/\/lavia.cc\/gpx\/wp-content\/plugins\",\r\n\t\t\t\t\tTFApiKey           : \"\",\r\n\t\t\t\t\tMapBoxApiKey           : \"\",\r\n\t\t\t\t\tlangs              : {\r\n\t\t\t\t\t\taltitude        : \"Altitudine\",\r\n\t\t\t\t\t\tcurrentPosition : \"Current position\",\r\n\t\t\t\t\t\tspeed           : \"Velocit\u00e0\",\r\n\t\t\t\t\t\tgrade           : \"Grade\",\r\n\t\t\t\t\t\theartRate       : \"Battito Cardiaco\",\r\n\t\t\t\t\t\tatemp           : \"Temperature\",\r\n\t\t\t\t\t\tcadence         : \"Cadenza\",\r\n\t\t\t\t\t\tgoFullScreen    : \"Go full screen\",\r\n\t\t\t\t\t\texitFullFcreen  : \"Exit full screen\",\r\n\t\t\t\t\t\thideImages      : \"Hide images\",\r\n\t\t\t\t\t\tshowImages      : \"Show images\",\r\n\t\t\t\t\t\tbackToCenter\t: \"Ritorna al centro della mappa\"\r\n\t\t\t\t\t}\r\n\t\t\t\t});\r\n\r\n\t\t\t});\r\n\r\n\t\t<\/script>\n<p>Clicca qui per raggiungere il punto di partenza: <a href=\"https:\/\/www.google.it\/maps\/place\/12010+Besmorello+CN\/@44.2928632,7.0670861,17z\/data=!3m1!4b1!4m13!1m7!3m6!1s0x0:0x3e7abec3477167e5!2zNDTCsDE3JzM4LjAiTiA3wrAwNCcxMC43IkU!3b1!8m2!3d44.29388!4d7.06965!3m4!1s0x12ccfda00f684a49:0x2605e67e578433c1!8m2!3d44.2928695!4d7.0712739\" target=\"_blank\" rel=\"noopener\">Google Maps<\/a><\/p>\n","protected":false},"excerpt":{"rendered":"<p>Il Rifugio Migliorero! Come un castello severo e suggestivo, arroccato su uno sperone di roccia la cui immagine si riflette nel lago sottostante. L&#8217;alta e imponente struttura di pietra, \u00e8 caratterizzata da uno stile inconfondibile, quasi da albergo &#8216;Belle Epoque&#8217; , fu costruito come albergo in quota (2.100 metri) nel 1934 ed \u00e8 ancora oggi meta di escursionisti amanti della montagna. Il rifugio \u00e8 posto sopra uno sperone roccioso che pare sbarrare il vallone dell&#8217;Ischiator. Dalla sommit\u00e0 dello sperone si gode un bel panorama sui sottostanti Laghetti Inferiori dell&#8217;Ischiator, due splendidi specchi d&#8217;acqua, in parte trasformati in verdi torbiere. Il punto di partenza \u00e8 Bagni di Vinadio, in Valle Stura, e il percorso per raggiungerlo \u00e8 semplice, fattibile anche per i bambini. Una destinazione ideale per tutti gli escursionisti.<\/p>\n<p>\ud83d\udfe2\u00a0Segui LAVIA!<\/p>\n","protected":false},"featured_media":1938,"comment_status":"open","ping_status":"closed","template":"","meta":[],"product_brand":[],"product_cat":[31],"product_tag":[201,309,190,89,310],"class_list":{"0":"post-1937","1":"product","2":"type-product","3":"status-publish","4":"has-post-thumbnail","6":"product_cat-escursionismo","7":"product_tag-alpi","8":"product_tag-alpi-marittime","9":"product_tag-cuneo","10":"product_tag-piemonte","11":"product_tag-rifugio-guglielmo-migliorero","13":"first","14":"instock","15":"downloadable","16":"virtual","17":"product-type-simple"},"_links":{"self":[{"href":"https:\/\/lavia.cc\/gpx\/wp-json\/wp\/v2\/product\/1937","targetHints":{"allow":["GET"]}}],"collection":[{"href":"https:\/\/lavia.cc\/gpx\/wp-json\/wp\/v2\/product"}],"about":[{"href":"https:\/\/lavia.cc\/gpx\/wp-json\/wp\/v2\/types\/product"}],"replies":[{"embeddable":true,"href":"https:\/\/lavia.cc\/gpx\/wp-json\/wp\/v2\/comments?post=1937"}],"version-history":[{"count":5,"href":"https:\/\/lavia.cc\/gpx\/wp-json\/wp\/v2\/product\/1937\/revisions"}],"predecessor-version":[{"id":2480,"href":"https:\/\/lavia.cc\/gpx\/wp-json\/wp\/v2\/product\/1937\/revisions\/2480"}],"wp:featuredmedia":[{"embeddable":true,"href":"https:\/\/lavia.cc\/gpx\/wp-json\/wp\/v2\/media\/1938"}],"wp:attachment":[{"href":"https:\/\/lavia.cc\/gpx\/wp-json\/wp\/v2\/media?parent=1937"}],"wp:term":[{"taxonomy":"product_brand","embeddable":true,"href":"https:\/\/lavia.cc\/gpx\/wp-json\/wp\/v2\/product_brand?post=1937"},{"taxonomy":"product_cat","embeddable":true,"href":"https:\/\/lavia.cc\/gpx\/wp-json\/wp\/v2\/product_cat?post=1937"},{"taxonomy":"product_tag","embeddable":true,"href":"https:\/\/lavia.cc\/gpx\/wp-json\/wp\/v2\/product_tag?post=1937"}],"curies":[{"name":"wp","href":"https:\/\/api.w.org\/{rel}","templated":true}]}}