{"id":1944,"date":"2022-08-29T17:20:49","date_gmt":"2022-08-29T15:20:49","guid":{"rendered":"https:\/\/lavia.cc\/gpx\/?post_type=product&#038;p=1944"},"modified":"2023-07-04T14:50:41","modified_gmt":"2023-07-04T12:50:41","slug":"lago-di-tenno-e-rifugio-san-pietro-gravel","status":"publish","type":"product","link":"https:\/\/lavia.cc\/gpx\/tracce\/lago-di-tenno-e-rifugio-san-pietro-gravel\/","title":{"rendered":"Lago di Tenno e Rifugio San Pietro"},"content":{"rendered":"<h4>Lago di Tenno e Rifugio San Pietro Gravel<\/h4>\n<p>Clicca qui per raggiungere il punto di partenza: <a href=\"https:\/\/www.google.it\/maps\/place\/Parcheggio\/@45.9357745,10.8106761,17.5z\/data=!4m13!1m7!3m6!1s0x0:0xca541436305380b8!2zNDXCsDU2JzA4LjciTiAxMMKwNDgnNDQuMCJF!3b1!8m2!3d45.93575!4d10.81223!3m4!1s0x478215451bf5870d:0x16aa4ac8cc173a25!8m2!3d45.9355411!4d10.812173\" target=\"_blank\" rel=\"noopener\">Google Maps<\/a><\/p>\n<p>Mappa e altimetria del percorso:<\/p>\n\r\n\t\t<div id=\"wpgpxmaps_1944_1234466\" class=\"wpgpxmaps\">\r\n\t\t\t<div id=\"map_1944_1234466_cont\" style=\"width:100%; height:450px;position:relative\" >\r\n\t\t\t\t<div id=\"map_1944_1234466\" style=\"width:100%; height:450px\"><\/div>\r\n\t\t\t\t<div id=\"wpgpxmaps_1944_1234466_osm_footer\" class=\"wpgpxmaps_osm_footer\" style=\"display:none;\"><span> &copy; <a href=\"http:\/\/www.openstreetmap.org\/copyright\" target=\"_blank\" rel=\"noopener\">OpenStreetMap<\/a> contributors<\/span><\/div>\r\n\t\t\t<\/div>\r\n\t\t\t<canvas id=\"myChart_1944_1234466\" class=\"plot\" style=\"width:100%; height:200px\"><\/canvas>\r\n\t\t\t<div id=\"ngimages_1944_1234466\" class=\"ngimages\" style=\"display:none\"><\/div>\r\n\t\t\t<div id=\"report_1944_1234466\" class=\"report\"><\/div>\r\n\t\t<\/div>\r\n\t\t\r\n\t\t<script type=\"text\/javascript\">\r\n\r\n\t\t\tjQuery(document).ready(function() {\r\n\r\n\t\t\t\tjQuery( \"#wpgpxmaps_1944_1234466\" ).wpgpxmaps( {\r\n\t\t\t\t\ttargetId           : \"1944_1234466\",\r\n\t\t\t\t\tmapType            : \"HYBRID\",\r\n\t\t\t\t\tmapData            : [[45.9357540,10.8122390],[45.9356500,10.8124020],[45.9355180,10.8127020],[45.9353270,10.8131230],[45.9351050,10.8137040],[45.9349360,10.8139840],[45.9347460,10.8144120],[45.9344640,10.8147800],[45.9343390,10.8151360],[45.9346320,10.8151630],[45.9347250,10.8152430],[45.9347340,10.8155540],[45.9349230,10.8161150],[45.9349990,10.8168640],[45.9348810,10.8175210],[45.9346830,10.8182040],[45.9344650,10.8189580],[45.9342630,10.8192160],[45.9338290,10.8197830],[45.9334800,10.8197370],[45.9331570,10.8198470],[45.9326770,10.8198080],[45.9324930,10.8198130],[45.9323470,10.8199620],[45.9324130,10.8201960],[45.9324070,10.8205170],[45.9321850,10.8213400],[45.9321550,10.8216720],[45.9322150,10.8218760],[45.9324870,10.8223750],[45.9325920,10.8224940],[45.9327100,10.8226270],[45.9327350,10.8228480],[45.9324280,10.8235480],[45.9321810,10.8237650],[45.9317560,10.8249330],[45.9315670,10.8250220],[45.9313810,10.8249680],[45.9312360,10.8250070],[45.9310000,10.8251810],[45.9307240,10.8254660],[45.9306690,10.8256050],[45.9307130,10.8259180],[45.9306920,10.8262050],[45.9302920,10.8262040],[45.9300880,10.8263860],[45.9299960,10.8264530],[45.9298840,10.8264810],[45.9297730,10.8264800],[45.9296810,10.8265200],[45.9296470,10.8267170],[45.9295010,10.8267870],[45.9293680,10.8268900],[45.9286020,10.8276450],[45.9284710,10.8278570],[45.9283930,10.8280050],[45.9280960,10.8285080],[45.9278870,10.8286840],[45.9276430,10.8289030],[45.9274720,10.8289090],[45.9271350,10.8293200],[45.9269740,10.8296080],[45.9269070,10.8298010],[45.9266960,10.8305340],[45.9265610,10.8309300],[45.9263840,10.8312080],[45.9261830,10.8314960],[45.9261700,10.8316250],[45.9262570,10.8316680],[45.9267270,10.8309830],[45.9268150,10.8308840],[45.9269410,10.8307510],[45.9270290,10.8308480],[45.9269560,10.8310000],[45.9266350,10.8315690],[45.9265440,10.8318860],[45.9264800,10.8322050],[45.9263270,10.8326170],[45.9262580,10.8327850],[45.9260400,10.8332570],[45.9261260,10.8333730],[45.9262690,10.8332170],[45.9264840,10.8331070],[45.9268630,10.8328740],[45.9270380,10.8327110],[45.9273140,10.8322590],[45.9273860,10.8320490],[45.9274800,10.8317750],[45.9276520,10.8315030],[45.9278270,10.8312910],[45.9281230,10.8309050],[45.9282060,10.8308410],[45.9282640,10.8309420],[45.9282130,10.8311160],[45.9280530,10.8317340],[45.9280360,10.8323830],[45.9279210,10.8330760],[45.9274900,10.8343960],[45.9264550,10.8362320],[45.9257580,10.8368920],[45.9254450,10.8370230],[45.9251060,10.8371850],[45.9249880,10.8374440],[45.9250080,10.8376930],[45.9253390,10.8378620],[45.9258510,10.8378040],[45.9263360,10.8377600],[45.9265960,10.8378560],[45.9268630,10.8377110],[45.9274510,10.8375630],[45.9275940,10.8376400],[45.9277660,10.8379690],[45.9279580,10.8378260],[45.9281560,10.8371250],[45.9283430,10.8367200],[45.9284500,10.8367630],[45.9285360,10.8370450],[45.9286350,10.8370030],[45.9286080,10.8365950],[45.9286830,10.8362970],[45.9288090,10.8362210],[45.9288820,10.8363280],[45.9289250,10.8366160],[45.9290820,10.8366630],[45.9292590,10.8366140],[45.9297080,10.8363400],[45.9304820,10.8362650],[45.9308940,10.8360610],[45.9314570,10.8357960],[45.9318520,10.8357290],[45.9325950,10.8358630],[45.9334990,10.8361210],[45.9338780,10.8361620],[45.9342140,10.8360880],[45.9345790,10.8359400],[45.9350380,10.8359060],[45.9356770,10.8358600],[45.9363000,10.8359810],[45.9365590,10.8360810],[45.9372510,10.8366800],[45.9376500,10.8368980],[45.9379100,10.8369690],[45.9378100,10.8370450],[45.9374220,10.8371350],[45.9368650,10.8370960],[45.9365580,10.8373190],[45.9364180,10.8374880],[45.9360870,10.8376300],[45.9358230,10.8376870],[45.9355780,10.8376610],[45.9352230,10.8376760],[45.9346980,10.8375090],[45.9339690,10.8374850],[45.9338140,10.8374070],[45.9333840,10.8374700],[45.9331010,10.8377740],[45.9330190,10.8379680],[45.9328350,10.8382040],[45.9326990,10.8384750],[45.9326990,10.8384750],[45.9327690,10.8382850],[45.9326900,10.8380900],[45.9325540,10.8382730],[45.9325400,10.8385360],[45.9324640,10.8386340],[45.9325430,10.8386860],[45.9328380,10.8389520],[45.9328930,10.8390930],[45.9328690,10.8392300],[45.9326480,10.8391270],[45.9322060,10.8387430],[45.9320620,10.8387350],[45.9316830,10.8385130],[45.9312260,10.8379910],[45.9311080,10.8379470],[45.9309320,10.8381830],[45.9308420,10.8387260],[45.9304770,10.8388430],[45.9301320,10.8386990],[45.9296180,10.8379800],[45.9291360,10.8371230],[45.9290010,10.8370080],[45.9286350,10.8370030],[45.9285360,10.8370450],[45.9284500,10.8367630],[45.9283430,10.8367200],[45.9281560,10.8371250],[45.9279580,10.8378260],[45.9277660,10.8379690],[45.9275940,10.8376400],[45.9274510,10.8375630],[45.9269160,10.8376360],[45.9265960,10.8378560],[45.9263360,10.8377600],[45.9258510,10.8378040],[45.9253390,10.8378620],[45.9250080,10.8376930],[45.9249880,10.8374440],[45.9251060,10.8371850],[45.9254450,10.8370230],[45.9257580,10.8368920],[45.9264550,10.8362320],[45.9274900,10.8343960],[45.9279210,10.8330760],[45.9280360,10.8323830],[45.9280530,10.8317340],[45.9282130,10.8311160],[45.9282640,10.8309420],[45.9282060,10.8308410],[45.9281230,10.8309050],[45.9278270,10.8312910],[45.9276520,10.8315030],[45.9274800,10.8317750],[45.9273860,10.8320490],[45.9273140,10.8322590],[45.9270380,10.8327110],[45.9268630,10.8328740],[45.9264840,10.8331070],[45.9262690,10.8332170],[45.9261260,10.8333730],[45.9260400,10.8332570],[45.9262580,10.8327850],[45.9263270,10.8326170],[45.9264800,10.8322050],[45.9265260,10.8320110],[45.9266350,10.8315690],[45.9269560,10.8310000],[45.9270290,10.8308480],[45.9269410,10.8307510],[45.9268150,10.8308840],[45.9267270,10.8309830],[45.9262570,10.8316680],[45.9261700,10.8316250],[45.9261830,10.8314960],[45.9263840,10.8312080],[45.9265610,10.8309300],[45.9266960,10.8305340],[45.9269070,10.8298010],[45.9269740,10.8296080],[45.9271350,10.8293200],[45.9274720,10.8289090],[45.9281310,10.8280950],[45.9286700,10.8271440],[45.9287740,10.8268930],[45.9288720,10.8266080],[45.9289740,10.8263220],[45.9291240,10.8263210],[45.9292850,10.8263650],[45.9293390,10.8264770],[45.9294910,10.8264410],[45.9296800,10.8263370],[45.9297270,10.8264780],[45.9298250,10.8264800],[45.9299450,10.8264750],[45.9300880,10.8263860],[45.9302920,10.8262040],[45.9306570,10.8262480],[45.9307130,10.8259180],[45.9306690,10.8256050],[45.9307240,10.8254660],[45.9310000,10.8251810],[45.9312360,10.8250070],[45.9313810,10.8249680],[45.9315670,10.8250220],[45.9317560,10.8249330],[45.9321810,10.8237650],[45.9324280,10.8235480],[45.9327790,10.8229030],[45.9329960,10.8226560],[45.9333680,10.8218740],[45.9336390,10.8215710],[45.9339550,10.8214570],[45.9345980,10.8210830],[45.9348830,10.8208450],[45.9350430,10.8207990],[45.9352560,10.8207570],[45.9347440,10.8205300],[45.9347640,10.8202590],[45.9350140,10.8200280],[45.9354740,10.8199460],[45.9357770,10.8199520],[45.9364980,10.8197660],[45.9369140,10.8198900],[45.9370460,10.8198640],[45.9379410,10.8192750],[45.9384470,10.8188430],[45.9385490,10.8186250],[45.9392640,10.8180990],[45.9396510,10.8177860],[45.9398520,10.8177540],[45.9402220,10.8179460],[45.9407990,10.8180040],[45.9410130,10.8180030],[45.9412140,10.8178180],[45.9413320,10.8177990],[45.9418200,10.8179320],[45.9420470,10.8181950],[45.9420450,10.8185440],[45.9415690,10.8187820],[45.9425990,10.8187420],[45.9431970,10.8189040],[45.9436490,10.8188840],[45.9441650,10.8187010],[45.9446570,10.8183660],[45.9454200,10.8182570],[45.9455760,10.8183240],[45.9449600,10.8188400],[45.9448180,10.8192030],[45.9449480,10.8190550],[45.9456360,10.8188440],[45.9462230,10.8184520],[45.9467590,10.8183630],[45.9469730,10.8183000],[45.9471200,10.8180220],[45.9470880,10.8177130],[45.9471830,10.8174570],[45.9471100,10.8171480],[45.9470190,10.8170180],[45.9470460,10.8168880],[45.9472110,10.8172870],[45.9473810,10.8174800],[45.9474070,10.8181990],[45.9474490,10.8183730],[45.9478150,10.8186140],[45.9485960,10.8186470],[45.9499820,10.8184150],[45.9503250,10.8182040],[45.9509790,10.8174170],[45.9513540,10.8172550],[45.9515660,10.8172580],[45.9517620,10.8171700],[45.9519960,10.8169180],[45.9521700,10.8166030],[45.9526430,10.8160950],[45.9529760,10.8158910],[45.9535080,10.8158970],[45.9537820,10.8159880],[45.9543230,10.8159070],[45.9544800,10.8157080],[45.9546290,10.8157790],[45.9548690,10.8160180],[45.9550290,10.8160830],[45.9557360,10.8158120],[45.9563670,10.8152740],[45.9568200,10.8150290],[45.9570600,10.8150000],[45.9572590,10.8148760],[45.9574650,10.8148300],[45.9576170,10.8146480],[45.9577440,10.8144770],[45.9581600,10.8145220],[45.9586920,10.8143800],[45.9598680,10.8143530],[45.9600190,10.8144840],[45.9601340,10.8149170],[45.9607480,10.8147830],[45.9617200,10.8148310],[45.9618300,10.8147570],[45.9620530,10.8143280],[45.9622520,10.8141110],[45.9625980,10.8140360],[45.9633020,10.8137280],[45.9639220,10.8137160],[45.9642830,10.8134510],[45.9647160,10.8128930],[45.9652660,10.8117630],[45.9653620,10.8114220],[45.9656100,10.8115180],[45.9656600,10.8114820],[45.9657020,10.8112860],[45.9656600,10.8114820],[45.9656100,10.8115180],[45.9653620,10.8114220],[45.9652430,10.8113870],[45.9651110,10.8113720],[45.9648820,10.8113330],[45.9647970,10.8112720],[45.9646370,10.8111090],[45.9644120,10.8110390],[45.9640570,10.8111010],[45.9633600,10.8112210],[45.9630510,10.8111570],[45.9616790,10.8098810],[45.9608930,10.8090390],[45.9607840,10.8089830],[45.9606140,10.8090340],[45.9602080,10.8094260],[45.9598210,10.8096940],[45.9596280,10.8097760],[45.9593820,10.8097080],[45.9591140,10.8094390],[45.9583040,10.8085460],[45.9579420,10.8075950],[45.9577800,10.8074590],[45.9574870,10.8073860],[45.9570170,10.8072880],[45.9569010,10.8073080],[45.9566560,10.8074940],[45.9561330,10.8081050],[45.9556070,10.8091780],[45.9549180,10.8100890],[45.9537810,10.8115180],[45.9535290,10.8117490],[45.9533480,10.8117930],[45.9528820,10.8117580],[45.9523610,10.8120930],[45.9517760,10.8123110],[45.9513620,10.8120730],[45.9510740,10.8121870],[45.9508940,10.8123120],[45.9507060,10.8123180],[45.9498790,10.8119020],[45.9488430,10.8118140],[45.9481060,10.8120450],[45.9475870,10.8120160],[45.9472270,10.8121450],[45.9468840,10.8122650],[45.9462290,10.8121840],[45.9450950,10.8120200],[45.9439210,10.8121800],[45.9431690,10.8119410],[45.9418100,10.8115590],[45.9405840,10.8115960],[45.9392780,10.8116830],[45.9387010,10.8116160],[45.9383020,10.8116610],[45.9368520,10.8113220],[45.9365260,10.8113390],[45.9360960,10.8115770],[45.9359100,10.8115980],[45.9358210,10.8116470],[45.9358520,10.8118240],[45.9358650,10.8120660],[45.9357540,10.8122390]],\r\n\t\t\t\t\tgraphDist          : [0.00,0.02,0.04,0.08,0.14,0.16,0.20,0.25,0.28,0.31,0.32,0.35,0.39,0.45,0.51,0.56,0.63,0.66,0.72,0.76,0.80,0.85,0.87,0.89,0.91,0.94,1.00,1.03,1.05,1.10,1.11,1.13,1.14,1.21,1.25,1.35,1.37,1.39,1.41,1.44,1.48,1.49,1.51,1.54,1.58,1.61,1.62,1.63,1.64,1.66,1.67,1.69,1.71,1.81,1.83,1.84,1.90,1.92,1.96,1.97,2.02,2.05,2.07,2.13,2.16,2.19,2.23,2.24,2.25,2.32,2.33,2.35,2.36,2.38,2.44,2.46,2.49,2.52,2.54,2.58,2.60,2.62,2.65,2.69,2.72,2.76,2.78,2.81,2.83,2.86,2.90,2.92,2.93,2.94,2.99,3.04,3.10,3.21,3.40,3.49,3.53,3.57,3.59,3.61,3.65,3.71,3.76,3.79,3.83,3.90,3.91,3.95,3.97,4.03,4.07,4.08,4.10,4.11,4.15,4.17,4.19,4.20,4.22,4.24,4.26,4.31,4.40,4.45,4.51,4.56,4.64,4.74,4.79,4.83,4.87,4.92,4.99,5.06,5.09,5.18,5.23,5.26,5.27,5.31,5.38,5.41,5.43,5.47,5.50,5.53,5.57,5.63,5.71,5.73,5.78,5.82,5.83,5.86,5.89,5.91,5.92,5.95,5.97,5.99,6.00,6.02,6.06,6.07,6.08,6.11,6.17,6.19,6.23,6.31,6.32,6.35,6.39,6.43,6.47,6.55,6.64,6.66,6.70,6.71,6.73,6.75,6.78,6.84,6.87,6.90,6.92,6.98,7.02,7.05,7.10,7.16,7.20,7.22,7.24,7.28,7.32,7.41,7.60,7.71,7.77,7.82,7.87,7.89,7.90,7.91,7.95,7.98,8.01,8.03,8.05,8.10,8.12,8.16,8.19,8.21,8.23,8.27,8.29,8.32,8.34,8.38,8.43,8.45,8.46,8.48,8.49,8.57,8.58,8.59,8.62,8.65,8.68,8.74,8.76,8.79,8.84,8.93,9.03,9.05,9.08,9.10,9.12,9.14,9.15,9.17,9.19,9.20,9.21,9.23,9.24,9.27,9.31,9.34,9.36,9.38,9.41,9.44,9.46,9.48,9.50,9.61,9.64,9.70,9.73,9.81,9.84,9.88,9.96,9.99,10.01,10.04,10.10,10.12,10.15,10.21,10.24,10.32,10.37,10.38,10.49,10.56,10.58,10.67,10.72,10.74,10.78,10.85,10.87,10.90,10.91,10.97,11.00,11.03,11.08,11.20,11.27,11.32,11.38,11.44,11.53,11.54,11.63,11.66,11.68,11.76,11.83,11.89,11.92,11.94,11.97,11.99,12.02,12.03,12.05,12.08,12.11,12.16,12.18,12.22,12.31,12.47,12.51,12.61,12.65,12.68,12.70,12.73,12.76,12.83,12.87,12.93,12.96,13.02,13.04,13.06,13.09,13.11,13.19,13.28,13.33,13.36,13.38,13.40,13.43,13.45,13.49,13.55,13.68,13.70,13.74,13.81,13.92,13.93,13.97,14.00,14.04,14.12,14.19,14.23,14.30,14.41,14.44,14.46,14.48,14.49,14.51,14.52,14.55,14.56,14.58,14.60,14.61,14.63,14.66,14.70,14.78,14.81,15.00,15.10,15.12,15.14,15.19,15.24,15.26,15.29,15.33,15.44,15.52,15.54,15.58,15.63,15.64,15.67,15.75,15.85,15.95,16.12,16.16,16.18,16.23,16.29,16.36,16.41,16.44,16.47,16.49,16.58,16.70,16.78,16.84,16.88,16.92,16.99,17.12,17.25,17.34,17.49,17.63,17.77,17.84,17.88,18.05,18.08,18.13,18.16,18.17,18.18,18.20,18.22],\r\n\t\t\t\t\tgraphEle           : [598.80,598.90,598.80,601.10,606.40,607.70,609.30,611.80,613.30,614.50,614.60,614.60,614.20,614.00,613.10,610.30,608.50,606.90,603.70,604.00,604.40,604.70,604.60,604.00,603.30,602.70,601.90,601.70,601.50,599.30,598.90,598.60,598.30,593.20,594.10,596.10,597.00,597.70,598.00,598.40,598.30,598.20,598.10,598.40,598.60,598.60,598.50,598.30,598.00,598.50,599.60,600.20,600.60,602.00,602.50,602.80,604.40,601.80,599.20,598.20,601.20,603.00,603.20,607.10,609.30,611.20,613.20,614.00,614.80,620.60,620.90,622.40,623.70,624.60,627.90,629.30,630.20,634.10,634.70,640.00,642.30,644.20,646.60,651.40,653.60,659.40,659.40,661.90,665.00,666.50,673.10,674.80,676.10,677.10,685.40,693.60,703.30,720.50,748.30,761.50,767.40,773.10,776.40,779.50,784.90,791.60,799.70,804.80,810.20,821.40,824.00,829.10,832.20,838.50,843.00,844.40,846.90,848.10,851.40,853.80,855.10,855.40,857.20,858.60,860.40,865.60,873.60,876.40,879.40,881.90,885.70,896.20,902.00,905.40,908.40,911.00,914.40,918.10,920.20,928.10,932.60,935.50,936.60,940.60,950.00,952.50,953.10,954.90,956.70,958.40,957.60,958.00,964.10,965.30,968.20,969.30,969.70,970.00,963.90,965.80,967.80,971.60,972.40,972.40,971.60,971.10,970.90,966.00,962.60,955.80,935.20,929.20,911.10,878.80,872.80,867.70,858.60,857.50,853.90,849.10,851.10,851.30,848.30,847.10,844.60,843.20,838.70,832.30,829.10,824.00,821.30,811.60,804.70,799.60,791.60,784.90,779.50,776.40,773.10,767.40,761.60,748.40,720.60,703.30,693.60,685.40,677.10,676.10,674.90,673.20,666.50,665.00,661.90,659.40,659.40,653.60,651.30,646.60,644.20,642.30,640.00,634.70,634.10,630.10,629.50,627.90,624.60,623.80,622.50,620.90,620.60,614.80,614.00,613.20,611.20,609.30,607.10,603.20,603.00,601.20,598.20,593.20,588.70,588.00,586.70,585.90,588.00,591.20,593.60,594.60,595.90,597.80,598.20,598.50,598.60,598.60,598.40,598.10,598.20,598.30,598.40,598.00,597.70,597.10,596.10,594.10,593.20,598.30,603.60,608.10,604.60,601.30,599.60,600.50,600.20,599.80,592.80,588.40,583.60,574.90,574.50,575.80,576.00,575.80,576.10,574.60,573.70,574.20,575.90,576.40,575.80,574.40,576.40,580.80,581.10,586.10,589.40,593.80,602.40,607.60,616.30,623.90,634.30,642.60,653.20,654.60,662.90,666.50,669.30,679.90,688.20,696.80,699.40,702.60,705.90,709.00,711.80,713.20,714.30,718.10,720.20,723.60,724.50,726.80,735.20,764.00,772.00,787.70,793.10,796.20,799.60,804.40,806.60,807.20,805.70,799.10,794.90,788.20,785.00,783.00,781.20,780.90,778.80,780.10,785.00,787.00,788.50,789.30,789.20,788.60,787.70,788.90,792.10,793.00,795.50,801.00,802.20,801.90,796.90,794.80,793.90,791.90,788.80,782.90,771.40,755.50,749.50,749.20,755.10,755.10,755.00,749.20,749.50,749.50,748.90,747.50,747.10,745.80,743.70,740.70,735.60,733.20,718.50,710.10,708.90,707.10,702.80,699.10,697.50,695.00,692.90,690.00,691.30,691.40,691.40,689.90,689.40,688.20,685.40,681.70,675.50,665.70,663.60,662.00,657.50,652.50,647.10,644.10,643.20,642.40,641.70,640.00,642.50,647.10,647.50,646.00,644.30,641.60,638.80,641.40,640.70,631.80,629.00,621.70,618.50,615.60,604.10,601.70,599.10,599.00,598.80,598.80,598.80,598.80],\r\n\t\t\t\t\tgraphSpeed         : [],\r\n\t\t\t\t\tgraphHr            : [],\r\n\t\t\t\t\tgraphAtemp         : [],\r\n\t\t\t\t\tgraphCad           : [],\r\n\t\t\t\t\tgraphGrade         : [],\r\n\t\t\t\t\twaypoints          : [],\r\n\t\t\t\t\tunit               : \"2\",\r\n\t\t\t\t\tunitspeed          : \"0\",\r\n\t\t\t\t\tcolor1             : [\"#3366cc\"],\r\n\t\t\t\t\tcolor2             : \"#3366cc\",\r\n\t\t\t\t\tcolor3             : \"#ff0000\",\r\n\t\t\t\t\tcolor4             : \"#ff77bd\",\r\n\t\t\t\t\tcolor5             : \"#beecff\",\r\n\t\t\t\t\tcolor6             : \"#beecff\",\r\n\t\t\t\t\tcolor7             : \"#ff77bd\",\r\n\t\t\t\t\tchartFrom1         : \"\",\r\n\t\t\t\t\tchartTo1           : \"\",\r\n\t\t\t\t\tchartFrom2         : \"\",\r\n\t\t\t\t\tchartTo2           : \"\",\r\n\t\t\t\t\tstartIcon          : \"\",\r\n\t\t\t\t\tendIcon            : \"\",\r\n\t\t\t\t\tcurrentIcon        : \"\",\r\n\t\t\t\t\twaypointIcon       : \"https:\/\/lavia.cc\/gpx\/wp-content\/uploads\/gpx\/cropped-icona.ico\",\r\n\t\t\t\t\tcurrentpositioncon : \"\",\r\n\t\t\t\t\tusegpsposition     : \"\",\r\n\t\t\t\t\tzoomOnScrollWheel  : \"\",\r\n\t\t\t\t\tngGalleries        : [],\r\n\t\t\t\t\tngImages           : [],\r\n\t\t\t\t\tpluginUrl          : \"https:\/\/lavia.cc\/gpx\/wp-content\/plugins\",\r\n\t\t\t\t\tTFApiKey           : \"\",\r\n\t\t\t\t\tMapBoxApiKey           : \"\",\r\n\t\t\t\t\tlangs              : {\r\n\t\t\t\t\t\taltitude        : \"Altitudine\",\r\n\t\t\t\t\t\tcurrentPosition : \"Current position\",\r\n\t\t\t\t\t\tspeed           : \"Velocit\u00e0\",\r\n\t\t\t\t\t\tgrade           : \"Grade\",\r\n\t\t\t\t\t\theartRate       : \"Battito Cardiaco\",\r\n\t\t\t\t\t\tatemp           : \"Temperature\",\r\n\t\t\t\t\t\tcadence         : \"Cadenza\",\r\n\t\t\t\t\t\tgoFullScreen    : \"Go full screen\",\r\n\t\t\t\t\t\texitFullFcreen  : \"Exit full screen\",\r\n\t\t\t\t\t\thideImages      : \"Hide images\",\r\n\t\t\t\t\t\tshowImages      : \"Show images\",\r\n\t\t\t\t\t\tbackToCenter\t: \"Ritorna al centro della mappa\"\r\n\t\t\t\t\t}\r\n\t\t\t\t});\r\n\r\n\t\t\t});\r\n\r\n\t\t<\/script>\n<p>\ud83d\udfe2 Scarica la\u00a0<a href=\"https:\/\/lavia.cc\/gpx\/tracce\/\" target=\"_blank\" rel=\"noopener\">traccia<\/a>\u00a0e Segui LAVIA!<\/p>\n","protected":false},"excerpt":{"rendered":"<p>In Gravel dal Lago di Tenno al rifugio San Pietro, un percorso che si estende sulle pendici orientali delle alpi ledrensi, un territorio di 10 comuni della Provincia Autonoma di Trento, che nel 2015 ha ottenuto il riconoscimento internazionale UNESCO a Riserva di Biosfera. Lasciata l\u2019auto in prossimit\u00e0 del Lago di Tenno, proseguiamo verso sud per raggiungere il borgo medievale di Canale dove inizia una salita spacca gambe, di un paio di chilometri, fino al rifugio San Pietro dove si godono ottimi panorami sul lago di Garda e sulla valle dei Laghi. Dopo aver rifiatato ritorniamo verso il Lago di Tenno, percorriamo in senso antiorario il periplo del lago e giunti all&#8217;estremit\u00e0 nord-orientale del bacino lacustre, lo abbandoniamo in salita percorrendo la strada sterrata (manteniamo la sinistra) che ci porta in qualche km a raggiungere localit\u00e0 Laghisol per poi proseguire in saliscendi fino a localit\u00e0 Ballino, una frazione del comune di Fiav\u00e9. Da qui teniamo la destra e in discesa torniamo al Lago di Tenno dove ci rinfreschiamo nelle sue acque color turchese. Un giro breve ma con panorami indimenticabili!<\/p>\n<p>\ud83d\udfe2\u00a0Segui LAVIA!<\/p>\n","protected":false},"featured_media":1945,"comment_status":"open","ping_status":"closed","template":"","meta":[],"product_brand":[],"product_cat":[28],"product_tag":[318,37],"class_list":{"0":"post-1944","1":"product","2":"type-product","3":"status-publish","4":"has-post-thumbnail","6":"product_cat-gravel","7":"product_tag-lago-di-tenno","8":"product_tag-r-trentinoaltoadige","10":"first","11":"instock","12":"downloadable","13":"virtual","14":"product-type-simple"},"_links":{"self":[{"href":"https:\/\/lavia.cc\/gpx\/wp-json\/wp\/v2\/product\/1944","targetHints":{"allow":["GET"]}}],"collection":[{"href":"https:\/\/lavia.cc\/gpx\/wp-json\/wp\/v2\/product"}],"about":[{"href":"https:\/\/lavia.cc\/gpx\/wp-json\/wp\/v2\/types\/product"}],"replies":[{"embeddable":true,"href":"https:\/\/lavia.cc\/gpx\/wp-json\/wp\/v2\/comments?post=1944"}],"version-history":[{"count":5,"href":"https:\/\/lavia.cc\/gpx\/wp-json\/wp\/v2\/product\/1944\/revisions"}],"predecessor-version":[{"id":3417,"href":"https:\/\/lavia.cc\/gpx\/wp-json\/wp\/v2\/product\/1944\/revisions\/3417"}],"wp:featuredmedia":[{"embeddable":true,"href":"https:\/\/lavia.cc\/gpx\/wp-json\/wp\/v2\/media\/1945"}],"wp:attachment":[{"href":"https:\/\/lavia.cc\/gpx\/wp-json\/wp\/v2\/media?parent=1944"}],"wp:term":[{"taxonomy":"product_brand","embeddable":true,"href":"https:\/\/lavia.cc\/gpx\/wp-json\/wp\/v2\/product_brand?post=1944"},{"taxonomy":"product_cat","embeddable":true,"href":"https:\/\/lavia.cc\/gpx\/wp-json\/wp\/v2\/product_cat?post=1944"},{"taxonomy":"product_tag","embeddable":true,"href":"https:\/\/lavia.cc\/gpx\/wp-json\/wp\/v2\/product_tag?post=1944"}],"curies":[{"name":"wp","href":"https:\/\/api.w.org\/{rel}","templated":true}]}}