{"id":19454,"date":"2025-01-20T14:00:46","date_gmt":"2025-01-20T13:00:46","guid":{"rendered":"https:\/\/lavia.cc\/gpx\/?post_type=product&#038;p=19454"},"modified":"2025-01-20T14:02:14","modified_gmt":"2025-01-20T13:02:14","slug":"valfredda-ai-piedi-del-frerone","status":"publish","type":"product","link":"https:\/\/lavia.cc\/gpx\/tracce\/valfredda-ai-piedi-del-frerone\/","title":{"rendered":"Valfredda, ai piedi del Frerone"},"content":{"rendered":"<h4>Valfredda, ai piedi del Frerone<\/h4>\n<p>\u27a1\ufe0f Clicca qui per andare al punto di partenza: <a href=\"https:\/\/www.google.com\/maps\/place\/Parcheggio+Bazena+(bs)\/@45.9167925,10.3953212,17z\/data=!3m1!4b1!4m6!3m5!1s0x47823359177f15e1:0x5253b8f0c3425d2f!8m2!3d45.9167925!4d10.3953212!16s%2Fg%2F11f7281qgj?entry=ttu&amp;g_ep=EgoyMDI1MDExNS4wIKXMDSoASAFQAw%3D%3D\" target=\"_blank\" rel=\"noopener\">GOOGLE MAPS<\/a> (Parcheggio Bazena).<\/p>\n<p>\u2139\ufe0f Questo percorso \u00e8 uno dei trentatr\u00e8 itinerari pi\u00f9 belli delle Alpi proposti dal <a href=\"http:\/\/www.vividolomiti.it\/pubblicazioni\/collana-mountain-geographic\/ciaspole-l-inverno-in-neve-fresca-detail\" target=\"_blank\" rel=\"noopener\">libro<\/a> &#8220;<strong>Ciaspole! L&#8217;inverno in neve fresca<\/strong>&#8221;<\/p>\n<p>\u26fa\ufe0f\ud83c\udf74Il <a href=\"https:\/\/www.rifugi.lombardia.it\/brescia\/breno\/rifugio-tassara.html\" target=\"_blank\" rel=\"noopener\">Rifugio Tassara<\/a> \u00e8 situato in Localit\u00e0 Bazena, all&#8217;inizio della Val Fredda che si dirige a nord verso il Monte Frerone (m. 2623). Davanti al rifugio passa la provinciale 345 del Passo Croce Domini. Bar ristorante con alloggi, ampio parcheggio, solarium, spazio giochi per bambini, cucina tipica della tradizione camuna, cene a tema per feste e ricorrenze con spiedo e cucina nostrana, ciaspolate, escursioni nel territorio, estate e inverno, osservazioni astrofile organizzate, pista da sci, bob, slitte per tutte le et\u00e0 percorsi ippici e tanta ospitalit\u00e0.<\/p>\n<p>\u26a0\ufe0f Ricordate sempre di consultare il bollettino valanghe e di considerare lo stato del manto nevoso prima di intraprendere l\u2019escursione. La percorribilit\u00e0 dell\u2019itinerario proposto, come tutta la morfologia del territorio, \u00e8 soggetta a cambiamenti ambientali dovuti a eventi naturali e alle condizioni meteo. Quindi, prima di partire, consultate gli uffici turistici competenti e\/o le strutture di riferimento di riferimento.<\/p>\n<h4>\ud83d\uddfa\ufe0f Mappa e altimetria dell&#8217;<a href=\"https:\/\/lavia.cc\/gpx\/categoria-tracce\/escursionismo\/\">escursione<\/a> &#8220;Valfredda, ai piedi del Frerone&#8221;:<\/h4>\n\r\n\t\t<div id=\"wpgpxmaps_19454_1760764\" class=\"wpgpxmaps\">\r\n\t\t\t<div id=\"map_19454_1760764_cont\" style=\"width:100%; height:450px;position:relative\" >\r\n\t\t\t\t<div id=\"map_19454_1760764\" style=\"width:100%; height:450px\"><\/div>\r\n\t\t\t\t<div id=\"wpgpxmaps_19454_1760764_osm_footer\" class=\"wpgpxmaps_osm_footer\" style=\"display:none;\"><span> &copy; <a href=\"http:\/\/www.openstreetmap.org\/copyright\" target=\"_blank\" rel=\"noopener\">OpenStreetMap<\/a> contributors<\/span><\/div>\r\n\t\t\t<\/div>\r\n\t\t\t<canvas id=\"myChart_19454_1760764\" class=\"plot\" style=\"width:100%; height:200px\"><\/canvas>\r\n\t\t\t<div id=\"ngimages_19454_1760764\" class=\"ngimages\" style=\"display:none\"><\/div>\r\n\t\t\t<div id=\"report_19454_1760764\" class=\"report\"><\/div>\r\n\t\t<\/div>\r\n\t\t\r\n\t\t<script type=\"text\/javascript\">\r\n\r\n\t\t\tjQuery(document).ready(function() {\r\n\r\n\t\t\t\tjQuery( \"#wpgpxmaps_19454_1760764\" ).wpgpxmaps( {\r\n\t\t\t\t\ttargetId           : \"19454_1760764\",\r\n\t\t\t\t\tmapType            : \"HYBRID\",\r\n\t\t\t\t\tmapData            : [[45.9169340,10.3959610],[45.9171160,10.3960870],[45.9173440,10.3961780],[45.9175400,10.3963000],[45.9177230,10.3964820],[45.9178940,10.3964220],[45.9180870,10.3965880],[45.9181640,10.3967000],[45.9180930,10.3971720],[45.9181610,10.3973620],[45.9182950,10.3974390],[45.9183840,10.3973770],[45.9187440,10.3975330],[45.9191120,10.3978050],[45.9192870,10.3980160],[45.9193900,10.3981770],[45.9195340,10.3982800],[45.9196610,10.3983140],[45.9201840,10.3983110],[45.9204850,10.3984050],[45.9206170,10.3983440],[45.9207360,10.3981390],[45.9208180,10.3980540],[45.9209510,10.3981340],[45.9210330,10.3982870],[45.9210450,10.3985230],[45.9210520,10.3986570],[45.9211030,10.3987870],[45.9212560,10.3989450],[45.9214190,10.3990310],[45.9215540,10.3992210],[45.9216910,10.3993500],[45.9221520,10.3995120],[45.9223530,10.3995820],[45.9226950,10.3998640],[45.9228390,10.4000980],[45.9229460,10.4003980],[45.9230510,10.4005520],[45.9230960,10.4006920],[45.9230780,10.4002000],[45.9230910,10.4000100],[45.9232170,10.3996840],[45.9233510,10.3994660],[45.9234460,10.3993110],[45.9235920,10.3990730],[45.9237350,10.3986280],[45.9238220,10.3985670],[45.9239060,10.3987250],[45.9241790,10.3995030],[45.9244260,10.4000450],[45.9251110,10.4003410],[45.9253650,10.4004330],[45.9254380,10.4005520],[45.9255020,10.4008030],[45.9255850,10.4009460],[45.9257700,10.4011890],[45.9264340,10.4015460],[45.9266970,10.4017790],[45.9268710,10.4019740],[45.9271990,10.4021750],[45.9274410,10.4025820],[45.9275150,10.4027060],[45.9276510,10.4028140],[45.9277970,10.4027650],[45.9279020,10.4027820],[45.9280340,10.4029160],[45.9281140,10.4029970],[45.9282110,10.4031430],[45.9283150,10.4033420],[45.9284220,10.4034690],[45.9285320,10.4036300],[45.9286780,10.4037680],[45.9286770,10.4039310],[45.9287280,10.4040470],[45.9287440,10.4042230],[45.9287890,10.4043630],[45.9287900,10.4044530],[45.9288590,10.4046210],[45.9288800,10.4047650],[45.9289820,10.4048320],[45.9291300,10.4048760],[45.9292140,10.4049170],[45.9293490,10.4049980],[45.9294560,10.4050890],[45.9295350,10.4051870],[45.9295230,10.4053160],[45.9296210,10.4054720],[45.9297180,10.4058150],[45.9298680,10.4058440],[45.9299220,10.4063270],[45.9302670,10.4064450],[45.9303040,10.4063570],[45.9304760,10.4064200],[45.9305690,10.4064570],[45.9306880,10.4065210],[45.9308000,10.4065110],[45.9309070,10.4064410],[45.9309510,10.4064100],[45.9310420,10.4065420],[45.9311680,10.4065210],[45.9313110,10.4065490],[45.9314680,10.4065970],[45.9315760,10.4066130],[45.9317650,10.4066290],[45.9319310,10.4066900],[45.9320150,10.4067500],[45.9321090,10.4068060],[45.9322680,10.4068430],[45.9324310,10.4069320],[45.9325440,10.4070170],[45.9326080,10.4071270],[45.9327000,10.4071960],[45.9327650,10.4074070],[45.9327750,10.4075770],[45.9328050,10.4078290],[45.9328250,10.4080040],[45.9328370,10.4081570],[45.9328810,10.4083810],[45.9329230,10.4086140],[45.9330130,10.4087520],[45.9330640,10.4088700],[45.9330850,10.4090770],[45.9330990,10.4092120],[45.9330750,10.4093510],[45.9330300,10.4094790],[45.9330120,10.4096190],[45.9330200,10.4097700],[45.9330010,10.4099050],[45.9329890,10.4100270],[45.9329820,10.4101740],[45.9329640,10.4103240],[45.9329460,10.4104520],[45.9329450,10.4105830],[45.9328410,10.4106750],[45.9329380,10.4107720],[45.9330260,10.4108230],[45.9331010,10.4108460],[45.9330430,10.4108880],[45.9329830,10.4109680],[45.9328780,10.4110050],[45.9327850,10.4110990],[45.9327820,10.4112070],[45.9327380,10.4113270],[45.9327150,10.4114200],[45.9327100,10.4114130],[45.9327370,10.4114810],[45.9327800,10.4116330],[45.9327980,10.4117900],[45.9328640,10.4118900],[45.9328010,10.4119680],[45.9328160,10.4118940],[45.9328340,10.4119640],[45.9328750,10.4119850],[45.9328640,10.4121490],[45.9328710,10.4122990],[45.9329360,10.4124210],[45.9329870,10.4125850],[45.9330560,10.4127420],[45.9329710,10.4129130],[45.9328790,10.4129910],[45.9329160,10.4131120],[45.9330140,10.4131730],[45.9331640,10.4131920],[45.9332230,10.4131410],[45.9332190,10.4133500],[45.9331620,10.4135850],[45.9331510,10.4138140],[45.9331910,10.4139840],[45.9332870,10.4140220],[45.9333770,10.4140410],[45.9334730,10.4140790],[45.9335940,10.4140150],[45.9337450,10.4139720],[45.9338380,10.4139220],[45.9339210,10.4139010],[45.9340340,10.4139030],[45.9341490,10.4139190],[45.9341660,10.4138660],[45.9342890,10.4138560],[45.9343550,10.4140350],[45.9347420,10.4137660],[45.9350460,10.4136610],[45.9352760,10.4134830],[45.9353540,10.4136510],[45.9354240,10.4136380],[45.9354580,10.4136190],[45.9355620,10.4136300],[45.9356870,10.4136210],[45.9356950,10.4135790],[45.9357790,10.4136430],[45.9358930,10.4137410],[45.9359550,10.4138380],[45.9360470,10.4139460],[45.9361030,10.4140990],[45.9361420,10.4142360],[45.9362140,10.4143370],[45.9362770,10.4144740],[45.9363390,10.4145940],[45.9364330,10.4146330],[45.9363990,10.4146460],[45.9363530,10.4145930],[45.9363230,10.4144830],[45.9362080,10.4143800],[45.9361690,10.4141950],[45.9360950,10.4140250],[45.9360540,10.4139070],[45.9359580,10.4138020],[45.9358790,10.4137360],[45.9357530,10.4136620],[45.9356230,10.4136080],[45.9355490,10.4136520],[45.9354650,10.4135980],[45.9354200,10.4136080],[45.9354610,10.4137110],[45.9353520,10.4136850],[45.9352760,10.4134830],[45.9350460,10.4136610],[45.9347420,10.4137660],[45.9343770,10.4140270],[45.9342730,10.4140630],[45.9341520,10.4140190],[45.9340000,10.4139510],[45.9339060,10.4140110],[45.9338080,10.4140140],[45.9337090,10.4140400],[45.9335440,10.4141240],[45.9334490,10.4140860],[45.9332930,10.4140050],[45.9331800,10.4139680],[45.9331740,10.4139100],[45.9331940,10.4139080],[45.9331960,10.4139700],[45.9331090,10.4137730],[45.9331510,10.4136180],[45.9331870,10.4134180],[45.9331590,10.4132480],[45.9330300,10.4131620],[45.9329400,10.4131350],[45.9329080,10.4129560],[45.9329870,10.4128680],[45.9329770,10.4126600],[45.9329240,10.4125330],[45.9328890,10.4124090],[45.9328750,10.4122840],[45.9328490,10.4121530],[45.9328740,10.4120190],[45.9327920,10.4119900],[45.9327240,10.4118340],[45.9327480,10.4116190],[45.9327010,10.4114740],[45.9327900,10.4113770],[45.9328540,10.4112040],[45.9329360,10.4110100],[45.9330420,10.4108570],[45.9329970,10.4108030],[45.9329110,10.4107440],[45.9328780,10.4105760],[45.9329240,10.4104560],[45.9329530,10.4102590],[45.9329720,10.4101020],[45.9330140,10.4099860],[45.9330410,10.4098560],[45.9330110,10.4096840],[45.9330270,10.4095550],[45.9331080,10.4093100],[45.9331220,10.4091720],[45.9331200,10.4089770],[45.9330310,10.4088170],[45.9329950,10.4086530],[45.9329300,10.4085450],[45.9328770,10.4084260],[45.9328190,10.4082940],[45.9327980,10.4081450],[45.9327660,10.4079670],[45.9327810,10.4078250],[45.9327270,10.4075560],[45.9326200,10.4073330],[45.9325540,10.4072250],[45.9324330,10.4071450],[45.9323040,10.4070380],[45.9321390,10.4069090],[45.9320370,10.4068260],[45.9319490,10.4067370],[45.9318340,10.4066420],[45.9317650,10.4066560],[45.9316800,10.4065980],[45.9315820,10.4066010],[45.9314860,10.4065890],[45.9313890,10.4065460],[45.9312760,10.4065560],[45.9311620,10.4065140],[45.9310600,10.4065640],[45.9309230,10.4064850],[45.9307740,10.4064850],[45.9306730,10.4064690],[45.9305710,10.4064150],[45.9304550,10.4063860],[45.9303560,10.4063700],[45.9302670,10.4064450],[45.9299220,10.4063270],[45.9299120,10.4059300],[45.9297180,10.4058150],[45.9296210,10.4054720],[45.9295230,10.4053160],[45.9293920,10.4051080],[45.9293490,10.4049510],[45.9292430,10.4049210],[45.9291270,10.4049200],[45.9290470,10.4048510],[45.9289530,10.4048580],[45.9288800,10.4047330],[45.9288620,10.4045750],[45.9287900,10.4044450],[45.9287350,10.4043340],[45.9287040,10.4041800],[45.9286870,10.4040430],[45.9286520,10.4038740],[45.9286200,10.4037470],[45.9285790,10.4035970],[45.9285080,10.4034870],[45.9284350,10.4034090],[45.9283520,10.4033010],[45.9282480,10.4032010],[45.9281630,10.4031170],[45.9280960,10.4030260],[45.9280170,10.4029310],[45.9279390,10.4028460],[45.9277740,10.4028420],[45.9276830,10.4028260],[45.9275580,10.4028260],[45.9274830,10.4027210],[45.9274390,10.4025850],[45.9271990,10.4021750],[45.9268710,10.4019740],[45.9266970,10.4017790],[45.9264340,10.4015460],[45.9257700,10.4011890],[45.9255850,10.4009460],[45.9255020,10.4008030],[45.9254460,10.4006640],[45.9253650,10.4004330],[45.9251110,10.4003410],[45.9244790,10.4000920],[45.9241790,10.3995030],[45.9239060,10.3987250],[45.9238220,10.3985670],[45.9237350,10.3986280],[45.9235920,10.3990730],[45.9234460,10.3993110],[45.9233510,10.3994660],[45.9232170,10.3996840],[45.9231250,10.3998940],[45.9230780,10.4002000],[45.9231470,10.4006850],[45.9230510,10.4005520],[45.9229460,10.4003980],[45.9228660,10.4001830],[45.9226950,10.3998640],[45.9223530,10.3995820],[45.9221520,10.3995120],[45.9217240,10.3993620],[45.9215540,10.3992210],[45.9214190,10.3990310],[45.9212560,10.3989450],[45.9211030,10.3987870],[45.9210520,10.3986570],[45.9210450,10.3985230],[45.9210330,10.3982870],[45.9209510,10.3981340],[45.9208670,10.3980530],[45.9207360,10.3981390],[45.9206170,10.3983440],[45.9204850,10.3984050],[45.9201840,10.3983110],[45.9196610,10.3983140],[45.9195340,10.3982800],[45.9193900,10.3981770],[45.9192870,10.3980160],[45.9191120,10.3978050],[45.9187440,10.3975330],[45.9184510,10.3973910],[45.9182950,10.3974390],[45.9181610,10.3973620],[45.9180930,10.3971720],[45.9181640,10.3967000],[45.9180870,10.3965880],[45.9178940,10.3964220],[45.9177230,10.3964820],[45.9175400,10.3963000],[45.9173440,10.3961780],[45.9171160,10.3960870],[45.9169340,10.3959610],[45.9168470,10.3956800],[45.9167850,10.3954880],[45.9169010,10.3952740],[45.9167390,10.3950870]],\r\n\t\t\t\t\tgraphDist          : [0.00,0.02,0.05,0.07,0.10,0.12,0.14,0.15,0.19,0.21,0.23,0.24,0.28,0.33,0.35,0.37,0.39,0.40,0.46,0.50,0.51,0.53,0.54,0.56,0.58,0.59,0.60,0.62,0.64,0.66,0.68,0.70,0.75,0.77,0.82,0.84,0.87,0.89,0.90,0.94,0.96,0.99,1.01,1.03,1.05,1.09,1.10,1.12,1.19,1.24,1.32,1.35,1.36,1.38,1.40,1.43,1.50,1.54,1.56,1.60,1.64,1.66,1.67,1.69,1.70,1.72,1.73,1.75,1.77,1.78,1.80,1.82,1.83,1.85,1.86,1.87,1.89,1.90,1.91,1.93,1.94,1.95,1.97,1.98,2.00,2.01,2.03,2.06,2.07,2.11,2.15,2.16,2.18,2.19,2.21,2.22,2.23,2.25,2.26,2.28,2.29,2.31,2.32,2.34,2.36,2.37,2.38,2.40,2.42,2.44,2.45,2.46,2.48,2.49,2.51,2.52,2.54,2.56,2.57,2.59,2.60,2.62,2.63,2.64,2.65,2.66,2.68,2.69,2.70,2.71,2.72,2.73,2.74,2.75,2.77,2.78,2.79,2.80,2.81,2.83,2.84,2.85,2.86,2.87,2.88,2.90,2.91,2.92,2.93,2.94,2.96,2.97,2.98,2.99,3.01,3.02,3.03,3.05,3.07,3.08,3.09,3.10,3.12,3.13,3.15,3.17,3.19,3.21,3.22,3.23,3.24,3.26,3.27,3.28,3.29,3.31,3.32,3.33,3.35,3.36,3.41,3.45,3.48,3.50,3.51,3.52,3.53,3.55,3.56,3.57,3.59,3.60,3.61,3.62,3.63,3.65,3.66,3.67,3.68,3.69,3.70,3.72,3.73,3.75,3.76,3.78,3.79,3.80,3.82,3.83,3.84,3.85,3.87,3.88,3.89,3.91,3.94,3.98,4.02,4.03,4.05,4.07,4.08,4.09,4.10,4.12,4.14,4.15,4.17,4.18,4.19,4.20,4.22,4.24,4.25,4.27,4.28,4.30,4.31,4.32,4.34,4.36,4.37,4.38,4.39,4.40,4.41,4.42,4.44,4.46,4.47,4.49,4.51,4.53,4.54,4.55,4.57,4.58,4.60,4.61,4.62,4.63,4.64,4.65,4.68,4.69,4.70,4.72,4.73,4.74,4.76,4.77,4.78,4.79,4.80,4.83,4.85,4.86,4.87,4.89,4.91,4.92,4.94,4.95,4.96,4.97,4.98,5.00,5.01,5.02,5.03,5.04,5.06,5.08,5.09,5.10,5.12,5.13,5.14,5.18,5.21,5.24,5.27,5.28,5.30,5.32,5.34,5.35,5.36,5.37,5.38,5.39,5.41,5.42,5.43,5.44,5.45,5.46,5.48,5.49,5.50,5.51,5.53,5.54,5.55,5.56,5.57,5.59,5.60,5.61,5.63,5.64,5.68,5.72,5.75,5.78,5.86,5.89,5.90,5.91,5.93,5.96,6.04,6.10,6.17,6.18,6.19,6.23,6.26,6.27,6.30,6.32,6.34,6.38,6.40,6.42,6.43,6.47,6.51,6.53,6.58,6.61,6.63,6.65,6.67,6.68,6.69,6.71,6.72,6.74,6.75,6.77,6.79,6.82,6.88,6.90,6.92,6.93,6.96,7.00,7.04,7.06,7.07,7.09,7.13,7.14,7.17,7.19,7.21,7.24,7.26,7.28,7.31,7.33,7.35,7.37],\r\n\t\t\t\t\tgraphEle           : [1810.83,1810.83,1810.83,1810.83,1810.83,1813.32,1817.01,1818.81,1824.32,1826.85,1829.29,1830.92,1837.10,1843.96,1847.78,1850.32,1853.01,1855.17,1863.91,1869.06,1871.55,1875.21,1877.20,1880.16,1882.81,1886.06,1887.90,1889.95,1893.66,1897.08,1900.81,1904.04,1913.51,1917.66,1925.55,1929.91,1934.60,1937.61,1939.76,1947.94,1950.60,1955.83,1959.89,1962.78,1967.21,1974.06,1976.10,1979.05,1993.64,2004.49,2021.51,2024.35,2025.54,2027.60,2029.00,2031.71,2039.38,2040.61,2040.42,2040.10,2039.78,2039.68,2039.54,2039.41,2039.31,2039.35,2040.05,2041.06,2042.30,2043.29,2044.41,2045.66,2046.55,2047.23,2048.10,2048.95,2049.87,2050.89,2051.61,2053.07,2055.70,2057.26,2059.80,2061.95,2063.75,2065.98,2068.50,2072.96,2075.57,2081.63,2086.33,2087.49,2089.63,2090.79,2092.34,2093.72,2095.19,2096.30,2097.86,2099.52,2101.30,2103.23,2104.54,2105.20,2105.71,2105.99,2106.29,2106.77,2107.28,2107.66,2107.96,2108.31,2108.81,2109.16,2109.69,2110.26,2111.83,2114.24,2116.73,2118.68,2120.17,2122.30,2123.83,2125.29,2126.82,2128.30,2129.87,2131.34,2132.67,2134.18,2135.73,2137.44,2139.42,2142.10,2145.00,2147.11,2149.14,2151.31,2153.62,2155.97,2158.53,2160.58,2162.64,2164.64,2166.77,2169.06,2171.53,2173.99,2175.94,2177.75,2179.43,2181.55,2183.17,2185.12,2186.89,2189.08,2191.24,2193.43,2196.00,2197.85,2199.47,2201.28,2203.83,2206.05,2208.32,2210.64,2213.05,2214.72,2216.06,2217.36,2218.73,2220.55,2222.62,2223.95,2225.21,2226.76,2228.32,2229.75,2231.86,2234.40,2241.72,2247.04,2251.49,2254.60,2256.44,2258.36,2260.14,2261.51,2262.60,2263.71,2265.09,2266.05,2267.30,2268.60,2269.67,2270.74,2271.94,2273.07,2274.20,2275.17,2276.13,2277.30,2278.77,2276.88,2274.20,2272.23,2269.63,2267.90,2265.28,2262.66,2260.77,2258.83,2257.04,2254.62,2252.50,2249.47,2244.62,2240.47,2235.05,2233.63,2231.49,2229.33,2227.96,2226.66,2225.32,2222.74,2221.43,2218.88,2217.06,2215.39,2213.42,2211.87,2209.09,2207.18,2204.85,2202.93,2200.53,2199.08,2196.52,2194.95,2191.83,2189.24,2186.91,2184.69,2182.31,2179.89,2177.63,2174.38,2170.04,2167.24,2163.65,2159.73,2155.74,2151.73,2148.28,2146.21,2143.82,2141.94,2138.57,2136.38,2134.59,2132.73,2130.30,2128.50,2124.53,2122.62,2119.95,2117.13,2114.78,2112.82,2111.73,2111.28,2110.85,2110.33,2109.92,2109.12,2108.34,2107.93,2107.37,2106.76,2105.97,2105.49,2105.04,2104.38,2103.37,2102.43,2101.45,2100.49,2099.47,2098.34,2097.16,2096.09,2094.58,2093.02,2092.00,2090.91,2089.73,2088.44,2087.41,2081.75,2076.85,2072.84,2068.26,2065.67,2062.20,2059.33,2057.41,2055.35,2054.19,2053.40,2052.44,2051.50,2050.53,2049.73,2048.79,2047.97,2046.93,2046.14,2045.19,2044.31,2043.55,2042.60,2041.55,2040.68,2039.90,2039.51,2039.59,2039.74,2039.81,2039.93,2040.02,2040.13,2040.45,2040.75,2040.94,2038.68,2031.80,2029.37,2028.12,2027.03,2025.20,2021.36,2005.73,1993.49,1979.26,1976.43,1974.34,1967.37,1962.86,1959.92,1955.79,1952.26,1947.75,1940.82,1937.45,1934.49,1931.14,1925.57,1917.78,1913.70,1904.94,1900.96,1897.16,1893.66,1889.87,1887.79,1885.91,1882.59,1879.89,1877.86,1874.84,1871.29,1869.00,1863.91,1855.27,1853.14,1850.48,1847.96,1844.19,1837.21,1831.97,1829.14,1826.61,1823.99,1818.29,1816.43,1812.62,1811.93,1811.93,1811.93,1811.93,1811.93,1811.93,1811.93,1811.93,1811.93],\r\n\t\t\t\t\tgraphSpeed         : [],\r\n\t\t\t\t\tgraphHr            : [],\r\n\t\t\t\t\tgraphAtemp         : [],\r\n\t\t\t\t\tgraphCad           : [],\r\n\t\t\t\t\tgraphGrade         : [],\r\n\t\t\t\t\twaypoints          : [],\r\n\t\t\t\t\tunit               : \"2\",\r\n\t\t\t\t\tunitspeed          : \"0\",\r\n\t\t\t\t\tcolor1             : [\"#3366cc\"],\r\n\t\t\t\t\tcolor2             : \"#3366cc\",\r\n\t\t\t\t\tcolor3             : \"#ff0000\",\r\n\t\t\t\t\tcolor4             : \"#ff77bd\",\r\n\t\t\t\t\tcolor5             : \"#beecff\",\r\n\t\t\t\t\tcolor6             : \"#beecff\",\r\n\t\t\t\t\tcolor7             : \"#ff77bd\",\r\n\t\t\t\t\tchartFrom1         : \"\",\r\n\t\t\t\t\tchartTo1           : \"\",\r\n\t\t\t\t\tchartFrom2         : \"\",\r\n\t\t\t\t\tchartTo2           : \"\",\r\n\t\t\t\t\tstartIcon          : \"\",\r\n\t\t\t\t\tendIcon            : \"\",\r\n\t\t\t\t\tcurrentIcon        : \"\",\r\n\t\t\t\t\twaypointIcon       : \"https:\/\/lavia.cc\/gpx\/wp-content\/uploads\/gpx\/cropped-icona.ico\",\r\n\t\t\t\t\tcurrentpositioncon : \"\",\r\n\t\t\t\t\tusegpsposition     : \"\",\r\n\t\t\t\t\tzoomOnScrollWheel  : \"\",\r\n\t\t\t\t\tngGalleries        : [],\r\n\t\t\t\t\tngImages           : [],\r\n\t\t\t\t\tpluginUrl          : \"https:\/\/lavia.cc\/gpx\/wp-content\/plugins\",\r\n\t\t\t\t\tTFApiKey           : \"\",\r\n\t\t\t\t\tMapBoxApiKey           : \"\",\r\n\t\t\t\t\tlangs              : {\r\n\t\t\t\t\t\taltitude        : \"Altitudine\",\r\n\t\t\t\t\t\tcurrentPosition : \"Current position\",\r\n\t\t\t\t\t\tspeed           : \"Velocit\u00e0\",\r\n\t\t\t\t\t\tgrade           : \"Grade\",\r\n\t\t\t\t\t\theartRate       : \"Battito Cardiaco\",\r\n\t\t\t\t\t\tatemp           : \"Temperature\",\r\n\t\t\t\t\t\tcadence         : \"Cadenza\",\r\n\t\t\t\t\t\tgoFullScreen    : \"Go full screen\",\r\n\t\t\t\t\t\texitFullFcreen  : \"Exit full screen\",\r\n\t\t\t\t\t\thideImages      : \"Hide images\",\r\n\t\t\t\t\t\tshowImages      : \"Show images\",\r\n\t\t\t\t\t\tbackToCenter\t: \"Ritorna al centro della mappa\"\r\n\t\t\t\t\t}\r\n\t\t\t\t});\r\n\r\n\t\t\t});\r\n\r\n\t\t<\/script>\n<p>\ud83d\udfe2 Visita\u00a0LAVIA.CC\u00a0per altre tracce gpx e condividi le tue avventure con la nostra\u00a0community!<\/p>\n","protected":false},"excerpt":{"rendered":"<p>In condizioni normali, la salita non presenta particolari difficolt\u00e0 o pericoli, risultando ideale per un\u2019ampia gamma di escursionisti. Tuttavia, per chi sogna di conquistare la cima del <strong>Monte Frerone<\/strong>, occorre prestare attenzione: i pendii sommitali, spesso ghiacciati, richiedono quasi sempre i ramponi. Anche i tratti pi\u00f9 ripidi, superata la malga di Valfredda, mettono alla prova resistenza ed esperienza. La vetta, con la sua imponenza, si riserva solo ai pi\u00f9 preparati e determinati. La ciaspolata verso la malga <strong>Valfredda<\/strong> \u00e8 un\u2019esperienza che pu\u00f2 essere vissuta anche con i pi\u00f9 piccoli. I bambini, arrivati alla malga, avranno l\u2019opportunit\u00e0 di giocare e divertirsi in un contesto fiabesco, immersi nella natura alpina. Attenzione, per\u00f2: \u00e8 fondamentale evitare di avventurarsi sulla superficie ghiacciata del lago, per garantire la sicurezza di tutti. Per raggiungere il punto di partenza, bisogna percorrere una strada provinciale stretta e tortuosa che si snoda per quasi venti chilometri dalla <strong>Val Camonica<\/strong> (Bienno) fino al <strong>rifugio Tassara<\/strong>, in localit\u00e0 Bazena, situato a 1799 metri di quota, poco prima del passo <strong>Crocedomini<\/strong>. Spesso aperto anche in inverno, il rifugio rappresenta una comoda base d\u2019appoggio. Da qui, il parcheggio segna la fine della strada percorribile in auto: d\u2019inverno, oltre non si pu\u00f2 andare. Ed \u00e8 proprio qui che inizia l\u2019avventura con le ciaspole. Il percorso prende vita risalendo dolcemente il pendio a nord del rifugio, seguendo la traccia della mulattiera estiva. Lungo il tragitto, sulla sinistra, si scorgono caratteristici ricoveri per il bestiame e alcune casotte che sembrano uscite da una cartolina. La salita offre due alternative, entrambe piacevoli e senza difficolt\u00e0 di orientamento. Si pu\u00f2 seguire inizialmente un\u2019ampia pista forestale che attraversa un rado bosco e, una volta giunti al <strong>bivacco Rasmul\u00ec<\/strong>, affrontare un breve pendio sulla destra per immettersi sulla forestale principale, che conduce direttamente alla malga Valfredda. In alternativa, si pu\u00f2 optare per un percorso pi\u00f9 diretto, seguendo sin dall\u2019inizio la strada forestale principale, che ricalca in gran parte il tracciato dell\u2019escursione estiva. Entrambe le opzioni offrono un tragitto generalmente ben battuto, garantendo un\u2019esperienza piacevole e sicura. In circa 30-40 minuti di cammino, si raggiunge la suggestiva malga Valfredda, situata poco sopra i 2000 metri di quota. La malga sorge in una <strong>splendida conca alpina<\/strong>, dominata dall\u2019imponente mole del Monte Frerone. Durante l\u2019inverno, quando la neve \u00e8 abbondante, pu\u00f2 capitare di vedere solo una parte delle sue strutture, rendendo il paesaggio ancora pi\u00f9 magico. Gli escursionisti pi\u00f9 temerari possono proseguire verso nord, inoltrandosi nella conca del Frerone. Tuttavia, il percorso verso la vetta, con il suo ripido pendio finale, richiede ramponi, attenzione e una buona dose di esperienza alpinistica. In alternativa, si pu\u00f2 optare per un itinerario pi\u00f9 tranquillo ma altrettanto suggestivo, proseguendo verso il Passo dell\u2019Asino, che si trova poco oltre la malga sulla sinistra orografica della conca (destra salendo). Da qui, il panorama si allarga su uno scenario di rara bellezza: il maestoso <strong>Cornone di Blumone<\/strong>, la conca del Cadino e il versante orientale del Passo Croce Domini si stagliano davanti agli occhi, con una vista che si estende verso l\u2019est. Per i pi\u00f9 allenati, esiste la possibilit\u00e0 di continuare fino al rifugio Tita Secchi e al lago della Vacca. Questo tratto, per\u00f2, richiede una buona preparazione fisica e la capacit\u00e0 di affrontare traversi tecnici e insidiosi, valutando con attenzione le condizioni della neve. Per raggiungere il Passo dell\u2019Asino, si prosegue oltre la malga in direzione nord, deviando successivamente verso destra. Qui non esiste una traccia obbligata, ma grazie alla frequentazione della zona, sar\u00e0 difficile non trovare un percorso evidente. A breve distanza dal passo (in direzione sud) si trova un altro suggestivo valico, raggiungibile con un breve traverso di circa 6-7 minuti. In alternativa, \u00e8 possibile creare la propria traccia, partendo dalle ondulazioni a valle e deviando dal percorso principale per il <strong>Passo dell\u2019Asino<\/strong>. Questo percorso non \u00e8 solo una semplice escursione sulla neve: \u00e8 un viaggio attraverso paesaggi incantati, esperienze memorabili e, per chi lo desidera, sfide alpinistiche entusiasmanti. Ogni passo \u00e8 un\u2019occasione per ammirare la maestosit\u00e0 delle montagne e immergersi nel silenzio ovattato dell\u2019inverno alpino. Preparatevi a un\u2019avventura indimenticabile!<\/p>\n<p>\ud83d\udfe2 Scarica la TRACCIA e Segui <a href=\"https:\/\/www.instagram.com\/lavia.cc\/\" target=\"_blank\" rel=\"noopener\">LAVIA<\/a>!<\/p>\n","protected":false},"featured_media":19473,"comment_status":"open","ping_status":"closed","template":"","meta":[],"product_brand":[],"product_cat":[31],"product_tag":[74,73],"class_list":{"0":"post-19454","1":"product","2":"type-product","3":"status-publish","4":"has-post-thumbnail","6":"product_cat-escursionismo","7":"product_tag-brescia","8":"product_tag-lombardia","10":"first","11":"instock","12":"downloadable","13":"virtual","14":"product-type-simple"},"_links":{"self":[{"href":"https:\/\/lavia.cc\/gpx\/wp-json\/wp\/v2\/product\/19454","targetHints":{"allow":["GET"]}}],"collection":[{"href":"https:\/\/lavia.cc\/gpx\/wp-json\/wp\/v2\/product"}],"about":[{"href":"https:\/\/lavia.cc\/gpx\/wp-json\/wp\/v2\/types\/product"}],"replies":[{"embeddable":true,"href":"https:\/\/lavia.cc\/gpx\/wp-json\/wp\/v2\/comments?post=19454"}],"version-history":[{"count":2,"href":"https:\/\/lavia.cc\/gpx\/wp-json\/wp\/v2\/product\/19454\/revisions"}],"predecessor-version":[{"id":19565,"href":"https:\/\/lavia.cc\/gpx\/wp-json\/wp\/v2\/product\/19454\/revisions\/19565"}],"wp:featuredmedia":[{"embeddable":true,"href":"https:\/\/lavia.cc\/gpx\/wp-json\/wp\/v2\/media\/19473"}],"wp:attachment":[{"href":"https:\/\/lavia.cc\/gpx\/wp-json\/wp\/v2\/media?parent=19454"}],"wp:term":[{"taxonomy":"product_brand","embeddable":true,"href":"https:\/\/lavia.cc\/gpx\/wp-json\/wp\/v2\/product_brand?post=19454"},{"taxonomy":"product_cat","embeddable":true,"href":"https:\/\/lavia.cc\/gpx\/wp-json\/wp\/v2\/product_cat?post=19454"},{"taxonomy":"product_tag","embeddable":true,"href":"https:\/\/lavia.cc\/gpx\/wp-json\/wp\/v2\/product_tag?post=19454"}],"curies":[{"name":"wp","href":"https:\/\/api.w.org\/{rel}","templated":true}]}}