{"id":1947,"date":"2022-08-29T17:27:23","date_gmt":"2022-08-29T15:27:23","guid":{"rendered":"https:\/\/lavia.cc\/gpx\/?post_type=product&#038;p=1947"},"modified":"2023-07-04T21:06:57","modified_gmt":"2023-07-04T19:06:57","slug":"val-di-rabbi-dal-plan","status":"publish","type":"product","link":"https:\/\/lavia.cc\/gpx\/tracce\/val-di-rabbi-dal-plan\/","title":{"rendered":"Val di Rabbi dal Plan"},"content":{"rendered":"<h4>Val di Rabbi dal Plan<\/h4>\n<p>Mappa dell&#8217;<a href=\"https:\/\/lavia.cc\/gpx\/categoria-tracce\/escursionismo\/\">escursione<\/a>.<\/p>\n\r\n\t\t<div id=\"wpgpxmaps_1947_2525414\" class=\"wpgpxmaps\">\r\n\t\t\t<div id=\"map_1947_2525414_cont\" style=\"width:100%; height:450px;position:relative\" >\r\n\t\t\t\t<div id=\"map_1947_2525414\" style=\"width:100%; height:450px\"><\/div>\r\n\t\t\t\t<div id=\"wpgpxmaps_1947_2525414_osm_footer\" class=\"wpgpxmaps_osm_footer\" style=\"display:none;\"><span> &copy; <a href=\"http:\/\/www.openstreetmap.org\/copyright\" target=\"_blank\" rel=\"noopener\">OpenStreetMap<\/a> contributors<\/span><\/div>\r\n\t\t\t<\/div>\r\n\t\t\t<canvas id=\"myChart_1947_2525414\" class=\"plot\" style=\"width:100%; height:200px\"><\/canvas>\r\n\t\t\t<div id=\"ngimages_1947_2525414\" class=\"ngimages\" style=\"display:none\"><\/div>\r\n\t\t\t<div id=\"report_1947_2525414\" class=\"report\"><\/div>\r\n\t\t<\/div>\r\n\t\t\r\n\t\t<script type=\"text\/javascript\">\r\n\r\n\t\t\tjQuery(document).ready(function() {\r\n\r\n\t\t\t\tjQuery( \"#wpgpxmaps_1947_2525414\" ).wpgpxmaps( {\r\n\t\t\t\t\ttargetId           : \"1947_2525414\",\r\n\t\t\t\t\tmapType            : \"HYBRID\",\r\n\t\t\t\t\tmapData            : [[46.4071160,10.7955140],[46.4073330,10.7955210],[46.4075960,10.7956400],[46.4077930,10.7957390],[46.4078640,10.7956440],[46.4078340,10.7950840],[46.4082210,10.7939520],[46.4082920,10.7931520],[46.4084120,10.7929190],[46.4085060,10.7919000],[46.4086860,10.7917660],[46.4088930,10.7917260],[46.4090610,10.7916070],[46.4095320,10.7911450],[46.4098380,10.7906550],[46.4097290,10.7904620],[46.4093690,10.7899760],[46.4089970,10.7896260],[46.4087760,10.7896170],[46.4085750,10.7898470],[46.4082970,10.7899650],[46.4081000,10.7900580],[46.4074700,10.7898640],[46.4070060,10.7896560],[46.4069330,10.7897770],[46.4069420,10.7902390],[46.4068090,10.7903040],[46.4067580,10.7905440],[46.4066330,10.7905060],[46.4065780,10.7903280],[46.4064360,10.7902060],[46.4064160,10.7899640],[46.4062930,10.7898580],[46.4062100,10.7897810],[46.4062490,10.7899530],[46.4064160,10.7899640],[46.4064360,10.7902060],[46.4065780,10.7903280],[46.4066330,10.7905060],[46.4067580,10.7905440],[46.4068090,10.7903040],[46.4069420,10.7902390],[46.4069330,10.7897770],[46.4070060,10.7896560],[46.4073390,10.7896090],[46.4075330,10.7893900],[46.4077000,10.7892520],[46.4077220,10.7891080],[46.4077450,10.7889640],[46.4077600,10.7888680],[46.4077830,10.7887240],[46.4078060,10.7885800],[46.4078210,10.7884840],[46.4078890,10.7883150],[46.4079390,10.7882050],[46.4079900,10.7881350],[46.4080380,10.7880310],[46.4081070,10.7879450],[46.4081850,10.7878600],[46.4084200,10.7875160],[46.4087800,10.7872560],[46.4096910,10.7861950],[46.4098130,10.7859540],[46.4099400,10.7854020],[46.4101710,10.7849070],[46.4102580,10.7847000],[46.4105890,10.7840270],[46.4112830,10.7831360],[46.4110610,10.7830910],[46.4112300,10.7825940],[46.4115370,10.7819340],[46.4119080,10.7812540],[46.4120010,10.7810160],[46.4120360,10.7807140],[46.4122100,10.7798000],[46.4122050,10.7795590],[46.4120020,10.7794500],[46.4122050,10.7795590],[46.4122100,10.7798000],[46.4124050,10.7797800],[46.4125580,10.7796540],[46.4126340,10.7794670],[46.4128490,10.7793680],[46.4130460,10.7791550],[46.4131660,10.7791350],[46.4132700,10.7789850],[46.4135160,10.7788460],[46.4141970,10.7786830],[46.4145690,10.7784630],[46.4148010,10.7778340],[46.4149170,10.7776330],[46.4151010,10.7773660],[46.4152510,10.7771330],[46.4152990,10.7768000],[46.4155600,10.7764090],[46.4156950,10.7759950],[46.4157760,10.7759310],[46.4157990,10.7757210],[46.4159640,10.7754770],[46.4159540,10.7751280],[46.4160400,10.7750710],[46.4160820,10.7749100],[46.4161330,10.7750360],[46.4164210,10.7745810],[46.4164890,10.7746150],[46.4166980,10.7744870],[46.4167710,10.7742570],[46.4168950,10.7741270],[46.4169930,10.7741640],[46.4172710,10.7743660],[46.4174220,10.7744070],[46.4176960,10.7742180],[46.4177950,10.7742380],[46.4182700,10.7742560],[46.4184160,10.7743280],[46.4184290,10.7745810],[46.4188720,10.7745270],[46.4190270,10.7745010],[46.4200480,10.7737680],[46.4206670,10.7727140],[46.4210180,10.7724830],[46.4218680,10.7722440],[46.4232060,10.7723540],[46.4237150,10.7721930],[46.4248890,10.7714810],[46.4258950,10.7712040],[46.4264210,10.7710590],[46.4266640,10.7708780],[46.4271020,10.7701240],[46.4273070,10.7699030],[46.4283430,10.7694110],[46.4286130,10.7694550],[46.4288180,10.7697050],[46.4289460,10.7696610],[46.4289540,10.7694840],[46.4287870,10.7691530],[46.4287360,10.7688600],[46.4286950,10.7686270],[46.4288690,10.7683720],[46.4290820,10.7684740],[46.4291970,10.7683240],[46.4291780,10.7681790],[46.4295820,10.7683680],[46.4297000,10.7684230],[46.4300360,10.7690510],[46.4301230,10.7690960],[46.4303980,10.7693400],[46.4305470,10.7694520],[46.4307150,10.7694740],[46.4309790,10.7692880],[46.4312920,10.7693220],[46.4316060,10.7693220],[46.4318950,10.7692110],[46.4320370,10.7692350],[46.4324800,10.7695450],[46.4330710,10.7694290],[46.4332080,10.7693100],[46.4333310,10.7694230],[46.4331510,10.7698910],[46.4329190,10.7701400],[46.4328470,10.7702900],[46.4320320,10.7706070],[46.4319180,10.7707380],[46.4319190,10.7709530],[46.4317710,10.7709820],[46.4316470,10.7711230],[46.4315030,10.7712210],[46.4309130,10.7712890],[46.4305800,10.7711760],[46.4304950,10.7712410],[46.4301940,10.7712410],[46.4301310,10.7714350],[46.4299320,10.7715350],[46.4295230,10.7719130],[46.4292870,10.7719730],[46.4289800,10.7719400],[46.4284160,10.7716710],[46.4278440,10.7714790],[46.4272380,10.7715640],[46.4261130,10.7719850],[46.4253400,10.7721190],[46.4251210,10.7723490],[46.4244640,10.7725510],[46.4240050,10.7725970],[46.4226740,10.7730120],[46.4218790,10.7729980],[46.4216980,10.7730480],[46.4215620,10.7732410],[46.4208210,10.7734990],[46.4204490,10.7738270],[46.4190210,10.7748260],[46.4185280,10.7750790],[46.4180070,10.7751290],[46.4180220,10.7747680],[46.4177950,10.7742380],[46.4176960,10.7742180],[46.4174220,10.7744070],[46.4173640,10.7745950],[46.4172330,10.7746860],[46.4169360,10.7751360],[46.4166030,10.7758600],[46.4164480,10.7762680],[46.4164920,10.7769540],[46.4162990,10.7777680],[46.4159660,10.7787870],[46.4155070,10.7794040],[46.4154960,10.7806440],[46.4152130,10.7809460],[46.4151760,10.7818630],[46.4148430,10.7828550],[46.4145640,10.7840950],[46.4141810,10.7847170],[46.4137520,10.7850600],[46.4131420,10.7852160],[46.4120340,10.7864760],[46.4117100,10.7866700],[46.4114400,10.7873060],[46.4113240,10.7879410],[46.4112090,10.7881590],[46.4110360,10.7882030],[46.4106460,10.7886590],[46.4104230,10.7888010],[46.4090870,10.7894050],[46.4086400,10.7894880],[46.4082970,10.7899650],[46.4085750,10.7898470],[46.4087760,10.7896170],[46.4089970,10.7896260],[46.4093690,10.7899760],[46.4097290,10.7904620],[46.4098380,10.7906550],[46.4095320,10.7911450],[46.4090610,10.7916070],[46.4088930,10.7917260],[46.4087610,10.7917310],[46.4085060,10.7919000],[46.4084120,10.7929190],[46.4082920,10.7931520],[46.4082210,10.7939520],[46.4078340,10.7950840],[46.4078640,10.7956440],[46.4077930,10.7957390],[46.4075960,10.7956400],[46.4073330,10.7955210],[46.4071160,10.7955140]],\r\n\t\t\t\t\tgraphDist          : [0.00,0.02,0.05,0.08,0.09,0.14,0.23,0.29,0.32,0.40,0.42,0.44,0.46,0.53,0.58,0.59,0.65,0.70,0.72,0.75,0.78,0.81,0.88,0.93,0.95,0.98,1.00,1.02,1.03,1.05,1.07,1.09,1.11,1.13,1.15,1.18,1.20,1.22,1.23,1.25,1.27,1.28,1.32,1.33,1.37,1.40,1.42,1.43,1.45,1.46,1.47,1.48,1.49,1.51,1.52,1.53,1.55,1.56,1.57,1.61,1.65,1.78,1.81,1.85,1.90,1.91,1.98,2.09,2.12,2.16,2.22,2.29,2.31,2.33,2.41,2.43,2.45,2.47,2.49,2.51,2.53,2.55,2.58,2.60,2.62,2.63,2.66,2.74,2.79,2.84,2.86,2.89,2.92,2.95,2.99,3.02,3.03,3.05,3.08,3.10,3.11,3.13,3.14,3.19,3.20,3.23,3.25,3.26,3.28,3.32,3.34,3.37,3.39,3.44,3.46,3.48,3.52,3.54,3.67,3.78,3.82,3.91,4.06,4.12,4.26,4.38,4.44,4.47,4.54,4.57,4.70,4.73,4.76,4.77,4.78,4.82,4.84,4.86,4.89,4.91,4.93,4.95,4.99,5.01,5.07,5.08,5.12,5.13,5.15,5.19,5.22,5.26,5.29,5.31,5.36,5.43,5.44,5.46,5.50,5.53,5.55,5.64,5.66,5.67,5.69,5.71,5.73,5.80,5.84,5.85,5.88,5.90,5.92,5.98,6.00,6.04,6.10,6.17,6.24,6.37,6.45,6.48,6.56,6.61,6.76,6.85,6.87,6.89,6.98,7.03,7.20,7.26,7.32,7.35,7.40,7.41,7.45,7.46,7.48,7.53,7.59,7.63,7.68,7.75,7.83,7.90,8.00,8.04,8.11,8.19,8.29,8.36,8.41,8.48,8.64,8.68,8.74,8.79,8.81,8.83,8.89,8.91,9.07,9.12,9.17,9.21,9.23,9.26,9.31,9.36,9.38,9.43,9.50,9.52,9.53,9.56,9.64,9.66,9.73,9.82,9.87,9.88,9.90,9.93,9.96],\r\n\t\t\t\t\tgraphEle           : [1265.60,1263.90,1262.00,1262.20,1262.50,1262.90,1266.40,1267.90,1268.30,1271.90,1272.20,1272.50,1273.20,1276.20,1279.10,1280.00,1281.60,1282.70,1283.60,1284.20,1285.30,1287.70,1300.90,1306.90,1307.10,1306.20,1311.70,1317.50,1322.30,1327.90,1335.00,1342.00,1347.80,1356.10,1352.70,1343.30,1336.10,1328.90,1323.00,1318.00,1312.00,1306.30,1307.10,1306.90,1313.40,1318.40,1322.40,1329.10,1336.00,1343.40,1350.10,1356.50,1364.10,1371.40,1371.20,1371.70,1373.00,1374.90,1377.00,1387.10,1394.90,1404.20,1406.30,1408.50,1408.90,1409.80,1419.40,1441.10,1446.00,1453.70,1463.70,1470.50,1473.00,1476.00,1484.90,1487.90,1489.30,1487.90,1484.90,1483.50,1481.30,1479.30,1476.90,1474.50,1473.50,1472.30,1468.80,1459.60,1452.60,1447.50,1444.50,1437.80,1433.60,1429.40,1423.80,1422.40,1422.50,1422.90,1424.60,1426.50,1426.10,1424.70,1422.60,1414.90,1412.30,1406.10,1402.50,1399.40,1395.00,1387.30,1384.80,1384.20,1383.30,1383.90,1384.60,1384.80,1387.40,1388.40,1395.00,1402.70,1405.70,1412.50,1422.90,1427.40,1438.80,1451.00,1457.50,1460.90,1469.40,1472.70,1487.00,1490.80,1494.60,1496.40,1497.90,1501.90,1505.00,1507.60,1516.40,1524.10,1527.40,1528.70,1536.60,1538.90,1543.60,1543.90,1547.00,1547.20,1550.00,1554.80,1560.20,1561.80,1560.90,1559.80,1555.30,1551.90,1551.70,1551.80,1549.00,1547.90,1548.20,1552.00,1553.50,1553.80,1553.30,1551.10,1546.20,1527.60,1522.00,1520.70,1513.60,1509.30,1505.40,1499.50,1495.90,1493.10,1484.60,1476.30,1468.50,1456.60,1449.90,1447.50,1441.40,1436.20,1424.80,1418.90,1417.30,1415.50,1407.60,1402.30,1389.30,1385.30,1381.90,1382.70,1383.30,1384.30,1384.80,1383.90,1383.10,1381.30,1379.50,1378.80,1377.40,1375.40,1372.90,1371.30,1369.90,1369.60,1370.90,1376.70,1366.20,1359.60,1352.20,1337.60,1330.80,1330.50,1322.30,1311.60,1311.40,1310.00,1305.60,1304.00,1301.20,1301.10,1285.30,1284.20,1283.60,1282.70,1281.60,1280.00,1279.10,1276.20,1273.20,1272.50,1272.20,1271.90,1268.30,1267.90,1266.40,1262.90,1262.50,1262.20,1262.00,1264.00,1265.70],\r\n\t\t\t\t\tgraphSpeed         : [],\r\n\t\t\t\t\tgraphHr            : [],\r\n\t\t\t\t\tgraphAtemp         : [],\r\n\t\t\t\t\tgraphCad           : [],\r\n\t\t\t\t\tgraphGrade         : [],\r\n\t\t\t\t\twaypoints          : [],\r\n\t\t\t\t\tunit               : \"2\",\r\n\t\t\t\t\tunitspeed          : \"0\",\r\n\t\t\t\t\tcolor1             : [\"#3366cc\"],\r\n\t\t\t\t\tcolor2             : \"#3366cc\",\r\n\t\t\t\t\tcolor3             : \"#ff0000\",\r\n\t\t\t\t\tcolor4             : \"#ff77bd\",\r\n\t\t\t\t\tcolor5             : \"#beecff\",\r\n\t\t\t\t\tcolor6             : \"#beecff\",\r\n\t\t\t\t\tcolor7             : \"#ff77bd\",\r\n\t\t\t\t\tchartFrom1         : \"\",\r\n\t\t\t\t\tchartTo1           : \"\",\r\n\t\t\t\t\tchartFrom2         : \"\",\r\n\t\t\t\t\tchartTo2           : \"\",\r\n\t\t\t\t\tstartIcon          : \"\",\r\n\t\t\t\t\tendIcon            : \"\",\r\n\t\t\t\t\tcurrentIcon        : \"\",\r\n\t\t\t\t\twaypointIcon       : \"https:\/\/lavia.cc\/gpx\/wp-content\/uploads\/gpx\/cropped-icona.ico\",\r\n\t\t\t\t\tcurrentpositioncon : \"\",\r\n\t\t\t\t\tusegpsposition     : \"\",\r\n\t\t\t\t\tzoomOnScrollWheel  : \"\",\r\n\t\t\t\t\tngGalleries        : [],\r\n\t\t\t\t\tngImages           : [],\r\n\t\t\t\t\tpluginUrl          : \"https:\/\/lavia.cc\/gpx\/wp-content\/plugins\",\r\n\t\t\t\t\tTFApiKey           : \"\",\r\n\t\t\t\t\tMapBoxApiKey           : \"\",\r\n\t\t\t\t\tlangs              : {\r\n\t\t\t\t\t\taltitude        : \"Altitudine\",\r\n\t\t\t\t\t\tcurrentPosition : \"Current position\",\r\n\t\t\t\t\t\tspeed           : \"Velocit\u00e0\",\r\n\t\t\t\t\t\tgrade           : \"Grade\",\r\n\t\t\t\t\t\theartRate       : \"Battito Cardiaco\",\r\n\t\t\t\t\t\tatemp           : \"Temperature\",\r\n\t\t\t\t\t\tcadence         : \"Cadenza\",\r\n\t\t\t\t\t\tgoFullScreen    : \"Go full screen\",\r\n\t\t\t\t\t\texitFullFcreen  : \"Exit full screen\",\r\n\t\t\t\t\t\thideImages      : \"Hide images\",\r\n\t\t\t\t\t\tshowImages      : \"Show images\",\r\n\t\t\t\t\t\tbackToCenter\t: \"Ritorna al centro della mappa\"\r\n\t\t\t\t\t}\r\n\t\t\t\t});\r\n\r\n\t\t\t});\r\n\r\n\t\t<\/script>\n<p>Clicca qui per raggiungere il punto di partenza: <a href=\"https:\/\/www.google.it\/maps\/place\/Area+Sosta+Camper+-+%22Al+Plan%22+-+Rabbi\/@46.4070537,10.7933213,17z\/data=!4m16!1m7!3m6!1s0x0:0x2a93d41f51396208!2zNDbCsDI0JzI1LjQiTiAxMMKwNDcnNDMuOCJF!3b1!8m2!3d46.40705!4d10.79551!3m7!1s0x4782f0c3bd52a265:0x4614459bdfeaf695!5m2!4m1!1i2!8m2!3d46.4079355!4d10.7957428\" target=\"_blank\" rel=\"noopener\">Google Maps<\/a><\/p>\n","protected":false},"excerpt":{"rendered":"<p>La Val di Rabbi, una delle pi\u00f9 belle e spettacolari valli del Trentino Alto Adige, collocata all\u2019ingresso del Parco Nazionale dello Stelvio, lateralmente rispetto alla Val di Sole. La Val di Rabbi si snoda lungo il torrente Rabbies per circa 12 km, a una quota che dagli 800 metri arriva fino 1.400 metri sul livello del mare. La Val di Rabbi \u00e8 tra le vallate pi\u00f9 pittoresche di tutta la provincia di Trento ed \u00e8 caratterizzata da pascoli ampi, boschi, innumerevoli malghe, tipici pascoli alpini, infiniti masi, tipiche costruzioni rurali. realizzate in legno. L\u2019escursione di oggi porta all&#8217;imperdibile ponte sospeso situato a quota 1.366 m sul livello del mare, appena sopra le cascate del torrente Rio Ragaiolo. Immerso in una natura rigogliosa e affascinante, il ponte consente una vista davvero unica sulla valle e sul torrente sottostante. Camminare sul ponte sospeso \u00e8 una esperienza a dir poco adrenalinica: una passeggiata di 100 metri a un\u2019altezza di circa 60 metri da dove ammirare bellezze naturali stupefacenti.<\/p>\n<p>\ud83d\udfe2\u00a0Segui LAVIA!<\/p>\n","protected":false},"featured_media":1948,"comment_status":"open","ping_status":"closed","template":"","meta":[],"product_brand":[],"product_cat":[31],"product_tag":[321,37,263,322],"class_list":{"0":"post-1947","1":"product","2":"type-product","3":"status-publish","4":"has-post-thumbnail","6":"product_cat-escursionismo","7":"product_tag-rabbi","8":"product_tag-r-trentinoaltoadige","9":"product_tag-trento","10":"product_tag-val-di-rabbi","12":"first","13":"instock","14":"downloadable","15":"virtual","16":"product-type-simple"},"_links":{"self":[{"href":"https:\/\/lavia.cc\/gpx\/wp-json\/wp\/v2\/product\/1947","targetHints":{"allow":["GET"]}}],"collection":[{"href":"https:\/\/lavia.cc\/gpx\/wp-json\/wp\/v2\/product"}],"about":[{"href":"https:\/\/lavia.cc\/gpx\/wp-json\/wp\/v2\/types\/product"}],"replies":[{"embeddable":true,"href":"https:\/\/lavia.cc\/gpx\/wp-json\/wp\/v2\/comments?post=1947"}],"version-history":[{"count":5,"href":"https:\/\/lavia.cc\/gpx\/wp-json\/wp\/v2\/product\/1947\/revisions"}],"predecessor-version":[{"id":3326,"href":"https:\/\/lavia.cc\/gpx\/wp-json\/wp\/v2\/product\/1947\/revisions\/3326"}],"wp:featuredmedia":[{"embeddable":true,"href":"https:\/\/lavia.cc\/gpx\/wp-json\/wp\/v2\/media\/1948"}],"wp:attachment":[{"href":"https:\/\/lavia.cc\/gpx\/wp-json\/wp\/v2\/media?parent=1947"}],"wp:term":[{"taxonomy":"product_brand","embeddable":true,"href":"https:\/\/lavia.cc\/gpx\/wp-json\/wp\/v2\/product_brand?post=1947"},{"taxonomy":"product_cat","embeddable":true,"href":"https:\/\/lavia.cc\/gpx\/wp-json\/wp\/v2\/product_cat?post=1947"},{"taxonomy":"product_tag","embeddable":true,"href":"https:\/\/lavia.cc\/gpx\/wp-json\/wp\/v2\/product_tag?post=1947"}],"curies":[{"name":"wp","href":"https:\/\/api.w.org\/{rel}","templated":true}]}}