{"id":19711,"date":"2025-01-30T14:31:03","date_gmt":"2025-01-30T13:31:03","guid":{"rendered":"https:\/\/lavia.cc\/gpx\/?post_type=product&#038;p=19711"},"modified":"2025-01-30T14:32:44","modified_gmt":"2025-01-30T13:32:44","slug":"monte-alpi-da-bosco-favino","status":"publish","type":"product","link":"https:\/\/lavia.cc\/gpx\/tracce\/monte-alpi-da-bosco-favino\/","title":{"rendered":"Monte Alpi da Bosco Favino"},"content":{"rendered":"<h4>Monte Alpi da Bosco Favino<\/h4>\n<p>\u27a1\ufe0f Clicca qui per andare al punto di partenza: <a href=\"https:\/\/www.google.it\/maps\/place\/40%C2%B007&#039;55.9%22N+15%C2%B059&#039;36.3%22E\/@40.1324446,15.9926549,255m\/data=!3m1!1e3!4m4!3m3!8m2!3d40.13218!4d15.99341?entry=ttu&amp;g_ep=EgoyMDI1MDEyNy4wIKXMDSoASAFQAw%3D%3D\" target=\"_blank\" rel=\"noopener\">GOOGLE MAPS<\/a> (Parcheggio).<\/p>\n<p>\u2139\ufe0f Il monte Alpi, con le sue cime gemelle Pizzo Falcone e Santa Croce, si erge come una delle vette pi\u00f9 elevate dell\u2019Appennino lucano, custode di una natura incontaminata e ricca di storia. Questa montagna, situata all\u2019estrema propaggine settentrionale del parco nazionale del Pollino, offre panorami che abbracciano l\u2019alta val d\u2019Agri, i calanchi argillosi che digradano verso il mar Ionio e l\u2019imponente acrocoro del Pollino. . La leggenda vuole che il nome \u201cAlpi\u201d derivi dalla parola locale \u201carpo\u201d, un falcetto usato per il taglio delle erbe, evocando la forma del monte unendo le sue tre cime dall\u2019alto.<\/p>\n<p>Il Ponte Tibetano di Castelsaraceno \u00e8 un\u2019opera ingegneristica straordinaria. Stiamo infatti parlando del ponte tibetano pi\u00f9 lungo d\u2019Italia! Con i suoi 586 metri di lunghezza e 80 metri di altezza, offre un\u2019esperienza unica. Camminare su questo ponte sospeso, con panorami mozzafiato tutto intorno, \u00e8 un\u2019esperienza che ti rimarr\u00e0 impressa per sempre.<\/p>\n<p>\u26fa\ufe0f\ud83c\udf74<a href=\"https:\/\/www.booking.com\/hotel\/it\/a-casa-di-carla-castelsaraceno.it.html?aid=356934&amp;label=metagha-link-LUIT-hotel-8535604_dev-desktop_los-1_bw-3_dow-Sunday_defdate-1_room-0_gstadt-2_rateid-public_aud-0_gacid-21415128859_mcid-10_ppa-0_clrid-0_ad-1_gstkid-0_checkin-20250202_ppt-_lp-2380_r-1780591931049718449&amp;sid=8d75a5162c02163fa5fdafa488f7ddb6&amp;all_sr_blocks=853560401_352801886_2_1_0&amp;checkin=2025-02-02&amp;checkout=2025-02-03&amp;dest_id=-114664&amp;dest_type=city&amp;dist=0&amp;group_adults=2&amp;group_children=0&amp;hapos=1&amp;highlighted_blocks=853560401_352801886_2_1_0&amp;hpos=1&amp;matching_block_id=853560401_352801886_2_1_0&amp;no_rooms=1&amp;req_adults=2&amp;req_children=0&amp;room1=A%2CA&amp;sb_price_type=total&amp;sr_order=popularity&amp;sr_pri_blocks=853560401_352801886_2_1_0__10400&amp;srepoch=1738231891&amp;srpvid=8aa047a6e7050836&amp;type=total&amp;ucfs=1&amp;\" target=\"_blank\" rel=\"noopener\">B&amp;B A casa di Carla<\/a>: Questo bed and breakfast offre un\u2019atmosfera accogliente e silenziosa. La signora Carla, \u00e8 nota per la sua ospitalit\u00e0 e per i suoi deliziosi dolci. La colazione \u00e8 ricca e, come bonus, potresti essere accolto con una bottiglia di vino. Il giardino esterno \u00e8 l\u2019ideale per rilassarsi dopo una giornata di cammino.<\/p>\n<p>\u26a0\ufe0f La percorribilit\u00e0 dell\u2019itinerario proposto, come tutta la morfologia del territorio, \u00e8 soggetta a cambiamenti ambientali dovuti a eventi naturali e alle condizioni meteo. Quindi, prima di partire, consultate gli uffici turistici competenti e\/o le strutture di riferimento di riferimento.<\/p>\n<h4>\ud83d\uddfa\ufe0f Mappa e altimetria dell&#8217;<a href=\"https:\/\/lavia.cc\/gpx\/categoria-tracce\/escursionismo\/\">escursione<\/a> &#8220;Monte Alpi da Bosco Favino&#8221;:<\/h4>\n\r\n\t\t<div id=\"wpgpxmaps_19711_1698841\" class=\"wpgpxmaps\">\r\n\t\t\t<div id=\"map_19711_1698841_cont\" style=\"width:100%; height:450px;position:relative\" >\r\n\t\t\t\t<div id=\"map_19711_1698841\" style=\"width:100%; height:450px\"><\/div>\r\n\t\t\t\t<div id=\"wpgpxmaps_19711_1698841_osm_footer\" class=\"wpgpxmaps_osm_footer\" style=\"display:none;\"><span> &copy; <a href=\"http:\/\/www.openstreetmap.org\/copyright\" target=\"_blank\" rel=\"noopener\">OpenStreetMap<\/a> contributors<\/span><\/div>\r\n\t\t\t<\/div>\r\n\t\t\t<canvas id=\"myChart_19711_1698841\" class=\"plot\" style=\"width:100%; height:200px\"><\/canvas>\r\n\t\t\t<div id=\"ngimages_19711_1698841\" class=\"ngimages\" style=\"display:none\"><\/div>\r\n\t\t\t<div id=\"report_19711_1698841\" class=\"report\"><\/div>\r\n\t\t<\/div>\r\n\t\t\r\n\t\t<script type=\"text\/javascript\">\r\n\r\n\t\t\tjQuery(document).ready(function() {\r\n\r\n\t\t\t\tjQuery( \"#wpgpxmaps_19711_1698841\" ).wpgpxmaps( {\r\n\t\t\t\t\ttargetId           : \"19711_1698841\",\r\n\t\t\t\t\tmapType            : \"HYBRID\",\r\n\t\t\t\t\tmapData            : [[40.1321820,15.9934130],[40.1320550,15.9933840],[40.1319650,15.9933230],[40.1317060,15.9929360],[40.1316450,15.9925860],[40.1315620,15.9923640],[40.1314670,15.9922020],[40.1313710,15.9921140],[40.1309960,15.9920490],[40.1307770,15.9919790],[40.1306400,15.9919730],[40.1305310,15.9920490],[40.1304030,15.9920310],[40.1299320,15.9917070],[40.1298490,15.9915910],[40.1297450,15.9915330],[40.1296540,15.9914870],[40.1294630,15.9915280],[40.1292640,15.9916310],[40.1290140,15.9914400],[40.1288950,15.9913750],[40.1287010,15.9913840],[40.1284530,15.9914660],[40.1283800,15.9916940],[40.1283800,15.9918990],[40.1281510,15.9923460],[40.1279980,15.9925170],[40.1277070,15.9927260],[40.1275910,15.9928540],[40.1274740,15.9927990],[40.1275020,15.9926370],[40.1274230,15.9925730],[40.1273700,15.9923960],[40.1268010,15.9925680],[40.1265990,15.9925710],[40.1262700,15.9924600],[40.1258510,15.9929150],[40.1256490,15.9929870],[40.1253130,15.9928970],[40.1251040,15.9926690],[40.1247300,15.9925420],[40.1243930,15.9924960],[40.1241020,15.9923410],[40.1238550,15.9923230],[40.1236820,15.9924870],[40.1232530,15.9924100],[40.1231240,15.9924320],[40.1229440,15.9925870],[40.1227790,15.9925210],[40.1226370,15.9923730],[40.1222800,15.9922430],[40.1222200,15.9920680],[40.1221820,15.9918620],[40.1220940,15.9916870],[40.1218440,15.9914160],[40.1216590,15.9913020],[40.1215020,15.9911200],[40.1213610,15.9910430],[40.1210850,15.9910050],[40.1209890,15.9909400],[40.1210620,15.9906750],[40.1211630,15.9905600],[40.1213610,15.9904410],[40.1215360,15.9903740],[40.1215770,15.9902480],[40.1215330,15.9901030],[40.1214340,15.9900180],[40.1212150,15.9899260],[40.1208830,15.9898580],[40.1207000,15.9897850],[40.1205550,15.9898030],[40.1204270,15.9897530],[40.1203310,15.9897710],[40.1201860,15.9898760],[40.1198670,15.9898630],[40.1196800,15.9898990],[40.1195020,15.9898850],[40.1194390,15.9897170],[40.1196470,15.9891950],[40.1196120,15.9890360],[40.1193910,15.9890400],[40.1193470,15.9888510],[40.1192580,15.9888840],[40.1189120,15.9892360],[40.1187970,15.9893160],[40.1185370,15.9894350],[40.1183940,15.9894690],[40.1183170,15.9893970],[40.1183190,15.9892280],[40.1186800,15.9888270],[40.1190540,15.9881590],[40.1191430,15.9877790],[40.1191950,15.9873890],[40.1193040,15.9870110],[40.1197280,15.9860660],[40.1199260,15.9856740],[40.1201060,15.9854460],[40.1203520,15.9850200],[40.1207780,15.9846650],[40.1210580,15.9844690],[40.1212360,15.9841040],[40.1212740,15.9839600],[40.1212850,15.9838150],[40.1214820,15.9831440],[40.1216110,15.9829970],[40.1216990,15.9827860],[40.1217940,15.9826870],[40.1218670,15.9825170],[40.1220220,15.9823160],[40.1221580,15.9820430],[40.1223220,15.9813960],[40.1226320,15.9808470],[40.1225550,15.9806620],[40.1223380,15.9806140],[40.1222470,15.9805550],[40.1223100,15.9803920],[40.1220390,15.9803890],[40.1219910,15.9802680],[40.1220150,15.9800340],[40.1219300,15.9799930],[40.1217460,15.9800490],[40.1216540,15.9795640],[40.1215470,15.9795500],[40.1214550,15.9796200],[40.1213170,15.9797890],[40.1211530,15.9796340],[40.1211020,15.9793640],[40.1211880,15.9788420],[40.1211460,15.9783790],[40.1211880,15.9788420],[40.1211020,15.9793640],[40.1211530,15.9796340],[40.1213170,15.9797890],[40.1214550,15.9796200],[40.1215470,15.9795500],[40.1216540,15.9795640],[40.1217460,15.9800490],[40.1219300,15.9799930],[40.1220150,15.9800340],[40.1219910,15.9802680],[40.1220390,15.9803890],[40.1223100,15.9803920],[40.1222470,15.9805550],[40.1223380,15.9806140],[40.1225550,15.9806620],[40.1226320,15.9808470],[40.1223220,15.9813960],[40.1221580,15.9820430],[40.1220220,15.9823160],[40.1218670,15.9825170],[40.1217940,15.9826870],[40.1216990,15.9827860],[40.1216110,15.9829970],[40.1214820,15.9831440],[40.1212940,15.9837360],[40.1212740,15.9839600],[40.1212360,15.9841040],[40.1210580,15.9844690],[40.1207780,15.9846650],[40.1203520,15.9850200],[40.1201060,15.9854460],[40.1199260,15.9856740],[40.1197280,15.9860660],[40.1193040,15.9870110],[40.1191950,15.9873890],[40.1191430,15.9877790],[40.1190540,15.9881590],[40.1186800,15.9888270],[40.1183690,15.9891320],[40.1183170,15.9893970],[40.1183940,15.9894690],[40.1185370,15.9894350],[40.1187970,15.9893160],[40.1189120,15.9892360],[40.1192580,15.9888840],[40.1193470,15.9888510],[40.1193460,15.9889770],[40.1196120,15.9890360],[40.1196470,15.9891950],[40.1194390,15.9897170],[40.1195020,15.9898850],[40.1196800,15.9898990],[40.1198670,15.9898630],[40.1201860,15.9898760],[40.1203310,15.9897710],[40.1204270,15.9897530],[40.1205550,15.9898030],[40.1207000,15.9897850],[40.1208830,15.9898580],[40.1212150,15.9899260],[40.1214340,15.9900180],[40.1215330,15.9901030],[40.1215770,15.9902480],[40.1215360,15.9903740],[40.1213610,15.9904410],[40.1211630,15.9905600],[40.1210620,15.9906750],[40.1209620,15.9908490],[40.1210850,15.9910050],[40.1213610,15.9910430],[40.1215020,15.9911200],[40.1216590,15.9913020],[40.1218440,15.9914160],[40.1220940,15.9916870],[40.1221820,15.9918620],[40.1222200,15.9920680],[40.1222800,15.9922430],[40.1226370,15.9923730],[40.1227790,15.9925210],[40.1229440,15.9925870],[40.1231240,15.9924320],[40.1232530,15.9924100],[40.1236820,15.9924870],[40.1238550,15.9923230],[40.1241020,15.9923410],[40.1243930,15.9924960],[40.1247300,15.9925420],[40.1251040,15.9926690],[40.1253130,15.9928970],[40.1256490,15.9929870],[40.1258510,15.9929150],[40.1262700,15.9924600],[40.1265990,15.9925710],[40.1268010,15.9925680],[40.1273240,15.9923390],[40.1273840,15.9925230],[40.1274840,15.9925760],[40.1274740,15.9927990],[40.1275910,15.9928540],[40.1277070,15.9927260],[40.1279980,15.9925170],[40.1281510,15.9923460],[40.1283800,15.9918990],[40.1283800,15.9916940],[40.1284530,15.9914660],[40.1287010,15.9913840],[40.1288950,15.9913750],[40.1290140,15.9914400],[40.1291860,15.9916160],[40.1294630,15.9915280],[40.1296540,15.9914870],[40.1297450,15.9915330],[40.1298490,15.9915910],[40.1299320,15.9917070],[40.1304030,15.9920310],[40.1305310,15.9920490],[40.1306400,15.9919730],[40.1307770,15.9919790],[40.1309960,15.9920490],[40.1313710,15.9921140],[40.1314670,15.9922020],[40.1315620,15.9923640],[40.1316450,15.9925860],[40.1317060,15.9929360],[40.1319100,15.9932470],[40.1320550,15.9933840],[40.1321820,15.9934130]],\r\n\t\t\t\t\tgraphDist          : [0.00,0.01,0.03,0.07,0.10,0.12,0.14,0.15,0.19,0.22,0.23,0.25,0.26,0.32,0.34,0.35,0.36,0.38,0.40,0.44,0.45,0.47,0.50,0.52,0.54,0.59,0.61,0.65,0.67,0.68,0.69,0.71,0.72,0.79,0.82,0.85,0.92,0.94,0.98,1.01,1.05,1.09,1.13,1.15,1.18,1.23,1.24,1.26,1.28,1.30,1.35,1.36,1.38,1.40,1.44,1.46,1.48,1.50,1.53,1.55,1.57,1.59,1.61,1.64,1.65,1.66,1.67,1.70,1.74,1.76,1.78,1.79,1.81,1.83,1.86,1.88,1.91,1.92,1.97,1.99,2.01,2.03,2.04,2.09,2.11,2.14,2.15,2.16,2.18,2.23,2.30,2.34,2.37,2.41,2.51,2.55,2.58,2.62,2.68,2.72,2.75,2.77,2.78,2.84,2.86,2.88,2.89,2.91,2.93,2.96,3.02,3.08,3.10,3.12,3.14,3.15,3.18,3.19,3.21,3.22,3.24,3.29,3.30,3.31,3.33,3.36,3.38,3.42,3.46,3.50,3.55,3.57,3.60,3.62,3.63,3.64,3.68,3.70,3.71,3.73,3.75,3.78,3.79,3.81,3.83,3.85,3.91,3.97,3.99,4.02,4.03,4.05,4.07,4.09,4.14,4.16,4.17,4.21,4.25,4.31,4.35,4.38,4.42,4.52,4.55,4.59,4.62,4.69,4.74,4.76,4.77,4.79,4.82,4.84,4.88,4.90,4.91,4.94,4.95,5.01,5.02,5.04,5.07,5.10,5.12,5.13,5.15,5.17,5.19,5.23,5.25,5.27,5.28,5.29,5.31,5.34,5.35,5.37,5.39,5.43,5.44,5.47,5.49,5.53,5.55,5.56,5.58,5.62,5.64,5.66,5.69,5.70,5.75,5.77,5.80,5.84,5.88,5.92,5.95,5.99,6.01,6.07,6.11,6.13,6.20,6.21,6.23,6.25,6.26,6.28,6.32,6.34,6.39,6.40,6.42,6.45,6.48,6.49,6.51,6.55,6.57,6.58,6.59,6.61,6.67,6.68,6.69,6.71,6.73,6.78,6.79,6.81,6.83,6.86,6.89,6.91,6.93],\r\n\t\t\t\t\tgraphEle           : [1334.03,1334.03,1334.03,1334.03,1334.03,1335.63,1336.95,1337.94,1341.15,1343.06,1344.22,1345.27,1346.36,1352.25,1354.17,1355.95,1357.49,1360.55,1363.93,1368.63,1370.66,1373.73,1377.79,1381.28,1384.18,1391.78,1395.50,1401.64,1404.45,1406.74,1409.09,1411.15,1414.05,1425.73,1429.57,1436.03,1446.29,1450.01,1456.10,1460.93,1467.79,1473.80,1479.43,1483.92,1487.80,1495.65,1498.02,1501.93,1505.06,1508.35,1517.22,1520.95,1525.06,1529.12,1537.37,1542.56,1547.88,1551.76,1559.36,1562.54,1569.65,1573.59,1580.01,1585.38,1588.47,1591.98,1595.47,1602.25,1612.82,1619.44,1624.48,1629.10,1632.46,1638.20,1649.24,1655.78,1661.96,1666.91,1677.29,1680.01,1684.33,1687.49,1689.30,1697.86,1700.40,1705.75,1708.00,1709.46,1711.45,1718.82,1728.59,1733.28,1742.21,1751.47,1776.59,1787.36,1793.97,1804.73,1818.06,1826.43,1834.88,1835.64,1836.36,1839.93,1841.04,1842.23,1843.02,1843.99,1845.40,1845.65,1840.89,1836.13,1834.64,1832.63,1831.44,1830.16,1827.46,1826.36,1824.55,1823.64,1821.75,1817.91,1816.84,1815.77,1813.87,1811.99,1811.91,1811.76,1811.62,1811.49,1811.33,1812.85,1814.66,1816.35,1817.31,1818.27,1821.69,1823.38,1824.19,1825.80,1826.78,1829.47,1830.91,1832.25,1834.51,1836.20,1841.56,1845.44,1844.29,1843.29,1842.60,1842.05,1841.20,1840.42,1838.16,1836.24,1833.38,1825.25,1817.44,1805.03,1795.00,1787.68,1776.61,1750.78,1741.26,1734.69,1729.59,1718.95,1712.42,1708.76,1707.14,1704.57,1699.72,1697.42,1689.69,1688.06,1686.36,1681.30,1678.84,1666.07,1661.19,1655.10,1648.65,1637.75,1632.09,1628.78,1624.22,1619.25,1612.95,1602.82,1595.89,1592.32,1588.72,1585.57,1580.07,1573.50,1569.47,1564.45,1559.15,1551.95,1547.98,1542.54,1537.23,1528.80,1524.64,1520.44,1516.63,1508.93,1505.56,1502.35,1498.35,1495.93,1487.89,1483.92,1479.37,1473.77,1467.73,1460.84,1455.99,1449.87,1446.04,1435.91,1429.59,1425.83,1415.57,1412.52,1410.33,1406.98,1404.63,1401.75,1395.47,1391.66,1383.86,1380.90,1377.85,1373.74,1370.63,1368.56,1365.06,1360.36,1357.26,1355.69,1353.88,1351.93,1346.86,1345.63,1344.46,1343.15,1341.00,1337.40,1336.29,1334.80,1334.79,1334.79,1334.79,1334.79,1334.79],\r\n\t\t\t\t\tgraphSpeed         : [],\r\n\t\t\t\t\tgraphHr            : [],\r\n\t\t\t\t\tgraphAtemp         : [],\r\n\t\t\t\t\tgraphCad           : [],\r\n\t\t\t\t\tgraphGrade         : [],\r\n\t\t\t\t\twaypoints          : [],\r\n\t\t\t\t\tunit               : \"2\",\r\n\t\t\t\t\tunitspeed          : \"0\",\r\n\t\t\t\t\tcolor1             : [\"#3366cc\"],\r\n\t\t\t\t\tcolor2             : \"#3366cc\",\r\n\t\t\t\t\tcolor3             : \"#ff0000\",\r\n\t\t\t\t\tcolor4             : \"#ff77bd\",\r\n\t\t\t\t\tcolor5             : \"#beecff\",\r\n\t\t\t\t\tcolor6             : \"#beecff\",\r\n\t\t\t\t\tcolor7             : \"#ff77bd\",\r\n\t\t\t\t\tchartFrom1         : \"\",\r\n\t\t\t\t\tchartTo1           : \"\",\r\n\t\t\t\t\tchartFrom2         : \"\",\r\n\t\t\t\t\tchartTo2           : \"\",\r\n\t\t\t\t\tstartIcon          : \"\",\r\n\t\t\t\t\tendIcon            : \"\",\r\n\t\t\t\t\tcurrentIcon        : \"\",\r\n\t\t\t\t\twaypointIcon       : \"https:\/\/lavia.cc\/gpx\/wp-content\/uploads\/gpx\/cropped-icona.ico\",\r\n\t\t\t\t\tcurrentpositioncon : \"\",\r\n\t\t\t\t\tusegpsposition     : \"\",\r\n\t\t\t\t\tzoomOnScrollWheel  : \"\",\r\n\t\t\t\t\tngGalleries        : [],\r\n\t\t\t\t\tngImages           : [],\r\n\t\t\t\t\tpluginUrl          : \"https:\/\/lavia.cc\/gpx\/wp-content\/plugins\",\r\n\t\t\t\t\tTFApiKey           : \"\",\r\n\t\t\t\t\tMapBoxApiKey           : \"\",\r\n\t\t\t\t\tlangs              : {\r\n\t\t\t\t\t\taltitude        : \"Altitudine\",\r\n\t\t\t\t\t\tcurrentPosition : \"Current position\",\r\n\t\t\t\t\t\tspeed           : \"Velocit\u00e0\",\r\n\t\t\t\t\t\tgrade           : \"Grade\",\r\n\t\t\t\t\t\theartRate       : \"Battito Cardiaco\",\r\n\t\t\t\t\t\tatemp           : \"Temperature\",\r\n\t\t\t\t\t\tcadence         : \"Cadenza\",\r\n\t\t\t\t\t\tgoFullScreen    : \"Go full screen\",\r\n\t\t\t\t\t\texitFullFcreen  : \"Exit full screen\",\r\n\t\t\t\t\t\thideImages      : \"Hide images\",\r\n\t\t\t\t\t\tshowImages      : \"Show images\",\r\n\t\t\t\t\t\tbackToCenter\t: \"Ritorna al centro della mappa\"\r\n\t\t\t\t\t}\r\n\t\t\t\t});\r\n\r\n\t\t\t});\r\n\r\n\t\t<\/script>\n<p>\ud83d\udfe2 Visita\u00a0LAVIA.CC\u00a0per altre tracce gpx e condividi le tue avventure con la nostra\u00a0community!<\/p>\n","protected":false},"excerpt":{"rendered":"<p>Il sentiero che conduce al <strong>Monte Alpi<\/strong> \u00e8 molto pi\u00f9 di un semplice itinerario: \u00e8 un&#8217;immersione totale nella storia e nella natura selvaggia della Basilicata, un viaggio che incanta e sorprende ad ogni passo. Partendo dal suggestivo borgo di Castelsaraceno, in provincia di Potenza, ci si inoltra nel cuore pulsante del<strong> Parco Nazionale del Pollino<\/strong>, un santuario naturale dove il tempo sembra essersi fermato, permettendo alla storia e al paesaggio di fondersi in un\u2019armonia perfetta. Il Monte Alpi si erge fiero con le sue cime gemelle,<strong> Pizzo Falcone<\/strong> e <strong>Santa Croce,<\/strong> veri e propri guardiani dell\u2019Appennino Lucano. Dall\u2019alto, lo sguardo si perde in un panorama mozzafiato che abbraccia la Val d\u2019Agri, le vette maestose del Cilento e la sconfinata distesa del mar Tirreno. Ma questo percorso non \u00e8 solo natura incontaminata: il borgo di Castelsaraceno racconta storie antiche, di dominazioni e tradizioni millenarie, mentre il <strong>Bosco Favino<\/strong>, ai piedi del Monte Alpi, custodisce un autentico scrigno di biodiversit\u00e0, dove le secolari faggete si intrecciano con la vita selvaggia del Parco. Il tracciato che da Bosco Favino conduce alla vetta si snoda per 7,5 km, con una <strong>difficolt\u00e0 media<\/strong> che lo rende accessibile a molti appassionati di trekking. Con un dislivello positivo e negativo di <strong>655<\/strong> <strong>m<\/strong>, il percorso si sviluppa tra un\u2019altitudine minima di 1327 m e un massimo di <strong>1904 m<\/strong>, offrendo un&#8217;esperienza escursionistica appagante e rigenerante. Lungo il cammino, l\u2019escursionista potr\u00e0 trovare sorgenti d\u2019acqua, preziose alleate in questa uscita, mentre il fondo alterna tratti sterrati a sezioni di ambiente alpino, regalando variet\u00e0 e fascino al tragitto. E la bellezza di tutto questo? L\u2019accesso \u00e8 completamente gratuito, perch\u00e9 la natura non ha prezzo, ma solo <strong>valore inestimabile<\/strong>. Percorrere il sentiero per Monte Alpi non significa solo esplorare un territorio: \u00e8 un\u2019esperienza che tocca il cuore e l\u2019anima. Ogni passo racconta una storia, ogni scorcio sussurra antiche leggende, ogni sentiero conduce non solo a una meta geografica, ma a una connessione pi\u00f9 profonda con s\u00e9 stessi. Perch\u00e9 in fondo, ogni viaggio \u00e8 una scoperta, e ogni scoperta \u00e8 un\u2019emozione da vivere fino in fondo.<\/p>\n<p>Bellissime foto di <a href=\"https:\/\/www.instagram.com\/miraglia_mario_guida_trekking\/\">@miraglia_mario_guida_trekking<\/a><\/p>\n<p>\ud83d\udfe2 Scarica la TRACCIA e Segui <a href=\"https:\/\/www.instagram.com\/lavia.cc\/\" target=\"_blank\" rel=\"noopener\">LAVIA<\/a>!<\/p>\n<p>&nbsp;<\/p>\n","protected":false},"featured_media":19720,"comment_status":"open","ping_status":"closed","template":"","meta":[],"product_brand":[],"product_cat":[31],"product_tag":[294,543],"class_list":{"0":"post-19711","1":"product","2":"type-product","3":"status-publish","4":"has-post-thumbnail","6":"product_cat-escursionismo","7":"product_tag-basilicata","8":"product_tag-potenza","10":"first","11":"instock","12":"downloadable","13":"virtual","14":"product-type-simple"},"_links":{"self":[{"href":"https:\/\/lavia.cc\/gpx\/wp-json\/wp\/v2\/product\/19711","targetHints":{"allow":["GET"]}}],"collection":[{"href":"https:\/\/lavia.cc\/gpx\/wp-json\/wp\/v2\/product"}],"about":[{"href":"https:\/\/lavia.cc\/gpx\/wp-json\/wp\/v2\/types\/product"}],"replies":[{"embeddable":true,"href":"https:\/\/lavia.cc\/gpx\/wp-json\/wp\/v2\/comments?post=19711"}],"version-history":[{"count":3,"href":"https:\/\/lavia.cc\/gpx\/wp-json\/wp\/v2\/product\/19711\/revisions"}],"predecessor-version":[{"id":19722,"href":"https:\/\/lavia.cc\/gpx\/wp-json\/wp\/v2\/product\/19711\/revisions\/19722"}],"wp:featuredmedia":[{"embeddable":true,"href":"https:\/\/lavia.cc\/gpx\/wp-json\/wp\/v2\/media\/19720"}],"wp:attachment":[{"href":"https:\/\/lavia.cc\/gpx\/wp-json\/wp\/v2\/media?parent=19711"}],"wp:term":[{"taxonomy":"product_brand","embeddable":true,"href":"https:\/\/lavia.cc\/gpx\/wp-json\/wp\/v2\/product_brand?post=19711"},{"taxonomy":"product_cat","embeddable":true,"href":"https:\/\/lavia.cc\/gpx\/wp-json\/wp\/v2\/product_cat?post=19711"},{"taxonomy":"product_tag","embeddable":true,"href":"https:\/\/lavia.cc\/gpx\/wp-json\/wp\/v2\/product_tag?post=19711"}],"curies":[{"name":"wp","href":"https:\/\/api.w.org\/{rel}","templated":true}]}}