{"id":2023,"date":"2022-09-02T16:38:45","date_gmt":"2022-09-02T14:38:45","guid":{"rendered":"https:\/\/lavia.cc\/gpx\/?post_type=product&#038;p=2023"},"modified":"2024-07-24T21:38:20","modified_gmt":"2024-07-24T19:38:20","slug":"strada-del-ponale","status":"publish","type":"product","link":"https:\/\/lavia.cc\/gpx\/tracce\/strada-del-ponale\/","title":{"rendered":"Strada del Ponale, dal Lago di Garda al Lago di Ledro"},"content":{"rendered":"<h4>Strada del Ponale in gravel<\/h4>\n<p>Dal Lago di Garda al Lago di Ledro.<\/p>\n<p>ATTENZIONE! SOLO ANDATA!<\/p>\n<p>Clicca qui per raggiungere il punto di partenza: <a href=\"https:\/\/www.google.it\/maps\/place\/Fontana+di+acqua+potabile+-+palazzo+Pretorio\/@45.8847502,10.8393381,20.71z\/data=!4m13!1m7!3m6!1s0x0:0x3414e4d925c46d73!2zNDXCsDUzJzA0LjYiTiAxMMKwNTAnMjIuNiJF!3b1!8m2!3d45.8846!4d10.83961!3m4!1s0x47821752dc9f0171:0x1e0ad521b9c1d606!8m2!3d45.8848578!4d10.8393531\" target=\"_blank\" rel=\"noopener\">Google Maps<\/a><\/p>\n<p>Mappa e altimetria del percorso:<\/p>\n\r\n\t\t<div id=\"wpgpxmaps_2023_4241405\" class=\"wpgpxmaps\">\r\n\t\t\t<div id=\"map_2023_4241405_cont\" style=\"width:100%; height:450px;position:relative\" >\r\n\t\t\t\t<div id=\"map_2023_4241405\" style=\"width:100%; height:450px\"><\/div>\r\n\t\t\t\t<div id=\"wpgpxmaps_2023_4241405_osm_footer\" class=\"wpgpxmaps_osm_footer\" style=\"display:none;\"><span> &copy; <a href=\"http:\/\/www.openstreetmap.org\/copyright\" target=\"_blank\" rel=\"noopener\">OpenStreetMap<\/a> contributors<\/span><\/div>\r\n\t\t\t<\/div>\r\n\t\t\t<canvas id=\"myChart_2023_4241405\" class=\"plot\" style=\"width:100%; height:200px\"><\/canvas>\r\n\t\t\t<div id=\"ngimages_2023_4241405\" class=\"ngimages\" style=\"display:none\"><\/div>\r\n\t\t\t<div id=\"report_2023_4241405\" class=\"report\"><\/div>\r\n\t\t<\/div>\r\n\t\t\r\n\t\t<script type=\"text\/javascript\">\r\n\r\n\t\t\tjQuery(document).ready(function() {\r\n\r\n\t\t\t\tjQuery( \"#wpgpxmaps_2023_4241405\" ).wpgpxmaps( {\r\n\t\t\t\t\ttargetId           : \"2023_4241405\",\r\n\t\t\t\t\tmapType            : \"HYBRID\",\r\n\t\t\t\t\tmapData            : [[45.8846060,10.8396160],[45.8846610,10.8393760],[45.8847380,10.8389010],[45.8846190,10.8386580],[45.8844720,10.8386940],[45.8843710,10.8386680],[45.8842180,10.8388450],[45.8839500,10.8388320],[45.8837850,10.8387420],[45.8835850,10.8388620],[45.8834960,10.8387690],[45.8832390,10.8386540],[45.8832610,10.8385130],[45.8821870,10.8381760],[45.8818750,10.8381230],[45.8802910,10.8378720],[45.8797360,10.8375980],[45.8791260,10.8377120],[45.8788010,10.8378460],[45.8786790,10.8378750],[45.8779250,10.8383640],[45.8777740,10.8384850],[45.8777250,10.8389440],[45.8776470,10.8390810],[45.8774820,10.8390160],[45.8772210,10.8387290],[45.8768370,10.8388970],[45.8765650,10.8387070],[45.8762940,10.8382470],[45.8761410,10.8381380],[45.8758780,10.8381080],[45.8755650,10.8377130],[45.8753090,10.8376780],[45.8749280,10.8374590],[45.8747570,10.8375040],[45.8746640,10.8376040],[45.8745330,10.8375750],[45.8741720,10.8374370],[45.8736850,10.8372460],[45.8735500,10.8371020],[45.8733130,10.8369340],[45.8730660,10.8368940],[45.8727620,10.8370080],[45.8723310,10.8367520],[45.8722460,10.8367010],[45.8718780,10.8365020],[45.8717510,10.8365650],[45.8716010,10.8367970],[45.8712990,10.8361490],[45.8711470,10.8349060],[45.8711320,10.8345990],[45.8710620,10.8344600],[45.8707550,10.8343420],[45.8706490,10.8342360],[45.8706150,10.8337280],[45.8706860,10.8332820],[45.8705970,10.8330970],[45.8704100,10.8329450],[45.8701740,10.8329610],[45.8699630,10.8330890],[45.8690270,10.8341920],[45.8687760,10.8343770],[45.8684750,10.8344980],[45.8682670,10.8342640],[45.8681400,10.8342470],[45.8674820,10.8343020],[45.8668320,10.8343750],[45.8664490,10.8342220],[45.8660100,10.8340380],[45.8656970,10.8337730],[45.8655270,10.8337470],[45.8651160,10.8341620],[45.8649820,10.8341800],[45.8644330,10.8338510],[45.8630020,10.8329680],[45.8628880,10.8329620],[45.8626940,10.8330040],[45.8621710,10.8325150],[45.8619820,10.8319570],[45.8619450,10.8313390],[45.8620070,10.8310330],[45.8622790,10.8302710],[45.8623030,10.8300100],[45.8624150,10.8299340],[45.8623650,10.8296800],[45.8622490,10.8294100],[45.8619750,10.8289350],[45.8619930,10.8284420],[45.8618510,10.8281380],[45.8617160,10.8281780],[45.8615110,10.8285990],[45.8612840,10.8289030],[45.8611780,10.8292230],[45.8610790,10.8293230],[45.8611270,10.8290040],[45.8611790,10.8287580],[45.8613450,10.8284950],[45.8614780,10.8281610],[45.8616140,10.8278250],[45.8619720,10.8274110],[45.8621340,10.8268400],[45.8622120,10.8260890],[45.8626460,10.8246750],[45.8628100,10.8238470],[45.8629070,10.8236270],[45.8627890,10.8230540],[45.8627750,10.8221170],[45.8628380,10.8218250],[45.8630340,10.8213660],[45.8630790,10.8210920],[45.8631330,10.8209400],[45.8634080,10.8206350],[45.8635080,10.8203860],[45.8635310,10.8201450],[45.8639200,10.8190610],[45.8640000,10.8186110],[45.8640010,10.8170230],[45.8637370,10.8160660],[45.8637020,10.8156870],[45.8637640,10.8148440],[45.8639620,10.8141410],[45.8639920,10.8134730],[45.8639440,10.8132840],[45.8639830,10.8127040],[45.8640860,10.8121540],[45.8642750,10.8116100],[45.8643220,10.8114170],[45.8642250,10.8107810],[45.8639970,10.8103150],[45.8639880,10.8099930],[45.8641010,10.8091880],[45.8641230,10.8090310],[45.8640660,10.8088120],[45.8640960,10.8081590],[45.8640460,10.8065300],[45.8639770,10.8061500],[45.8640460,10.8050270],[45.8640280,10.8040600],[45.8641460,10.8035310],[45.8643140,10.8031900],[45.8643710,10.8027730],[45.8645120,10.8024540],[45.8644140,10.8018400],[45.8644310,10.8014040],[45.8643820,10.8011320],[45.8643220,10.8007970],[45.8641670,10.8003780],[45.8640610,10.7990420],[45.8641290,10.7988380],[45.8644140,10.7984210],[45.8645490,10.7979770],[45.8646010,10.7978050],[45.8647210,10.7976290],[45.8649360,10.7974740],[45.8650230,10.7972930],[45.8650660,10.7966210],[45.8649940,10.7961610],[45.8648050,10.7955520],[45.8648040,10.7952490],[45.8652470,10.7944880],[45.8652650,10.7942130],[45.8649900,10.7930890],[45.8650080,10.7928310],[45.8651290,10.7924540],[45.8651460,10.7922310],[45.8651220,10.7916420],[45.8650920,10.7909140],[45.8650750,10.7907530],[45.8649900,10.7897700],[45.8648610,10.7894310],[45.8649480,10.7891170],[45.8648860,10.7889460],[45.8649670,10.7888130],[45.8650750,10.7888690],[45.8652120,10.7889960],[45.8654800,10.7889780],[45.8656260,10.7888300],[45.8661210,10.7888990],[45.8662310,10.7885930],[45.8664000,10.7882470],[45.8666220,10.7877310],[45.8667320,10.7874650],[45.8671210,10.7864270],[45.8677760,10.7855240],[45.8678720,10.7850070],[45.8677100,10.7848640],[45.8675310,10.7850450],[45.8674180,10.7848900],[45.8673450,10.7844290],[45.8673710,10.7836570],[45.8677470,10.7822600],[45.8680420,10.7820900],[45.8679190,10.7824500],[45.8679840,10.7825470],[45.8681510,10.7822430],[45.8683000,10.7821260],[45.8685360,10.7820010],[45.8687510,10.7815870],[45.8690100,10.7815240],[45.8692180,10.7815660],[45.8696900,10.7814130],[45.8695000,10.7809190],[45.8694910,10.7807600],[45.8695950,10.7806410],[45.8696760,10.7804200],[45.8696510,10.7802180],[45.8694050,10.7794810],[45.8695470,10.7792680],[45.8695280,10.7790980],[45.8695000,10.7789740],[45.8694360,10.7788130],[45.8693410,10.7787220],[45.8691900,10.7785780],[45.8694040,10.7784860],[45.8692910,10.7783460],[45.8694070,10.7782320],[45.8692980,10.7780810],[45.8691270,10.7782210],[45.8691650,10.7778430],[45.8692420,10.7776900],[45.8693450,10.7771210],[45.8694260,10.7766780],[45.8698990,10.7754250],[45.8701200,10.7755650],[45.8701980,10.7754140],[45.8704170,10.7754790],[45.8705320,10.7750830],[45.8707830,10.7746260],[45.8709890,10.7749090],[45.8710410,10.7746400],[45.8708680,10.7745030],[45.8708210,10.7741950],[45.8709390,10.7736350],[45.8709250,10.7733050],[45.8709150,10.7728770],[45.8708440,10.7727250],[45.8709870,10.7722680],[45.8724080,10.7687220],[45.8725250,10.7681020],[45.8729460,10.7672880],[45.8730890,10.7669900],[45.8732090,10.7667460],[45.8732700,10.7666370],[45.8733870,10.7664000],[45.8737310,10.7653950],[45.8738490,10.7649010],[45.8737780,10.7647050],[45.8731110,10.7639390],[45.8729930,10.7637030],[45.8726990,10.7624510],[45.8724500,10.7620420],[45.8719960,10.7615060],[45.8715110,10.7610130],[45.8713910,10.7606930],[45.8713610,10.7604990],[45.8714090,10.7599080],[45.8713620,10.7592650],[45.8713970,10.7590540],[45.8714820,10.7589190],[45.8716380,10.7588200],[45.8722730,10.7589790],[45.8724060,10.7588500],[45.8727000,10.7579700],[45.8728040,10.7573540],[45.8728400,10.7563160],[45.8727250,10.7558730],[45.8726110,10.7556490],[45.8723750,10.7554900],[45.8722720,10.7553510],[45.8721480,10.7549160],[45.8718670,10.7542690],[45.8708740,10.7528540],[45.8706700,10.7524500],[45.8704970,10.7515650],[45.8703520,10.7512870],[45.8699770,10.7509300],[45.8698490,10.7502050],[45.8696130,10.7499070],[45.8693980,10.7494220],[45.8693390,10.7492650],[45.8692340,10.7485710],[45.8689250,10.7479010],[45.8687580,10.7474980],[45.8687570,10.7470800],[45.8688570,10.7470310],[45.8692070,10.7472360],[45.8693440,10.7472560],[45.8694540,10.7471440],[45.8697060,10.7466370],[45.8699760,10.7460920],[45.8702250,10.7455900],[45.8704840,10.7449120],[45.8706160,10.7443730],[45.8707760,10.7436090],[45.8709560,10.7431600],[45.8711300,10.7425540],[45.8715720,10.7419910],[45.8719450,10.7417620],[45.8721330,10.7417480],[45.8727750,10.7421300],[45.8731310,10.7425340],[45.8732000,10.7430100],[45.8735590,10.7434120],[45.8737540,10.7438030],[45.8738460,10.7438180],[45.8741730,10.7436910],[45.8746910,10.7439340],[45.8748000,10.7439340],[45.8750340,10.7437850],[45.8754220,10.7435780],[45.8758430,10.7435590],[45.8765670,10.7438050],[45.8769070,10.7442420],[45.8772740,10.7448450],[45.8775470,10.7451720],[45.8778430,10.7452550],[45.8781640,10.7451680],[45.8783240,10.7450030],[45.8779160,10.7448960],[45.8776410,10.7446260],[45.8775360,10.7443260],[45.8774840,10.7439280],[45.8777740,10.7439460],[45.8779950,10.7437840],[45.8780940,10.7436370],[45.8779760,10.7434950],[45.8773440,10.7430340],[45.8773350,10.7427990],[45.8776870,10.7427480],[45.8777680,10.7426340],[45.8778700,10.7421950],[45.8778690,10.7419530],[45.8781110,10.7413150],[45.8782690,10.7406180],[45.8784590,10.7405910],[45.8788920,10.7407710],[45.8791000,10.7406780],[45.8792070,10.7405250],[45.8795520,10.7394380],[45.8796620,10.7392090],[45.8798590,10.7389740],[45.8801460,10.7384900],[45.8802680,10.7381640],[45.8802940,10.7378450],[45.8802100,10.7373600],[45.8802820,10.7372450],[45.8808050,10.7379430],[45.8810090,10.7383380],[45.8811080,10.7382930],[45.8809850,10.7373380],[45.8807970,10.7367770],[45.8810620,10.7360980],[45.8810230,10.7351190],[45.8810240,10.7349340],[45.8810770,10.7347300],[45.8812660,10.7344000],[45.8812450,10.7339370],[45.8812820,10.7337330],[45.8815470,10.7334270],[45.8820130,10.7329270],[45.8826400,10.7317080],[45.8827940,10.7317210],[45.8829820,10.7317710],[45.8831950,10.7315520],[45.8832870,10.7314540],[45.8834180,10.7313120],[45.8837300,10.7312080],[45.8838840,10.7311950],[45.8840330,10.7311840],[45.8841430,10.7311760],[45.8849180,10.7311320],[45.8852620,10.7311170],[45.8853750,10.7311110],[45.8854950,10.7311010],[45.8857280,10.7310990],[45.8858670,10.7310980],[45.8859820,10.7311030],[45.8861270,10.7311080],[45.8865790,10.7311360],[45.8862230,10.7320760],[45.8861670,10.7321960],[45.8860710,10.7324010],[45.8856600,10.7332730],[45.8857510,10.7335100],[45.8858550,10.7336770],[45.8859370,10.7338950],[45.8861980,10.7342570],[45.8865020,10.7346680],[45.8867330,10.7349790],[45.8868880,10.7348920],[45.8870980,10.7349480],[45.8867240,10.7356600],[45.8861270,10.7373820],[45.8860420,10.7376070],[45.8859350,10.7379890],[45.8859000,10.7383070],[45.8859520,10.7389650],[45.8859690,10.7394120],[45.8861240,10.7403140],[45.8861300,10.7407120],[45.8857920,10.7424990],[45.8856100,10.7428750],[45.8851870,10.7433450],[45.8850810,10.7436820],[45.8851850,10.7445540],[45.8851400,10.7449570],[45.8850040,10.7453960],[45.8848740,10.7456860],[45.8846380,10.7462060],[45.8845090,10.7464830],[45.8836860,10.7476790],[45.8833700,10.7483840],[45.8829690,10.7487820],[45.8827530,10.7493910],[45.8826250,10.7495610],[45.8824680,10.7496500],[45.8819480,10.7496570],[45.8818340,10.7496880],[45.8816120,10.7498850],[45.8814470,10.7500580],[45.8813350,10.7502010],[45.8808650,10.7507630],[45.8802470,10.7516790],[45.8801650,10.7518860],[45.8801950,10.7528580],[45.8800190,10.7545770],[45.8800290,10.7548800],[45.8806470,10.7557240],[45.8808320,10.7561760],[45.8808770,10.7564600],[45.8808700,10.7576360],[45.8807820,10.7579180],[45.8805600,10.7583530],[45.8804440,10.7587550],[45.8804140,10.7590370],[45.8804350,10.7591930],[45.8803910,10.7593050],[45.8803350,10.7596820],[45.8801590,10.7600250],[45.8801610,10.7601910],[45.8800750,10.7601420],[45.8801130,10.7600050],[45.8800750,10.7601420],[45.8801610,10.7601910],[45.8802230,10.7601050],[45.8801840,10.7602510],[45.8800150,10.7606820],[45.8796330,10.7611470],[45.8794080,10.7614860],[45.8793450,10.7623950],[45.8792260,10.7626270],[45.8790940,10.7627310],[45.8781040,10.7631490],[45.8779810,10.7633530],[45.8780070,10.7635330],[45.8781120,10.7636700],[45.8790120,10.7643630],[45.8791060,10.7645720],[45.8791330,10.7648310],[45.8791140,10.7650240],[45.8788980,10.7656180],[45.8787600,10.7666410],[45.8784010,10.7673110],[45.8781290,10.7681540],[45.8779710,10.7683490],[45.8772550,10.7688590],[45.8769540,10.7689420],[45.8765590,10.7688670],[45.8763950,10.7687830],[45.8760010,10.7683750],[45.8756270,10.7678490],[45.8754800,10.7674940],[45.8752250,10.7666420],[45.8750760,10.7662810],[45.8748210,10.7660700],[45.8745800,10.7660440],[45.8743110,10.7662000],[45.8740320,10.7664230],[45.8738030,10.7666060],[45.8736440,10.7667230],[45.8734210,10.7667090],[45.8733870,10.7664000],[45.8737310,10.7653950],[45.8738210,10.7650190]],\r\n\t\t\t\t\tgraphDist          : [0.00,0.02,0.06,0.09,0.11,0.13,0.15,0.18,0.20,0.22,0.24,0.27,0.28,0.40,0.44,0.61,0.68,0.75,0.79,0.80,0.89,0.91,0.95,0.96,0.98,1.02,1.06,1.09,1.14,1.16,1.19,1.24,1.26,1.31,1.33,1.34,1.36,1.40,1.46,1.47,1.50,1.53,1.57,1.62,1.63,1.67,1.69,1.71,1.77,1.87,1.90,1.91,1.95,1.96,2.00,2.03,2.05,2.08,2.10,2.13,2.26,2.29,2.33,2.36,2.37,2.45,2.52,2.56,2.61,2.65,2.67,2.73,2.74,2.81,2.98,3.00,3.02,3.09,3.14,3.19,3.21,3.28,3.30,3.31,3.33,3.36,3.40,3.44,3.47,3.49,3.53,3.56,3.59,3.60,3.63,3.65,3.68,3.71,3.74,3.79,3.84,3.90,4.02,4.08,4.10,4.15,4.22,4.25,4.29,4.31,4.33,4.37,4.39,4.41,4.50,4.54,4.66,4.74,4.77,4.84,4.90,4.95,4.96,5.01,5.05,5.10,5.12,5.17,5.21,5.24,5.30,5.31,5.33,5.38,5.51,5.54,5.62,5.70,5.74,5.77,5.81,5.84,5.89,5.92,5.94,5.97,6.00,6.11,6.13,6.17,6.21,6.22,6.24,6.27,6.29,6.34,6.38,6.43,6.45,6.53,6.55,6.64,6.66,6.69,6.71,6.76,6.81,6.83,6.90,6.93,6.96,6.97,6.99,7.00,7.02,7.05,7.07,7.13,7.15,7.19,7.23,7.26,7.35,7.45,7.49,7.52,7.54,7.56,7.59,7.65,7.77,7.81,7.84,7.85,7.88,7.90,7.92,7.96,7.99,8.02,8.07,8.12,8.13,8.14,8.16,8.18,8.24,8.27,8.28,8.29,8.30,8.32,8.34,8.37,8.38,8.40,8.42,8.44,8.47,8.49,8.53,8.57,8.68,8.71,8.72,8.75,8.78,8.83,8.86,8.88,8.90,8.93,8.97,9.00,9.03,9.05,9.09,9.40,9.45,9.53,9.56,9.58,9.59,9.61,9.70,9.74,9.76,9.85,9.88,9.98,10.02,10.09,10.15,10.18,10.20,10.24,10.29,10.31,10.32,10.34,10.41,10.43,10.51,10.56,10.64,10.67,10.69,10.72,10.74,10.78,10.83,10.99,11.03,11.10,11.13,11.18,11.23,11.27,11.31,11.33,11.38,11.45,11.48,11.51,11.53,11.57,11.58,11.60,11.65,11.70,11.75,11.81,11.85,11.91,11.95,12.00,12.07,12.11,12.13,12.21,12.26,12.30,12.35,12.39,12.40,12.44,12.50,12.51,12.54,12.58,12.63,12.71,12.76,12.83,12.86,12.90,12.93,12.96,13.00,13.04,13.07,13.10,13.13,13.16,13.18,13.19,13.27,13.29,13.33,13.35,13.38,13.40,13.46,13.51,13.54,13.59,13.61,13.63,13.72,13.74,13.77,13.82,13.85,13.87,13.91,13.92,14.00,14.04,14.05,14.13,14.18,14.24,14.32,14.33,14.35,14.38,14.42,14.43,14.47,14.54,14.65,14.67,14.69,14.72,14.74,14.75,14.79,14.81,14.82,14.84,14.92,14.96,14.97,14.99,15.01,15.03,15.04,15.06,15.11,15.20,15.21,15.23,15.31,15.33,15.35,15.37,15.41,15.46,15.49,15.51,15.54,15.61,15.75,15.78,15.81,15.83,15.89,15.92,15.99,16.02,16.17,16.20,16.26,16.29,16.36,16.39,16.43,16.46,16.51,16.53,16.66,16.73,16.78,16.83,16.85,16.87,16.93,16.94,16.97,16.99,17.01,17.08,17.18,17.20,17.27,17.41,17.43,17.52,17.56,17.59,17.68,17.70,17.74,17.78,17.80,17.81,17.83,17.86,17.89,17.91,17.92,17.93,17.94,17.95,17.96,17.98,18.01,18.07,18.11,18.18,18.20,18.22,18.33,18.35,18.37,18.38,18.50,18.51,18.54,18.55,18.60,18.68,18.75,18.82,18.84,18.93,18.97,19.01,19.03,19.08,19.14,19.17,19.25,19.28,19.31,19.34,19.37,19.41,19.43,19.45,19.48,19.51,19.59,19.62],\r\n\t\t\t\t\tgraphEle           : [69.70,69.80,69.50,80.20,69.90,70.00,70.10,70.30,70.40,70.50,70.70,71.00,70.70,72.40,72.90,77.90,82.20,88.00,88.50,88.70,95.40,95.90,97.30,97.90,98.90,101.20,103.80,105.70,108.10,109.20,110.70,113.40,115.10,117.60,118.60,119.30,119.80,121.30,124.40,125.40,127.00,128.20,129.70,131.80,132.00,133.30,134.20,135.60,139.50,147.40,148.60,149.50,152.00,153.20,155.90,158.30,159.20,160.40,161.70,162.90,170.60,172.70,175.40,177.40,178.30,182.50,188.40,191.50,195.70,198.50,199.70,203.30,204.40,208.80,223.50,223.80,225.50,230.00,232.90,235.70,237.30,242.30,243.60,244.50,244.70,244.90,245.60,246.30,246.40,247.20,250.30,253.50,256.00,257.20,267.30,273.40,280.40,286.80,293.60,299.60,300.20,301.20,310.40,314.80,315.60,317.10,321.70,324.10,329.90,333.40,327.40,328.40,328.40,328.60,336.00,338.60,346.10,352.00,355.00,361.90,369.00,375.30,376.60,381.00,385.00,386.60,386.70,388.10,391.10,391.90,393.20,393.90,394.90,396.90,400.10,400.80,406.80,408.90,410.40,412.50,414.30,414.90,415.20,416.70,417.90,420.00,424.10,431.10,431.40,430.30,430.80,431.30,431.90,432.10,431.60,432.20,435.20,439.50,441.90,445.90,447.20,452.10,453.20,454.70,455.40,457.80,459.80,459.80,464.10,468.40,472.80,475.50,477.90,477.90,477.70,478.40,479.60,483.80,485.40,487.50,491.40,491.60,496.50,502.40,505.10,506.50,508.20,509.40,512.30,516.80,525.50,528.70,531.00,531.70,533.80,535.40,538.20,544.00,549.00,552.90,561.80,566.80,568.60,571.00,573.70,575.40,580.80,583.20,584.40,584.60,584.80,585.20,587.50,590.70,592.10,593.90,597.00,600.70,605.60,607.50,614.00,619.70,631.40,631.50,631.60,631.70,631.70,637.10,637.40,637.90,637.30,638.50,641.90,642.30,645.50,646.50,648.10,655.20,658.40,658.20,658.60,658.60,658.50,658.50,658.50,658.30,658.20,657.90,657.80,657.50,657.40,657.40,657.60,657.70,657.90,657.80,657.90,658.10,658.40,659.40,662.10,661.60,660.30,660.40,661.10,661.20,660.90,660.20,659.90,659.90,660.30,658.40,658.70,661.70,662.40,663.30,662.80,661.80,659.40,659.40,658.90,659.50,660.20,660.10,659.90,659.20,658.90,658.80,658.80,659.00,659.10,659.10,659.00,658.70,658.20,657.80,658.50,660.90,662.40,662.50,663.30,663.90,663.90,664.00,663.90,662.90,663.10,662.80,662.00,662.20,663.40,664.60,666.70,671.10,674.90,678.40,680.40,681.60,688.50,694.20,697.80,702.80,708.40,713.30,715.80,718.30,725.50,727.70,733.10,734.90,740.40,743.40,744.80,746.00,746.90,749.60,751.10,752.20,752.50,749.70,745.90,739.90,736.50,733.50,729.00,726.70,714.60,710.80,709.20,697.20,690.50,681.10,670.80,670.40,667.80,663.30,663.10,663.00,662.50,661.70,661.60,661.40,661.20,660.90,660.90,660.70,660.40,660.20,659.90,659.70,658.80,658.80,659.00,659.30,659.80,660.10,660.40,660.20,659.90,658.00,658.00,657.80,656.30,655.80,655.70,655.60,655.70,653.10,657.60,658.00,658.90,659.80,661.40,661.60,662.20,662.60,663.40,664.10,664.50,664.70,664.60,664.60,664.70,664.60,662.70,661.70,660.60,660.10,659.00,658.70,658.30,658.30,658.40,658.50,658.40,658.40,658.40,658.50,658.50,658.60,658.60,658.60,658.50,658.60,658.60,658.40,658.60,658.90,659.40,659.60,660.80,661.20,661.90,662.40,662.60,656.10,662.70,663.20,663.60,663.90,663.80,663.70,664.00,664.00,664.00,664.00,664.20,664.60,665.20,665.60,665.80,666.00,668.10,668.50,668.50,668.20,665.90,665.70,665.60,665.50,665.40,665.00,663.00,660.80,660.10,659.30,659.00,658.80,658.80,658.70,658.60,658.40,658.70,658.60,658.60,658.50,658.30,658.20,658.30,658.10,658.20,658.50,658.50,658.40],\r\n\t\t\t\t\tgraphSpeed         : [],\r\n\t\t\t\t\tgraphHr            : [],\r\n\t\t\t\t\tgraphAtemp         : [],\r\n\t\t\t\t\tgraphCad           : [],\r\n\t\t\t\t\tgraphGrade         : [],\r\n\t\t\t\t\twaypoints          : [],\r\n\t\t\t\t\tunit               : \"2\",\r\n\t\t\t\t\tunitspeed          : \"0\",\r\n\t\t\t\t\tcolor1             : [\"#3366cc\"],\r\n\t\t\t\t\tcolor2             : \"#3366cc\",\r\n\t\t\t\t\tcolor3             : \"#ff0000\",\r\n\t\t\t\t\tcolor4             : \"#ff77bd\",\r\n\t\t\t\t\tcolor5             : \"#beecff\",\r\n\t\t\t\t\tcolor6             : \"#beecff\",\r\n\t\t\t\t\tcolor7             : \"#ff77bd\",\r\n\t\t\t\t\tchartFrom1         : \"\",\r\n\t\t\t\t\tchartTo1           : \"\",\r\n\t\t\t\t\tchartFrom2         : \"\",\r\n\t\t\t\t\tchartTo2           : \"\",\r\n\t\t\t\t\tstartIcon          : \"\",\r\n\t\t\t\t\tendIcon            : \"\",\r\n\t\t\t\t\tcurrentIcon        : \"\",\r\n\t\t\t\t\twaypointIcon       : \"https:\/\/lavia.cc\/gpx\/wp-content\/uploads\/gpx\/cropped-icona.ico\",\r\n\t\t\t\t\tcurrentpositioncon : \"\",\r\n\t\t\t\t\tusegpsposition     : \"\",\r\n\t\t\t\t\tzoomOnScrollWheel  : \"\",\r\n\t\t\t\t\tngGalleries        : [],\r\n\t\t\t\t\tngImages           : [],\r\n\t\t\t\t\tpluginUrl          : \"https:\/\/lavia.cc\/gpx\/wp-content\/plugins\",\r\n\t\t\t\t\tTFApiKey           : \"\",\r\n\t\t\t\t\tMapBoxApiKey           : \"\",\r\n\t\t\t\t\tlangs              : {\r\n\t\t\t\t\t\taltitude        : \"Altitudine\",\r\n\t\t\t\t\t\tcurrentPosition : \"Current position\",\r\n\t\t\t\t\t\tspeed           : \"Velocit\u00e0\",\r\n\t\t\t\t\t\tgrade           : \"Grade\",\r\n\t\t\t\t\t\theartRate       : \"Battito Cardiaco\",\r\n\t\t\t\t\t\tatemp           : \"Temperature\",\r\n\t\t\t\t\t\tcadence         : \"Cadenza\",\r\n\t\t\t\t\t\tgoFullScreen    : \"Go full screen\",\r\n\t\t\t\t\t\texitFullFcreen  : \"Exit full screen\",\r\n\t\t\t\t\t\thideImages      : \"Hide images\",\r\n\t\t\t\t\t\tshowImages      : \"Show images\",\r\n\t\t\t\t\t\tbackToCenter\t: \"Ritorna al centro della mappa\"\r\n\t\t\t\t\t}\r\n\t\t\t\t});\r\n\r\n\t\t\t});\r\n\r\n\t\t<\/script>\n<p>\ud83d\udfe2 Scarica la <a href=\"https:\/\/lavia.cc\/gpx\/categoria-tracce\/gravel\/\" target=\"_blank\" rel=\"noopener\">traccia<\/a> e Segui LAVIA!<\/p>\n<p>&nbsp;<\/p>\n","protected":false},"excerpt":{"rendered":"<p>Dal Lago di Garda al Lago di Ledro attraverso la Strada del Ponale, una strada che ha origini molto antiche con partenza dal comune di Riva. Ricavata nella roccia gi\u00e0 da met\u00e0 ottocento, soltanto dal 2004 la vecchia strada \u00e8 diventata un sentiero ciclo-pedonale, uno dei sentieri pi\u00f9 belli d&#8217;Europa. Con la roccia da una parte e il lago dall&#8217;altra, regala panorami unici e in alcuni tratti si possono vedere anche i vecchi ripari costruiti dai militari durante la guerra, regalando forti emozioni. Si pu\u00f2 fare in MTB o Gravel ed \u00e8 adatta a tutti: non presenza grandi difficolt\u00e0 se non nell&#8217;ultimo tratto verso il lago di Ledro dove il percorso attraversa un bosco in salita. Portate il costume perch\u00e9 un bel bagno rigenerante nelle acque cristalline del Lago di Ledro \u00e8 d\u2019obbligo!<\/p>\n<p>\ud83d\udfe2\u00a0Segui LAVIA!<\/p>\n","protected":false},"featured_media":2024,"comment_status":"open","ping_status":"closed","template":"","meta":[],"product_brand":[],"product_cat":[28],"product_tag":[238,377,376,73,139,37],"class_list":{"0":"post-2023","1":"product","2":"type-product","3":"status-publish","4":"has-post-thumbnail","6":"product_cat-gravel","7":"product_tag-lago-di-garda","8":"product_tag-lago-di-ledro","9":"product_tag-ledro","10":"product_tag-lombardia","11":"product_tag-riva-del-garda","12":"product_tag-r-trentinoaltoadige","14":"first","15":"instock","16":"downloadable","17":"virtual","18":"product-type-simple"},"_links":{"self":[{"href":"https:\/\/lavia.cc\/gpx\/wp-json\/wp\/v2\/product\/2023","targetHints":{"allow":["GET"]}}],"collection":[{"href":"https:\/\/lavia.cc\/gpx\/wp-json\/wp\/v2\/product"}],"about":[{"href":"https:\/\/lavia.cc\/gpx\/wp-json\/wp\/v2\/types\/product"}],"replies":[{"embeddable":true,"href":"https:\/\/lavia.cc\/gpx\/wp-json\/wp\/v2\/comments?post=2023"}],"version-history":[{"count":12,"href":"https:\/\/lavia.cc\/gpx\/wp-json\/wp\/v2\/product\/2023\/revisions"}],"predecessor-version":[{"id":2554,"href":"https:\/\/lavia.cc\/gpx\/wp-json\/wp\/v2\/product\/2023\/revisions\/2554"}],"wp:featuredmedia":[{"embeddable":true,"href":"https:\/\/lavia.cc\/gpx\/wp-json\/wp\/v2\/media\/2024"}],"wp:attachment":[{"href":"https:\/\/lavia.cc\/gpx\/wp-json\/wp\/v2\/media?parent=2023"}],"wp:term":[{"taxonomy":"product_brand","embeddable":true,"href":"https:\/\/lavia.cc\/gpx\/wp-json\/wp\/v2\/product_brand?post=2023"},{"taxonomy":"product_cat","embeddable":true,"href":"https:\/\/lavia.cc\/gpx\/wp-json\/wp\/v2\/product_cat?post=2023"},{"taxonomy":"product_tag","embeddable":true,"href":"https:\/\/lavia.cc\/gpx\/wp-json\/wp\/v2\/product_tag?post=2023"}],"curies":[{"name":"wp","href":"https:\/\/api.w.org\/{rel}","templated":true}]}}