{"id":20365,"date":"2025-03-12T12:07:49","date_gmt":"2025-03-12T11:07:49","guid":{"rendered":"https:\/\/lavia.cc\/gpx\/?post_type=product&#038;p=20365"},"modified":"2025-03-12T12:07:51","modified_gmt":"2025-03-12T11:07:51","slug":"dogwalking-delle-marze-maremma","status":"publish","type":"product","link":"https:\/\/lavia.cc\/gpx\/tracce\/dogwalking-delle-marze-maremma\/","title":{"rendered":"Dogwalking delle Marze: tra dune e pineta della costa maremmana"},"content":{"rendered":"<h5>Dogwalking delle Marze: tra dune e pineta della costa maremmana<\/h5>\n<p>\u27a1\ufe0f Clicca qui per raggiungere il punto di partenza: <a href=\"https:\/\/www.google.com\/maps\/place\/42%C2%B045&#039;44.3%22N+10%C2%B053&#039;46.5%22E\/@42.7622989,10.8923696,533m\/data=!3m2!1e3!4b1!4m13!1m8!3m7!1s0x1329ced9785c9b8d:0x6ab9768789e54a13!2s58043+Castiglione+della+Pescaia+GR!3b1!8m2!3d42.7636762!4d10.8753047!16zL20vMDQ5ZmRf!3m3!8m2!3d42.762299!4d10.896249?authuser=0&amp;entry=ttu&amp;g_ep=EgoyMDI1MDMxMC4wIKXMDSoJLDEwMjExNDU1SAFQAw%3D%3D\" target=\"_blank\" rel=\"noopener\">GOOGLE MAPS<\/a> (Pineta del Tombolo, Castiglione della Pescaia GR).<\/p>\n<p>\ud83d\uddfa\ufe0f Mappa e altimetria della traccia &#8220;<strong>Dogwalking delle Marze<\/strong>&#8220;:<\/p>\n\r\n\t\t<div id=\"wpgpxmaps_20365_4262\" class=\"wpgpxmaps\">\r\n\t\t\t<div id=\"map_20365_4262_cont\" style=\"width:100%; height:450px;position:relative\" >\r\n\t\t\t\t<div id=\"map_20365_4262\" style=\"width:100%; height:450px\"><\/div>\r\n\t\t\t\t<div id=\"wpgpxmaps_20365_4262_osm_footer\" class=\"wpgpxmaps_osm_footer\" style=\"display:none;\"><span> &copy; <a href=\"http:\/\/www.openstreetmap.org\/copyright\" target=\"_blank\" rel=\"noopener\">OpenStreetMap<\/a> contributors<\/span><\/div>\r\n\t\t\t<\/div>\r\n\t\t\t<canvas id=\"myChart_20365_4262\" class=\"plot\" style=\"width:100%; height:200px\"><\/canvas>\r\n\t\t\t<div id=\"ngimages_20365_4262\" class=\"ngimages\" style=\"display:none\"><\/div>\r\n\t\t\t<div id=\"report_20365_4262\" class=\"report\"><\/div>\r\n\t\t<\/div>\r\n\t\t\r\n\t\t<script type=\"text\/javascript\">\r\n\r\n\t\t\tjQuery(document).ready(function() {\r\n\r\n\t\t\t\tjQuery( \"#wpgpxmaps_20365_4262\" ).wpgpxmaps( {\r\n\t\t\t\t\ttargetId           : \"20365_4262\",\r\n\t\t\t\t\tmapType            : \"HYBRID\",\r\n\t\t\t\t\tmapData            : [[42.7622850,10.8958580],[42.7621670,10.8962500],[42.7623070,10.8963060],[42.7622190,10.8964580],[42.7621490,10.8965370],[42.7619240,10.8967320],[42.7619183,10.8967200],[42.7619240,10.8967320],[42.7618010,10.8968400],[42.7616690,10.8969310],[42.7615820,10.8969740],[42.7612560,10.8969490],[42.7610990,10.8969260],[42.7607460,10.8968580],[42.7605460,10.8968290],[42.7604510,10.8968160],[42.7603500,10.8967480],[42.7602150,10.8966670],[42.7600600,10.8966160],[42.7599650,10.8966220],[42.7598210,10.8966170],[42.7597110,10.8965760],[42.7592120,10.8963680],[42.7588890,10.8962190],[42.7587700,10.8961840],[42.7587740,10.8960310],[42.7588380,10.8958460],[42.7588400,10.8956780],[42.7587220,10.8956460],[42.7586440,10.8955730],[42.7585470,10.8955240],[42.7584240,10.8954840],[42.7583370,10.8955410],[42.7582460,10.8954860],[42.7581390,10.8954880],[42.7579217,10.8954600],[42.7577553,10.8960289],[42.7575889,10.8965979],[42.7574226,10.8971668],[42.7572562,10.8977358],[42.7570898,10.8983047],[42.7569235,10.8988736],[42.7567571,10.8994426],[42.7565907,10.9000115],[42.7564244,10.9005804],[42.7562580,10.9011494],[42.7560916,10.9017183],[42.7559253,10.9022873],[42.7557589,10.9028562],[42.7555925,10.9034251],[42.7554261,10.9039941],[42.7552598,10.9045630],[42.7550934,10.9051319],[42.7549270,10.9057009],[42.7547607,10.9062698],[42.7545943,10.9068388],[42.7544279,10.9074077],[42.7542616,10.9079766],[42.7540952,10.9085456],[42.7539288,10.9091145],[42.7537625,10.9096835],[42.7535961,10.9102524],[42.7534297,10.9108213],[42.7532634,10.9113903],[42.7530970,10.9119592],[42.7529306,10.9125281],[42.7527643,10.9130971],[42.7525979,10.9136660],[42.7524315,10.9142350],[42.7522651,10.9148039],[42.7520988,10.9153728],[42.7519324,10.9159418],[42.7518983,10.9160583],[42.7519333,10.9160850],[42.7518900,10.9161933],[42.7518600,10.9162867],[42.7518300,10.9164017],[42.7517850,10.9165133],[42.7517467,10.9166267],[42.7517100,10.9167383],[42.7516683,10.9168600],[42.7516317,10.9169683],[42.7515950,10.9170850],[42.7515567,10.9172100],[42.7515100,10.9173167],[42.7514750,10.9174417],[42.7514333,10.9175433],[42.7513983,10.9176550],[42.7513633,10.9177767],[42.7513283,10.9178833],[42.7513000,10.9180017],[42.7512450,10.9181067],[42.7512083,10.9182083],[42.7511817,10.9183167],[42.7511483,10.9184250],[42.7511050,10.9185383],[42.7510683,10.9186500],[42.7510383,10.9187567],[42.7510300,10.9188183],[42.7509883,10.9189417],[42.7509583,10.9190450],[42.7509300,10.9191600],[42.7508933,10.9192900],[42.7508417,10.9194000],[42.7507967,10.9195217],[42.7507433,10.9196383],[42.7506850,10.9197333],[42.7506400,10.9198467],[42.7506050,10.9199517],[42.7505617,10.9200633],[42.7505167,10.9201767],[42.7504767,10.9202917],[42.7504350,10.9204050],[42.7503883,10.9205167],[42.7503500,10.9206200],[42.7503117,10.9207417],[42.7502833,10.9208650],[42.7502950,10.9209867],[42.7502883,10.9211017],[42.7502867,10.9212233],[42.7502567,10.9213500],[42.7503720,10.9215690],[42.7519980,10.9220720],[42.7528540,10.9223630],[42.7537640,10.9226690],[42.7538590,10.9227280],[42.7539330,10.9227930],[42.7539890,10.9226910],[42.7543700,10.9217740],[42.7548170,10.9207000],[42.7554860,10.9191250],[42.7556910,10.9185610],[42.7557530,10.9183250],[42.7558050,10.9181320],[42.7558530,10.9179130],[42.7561670,10.9163680],[42.7563690,10.9153030],[42.7565940,10.9140660],[42.7566700,10.9136570],[42.7570740,10.9115960],[42.7572330,10.9106880],[42.7574100,10.9098000],[42.7579570,10.9069740],[42.7580390,10.9066630],[42.7580780,10.9064550],[42.7581500,10.9059630],[42.7585870,10.9037770],[42.7588040,10.9026270],[42.7588330,10.9024720],[42.7592560,10.9003320],[42.7592840,10.9001230],[42.7593450,10.8998790],[42.7596000,10.8984970],[42.7599350,10.8967720],[42.7599650,10.8966220],[42.7600600,10.8966160],[42.7602150,10.8966670],[42.7603880,10.8967710],[42.7607300,10.8967120],[42.7611070,10.8967140],[42.7612670,10.8967280],[42.7613580,10.8967140],[42.7617040,10.8965900],[42.7618820,10.8965180],[42.7620540,10.8964490],[42.7621670,10.8962500],[42.7622760,10.8958960]],\r\n\t\t\t\t\tgraphDist          : [0.00,0.03,0.05,0.07,0.08,0.11,0.12,0.14,0.15,0.17,0.18,0.22,0.23,0.27,0.30,0.32,0.33,0.34,0.36,0.37,0.39,0.40,0.46,0.50,0.51,0.52,0.54,0.55,0.57,0.58,0.59,0.60,0.62,0.63,0.64,0.66,0.71,0.76,0.81,0.86,0.91,0.96,1.01,1.06,1.11,1.16,1.21,1.26,1.31,1.36,1.41,1.46,1.51,1.56,1.61,1.66,1.71,1.76,1.81,1.86,1.91,1.96,2.01,2.06,2.11,2.16,2.21,2.26,2.31,2.36,2.41,2.46,2.47,2.48,2.50,2.51,2.52,2.53,2.54,2.55,2.56,2.57,2.58,2.59,2.60,2.61,2.62,2.63,2.64,2.66,2.67,2.68,2.69,2.70,2.71,2.72,2.73,2.74,2.75,2.76,2.77,2.78,2.79,2.81,2.82,2.83,2.84,2.85,2.86,2.87,2.88,2.89,2.90,2.91,2.92,2.94,2.95,2.96,2.97,2.98,2.99,3.01,3.20,3.30,3.40,3.41,3.42,3.43,3.52,3.62,3.77,3.82,3.84,3.86,3.88,4.01,4.10,4.20,4.24,4.41,4.49,4.56,4.80,4.83,4.84,4.89,5.07,5.17,5.18,5.36,5.38,5.40,5.52,5.66,5.67,5.69,5.70,5.72,5.76,5.80,5.82,5.83,5.87,5.89,5.91,5.93,5.96],\r\n\t\t\t\t\tgraphEle           : [8.50,8.25,8.25,8.00,8.00,7.25,-8.00,7.50,7.25,6.50,6.75,8.25,8.25,9.00,8.25,8.25,7.75,7.75,7.25,7.00,6.75,6.75,6.25,6.00,6.00,6.00,6.00,6.00,5.75,5.50,4.75,4.75,4.50,4.50,4.50,0.00,3.47,2.37,2.06,2.14,1.39,0.05,0.00,0.00,0.00,0.04,0.23,0.33,0.59,0.95,0.40,0.00,0.92,0.39,0.10,0.86,0.37,0.00,0.03,0.11,0.00,0.05,0.08,0.33,0.15,0.00,0.11,0.04,0.01,0.34,0.74,1.20,1.64,2.00,2.00,2.00,2.00,3.00,2.00,3.00,3.00,2.00,2.00,2.00,2.00,2.00,2.00,1.00,0.00,2.00,2.00,1.00,3.00,3.00,3.00,3.00,3.00,5.00,0.00,1.00,2.00,3.00,3.00,2.00,3.00,3.00,2.00,1.00,3.00,3.00,2.00,4.00,2.00,2.00,2.00,3.00,2.00,2.00,4.00,3.00,3.00,4.25,4.25,5.00,6.00,6.50,6.50,6.75,7.75,7.75,8.50,8.00,7.75,7.75,8.00,7.25,7.50,7.25,6.00,3.75,3.25,3.00,6.00,5.75,5.75,5.50,7.50,8.00,8.00,6.25,6.50,6.75,7.25,7.00,7.00,7.25,7.75,8.00,9.25,9.00,8.50,8.50,8.00,8.00,8.00,8.25,8.50],\r\n\t\t\t\t\tgraphSpeed         : [],\r\n\t\t\t\t\tgraphHr            : [],\r\n\t\t\t\t\tgraphAtemp         : [],\r\n\t\t\t\t\tgraphCad           : [],\r\n\t\t\t\t\tgraphGrade         : [],\r\n\t\t\t\t\twaypoints          : [],\r\n\t\t\t\t\tunit               : \"2\",\r\n\t\t\t\t\tunitspeed          : \"0\",\r\n\t\t\t\t\tcolor1             : [\"#3366cc\"],\r\n\t\t\t\t\tcolor2             : \"#3366cc\",\r\n\t\t\t\t\tcolor3             : \"#ff0000\",\r\n\t\t\t\t\tcolor4             : \"#ff77bd\",\r\n\t\t\t\t\tcolor5             : \"#beecff\",\r\n\t\t\t\t\tcolor6             : \"#beecff\",\r\n\t\t\t\t\tcolor7             : \"#ff77bd\",\r\n\t\t\t\t\tchartFrom1         : \"\",\r\n\t\t\t\t\tchartTo1           : \"\",\r\n\t\t\t\t\tchartFrom2         : \"\",\r\n\t\t\t\t\tchartTo2           : \"\",\r\n\t\t\t\t\tstartIcon          : \"\",\r\n\t\t\t\t\tendIcon            : \"\",\r\n\t\t\t\t\tcurrentIcon        : \"\",\r\n\t\t\t\t\twaypointIcon       : \"https:\/\/lavia.cc\/gpx\/wp-content\/uploads\/gpx\/cropped-icona.ico\",\r\n\t\t\t\t\tcurrentpositioncon : \"\",\r\n\t\t\t\t\tusegpsposition     : \"\",\r\n\t\t\t\t\tzoomOnScrollWheel  : \"\",\r\n\t\t\t\t\tngGalleries        : [],\r\n\t\t\t\t\tngImages           : [],\r\n\t\t\t\t\tpluginUrl          : \"https:\/\/lavia.cc\/gpx\/wp-content\/plugins\",\r\n\t\t\t\t\tTFApiKey           : \"\",\r\n\t\t\t\t\tMapBoxApiKey           : \"\",\r\n\t\t\t\t\tlangs              : {\r\n\t\t\t\t\t\taltitude        : \"Altitudine\",\r\n\t\t\t\t\t\tcurrentPosition : \"Current position\",\r\n\t\t\t\t\t\tspeed           : \"Velocit\u00e0\",\r\n\t\t\t\t\t\tgrade           : \"Grade\",\r\n\t\t\t\t\t\theartRate       : \"Battito Cardiaco\",\r\n\t\t\t\t\t\tatemp           : \"Temperature\",\r\n\t\t\t\t\t\tcadence         : \"Cadenza\",\r\n\t\t\t\t\t\tgoFullScreen    : \"Go full screen\",\r\n\t\t\t\t\t\texitFullFcreen  : \"Exit full screen\",\r\n\t\t\t\t\t\thideImages      : \"Hide images\",\r\n\t\t\t\t\t\tshowImages      : \"Show images\",\r\n\t\t\t\t\t\tbackToCenter\t: \"Ritorna al centro della mappa\"\r\n\t\t\t\t\t}\r\n\t\t\t\t});\r\n\r\n\t\t\t});\r\n\r\n\t\t<\/script>\n<p>\ud83d\udfe2 Visita\u00a0<a href=\"https:\/\/lavia.cc\/gpx\/\">LAVIA.CC<\/a>\u00a0per altre tracce gpx e condividi le tue avventure con la nostra\u00a0<a href=\"https:\/\/www.instagram.com\/lavia.cc\/\" target=\"_blank\" rel=\"noopener\">community<\/a>! \ud83d\udeb4\u200d\u2642\ufe0f\ud83c\udf32\ud83c\udfde\ufe0f<\/p>\n","protected":false},"excerpt":{"rendered":"<p><strong>\ud83d\udccd TRACCIA CARICATA DA:\u00a0<a href=\"https:\/\/lavia.cc\/gpx\/maremma-green-passion\/\" target=\"_blank\" rel=\"noopener\">MAREMMA GREEN PASSION<\/a><\/strong><\/p>\n<p>Se il tempo non \u00e8 dei migliori e tirano raffiche di vento da nord est, non rinunciare a una bella passeggiata con il tuo amico a quattro zampe! La costa maremmana, nel tratto che va da Marina di Grosseto a Castiglione della Pescaia, \u00e8 perfetta per godersi una giornata al mare, anche con condizioni meteo non ottimali\u2026 e sai perch\u00e9? La folta e rigogliosa pineta del tombolo che si sviluppa parallelamente al litorale far\u00e0 da barriera alle sferzate del vento e quella che sembrava una noiosa giornata invernale, diventer\u00e0 un&#8217;ottima occasione di svago all&#8217;aria aperta. Partiamo dall&#8217;area di sosta Selene a Castiglione della Pescaia, che in questo periodo offre un ampio parcheggio gratuito e, dopo aver attraversato la Strada Provinciale delle Collacchie, ci dirigiamo verso la spiaggia.<br \/>\nQuesta costa selvaggia \u00e8 bellissima anche sotto il cielo plumbeo invernale, specialmente se ogni tanto si apre un varco tra le nuvole e il sole fa brillare le onde, creando un&#8217;atmosfera davvero suggestiva! Andiamo verso Marina di Grosseto fino al Forte delle Marze, fatto costruire dai Lorena per la difesa della costa e come punto di raccolta del sale, oltre che base per le opere di bonifica. Poco dopo troviamo il passaggio per rientrare sulla strada: questo tratto \u00e8 particolarmente ricco di essenze che diffondono i profumi della macchia mediterranea, accompagnandoci nel nostro rientro lungo la pista ciclabile. Torniamo quindi al parcheggio immerso nella pineta, che intanto si \u00e8 popolata di altri intrepidi amanti della vita outdoor. Se sei in Maremma con il tuo cucciolo del cuore, non perderti questo piacevole percorso da vivere in tutta libert\u00e0!<\/p>\n<p>\ud83c\udf89 W IL MARE D&#8217;INVERNO!<\/p>\n<p>\ud83d\udfe2 Segui\u00a0<strong>LAVIA,<\/strong>\u00a0arriva alla\u00a0<strong>META<\/strong>!<\/p>\n","protected":false},"featured_media":20367,"comment_status":"open","ping_status":"closed","template":"","meta":[],"product_brand":[],"product_cat":[720,31],"product_tag":[883,880,126],"class_list":{"0":"post-20365","1":"product","2":"type-product","3":"status-publish","4":"has-post-thumbnail","6":"product_cat-dog-walking","7":"product_cat-escursionismo","8":"product_tag-castiglione-della-pescaia","9":"product_tag-grosseto","10":"product_tag-toscana","12":"first","13":"instock","14":"downloadable","15":"virtual","16":"product-type-simple"},"_links":{"self":[{"href":"https:\/\/lavia.cc\/gpx\/wp-json\/wp\/v2\/product\/20365","targetHints":{"allow":["GET"]}}],"collection":[{"href":"https:\/\/lavia.cc\/gpx\/wp-json\/wp\/v2\/product"}],"about":[{"href":"https:\/\/lavia.cc\/gpx\/wp-json\/wp\/v2\/types\/product"}],"replies":[{"embeddable":true,"href":"https:\/\/lavia.cc\/gpx\/wp-json\/wp\/v2\/comments?post=20365"}],"version-history":[{"count":1,"href":"https:\/\/lavia.cc\/gpx\/wp-json\/wp\/v2\/product\/20365\/revisions"}],"predecessor-version":[{"id":20366,"href":"https:\/\/lavia.cc\/gpx\/wp-json\/wp\/v2\/product\/20365\/revisions\/20366"}],"wp:featuredmedia":[{"embeddable":true,"href":"https:\/\/lavia.cc\/gpx\/wp-json\/wp\/v2\/media\/20367"}],"wp:attachment":[{"href":"https:\/\/lavia.cc\/gpx\/wp-json\/wp\/v2\/media?parent=20365"}],"wp:term":[{"taxonomy":"product_brand","embeddable":true,"href":"https:\/\/lavia.cc\/gpx\/wp-json\/wp\/v2\/product_brand?post=20365"},{"taxonomy":"product_cat","embeddable":true,"href":"https:\/\/lavia.cc\/gpx\/wp-json\/wp\/v2\/product_cat?post=20365"},{"taxonomy":"product_tag","embeddable":true,"href":"https:\/\/lavia.cc\/gpx\/wp-json\/wp\/v2\/product_tag?post=20365"}],"curies":[{"name":"wp","href":"https:\/\/api.w.org\/{rel}","templated":true}]}}