{"id":20655,"date":"2025-03-24T16:08:46","date_gmt":"2025-03-24T15:08:46","guid":{"rendered":"https:\/\/lavia.cc\/gpx\/?post_type=product&#038;p=20655"},"modified":"2025-03-24T16:15:52","modified_gmt":"2025-03-24T15:15:52","slug":"le-cascate-di-lequarci","status":"publish","type":"product","link":"https:\/\/lavia.cc\/gpx\/tracce\/le-cascate-di-lequarci\/","title":{"rendered":"Le Cascate di Lequarci"},"content":{"rendered":"<h4>Le Cascate di Lequarci<\/h4>\n<p>\u27a1\ufe0f Clicca qui per andare al punto di partenza: <a href=\"https:\/\/www.google.com\/maps\/place\/Chiesa+di+Santa+Barbara\/@39.7857727,9.4516066,123m\/data=!3m1!1e3!4m6!3m5!1s0x12de10cc0eb8102d:0x553c43fb726381fb!8m2!3d39.7856915!4d9.4520834!16s%2Fg%2F12q4prp0h?entry=ttu&amp;g_ep=EgoyMDI1MDMxOS4yIKXMDSoASAFQAw%3D%3D\" target=\"_blank\" rel=\"noopener\">GOOGLE MAPS<\/a> (Parcheggio Chiesetta Santa Barbara).<\/p>\n<p>\u2139\ufe0fLe\u00a0<strong>cascate di Lequarci<\/strong> sono tra le pi\u00f9 spettacolari in Sardegna e si trovano nel margine meridionale del tacco di Ulassai\u00a0Sono anche dette cascate di Santa Barbara, dal nome della localit\u00e0 vicina, dove sorge un complesso bizantino.<\/p>\n<p>\u26a0\ufe0f\u00c8 essenziale<strong> scaricare la traccia GPX e munirsi di un buon GPS<\/strong>, poich\u00e9 in Sardegna la segnaletica \u00e8 scarsa e spesso realizzata con omini di pietra, frequentemente danneggiati dal passaggio delle capre. Resta comunque consigliato avventurarsi con\u00a0 l\u2019accompagnamento di una guida locale, poich\u00e9 \u00e8 facile perdersi nella complessa e selvaggia macchia mediterranea sarda. La percorribilit\u00e0 dell\u2019itinerario proposto, come tutta la morfologia del territorio, \u00e8 soggetta a cambiamenti ambientali dovuti a eventi naturali e alle condizioni meteo. Quindi, prima di partire, consultate gli uffici turistici competenti e\/o le strutture di riferimento di riferimento.<\/p>\n<h4>\ud83d\uddfa\ufe0f Mappa e altimetria dell&#8217;<a href=\"https:\/\/lavia.cc\/gpx\/categoria-tracce\/escursionismo\/\">escursione<\/a> &#8220;Le Cascate di Lequarci&#8221;:<\/h4>\n\r\n\t\t<div id=\"wpgpxmaps_20655_901598\" class=\"wpgpxmaps\">\r\n\t\t\t<div id=\"map_20655_901598_cont\" style=\"width:100%; height:450px;position:relative\" >\r\n\t\t\t\t<div id=\"map_20655_901598\" style=\"width:100%; height:450px\"><\/div>\r\n\t\t\t\t<div id=\"wpgpxmaps_20655_901598_osm_footer\" class=\"wpgpxmaps_osm_footer\" style=\"display:none;\"><span> &copy; <a href=\"http:\/\/www.openstreetmap.org\/copyright\" target=\"_blank\" rel=\"noopener\">OpenStreetMap<\/a> contributors<\/span><\/div>\r\n\t\t\t<\/div>\r\n\t\t\t<canvas id=\"myChart_20655_901598\" class=\"plot\" style=\"width:100%; height:200px\"><\/canvas>\r\n\t\t\t<div id=\"ngimages_20655_901598\" class=\"ngimages\" style=\"display:none\"><\/div>\r\n\t\t\t<div id=\"report_20655_901598\" class=\"report\"><\/div>\r\n\t\t<\/div>\r\n\t\t\r\n\t\t<script type=\"text\/javascript\">\r\n\r\n\t\t\tjQuery(document).ready(function() {\r\n\r\n\t\t\t\tjQuery( \"#wpgpxmaps_20655_901598\" ).wpgpxmaps( {\r\n\t\t\t\t\ttargetId           : \"20655_901598\",\r\n\t\t\t\t\tmapType            : \"HYBRID\",\r\n\t\t\t\t\tmapData            : [[39.7854210,9.4511160],[39.7856230,9.4507630],[39.7859820,9.4503520],[39.7861550,9.4498250],[39.7862140,9.4495620],[39.7865540,9.4485950],[39.7866770,9.4481140],[39.7867410,9.4476720],[39.7868890,9.4473750],[39.7869620,9.4471020],[39.7871580,9.4467650],[39.7875420,9.4463570],[39.7876200,9.4461870],[39.7876680,9.4458440],[39.7877810,9.4455880],[39.7879920,9.4453050],[39.7881190,9.4449750],[39.7881590,9.4447640],[39.7882240,9.4447500],[39.7882280,9.4452320],[39.7881970,9.4463030],[39.7881410,9.4467340],[39.7881470,9.4469780],[39.7882220,9.4471520],[39.7883680,9.4473880],[39.7885450,9.4475490],[39.7886690,9.4476050],[39.7890430,9.4476080],[39.7892460,9.4476520],[39.7896440,9.4476090],[39.7899200,9.4476500],[39.7901290,9.4476190],[39.7902730,9.4475670],[39.7904790,9.4474420],[39.7907170,9.4473880],[39.7909360,9.4472900],[39.7910440,9.4473100],[39.7911990,9.4475040],[39.7913240,9.4475700],[39.7914670,9.4475850],[39.7916670,9.4475550],[39.7917720,9.4470960],[39.7919070,9.4466870],[39.7919410,9.4465770],[39.7920280,9.4465100],[39.7921190,9.4464600],[39.7922170,9.4464010],[39.7923160,9.4463990],[39.7923000,9.4465070],[39.7922380,9.4466030],[39.7921690,9.4467100],[39.7921060,9.4468070],[39.7920790,9.4469300],[39.7921200,9.4470340],[39.7921500,9.4471540],[39.7921200,9.4472790],[39.7921370,9.4474000],[39.7921510,9.4475320],[39.7921790,9.4476580],[39.7922170,9.4477830],[39.7922440,9.4479220],[39.7922700,9.4480440],[39.7922670,9.4481880],[39.7922680,9.4483160],[39.7922280,9.4484350],[39.7922320,9.4485630],[39.7921990,9.4486870],[39.7921510,9.4488060],[39.7921170,9.4489180],[39.7920810,9.4490290],[39.7920120,9.4491070],[39.7919530,9.4492090],[39.7919130,9.4492900],[39.7919060,9.4494350],[39.7918260,9.4494860],[39.7917950,9.4496320],[39.7917710,9.4496300],[39.7917790,9.4497130],[39.7917600,9.4497300],[39.7917230,9.4497100],[39.7916780,9.4498300],[39.7915790,9.4498110],[39.7915190,9.4499220],[39.7914160,9.4499320],[39.7913300,9.4499760],[39.7912290,9.4499640],[39.7911460,9.4498890],[39.7910580,9.4499660],[39.7910090,9.4500890],[39.7909850,9.4502010],[39.7909480,9.4503210],[39.7909440,9.4503210],[39.7910260,9.4503790],[39.7910120,9.4504860],[39.7910910,9.4505450],[39.7911680,9.4505830],[39.7912700,9.4505320],[39.7912800,9.4505190],[39.7913520,9.4504670],[39.7913900,9.4503590],[39.7914410,9.4502690],[39.7914660,9.4501700],[39.7915640,9.4501930],[39.7916540,9.4501790],[39.7917160,9.4500850],[39.7917820,9.4500030],[39.7918700,9.4499590],[39.7919680,9.4499540],[39.7920570,9.4500380],[39.7921430,9.4500690],[39.7922360,9.4500760],[39.7923160,9.4501540],[39.7923940,9.4502450],[39.7924660,9.4503440],[39.7925470,9.4504160],[39.7925920,9.4505060],[39.7925990,9.4506390],[39.7925900,9.4506260],[39.7926750,9.4507130],[39.7927030,9.4507870],[39.7928980,9.4509780],[39.7929670,9.4511480],[39.7928980,9.4509780],[39.7927030,9.4507870],[39.7925370,9.4506230],[39.7927150,9.4502940],[39.7927520,9.4501490],[39.7928230,9.4500050],[39.7929790,9.4497980],[39.7932140,9.4496970],[39.7934300,9.4496870],[39.7935260,9.4495680],[39.7935820,9.4494500],[39.7936810,9.4489620],[39.7939620,9.4489620],[39.7942040,9.4490300],[39.7943690,9.4490340],[39.7944610,9.4491350],[39.7948070,9.4492390],[39.7949200,9.4493020],[39.7952170,9.4495250],[39.7952720,9.4497430],[39.7952390,9.4499260],[39.7952980,9.4500520],[39.7950590,9.4503200],[39.7949680,9.4504220],[39.7946990,9.4507230],[39.7945270,9.4508190],[39.7943480,9.4511620],[39.7941750,9.4516360],[39.7939730,9.4520590],[39.7937790,9.4523750],[39.7937390,9.4525060],[39.7936870,9.4530250],[39.7935570,9.4529650],[39.7933910,9.4530060],[39.7934960,9.4527280],[39.7934780,9.4522630],[39.7934780,9.4522630],[39.7934960,9.4527280],[39.7933950,9.4529470],[39.7935570,9.4529650],[39.7936870,9.4530250],[39.7937390,9.4525060],[39.7937790,9.4523750],[39.7939730,9.4520590],[39.7941750,9.4516360],[39.7943480,9.4511620],[39.7945270,9.4508190],[39.7946990,9.4507230],[39.7949680,9.4504220],[39.7950590,9.4503200],[39.7952980,9.4500520],[39.7952390,9.4499260],[39.7952720,9.4497430],[39.7952170,9.4495250],[39.7949200,9.4493020],[39.7948070,9.4492390],[39.7944610,9.4491350],[39.7943690,9.4490340],[39.7942760,9.4487970],[39.7942580,9.4485190],[39.7941870,9.4483320],[39.7940510,9.4481630],[39.7939960,9.4479670],[39.7940250,9.4472940],[39.7940660,9.4470020],[39.7942010,9.4468090],[39.7938710,9.4469130],[39.7936040,9.4469740],[39.7934050,9.4469610],[39.7931370,9.4468670],[39.7926660,9.4468240],[39.7924470,9.4468630],[39.7923630,9.4469070],[39.7922330,9.4469750],[39.7921440,9.4469930],[39.7920730,9.4468310],[39.7921510,9.4466750],[39.7923340,9.4464620],[39.7922790,9.4463840],[39.7920530,9.4465240],[39.7919360,9.4466550],[39.7917720,9.4470960],[39.7917190,9.4475010],[39.7914670,9.4475850],[39.7913240,9.4475700],[39.7911990,9.4475040],[39.7910440,9.4473100],[39.7909360,9.4472900],[39.7907170,9.4473880],[39.7904790,9.4474420],[39.7902730,9.4475670],[39.7901290,9.4476190],[39.7899200,9.4476500],[39.7896440,9.4476090],[39.7892460,9.4476520],[39.7890430,9.4476080],[39.7886690,9.4476050],[39.7885450,9.4475490],[39.7883680,9.4473880],[39.7882220,9.4471520],[39.7881470,9.4469780],[39.7881410,9.4467340],[39.7881970,9.4463030],[39.7882280,9.4452320],[39.7882240,9.4447500],[39.7881590,9.4447640],[39.7881190,9.4449750],[39.7879920,9.4453050],[39.7877810,9.4455880],[39.7876680,9.4458440],[39.7876200,9.4461870],[39.7875420,9.4463570],[39.7871580,9.4467650],[39.7869620,9.4471020],[39.7868890,9.4473750],[39.7867410,9.4476720],[39.7866770,9.4481140],[39.7865540,9.4485950],[39.7862140,9.4495620],[39.7861550,9.4498250],[39.7859820,9.4503520],[39.7856230,9.4507630],[39.7854740,9.4510230]],\r\n\t\t\t\t\tgraphDist          : [0.00,0.04,0.09,0.14,0.16,0.26,0.30,0.34,0.37,0.39,0.43,0.49,0.50,0.53,0.56,0.59,0.62,0.64,0.66,0.70,0.79,0.83,0.85,0.86,0.89,0.91,0.93,0.97,0.99,1.04,1.07,1.09,1.11,1.13,1.16,1.19,1.20,1.22,1.24,1.25,1.28,1.32,1.36,1.37,1.38,1.39,1.40,1.41,1.43,1.44,1.45,1.46,1.47,1.48,1.49,1.50,1.51,1.52,1.54,1.55,1.56,1.57,1.58,1.59,1.61,1.62,1.63,1.64,1.65,1.66,1.67,1.68,1.69,1.71,1.72,1.73,1.74,1.75,1.76,1.78,1.79,1.80,1.81,1.83,1.84,1.85,1.86,1.87,1.89,1.90,1.91,1.92,1.93,1.94,1.95,1.96,1.97,1.98,1.99,2.00,2.02,2.03,2.04,2.05,2.06,2.07,2.08,2.09,2.11,2.12,2.13,2.14,2.15,2.16,2.17,2.18,2.20,2.21,2.22,2.23,2.26,2.27,2.29,2.32,2.34,2.38,2.39,2.40,2.43,2.46,2.48,2.50,2.51,2.55,2.58,2.61,2.63,2.64,2.68,2.69,2.73,2.75,2.77,2.78,2.82,2.83,2.87,2.89,2.92,2.97,3.01,3.05,3.06,3.10,3.12,3.14,3.17,3.21,3.22,3.26,3.28,3.31,3.32,3.37,3.38,3.41,3.46,3.50,3.54,3.56,3.60,3.61,3.65,3.66,3.67,3.69,3.73,3.75,3.79,3.80,3.82,3.85,3.86,3.88,3.90,3.96,3.99,4.01,4.05,4.08,4.11,4.14,4.19,4.22,4.23,4.24,4.25,4.27,4.28,4.31,4.32,4.35,4.37,4.41,4.44,4.47,4.49,4.51,4.53,4.54,4.57,4.59,4.62,4.64,4.66,4.69,4.73,4.76,4.80,4.81,4.84,4.86,4.88,4.90,4.94,5.03,5.07,5.09,5.10,5.14,5.17,5.20,5.23,5.24,5.30,5.34,5.36,5.39,5.43,5.47,5.56,5.59,5.64,5.69,5.72],\r\n\t\t\t\t\tgraphEle           : [588.10,588.10,588.10,593.82,597.19,610.26,616.50,622.53,627.30,631.20,636.91,645.61,648.28,651.49,654.15,657.71,661.04,663.00,664.42,668.77,673.78,675.65,676.70,677.55,678.85,680.10,680.92,683.26,684.54,687.03,688.77,690.08,691.00,692.35,693.78,695.15,695.80,697.07,697.87,698.72,699.91,701.64,702.11,702.25,702.39,702.53,702.67,702.81,702.95,703.08,703.23,703.36,703.50,703.63,703.76,703.90,703.41,702.55,701.69,700.82,699.90,699.08,698.15,697.32,696.48,695.65,694.79,693.93,693.10,692.30,691.53,690.68,689.86,688.92,687.65,685.96,684.43,683.09,681.62,679.56,678.02,676.55,675.03,673.51,671.98,670.46,668.99,667.42,665.71,664.41,662.95,663.68,664.70,665.70,666.70,667.79,669.04,670.07,671.08,672.07,673.24,674.28,675.35,676.37,677.44,678.45,679.48,680.67,681.85,682.57,683.20,683.85,684.54,685.22,685.86,686.51,687.18,687.78,688.52,689.15,690.73,691.69,692.66,694.57,696.84,700.20,701.47,702.90,705.32,708.01,710.36,711.80,712.96,714.66,715.73,716.68,717.31,717.77,719.12,719.59,719.39,718.68,718.11,717.65,716.39,715.91,714.49,713.74,711.16,705.34,699.82,695.34,693.77,687.97,687.00,686.97,686.94,686.89,686.87,686.82,686.79,686.76,688.00,693.81,695.38,699.88,705.41,711.24,713.72,714.56,716.14,716.68,718.09,718.60,719.25,720.04,720.92,720.99,721.21,721.29,721.41,721.54,721.64,721.76,721.86,720.99,720.48,720.04,719.08,718.48,718.03,716.62,713.87,712.58,712.05,711.23,710.70,709.79,708.95,707.52,706.95,705.41,704.46,702.13,700.19,698.55,697.66,696.84,695.58,694.97,693.66,692.30,691.02,690.18,688.99,687.43,685.01,683.66,681.21,680.36,678.94,677.42,676.41,675.19,673.03,667.79,665.43,664.66,663.59,659.90,654.95,651.24,646.86,644.37,636.27,630.87,627.12,622.52,616.67,610.08,603.17,603.17,603.17,603.17,603.17],\r\n\t\t\t\t\tgraphSpeed         : [],\r\n\t\t\t\t\tgraphHr            : [],\r\n\t\t\t\t\tgraphAtemp         : [],\r\n\t\t\t\t\tgraphCad           : [],\r\n\t\t\t\t\tgraphGrade         : [],\r\n\t\t\t\t\twaypoints          : [],\r\n\t\t\t\t\tunit               : \"2\",\r\n\t\t\t\t\tunitspeed          : \"0\",\r\n\t\t\t\t\tcolor1             : [\"#3366cc\"],\r\n\t\t\t\t\tcolor2             : \"#3366cc\",\r\n\t\t\t\t\tcolor3             : \"#ff0000\",\r\n\t\t\t\t\tcolor4             : \"#ff77bd\",\r\n\t\t\t\t\tcolor5             : \"#beecff\",\r\n\t\t\t\t\tcolor6             : \"#beecff\",\r\n\t\t\t\t\tcolor7             : \"#ff77bd\",\r\n\t\t\t\t\tchartFrom1         : \"\",\r\n\t\t\t\t\tchartTo1           : \"\",\r\n\t\t\t\t\tchartFrom2         : \"\",\r\n\t\t\t\t\tchartTo2           : \"\",\r\n\t\t\t\t\tstartIcon          : \"\",\r\n\t\t\t\t\tendIcon            : \"\",\r\n\t\t\t\t\tcurrentIcon        : \"\",\r\n\t\t\t\t\twaypointIcon       : \"https:\/\/lavia.cc\/gpx\/wp-content\/uploads\/gpx\/cropped-icona.ico\",\r\n\t\t\t\t\tcurrentpositioncon : \"\",\r\n\t\t\t\t\tusegpsposition     : \"\",\r\n\t\t\t\t\tzoomOnScrollWheel  : \"\",\r\n\t\t\t\t\tngGalleries        : [],\r\n\t\t\t\t\tngImages           : [],\r\n\t\t\t\t\tpluginUrl          : \"https:\/\/lavia.cc\/gpx\/wp-content\/plugins\",\r\n\t\t\t\t\tTFApiKey           : \"\",\r\n\t\t\t\t\tMapBoxApiKey           : \"\",\r\n\t\t\t\t\tlangs              : {\r\n\t\t\t\t\t\taltitude        : \"Altitudine\",\r\n\t\t\t\t\t\tcurrentPosition : \"Current position\",\r\n\t\t\t\t\t\tspeed           : \"Velocit\u00e0\",\r\n\t\t\t\t\t\tgrade           : \"Grade\",\r\n\t\t\t\t\t\theartRate       : \"Battito Cardiaco\",\r\n\t\t\t\t\t\tatemp           : \"Temperature\",\r\n\t\t\t\t\t\tcadence         : \"Cadenza\",\r\n\t\t\t\t\t\tgoFullScreen    : \"Go full screen\",\r\n\t\t\t\t\t\texitFullFcreen  : \"Exit full screen\",\r\n\t\t\t\t\t\thideImages      : \"Hide images\",\r\n\t\t\t\t\t\tshowImages      : \"Show images\",\r\n\t\t\t\t\t\tbackToCenter\t: \"Ritorna al centro della mappa\"\r\n\t\t\t\t\t}\r\n\t\t\t\t});\r\n\r\n\t\t\t});\r\n\r\n\t\t<\/script>\n<p>\ud83d\udfe2 Visita\u00a0LAVIA.CC\u00a0per altre tracce gpx e condividi le tue avventure con la nostra\u00a0community!<\/p>\n","protected":false},"excerpt":{"rendered":"<p>Le pareti verticali e lisce, ricoperte da lecci e vegetazione mediterranea, si innalzano fino a raggiungere quasi i mille metri di altezza. I Tacchi, cos\u00ec chiamati per la loro forma appuntita che ricorda quella dei tacchi di scarpa, caratterizzano il paesaggio interno dell\u2019<strong>Ogliastra<\/strong>, in particolare nella zona di <strong>Ulassai<\/strong>. Questo territorio \u00e8 ricco di acque sotterranee, con sorgenti e ruscelli che emergono dai rilievi calcarei e, durante i periodi di piena, danno origine a spettacolari cascate. Le<strong> cascate di Lecorci<\/strong>, situate a circa mezzo chilometro dall&#8217;abitato di Ulassai, nascono ai piedi di un tacco, poco al di sotto della grotta di Su Marmuri, la pi\u00f9 grande dell\u2019isola. Il percorso delle acque prosegue verso valle, unendosi, dopo tre chilometri, al flusso delle <strong>cascate di Lequarci<\/strong>, le pi\u00f9 imponenti della Sardegna. Le acque del rio Lequarci, provenienti dagli altopiani di Baulassa e Martalaussai, scendono attraverso vari rivoli lungo una falesia calcarea ad anfiteatro, compiendo un salto di quasi cento metri e raggiungendo una larghezza massima di 70 metri. Dopo questo primo salto, il corso d\u2019acqua scorre con impeto per un ulteriore dislivello di 75 metri, per poi riversarsi in numerosi piccoli laghi. Le cascate si trovano a sette chilometri dal paese, nella localit\u00e0 di <strong>Santa Barbara<\/strong>, dove sorge una monumentale foresta. Nelle vicinanze \u00e8 anche possibile visitare una chiesetta dall\u2019architettura bizantino-romanica.\u00a0 Essendo cascate alimentate dalle piogge, risultano particolarmente spettacolari e ben visibili dopo abbondanti precipitazioni. Si consiglia di prestare attenzione: sono osservabili gi\u00e0 dalla strada statale, ma se non risultano visibili \u00e8 probabile che siano in secca, come spesso accade in alcuni periodi. Il parcheggio pi\u00f9 comodo si trova nei pressi della chiesa, punto di partenza di un sentiero breve e semplice, fatta eccezione per una ripida salita lungo una strada carrareccia. Successivamente, il percorso attraversa un bosco suggestivo che conduce al primo punto panoramico, da cui si pu\u00f2 apprezzare l&#8217;ampiezza delle cascate, che raggiunge fino a 70 metri. Proseguendo, il sentiero permette di attraversare il fiume Lequarci e di raggiungere il lato opposto della muraglia naturale, fino al secondo punto panoramico. In caso di presenza d\u2019acqua, \u00e8 preferibile seguire il percorso secondario indicato dal <strong>tracciato GPS<\/strong>, utilizzato anche dal secondo punto panoramico per ricollegarsi al bosco. Il sentiero, come riportato dal tracciato, presenta alcuni saliscendi, ma nulla di particolarmente impegnativo. Lungo il percorso, si possono incontrare numerose piante di corbezzoli, i cui frutti maturano da ottobre a dicembre. \u00c8 essenziale scaricare le traccia GPX e munirsi di un buon GPS, poich\u00e9 in Sardegna la segnaletica \u00e8 scarsa e spesso realizzata con omini di pietra, frequentemente danneggiati dal passaggio delle capre<\/p>\n<p>\ud83d\udfe2 Scarica la TRACCIA e Segui <a href=\"https:\/\/www.instagram.com\/lavia.cc\/\" target=\"_blank\" rel=\"noopener\">LAVIA<\/a>!<\/p>\n","protected":false},"featured_media":20656,"comment_status":"open","ping_status":"closed","template":"","meta":[],"product_brand":[],"product_cat":[31],"product_tag":[1611,599,1861],"class_list":{"0":"post-20655","1":"product","2":"type-product","3":"status-publish","4":"has-post-thumbnail","6":"product_cat-escursionismo","7":"product_tag-nuoro","8":"product_tag-sardegna","9":"product_tag-ulissai","11":"first","12":"instock","13":"downloadable","14":"virtual","15":"product-type-simple"},"_links":{"self":[{"href":"https:\/\/lavia.cc\/gpx\/wp-json\/wp\/v2\/product\/20655","targetHints":{"allow":["GET"]}}],"collection":[{"href":"https:\/\/lavia.cc\/gpx\/wp-json\/wp\/v2\/product"}],"about":[{"href":"https:\/\/lavia.cc\/gpx\/wp-json\/wp\/v2\/types\/product"}],"replies":[{"embeddable":true,"href":"https:\/\/lavia.cc\/gpx\/wp-json\/wp\/v2\/comments?post=20655"}],"version-history":[{"count":4,"href":"https:\/\/lavia.cc\/gpx\/wp-json\/wp\/v2\/product\/20655\/revisions"}],"predecessor-version":[{"id":20663,"href":"https:\/\/lavia.cc\/gpx\/wp-json\/wp\/v2\/product\/20655\/revisions\/20663"}],"wp:featuredmedia":[{"embeddable":true,"href":"https:\/\/lavia.cc\/gpx\/wp-json\/wp\/v2\/media\/20656"}],"wp:attachment":[{"href":"https:\/\/lavia.cc\/gpx\/wp-json\/wp\/v2\/media?parent=20655"}],"wp:term":[{"taxonomy":"product_brand","embeddable":true,"href":"https:\/\/lavia.cc\/gpx\/wp-json\/wp\/v2\/product_brand?post=20655"},{"taxonomy":"product_cat","embeddable":true,"href":"https:\/\/lavia.cc\/gpx\/wp-json\/wp\/v2\/product_cat?post=20655"},{"taxonomy":"product_tag","embeddable":true,"href":"https:\/\/lavia.cc\/gpx\/wp-json\/wp\/v2\/product_tag?post=20655"}],"curies":[{"name":"wp","href":"https:\/\/api.w.org\/{rel}","templated":true}]}}