{"id":2088,"date":"2022-09-12T14:59:21","date_gmt":"2022-09-12T12:59:21","guid":{"rendered":"https:\/\/lavia.cc\/gpx\/?post_type=product&#038;p=2088"},"modified":"2024-09-24T20:22:03","modified_gmt":"2024-09-24T18:22:03","slug":"rifugio-altissimo-damiano-chiesa","status":"publish","type":"product","link":"https:\/\/lavia.cc\/gpx\/tracce\/rifugio-altissimo-damiano-chiesa\/","title":{"rendered":"Rifugio Altissimo Damiano Chiesa da Rifugio Graziani"},"content":{"rendered":"<h4>Rifugio Altissimo Damiano Chiesa da Rifugio Graziani<\/h4>\n<p>\u27a1\ufe0f Link Utili: <a href=\"https:\/\/rifugioaltissimoda.wixsite.com\/homepage\" target=\"_blank\" rel=\"noopener\">https:\/\/rifugioaltissimoda.wixsite.com\/homepage<\/a><\/p>\n<p>\ud83d\uddfa\ufe0f Mappa e altimetria dell&#8217;<strong><a href=\"https:\/\/lavia.cc\/gpx\/categoria-tracce\/escursionismo\/\">escursione<\/a><\/strong>:<\/p>\n\r\n\t\t<div id=\"wpgpxmaps_2088_2005170\" class=\"wpgpxmaps\">\r\n\t\t\t<div id=\"map_2088_2005170_cont\" style=\"width:100%; height:450px;position:relative\" >\r\n\t\t\t\t<div id=\"map_2088_2005170\" style=\"width:100%; height:450px\"><\/div>\r\n\t\t\t\t<div id=\"wpgpxmaps_2088_2005170_osm_footer\" class=\"wpgpxmaps_osm_footer\" style=\"display:none;\"><span> &copy; <a href=\"http:\/\/www.openstreetmap.org\/copyright\" target=\"_blank\" rel=\"noopener\">OpenStreetMap<\/a> contributors<\/span><\/div>\r\n\t\t\t<\/div>\r\n\t\t\t<canvas id=\"myChart_2088_2005170\" class=\"plot\" style=\"width:100%; height:200px\"><\/canvas>\r\n\t\t\t<div id=\"ngimages_2088_2005170\" class=\"ngimages\" style=\"display:none\"><\/div>\r\n\t\t\t<div id=\"report_2088_2005170\" class=\"report\"><\/div>\r\n\t\t<\/div>\r\n\t\t\r\n\t\t<script type=\"text\/javascript\">\r\n\r\n\t\t\tjQuery(document).ready(function() {\r\n\r\n\t\t\t\tjQuery( \"#wpgpxmaps_2088_2005170\" ).wpgpxmaps( {\r\n\t\t\t\t\ttargetId           : \"2088_2005170\",\r\n\t\t\t\t\tmapType            : \"HYBRID\",\r\n\t\t\t\t\tmapData            : [[45.7987980,10.8935470],[45.7989970,10.8929180],[45.7991190,10.8927220],[45.7992170,10.8926360],[45.7994330,10.8924470],[45.7992680,10.8929070],[45.7992490,10.8931200],[45.7993630,10.8937340],[45.7995210,10.8943080],[45.7997490,10.8947000],[45.8000760,10.8947100],[45.8002830,10.8947330],[45.8001850,10.8942030],[45.8005670,10.8944560],[45.8007530,10.8945070],[45.8010350,10.8947990],[45.8027760,10.8962090],[45.8029520,10.8962610],[45.8030390,10.8962010],[45.8028890,10.8960000],[45.8022220,10.8942080],[45.8020570,10.8935820],[45.8019380,10.8922700],[45.8020900,10.8926190],[45.8022540,10.8929540],[45.8027510,10.8936890],[45.8032350,10.8941980],[45.8034040,10.8943000],[45.8032010,10.8938980],[45.8027770,10.8926100],[45.8027010,10.8921690],[45.8026980,10.8917430],[45.8027120,10.8916160],[45.8029590,10.8910510],[45.8031270,10.8909190],[45.8040860,10.8901680],[45.8036430,10.8908800],[45.8034530,10.8910770],[45.8033470,10.8911890],[45.8032640,10.8914230],[45.8033030,10.8918580],[45.8034030,10.8921030],[45.8038650,10.8924910],[45.8038910,10.8923440],[45.8037230,10.8920760],[45.8036730,10.8918710],[45.8037070,10.8915040],[45.8038270,10.8919450],[45.8039240,10.8920430],[45.8038660,10.8917570],[45.8039440,10.8914810],[45.8046410,10.8911150],[45.8048940,10.8908090],[45.8048090,10.8912480],[45.8049000,10.8912530],[45.8051200,10.8908970],[45.8056360,10.8906410],[45.8058840,10.8903430],[45.8059150,10.8900490],[45.8057880,10.8891420],[45.8057910,10.8888940],[45.8058470,10.8887930],[45.8058970,10.8890080],[45.8059640,10.8892410],[45.8061550,10.8895150],[45.8062760,10.8898080],[45.8064040,10.8900650],[45.8066970,10.8903570],[45.8074100,10.8904650],[45.8076420,10.8906400],[45.8077500,10.8907340],[45.8074320,10.8901460],[45.8070850,10.8899220],[45.8069560,10.8897120],[45.8067890,10.8889900],[45.8068390,10.8886560],[45.8068110,10.8884870],[45.8065530,10.8879150],[45.8064850,10.8876150],[45.8064870,10.8873690],[45.8071740,10.8866950],[45.8075050,10.8862300],[45.8075860,10.8861610],[45.8075140,10.8863950],[45.8072800,10.8871920],[45.8071700,10.8879760],[45.8072080,10.8882360],[45.8074290,10.8885590],[45.8076340,10.8889760],[45.8088880,10.8898050],[45.8095410,10.8903890],[45.8102470,10.8906770],[45.8103560,10.8906760],[45.8105180,10.8906850],[45.8106370,10.8906440],[45.8105660,10.8903340],[45.8103820,10.8900630],[45.8102980,10.8894480],[45.8101740,10.8890100],[45.8101650,10.8887580],[45.8103430,10.8881220],[45.8104090,10.8878850],[45.8103750,10.8877020],[45.8103620,10.8875450],[45.8103670,10.8873970],[45.8104080,10.8872970],[45.8104270,10.8871770],[45.8104070,10.8870870],[45.8103330,10.8869630],[45.8104200,10.8869070],[45.8104720,10.8869680],[45.8104500,10.8870170],[45.8104350,10.8870470],[45.8104570,10.8869720],[45.8103750,10.8869530],[45.8104270,10.8868980],[45.8103820,10.8868880],[45.8103870,10.8869130],[45.8104180,10.8870100],[45.8104350,10.8871450],[45.8103930,10.8872470],[45.8103880,10.8872730],[45.8103980,10.8873400],[45.8103920,10.8874800],[45.8103570,10.8875900],[45.8103320,10.8877220],[45.8103450,10.8879170],[45.8103620,10.8880580],[45.8103430,10.8881220],[45.8101650,10.8887580],[45.8101740,10.8890100],[45.8102980,10.8894480],[45.8103820,10.8900630],[45.8105660,10.8903340],[45.8106540,10.8905230],[45.8105780,10.8906930],[45.8106690,10.8907730],[45.8108420,10.8909500],[45.8110670,10.8911460],[45.8112240,10.8912030],[45.8112470,10.8911820],[45.8113020,10.8912780],[45.8114230,10.8913130],[45.8115250,10.8913970],[45.8116400,10.8914220],[45.8117330,10.8914370],[45.8118400,10.8913500],[45.8118980,10.8912130],[45.8119480,10.8911070],[45.8119330,10.8909680],[45.8118420,10.8909500],[45.8117800,10.8908000],[45.8117880,10.8906450],[45.8117670,10.8904800],[45.8117430,10.8903200],[45.8117030,10.8901780],[45.8117580,10.8900700],[45.8117600,10.8899220],[45.8116520,10.8898380],[45.8115730,10.8897620],[45.8115450,10.8895870],[45.8114420,10.8894800],[45.8114770,10.8894050],[45.8115700,10.8893020],[45.8116570,10.8892500],[45.8117370,10.8892520],[45.8118590,10.8892230],[45.8121910,10.8890230],[45.8123120,10.8890430],[45.8124800,10.8888760],[45.8126290,10.8888840],[45.8127190,10.8889550],[45.8131820,10.8893440],[45.8131860,10.8889710],[45.8133800,10.8891770],[45.8135940,10.8892970],[45.8139580,10.8898860],[45.8148050,10.8906430],[45.8148210,10.8904440],[45.8147830,10.8903250],[45.8151910,10.8905300],[45.8152680,10.8906480],[45.8157580,10.8907740],[45.8158660,10.8908530],[45.8164160,10.8908640],[45.8167070,10.8911900],[45.8174400,10.8912110],[45.8181540,10.8914140],[45.8185280,10.8913910],[45.8190540,10.8914680],[45.8193020,10.8916310],[45.8204020,10.8914530],[45.8207990,10.8915840],[45.8211890,10.8915910],[45.8217450,10.8918300],[45.8218420,10.8919000],[45.8219150,10.8920710],[45.8219230,10.8924290],[45.8218500,10.8925900],[45.8218260,10.8928420],[45.8227200,10.8925760],[45.8226010,10.8929580],[45.8230820,10.8930430],[45.8235060,10.8933220],[45.8236730,10.8934110],[45.8240560,10.8933510],[45.8242270,10.8933970],[45.8244530,10.8934580],[45.8245780,10.8933450],[45.8245910,10.8936910],[45.8245740,10.8944440],[45.8245990,10.8948840],[45.8246740,10.8951150],[45.8251580,10.8959590],[45.8254200,10.8962020],[45.8255480,10.8964190],[45.8257520,10.8970450],[45.8259630,10.8972870],[45.8261190,10.8976260],[45.8261370,10.8977640],[45.8260420,10.8982350],[45.8259610,10.8990260],[45.8254020,10.9007330],[45.8252790,10.9015220],[45.8252520,10.9022580],[45.8252900,10.9028010],[45.8255420,10.9035870],[45.8257530,10.9042270],[45.8258110,10.9045570],[45.8258360,10.9046960],[45.8260240,10.9052850],[45.8260270,10.9055690],[45.8261910,10.9059000],[45.8265600,10.9063410],[45.8265840,10.9064700],[45.8268260,10.9063880],[45.8270600,10.9063860],[45.8270850,10.9065190],[45.8272160,10.9067270],[45.8278170,10.9084740],[45.8280260,10.9093590],[45.8288310,10.9107470],[45.8289340,10.9110950],[45.8288780,10.9114230],[45.8283810,10.9117820],[45.8282190,10.9123850],[45.8282020,10.9126890],[45.8282200,10.9129820],[45.8284650,10.9138090],[45.8284360,10.9150090],[45.8284650,10.9154500],[45.8285670,10.9158260],[45.8289380,10.9163570],[45.8291380,10.9169440],[45.8291620,10.9172040],[45.8290020,10.9170770],[45.8287530,10.9166450],[45.8278190,10.9156550],[45.8275660,10.9154000],[45.8269680,10.9147980],[45.8265970,10.9145360],[45.8261700,10.9140770],[45.8249400,10.9137600],[45.8246650,10.9140230],[45.8243940,10.9139610],[45.8239950,10.9139670],[45.8235770,10.9142220],[45.8232690,10.9147920],[45.8227500,10.9161390],[45.8226350,10.9179240],[45.8227060,10.9183700],[45.8226180,10.9188410],[45.8224260,10.9191450],[45.8222170,10.9189260],[45.8217650,10.9188060],[45.8216880,10.9186430],[45.8215920,10.9185930],[45.8214240,10.9181460],[45.8213160,10.9179990],[45.8211170,10.9179050],[45.8210660,10.9174850],[45.8210110,10.9172730],[45.8208490,10.9169530],[45.8206200,10.9167120],[45.8205550,10.9164200],[45.8202150,10.9159330],[45.8201120,10.9152980],[45.8198520,10.9149790],[45.8197120,10.9143930],[45.8195970,10.9141600],[45.8194650,10.9139770],[45.8193100,10.9138900],[45.8192350,10.9134800],[45.8191280,10.9132410],[45.8187830,10.9131830],[45.8185560,10.9133320],[45.8179780,10.9130270],[45.8177850,10.9128130],[45.8176080,10.9124980],[45.8174570,10.9124920],[45.8174080,10.9126010],[45.8170900,10.9125460],[45.8168970,10.9126730],[45.8167880,10.9128970],[45.8165350,10.9131130],[45.8162860,10.9135660],[45.8157150,10.9135950],[45.8154560,10.9138170],[45.8153770,10.9139700],[45.8146420,10.9137970],[45.8142300,10.9133850],[45.8140070,10.9130690],[45.8138390,10.9129920],[45.8139190,10.9128840],[45.8140560,10.9128220],[45.8139070,10.9126440],[45.8136230,10.9119040],[45.8133800,10.9114690],[45.8131260,10.9113860],[45.8128800,10.9107420],[45.8126560,10.9104120],[45.8125600,10.9103510],[45.8121300,10.9102930],[45.8114780,10.9099720],[45.8111730,10.9098830],[45.8109240,10.9101660],[45.8107490,10.9100300],[45.8106560,10.9099580],[45.8106320,10.9099780],[45.8105330,10.9101680],[45.8104800,10.9102900],[45.8103800,10.9105020],[45.8103100,10.9107080],[45.8102470,10.9109520],[45.8102230,10.9111930],[45.8101770,10.9113270],[45.8102000,10.9114900],[45.8102420,10.9116880],[45.8102550,10.9118250],[45.8102680,10.9120300],[45.8102880,10.9122180],[45.8103420,10.9124430],[45.8103930,10.9126700],[45.8103630,10.9128830],[45.8103250,10.9130580],[45.8103620,10.9132820],[45.8104050,10.9134530],[45.8104430,10.9135830],[45.8105620,10.9136600],[45.8105950,10.9138450],[45.8106180,10.9139930],[45.8106970,10.9140800],[45.8107150,10.9141980],[45.8107000,10.9140800],[45.8107030,10.9138970],[45.8106400,10.9138020],[45.8105750,10.9137020],[45.8104470,10.9135870],[45.8103480,10.9133370],[45.8102780,10.9130920],[45.8102930,10.9128620],[45.8103130,10.9126120],[45.8102700,10.9123830],[45.8102350,10.9122420],[45.8102220,10.9119550],[45.8102030,10.9117430],[45.8101630,10.9114820],[45.8101230,10.9112230],[45.8100550,10.9110170],[45.8100500,10.9108830],[45.8100670,10.9107500],[45.8101000,10.9106130],[45.8101400,10.9103570],[45.8101650,10.9101120],[45.8102100,10.9099380],[45.8102270,10.9099500],[45.8102450,10.9098770],[45.8102280,10.9097170],[45.8101680,10.9096130],[45.8100930,10.9094550],[45.8098010,10.9089440],[45.8096590,10.9083850],[45.8091910,10.9082650],[45.8089490,10.9078220],[45.8085380,10.9074730],[45.8084860,10.9073460],[45.8084750,10.9064890],[45.8085330,10.9061970],[45.8086180,10.9059470],[45.8090930,10.9050660],[45.8091310,10.9046940],[45.8090940,10.9044590],[45.8088600,10.9039230],[45.8088480,10.9031430],[45.8089380,10.9026330],[45.8089210,10.9023740],[45.8086920,10.9018470],[45.8084420,10.9017430],[45.8079960,10.9010100],[45.8073500,10.9001140],[45.8070920,10.8998600],[45.8069920,10.8994760],[45.8066800,10.8989330],[45.8063900,10.8975750],[45.8060790,10.8972710],[45.8058530,10.8967400],[45.8055880,10.8965540],[45.8051500,10.8966370],[45.8048040,10.8965710],[45.8044480,10.8969980],[45.8041320,10.8972540],[45.8036950,10.8973460],[45.8033730,10.8976750],[45.8031880,10.8979810],[45.8030600,10.8980540],[45.8026180,10.8980340],[45.8024400,10.8981110],[45.8017740,10.8970810],[45.8009470,10.8959370],[45.8004280,10.8953640],[45.8001410,10.8952620],[45.7997900,10.8951270],[45.7996600,10.8949390],[45.7995210,10.8943080],[45.7993630,10.8937340],[45.7990320,10.8938640],[45.7989570,10.8940280],[45.7989720,10.8941590],[45.7988670,10.8941480],[45.7988160,10.8940140]],\r\n\t\t\t\t\tgraphDist          : [0.00,0.05,0.07,0.09,0.11,0.16,0.18,0.23,0.28,0.32,0.35,0.38,0.42,0.47,0.49,0.53,0.75,0.77,0.78,0.81,0.97,1.02,1.12,1.16,1.19,1.27,1.33,1.36,1.40,1.51,1.55,1.58,1.59,1.64,1.66,1.79,1.86,1.89,1.90,1.92,1.96,1.98,2.04,2.06,2.08,2.10,2.13,2.17,2.18,2.20,2.23,2.31,2.35,2.39,2.40,2.43,2.50,2.53,2.56,2.63,2.65,2.66,2.68,2.70,2.73,2.76,2.78,2.82,2.90,2.93,2.94,3.00,3.05,3.07,3.13,3.15,3.17,3.22,3.25,3.26,3.36,3.41,3.42,3.45,3.51,3.58,3.60,3.63,3.67,3.83,3.91,3.99,4.01,4.02,4.04,4.07,4.10,4.14,4.18,4.20,4.25,4.27,4.29,4.30,4.31,4.32,4.33,4.34,4.36,4.37,4.38,4.39,4.40,4.41,4.42,4.43,4.44,4.46,4.47,4.48,4.49,4.50,4.52,4.53,4.54,4.55,4.56,4.57,4.58,4.64,4.66,4.69,4.74,4.77,4.79,4.81,4.82,4.84,4.87,4.89,4.90,4.91,4.93,4.94,4.95,4.96,4.98,4.99,5.00,5.01,5.02,5.04,5.05,5.06,5.08,5.09,5.10,5.11,5.13,5.14,5.15,5.17,5.18,5.19,5.20,5.21,5.23,5.27,5.28,5.30,5.32,5.33,5.39,5.42,5.45,5.48,5.54,5.66,5.67,5.68,5.74,5.75,5.81,5.82,5.88,5.93,6.01,6.09,6.13,6.19,6.22,6.34,6.39,6.43,6.50,6.51,6.53,6.55,6.57,6.59,6.69,6.73,6.79,6.84,6.86,6.91,6.93,6.95,6.97,7.00,7.06,7.09,7.11,7.20,7.23,7.25,7.31,7.34,7.37,7.38,7.42,7.48,7.63,7.69,7.75,7.79,7.86,7.92,7.94,7.96,8.01,8.03,8.06,8.11,8.13,8.15,8.18,8.19,8.21,8.37,8.44,8.58,8.61,8.64,8.70,8.75,8.77,8.80,8.87,8.96,8.99,9.02,9.08,9.13,9.15,9.17,9.22,9.35,9.38,9.46,9.51,9.57,9.71,9.74,9.77,9.82,9.87,9.92,10.04,10.18,10.22,10.26,10.29,10.32,10.37,10.38,10.40,10.43,10.45,10.47,10.51,10.53,10.56,10.59,10.61,10.67,10.72,10.76,10.81,10.83,10.85,10.87,10.90,10.92,10.96,10.99,11.06,11.09,11.12,11.13,11.14,11.18,11.20,11.22,11.26,11.30,11.37,11.40,11.41,11.50,11.55,11.59,11.61,11.62,11.64,11.66,11.72,11.77,11.80,11.85,11.89,11.90,11.95,12.03,12.06,12.10,12.12,12.13,12.15,12.17,12.18,12.20,12.21,12.23,12.25,12.27,12.28,12.29,12.30,12.32,12.34,12.35,12.37,12.39,12.40,12.42,12.44,12.45,12.46,12.48,12.49,12.50,12.51,12.52,12.54,12.55,12.56,12.58,12.60,12.62,12.64,12.66,12.68,12.69,12.71,12.73,12.75,12.77,12.79,12.80,12.81,12.82,12.84,12.86,12.87,12.88,12.89,12.91,12.92,12.93,12.99,13.04,13.09,13.13,13.19,13.20,13.26,13.29,13.31,13.40,13.42,13.44,13.49,13.55,13.59,13.61,13.66,13.69,13.77,13.87,13.90,13.93,13.99,14.10,14.14,14.19,14.22,14.27,14.31,14.36,14.40,14.45,14.49,14.53,14.54,14.59,14.61,14.72,14.85,14.92,14.95,14.99,15.01,15.07,15.11,15.15,15.17,15.18,15.19,15.20],\r\n\t\t\t\t\tgraphEle           : [1623.12,1623.12,1623.12,1623.12,1623.77,1625.96,1626.68,1628.83,1630.92,1633.79,1637.68,1640.15,1644.88,1649.88,1652.13,1657.00,1686.07,1688.53,1689.85,1692.67,1711.01,1716.51,1727.10,1730.16,1732.97,1740.02,1747.35,1750.16,1756.14,1771.37,1776.03,1780.41,1781.73,1788.58,1791.40,1803.82,1810.29,1812.47,1813.70,1815.50,1818.59,1820.59,1826.01,1827.43,1829.97,1831.50,1834.31,1838.06,1839.41,1841.77,1844.12,1852.55,1857.11,1862.28,1863.55,1868.19,1875.82,1880.15,1882.80,1891.04,1893.26,1894.41,1896.94,1899.18,1902.97,1906.64,1910.04,1915.55,1926.63,1929.93,1931.14,1936.08,1939.60,1941.41,1946.48,1949.11,1950.44,1955.68,1958.10,1959.99,1969.39,1974.78,1975.87,1978.61,1985.62,1989.98,1991.35,1993.69,1996.33,2012.24,2022.57,2033.50,2035.15,2037.60,2039.53,2043.22,2047.20,2051.71,2053.18,2053.96,2056.08,2056.87,2057.51,2058.00,2058.46,2058.83,2058.88,2058.93,2058.99,2059.04,2059.09,2059.14,2059.19,2059.23,2059.28,2059.33,2059.37,2059.43,2059.48,2059.53,2059.58,2059.63,2059.69,2059.64,2059.33,2059.02,2058.60,2058.28,2057.99,2056.51,2055.96,2054.93,2053.41,2052.34,2051.69,2051.07,2050.64,2049.77,2048.71,2048.05,2047.63,2047.18,2046.82,2046.80,2046.78,2046.77,2046.74,2046.73,2046.71,2046.70,2046.68,2046.66,2046.64,2046.62,2046.60,2046.59,2046.57,2046.55,2046.05,2044.88,2043.39,2041.79,2040.67,2039.28,2038.14,2036.98,2035.52,2031.25,2029.80,2027.38,2025.61,2023.42,2009.48,2002.72,1996.36,1990.40,1975.64,1944.12,1939.71,1936.83,1921.93,1918.61,1903.99,1900.43,1884.27,1873.43,1861.68,1852.63,1847.98,1846.07,1845.78,1844.60,1840.46,1836.40,1830.37,1829.25,1827.79,1824.56,1821.91,1818.40,1800.33,1794.14,1782.02,1771.13,1766.97,1757.98,1753.92,1748.55,1745.97,1741.84,1732.64,1727.38,1724.35,1713.23,1709.52,1707.17,1701.45,1698.24,1694.49,1693.00,1687.78,1679.27,1658.03,1648.37,1639.56,1631.71,1618.53,1607.75,1602.57,1600.38,1591.54,1587.76,1582.36,1573.19,1571.41,1566.67,1562.39,1560.73,1557.36,1533.91,1521.96,1499.38,1496.84,1494.58,1489.21,1484.81,1482.77,1482.79,1483.05,1483.39,1484.10,1485.16,1487.14,1488.86,1489.54,1490.23,1493.56,1503.47,1505.98,1510.73,1513.42,1516.89,1522.03,1523.34,1524.44,1527.85,1531.77,1536.09,1541.06,1542.62,1540.39,1538.01,1536.01,1534.19,1530.98,1531.05,1531.68,1533.86,1534.78,1536.07,1537.99,1538.96,1540.66,1543.84,1547.78,1556.31,1564.38,1570.46,1577.55,1580.64,1583.49,1586.07,1590.66,1593.73,1599.12,1601.95,1604.71,1605.81,1607.07,1607.75,1608.16,1609.59,1608.03,1606.63,1604.46,1601.50,1597.30,1595.97,1595.67,1594.00,1592.87,1593.11,1595.09,1596.33,1597.95,1600.14,1606.77,1611.15,1614.14,1620.13,1623.88,1625.11,1630.16,1635.95,1637.78,1639.91,1641.08,1641.71,1642.36,1643.33,1643.92,1644.12,1643.97,1643.81,1643.65,1643.55,1643.45,1643.31,1643.22,1643.09,1642.97,1642.82,1642.66,1642.52,1642.41,1642.27,1642.15,1642.07,1641.95,1641.82,1641.73,1641.63,1641.55,1641.47,1641.34,1641.26,1641.17,1641.04,1640.90,1640.78,1640.67,1640.56,1640.45,1640.38,1640.25,1640.15,1640.03,1639.91,1639.24,1638.01,1636.77,1635.44,1633.03,1630.76,1629.02,1627.80,1626.58,1625.06,1623.82,1622.06,1615.50,1609.32,1602.24,1596.41,1589.38,1589.02,1586.90,1586.16,1585.47,1583.39,1584.41,1585.06,1586.76,1588.86,1590.57,1591.97,1595.32,1597.34,1602.59,1609.92,1612.50,1614.86,1618.91,1626.92,1629.96,1633.38,1634.27,1635.61,1636.67,1638.08,1638.23,1636.38,1634.73,1633.55,1632.98,1631.25,1631.13,1630.49,1630.06,1630.01,1629.99,1629.97,1629.97,1629.97,1629.97,1629.97,1629.97,1629.97,1629.97,1629.97],\r\n\t\t\t\t\tgraphSpeed         : [],\r\n\t\t\t\t\tgraphHr            : [],\r\n\t\t\t\t\tgraphAtemp         : [],\r\n\t\t\t\t\tgraphCad           : [],\r\n\t\t\t\t\tgraphGrade         : [],\r\n\t\t\t\t\twaypoints          : [],\r\n\t\t\t\t\tunit               : \"2\",\r\n\t\t\t\t\tunitspeed          : \"0\",\r\n\t\t\t\t\tcolor1             : [\"#3366cc\"],\r\n\t\t\t\t\tcolor2             : \"#3366cc\",\r\n\t\t\t\t\tcolor3             : \"#ff0000\",\r\n\t\t\t\t\tcolor4             : \"#ff77bd\",\r\n\t\t\t\t\tcolor5             : \"#beecff\",\r\n\t\t\t\t\tcolor6             : \"#beecff\",\r\n\t\t\t\t\tcolor7             : \"#ff77bd\",\r\n\t\t\t\t\tchartFrom1         : \"\",\r\n\t\t\t\t\tchartTo1           : \"\",\r\n\t\t\t\t\tchartFrom2         : \"\",\r\n\t\t\t\t\tchartTo2           : \"\",\r\n\t\t\t\t\tstartIcon          : \"\",\r\n\t\t\t\t\tendIcon            : \"\",\r\n\t\t\t\t\tcurrentIcon        : \"\",\r\n\t\t\t\t\twaypointIcon       : \"https:\/\/lavia.cc\/gpx\/wp-content\/uploads\/gpx\/cropped-icona.ico\",\r\n\t\t\t\t\tcurrentpositioncon : \"\",\r\n\t\t\t\t\tusegpsposition     : \"\",\r\n\t\t\t\t\tzoomOnScrollWheel  : \"\",\r\n\t\t\t\t\tngGalleries        : [],\r\n\t\t\t\t\tngImages           : [],\r\n\t\t\t\t\tpluginUrl          : \"https:\/\/lavia.cc\/gpx\/wp-content\/plugins\",\r\n\t\t\t\t\tTFApiKey           : \"\",\r\n\t\t\t\t\tMapBoxApiKey           : \"\",\r\n\t\t\t\t\tlangs              : {\r\n\t\t\t\t\t\taltitude        : \"Altitudine\",\r\n\t\t\t\t\t\tcurrentPosition : \"Current position\",\r\n\t\t\t\t\t\tspeed           : \"Velocit\u00e0\",\r\n\t\t\t\t\t\tgrade           : \"Grade\",\r\n\t\t\t\t\t\theartRate       : \"Battito Cardiaco\",\r\n\t\t\t\t\t\tatemp           : \"Temperature\",\r\n\t\t\t\t\t\tcadence         : \"Cadenza\",\r\n\t\t\t\t\t\tgoFullScreen    : \"Go full screen\",\r\n\t\t\t\t\t\texitFullFcreen  : \"Exit full screen\",\r\n\t\t\t\t\t\thideImages      : \"Hide images\",\r\n\t\t\t\t\t\tshowImages      : \"Show images\",\r\n\t\t\t\t\t\tbackToCenter\t: \"Ritorna al centro della mappa\"\r\n\t\t\t\t\t}\r\n\t\t\t\t});\r\n\r\n\t\t\t});\r\n\r\n\t\t<\/script>\n<p>\ud83d\udfe2 Visita\u00a0<a href=\"https:\/\/lavia.cc\/gpx\/\">LAVIA.CC<\/a>\u00a0per altre tracce gpx e condividi le tue avventure con la nostra\u00a0<a href=\"https:\/\/www.instagram.com\/lavia.cc\/\" target=\"_blank\" rel=\"noopener\">community<\/a>! \ud83d\udeb4\u200d\u2642\ufe0f\ud83c\udf32\ud83c\udfde\ufe0f<\/p>\n<p>&nbsp;<\/p>\n<p>&nbsp;<\/p>\n<p>&nbsp;<\/p>\n","protected":false},"excerpt":{"rendered":"<p>La cima pi\u00f9 alta del Monte Baldo Trentino, con una vista straordinaria sul Lago di Garda, l\u2019Adamello e le Dolomiti del Brenta. L\u2019escursione, molto suggestiva, che porta alla cima del Monte Altissimo (2.078 m) si snoda su strada militare sterrata. Meravigliosi scorci panoramici sull\u2019Altopiano di Brentonico prima, sul Lago di Garda nell\u2019ultima parte. Si cammina immersi nell\u2019ambiente alpino di alta quota, circondati dalle fioriture che hanno reso il Monte Baldo noto ai botanici di tutta Europa. Giunti alla cima del Monte Altissimo, si rimane stupefatti dal panorama che domina l\u2019intero Lago di Garda da 2.000 metri di quota. In vetta \u00e8 possibile visitare i resti della Prima Guerra Mondiale percorrendo trincee, postazioni di obici, camminamenti e rifugi militari. L\u2019ospitale Rifugio Altissimo Damiano Chiesa sapr\u00e0 ripagare la fatica della salita. L\u2019 itinerario non presenta particolari difficolt\u00e0, perci\u00f2 \u00e8 adatto a tutti gli escursionisti.<\/p>\n<p>\ud83d\udfe2 Segui\u00a0<strong>LAVIA,<\/strong>\u00a0arriva alla\u00a0<strong>META<\/strong>!<\/p>\n","protected":false},"featured_media":2091,"comment_status":"open","ping_status":"closed","template":"","meta":[],"product_brand":[],"product_cat":[31],"product_tag":[238,37,263],"class_list":{"0":"post-2088","1":"product","2":"type-product","3":"status-publish","4":"has-post-thumbnail","6":"product_cat-escursionismo","7":"product_tag-lago-di-garda","8":"product_tag-r-trentinoaltoadige","9":"product_tag-trento","11":"first","12":"instock","13":"downloadable","14":"virtual","15":"product-type-simple"},"_links":{"self":[{"href":"https:\/\/lavia.cc\/gpx\/wp-json\/wp\/v2\/product\/2088","targetHints":{"allow":["GET"]}}],"collection":[{"href":"https:\/\/lavia.cc\/gpx\/wp-json\/wp\/v2\/product"}],"about":[{"href":"https:\/\/lavia.cc\/gpx\/wp-json\/wp\/v2\/types\/product"}],"replies":[{"embeddable":true,"href":"https:\/\/lavia.cc\/gpx\/wp-json\/wp\/v2\/comments?post=2088"}],"version-history":[{"count":19,"href":"https:\/\/lavia.cc\/gpx\/wp-json\/wp\/v2\/product\/2088\/revisions"}],"predecessor-version":[{"id":16853,"href":"https:\/\/lavia.cc\/gpx\/wp-json\/wp\/v2\/product\/2088\/revisions\/16853"}],"wp:featuredmedia":[{"embeddable":true,"href":"https:\/\/lavia.cc\/gpx\/wp-json\/wp\/v2\/media\/2091"}],"wp:attachment":[{"href":"https:\/\/lavia.cc\/gpx\/wp-json\/wp\/v2\/media?parent=2088"}],"wp:term":[{"taxonomy":"product_brand","embeddable":true,"href":"https:\/\/lavia.cc\/gpx\/wp-json\/wp\/v2\/product_brand?post=2088"},{"taxonomy":"product_cat","embeddable":true,"href":"https:\/\/lavia.cc\/gpx\/wp-json\/wp\/v2\/product_cat?post=2088"},{"taxonomy":"product_tag","embeddable":true,"href":"https:\/\/lavia.cc\/gpx\/wp-json\/wp\/v2\/product_tag?post=2088"}],"curies":[{"name":"wp","href":"https:\/\/api.w.org\/{rel}","templated":true}]}}