{"id":21923,"date":"2025-04-28T13:12:29","date_gmt":"2025-04-28T11:12:29","guid":{"rendered":"https:\/\/lavia.cc\/gpx\/?post_type=product&#038;p=21923"},"modified":"2025-05-27T20:35:18","modified_gmt":"2025-05-27T18:35:18","slug":"colline-strade-e-ville-impruneta-escursione","status":"publish","type":"product","link":"https:\/\/lavia.cc\/gpx\/tracce\/colline-strade-e-ville-impruneta-escursione\/","title":{"rendered":"Colline, strade e ville dell&#8217;Impruneta"},"content":{"rendered":"<h5>Colline, strade e ville dell&#8217;Impruneta<\/h5>\n<p>\u27a1\ufe0f Clicca qui per raggiungere il punto di partenza: <a href=\"https:\/\/www.google.com\/maps\/place\/43%C2%B041&#039;40.7%22N+11%C2%B015&#039;21.1%22E\/@43.694643,11.2547794,18z\/data=!3m1!4b1!4m4!3m3!8m2!3d43.694643!4d11.255862?authuser=0&amp;entry=ttu&amp;g_ep=EgoyMDI1MDQyMy4wIKXMDSoJLDEwMjExNDU1SAFQAw%3D%3D\" target=\"_blank\" rel=\"noopener\">GOOGLE MAPS<\/a> (Via Giovanni Falcone, Impruneta, FI).<\/p>\n<p>\ud83d\uddfa\ufe0f Mappa e altimetria dell&#8217;escursione ad anello sulle colline dell&#8217;<strong>Impruneta<\/strong>:<\/p>\n\r\n\t\t<div id=\"wpgpxmaps_21923_797337\" class=\"wpgpxmaps\">\r\n\t\t\t<div id=\"map_21923_797337_cont\" style=\"width:100%; height:450px;position:relative\" >\r\n\t\t\t\t<div id=\"map_21923_797337\" style=\"width:100%; height:450px\"><\/div>\r\n\t\t\t\t<div id=\"wpgpxmaps_21923_797337_osm_footer\" class=\"wpgpxmaps_osm_footer\" style=\"display:none;\"><span> &copy; <a href=\"http:\/\/www.openstreetmap.org\/copyright\" target=\"_blank\" rel=\"noopener\">OpenStreetMap<\/a> contributors<\/span><\/div>\r\n\t\t\t<\/div>\r\n\t\t\t<canvas id=\"myChart_21923_797337\" class=\"plot\" style=\"width:100%; height:200px\"><\/canvas>\r\n\t\t\t<div id=\"ngimages_21923_797337\" class=\"ngimages\" style=\"display:none\"><\/div>\r\n\t\t\t<div id=\"report_21923_797337\" class=\"report\"><\/div>\r\n\t\t<\/div>\r\n\t\t\r\n\t\t<script type=\"text\/javascript\">\r\n\r\n\t\t\tjQuery(document).ready(function() {\r\n\r\n\t\t\t\tjQuery( \"#wpgpxmaps_21923_797337\" ).wpgpxmaps( {\r\n\t\t\t\t\ttargetId           : \"21923_797337\",\r\n\t\t\t\t\tmapType            : \"HYBRID\",\r\n\t\t\t\t\tmapData            : [[43.6946890,11.2557870],[43.6945250,11.2562290],[43.6944990,11.2563890],[43.6950490,11.2558940],[43.6950040,11.2561080],[43.6950730,11.2565350],[43.6951240,11.2569330],[43.6952730,11.2569980],[43.6962940,11.2571100],[43.6963130,11.2574170],[43.6964570,11.2576280],[43.6967840,11.2576810],[43.6969600,11.2577790],[43.6973690,11.2583070],[43.6975950,11.2586890],[43.6977320,11.2587640],[43.6977310,11.2587630],[43.6982420,11.2590430],[43.6983830,11.2588930],[43.6985150,11.2588720],[43.6987130,11.2589920],[43.6989880,11.2589700],[43.6992360,11.2586230],[43.6998400,11.2586970],[43.7004050,11.2582010],[43.7005520,11.2577950],[43.7007130,11.2577540],[43.7010310,11.2578270],[43.7015790,11.2580370],[43.7019520,11.2582930],[43.7020080,11.2583980],[43.7022270,11.2578430],[43.7025130,11.2576840],[43.7028330,11.2568820],[43.7028517,11.2569383],[43.7028467,11.2569867],[43.7028383,11.2570067],[43.7028333,11.2570200],[43.7028650,11.2570617],[43.7029367,11.2571400],[43.7030050,11.2572217],[43.7030733,11.2573017],[43.7031500,11.2573833],[43.7032167,11.2574750],[43.7032700,11.2575783],[43.7033233,11.2576733],[43.7033783,11.2577633],[43.7034483,11.2578283],[43.7035000,11.2579350],[43.7035400,11.2580367],[43.7035817,11.2581350],[43.7036267,11.2582300],[43.7036617,11.2583283],[43.7037067,11.2583767],[43.7037433,11.2584617],[43.7037950,11.2585717],[43.7038417,11.2586750],[43.7038917,11.2587900],[43.7039250,11.2589050],[43.7039717,11.2590117],[43.7040067,11.2591233],[43.7039983,11.2591067],[43.7040533,11.2591917],[43.7041050,11.2592917],[43.7041533,11.2594117],[43.7041983,11.2595150],[43.7042550,11.2596250],[43.7042967,11.2597233],[43.7043400,11.2598383],[43.7043883,11.2599467],[43.7044367,11.2600517],[43.7044917,11.2601450],[43.7045383,11.2602467],[43.7045800,11.2603583],[43.7046150,11.2604767],[43.7046633,11.2605700],[43.7047183,11.2606767],[43.7047800,11.2607717],[43.7048417,11.2608800],[43.7048817,11.2609850],[43.7049067,11.2610933],[43.7049600,11.2611767],[43.7050300,11.2612683],[43.7050817,11.2613650],[43.7051417,11.2614800],[43.7051867,11.2615867],[43.7052450,11.2616817],[43.7053017,11.2617750],[43.7053467,11.2618867],[43.7053967,11.2619900],[43.7054750,11.2620750],[43.7055317,11.2621667],[43.7055917,11.2622467],[43.7056633,11.2623350],[43.7057183,11.2624450],[43.7057783,11.2625250],[43.7058267,11.2626233],[43.7058767,11.2627300],[43.7059483,11.2627967],[43.7059967,11.2628483],[43.7060900,11.2628867],[43.7061800,11.2629250],[43.7062733,11.2629583],[43.7063633,11.2629950],[43.7064467,11.2630350],[43.7065300,11.2630783],[43.7066117,11.2631200],[43.7066933,11.2631950],[43.7067517,11.2633033],[43.7068133,11.2634067],[43.7068650,11.2635183],[43.7069233,11.2636100],[43.7069850,11.2637133],[43.7070467,11.2637967],[43.7071100,11.2638950],[43.7071700,11.2639950],[43.7072217,11.2641017],[43.7072850,11.2641967],[43.7073667,11.2642500],[43.7073533,11.2642667],[43.7073450,11.2642667],[43.7073117,11.2642367],[43.7073033,11.2642367],[43.7073433,11.2642267],[43.7074400,11.2642433],[43.7075300,11.2642617],[43.7076200,11.2642900],[43.7077017,11.2643150],[43.7077767,11.2643617],[43.7078600,11.2644067],[43.7079483,11.2644583],[43.7080820,11.2645170],[43.7083230,11.2642050],[43.7085400,11.2638410],[43.7087270,11.2634970],[43.7090370,11.2631540],[43.7093630,11.2629390],[43.7096570,11.2625320],[43.7098450,11.2622140],[43.7100990,11.2617850],[43.7103710,11.2613410],[43.7104900,11.2610440],[43.7106250,11.2606720],[43.7107530,11.2604920],[43.7108490,11.2604300],[43.7108650,11.2603867],[43.7109483,11.2603533],[43.7110450,11.2603183],[43.7111250,11.2602917],[43.7112150,11.2602567],[43.7112983,11.2602100],[43.7113767,11.2601500],[43.7114550,11.2601017],[43.7115417,11.2600817],[43.7116250,11.2600500],[43.7117000,11.2599750],[43.7115490,11.2600850],[43.7118520,11.2598940],[43.7122010,11.2597850],[43.7123250,11.2597850],[43.7123250,11.2597850],[43.7126430,11.2597870],[43.7129450,11.2598710],[43.7132520,11.2598060],[43.7134950,11.2596660],[43.7137050,11.2593990],[43.7137750,11.2592290],[43.7134180,11.2591010],[43.7131940,11.2589910],[43.7129140,11.2588190],[43.7124650,11.2583900],[43.7122630,11.2581760],[43.7119530,11.2578750],[43.7116810,11.2575600],[43.7116600,11.2574260],[43.7113960,11.2571240],[43.7111560,11.2568510],[43.7110720,11.2567710],[43.7106380,11.2564400],[43.7105230,11.2563680],[43.7103690,11.2562930],[43.7102800,11.2562750],[43.7100830,11.2563270],[43.7098490,11.2562640],[43.7096380,11.2561570],[43.7091920,11.2559120],[43.7090840,11.2558330],[43.7090233,11.2557483],[43.7089483,11.2556550],[43.7088850,11.2555667],[43.7088217,11.2554817],[43.7087517,11.2553967],[43.7086883,11.2553000],[43.7086317,11.2552050],[43.7085700,11.2551183],[43.7085033,11.2550217],[43.7084350,11.2549500],[43.7083683,11.2548800],[43.7083033,11.2547950],[43.7082367,11.2547033],[43.7081667,11.2546117],[43.7081067,11.2545233],[43.7080617,11.2544217],[43.7078330,11.2541560],[43.7073960,11.2535390],[43.7072660,11.2533950],[43.7070480,11.2531970],[43.7069260,11.2530960],[43.7068330,11.2530190],[43.7066260,11.2528630],[43.7064020,11.2527580],[43.7062640,11.2527060],[43.7060140,11.2525810],[43.7056330,11.2523760],[43.7054220,11.2522550],[43.7053100,11.2521620],[43.7052517,11.2521267],[43.7052033,11.2520200],[43.7051733,11.2518817],[43.7051583,11.2517650],[43.7051417,11.2516333],[43.7051433,11.2515100],[43.7051617,11.2513867],[43.7051667,11.2512650],[43.7051817,11.2511400],[43.7051933,11.2510183],[43.7051983,11.2508817],[43.7052050,11.2507567],[43.7052100,11.2506233],[43.7051983,11.2504883],[43.7051750,11.2503617],[43.7051367,11.2502467],[43.7050883,11.2501300],[43.7050233,11.2500367],[43.7049467,11.2499450],[43.7048600,11.2498733],[43.7047717,11.2498150],[43.7046783,11.2497833],[43.7045900,11.2497450],[43.7044900,11.2497500],[43.7043933,11.2497417],[43.7043000,11.2497417],[43.7042100,11.2497367],[43.7041117,11.2497283],[43.7040250,11.2497233],[43.7039350,11.2497183],[43.7038450,11.2497250],[43.7037500,11.2497250],[43.7036583,11.2497117],[43.7035567,11.2497183],[43.7034650,11.2497200],[43.7033633,11.2497333],[43.7032617,11.2497317],[43.7031683,11.2497183],[43.7030783,11.2496917],[43.7029950,11.2496717],[43.7029033,11.2496500],[43.7028100,11.2496317],[43.7027183,11.2495933],[43.7026250,11.2495450],[43.7025283,11.2495183],[43.7024417,11.2494933],[43.7023517,11.2494617],[43.7022600,11.2494117],[43.7021717,11.2493617],[43.7020933,11.2493150],[43.7020083,11.2492567],[43.7019200,11.2492233],[43.7018333,11.2492317],[43.7017533,11.2492600],[43.7016683,11.2492617],[43.7015867,11.2492717],[43.7015050,11.2493017],[43.7014133,11.2493350],[43.7013117,11.2493717],[43.7012200,11.2493983],[43.7011167,11.2494300],[43.7010383,11.2493767],[43.7009717,11.2492650],[43.7009183,11.2491617],[43.7008517,11.2490733],[43.7007833,11.2489900],[43.7007233,11.2488933],[43.7006633,11.2487817],[43.7006150,11.2486533],[43.7006067,11.2485233],[43.7006133,11.2484050],[43.7006067,11.2482700],[43.7005467,11.2481617],[43.7005000,11.2480550],[43.7004767,11.2479283],[43.7004700,11.2478000],[43.7004650,11.2476833],[43.7004467,11.2475683],[43.7004283,11.2474483],[43.7004017,11.2473317],[43.7003850,11.2472050],[43.7003550,11.2470800],[43.7003600,11.2469417],[43.7003650,11.2468133],[43.7003467,11.2466900],[43.7003250,11.2465700],[43.7002817,11.2464567],[43.7002517,11.2463400],[43.7002267,11.2462183],[43.7002033,11.2460883],[43.7001967,11.2459717],[43.7001867,11.2458450],[43.7001733,11.2457450],[43.7001817,11.2457733],[43.7001600,11.2456450],[43.7001400,11.2455283],[43.7001183,11.2453933],[43.7001000,11.2452583],[43.7000683,11.2451500],[43.7000350,11.2450333],[43.6999733,11.2449217],[43.6996470,11.2451870],[43.6994600,11.2453800],[43.6992560,11.2456540],[43.6992030,11.2457570],[43.6990720,11.2459000],[43.6989920,11.2460500],[43.6988940,11.2462130],[43.6988280,11.2464180],[43.6987933,11.2465250],[43.6987550,11.2467010],[43.6987680,11.2468910],[43.6987700,11.2470560],[43.6988090,11.2472240],[43.6987360,11.2475420],[43.6986290,11.2480140],[43.6986170,11.2483010],[43.6986090,11.2487310],[43.6985460,11.2489560],[43.6984160,11.2492230],[43.6983420,11.2493050],[43.6982340,11.2494060],[43.6972250,11.2499060],[43.6971240,11.2499140],[43.6969520,11.2500530],[43.6965540,11.2505580],[43.6961540,11.2511040],[43.6959398,11.2512557],[43.6955517,11.2512887],[43.6951789,11.2514683],[43.6947766,11.2517459],[43.6943742,11.2520236],[43.6941390,11.2521858],[43.6937439,11.2524827],[43.6933487,11.2527795],[43.6929536,11.2530764],[43.6928600,11.2531467],[43.6928800,11.2531350],[43.6929500,11.2530583],[43.6930150,11.2531200],[43.6930550,11.2532133],[43.6931283,11.2532867],[43.6931850,11.2533867],[43.6932433,11.2534917],[43.6933000,11.2535883],[43.6933317,11.2536800],[43.6932717,11.2537667],[43.6932017,11.2538567],[43.6931333,11.2539417],[43.6930867,11.2540417],[43.6930517,11.2541650],[43.6930333,11.2542900],[43.6930033,11.2544100],[43.6929817,11.2545350],[43.6929567,11.2546667],[43.6930050,11.2547617],[43.6930833,11.2548250],[43.6931667,11.2549083],[43.6931933,11.2550250],[43.6932300,11.2551483],[43.6932683,11.2552767],[43.6933000,11.2553883],[43.6933683,11.2554617],[43.6934450,11.2555367],[43.6935167,11.2556333],[43.6935717,11.2557350],[43.6936050,11.2558550],[43.6936583,11.2559650],[43.6937120,11.2560080],[43.6937970,11.2560600],[43.6942100,11.2565860],[43.6943580,11.2566320],[43.6944390,11.2565250],[43.6944990,11.2563890],[43.6945250,11.2562290],[43.6946890,11.2557870]],\r\n\t\t\t\t\tgraphDist          : [0.00,0.04,0.05,0.13,0.15,0.19,0.22,0.24,0.35,0.38,0.41,0.44,0.47,0.53,0.57,0.59,0.60,0.66,0.68,0.70,0.72,0.75,0.79,0.86,0.94,0.97,0.99,1.04,1.10,1.15,1.16,1.21,1.24,1.32,1.33,1.34,1.35,1.36,1.37,1.38,1.39,1.40,1.41,1.42,1.43,1.45,1.46,1.47,1.48,1.49,1.50,1.51,1.52,1.53,1.54,1.55,1.56,1.57,1.58,1.59,1.60,1.62,1.63,1.64,1.65,1.66,1.67,1.68,1.69,1.70,1.71,1.72,1.73,1.74,1.76,1.77,1.78,1.79,1.80,1.81,1.82,1.83,1.84,1.85,1.86,1.87,1.88,1.89,1.90,1.92,1.93,1.94,1.95,1.96,1.97,1.98,1.99,2.00,2.01,2.02,2.03,2.04,2.06,2.07,2.08,2.09,2.10,2.11,2.12,2.13,2.14,2.15,2.16,2.17,2.18,2.20,2.21,2.22,2.23,2.24,2.25,2.26,2.27,2.28,2.29,2.30,2.31,2.32,2.33,2.34,2.35,2.37,2.41,2.45,2.48,2.52,2.56,2.61,2.64,2.69,2.74,2.76,2.80,2.82,2.83,2.84,2.85,2.86,2.87,2.88,2.89,2.90,2.92,2.93,2.94,2.95,2.97,3.01,3.05,3.06,3.08,3.11,3.15,3.18,3.21,3.24,3.26,3.30,3.33,3.36,3.43,3.45,3.50,3.54,3.55,3.58,3.62,3.63,3.69,3.70,3.72,3.73,3.75,3.78,3.80,3.86,3.87,3.88,3.89,3.90,3.91,3.92,3.94,3.95,3.96,3.97,3.98,3.99,4.00,4.01,4.02,4.03,4.04,4.08,4.15,4.17,4.20,4.21,4.22,4.25,4.28,4.29,4.32,4.37,4.39,4.41,4.42,4.43,4.44,4.45,4.46,4.47,4.48,4.49,4.50,4.51,4.52,4.53,4.55,4.56,4.57,4.58,4.59,4.60,4.61,4.62,4.64,4.65,4.66,4.67,4.68,4.69,4.70,4.71,4.72,4.73,4.74,4.76,4.77,4.78,4.79,4.80,4.81,4.82,4.83,4.84,4.85,4.87,4.88,4.89,4.90,4.91,4.92,4.93,4.94,4.95,4.96,4.98,4.99,5.00,5.01,5.02,5.03,5.04,5.05,5.06,5.07,5.08,5.10,5.11,5.12,5.13,5.14,5.15,5.16,5.17,5.18,5.19,5.21,5.22,5.23,5.24,5.25,5.26,5.27,5.28,5.29,5.30,5.31,5.32,5.33,5.35,5.36,5.37,5.38,5.39,5.40,5.41,5.42,5.43,5.44,5.45,5.46,5.47,5.48,5.50,5.51,5.56,5.58,5.61,5.62,5.64,5.66,5.68,5.69,5.70,5.72,5.74,5.75,5.76,5.79,5.84,5.86,5.89,5.91,5.94,5.95,5.97,6.09,6.10,6.13,6.19,6.25,6.28,6.32,6.37,6.42,6.47,6.50,6.55,6.60,6.65,6.66,6.67,6.68,6.69,6.70,6.71,6.72,6.73,6.74,6.76,6.77,6.78,6.79,6.80,6.81,6.82,6.83,6.84,6.85,6.86,6.87,6.89,6.90,6.91,6.92,6.93,6.94,6.95,6.96,6.97,6.98,7.00,7.01,7.02,7.08,7.10,7.11,7.13,7.14,7.18],\r\n\t\t\t\t\tgraphEle           : [278.00,277.75,277.25,273.00,272.25,266.50,263.75,260.00,232.25,229.75,226.25,217.25,212.25,201.75,196.00,182.00,193.00,182.00,180.50,180.75,180.50,180.50,183.75,192.00,197.75,196.00,197.00,201.25,209.75,213.75,214.50,213.75,215.75,218.00,223.00,221.00,223.00,222.00,219.00,218.00,216.00,215.00,214.00,215.00,213.00,210.00,209.00,209.00,207.00,204.00,201.00,198.00,197.00,198.00,202.00,201.00,201.00,202.00,203.00,204.00,205.00,207.00,207.00,208.00,210.00,211.00,212.00,214.00,213.00,214.00,213.00,217.00,218.00,218.00,220.00,219.00,220.00,221.00,223.00,221.00,219.00,217.00,216.00,217.00,218.00,218.00,218.00,219.00,218.00,219.00,219.00,220.00,222.00,224.00,223.00,223.00,221.00,222.00,224.00,228.00,227.00,226.00,225.00,224.00,225.00,224.00,225.00,226.00,225.00,225.00,224.00,226.00,226.00,226.00,227.00,226.00,226.00,229.00,230.00,228.00,230.00,228.00,229.00,228.00,227.00,227.00,228.00,226.00,223.00,223.00,223.00,222.25,222.75,223.00,223.75,223.75,222.00,221.00,218.25,218.25,219.25,221.50,224.50,225.50,226.50,220.00,222.00,222.00,221.00,220.00,223.00,226.00,228.00,229.00,231.00,232.00,231.25,235.25,238.75,241.00,239.25,241.00,241.25,243.25,243.50,243.75,244.25,248.50,250.50,253.50,262.00,263.00,265.00,268.25,269.00,270.00,271.25,271.75,272.25,272.50,273.00,273.50,274.50,276.00,278.00,283.25,284.25,285.00,285.00,285.00,287.00,289.00,289.00,290.00,290.00,288.00,290.00,288.00,286.00,283.00,282.00,281.00,281.00,283.25,280.75,279.50,279.25,280.25,280.25,281.75,282.00,282.00,283.00,283.00,281.50,280.50,279.00,278.00,278.00,276.00,275.00,276.00,276.00,277.00,276.00,276.00,276.00,275.00,272.00,272.00,274.00,273.00,272.00,272.00,272.00,272.00,270.00,269.00,267.00,267.00,267.00,264.00,264.00,266.00,264.00,263.00,264.00,264.00,262.00,262.00,262.00,263.00,265.00,265.00,263.00,259.00,259.00,259.00,259.00,259.00,259.00,257.00,258.00,257.00,258.00,259.00,261.00,264.00,267.00,265.00,261.00,258.00,255.00,254.00,254.00,255.00,255.00,256.00,256.00,257.00,257.00,259.00,260.00,259.00,259.00,259.00,259.00,258.00,256.00,254.00,254.00,255.00,255.00,257.00,259.00,262.00,263.00,262.00,261.00,260.00,259.00,257.00,255.00,256.00,257.00,260.00,261.00,260.00,261.00,259.00,260.00,262.00,262.00,262.00,262.00,261.00,260.00,265.00,268.50,273.25,274.75,276.25,277.00,278.00,279.00,279.00,280.50,281.50,282.25,282.75,289.50,289.50,291.50,292.00,293.25,295.00,295.50,287.25,287.25,287.00,284.75,277.50,272.25,273.65,271.67,269.91,268.68,266.97,265.57,263.96,264.67,265.85,265.63,263.00,263.00,262.00,264.00,264.00,266.00,268.00,271.00,275.00,277.00,276.00,277.00,277.00,275.00,275.00,273.00,275.00,273.00,274.00,277.00,277.00,276.00,276.00,277.00,278.00,276.00,276.00,277.00,278.00,280.00,281.00,278.75,279.50,281.25,278.50,277.75,277.25,277.75,278.00],\r\n\t\t\t\t\tgraphSpeed         : [],\r\n\t\t\t\t\tgraphHr            : [],\r\n\t\t\t\t\tgraphAtemp         : [],\r\n\t\t\t\t\tgraphCad           : [],\r\n\t\t\t\t\tgraphGrade         : [],\r\n\t\t\t\t\twaypoints          : [],\r\n\t\t\t\t\tunit               : \"2\",\r\n\t\t\t\t\tunitspeed          : \"0\",\r\n\t\t\t\t\tcolor1             : [\"#3366cc\"],\r\n\t\t\t\t\tcolor2             : \"#3366cc\",\r\n\t\t\t\t\tcolor3             : \"#ff0000\",\r\n\t\t\t\t\tcolor4             : \"#ff77bd\",\r\n\t\t\t\t\tcolor5             : \"#beecff\",\r\n\t\t\t\t\tcolor6             : \"#beecff\",\r\n\t\t\t\t\tcolor7             : \"#ff77bd\",\r\n\t\t\t\t\tchartFrom1         : \"\",\r\n\t\t\t\t\tchartTo1           : \"\",\r\n\t\t\t\t\tchartFrom2         : \"\",\r\n\t\t\t\t\tchartTo2           : \"\",\r\n\t\t\t\t\tstartIcon          : \"\",\r\n\t\t\t\t\tendIcon            : \"\",\r\n\t\t\t\t\tcurrentIcon        : \"\",\r\n\t\t\t\t\twaypointIcon       : \"https:\/\/lavia.cc\/gpx\/wp-content\/uploads\/gpx\/cropped-icona.ico\",\r\n\t\t\t\t\tcurrentpositioncon : \"\",\r\n\t\t\t\t\tusegpsposition     : \"\",\r\n\t\t\t\t\tzoomOnScrollWheel  : \"\",\r\n\t\t\t\t\tngGalleries        : [],\r\n\t\t\t\t\tngImages           : [],\r\n\t\t\t\t\tpluginUrl          : \"https:\/\/lavia.cc\/gpx\/wp-content\/plugins\",\r\n\t\t\t\t\tTFApiKey           : \"\",\r\n\t\t\t\t\tMapBoxApiKey           : \"\",\r\n\t\t\t\t\tlangs              : {\r\n\t\t\t\t\t\taltitude        : \"Altitudine\",\r\n\t\t\t\t\t\tcurrentPosition : \"Current position\",\r\n\t\t\t\t\t\tspeed           : \"Velocit\u00e0\",\r\n\t\t\t\t\t\tgrade           : \"Grade\",\r\n\t\t\t\t\t\theartRate       : \"Battito Cardiaco\",\r\n\t\t\t\t\t\tatemp           : \"Temperature\",\r\n\t\t\t\t\t\tcadence         : \"Cadenza\",\r\n\t\t\t\t\t\tgoFullScreen    : \"Go full screen\",\r\n\t\t\t\t\t\texitFullFcreen  : \"Exit full screen\",\r\n\t\t\t\t\t\thideImages      : \"Hide images\",\r\n\t\t\t\t\t\tshowImages      : \"Show images\",\r\n\t\t\t\t\t\tbackToCenter\t: \"Ritorna al centro della mappa\"\r\n\t\t\t\t\t}\r\n\t\t\t\t});\r\n\r\n\t\t\t});\r\n\r\n\t\t<\/script>\n<p>\ud83d\udfe2 Visita\u00a0<a href=\"https:\/\/lavia.cc\/gpx\/\">LAVIA.CC<\/a>\u00a0per altre tracce gpx e condividi le tue avventure con la nostra\u00a0<a href=\"https:\/\/www.instagram.com\/lavia.cc\/\" target=\"_blank\" rel=\"noopener\">community<\/a>! \ud83d\udeb4\u200d\u2642\ufe0f\ud83c\udf32\ud83c\udfde\ufe0f<\/p>\n","protected":false},"excerpt":{"rendered":"<p><strong>\ud83d\udccd TRACCIA CARICATA DA:\u00a0<a href=\"https:\/\/lavia.cc\/gpx\/maremma-green-passion\/\" target=\"_blank\" rel=\"noopener\">MAREMMA GREEN PASSION<\/a><\/strong><\/p>\n<p>Ecco un grazioso percorso tra le colline dell&#8217;Impruneta, per apprezzare la campagna della citt\u00e0 metropolitana di Firenze in tutto il suo rigoglioso splendore primaverile. La prima parte si addentra nel territorio agricolo, al di sotto della &#8220;Residenza Il Colle&#8221;, raggiungendo un laghetto privato attraverso prati fioriti. Il sentiero con vista sui vigneti conduce fino alla Via di Campiano, regalando scorci paesaggistici su giardini, ville e fattorie. Fino a immettersi nella Via San Lorenzo a Colline che offre un bellissimo affaccio sulle propriet\u00e0 Corsini, cui fa da sentinella la meravigliosa Villa medicea di Mezzomonte. Risalendo sulla strada si intercetta la Via Imprunetana Vecchia e da qui \u00e8 necessario fare un po&#8217; pi\u00f9 di attenzione perch\u00e9 le caratteristiche strade delimitate da muretti a sasso non hanno marciapiedi. Ma questo tratto \u00e8 assolutamente da percorrere perch\u00e9 dalla Strada Provinciale, arrivati nei pressi di Monteoriolo, \u00e8 possibile apprezzare degli scorci fantastici sulla citt\u00e0 di Firenze. Prosegue la discesa verso il Cimitero di Nizzano e poco dopo la svolta verso Quintole consente di percorrere la via per le Rose, attraversando case sparse incantate ai margini del bosco. Si rientra quindi sulla Via Imprunetana per Pozzolatico, dove \u00e8 possibile ammirare i rigogliosi oliveti tipici di questo territorio e tornare al punto di partenza chiudendo un anello DOC della campagna toscana.<\/p>\n<p>\ud83c\udf89 W LE COLLINE DELL&#8217;IMPRUNETA!<\/p>\n<p>\ud83d\udfe2 Segui\u00a0<strong>LAVIA,<\/strong>\u00a0arriva alla\u00a0<strong>META<\/strong>!<\/p>\n","protected":false},"featured_media":21928,"comment_status":"open","ping_status":"closed","template":"","meta":[],"product_brand":[],"product_cat":[31],"product_tag":[195,1886,126],"class_list":{"0":"post-21923","1":"product","2":"type-product","3":"status-publish","4":"has-post-thumbnail","6":"product_cat-escursionismo","7":"product_tag-firenze","8":"product_tag-impruneta","9":"product_tag-toscana","11":"first","12":"instock","13":"downloadable","14":"virtual","15":"product-type-simple"},"_links":{"self":[{"href":"https:\/\/lavia.cc\/gpx\/wp-json\/wp\/v2\/product\/21923","targetHints":{"allow":["GET"]}}],"collection":[{"href":"https:\/\/lavia.cc\/gpx\/wp-json\/wp\/v2\/product"}],"about":[{"href":"https:\/\/lavia.cc\/gpx\/wp-json\/wp\/v2\/types\/product"}],"replies":[{"embeddable":true,"href":"https:\/\/lavia.cc\/gpx\/wp-json\/wp\/v2\/comments?post=21923"}],"version-history":[{"count":2,"href":"https:\/\/lavia.cc\/gpx\/wp-json\/wp\/v2\/product\/21923\/revisions"}],"predecessor-version":[{"id":21929,"href":"https:\/\/lavia.cc\/gpx\/wp-json\/wp\/v2\/product\/21923\/revisions\/21929"}],"wp:featuredmedia":[{"embeddable":true,"href":"https:\/\/lavia.cc\/gpx\/wp-json\/wp\/v2\/media\/21928"}],"wp:attachment":[{"href":"https:\/\/lavia.cc\/gpx\/wp-json\/wp\/v2\/media?parent=21923"}],"wp:term":[{"taxonomy":"product_brand","embeddable":true,"href":"https:\/\/lavia.cc\/gpx\/wp-json\/wp\/v2\/product_brand?post=21923"},{"taxonomy":"product_cat","embeddable":true,"href":"https:\/\/lavia.cc\/gpx\/wp-json\/wp\/v2\/product_cat?post=21923"},{"taxonomy":"product_tag","embeddable":true,"href":"https:\/\/lavia.cc\/gpx\/wp-json\/wp\/v2\/product_tag?post=21923"}],"curies":[{"name":"wp","href":"https:\/\/api.w.org\/{rel}","templated":true}]}}