{"id":23330,"date":"2025-05-30T15:14:27","date_gmt":"2025-05-30T13:14:27","guid":{"rendered":"https:\/\/lavia.cc\/gpx\/?post_type=product&#038;p=23330"},"modified":"2025-05-30T15:15:34","modified_gmt":"2025-05-30T13:15:34","slug":"cima-delle-malecoste-da-san-pietro-della-ienca","status":"publish","type":"product","link":"https:\/\/lavia.cc\/gpx\/tracce\/cima-delle-malecoste-da-san-pietro-della-ienca\/","title":{"rendered":"Cima delle Malecoste da San Pietro della Ienca"},"content":{"rendered":"<h4>Cima delle Malecoste da San Pietro della Ienca<\/h4>\n<p>\ud83d\ude97Dall\u2019autostrada A24, si esce al casello di Assergi. Dopo l\u2019uscita, si gira subito a destra e, al primo bivio (poco dopo un tornante), si prende la sinistra. Si continua ancora per poco e si svolta nuovamente a sinistra, imboccando la SP86, conosciuta anche come<strong> Strada del Vasto<\/strong>. Dopo circa 3 chilometri, si trova una comoda area di sosta con tavoli da picnic, ideale per parcheggiare e iniziare l\u2019escursione.<\/p>\n<p>\u27a1\ufe0f Clicca qui per andare al punto di partenza: <a href=\"https:\/\/www.google.com\/maps\/place\/42%C2%B026&#039;23.4%22N+13%C2%B028&#039;47.1%22E\/@42.4423317,13.479559,2086m\/data=!3m1!1e3!4m4!3m3!8m2!3d42.4398333!4d13.47975?entry=ttu&amp;g_ep=EgoyMDI1MDUyNy4wIKXMDSoASAFQAw%3D%3D\" target=\"_blank\" rel=\"noopener\">GOOGLE MAPS<\/a> (Parcheggio).<\/p>\n<p>\u2139\ufe0fLa <strong>Cima delle Malecoste<\/strong> pu\u00f2 essere raggiunta da ben quattro direttrici diverse, ognuna con le proprie peculiarit\u00e0 e difficolt\u00e0: da est, partendo dall\u2019albergo di Campo Imperatore, si affronta una lunga traversata ad alta quota passando per il Pizzo Cefalone e la cima Wojtyla, su un percorso che raramente scende sotto i 2.000 metri. Da sud, con partenza dalla SP86 nei pressi di <strong>San Pietro della Ienca<\/strong>, si intraprende una salita tosta su sentieri poco segnati e raramente calpestati. Da ovest, si pu\u00f2 accedere tramite la Val Chiarino e la zona delle Solagne, affrontando un itinerario che pu\u00f2 superare i 20 chilometri complessivi. Da nord, la Valle del Venacquaro offre un\u2019altra opzione, altrettanto lunga e faticosa, con sentieri talvolta difficili da seguire.<\/p>\n<p>\u26a0\ufe0fData la lunghezza, il dislivello e la scarsa segnatura, il percorso \u00e8 consigliato esclusivamente a <strong>escursionisti ben allenati<\/strong> e con una buona esperienza di montagna. Pu\u00f2 per\u00f2 rappresentare un eccellente campo di prova per chi vuole cimentarsi con itinerari pi\u00f9 severi, lontani dalle folle, in uno degli angoli pi\u00f9 affascinanti e meno battuti del Gran Sasso d\u2019Italia. La percorribilit\u00e0 dell\u2019itinerario verso Cima delle Malecoste, come tutta la morfologia del territorio, \u00e8 soggetta a cambiamenti ambientali dovuti a eventi naturali e alle condizioni meteo. Quindi, prima di partire, consultate gli uffici turistici competenti e\/o le strutture di riferimento di riferimento.<\/p>\n<h4>\ud83d\uddfa\ufe0f Mappa e altimetria dell&#8217;<a href=\"https:\/\/lavia.cc\/gpx\/categoria-tracce\/escursionismo\/\">escursione<\/a> &#8220;Cima delle Malecoste da San Pietro della Ienca&#8221;:<\/h4>\n\r\n\t\t<div id=\"wpgpxmaps_23330_496937\" class=\"wpgpxmaps\">\r\n\t\t\t<div id=\"map_23330_496937_cont\" style=\"width:100%; height:450px;position:relative\" >\r\n\t\t\t\t<div id=\"map_23330_496937\" style=\"width:100%; height:450px\"><\/div>\r\n\t\t\t\t<div id=\"wpgpxmaps_23330_496937_osm_footer\" class=\"wpgpxmaps_osm_footer\" style=\"display:none;\"><span> &copy; <a href=\"http:\/\/www.openstreetmap.org\/copyright\" target=\"_blank\" rel=\"noopener\">OpenStreetMap<\/a> contributors<\/span><\/div>\r\n\t\t\t<\/div>\r\n\t\t\t<canvas id=\"myChart_23330_496937\" class=\"plot\" style=\"width:100%; height:200px\"><\/canvas>\r\n\t\t\t<div id=\"ngimages_23330_496937\" class=\"ngimages\" style=\"display:none\"><\/div>\r\n\t\t\t<div id=\"report_23330_496937\" class=\"report\"><\/div>\r\n\t\t<\/div>\r\n\t\t\r\n\t\t<script type=\"text\/javascript\">\r\n\r\n\t\t\tjQuery(document).ready(function() {\r\n\r\n\t\t\t\tjQuery( \"#wpgpxmaps_23330_496937\" ).wpgpxmaps( {\r\n\t\t\t\t\ttargetId           : \"23330_496937\",\r\n\t\t\t\t\tmapType            : \"HYBRID\",\r\n\t\t\t\t\tmapData            : [[42.4397900,13.4798520],[42.4398500,13.4796580],[42.4399000,13.4795380],[42.4399910,13.4794520],[42.4401270,13.4790740],[42.4403420,13.4784330],[42.4405390,13.4778450],[42.4407260,13.4772750],[42.4409100,13.4764340],[42.4409710,13.4766060],[42.4410260,13.4766980],[42.4411550,13.4765930],[42.4412210,13.4764240],[42.4412140,13.4759410],[42.4412800,13.4758090],[42.4415320,13.4756950],[42.4417910,13.4753660],[42.4418950,13.4753230],[42.4420610,13.4753350],[42.4423540,13.4752610],[42.4425400,13.4750920],[42.4430010,13.4748740],[42.4431600,13.4748090],[42.4433390,13.4748150],[42.4435690,13.4747290],[42.4436820,13.4746370],[42.4437660,13.4744460],[42.4438910,13.4740640],[42.4439320,13.4737690],[42.4440140,13.4737880],[42.4443950,13.4744710],[42.4445310,13.4745810],[42.4445840,13.4747470],[42.4445570,13.4750480],[42.4446000,13.4752430],[42.4446460,13.4756970],[42.4446250,13.4759040],[42.4447100,13.4762720],[42.4446590,13.4764160],[42.4446670,13.4774170],[42.4446000,13.4778020],[42.4444640,13.4780890],[42.4443620,13.4784340],[42.4442980,13.4787790],[42.4442940,13.4789800],[42.4444090,13.4792390],[42.4443790,13.4795090],[42.4447180,13.4803720],[42.4448240,13.4801650],[42.4450530,13.4798830],[42.4451710,13.4802430],[42.4453210,13.4807170],[42.4455550,13.4811890],[42.4456500,13.4813150],[42.4456020,13.4813040],[42.4456100,13.4812260],[42.4456330,13.4812400],[42.4455950,13.4811260],[42.4456140,13.4810000],[42.4456370,13.4808760],[42.4456750,13.4807590],[42.4457170,13.4806460],[42.4457860,13.4805670],[42.4458540,13.4804830],[42.4459230,13.4803950],[42.4460200,13.4804040],[42.4460330,13.4805180],[42.4460560,13.4805160],[42.4460600,13.4806440],[42.4461330,13.4807620],[42.4461750,13.4808810],[42.4461800,13.4810100],[42.4461820,13.4811100],[42.4461980,13.4810080],[42.4461860,13.4808790],[42.4461560,13.4807620],[42.4461560,13.4806260],[42.4461820,13.4805040],[42.4462400,13.4804080],[42.4462850,13.4804400],[42.4463420,13.4804190],[42.4464100,13.4804920],[42.4464010,13.4806950],[42.4465010,13.4806040],[42.4466200,13.4807570],[42.4468370,13.4806530],[42.4469220,13.4807820],[42.4470690,13.4805290],[42.4472090,13.4807130],[42.4473610,13.4805750],[42.4474830,13.4805050],[42.4475510,13.4803930],[42.4476510,13.4803020],[42.4480050,13.4802120],[42.4482710,13.4799200],[42.4486360,13.4802280],[42.4487680,13.4798520],[42.4491760,13.4799220],[42.4493170,13.4797480],[42.4494630,13.4799510],[42.4495760,13.4793970],[42.4496740,13.4794730],[42.4496370,13.4789670],[42.4505360,13.4775900],[42.4507530,13.4784010],[42.4509700,13.4781200],[42.4511100,13.4782190],[42.4512650,13.4787060],[42.4515340,13.4789920],[42.4519400,13.4795370],[42.4521260,13.4797110],[42.4524180,13.4797600],[42.4525190,13.4799510],[42.4527020,13.4800990],[42.4527540,13.4804010],[42.4526350,13.4814390],[42.4524730,13.4821660],[42.4525830,13.4829060],[42.4520830,13.4835630],[42.4518660,13.4840100],[42.4519060,13.4844970],[42.4521500,13.4843280],[42.4522380,13.4847110],[42.4524370,13.4845470],[42.4524000,13.4850020],[42.4527020,13.4847740],[42.4527110,13.4851330],[42.4527390,13.4862500],[42.4537360,13.4852460],[42.4539070,13.4868580],[42.4541500,13.4867780],[42.4544310,13.4864150],[42.4544680,13.4865520],[42.4544560,13.4866770],[42.4544560,13.4868050],[42.4544600,13.4869470],[42.4544800,13.4870810],[42.4544750,13.4872010],[42.4544700,13.4873270],[42.4545020,13.4873570],[42.4545000,13.4872530],[42.4545560,13.4872410],[42.4545670,13.4871090],[42.4546050,13.4869990],[42.4546280,13.4868770],[42.4546660,13.4867630],[42.4547760,13.4865560],[42.4549950,13.4870060],[42.4550590,13.4872210],[42.4551260,13.4874480],[42.4552200,13.4880590],[42.4555120,13.4876540],[42.4555630,13.4879590],[42.4557110,13.4878690],[42.4557990,13.4878480],[42.4558980,13.4877230],[42.4562140,13.4875750],[42.4564770,13.4886760],[42.4569890,13.4912080],[42.4567600,13.4919290],[42.4563610,13.4925840],[42.4564000,13.4928030],[42.4565100,13.4927800],[42.4565420,13.4929430],[42.4567260,13.4929320],[42.4568910,13.4939380],[42.4571150,13.4944060],[42.4569790,13.4954170],[42.4571860,13.4953650],[42.4572060,13.4958720],[42.4569980,13.4972760],[42.4569170,13.4986620],[42.4571460,13.4993530],[42.4572330,13.4996180],[42.4573370,13.4998620],[42.4572990,13.5000520],[42.4573370,13.4998620],[42.4572330,13.4996180],[42.4571460,13.4993530],[42.4569170,13.4986620],[42.4569980,13.4972760],[42.4572060,13.4958720],[42.4571860,13.4953650],[42.4569790,13.4954170],[42.4571150,13.4944060],[42.4568910,13.4939380],[42.4567260,13.4929320],[42.4565420,13.4929430],[42.4565100,13.4927800],[42.4564000,13.4928030],[42.4563610,13.4925840],[42.4567600,13.4919290],[42.4569890,13.4912080],[42.4564770,13.4886760],[42.4562140,13.4875750],[42.4561980,13.4871700],[42.4561770,13.4870780],[42.4561920,13.4869420],[42.4562070,13.4868150],[42.4562340,13.4866840],[42.4561600,13.4866610],[42.4560800,13.4867500],[42.4560200,13.4868420],[42.4559360,13.4868960],[42.4558800,13.4869970],[42.4558100,13.4870320],[42.4557230,13.4870880],[42.4556430,13.4871630],[42.4555550,13.4872280],[42.4554980,13.4873300],[42.4554250,13.4874120],[42.4553380,13.4874730],[42.4552540,13.4875320],[42.4551850,13.4876200],[42.4551300,13.4875300],[42.4550930,13.4874090],[42.4550440,13.4873000],[42.4549950,13.4870060],[42.4548090,13.4866230],[42.4547770,13.4865850],[42.4547100,13.4866680],[42.4546500,13.4867750],[42.4545940,13.4868740],[42.4545360,13.4869590],[42.4544680,13.4869510],[42.4544560,13.4868390],[42.4544600,13.4867100],[42.4544500,13.4865840],[42.4544400,13.4864490],[42.4544000,13.4863380],[42.4543380,13.4864360],[42.4542730,13.4865380],[42.4542120,13.4866460],[42.4541470,13.4867600],[42.4539070,13.4868580],[42.4537360,13.4852460],[42.4527390,13.4862500],[42.4527110,13.4851330],[42.4527020,13.4847740],[42.4524000,13.4850020],[42.4524370,13.4845470],[42.4522440,13.4847370],[42.4521500,13.4843280],[42.4519060,13.4844970],[42.4518660,13.4840100],[42.4520830,13.4835630],[42.4525830,13.4829060],[42.4524730,13.4821660],[42.4526350,13.4814390],[42.4527540,13.4804010],[42.4527020,13.4800990],[42.4525190,13.4799510],[42.4524180,13.4797600],[42.4521260,13.4797110],[42.4519400,13.4795370],[42.4515340,13.4789920],[42.4512650,13.4787060],[42.4511100,13.4782190],[42.4509700,13.4781200],[42.4507530,13.4784010],[42.4505360,13.4775900],[42.4496370,13.4789670],[42.4496740,13.4794730],[42.4495760,13.4793970],[42.4494630,13.4799510],[42.4493170,13.4797480],[42.4491760,13.4799220],[42.4487680,13.4798520],[42.4486360,13.4802280],[42.4482710,13.4799200],[42.4480050,13.4802120],[42.4476510,13.4803020],[42.4475510,13.4803930],[42.4474830,13.4805050],[42.4473520,13.4804670],[42.4472090,13.4807130],[42.4470690,13.4805290],[42.4469220,13.4807820],[42.4468370,13.4806530],[42.4466450,13.4808600],[42.4465010,13.4806040],[42.4464010,13.4806950],[42.4463470,13.4805300],[42.4463420,13.4803980],[42.4463000,13.4804890],[42.4462430,13.4803810],[42.4461440,13.4804570],[42.4461000,13.4805640],[42.4461440,13.4806610],[42.4461630,13.4808230],[42.4460750,13.4806780],[42.4460950,13.4806690],[42.4460370,13.4805480],[42.4460000,13.4804260],[42.4459840,13.4802970],[42.4459040,13.4802480],[42.4458580,13.4803610],[42.4458300,13.4804870],[42.4457600,13.4805700],[42.4457130,13.4806860],[42.4456700,13.4807970],[42.4456500,13.4809270],[42.4456560,13.4810690],[42.4456330,13.4811940],[42.4455570,13.4811880],[42.4453210,13.4807170],[42.4451710,13.4802430],[42.4450530,13.4798830],[42.4448240,13.4801650],[42.4447520,13.4804120],[42.4443790,13.4795090],[42.4444170,13.4793200],[42.4442940,13.4789800],[42.4442980,13.4787790],[42.4443620,13.4784340],[42.4444640,13.4780890],[42.4446000,13.4778020],[42.4446670,13.4774170],[42.4446590,13.4764160],[42.4447100,13.4762720],[42.4446250,13.4759040],[42.4446460,13.4756970],[42.4446000,13.4752430],[42.4445570,13.4750480],[42.4445840,13.4747470],[42.4445310,13.4745810],[42.4443950,13.4744710],[42.4440140,13.4737880],[42.4439320,13.4737690],[42.4438910,13.4740640],[42.4437870,13.4743380],[42.4436820,13.4746370],[42.4435690,13.4747290],[42.4433390,13.4748150],[42.4431600,13.4748090],[42.4430010,13.4748740],[42.4425400,13.4750920],[42.4423540,13.4752610],[42.4420610,13.4753350],[42.4418950,13.4753230],[42.4417910,13.4753660],[42.4415320,13.4756950],[42.4412800,13.4758090],[42.4412140,13.4759410],[42.4412370,13.4763070],[42.4411550,13.4765930],[42.4410850,13.4766980],[42.4409710,13.4766060],[42.4409100,13.4764340],[42.4407260,13.4772750],[42.4405390,13.4778450],[42.4404360,13.4779160],[42.4402770,13.4782630],[42.4401650,13.4786560],[42.4401270,13.4790740]],\r\n\t\t\t\t\tgraphDist          : [0.00,0.02,0.03,0.04,0.08,0.13,0.19,0.24,0.31,0.33,0.34,0.36,0.37,0.41,0.43,0.46,0.50,0.51,0.53,0.56,0.58,0.64,0.66,0.68,0.71,0.72,0.74,0.77,0.80,0.81,0.88,0.90,0.91,0.94,0.95,0.99,1.01,1.04,1.05,1.14,1.17,1.20,1.23,1.26,1.27,1.30,1.32,1.40,1.43,1.47,1.50,1.54,1.59,1.61,1.63,1.64,1.65,1.66,1.67,1.68,1.69,1.70,1.71,1.72,1.73,1.75,1.76,1.77,1.78,1.79,1.80,1.81,1.83,1.84,1.85,1.86,1.87,1.88,1.89,1.90,1.91,1.92,1.95,1.96,1.98,2.02,2.03,2.06,2.08,2.10,2.13,2.14,2.16,2.20,2.24,2.29,2.33,2.37,2.40,2.42,2.47,2.48,2.53,2.69,2.76,2.80,2.81,2.86,2.90,2.97,2.99,3.03,3.05,3.07,3.10,3.19,3.25,3.32,3.39,3.44,3.48,3.51,3.54,3.57,3.61,3.65,3.68,3.78,3.92,4.06,4.08,4.13,4.14,4.16,4.17,4.18,4.19,4.20,4.21,4.22,4.24,4.25,4.26,4.27,4.28,4.29,4.32,4.36,4.38,4.40,4.45,4.50,4.53,4.55,4.56,4.58,4.62,4.71,4.94,5.00,5.08,5.10,5.11,5.12,5.15,5.23,5.28,5.37,5.40,5.44,5.56,5.67,5.74,5.76,5.78,5.80,5.82,5.84,5.86,5.93,6.04,6.16,6.20,6.23,6.32,6.36,6.46,6.48,6.49,6.50,6.52,6.60,6.66,6.88,6.98,7.02,7.03,7.04,7.06,7.07,7.08,7.09,7.10,7.11,7.12,7.14,7.15,7.16,7.17,7.18,7.19,7.20,7.22,7.23,7.24,7.25,7.26,7.29,7.33,7.34,7.35,7.36,7.37,7.38,7.39,7.40,7.42,7.43,7.44,7.45,7.46,7.47,7.48,7.50,7.53,7.67,7.81,7.90,7.93,7.97,8.01,8.04,8.07,8.10,8.15,8.19,8.27,8.33,8.40,8.48,8.51,8.53,8.55,8.59,8.62,8.68,8.72,8.77,8.79,8.82,8.90,9.06,9.10,9.11,9.16,9.19,9.21,9.26,9.29,9.34,9.38,9.43,9.44,9.45,9.47,9.50,9.52,9.55,9.57,9.59,9.62,9.64,9.65,9.66,9.67,9.69,9.70,9.71,9.72,9.73,9.75,9.76,9.78,9.79,9.80,9.81,9.82,9.83,9.84,9.85,9.86,9.88,9.89,9.90,9.91,9.96,10.00,10.04,10.07,10.09,10.18,10.20,10.23,10.24,10.27,10.31,10.33,10.37,10.45,10.46,10.49,10.51,10.55,10.57,10.59,10.61,10.62,10.69,10.70,10.73,10.76,10.78,10.80,10.82,10.84,10.86,10.92,10.94,10.98,11.00,11.01,11.05,11.08,11.09,11.12,11.15,11.16,11.18,11.19,11.27,11.32,11.33,11.36,11.40,11.43],\r\n\t\t\t\t\tgraphEle           : [1161.26,1161.26,1161.26,1161.26,1161.26,1163.40,1166.83,1170.15,1175.10,1176.80,1177.85,1179.61,1181.13,1184.99,1186.32,1189.18,1193.01,1194.51,1197.28,1202.24,1205.96,1214.09,1216.85,1219.83,1223.81,1226.04,1228.82,1234.06,1237.81,1239.41,1250.11,1252.79,1254.65,1257.07,1258.70,1262.36,1264.03,1267.11,1268.38,1277.21,1281.26,1284.74,1288.54,1292.18,1294.24,1297.33,1301.41,1318.24,1323.86,1331.07,1337.85,1345.70,1353.93,1356.55,1360.06,1361.81,1363.69,1365.74,1367.69,1369.55,1371.41,1373.31,1375.11,1376.69,1378.17,1379.69,1381.05,1382.60,1384.07,1385.89,1387.45,1388.91,1390.80,1392.34,1393.84,1395.29,1396.83,1398.29,1399.78,1401.23,1402.61,1405.11,1411.49,1415.29,1420.46,1430.73,1434.75,1442.25,1448.40,1454.17,1461.26,1465.62,1470.53,1485.20,1499.14,1516.65,1529.16,1544.41,1551.27,1558.79,1574.05,1578.11,1591.60,1639.47,1661.97,1673.76,1679.96,1695.34,1708.77,1731.22,1738.22,1747.20,1752.49,1758.99,1765.98,1788.66,1800.35,1811.97,1826.93,1836.68,1845.61,1852.38,1859.69,1866.08,1874.68,1883.60,1890.44,1911.71,1944.62,1976.25,1982.75,1993.09,1996.51,1998.96,2001.50,2004.22,2006.93,2009.61,2012.21,2014.86,2017.62,2020.29,2022.91,2025.32,2027.89,2030.38,2035.92,2046.53,2051.09,2055.90,2072.19,2087.48,2095.92,2101.86,2105.13,2110.08,2122.69,2148.14,2203.83,2219.96,2241.57,2248.00,2252.30,2257.11,2264.23,2293.63,2308.98,2337.03,2344.82,2358.68,2378.84,2393.88,2395.69,2396.39,2397.06,2397.53,2398.01,2398.68,2398.44,2392.39,2381.29,2354.51,2344.13,2338.30,2310.92,2293.74,2262.00,2254.42,2250.47,2246.93,2241.65,2221.74,2203.34,2152.83,2130.77,2123.04,2120.68,2118.05,2114.11,2111.51,2109.12,2106.45,2103.63,2100.21,2096.75,2092.55,2089.07,2085.58,2081.96,2078.56,2075.08,2071.50,2068.06,2064.60,2061.16,2057.62,2054.21,2045.40,2033.87,2030.74,2027.54,2024.23,2021.20,2018.14,2015.01,2012.04,2008.91,2005.83,2002.39,1999.29,1996.03,1992.74,1989.43,1985.94,1977.91,1944.47,1911.78,1890.84,1884.06,1875.06,1866.26,1860.05,1851.82,1844.68,1835.91,1827.46,1812.56,1800.64,1786.61,1767.14,1761.39,1756.04,1749.78,1738.39,1729.65,1707.54,1694.31,1679.55,1673.81,1662.88,1639.72,1591.56,1578.45,1574.51,1559.70,1551.74,1544.21,1527.97,1515.83,1498.85,1485.37,1471.81,1467.28,1463.25,1458.21,1448.30,1440.96,1432.01,1427.21,1418.24,1412.84,1410.18,1407.24,1404.96,1402.74,1400.57,1398.00,1395.99,1393.87,1390.92,1387.86,1385.45,1383.09,1380.87,1378.71,1376.44,1374.24,1372.07,1369.99,1367.74,1365.67,1363.44,1360.88,1358.59,1356.27,1346.86,1338.35,1331.55,1324.31,1319.72,1301.79,1298.41,1293.87,1291.89,1288.38,1284.71,1281.35,1277.45,1268.43,1267.13,1263.97,1262.26,1258.51,1256.84,1254.36,1252.88,1250.29,1239.49,1237.88,1234.09,1230.20,1225.99,1223.73,1219.74,1216.79,1214.06,1206.02,1202.34,1197.43,1194.69,1192.90,1188.90,1186.06,1184.74,1181.84,1179.40,1178.28,1176.61,1174.93,1173.09,1173.09,1173.09,1173.09,1173.09,1173.09],\r\n\t\t\t\t\tgraphSpeed         : [],\r\n\t\t\t\t\tgraphHr            : [],\r\n\t\t\t\t\tgraphAtemp         : [],\r\n\t\t\t\t\tgraphCad           : [],\r\n\t\t\t\t\tgraphGrade         : [],\r\n\t\t\t\t\twaypoints          : [],\r\n\t\t\t\t\tunit               : \"2\",\r\n\t\t\t\t\tunitspeed          : \"0\",\r\n\t\t\t\t\tcolor1             : [\"#3366cc\"],\r\n\t\t\t\t\tcolor2             : \"#3366cc\",\r\n\t\t\t\t\tcolor3             : \"#ff0000\",\r\n\t\t\t\t\tcolor4             : \"#ff77bd\",\r\n\t\t\t\t\tcolor5             : \"#beecff\",\r\n\t\t\t\t\tcolor6             : \"#beecff\",\r\n\t\t\t\t\tcolor7             : \"#ff77bd\",\r\n\t\t\t\t\tchartFrom1         : \"\",\r\n\t\t\t\t\tchartTo1           : \"\",\r\n\t\t\t\t\tchartFrom2         : \"\",\r\n\t\t\t\t\tchartTo2           : \"\",\r\n\t\t\t\t\tstartIcon          : \"\",\r\n\t\t\t\t\tendIcon            : \"\",\r\n\t\t\t\t\tcurrentIcon        : \"\",\r\n\t\t\t\t\twaypointIcon       : \"https:\/\/lavia.cc\/gpx\/wp-content\/uploads\/gpx\/cropped-icona.ico\",\r\n\t\t\t\t\tcurrentpositioncon : \"\",\r\n\t\t\t\t\tusegpsposition     : \"\",\r\n\t\t\t\t\tzoomOnScrollWheel  : \"\",\r\n\t\t\t\t\tngGalleries        : [],\r\n\t\t\t\t\tngImages           : [],\r\n\t\t\t\t\tpluginUrl          : \"https:\/\/lavia.cc\/gpx\/wp-content\/plugins\",\r\n\t\t\t\t\tTFApiKey           : \"\",\r\n\t\t\t\t\tMapBoxApiKey           : \"\",\r\n\t\t\t\t\tlangs              : {\r\n\t\t\t\t\t\taltitude        : \"Altitudine\",\r\n\t\t\t\t\t\tcurrentPosition : \"Current position\",\r\n\t\t\t\t\t\tspeed           : \"Velocit\u00e0\",\r\n\t\t\t\t\t\tgrade           : \"Grade\",\r\n\t\t\t\t\t\theartRate       : \"Battito Cardiaco\",\r\n\t\t\t\t\t\tatemp           : \"Temperature\",\r\n\t\t\t\t\t\tcadence         : \"Cadenza\",\r\n\t\t\t\t\t\tgoFullScreen    : \"Go full screen\",\r\n\t\t\t\t\t\texitFullFcreen  : \"Exit full screen\",\r\n\t\t\t\t\t\thideImages      : \"Hide images\",\r\n\t\t\t\t\t\tshowImages      : \"Show images\",\r\n\t\t\t\t\t\tbackToCenter\t: \"Ritorna al centro della mappa\"\r\n\t\t\t\t\t}\r\n\t\t\t\t});\r\n\r\n\t\t\t});\r\n\r\n\t\t<\/script>\n<p>\ud83d\udfe2 Visita\u00a0LAVIA.CC\u00a0per altre tracce gpx e condividi le tue avventure con la nostra\u00a0community!<\/p>\n","protected":false},"excerpt":{"rendered":"<p>La <strong>Cima delle Malecoste<\/strong> \u00e8 una vetta poco conosciuta ma affascinante, situata nell\u2019area occidentale del massiccio del <strong>Gran Sasso d\u2019Italia<\/strong>. A differenza delle mete pi\u00f9 celebri e battute, questa zona si distingue per la sua natura pi\u00f9 remota e isolata. Le lunghe distanze richieste per raggiungere le cime di quest\u2019area scoraggiano spesso i camminatori meno preparati, rendendola un angolo di montagna selvaggia per veri amanti dell\u2019avventura. Il percorso qui descritto segue l\u2019ascesa dal versante sud, con inizio nei pressi della piazzola di sosta a ridosso di<strong> San Pietro della Ienca<\/strong>. La salita si rivela impegnativa fin dai primi passi: il dislivello, di circa 1.350 metri, \u00e8 distribuito in modo continuo e costante su pendenze mai troppo generose. Il sentiero \u00e8 spesso poco evidente, per questo motivo, una buona capacit\u00e0 di orientamento \u00e8 fondamentale e scaricare la traccia gpx \u00e8 indispensabile, cos\u00ec come una lettura attenta dei (pochi) segnavia disponibili, spesso nascosti dall\u2019erba alta o sbiaditi dal tempo. Durante l\u2019ascesa, lo sguardo si apre sulla Valle del Vasto e sul piccolo borgo di San Pietro della Ienca. Una volta raggiunta la Sella di Malecoste, lo scenario cambia radicalmente: lo sguardo si spalanca sulla zona delle Solagne, nell\u2019alta Valle del Chiarino. Da qui si ammira la maestosa parete del Monte Corvo, con il Lago di Campotosto visibile sulla sinistra e, sulla destra, l\u2019intricato profilo della cresta nord delle Malecoste. La vista \u00e8 straordinaria e ripaga ogni fatica. Proseguendo fino alla vetta, si apre uno dei panorami pi\u00f9 ampi e spettacolari del Gran Sasso: a dominare la scena sono le alte cime centrali del gruppo, con il Pizzo Intermesoli separato dal Monte Corvo dalla profonda Valle del Venacquaro. Poco pi\u00f9 in l\u00e0 si distinguono chiaramente il<strong> Corno Piccolo<\/strong>, il maestoso <strong>Corno Grande<\/strong> e, a destra, il Monte Aquila. In primo piano appare il Pizzo Cefalone, collegato alla Cima delle Malecoste da una cresta lungo la quale si trova la Cima Wojtyla. Il nome \u201c<strong>Malecoste<\/strong>\u201d non \u00e8 affatto casuale: arrivando in cresta, si comprende subito il significato. La dorsale che si estende verso il Corvo \u00e8 un dedalo di creste frastagliate, canali e pinnacoli rocciosi, con tratti di pietra instabile che alimentano le ampie pietraie sottostanti, tanto sul versante delle Solagne quanto su quello del Venacquaro.<\/p>\n<p>\ud83d\udfe2 Scarica la TRACCIA e Segui <a href=\"https:\/\/www.instagram.com\/lavia.cc\/\" target=\"_blank\" rel=\"noopener\">LAVIA<\/a>!<\/p>\n","protected":false},"featured_media":23343,"comment_status":"open","ping_status":"closed","template":"","meta":[],"product_brand":[],"product_cat":[31],"product_tag":[58,166],"class_list":{"0":"post-23330","1":"product","2":"type-product","3":"status-publish","4":"has-post-thumbnail","6":"product_cat-escursionismo","7":"product_tag-r-abruzzo","8":"product_tag-laquila","10":"first","11":"instock","12":"downloadable","13":"virtual","14":"product-type-simple"},"_links":{"self":[{"href":"https:\/\/lavia.cc\/gpx\/wp-json\/wp\/v2\/product\/23330","targetHints":{"allow":["GET"]}}],"collection":[{"href":"https:\/\/lavia.cc\/gpx\/wp-json\/wp\/v2\/product"}],"about":[{"href":"https:\/\/lavia.cc\/gpx\/wp-json\/wp\/v2\/types\/product"}],"replies":[{"embeddable":true,"href":"https:\/\/lavia.cc\/gpx\/wp-json\/wp\/v2\/comments?post=23330"}],"version-history":[{"count":3,"href":"https:\/\/lavia.cc\/gpx\/wp-json\/wp\/v2\/product\/23330\/revisions"}],"predecessor-version":[{"id":23342,"href":"https:\/\/lavia.cc\/gpx\/wp-json\/wp\/v2\/product\/23330\/revisions\/23342"}],"wp:featuredmedia":[{"embeddable":true,"href":"https:\/\/lavia.cc\/gpx\/wp-json\/wp\/v2\/media\/23343"}],"wp:attachment":[{"href":"https:\/\/lavia.cc\/gpx\/wp-json\/wp\/v2\/media?parent=23330"}],"wp:term":[{"taxonomy":"product_brand","embeddable":true,"href":"https:\/\/lavia.cc\/gpx\/wp-json\/wp\/v2\/product_brand?post=23330"},{"taxonomy":"product_cat","embeddable":true,"href":"https:\/\/lavia.cc\/gpx\/wp-json\/wp\/v2\/product_cat?post=23330"},{"taxonomy":"product_tag","embeddable":true,"href":"https:\/\/lavia.cc\/gpx\/wp-json\/wp\/v2\/product_tag?post=23330"}],"curies":[{"name":"wp","href":"https:\/\/api.w.org\/{rel}","templated":true}]}}