{"id":23718,"date":"2025-06-14T17:59:54","date_gmt":"2025-06-14T15:59:54","guid":{"rendered":"https:\/\/lavia.cc\/gpx\/?post_type=product&#038;p=23718"},"modified":"2025-06-29T12:13:38","modified_gmt":"2025-06-29T10:13:38","slug":"elba-escursione-spiaggia-del-cannello","status":"publish","type":"product","link":"https:\/\/lavia.cc\/gpx\/tracce\/elba-escursione-spiaggia-del-cannello\/","title":{"rendered":"Isola d&#8217;Elba: Spiaggia del Cannello, solo a piedi o in MTB!"},"content":{"rendered":"<h4>Isola d&#8217;Elba: Spiaggia del Cannello, come raggiungerla a piedi!<\/h4>\n<p>\u27a1\ufe0f Clicca qui per andare al punto di partenza: <a href=\"https:\/\/www.google.com\/maps\/place\/Museo+delle+Miniere+di+Capoliveri\/@42.7167947,10.3948783,17z\/data=!3m1!4b1!4m6!3m5!1s0x12d633a133f28fa5:0xe7eb93f8b9b8db24!8m2!3d42.7167947!4d10.3948783!16s%2Fg%2F1vnhvhkl?entry=ttu&amp;g_ep=EgoyMDI1MDYxMS4wIKXMDSoASAFQAw%3D%3D\" target=\"_blank\" rel=\"noopener\">GOOGLE MAPS<\/a> (Museo delle Miniere di Capoliveri).<\/p>\n<p><b>\u26a0\ufe0f <\/b>La Spiaggia del Cannello, fortunatamente, \u00e8 priva di servizi, perci\u00f2 \u00e8 consigliato portare con s\u00e9 acqua e quanto necessario per il proprio comfort.<\/p>\n<p>\ud83d\uddfa\ufe0f Mappa e altimetria dell&#8217;<strong>escursione ad anello<\/strong> per arrivare alla <strong>Spiaggia del Cannello<\/strong>:<\/p>\n\r\n\t\t<div id=\"wpgpxmaps_23718_4767068\" class=\"wpgpxmaps\">\r\n\t\t\t<div id=\"map_23718_4767068_cont\" style=\"width:100%; height:450px;position:relative\" >\r\n\t\t\t\t<div id=\"map_23718_4767068\" style=\"width:100%; height:450px\"><\/div>\r\n\t\t\t\t<div id=\"wpgpxmaps_23718_4767068_osm_footer\" class=\"wpgpxmaps_osm_footer\" style=\"display:none;\"><span> &copy; <a href=\"http:\/\/www.openstreetmap.org\/copyright\" target=\"_blank\" rel=\"noopener\">OpenStreetMap<\/a> contributors<\/span><\/div>\r\n\t\t\t<\/div>\r\n\t\t\t<canvas id=\"myChart_23718_4767068\" class=\"plot\" style=\"width:100%; height:200px\"><\/canvas>\r\n\t\t\t<div id=\"ngimages_23718_4767068\" class=\"ngimages\" style=\"display:none\"><\/div>\r\n\t\t\t<div id=\"report_23718_4767068\" class=\"report\"><\/div>\r\n\t\t<\/div>\r\n\t\t\r\n\t\t<script type=\"text\/javascript\">\r\n\r\n\t\t\tjQuery(document).ready(function() {\r\n\r\n\t\t\t\tjQuery( \"#wpgpxmaps_23718_4767068\" ).wpgpxmaps( {\r\n\t\t\t\t\ttargetId           : \"23718_4767068\",\r\n\t\t\t\t\tmapType            : \"HYBRID\",\r\n\t\t\t\t\tmapData            : [[42.7164430,10.3948300],[42.7165760,10.3947710],[42.7168080,10.3947750],[42.7167210,10.3946990],[42.7167310,10.3945790],[42.7168400,10.3945620],[42.7169640,10.3945870],[42.7170710,10.3946270],[42.7172680,10.3947690],[42.7173160,10.3946610],[42.7172360,10.3945270],[42.7167670,10.3943000],[42.7166250,10.3942490],[42.7163540,10.3942310],[42.7162430,10.3941680],[42.7160870,10.3939160],[42.7160020,10.3936390],[42.7159420,10.3935360],[42.7158570,10.3934850],[42.7157390,10.3935650],[42.7156510,10.3937770],[42.7155370,10.3937910],[42.7157510,10.3931170],[42.7157580,10.3929370],[42.7156990,10.3927560],[42.7155270,10.3928210],[42.7154610,10.3932290],[42.7153070,10.3936850],[42.7152520,10.3938100],[42.7151460,10.3939370],[42.7150200,10.3939910],[42.7148050,10.3942510],[42.7146890,10.3945520],[42.7144480,10.3950050],[42.7144170,10.3952650],[42.7144710,10.3955810],[42.7144800,10.3958090],[42.7144450,10.3961180],[42.7145540,10.3964520],[42.7144450,10.3961180],[42.7143770,10.3959830],[42.7143790,10.3956910],[42.7142570,10.3954180],[42.7141270,10.3952830],[42.7140710,10.3949600],[42.7140710,10.3941950],[42.7138910,10.3941550],[42.7137780,10.3942780],[42.7136750,10.3951140],[42.7135370,10.3956120],[42.7134150,10.3948890],[42.7132310,10.3942350],[42.7130980,10.3940340],[42.7128360,10.3940010],[42.7126910,10.3940850],[42.7126700,10.3942420],[42.7127660,10.3948290],[42.7127970,10.3951860],[42.7126070,10.3965480],[42.7126390,10.3967510],[42.7127380,10.3970320],[42.7133250,10.3975710],[42.7134270,10.3977590],[42.7134050,10.3979880],[42.7136890,10.3983120],[42.7138670,10.3988040],[42.7139670,10.3990340],[42.7139700,10.3993880],[42.7141640,10.4002550],[42.7142500,10.4009600],[42.7146280,10.4015020],[42.7146820,10.4016060],[42.7147900,10.4019740],[42.7148040,10.4024300],[42.7148650,10.4028730],[42.7150480,10.4039920],[42.7150060,10.4044930],[42.7149750,10.4048570],[42.7149730,10.4053350],[42.7150360,10.4055730],[42.7150910,10.4059370],[42.7152690,10.4064030],[42.7153080,10.4065690],[42.7152300,10.4069850],[42.7153630,10.4069650],[42.7154940,10.4066520],[42.7154550,10.4064560],[42.7152680,10.4061420],[42.7152140,10.4059920],[42.7150920,10.4053770],[42.7152130,10.4054800],[42.7153080,10.4059130],[42.7153950,10.4060630],[42.7153660,10.4055870],[42.7153700,10.4054520],[42.7153110,10.4048480],[42.7153160,10.4046220],[42.7154070,10.4046330],[42.7154470,10.4050180],[42.7155380,10.4054140],[42.7160350,10.4065340],[42.7160870,10.4066940],[42.7161630,10.4065360],[42.7160420,10.4055970],[42.7160200,10.4054280],[42.7160060,10.4051770],[42.7160240,10.4050150],[42.7160020,10.4047470],[42.7160480,10.4045000],[42.7161560,10.4044220],[42.7163340,10.4042210],[42.7163300,10.4040240],[42.7162030,10.4036380],[42.7160780,10.4033500],[42.7160160,10.4031270],[42.7159860,10.4028650],[42.7157510,10.4021620],[42.7156660,10.4016310],[42.7156710,10.4014090],[42.7156250,10.4012820],[42.7155620,10.4009520],[42.7155310,10.3999270],[42.7155670,10.3996830],[42.7156670,10.3992680],[42.7157140,10.3989140],[42.7157450,10.3986680],[42.7158380,10.3983160],[42.7161560,10.3974330],[42.7162420,10.3973690],[42.7163440,10.3974420],[42.7162710,10.3978980],[42.7162440,10.3981790],[42.7163340,10.3992980],[42.7164270,10.3990580],[42.7164210,10.3984750],[42.7164580,10.3982550],[42.7165740,10.3983870],[42.7165810,10.3985560],[42.7166440,10.3986910],[42.7167960,10.3988550],[42.7168310,10.3986310],[42.7173290,10.3967990],[42.7173810,10.3966680],[42.7174820,10.3965780],[42.7176260,10.3965550],[42.7175450,10.3961700],[42.7173530,10.3957220],[42.7173230,10.3955490],[42.7173320,10.3952850],[42.7173870,10.3951380],[42.7171030,10.3948310],[42.7168080,10.3947750],[42.7165760,10.3947710],[42.7164600,10.3947980]],\r\n\t\t\t\t\tgraphDist          : [0.00,0.02,0.04,0.05,0.06,0.08,0.09,0.10,0.13,0.14,0.16,0.21,0.23,0.26,0.27,0.30,0.33,0.34,0.35,0.36,0.38,0.40,0.46,0.47,0.49,0.51,0.55,0.59,0.60,0.61,0.63,0.66,0.69,0.73,0.76,0.78,0.80,0.83,0.86,0.89,0.90,0.92,0.95,0.97,1.00,1.06,1.08,1.10,1.17,1.21,1.27,1.33,1.35,1.38,1.40,1.41,1.46,1.49,1.61,1.62,1.65,1.73,1.75,1.77,1.81,1.85,1.87,1.90,1.98,2.04,2.10,2.11,2.14,2.18,2.21,2.31,2.35,2.38,2.42,2.44,2.47,2.51,2.53,2.56,2.58,2.61,2.63,2.66,2.67,2.72,2.75,2.79,2.81,2.85,2.86,2.91,2.93,2.94,2.98,3.01,3.12,3.13,3.15,3.23,3.24,3.26,3.28,3.30,3.32,3.34,3.36,3.38,3.41,3.44,3.46,3.48,3.55,3.59,3.61,3.62,3.65,3.73,3.75,3.79,3.82,3.84,3.87,3.95,3.96,3.98,4.01,4.04,4.13,4.15,4.20,4.22,4.24,4.25,4.26,4.28,4.30,4.46,4.48,4.49,4.51,4.54,4.58,4.60,4.62,4.63,4.67,4.70,4.73,4.74],\r\n\t\t\t\t\tgraphEle           : [159.66,159.66,159.66,159.66,159.66,159.66,159.66,159.33,156.87,155.42,154.02,148.53,146.91,143.92,142.59,139.86,136.57,135.12,133.73,131.69,129.01,127.03,118.92,116.93,114.75,112.31,110.10,107.44,106.67,105.65,104.70,102.63,100.83,97.74,96.25,94.42,93.13,91.37,89.31,87.25,86.32,83.42,80.04,77.69,74.18,66.10,63.47,61.39,53.42,48.51,41.28,35.79,34.15,31.99,30.66,29.70,26.06,23.74,20.09,19.63,18.94,16.84,16.35,15.87,14.81,13.67,13.11,12.37,10.09,8.29,6.39,6.08,5.38,4.57,3.76,1.76,1.86,1.94,2.04,2.09,2.16,2.34,2.56,3.11,3.38,3.84,4.10,4.62,4.83,6.04,7.15,8.58,9.19,10.82,11.25,13.21,14.48,15.67,17.85,20.18,27.81,29.26,31.08,38.98,40.40,42.49,44.35,46.58,48.36,49.45,51.49,52.77,55.52,57.70,59.24,60.97,66.33,70.20,71.79,72.80,75.23,83.23,85.61,89.77,93.21,95.59,99.16,107.74,108.79,110.08,113.80,116.03,124.81,126.84,131.20,132.89,134.48,135.75,136.94,138.92,140.63,156.01,157.19,158.48,160.04,160.82,160.82,160.82,160.82,160.82,160.82,160.82,160.82,160.82],\r\n\t\t\t\t\tgraphSpeed         : [],\r\n\t\t\t\t\tgraphHr            : [],\r\n\t\t\t\t\tgraphAtemp         : [],\r\n\t\t\t\t\tgraphCad           : [],\r\n\t\t\t\t\tgraphGrade         : [],\r\n\t\t\t\t\twaypoints          : [],\r\n\t\t\t\t\tunit               : \"2\",\r\n\t\t\t\t\tunitspeed          : \"0\",\r\n\t\t\t\t\tcolor1             : [\"#3366cc\"],\r\n\t\t\t\t\tcolor2             : \"#3366cc\",\r\n\t\t\t\t\tcolor3             : \"#ff0000\",\r\n\t\t\t\t\tcolor4             : \"#ff77bd\",\r\n\t\t\t\t\tcolor5             : \"#beecff\",\r\n\t\t\t\t\tcolor6             : \"#beecff\",\r\n\t\t\t\t\tcolor7             : \"#ff77bd\",\r\n\t\t\t\t\tchartFrom1         : \"\",\r\n\t\t\t\t\tchartTo1           : \"\",\r\n\t\t\t\t\tchartFrom2         : \"\",\r\n\t\t\t\t\tchartTo2           : \"\",\r\n\t\t\t\t\tstartIcon          : \"\",\r\n\t\t\t\t\tendIcon            : \"\",\r\n\t\t\t\t\tcurrentIcon        : \"\",\r\n\t\t\t\t\twaypointIcon       : \"https:\/\/lavia.cc\/gpx\/wp-content\/uploads\/gpx\/cropped-icona.ico\",\r\n\t\t\t\t\tcurrentpositioncon : \"\",\r\n\t\t\t\t\tusegpsposition     : \"\",\r\n\t\t\t\t\tzoomOnScrollWheel  : \"\",\r\n\t\t\t\t\tngGalleries        : [],\r\n\t\t\t\t\tngImages           : [],\r\n\t\t\t\t\tpluginUrl          : \"https:\/\/lavia.cc\/gpx\/wp-content\/plugins\",\r\n\t\t\t\t\tTFApiKey           : \"\",\r\n\t\t\t\t\tMapBoxApiKey           : \"\",\r\n\t\t\t\t\tlangs              : {\r\n\t\t\t\t\t\taltitude        : \"Altitudine\",\r\n\t\t\t\t\t\tcurrentPosition : \"Current position\",\r\n\t\t\t\t\t\tspeed           : \"Velocit\u00e0\",\r\n\t\t\t\t\t\tgrade           : \"Grade\",\r\n\t\t\t\t\t\theartRate       : \"Battito Cardiaco\",\r\n\t\t\t\t\t\tatemp           : \"Temperature\",\r\n\t\t\t\t\t\tcadence         : \"Cadenza\",\r\n\t\t\t\t\t\tgoFullScreen    : \"Go full screen\",\r\n\t\t\t\t\t\texitFullFcreen  : \"Exit full screen\",\r\n\t\t\t\t\t\thideImages      : \"Hide images\",\r\n\t\t\t\t\t\tshowImages      : \"Show images\",\r\n\t\t\t\t\t\tbackToCenter\t: \"Ritorna al centro della mappa\"\r\n\t\t\t\t\t}\r\n\t\t\t\t});\r\n\r\n\t\t\t});\r\n\r\n\t\t<\/script>\n<p>\ud83d\udfe2 Visita\u00a0<a href=\"https:\/\/lavia.cc\/gpx\/\">LAVIA.CC<\/a>\u00a0per altre tracce gpx e condividi le tue avventure con la nostra\u00a0<a href=\"https:\/\/www.instagram.com\/lavia.cc\/\" target=\"_blank\" rel=\"noopener\">community<\/a>! \ud83d\udeb4\u200d\u2642\ufe0f\ud83c\udf32\ud83c\udfde\ufe0f<\/p>\n","protected":false},"excerpt":{"rendered":"<p>\ud83c\udfde\ufe0f La spiaggia del Cannello, lunga circa 350 metri, \u00e8 una delle pi\u00f9 affascinanti dell\u2019Isola d&#8217;Elba. Formata da ciottoli variopinti e sabbia scura derivata dagli scarti della lavorazione mineraria, \u00e8 immersa in un paesaggio selvaggio e quasi surreale, con vista sul Monte Calamita e sulle isole dell\u2019arcipelago. Il fatto che sia accessibile solo con una camminata o una pedalata la rende ancora pi\u00f9 speciale. Partendo dal Museo delle Miniere di Capoliveri, si cammina lunga una suggestiva strada sterrata di circa 2,5 km che scende verso il mare attraversando l\u2019area mineraria del Vallone, con\u00a0 scorci panoramici che spaziano dalla costa elbana fino alla Corsica e alle isole dell\u2019arcipelago. Lungo l&#8217;escursione si possono osservare i resti degli impianti di estrazione, come la torre di frantumazione del minerale, e attraversare aree dove i minatori, con grande fatica, lavoravano ogni giorno. Questa escursione offre un\u2019esperienza unica che unisce natura, storia industriale e mare incontaminato, ideale per chi cerca un angolo poco frequentato e ricco di fascino. Un piccolo tesoro nascosto! Qui, il silenzio \u00e8 rotto solo dal rumore delle onde e dal canto degli uccelli, offrendo un\u2019esperienza di pace e libert\u00e0 difficilmente replicabile altrove.<\/p>\n<p>\ud83d\udfe2 Segui\u00a0<strong>LAVIA,<\/strong>\u00a0arriva alla\u00a0<strong>META<\/strong>!<\/p>\n","protected":false},"featured_media":23723,"comment_status":"open","ping_status":"closed","template":"","meta":[],"product_brand":[],"product_cat":[31],"product_tag":[1935,1547],"class_list":{"0":"post-23718","1":"product","2":"type-product","3":"status-publish","4":"has-post-thumbnail","6":"product_cat-escursionismo","7":"product_tag-capoliveri","8":"product_tag-isola-delba","10":"first","11":"instock","12":"downloadable","13":"virtual","14":"product-type-simple"},"_links":{"self":[{"href":"https:\/\/lavia.cc\/gpx\/wp-json\/wp\/v2\/product\/23718","targetHints":{"allow":["GET"]}}],"collection":[{"href":"https:\/\/lavia.cc\/gpx\/wp-json\/wp\/v2\/product"}],"about":[{"href":"https:\/\/lavia.cc\/gpx\/wp-json\/wp\/v2\/types\/product"}],"replies":[{"embeddable":true,"href":"https:\/\/lavia.cc\/gpx\/wp-json\/wp\/v2\/comments?post=23718"}],"version-history":[{"count":6,"href":"https:\/\/lavia.cc\/gpx\/wp-json\/wp\/v2\/product\/23718\/revisions"}],"predecessor-version":[{"id":23733,"href":"https:\/\/lavia.cc\/gpx\/wp-json\/wp\/v2\/product\/23718\/revisions\/23733"}],"wp:featuredmedia":[{"embeddable":true,"href":"https:\/\/lavia.cc\/gpx\/wp-json\/wp\/v2\/media\/23723"}],"wp:attachment":[{"href":"https:\/\/lavia.cc\/gpx\/wp-json\/wp\/v2\/media?parent=23718"}],"wp:term":[{"taxonomy":"product_brand","embeddable":true,"href":"https:\/\/lavia.cc\/gpx\/wp-json\/wp\/v2\/product_brand?post=23718"},{"taxonomy":"product_cat","embeddable":true,"href":"https:\/\/lavia.cc\/gpx\/wp-json\/wp\/v2\/product_cat?post=23718"},{"taxonomy":"product_tag","embeddable":true,"href":"https:\/\/lavia.cc\/gpx\/wp-json\/wp\/v2\/product_tag?post=23718"}],"curies":[{"name":"wp","href":"https:\/\/api.w.org\/{rel}","templated":true}]}}