{"id":24357,"date":"2025-07-01T21:55:42","date_gmt":"2025-07-01T19:55:42","guid":{"rendered":"https:\/\/lavia.cc\/gpx\/?post_type=product&#038;p=24357"},"modified":"2025-07-01T21:55:43","modified_gmt":"2025-07-01T19:55:43","slug":"periplo-di-gorgona-lisola-dei-diritti","status":"publish","type":"product","link":"https:\/\/lavia.cc\/gpx\/tracce\/periplo-di-gorgona-lisola-dei-diritti\/","title":{"rendered":"Periplo di Gorgona &#8211; l&#8217;Isola dei Diritti"},"content":{"rendered":"<h5>Periplo di Gorgona &#8211; l&#8217;Isola dei Diritti<\/h5>\n<p>\ud83d\uddfa\ufe0f Mappa e altimetria dell&#8217;<strong>escursione guidata <\/strong>sull&#8217;Isola di Gorgona:<\/p>\n\r\n\t\t<div id=\"wpgpxmaps_24357_2594000\" class=\"wpgpxmaps\">\r\n\t\t\t<div id=\"map_24357_2594000_cont\" style=\"width:100%; height:450px;position:relative\" >\r\n\t\t\t\t<div id=\"map_24357_2594000\" style=\"width:100%; height:450px\"><\/div>\r\n\t\t\t\t<div id=\"wpgpxmaps_24357_2594000_osm_footer\" class=\"wpgpxmaps_osm_footer\" style=\"display:none;\"><span> &copy; <a href=\"http:\/\/www.openstreetmap.org\/copyright\" target=\"_blank\" rel=\"noopener\">OpenStreetMap<\/a> contributors<\/span><\/div>\r\n\t\t\t<\/div>\r\n\t\t\t<canvas id=\"myChart_24357_2594000\" class=\"plot\" style=\"width:100%; height:200px\"><\/canvas>\r\n\t\t\t<div id=\"ngimages_24357_2594000\" class=\"ngimages\" style=\"display:none\"><\/div>\r\n\t\t\t<div id=\"report_24357_2594000\" class=\"report\"><\/div>\r\n\t\t<\/div>\r\n\t\t\r\n\t\t<script type=\"text\/javascript\">\r\n\r\n\t\t\tjQuery(document).ready(function() {\r\n\r\n\t\t\t\tjQuery( \"#wpgpxmaps_24357_2594000\" ).wpgpxmaps( {\r\n\t\t\t\t\ttargetId           : \"24357_2594000\",\r\n\t\t\t\t\tmapType            : \"HYBRID\",\r\n\t\t\t\t\tmapData            : [[43.4306800,9.9070600],[43.4305833,9.9072483],[43.4305250,9.9072683],[43.4305633,9.9072817],[43.4305100,9.9073200],[43.4305267,9.9073450],[43.4305350,9.9072717],[43.4305250,9.9073133],[43.4304917,9.9073333],[43.4304767,9.9073500],[43.4304517,9.9073400],[43.4304417,9.9072900],[43.4304117,9.9072183],[43.4303767,9.9071167],[43.4304740,9.9070220],[43.4305160,9.9070030],[43.4307630,9.9068950],[43.4308930,9.9066950],[43.4312060,9.9063190],[43.4312850,9.9062620],[43.4313210,9.9060710],[43.4314780,9.9060980],[43.4314970,9.9059740],[43.4315790,9.9059540],[43.4315930,9.9057960],[43.4315880,9.9056410],[43.4315780,9.9055340],[43.4315800,9.9051150],[43.4315840,9.9053270],[43.4315780,9.9049650],[43.4314890,9.9049040],[43.4313140,9.9048800],[43.4312150,9.9047830],[43.4312250,9.9047650],[43.4311850,9.9047667],[43.4311583,9.9047283],[43.4311583,9.9046850],[43.4311600,9.9046733],[43.4311417,9.9046933],[43.4311117,9.9046950],[43.4311117,9.9046800],[43.4311317,9.9047017],[43.4311733,9.9046733],[43.4311467,9.9047150],[43.4311550,9.9047317],[43.4311990,9.9047680],[43.4311400,9.9047183],[43.4311990,9.9047680],[43.4312920,9.9048580],[43.4314070,9.9049010],[43.4314517,9.9049067],[43.4314500,9.9049100],[43.4313730,9.9047710],[43.4314860,9.9047570],[43.4317570,9.9048840],[43.4318270,9.9049820],[43.4318730,9.9049140],[43.4318300,9.9045970],[43.4315650,9.9045450],[43.4315010,9.9045420],[43.4312980,9.9045400],[43.4312980,9.9045400],[43.4314250,9.9045410],[43.4315650,9.9045450],[43.4318300,9.9045970],[43.4318730,9.9049140],[43.4318270,9.9049820],[43.4317570,9.9048840],[43.4315700,9.9047760],[43.4313680,9.9047310],[43.4314890,9.9049040],[43.4314540,9.9049110],[43.4313380,9.9047320],[43.4314860,9.9047570],[43.4314980,9.9045860],[43.4315130,9.9044060],[43.4314683,9.9043833],[43.4315130,9.9044060],[43.4315010,9.9045420],[43.4312830,9.9045400],[43.4311550,9.9045850],[43.4310410,9.9046360],[43.4309240,9.9046900],[43.4304320,9.9044860],[43.4303090,9.9043890],[43.4302700,9.9042450],[43.4302950,9.9040890],[43.4304020,9.9037910],[43.4304390,9.9036410],[43.4304590,9.9033460],[43.4305720,9.9029100],[43.4306110,9.9027240],[43.4305000,9.9028660],[43.4304490,9.9029850],[43.4302370,9.9034960],[43.4299260,9.9037280],[43.4298540,9.9038640],[43.4297380,9.9041180],[43.4297130,9.9043200],[43.4297240,9.9045180],[43.4297550,9.9047170],[43.4301120,9.9055270],[43.4300970,9.9056380],[43.4298910,9.9058450],[43.4297200,9.9059750],[43.4296110,9.9060340],[43.4294720,9.9060560],[43.4290710,9.9053540],[43.4293960,9.9050750],[43.4294490,9.9050350],[43.4297500,9.9057470],[43.4294640,9.9050690],[43.4290590,9.9053310],[43.4289670,9.9051620],[43.4288500,9.9048330],[43.4288300,9.9045660],[43.4288340,9.9036330],[43.4287600,9.9033210],[43.4287480,9.9032590],[43.4288150,9.9032190],[43.4289570,9.9035790],[43.4290890,9.9039170],[43.4291930,9.9039750],[43.4292260,9.9038480],[43.4291850,9.9037140],[43.4290460,9.9031720],[43.4290330,9.9029970],[43.4291080,9.9026130],[43.4291380,9.9024850],[43.4292120,9.9022960],[43.4292630,9.9021880],[43.4292530,9.9020660],[43.4292100,9.9018790],[43.4290250,9.9016110],[43.4286130,9.9010500],[43.4284130,9.9009570],[43.4282810,9.9009370],[43.4281950,9.9009780],[43.4278930,9.9016230],[43.4277460,9.9017910],[43.4275660,9.9018670],[43.4274400,9.9018280],[43.4273180,9.9017910],[43.4269660,9.9015640],[43.4267650,9.9015070],[43.4265370,9.9016420],[43.4265367,9.9016400],[43.4265370,9.9016420],[43.4264770,9.9018990],[43.4264250,9.9020300],[43.4262150,9.9021300],[43.4259670,9.9022150],[43.4258620,9.9024170],[43.4257860,9.9027050],[43.4257290,9.9028830],[43.4256040,9.9029570],[43.4254220,9.9029530],[43.4251770,9.9033370],[43.4251130,9.9034820],[43.4250420,9.9036010],[43.4249180,9.9036570],[43.4248320,9.9035420],[43.4248070,9.9033880],[43.4248200,9.9032740],[43.4248940,9.9030830],[43.4249510,9.9028700],[43.4249480,9.9027030],[43.4248680,9.9026240],[43.4247560,9.9026110],[43.4245270,9.9026620],[43.4242120,9.9026250],[43.4240580,9.9025760],[43.4239760,9.9025200],[43.4239850,9.9024767],[43.4239760,9.9024770],[43.4240170,9.9023190],[43.4240370,9.9022670],[43.4241840,9.9018970],[43.4243330,9.9013820],[43.4244130,9.9012720],[43.4245100,9.9011410],[43.4251310,9.9004390],[43.4253550,9.9000660],[43.4255170,9.8998700],[43.4260740,9.8991560],[43.4262860,9.8988350],[43.4265000,9.8986230],[43.4264770,9.8984910],[43.4264130,9.8983810],[43.4263250,9.8983360],[43.4260690,9.8983930],[43.4259040,9.8984300],[43.4258110,9.8984160],[43.4254260,9.8984990],[43.4247960,9.8984880],[43.4247050,9.8984470],[43.4245990,9.8983600],[43.4244090,9.8982410],[43.4241880,9.8979950],[43.4239320,9.8978270],[43.4238470,9.8977360],[43.4238160,9.8976100],[43.4237330,9.8974560],[43.4236883,9.8974150],[43.4237330,9.8974560],[43.4238160,9.8976100],[43.4238730,9.8975980],[43.4239080,9.8977150],[43.4239930,9.8977720],[43.4241490,9.8977780],[43.4244040,9.8977300],[43.4244910,9.8978080],[43.4245890,9.8981080],[43.4247160,9.8981370],[43.4253850,9.8981930],[43.4260060,9.8980030],[43.4262240,9.8979710],[43.4263310,9.8977760],[43.4263310,9.8975760],[43.4262300,9.8969440],[43.4261710,9.8966750],[43.4261410,9.8964780],[43.4261980,9.8961630],[43.4262240,9.8960220],[43.4262390,9.8959000],[43.4262383,9.8957883],[43.4262340,9.8957870],[43.4261380,9.8952940],[43.4260520,9.8949990],[43.4260410,9.8947510],[43.4261490,9.8943800],[43.4262190,9.8942780],[43.4263230,9.8942700],[43.4264200,9.8943130],[43.4265160,9.8944560],[43.4266200,9.8948740],[43.4266360,9.8947160],[43.4266920,9.8944660],[43.4272260,9.8929390],[43.4276210,9.8929850],[43.4276317,9.8929367],[43.4276533,9.8928300],[43.4276567,9.8927733],[43.4276417,9.8926517],[43.4275917,9.8926033],[43.4275983,9.8926067],[43.4275917,9.8926150],[43.4276033,9.8926117],[43.4276433,9.8926167],[43.4275867,9.8926033],[43.4275783,9.8926067],[43.4275717,9.8926450],[43.4275750,9.8926517],[43.4275983,9.8926733],[43.4276433,9.8927633],[43.4276583,9.8928600],[43.4276517,9.8929650],[43.4276633,9.8929883],[43.4278750,9.8930140],[43.4280360,9.8930530],[43.4282710,9.8932070],[43.4283950,9.8932980],[43.4284517,9.8933167],[43.4288280,9.8933040],[43.4289800,9.8933840],[43.4290640,9.8934580],[43.4291610,9.8935520],[43.4292600,9.8936020],[43.4293710,9.8936310],[43.4294650,9.8936380],[43.4295920,9.8936280],[43.4296830,9.8935800],[43.4297640,9.8935000],[43.4298660,9.8934450],[43.4300280,9.8934860],[43.4299130,9.8934510],[43.4298170,9.8934590],[43.4296830,9.8935800],[43.4295920,9.8936280],[43.4294930,9.8936410],[43.4293710,9.8936310],[43.4292600,9.8936020],[43.4291610,9.8935520],[43.4290640,9.8934580],[43.4289800,9.8933840],[43.4288280,9.8933040],[43.4284850,9.8933120],[43.4283950,9.8932980],[43.4282710,9.8932070],[43.4280360,9.8930530],[43.4278960,9.8930170],[43.4272260,9.8929390],[43.4269050,9.8927550],[43.4268010,9.8926960],[43.4267220,9.8926110],[43.4266370,9.8919500],[43.4265990,9.8917460],[43.4265930,9.8917090],[43.4265210,9.8916360],[43.4264820,9.8913890],[43.4264290,9.8912470],[43.4263670,9.8911250],[43.4262770,9.8909860],[43.4262100,9.8906860],[43.4261950,9.8906467],[43.4261880,9.8906530],[43.4260840,9.8905950],[43.4259200,9.8906000],[43.4257910,9.8907500],[43.4256980,9.8907960],[43.4255740,9.8907610],[43.4253280,9.8903690],[43.4250430,9.8902390],[43.4249310,9.8901660],[43.4247220,9.8900550],[43.4244983,9.8900350],[43.4247220,9.8900550],[43.4247730,9.8900820],[43.4247720,9.8900810],[43.4249310,9.8901660],[43.4250430,9.8902390],[43.4253280,9.8903690],[43.4255740,9.8907610],[43.4257250,9.8907960],[43.4259200,9.8906000],[43.4260840,9.8905950],[43.4261770,9.8906350],[43.4261860,9.8906480],[43.4262490,9.8909100],[43.4263670,9.8911250],[43.4264290,9.8912470],[43.4264820,9.8913890],[43.4265240,9.8915840],[43.4265690,9.8916700],[43.4266370,9.8919500],[43.4266920,9.8925190],[43.4267550,9.8926560],[43.4267870,9.8926830],[43.4271120,9.8928740],[43.4272260,9.8929390],[43.4278960,9.8930170],[43.4280360,9.8930530],[43.4282710,9.8932070],[43.4283950,9.8932980],[43.4284850,9.8933120],[43.4288280,9.8933040],[43.4289800,9.8933840],[43.4290640,9.8934580],[43.4291610,9.8935520],[43.4292600,9.8936020],[43.4293710,9.8936310],[43.4294930,9.8936410],[43.4295920,9.8936280],[43.4296830,9.8935800],[43.4297640,9.8935000],[43.4298660,9.8934450],[43.4299267,9.8934517],[43.4299130,9.8934510],[43.4300280,9.8934860],[43.4301380,9.8936240],[43.4301783,9.8936633],[43.4302000,9.8936710],[43.4302910,9.8936850],[43.4304940,9.8936500],[43.4305830,9.8935670],[43.4306840,9.8935260],[43.4310310,9.8936070],[43.4311570,9.8936720],[43.4312770,9.8937330],[43.4313950,9.8938270],[43.4315960,9.8940200],[43.4317600,9.8942690],[43.4321140,9.8944360],[43.4322080,9.8945300],[43.4323640,9.8945590],[43.4325500,9.8946340],[43.4326480,9.8947090],[43.4326670,9.8948430],[43.4326580,9.8950020],[43.4325970,9.8951760],[43.4323500,9.8956740],[43.4323320,9.8963110],[43.4323850,9.8973110],[43.4325020,9.8974850],[43.4327140,9.8974160],[43.4329750,9.8973970],[43.4331240,9.8975320],[43.4332190,9.8976170],[43.4333330,9.8979060],[43.4333970,9.8978090],[43.4334780,9.8977340],[43.4333670,9.8977830],[43.4333700,9.8978680],[43.4333370,9.8979170],[43.4333940,9.8980620],[43.4333490,9.8986760],[43.4332930,9.8990520],[43.4332250,9.8991790],[43.4330780,9.8995690],[43.4330080,9.8997220],[43.4327410,9.9000580],[43.4326620,9.9002290],[43.4326240,9.9003410],[43.4325990,9.9005120],[43.4326500,9.9006180],[43.4327490,9.9006990],[43.4329420,9.9006990],[43.4330450,9.9006990],[43.4334740,9.9006130],[43.4337230,9.9005940],[43.4338560,9.9005970],[43.4339550,9.9006370],[43.4340120,9.9008520],[43.4340017,9.9008483],[43.4340350,9.9008100],[43.4340200,9.9008200],[43.4340267,9.9008000],[43.4341117,9.9007417],[43.4341967,9.9007200],[43.4342800,9.9007200],[43.4343150,9.9007367],[43.4343067,9.9007567],[43.4343133,9.9007617],[43.4340280,9.9009120],[43.4340350,9.9009370],[43.4339680,9.9013390],[43.4339410,9.9015090],[43.4339020,9.9022920],[43.4337960,9.9027410],[43.4337210,9.9030620],[43.4336800,9.9036710],[43.4335460,9.9044320],[43.4335440,9.9045560],[43.4336200,9.9047330],[43.4338260,9.9047520],[43.4343250,9.9046480],[43.4348800,9.9045720],[43.4351100,9.9046070],[43.4357600,9.9044700],[43.4359180,9.9043970],[43.4361840,9.9037090],[43.4364270,9.9034180],[43.4365800,9.9031740],[43.4367600,9.9029330],[43.4370580,9.9026940],[43.4371160,9.9025790],[43.4371600,9.9024733],[43.4371160,9.9025790],[43.4370580,9.9026940],[43.4367600,9.9029330],[43.4365800,9.9031740],[43.4364270,9.9034180],[43.4362210,9.9036560],[43.4359180,9.9043970],[43.4357600,9.9044700],[43.4351100,9.9046070],[43.4348800,9.9045720],[43.4343540,9.9046420],[43.4338260,9.9047520],[43.4336900,9.9047600],[43.4336300,9.9047450],[43.4336300,9.9047370],[43.4335440,9.9045560],[43.4335460,9.9044320],[43.4336800,9.9036710],[43.4337210,9.9030620],[43.4339020,9.9022920],[43.4339410,9.9015090],[43.4340350,9.9009370],[43.4339550,9.9006370],[43.4338560,9.9005970],[43.4337230,9.9005940],[43.4334740,9.9006130],[43.4330450,9.9006990],[43.4328990,9.9006990],[43.4327490,9.9006990],[43.4326500,9.9006180],[43.4325990,9.9005120],[43.4326240,9.9003410],[43.4326720,9.9001360],[43.4327840,9.8997630],[43.4328190,9.8993010],[43.4329000,9.8989650],[43.4328750,9.8988380],[43.4327990,9.8987880],[43.4327990,9.8987880],[43.4326670,9.8988800],[43.4327330,9.8990050],[43.4325990,9.8995690],[43.4322250,9.9001250],[43.4321170,9.9003540],[43.4320710,9.9005600],[43.4321040,9.9008030],[43.4322150,9.9011840],[43.4324220,9.9014180],[43.4325450,9.9017020],[43.4326540,9.9023820],[43.4327320,9.9027510],[43.4327400,9.9029870],[43.4327180,9.9031850],[43.4326030,9.9035790],[43.4324710,9.9038560],[43.4323890,9.9041570],[43.4323870,9.9046280],[43.4323670,9.9054110],[43.4323130,9.9062030],[43.4322550,9.9065810],[43.4322160,9.9067280],[43.4321390,9.9061100],[43.4320150,9.9053090],[43.4319370,9.9047810],[43.4319130,9.9046550],[43.4318300,9.9045970],[43.4318483,9.9046750],[43.4318730,9.9049140],[43.4318270,9.9049820],[43.4317570,9.9048840],[43.4315700,9.9047760],[43.4313680,9.9047310],[43.4314890,9.9049040],[43.4315750,9.9049650],[43.4315860,9.9054300],[43.4315830,9.9053110],[43.4315820,9.9052320],[43.4315840,9.9053530],[43.4315840,9.9053530],[43.4315880,9.9055330],[43.4315890,9.9057210],[43.4315790,9.9059540],[43.4314970,9.9059740],[43.4314890,9.9060990],[43.4313210,9.9060710],[43.4312850,9.9062620],[43.4312470,9.9064670]],\r\n\t\t\t\t\tgraphDist          : [0.00,0.02,0.04,0.05,0.06,0.07,0.08,0.09,0.10,0.11,0.12,0.13,0.14,0.15,0.17,0.18,0.21,0.23,0.28,0.29,0.31,0.33,0.34,0.35,0.36,0.37,0.38,0.42,0.44,0.48,0.49,0.51,0.52,0.54,0.55,0.56,0.57,0.58,0.59,0.60,0.61,0.62,0.63,0.64,0.65,0.68,0.70,0.72,0.73,0.75,0.77,0.78,0.80,0.82,0.86,0.87,0.88,0.90,0.93,0.95,0.97,0.98,0.99,1.01,1.04,1.07,1.08,1.09,1.11,1.13,1.16,1.17,1.20,1.21,1.23,1.24,1.25,1.26,1.27,1.30,1.31,1.33,1.34,1.40,1.42,1.43,1.44,1.47,1.48,1.51,1.54,1.56,1.58,1.59,1.63,1.67,1.69,1.71,1.73,1.75,1.77,1.84,1.85,1.88,1.90,1.92,1.93,2.01,2.05,2.07,2.14,2.20,2.25,2.27,2.30,2.32,2.40,2.43,2.44,2.45,2.49,2.52,2.53,2.54,2.56,2.60,2.62,2.65,2.66,2.68,2.69,2.70,2.72,2.75,2.81,2.84,2.85,2.86,2.93,2.95,2.97,2.98,3.00,3.04,3.06,3.09,3.10,3.12,3.14,3.15,3.18,3.21,3.23,3.26,3.28,3.29,3.31,3.35,3.37,3.38,3.39,3.41,3.42,3.43,3.45,3.47,3.49,3.50,3.51,3.54,3.57,3.59,3.60,3.63,3.65,3.66,3.68,3.72,3.76,3.77,3.79,3.88,3.92,3.94,4.03,4.06,4.09,4.10,4.11,4.13,4.16,4.18,4.19,4.23,4.30,4.31,4.33,4.35,4.38,4.41,4.43,4.44,4.45,4.46,4.48,4.49,4.50,4.51,4.52,4.54,4.57,4.58,4.61,4.63,4.70,4.78,4.80,4.82,4.84,4.89,4.91,4.93,4.96,4.97,4.98,5.01,5.02,5.07,5.09,5.11,5.14,5.16,5.17,5.18,5.20,5.23,5.24,5.27,5.40,5.45,5.46,5.47,5.48,5.49,5.50,5.51,5.52,5.53,5.54,5.55,5.56,5.57,5.58,5.59,5.60,5.61,5.62,5.64,5.67,5.68,5.71,5.73,5.74,5.79,5.80,5.81,5.83,5.84,5.85,5.86,5.88,5.89,5.90,5.91,5.93,5.94,5.95,5.97,5.98,5.99,6.01,6.02,6.03,6.05,6.06,6.07,6.11,6.12,6.14,6.17,6.18,6.26,6.30,6.31,6.32,6.38,6.39,6.41,6.42,6.44,6.45,6.46,6.48,6.51,6.52,6.54,6.55,6.57,6.59,6.60,6.61,6.66,6.69,6.71,6.74,6.78,6.82,6.84,6.85,6.87,6.89,6.92,6.96,6.98,7.01,7.03,7.04,7.06,7.08,7.11,7.12,7.13,7.15,7.16,7.18,7.23,7.24,7.25,7.29,7.31,7.38,7.40,7.43,7.45,7.46,7.49,7.51,7.52,7.54,7.55,7.56,7.57,7.59,7.60,7.61,7.62,7.64,7.65,7.66,7.68,7.69,7.70,7.71,7.74,7.75,7.76,7.80,7.81,7.83,7.84,7.87,7.90,7.94,7.95,7.97,7.99,8.01,8.02,8.03,8.05,8.10,8.15,8.23,8.25,8.28,8.31,8.33,8.34,8.37,8.38,8.40,8.42,8.43,8.44,8.46,8.51,8.54,8.55,8.59,8.60,8.64,8.66,8.67,8.68,8.69,8.71,8.73,8.74,8.79,8.82,8.83,8.84,8.86,8.87,8.88,8.89,8.90,8.92,8.93,8.94,8.95,8.96,8.97,9.01,9.02,9.05,9.07,9.13,9.17,9.20,9.24,9.31,9.32,9.33,9.36,9.42,9.48,9.50,9.58,9.60,9.66,9.70,9.72,9.76,9.80,9.81,9.85,9.90,9.91,9.95,9.98,10.01,10.04,10.11,10.13,10.20,10.23,10.29,10.35,10.37,10.39,10.40,10.41,10.42,10.49,10.54,10.60,10.67,10.71,10.74,10.75,10.77,10.79,10.84,10.86,10.88,10.89,10.90,10.92,10.93,10.97,11.01,11.03,11.05,11.06,11.07,11.08,11.10,11.15,11.21,11.23,11.25,11.27,11.31,11.34,11.36,11.42,11.45,11.47,11.48,11.52,11.55,11.57,11.61,11.68,11.74,11.77,11.79,11.84,11.90,11.95,11.96,11.97,11.98,12.00,12.01,12.02,12.05,12.07,12.10,12.11,12.15,12.16,12.17,12.18,12.20,12.21,12.23,12.25,12.26,12.27,12.29,12.30,12.32],\r\n\t\t\t\t\tgraphEle           : [19.00,19.00,19.00,19.00,30.00,24.00,19.00,17.00,21.00,17.00,16.00,15.00,15.00,14.00,15.00,14.25,10.25,12.00,23.50,24.50,28.25,26.50,28.25,27.75,29.25,30.75,31.75,36.50,31.50,36.50,38.25,40.75,42.25,25.00,23.00,22.00,19.00,17.00,18.00,17.00,14.00,11.00,17.00,20.00,25.00,42.50,22.00,42.50,40.75,39.50,25.00,38.75,41.25,39.75,40.50,42.50,45.25,47.00,41.50,41.75,43.00,42.75,41.75,41.50,47.00,45.25,42.50,40.50,38.75,41.00,38.25,38.75,41.25,39.75,41.25,43.00,34.00,43.00,41.75,43.00,43.50,44.00,45.00,56.00,58.50,58.50,58.75,60.00,61.00,64.25,64.00,64.25,66.75,69.75,69.75,75.25,74.75,74.25,74.25,74.00,73.75,64.75,64.00,65.00,59.50,57.00,55.50,69.25,76.50,76.50,65.75,76.00,69.25,70.00,72.00,75.25,88.00,90.25,90.75,92.75,91.50,91.75,92.75,93.00,95.25,98.00,99.50,106.75,106.75,108.00,107.75,109.25,112.50,116.50,132.00,136.75,139.25,139.25,124.75,122.75,124.00,128.50,128.50,136.50,138.25,137.50,126.00,137.50,131.00,128.25,137.50,137.50,136.50,131.75,128.25,128.75,132.50,126.50,123.75,121.75,117.50,117.00,120.25,124.00,132.75,141.25,146.00,145.25,141.50,131.25,120.50,112.75,109.00,130.00,109.00,111.25,112.25,120.00,118.00,119.75,119.75,123.25,120.50,122.75,124.50,133.50,137.25,136.25,135.00,134.75,131.25,131.25,130.75,122.00,109.00,107.75,108.00,106.50,107.25,101.75,100.25,102.25,101.75,109.00,101.75,102.25,105.00,103.50,105.75,112.00,122.00,122.50,115.75,120.00,131.00,144.00,143.75,148.00,152.75,163.00,167.50,170.25,173.75,173.75,174.75,157.00,175.75,181.00,183.00,183.75,184.50,184.50,184.50,184.25,183.75,181.50,182.25,184.50,198.50,200.50,198.00,200.00,198.00,198.00,197.00,199.00,197.00,198.00,195.00,197.00,193.00,198.00,198.00,196.00,196.00,196.00,198.00,204.00,200.50,200.25,203.25,205.00,208.00,199.75,199.75,199.75,199.50,199.75,199.75,199.50,199.00,198.25,196.75,195.75,196.00,195.75,196.25,198.25,199.00,199.50,199.75,199.75,199.50,199.75,199.75,199.75,204.25,205.00,203.25,200.25,200.50,198.50,193.00,193.00,192.50,197.00,198.00,198.00,196.25,193.00,190.25,187.50,184.00,175.00,186.00,173.25,170.25,169.00,169.25,164.50,162.00,150.00,141.25,134.50,118.25,150.00,118.25,134.50,122.00,134.50,141.25,150.00,162.00,167.50,169.00,170.25,172.50,173.00,182.75,187.50,190.25,193.00,195.75,197.50,197.00,193.00,192.75,192.75,198.50,198.50,200.50,200.25,203.25,205.00,204.25,199.75,199.75,199.75,199.50,199.75,199.75,199.50,199.00,198.25,196.75,195.75,208.00,195.75,196.00,197.50,206.00,197.75,197.50,197.00,197.00,197.25,197.75,197.25,197.25,196.50,194.00,189.75,191.00,190.25,192.75,194.00,192.50,189.50,186.00,184.00,172.50,163.25,147.00,147.25,149.50,150.75,147.25,147.25,142.00,140.75,137.75,142.75,141.00,136.25,136.25,133.00,132.00,128.75,126.25,124.50,115.75,112.75,111.50,110.75,111.50,113.00,118.25,118.25,124.75,124.75,124.50,124.25,123.00,126.00,127.00,126.00,127.00,128.00,129.00,130.00,127.00,123.00,122.00,123.00,123.00,118.25,118.25,120.75,120.25,120.25,121.50,116.50,115.75,116.00,119.75,127.75,128.00,123.25,108.25,103.00,102.25,97.50,90.00,77.75,62.50,60.00,103.00,60.00,62.50,77.75,90.00,97.50,102.25,103.00,108.25,123.25,128.00,127.75,119.75,117.25,128.00,116.00,115.75,116.50,121.50,120.25,120.75,118.25,123.00,124.25,124.50,124.75,124.75,118.25,113.00,113.00,111.50,110.75,111.50,113.25,117.25,118.25,122.75,123.75,122.00,122.75,118.75,118.25,111.50,98.75,94.75,92.50,93.00,90.75,93.50,91.25,86.50,86.75,86.75,85.75,81.00,75.75,72.00,69.50,63.75,56.00,48.75,47.25,48.00,48.25,49.50,49.75,47.00,42.00,45.25,42.50,40.50,38.75,41.00,38.25,36.50,31.50,36.50,36.50,31.50,33.00,31.50,30.00,27.75,28.25,26.50,28.25,24.50,20.25],\r\n\t\t\t\t\tgraphSpeed         : [],\r\n\t\t\t\t\tgraphHr            : [],\r\n\t\t\t\t\tgraphAtemp         : [],\r\n\t\t\t\t\tgraphCad           : [],\r\n\t\t\t\t\tgraphGrade         : [],\r\n\t\t\t\t\twaypoints          : [],\r\n\t\t\t\t\tunit               : \"2\",\r\n\t\t\t\t\tunitspeed          : \"0\",\r\n\t\t\t\t\tcolor1             : [\"#3366cc\"],\r\n\t\t\t\t\tcolor2             : \"#3366cc\",\r\n\t\t\t\t\tcolor3             : \"#ff0000\",\r\n\t\t\t\t\tcolor4             : \"#ff77bd\",\r\n\t\t\t\t\tcolor5             : \"#beecff\",\r\n\t\t\t\t\tcolor6             : \"#beecff\",\r\n\t\t\t\t\tcolor7             : \"#ff77bd\",\r\n\t\t\t\t\tchartFrom1         : \"\",\r\n\t\t\t\t\tchartTo1           : \"\",\r\n\t\t\t\t\tchartFrom2         : \"\",\r\n\t\t\t\t\tchartTo2           : \"\",\r\n\t\t\t\t\tstartIcon          : \"\",\r\n\t\t\t\t\tendIcon            : \"\",\r\n\t\t\t\t\tcurrentIcon        : \"\",\r\n\t\t\t\t\twaypointIcon       : \"https:\/\/lavia.cc\/gpx\/wp-content\/uploads\/gpx\/cropped-icona.ico\",\r\n\t\t\t\t\tcurrentpositioncon : \"\",\r\n\t\t\t\t\tusegpsposition     : \"\",\r\n\t\t\t\t\tzoomOnScrollWheel  : \"\",\r\n\t\t\t\t\tngGalleries        : [],\r\n\t\t\t\t\tngImages           : [],\r\n\t\t\t\t\tpluginUrl          : \"https:\/\/lavia.cc\/gpx\/wp-content\/plugins\",\r\n\t\t\t\t\tTFApiKey           : \"\",\r\n\t\t\t\t\tMapBoxApiKey           : \"\",\r\n\t\t\t\t\tlangs              : {\r\n\t\t\t\t\t\taltitude        : \"Altitudine\",\r\n\t\t\t\t\t\tcurrentPosition : \"Current position\",\r\n\t\t\t\t\t\tspeed           : \"Velocit\u00e0\",\r\n\t\t\t\t\t\tgrade           : \"Grade\",\r\n\t\t\t\t\t\theartRate       : \"Battito Cardiaco\",\r\n\t\t\t\t\t\tatemp           : \"Temperature\",\r\n\t\t\t\t\t\tcadence         : \"Cadenza\",\r\n\t\t\t\t\t\tgoFullScreen    : \"Go full screen\",\r\n\t\t\t\t\t\texitFullFcreen  : \"Exit full screen\",\r\n\t\t\t\t\t\thideImages      : \"Hide images\",\r\n\t\t\t\t\t\tshowImages      : \"Show images\",\r\n\t\t\t\t\t\tbackToCenter\t: \"Ritorna al centro della mappa\"\r\n\t\t\t\t\t}\r\n\t\t\t\t});\r\n\r\n\t\t\t});\r\n\r\n\t\t<\/script>\n<p>\ud83d\udfe2 Visita\u00a0<a href=\"https:\/\/lavia.cc\/gpx\/\">LAVIA.CC<\/a>\u00a0per altre tracce gpx e condividi le tue avventure con la nostra\u00a0<a href=\"https:\/\/www.instagram.com\/lavia.cc\/\" target=\"_blank\" rel=\"noopener\">community<\/a>! \ud83d\udeb4\u200d\u2642\ufe0f\ud83c\udf32\ud83c\udfde\ufe0f<\/p>\n","protected":false},"excerpt":{"rendered":"<p><strong>\ud83d\udccd TRACCIA CARICATA DA:\u00a0<a href=\"https:\/\/lavia.cc\/gpx\/maremma-green-passion\/\" target=\"_blank\" rel=\"noopener\">MAREMMA GREEN PASSION<\/a><\/strong><\/p>\n<p>L&#8217;Isola di Gorgona \u00e8 la pi\u00f9 piccola e a nord dell&#8217;Arcipelago Toscano, si trova nel Mar Ligure a 34km dalla costa di Livorno e attualmente ospita l&#8217;ultima colonia penale agricola del Mediterraneo. La sua esplorazione pu\u00f2 avvenire solo se accompagnati da una guida autorizzata (nel mio caso Incanto Toscano Hiking Guides) perch\u00e9 sull&#8217;isola i detenuti circolano liberamente per svolgere le proprie attivit\u00e0 lavorative, in un percorso educativo che mira al loro reinserimento nella societ\u00e0. Sempre per questo motivo solo le guide sono autorizzate a scattare foto in punti concordati con la polizia penitenziaria. La partenza \u00e8 dal Molo Elba del porto di Livorno e l&#8217;attracco sull&#8217;isola \u00e8 al porticciolo dove si trova l&#8217;unica caletta in cui \u00e8 concesso fare il bagno. La visita parte quindi dal paese dove si fa visita alla chiesetta di San Gorgonio e alla Villa Romana. Si risale quindi verso Villa Margherita, dove si trovano l&#8217;allevamento e l&#8217;orto, curati dai detenuti. Inizia cos\u00ec il periplo che si snoda sulle pendici dei rilievi, con scorci suggestivi sulle calette che scavano la costa rocciosa con scogli a picco e acqua cristallina. Sicuramente i resti pi\u00f9 suggestivi sono quelli di Torre Vecchia, una struttura fortificata edificata in epoca duecentesca dai Pisani. Si tocca anche il cimitero, nel quale sono sepolti gli storici residenti dell&#8217;isola e i vigneti di Frescobaldi che partecipa al progetto di formazione dei detenuti coinvolti nella viticoltura e nella produzione del vino. L&#8217;esperienza \u00e8 molto particolare e il territorio montuoso e rigoglioso piacevole da esplorare. Una giornata davvero diversa dal solito&#8230;<\/p>\n<p>\ud83c\udf89 W LE ISOLE DELL&#8217;ACIPELAGO TOSCANO!<\/p>\n<p>\ud83d\udfe2 Segui\u00a0<strong>LAVIA,<\/strong>\u00a0arriva alla\u00a0<strong>META<\/strong>!<\/p>\n","protected":false},"featured_media":24361,"comment_status":"open","ping_status":"closed","template":"","meta":[],"product_brand":[],"product_cat":[1897],"product_tag":[1945,721,126],"class_list":{"0":"post-24357","1":"product","2":"type-product","3":"status-publish","4":"has-post-thumbnail","6":"product_cat-escursione-con-guida","7":"product_tag-isola-di-gorgona","8":"product_tag-livorno","9":"product_tag-toscana","11":"first","12":"instock","13":"downloadable","14":"virtual","15":"product-type-simple"},"_links":{"self":[{"href":"https:\/\/lavia.cc\/gpx\/wp-json\/wp\/v2\/product\/24357","targetHints":{"allow":["GET"]}}],"collection":[{"href":"https:\/\/lavia.cc\/gpx\/wp-json\/wp\/v2\/product"}],"about":[{"href":"https:\/\/lavia.cc\/gpx\/wp-json\/wp\/v2\/types\/product"}],"replies":[{"embeddable":true,"href":"https:\/\/lavia.cc\/gpx\/wp-json\/wp\/v2\/comments?post=24357"}],"version-history":[{"count":1,"href":"https:\/\/lavia.cc\/gpx\/wp-json\/wp\/v2\/product\/24357\/revisions"}],"predecessor-version":[{"id":24360,"href":"https:\/\/lavia.cc\/gpx\/wp-json\/wp\/v2\/product\/24357\/revisions\/24360"}],"wp:featuredmedia":[{"embeddable":true,"href":"https:\/\/lavia.cc\/gpx\/wp-json\/wp\/v2\/media\/24361"}],"wp:attachment":[{"href":"https:\/\/lavia.cc\/gpx\/wp-json\/wp\/v2\/media?parent=24357"}],"wp:term":[{"taxonomy":"product_brand","embeddable":true,"href":"https:\/\/lavia.cc\/gpx\/wp-json\/wp\/v2\/product_brand?post=24357"},{"taxonomy":"product_cat","embeddable":true,"href":"https:\/\/lavia.cc\/gpx\/wp-json\/wp\/v2\/product_cat?post=24357"},{"taxonomy":"product_tag","embeddable":true,"href":"https:\/\/lavia.cc\/gpx\/wp-json\/wp\/v2\/product_tag?post=24357"}],"curies":[{"name":"wp","href":"https:\/\/api.w.org\/{rel}","templated":true}]}}