{"id":24659,"date":"2025-08-02T16:16:12","date_gmt":"2025-08-02T14:16:12","guid":{"rendered":"https:\/\/lavia.cc\/gpx\/?post_type=product&#038;p=24659"},"modified":"2025-08-02T16:19:10","modified_gmt":"2025-08-02T14:19:10","slug":"escursione-al-rifugio-mulaz-da-passo-valles","status":"publish","type":"product","link":"https:\/\/lavia.cc\/gpx\/tracce\/escursione-al-rifugio-mulaz-da-passo-valles\/","title":{"rendered":"Escursione al Rifugio Mulaz (2571 m) da Passo Valles"},"content":{"rendered":"<h4>Escursione al Rifugio Mulaz (2571m) da Passo Valles. Sentiero 751.<\/h4>\n<p>\ud83d\udd5c Periodo consigliato: da Maggio a Settembre.<\/p>\n<p>\u27a1\ufe0f Clicca qui per andare al punto di partenza: <a href=\"https:\/\/www.google.com\/maps\/place\/Parcheggio+Passo+Valles\/@46.3386336,11.8007965,18.06z\/data=!4m14!1m7!3m6!1s0x47785dce941286f7:0x4ddf1a80324c5179!2sPasso+Valles!8m2!3d46.3385353!4d11.8021823!16s%2Fg%2F11t9rfqk59!3m5!1s0x47785d00195e1c7f:0x8b278f060fd0507b!8m2!3d46.3384855!4d11.8008536!16s%2Fg%2F11yb973ttp?authuser=0&amp;entry=ttu&amp;g_ep=EgoyMDI1MDcwOS4wIKXMDSoASAFQAw%3D%3D\" target=\"_blank\" rel=\"noopener\">GOOGLE MAPS<\/a> (Parcheggio del Passo Valles).<\/p>\n<p>\ud83d\uddfa\ufe0f Mappa e altimetria dell&#8217;escursione al <strong>Rifugio Mulaz da Passo Valles<\/strong>:<\/p>\n\r\n\t\t<div id=\"wpgpxmaps_24659_70304\" class=\"wpgpxmaps\">\r\n\t\t\t<div id=\"map_24659_70304_cont\" style=\"width:100%; height:450px;position:relative\" >\r\n\t\t\t\t<div id=\"map_24659_70304\" style=\"width:100%; height:450px\"><\/div>\r\n\t\t\t\t<div id=\"wpgpxmaps_24659_70304_osm_footer\" class=\"wpgpxmaps_osm_footer\" style=\"display:none;\"><span> &copy; <a href=\"http:\/\/www.openstreetmap.org\/copyright\" target=\"_blank\" rel=\"noopener\">OpenStreetMap<\/a> contributors<\/span><\/div>\r\n\t\t\t<\/div>\r\n\t\t\t<canvas id=\"myChart_24659_70304\" class=\"plot\" style=\"width:100%; height:200px\"><\/canvas>\r\n\t\t\t<div id=\"ngimages_24659_70304\" class=\"ngimages\" style=\"display:none\"><\/div>\r\n\t\t\t<div id=\"report_24659_70304\" class=\"report\"><\/div>\r\n\t\t<\/div>\r\n\t\t\r\n\t\t<script type=\"text\/javascript\">\r\n\r\n\t\t\tjQuery(document).ready(function() {\r\n\r\n\t\t\t\tjQuery( \"#wpgpxmaps_24659_70304\" ).wpgpxmaps( {\r\n\t\t\t\t\ttargetId           : \"24659_70304\",\r\n\t\t\t\t\tmapType            : \"HYBRID\",\r\n\t\t\t\t\tmapData            : [[46.3386210,11.8013070],[46.3385010,11.8012180],[46.3384670,11.8009430],[46.3384790,11.8004580],[46.3383560,11.8004830],[46.3382520,11.8006440],[46.3381160,11.8006870],[46.3375030,11.8010420],[46.3370300,11.8014910],[46.3369110,11.8014420],[46.3364720,11.8012630],[46.3364680,11.8013970],[46.3363490,11.8014200],[46.3363140,11.8015640],[46.3363490,11.8017120],[46.3362050,11.8017490],[46.3360960,11.8018180],[46.3359970,11.8017540],[46.3359010,11.8018050],[46.3356690,11.8018180],[46.3357280,11.8020970],[46.3356870,11.8022990],[46.3356320,11.8026780],[46.3355910,11.8029590],[46.3354340,11.8031770],[46.3352960,11.8035950],[46.3350330,11.8040070],[46.3347770,11.8046950],[46.3345530,11.8049810],[46.3340120,11.8058290],[46.3337380,11.8062830],[46.3330890,11.8076310],[46.3329840,11.8076680],[46.3330280,11.8070790],[46.3329940,11.8068690],[46.3328740,11.8071730],[46.3327030,11.8072460],[46.3326130,11.8073860],[46.3326130,11.8071950],[46.3325030,11.8075020],[46.3324830,11.8073700],[46.3324140,11.8074150],[46.3321100,11.8074500],[46.3320580,11.8075780],[46.3321020,11.8082580],[46.3320950,11.8086300],[46.3317620,11.8097730],[46.3317620,11.8099430],[46.3318670,11.8099040],[46.3316170,11.8103360],[46.3315560,11.8105000],[46.3315340,11.8106680],[46.3314150,11.8110840],[46.3313340,11.8112630],[46.3313540,11.8116190],[46.3313020,11.8119710],[46.3311670,11.8121990],[46.3310950,11.8124970],[46.3309150,11.8129680],[46.3308510,11.8133910],[46.3306100,11.8134180],[46.3305010,11.8134400],[46.3302190,11.8137640],[46.3298000,11.8145690],[46.3296160,11.8147760],[46.3294060,11.8152870],[46.3293270,11.8153860],[46.3291790,11.8160410],[46.3291760,11.8161940],[46.3290670,11.8167130],[46.3289430,11.8170100],[46.3286280,11.8173200],[46.3283450,11.8176930],[46.3282300,11.8185180],[46.3278030,11.8193250],[46.3275040,11.8192990],[46.3272920,11.8192240],[46.3270020,11.8191670],[46.3268140,11.8191940],[46.3266170,11.8193400],[46.3260440,11.8190500],[46.3258350,11.8190860],[46.3254060,11.8195970],[46.3254720,11.8198180],[46.3255610,11.8206250],[46.3255920,11.8207600],[46.3255150,11.8209870],[46.3257980,11.8214690],[46.3258200,11.8216270],[46.3258990,11.8218250],[46.3259080,11.8220180],[46.3259210,11.8222330],[46.3259530,11.8224160],[46.3260150,11.8225670],[46.3260610,11.8228260],[46.3260360,11.8232280],[46.3261150,11.8233860],[46.3261070,11.8235740],[46.3261670,11.8238900],[46.3261750,11.8240430],[46.3260280,11.8246310],[46.3259800,11.8249630],[46.3258400,11.8253720],[46.3258430,11.8255930],[46.3258800,11.8257680],[46.3259840,11.8258280],[46.3260970,11.8260820],[46.3262090,11.8262290],[46.3263200,11.8263770],[46.3264150,11.8266620],[46.3264590,11.8269060],[46.3265500,11.8270670],[46.3265810,11.8272650],[46.3266730,11.8273950],[46.3267180,11.8276590],[46.3267770,11.8278000],[46.3267960,11.8279670],[46.3265570,11.8282040],[46.3264720,11.8283670],[46.3263300,11.8287360],[46.3264040,11.8288450],[46.3266460,11.8285830],[46.3266990,11.8289740],[46.3267810,11.8290840],[46.3267790,11.8292770],[46.3265520,11.8297890],[46.3265700,11.8300630],[46.3265440,11.8302860],[46.3265760,11.8304720],[46.3266330,11.8306290],[46.3265130,11.8310410],[46.3265240,11.8311720],[46.3267370,11.8313410],[46.3268710,11.8313510],[46.3271220,11.8315450],[46.3273460,11.8318230],[46.3274110,11.8319490],[46.3274540,11.8321160],[46.3274470,11.8323010],[46.3274370,11.8325680],[46.3273960,11.8327760],[46.3273850,11.8329170],[46.3271170,11.8334850],[46.3267520,11.8339360],[46.3261290,11.8344260],[46.3257240,11.8345320],[46.3251230,11.8350000],[46.3246760,11.8355170],[46.3242720,11.8359230],[46.3240650,11.8363040],[46.3240200,11.8367120],[46.3240110,11.8371180],[46.3239230,11.8373900],[46.3239440,11.8378200],[46.3240430,11.8382730],[46.3240480,11.8384280],[46.3240290,11.8385630],[46.3239020,11.8387610],[46.3238680,11.8391230],[46.3236850,11.8392030],[46.3235200,11.8393410],[46.3233900,11.8396450],[46.3232260,11.8398820],[46.3228010,11.8401490],[46.3226400,11.8405870],[46.3224730,11.8408030],[46.3223640,11.8410520],[46.3221570,11.8411210],[46.3219440,11.8413530],[46.3216900,11.8414890],[46.3212660,11.8414570],[46.3209140,11.8412500],[46.3205950,11.8411810],[46.3201170,11.8413170],[46.3195320,11.8418020],[46.3195440,11.8420910],[46.3194920,11.8422440],[46.3192010,11.8422880],[46.3188000,11.8422000],[46.3186130,11.8422410],[46.3184680,11.8424400],[46.3183310,11.8425770],[46.3183730,11.8422190],[46.3183620,11.8419320],[46.3182560,11.8417190],[46.3180830,11.8419120],[46.3179750,11.8417650],[46.3180070,11.8415170],[46.3177680,11.8415280],[46.3179150,11.8411480],[46.3176790,11.8412330],[46.3175820,11.8414040],[46.3175000,11.8409340],[46.3174150,11.8408020],[46.3169970,11.8410550],[46.3166820,11.8415410],[46.3165740,11.8416260],[46.3163020,11.8416480],[46.3150290,11.8412740],[46.3145710,11.8405520],[46.3143290,11.8405530],[46.3142440,11.8404930],[46.3141490,11.8405250],[46.3140760,11.8406090],[46.3140020,11.8405300],[46.3137490,11.8404520],[46.3134070,11.8405090],[46.3133160,11.8404900],[46.3132440,11.8403910],[46.3130620,11.8401430],[46.3129030,11.8399270],[46.3128980,11.8397910],[46.3129390,11.8396750],[46.3129400,11.8395400],[46.3126870,11.8393600],[46.3125860,11.8393330],[46.3124000,11.8393880],[46.3121940,11.8391270],[46.3120100,11.8387880],[46.3119110,11.8385410],[46.3116360,11.8383180],[46.3115550,11.8383850],[46.3114330,11.8383480],[46.3112910,11.8382800],[46.3114330,11.8383480],[46.3115550,11.8383850],[46.3116360,11.8383180],[46.3119110,11.8385410],[46.3120100,11.8387880],[46.3121940,11.8391270],[46.3124000,11.8393880],[46.3125860,11.8393330],[46.3126870,11.8393600],[46.3129400,11.8395400],[46.3129390,11.8396750],[46.3128980,11.8397910],[46.3129030,11.8399270],[46.3130620,11.8401430],[46.3132440,11.8403910],[46.3133160,11.8404900],[46.3134070,11.8405090],[46.3137490,11.8404520],[46.3140020,11.8405300],[46.3140760,11.8406090],[46.3141490,11.8405250],[46.3142440,11.8404930],[46.3143290,11.8405530],[46.3145710,11.8405520],[46.3150290,11.8412740],[46.3163020,11.8416480],[46.3165740,11.8416260],[46.3166820,11.8415410],[46.3169970,11.8410550],[46.3174150,11.8408020],[46.3175000,11.8409340],[46.3175820,11.8414040],[46.3176790,11.8412330],[46.3178410,11.8411300],[46.3177680,11.8415280],[46.3180070,11.8415170],[46.3179750,11.8417650],[46.3180830,11.8419120],[46.3182560,11.8417190],[46.3183620,11.8419320],[46.3183730,11.8422190],[46.3183310,11.8425770],[46.3184680,11.8424400],[46.3186130,11.8422410],[46.3188000,11.8422000],[46.3192010,11.8422880],[46.3194920,11.8422440],[46.3195440,11.8420910],[46.3195320,11.8418020],[46.3201170,11.8413170],[46.3205950,11.8411810],[46.3209140,11.8412500],[46.3212660,11.8414570],[46.3216900,11.8414890],[46.3219440,11.8413530],[46.3221570,11.8411210],[46.3223640,11.8410520],[46.3224730,11.8408030],[46.3226400,11.8405870],[46.3228010,11.8401490],[46.3232260,11.8398820],[46.3233900,11.8396450],[46.3235200,11.8393410],[46.3236850,11.8392030],[46.3238680,11.8391230],[46.3239020,11.8387610],[46.3240290,11.8385630],[46.3240480,11.8384280],[46.3240430,11.8382730],[46.3239440,11.8378200],[46.3239230,11.8373900],[46.3240110,11.8371180],[46.3240200,11.8367120],[46.3240650,11.8363040],[46.3242720,11.8359230],[46.3246760,11.8355170],[46.3251230,11.8350000],[46.3257240,11.8345320],[46.3261290,11.8344260],[46.3267520,11.8339360],[46.3271170,11.8334850],[46.3273850,11.8329170],[46.3273960,11.8327760],[46.3273990,11.8326440],[46.3274670,11.8324150],[46.3274540,11.8321160],[46.3274110,11.8319490],[46.3273460,11.8318230],[46.3271220,11.8315450],[46.3268710,11.8313510],[46.3267370,11.8313410],[46.3265240,11.8311720],[46.3265130,11.8310410],[46.3266330,11.8306290],[46.3265760,11.8304720],[46.3265440,11.8302860],[46.3265700,11.8300630],[46.3265520,11.8297890],[46.3267790,11.8292770],[46.3267810,11.8290840],[46.3266990,11.8289740],[46.3266940,11.8286810],[46.3264910,11.8288180],[46.3263370,11.8287970],[46.3264720,11.8283670],[46.3265570,11.8282040],[46.3267960,11.8279670],[46.3267770,11.8278000],[46.3267180,11.8276590],[46.3266730,11.8273950],[46.3265810,11.8272650],[46.3265500,11.8270670],[46.3264590,11.8269060],[46.3264150,11.8266620],[46.3263200,11.8263770],[46.3262090,11.8262290],[46.3261680,11.8261130],[46.3259840,11.8258280],[46.3258800,11.8257680],[46.3258430,11.8255930],[46.3258400,11.8253720],[46.3259800,11.8249630],[46.3260280,11.8246310],[46.3261750,11.8240430],[46.3261670,11.8238900],[46.3261070,11.8235740],[46.3261150,11.8233860],[46.3260360,11.8232280],[46.3260610,11.8228260],[46.3260150,11.8225670],[46.3259530,11.8224160],[46.3259210,11.8222330],[46.3259080,11.8220180],[46.3259300,11.8218430],[46.3258570,11.8216600],[46.3257980,11.8214690],[46.3255150,11.8209870],[46.3255790,11.8208610],[46.3255610,11.8206250],[46.3254720,11.8198180],[46.3254060,11.8195970],[46.3258350,11.8190860],[46.3260440,11.8190500],[46.3266170,11.8193400],[46.3268140,11.8191940],[46.3270020,11.8191670],[46.3272130,11.8192700],[46.3275040,11.8192990],[46.3278030,11.8193250],[46.3282300,11.8185180],[46.3283450,11.8176930],[46.3286280,11.8173200],[46.3289430,11.8170100],[46.3290670,11.8167130],[46.3291760,11.8161940],[46.3291790,11.8160410],[46.3293270,11.8153860],[46.3294060,11.8152870],[46.3296160,11.8147760],[46.3298000,11.8145690],[46.3302190,11.8137640],[46.3305010,11.8134400],[46.3306100,11.8134180],[46.3307920,11.8134410],[46.3309150,11.8129680],[46.3310950,11.8124970],[46.3311670,11.8121990],[46.3313020,11.8119710],[46.3313540,11.8116190],[46.3313340,11.8112630],[46.3314150,11.8110840],[46.3315340,11.8106680],[46.3315560,11.8105000],[46.3316170,11.8103360],[46.3318800,11.8100020],[46.3318000,11.8099760],[46.3317620,11.8097730],[46.3320950,11.8086300],[46.3321020,11.8082580],[46.3320490,11.8076970],[46.3320500,11.8074640],[46.3323510,11.8074880],[46.3324360,11.8073370],[46.3325030,11.8075020],[46.3326130,11.8071950],[46.3326130,11.8073860],[46.3327030,11.8072460],[46.3328000,11.8072430],[46.3329940,11.8068690],[46.3330280,11.8070790],[46.3329840,11.8076680],[46.3330890,11.8076310],[46.3337380,11.8062830],[46.3340120,11.8058290],[46.3345530,11.8049810],[46.3347770,11.8046950],[46.3350330,11.8040070],[46.3352960,11.8035950],[46.3354340,11.8031770],[46.3355910,11.8029590],[46.3356760,11.8027700],[46.3357640,11.8023780],[46.3358860,11.8021320],[46.3359550,11.8018830],[46.3359970,11.8017540],[46.3360960,11.8018180],[46.3362150,11.8018440],[46.3363490,11.8017120],[46.3363140,11.8015640],[46.3363490,11.8014200],[46.3364680,11.8013970],[46.3364720,11.8012630],[46.3369110,11.8014420],[46.3370300,11.8014910],[46.3375030,11.8010420],[46.3381160,11.8006870],[46.3382520,11.8006440],[46.3383560,11.8004830],[46.3384790,11.8004580],[46.3384670,11.8009430],[46.3385010,11.8012180],[46.3385710,11.8012930]],\r\n\t\t\t\t\tgraphDist          : [0.00,0.02,0.04,0.07,0.09,0.11,0.12,0.19,0.26,0.27,0.32,0.33,0.35,0.36,0.37,0.39,0.41,0.42,0.43,0.46,0.48,0.50,0.53,0.55,0.58,0.61,0.66,0.72,0.75,0.84,0.89,1.01,1.03,1.07,1.09,1.12,1.14,1.15,1.17,1.19,1.20,1.22,1.25,1.27,1.32,1.35,1.45,1.46,1.47,1.52,1.54,1.55,1.58,1.60,1.63,1.66,1.68,1.70,1.74,1.78,1.81,1.82,1.86,1.94,1.96,2.01,2.02,2.07,2.08,2.13,2.15,2.19,2.24,2.30,2.38,2.41,2.44,2.47,2.49,2.52,2.58,2.61,2.67,2.69,2.75,2.76,2.78,2.83,2.84,2.86,2.88,2.90,2.91,2.92,2.95,2.98,2.99,3.01,3.03,3.04,3.09,3.12,3.15,3.17,3.18,3.20,3.22,3.24,3.25,3.28,3.30,3.31,3.33,3.34,3.36,3.38,3.39,3.42,3.44,3.47,3.48,3.52,3.55,3.56,3.58,3.63,3.65,3.66,3.68,3.69,3.73,3.74,3.76,3.78,3.81,3.84,3.86,3.87,3.88,3.91,3.92,3.93,3.99,4.04,4.12,4.16,4.24,4.30,4.36,4.40,4.43,4.46,4.49,4.52,4.56,4.57,4.58,4.60,4.63,4.65,4.67,4.70,4.73,4.78,4.82,4.84,4.86,4.89,4.92,4.95,5.00,5.04,5.08,5.13,5.21,5.23,5.25,5.28,5.33,5.35,5.37,5.39,5.42,5.44,5.46,5.49,5.51,5.53,5.55,5.59,5.62,5.63,5.67,5.69,5.74,5.79,5.81,5.84,5.99,6.07,6.10,6.11,6.12,6.13,6.14,6.17,6.21,6.22,6.23,6.26,6.28,6.29,6.30,6.31,6.34,6.36,6.38,6.41,6.44,6.46,6.50,6.51,6.52,6.54,6.55,6.57,6.58,6.61,6.64,6.67,6.70,6.72,6.73,6.76,6.77,6.78,6.79,6.82,6.85,6.86,6.87,6.91,6.94,6.95,6.96,6.97,6.98,7.01,7.09,7.24,7.27,7.28,7.34,7.39,7.40,7.44,7.46,7.48,7.52,7.55,7.57,7.59,7.61,7.63,7.66,7.68,7.70,7.73,7.75,7.79,7.83,7.84,7.86,7.94,8.00,8.04,8.08,8.13,8.16,8.19,8.21,8.23,8.26,8.30,8.35,8.38,8.40,8.42,8.45,8.47,8.50,8.51,8.52,8.56,8.59,8.61,8.65,8.68,8.72,8.77,8.83,8.91,8.96,9.04,9.09,9.14,9.15,9.16,9.18,9.21,9.22,9.23,9.26,9.30,9.31,9.34,9.35,9.38,9.40,9.41,9.43,9.45,9.50,9.51,9.52,9.55,9.58,9.60,9.64,9.65,9.69,9.70,9.71,9.73,9.75,9.76,9.78,9.80,9.82,9.84,9.85,9.88,9.89,9.91,9.92,9.96,9.98,10.03,10.04,10.07,10.08,10.10,10.13,10.15,10.16,10.18,10.20,10.21,10.23,10.24,10.29,10.30,10.32,10.39,10.41,10.47,10.49,10.56,10.58,10.60,10.63,10.66,10.70,10.77,10.84,10.88,10.92,10.95,10.99,11.00,11.06,11.07,11.11,11.14,11.22,11.26,11.27,11.29,11.33,11.37,11.40,11.42,11.45,11.48,11.49,11.53,11.54,11.55,11.59,11.61,11.63,11.73,11.75,11.80,11.82,11.85,11.87,11.88,11.91,11.92,11.94,11.95,11.99,12.00,12.05,12.06,12.19,12.24,12.33,12.36,12.42,12.46,12.50,12.52,12.54,12.57,12.60,12.62,12.64,12.65,12.66,12.69,12.70,12.71,12.73,12.74,12.79,12.80,12.87,12.94,12.95,12.97,12.99,13.02,13.04,13.05],\r\n\t\t\t\t\tgraphEle           : [2034.34,2034.34,2034.34,2034.34,2034.34,2034.89,2036.43,2043.71,2049.95,2051.31,2058.88,2061.10,2063.98,2066.50,2069.09,2072.60,2077.07,2079.67,2082.12,2087.69,2092.59,2096.08,2100.37,2103.19,2106.28,2110.83,2116.34,2124.17,2128.99,2141.87,2148.60,2169.36,2171.39,2179.08,2181.87,2186.10,2188.05,2189.48,2190.87,2193.39,2194.37,2195.54,2198.94,2200.41,2205.63,2209.15,2220.86,2222.47,2224.22,2230.07,2231.86,2233.50,2237.81,2239.91,2243.33,2246.78,2249.66,2252.69,2255.13,2256.18,2257.05,2257.44,2258.69,2261.08,2261.85,2263.19,2263.53,2265.09,2265.44,2266.40,2266.42,2266.47,2266.51,2266.57,2261.48,2258.81,2256.87,2254.12,2252.44,2250.54,2249.85,2249.61,2248.98,2248.79,2253.58,2255.17,2258.06,2265.12,2266.92,2269.59,2272.11,2274.52,2276.63,2277.88,2278.79,2280.16,2280.84,2281.48,2282.60,2283.12,2285.24,2286.39,2287.08,2287.40,2287.67,2287.91,2288.35,2288.69,2289.01,2289.48,2289.85,2290.15,2291.06,2292.11,2293.64,2294.56,2295.52,2297.87,2299.02,2301.39,2302.35,2304.91,2307.75,2308.86,2310.19,2314.37,2316.26,2317.82,2319.13,2320.35,2322.22,2321.44,2319.41,2318.28,2315.89,2313.42,2312.51,2311.48,2310.41,2308.80,2307.51,2306.74,2303.00,2299.23,2293.66,2290.44,2285.10,2280.63,2270.62,2262.02,2254.70,2247.50,2242.17,2234.53,2228.50,2226.66,2225.03,2221.83,2217.51,2214.24,2210.97,2206.74,2202.77,2204.12,2205.37,2206.19,2206.94,2207.71,2208.69,2214.27,2227.43,2239.21,2249.21,2264.31,2283.91,2289.71,2293.13,2301.62,2313.39,2318.64,2323.67,2327.87,2334.19,2339.19,2343.76,2349.26,2353.17,2357.56,2363.78,2372.54,2379.87,2384.32,2394.07,2397.70,2410.89,2426.37,2430.72,2440.37,2485.63,2507.36,2515.13,2518.16,2521.29,2524.28,2527.24,2535.54,2538.67,2539.39,2540.16,2542.10,2543.79,2544.52,2545.22,2545.94,2548.13,2548.92,2550.12,2550.26,2550.40,2550.50,2550.65,2550.69,2550.75,2550.82,2550.90,2550.96,2550.90,2550.51,2550.27,2549.90,2549.56,2549.33,2549.20,2548.85,2548.58,2547.17,2545.71,2542.30,2538.40,2536.85,2535.41,2530.03,2525.99,2524.56,2523.10,2521.58,2519.35,2510.43,2485.50,2439.85,2431.13,2427.20,2412.47,2397.96,2394.27,2384.67,2380.29,2375.22,2364.44,2357.59,2352.59,2348.15,2342.40,2338.00,2333.18,2327.09,2323.04,2318.19,2313.60,2303.75,2294.93,2291.07,2284.53,2262.49,2246.55,2237.99,2229.21,2219.40,2213.14,2206.99,2202.08,2201.88,2202.78,2204.17,2206.04,2206.98,2207.97,2210.07,2214.68,2220.75,2225.24,2227.54,2230.12,2238.02,2245.18,2250.18,2255.91,2261.42,2267.89,2277.39,2287.13,2291.31,2293.83,2298.51,2303.01,2307.48,2308.40,2309.25,2310.89,2312.86,2314.01,2314.64,2315.61,2316.54,2316.98,2317.78,2318.08,2319.09,2319.50,2319.93,2319.88,2317.43,2312.01,2310.29,2308.85,2306.24,2302.27,2300.16,2296.66,2296.01,2294.66,2294.12,2293.59,2292.72,2292.12,2291.47,2290.81,2290.00,2288.98,2288.55,2288.35,2287.74,2287.50,2287.22,2286.89,2286.21,2285.70,2284.42,2283.48,2281.47,2280.32,2279.09,2276.62,2274.98,2273.91,2272.75,2271.43,2270.34,2268.97,2266.73,2260.37,2258.79,2256.33,2248.10,2245.68,2245.91,2247.82,2253.32,2255.32,2257.04,2259.03,2260.36,2261.67,2264.73,2266.77,2266.39,2266.00,2265.76,2265.38,2265.28,2264.18,2263.82,2262.40,2261.59,2259.18,2257.27,2256.61,2255.50,2253.28,2251.03,2249.71,2248.46,2245.31,2241.35,2238.94,2233.95,2232.06,2229.99,2224.38,2221.80,2219.21,2209.62,2206.76,2202.40,2200.60,2196.88,2195.04,2193.11,2189.96,2188.21,2186.41,2185.13,2180.76,2178.79,2172.50,2170.41,2148.38,2140.32,2128.95,2124.70,2117.01,2110.25,2103.94,2099.65,2096.58,2090.97,2086.85,2083.19,2079.68,2077.43,2074.92,2070.47,2068.21,2066.00,2063.49,2061.55,2052.01,2049.42,2041.62,2041.62,2041.62,2041.62,2041.62,2041.62,2041.62,2041.62],\r\n\t\t\t\t\tgraphSpeed         : [],\r\n\t\t\t\t\tgraphHr            : [],\r\n\t\t\t\t\tgraphAtemp         : [],\r\n\t\t\t\t\tgraphCad           : [],\r\n\t\t\t\t\tgraphGrade         : [],\r\n\t\t\t\t\twaypoints          : [],\r\n\t\t\t\t\tunit               : \"2\",\r\n\t\t\t\t\tunitspeed          : \"0\",\r\n\t\t\t\t\tcolor1             : [\"#3366cc\"],\r\n\t\t\t\t\tcolor2             : \"#3366cc\",\r\n\t\t\t\t\tcolor3             : \"#ff0000\",\r\n\t\t\t\t\tcolor4             : \"#ff77bd\",\r\n\t\t\t\t\tcolor5             : \"#beecff\",\r\n\t\t\t\t\tcolor6             : \"#beecff\",\r\n\t\t\t\t\tcolor7             : \"#ff77bd\",\r\n\t\t\t\t\tchartFrom1         : \"\",\r\n\t\t\t\t\tchartTo1           : \"\",\r\n\t\t\t\t\tchartFrom2         : \"\",\r\n\t\t\t\t\tchartTo2           : \"\",\r\n\t\t\t\t\tstartIcon          : \"\",\r\n\t\t\t\t\tendIcon            : \"\",\r\n\t\t\t\t\tcurrentIcon        : \"\",\r\n\t\t\t\t\twaypointIcon       : \"https:\/\/lavia.cc\/gpx\/wp-content\/uploads\/gpx\/cropped-icona.ico\",\r\n\t\t\t\t\tcurrentpositioncon : \"\",\r\n\t\t\t\t\tusegpsposition     : \"\",\r\n\t\t\t\t\tzoomOnScrollWheel  : \"\",\r\n\t\t\t\t\tngGalleries        : [],\r\n\t\t\t\t\tngImages           : [],\r\n\t\t\t\t\tpluginUrl          : \"https:\/\/lavia.cc\/gpx\/wp-content\/plugins\",\r\n\t\t\t\t\tTFApiKey           : \"\",\r\n\t\t\t\t\tMapBoxApiKey           : \"\",\r\n\t\t\t\t\tlangs              : {\r\n\t\t\t\t\t\taltitude        : \"Altitudine\",\r\n\t\t\t\t\t\tcurrentPosition : \"Current position\",\r\n\t\t\t\t\t\tspeed           : \"Velocit\u00e0\",\r\n\t\t\t\t\t\tgrade           : \"Grade\",\r\n\t\t\t\t\t\theartRate       : \"Battito Cardiaco\",\r\n\t\t\t\t\t\tatemp           : \"Temperature\",\r\n\t\t\t\t\t\tcadence         : \"Cadenza\",\r\n\t\t\t\t\t\tgoFullScreen    : \"Go full screen\",\r\n\t\t\t\t\t\texitFullFcreen  : \"Exit full screen\",\r\n\t\t\t\t\t\thideImages      : \"Hide images\",\r\n\t\t\t\t\t\tshowImages      : \"Show images\",\r\n\t\t\t\t\t\tbackToCenter\t: \"Ritorna al centro della mappa\"\r\n\t\t\t\t\t}\r\n\t\t\t\t});\r\n\r\n\t\t\t});\r\n\r\n\t\t<\/script>\n<p>\ud83d\udfe2 Visita\u00a0<a href=\"https:\/\/lavia.cc\/gpx\/\">LAVIA.CC<\/a>\u00a0per altre tracce gpx e condividi le tue avventure con la nostra\u00a0<a href=\"https:\/\/www.instagram.com\/lavia.cc\/\" target=\"_blank\" rel=\"noopener\">community<\/a>! \ud83d\udeb4\u200d\u2642\ufe0f\ud83c\udf32\ud83c\udfde\ufe0f<\/p>\n","protected":false},"excerpt":{"rendered":"<p>\u26f0\ufe0f Ecco una delle escursioni pi\u00f9 emozionanti delle Pale di San Martino! Dal Passo Valles (2031 m) imbocca il sentiero 751 e lanciati in un itinerario impegnativo ma spettacolare, immerso tra prati d\u2019alta quota, valichi rocciosi e panorami che lasciano senza fiato, fino a raggiungere il Rifugio Mulaz. Dopo una prima salita, abbastanza regolare, si raggiunge Forcella Venegia (2212 m), balcone naturale sulla Val Venegia e sulle cime dolomitiche. Inizia qui un continuo alternarsi di brevi salite e discese, che ti porter\u00e0 a superare vari passi come il suggestivo Passo Venegiota (2303 m) e il Passo del Focobon (2291 m). L\u2019ultima parte dell\u2019escursione \u00e8 la pi\u00f9 impegnativa: il sentiero si fa pi\u00f9 stretto, il terreno diventa roccioso ed esposto, con qualche breve tratto attrezzato (con cordini metallici) che richiede piede sicuro e attenzione, ma nulla di particolarmente tecnico per un escursionista allenato. A ogni svolta si aprono nuove vedute sulla Marmolada, la Val Biois e le cime aguzze delle Pale di San Martino: un vero paradiso per chi ama l\u2019outdoor autentico e il silenzio di alta quota. Una volta arrivati al Rifugio Mulaz (2571 m), concedetevi una pausa in uno scenario lunare ai piedi delle guglie del Focobon. Il rifugio, tappa dell\u2019Alta Via n. 2, \u00e8 meta di escursionisti e trekker da tutta Europa: l\u2019atmosfera qui \u00e8 fatta di sorrisi, racconti di viaggi e il profumo inconfondibile della polenta di montagna e di tanti altri piatti tipici della cucina dolomitica.<\/p>\n<p class=\"my-0\">\u26a0\ufe0f L\u2019escursione prevede andata e ritorno sullo stesso itinerario, per un totale di circa 13 km e 900 m di dislivello (tra salite e discese intermedie). Il percorso, seppur ben segnalato, va affrontato con meteo stabile, attrezzatura adeguata e buona preparazione fisica.<\/p>\n<p>\ud83d\udfe2 Segui\u00a0<strong>LAVIA,<\/strong>\u00a0arriva alla\u00a0<strong>META<\/strong>!<\/p>\n","protected":false},"featured_media":24993,"comment_status":"open","ping_status":"closed","template":"","meta":[],"product_brand":[],"product_cat":[31],"product_tag":[152,1948,1955,1947,47],"class_list":{"0":"post-24659","1":"product","2":"type-product","3":"status-publish","4":"has-post-thumbnail","6":"product_cat-escursionismo","7":"product_tag-belluno","8":"product_tag-falcade","9":"product_tag-pale-di-san-martino","10":"product_tag-passo-valles","11":"product_tag-r-veneto","13":"first","14":"instock","15":"downloadable","16":"virtual","17":"product-type-simple"},"_links":{"self":[{"href":"https:\/\/lavia.cc\/gpx\/wp-json\/wp\/v2\/product\/24659","targetHints":{"allow":["GET"]}}],"collection":[{"href":"https:\/\/lavia.cc\/gpx\/wp-json\/wp\/v2\/product"}],"about":[{"href":"https:\/\/lavia.cc\/gpx\/wp-json\/wp\/v2\/types\/product"}],"replies":[{"embeddable":true,"href":"https:\/\/lavia.cc\/gpx\/wp-json\/wp\/v2\/comments?post=24659"}],"version-history":[{"count":8,"href":"https:\/\/lavia.cc\/gpx\/wp-json\/wp\/v2\/product\/24659\/revisions"}],"predecessor-version":[{"id":24999,"href":"https:\/\/lavia.cc\/gpx\/wp-json\/wp\/v2\/product\/24659\/revisions\/24999"}],"wp:featuredmedia":[{"embeddable":true,"href":"https:\/\/lavia.cc\/gpx\/wp-json\/wp\/v2\/media\/24993"}],"wp:attachment":[{"href":"https:\/\/lavia.cc\/gpx\/wp-json\/wp\/v2\/media?parent=24659"}],"wp:term":[{"taxonomy":"product_brand","embeddable":true,"href":"https:\/\/lavia.cc\/gpx\/wp-json\/wp\/v2\/product_brand?post=24659"},{"taxonomy":"product_cat","embeddable":true,"href":"https:\/\/lavia.cc\/gpx\/wp-json\/wp\/v2\/product_cat?post=24659"},{"taxonomy":"product_tag","embeddable":true,"href":"https:\/\/lavia.cc\/gpx\/wp-json\/wp\/v2\/product_tag?post=24659"}],"curies":[{"name":"wp","href":"https:\/\/api.w.org\/{rel}","templated":true}]}}