{"id":25439,"date":"2025-08-23T18:04:56","date_gmt":"2025-08-23T16:04:56","guid":{"rendered":"https:\/\/lavia.cc\/gpx\/?post_type=product&#038;p=25439"},"modified":"2025-08-23T18:11:51","modified_gmt":"2025-08-23T16:11:51","slug":"pagaiata-torrente-lima-canyon","status":"publish","type":"product","link":"https:\/\/lavia.cc\/gpx\/tracce\/pagaiata-torrente-lima-canyon\/","title":{"rendered":"Pagaiata SUP sul torrente Lima attraverso il canyon delle Strette di Cocciglia"},"content":{"rendered":"<h5>Pagaiata SUP sul torrente Lima attraverso il canyon delle Strette di Cocciglia<\/h5>\n<p>\u27a1\ufe0f Clicca qui per raggiungere il punto di partenza: <a href=\"https:\/\/www.google.com\/maps\/place\/Canyon+Park+-+Parco+Avventura+%26+Esperienze+in+Natura\/@44.0366851,10.6576146,17z\/data=!3m1!4b1!4m6!3m5!1s0x132a82debbc55ca9:0x786ceada852e4ceb!8m2!3d44.0366813!4d10.6601949!16s%2Fg%2F11bw3dqzcs?authuser=0&amp;entry=ttu&amp;g_ep=EgoyMDI1MDgxOS4wIKXMDSoASAFQAw%3D%3D\" target=\"_blank\" rel=\"noopener\">GOOGLE MAPS<\/a> (Canyon Park, Scesta, LU).<\/p>\n<p>\ud83d\uddfa\ufe0f Mappa e altimetria della pagaiata sul <strong>Torrente Lima<\/strong>:<\/p>\n\r\n\t\t<div id=\"wpgpxmaps_25439_858375\" class=\"wpgpxmaps\">\r\n\t\t\t<div id=\"map_25439_858375_cont\" style=\"width:100%; height:450px;position:relative\" >\r\n\t\t\t\t<div id=\"map_25439_858375\" style=\"width:100%; height:450px\"><\/div>\r\n\t\t\t\t<div id=\"wpgpxmaps_25439_858375_osm_footer\" class=\"wpgpxmaps_osm_footer\" style=\"display:none;\"><span> &copy; <a href=\"http:\/\/www.openstreetmap.org\/copyright\" target=\"_blank\" rel=\"noopener\">OpenStreetMap<\/a> contributors<\/span><\/div>\r\n\t\t\t<\/div>\r\n\t\t\t<canvas id=\"myChart_25439_858375\" class=\"plot\" style=\"width:100%; height:200px\"><\/canvas>\r\n\t\t\t<div id=\"ngimages_25439_858375\" class=\"ngimages\" style=\"display:none\"><\/div>\r\n\t\t\t<div id=\"report_25439_858375\" class=\"report\"><\/div>\r\n\t\t<\/div>\r\n\t\t\r\n\t\t<script type=\"text\/javascript\">\r\n\r\n\t\t\tjQuery(document).ready(function() {\r\n\r\n\t\t\t\tjQuery( \"#wpgpxmaps_25439_858375\" ).wpgpxmaps( {\r\n\t\t\t\t\ttargetId           : \"25439_858375\",\r\n\t\t\t\t\tmapType            : \"HYBRID\",\r\n\t\t\t\t\tmapData            : [[44.0391733,10.6635483],[44.0390883,10.6628483],[44.0390650,10.6627817],[44.0390467,10.6627717],[44.0390283,10.6627167],[44.0390383,10.6628183],[44.0390483,10.6628650],[44.0390367,10.6628483],[44.0390333,10.6628367],[44.0390383,10.6628167],[44.0390150,10.6627750],[44.0390083,10.6628433],[44.0389850,10.6628767],[44.0389417,10.6627983],[44.0389400,10.6628083],[44.0389100,10.6626733],[44.0388833,10.6625683],[44.0388567,10.6625750],[44.0388317,10.6626750],[44.0388350,10.6627000],[44.0388583,10.6627117],[44.0388083,10.6625967],[44.0387817,10.6624883],[44.0387733,10.6623717],[44.0388017,10.6623583],[44.0388250,10.6624850],[44.0388517,10.6625617],[44.0388650,10.6627117],[44.0388733,10.6627150],[44.0388767,10.6626033],[44.0388417,10.6625133],[44.0388467,10.6626017],[44.0388600,10.6627050],[44.0388433,10.6627217],[44.0387533,10.6626150],[44.0386967,10.6625167],[44.0387317,10.6624517],[44.0387567,10.6624217],[44.0387600,10.6624400],[44.0388217,10.6624700],[44.0388500,10.6625400],[44.0388617,10.6626017],[44.0388067,10.6625950],[44.0388083,10.6626450],[44.0387367,10.6626050],[44.0386517,10.6625483],[44.0387033,10.6626150],[44.0387317,10.6627000],[44.0387300,10.6627300],[44.0386767,10.6627467],[44.0386367,10.6626650],[44.0385683,10.6626583],[44.0385733,10.6626467],[44.0385733,10.6627200],[44.0386133,10.6628367],[44.0386283,10.6628600],[44.0386033,10.6627667],[44.0385967,10.6626217],[44.0385883,10.6625267],[44.0385867,10.6624317],[44.0385717,10.6624367],[44.0386033,10.6624567],[44.0386167,10.6624750],[44.0386383,10.6624700],[44.0386333,10.6625400],[44.0385983,10.6624950],[44.0385950,10.6624600],[44.0385883,10.6625000],[44.0385600,10.6625450],[44.0385383,10.6626317],[44.0385550,10.6625217],[44.0385683,10.6624750],[44.0385833,10.6625517],[44.0386050,10.6625917],[44.0386167,10.6626900],[44.0386250,10.6625900],[44.0386417,10.6625350],[44.0386150,10.6624933],[44.0387217,10.6625367],[44.0386717,10.6625350],[44.0386483,10.6623817],[44.0386717,10.6624200],[44.0386717,10.6624683],[44.0386350,10.6624400],[44.0386033,10.6623800],[44.0385783,10.6624100],[44.0385683,10.6623317],[44.0385383,10.6623283],[44.0385033,10.6622083],[44.0384783,10.6623183],[44.0384600,10.6624233],[44.0384300,10.6624733],[44.0383717,10.6625000],[44.0383567,10.6626200],[44.0383000,10.6626750],[44.0382900,10.6626783],[44.0382350,10.6627183],[44.0382017,10.6628133],[44.0381250,10.6627567],[44.0381033,10.6627450],[44.0380700,10.6627383],[44.0380700,10.6626750],[44.0380867,10.6625583],[44.0381383,10.6624883],[44.0381800,10.6624917],[44.0382100,10.6625350],[44.0382117,10.6625717],[44.0381600,10.6625633],[44.0382183,10.6625117],[44.0381583,10.6624617],[44.0381617,10.6625133],[44.0381367,10.6625450],[44.0381117,10.6626683],[44.0381233,10.6627550],[44.0382033,10.6628433],[44.0382133,10.6629000],[44.0381967,10.6628933],[44.0381483,10.6628033],[44.0381217,10.6627300],[44.0380950,10.6625917],[44.0381000,10.6625650],[44.0380917,10.6625700],[44.0380967,10.6625783],[44.0381183,10.6626050],[44.0381150,10.6625433],[44.0380983,10.6625850],[44.0380867,10.6625650],[44.0380550,10.6625550],[44.0380717,10.6625400],[44.0381067,10.6625200],[44.0380617,10.6624583],[44.0380350,10.6624367],[44.0380183,10.6625017],[44.0380317,10.6624767],[44.0380317,10.6625317],[44.0380133,10.6625883],[44.0380250,10.6626733],[44.0380533,10.6626333],[44.0380667,10.6626300],[44.0380483,10.6625983],[44.0380200,10.6625683],[44.0380483,10.6625767],[44.0380150,10.6624917],[44.0380067,10.6624617],[44.0379933,10.6624433],[44.0379883,10.6624817],[44.0379500,10.6625350],[44.0379117,10.6625950],[44.0378850,10.6626650],[44.0378500,10.6627300],[44.0377967,10.6627783],[44.0377650,10.6628367],[44.0377250,10.6632950],[44.0376767,10.6635083],[44.0376250,10.6630683],[44.0376550,10.6630883],[44.0376733,10.6631133],[44.0377717,10.6631117],[44.0376917,10.6630483],[44.0376217,10.6629733],[44.0376317,10.6629733],[44.0376233,10.6630150],[44.0376183,10.6630183],[44.0375783,10.6630067],[44.0375467,10.6630033],[44.0375833,10.6630133],[44.0374983,10.6629983],[44.0374817,10.6630350],[44.0375517,10.6629183],[44.0374583,10.6630283],[44.0375083,10.6629933],[44.0375133,10.6629650],[44.0375083,10.6630067],[44.0374567,10.6629783],[44.0374800,10.6629833],[44.0374500,10.6630333],[44.0373933,10.6629667],[44.0374033,10.6630350],[44.0373567,10.6630283],[44.0373717,10.6630233],[44.0374033,10.6630383],[44.0373633,10.6630750],[44.0373250,10.6630433],[44.0373267,10.6630767],[44.0373300,10.6630800],[44.0373567,10.6631183],[44.0373450,10.6631000],[44.0373083,10.6630150],[44.0373417,10.6630067],[44.0374017,10.6629983],[44.0374717,10.6630217],[44.0374217,10.6630100],[44.0374050,10.6629433],[44.0374317,10.6629267],[44.0373800,10.6628833],[44.0373333,10.6629017],[44.0372333,10.6628733],[44.0371800,10.6628833],[44.0371500,10.6628500],[44.0371050,10.6628667],[44.0370517,10.6629150],[44.0370000,10.6629450],[44.0370033,10.6629333],[44.0370100,10.6629500],[44.0370117,10.6629150],[44.0370150,10.6628783],[44.0369617,10.6628600],[44.0368867,10.6628600],[44.0368333,10.6628400],[44.0368367,10.6628433]],\r\n\t\t\t\t\tgraphDist          : [0.00,0.06,0.08,0.09,0.11,0.12,0.13,0.14,0.15,0.16,0.17,0.18,0.20,0.21,0.22,0.23,0.24,0.25,0.26,0.27,0.28,0.30,0.31,0.32,0.33,0.34,0.35,0.36,0.37,0.38,0.39,0.40,0.42,0.43,0.44,0.45,0.46,0.47,0.48,0.49,0.50,0.51,0.52,0.53,0.55,0.56,0.57,0.58,0.59,0.60,0.61,0.62,0.63,0.64,0.65,0.66,0.67,0.69,0.70,0.71,0.72,0.73,0.74,0.75,0.76,0.77,0.78,0.79,0.80,0.81,0.82,0.83,0.84,0.86,0.87,0.88,0.89,0.90,0.92,0.93,0.94,0.95,0.96,0.97,0.99,1.00,1.01,1.02,1.03,1.04,1.05,1.06,1.07,1.08,1.09,1.10,1.11,1.12,1.14,1.15,1.16,1.17,1.18,1.19,1.20,1.21,1.22,1.23,1.24,1.25,1.26,1.27,1.28,1.29,1.31,1.32,1.33,1.34,1.35,1.36,1.37,1.38,1.39,1.40,1.42,1.43,1.44,1.45,1.46,1.47,1.48,1.49,1.50,1.51,1.52,1.53,1.54,1.55,1.56,1.57,1.59,1.60,1.61,1.62,1.63,1.64,1.65,1.66,1.67,1.68,1.69,1.70,1.74,1.76,1.80,1.81,1.82,1.84,1.85,1.86,1.87,1.88,1.89,1.90,1.91,1.92,1.94,1.95,1.96,1.98,1.99,2.00,2.01,2.02,2.03,2.04,2.05,2.07,2.08,2.09,2.10,2.11,2.12,2.13,2.14,2.15,2.16,2.17,2.18,2.19,2.20,2.21,2.23,2.24,2.25,2.26,2.27,2.28,2.29,2.30,2.31,2.32,2.33,2.34,2.35,2.36,2.37,2.38,2.39,2.40],\r\n\t\t\t\t\tgraphEle           : [62.00,71.00,88.00,103.00,117.00,123.00,135.00,146.00,158.00,168.00,177.00,185.00,192.00,197.00,200.00,203.00,204.00,207.00,210.00,212.00,215.00,216.00,217.00,218.00,220.00,222.00,225.00,226.00,226.00,227.00,227.00,227.00,228.00,231.00,231.00,232.00,231.00,232.00,236.00,238.00,240.00,241.00,242.00,243.00,245.00,247.00,249.00,250.00,252.00,251.00,252.00,251.00,252.00,253.00,253.00,252.00,254.00,254.00,255.00,252.00,243.00,238.00,235.00,235.00,231.00,228.00,228.00,228.00,229.00,228.00,227.00,230.00,230.00,227.00,227.00,227.00,225.00,227.00,226.00,223.00,222.00,216.00,214.00,214.00,216.00,219.00,221.00,223.00,223.00,224.00,227.00,228.00,231.00,234.00,236.00,239.00,240.00,240.00,238.00,238.00,240.00,242.00,241.00,239.00,233.00,227.00,228.00,232.00,233.00,235.00,235.00,236.00,236.00,235.00,235.00,232.00,230.00,229.00,230.00,231.00,232.00,236.00,238.00,239.00,239.00,237.00,236.00,233.00,228.00,227.00,228.00,225.00,223.00,221.00,217.00,216.00,218.00,222.00,224.00,227.00,231.00,229.00,230.00,233.00,233.00,234.00,236.00,243.00,249.00,250.00,249.00,250.00,253.00,252.00,251.00,241.00,233.00,232.00,235.00,239.00,248.00,254.00,256.00,260.00,258.00,260.00,260.00,260.00,259.00,259.00,260.00,259.00,254.00,249.00,251.00,255.00,257.00,259.00,261.00,267.00,268.00,265.00,260.00,257.00,258.00,258.00,254.00,254.00,256.00,262.00,265.00,266.00,267.00,270.00,271.00,267.00,265.00,258.00,250.00,242.00,238.00,239.00,248.00,247.00,245.00,243.00,243.00,243.00,243.00,239.00],\r\n\t\t\t\t\tgraphSpeed         : [],\r\n\t\t\t\t\tgraphHr            : [],\r\n\t\t\t\t\tgraphAtemp         : [],\r\n\t\t\t\t\tgraphCad           : [],\r\n\t\t\t\t\tgraphGrade         : [],\r\n\t\t\t\t\twaypoints          : [],\r\n\t\t\t\t\tunit               : \"2\",\r\n\t\t\t\t\tunitspeed          : \"0\",\r\n\t\t\t\t\tcolor1             : [\"#3366cc\"],\r\n\t\t\t\t\tcolor2             : \"#3366cc\",\r\n\t\t\t\t\tcolor3             : \"#ff0000\",\r\n\t\t\t\t\tcolor4             : \"#ff77bd\",\r\n\t\t\t\t\tcolor5             : \"#beecff\",\r\n\t\t\t\t\tcolor6             : \"#beecff\",\r\n\t\t\t\t\tcolor7             : \"#ff77bd\",\r\n\t\t\t\t\tchartFrom1         : \"\",\r\n\t\t\t\t\tchartTo1           : \"\",\r\n\t\t\t\t\tchartFrom2         : \"\",\r\n\t\t\t\t\tchartTo2           : \"\",\r\n\t\t\t\t\tstartIcon          : \"\",\r\n\t\t\t\t\tendIcon            : \"\",\r\n\t\t\t\t\tcurrentIcon        : \"\",\r\n\t\t\t\t\twaypointIcon       : \"https:\/\/lavia.cc\/gpx\/wp-content\/uploads\/gpx\/cropped-icona.ico\",\r\n\t\t\t\t\tcurrentpositioncon : \"\",\r\n\t\t\t\t\tusegpsposition     : \"\",\r\n\t\t\t\t\tzoomOnScrollWheel  : \"\",\r\n\t\t\t\t\tngGalleries        : [],\r\n\t\t\t\t\tngImages           : [],\r\n\t\t\t\t\tpluginUrl          : \"https:\/\/lavia.cc\/gpx\/wp-content\/plugins\",\r\n\t\t\t\t\tTFApiKey           : \"\",\r\n\t\t\t\t\tMapBoxApiKey           : \"\",\r\n\t\t\t\t\tlangs              : {\r\n\t\t\t\t\t\taltitude        : \"Altitudine\",\r\n\t\t\t\t\t\tcurrentPosition : \"Current position\",\r\n\t\t\t\t\t\tspeed           : \"Velocit\u00e0\",\r\n\t\t\t\t\t\tgrade           : \"Grade\",\r\n\t\t\t\t\t\theartRate       : \"Battito Cardiaco\",\r\n\t\t\t\t\t\tatemp           : \"Temperature\",\r\n\t\t\t\t\t\tcadence         : \"Cadenza\",\r\n\t\t\t\t\t\tgoFullScreen    : \"Go full screen\",\r\n\t\t\t\t\t\texitFullFcreen  : \"Exit full screen\",\r\n\t\t\t\t\t\thideImages      : \"Hide images\",\r\n\t\t\t\t\t\tshowImages      : \"Show images\",\r\n\t\t\t\t\t\tbackToCenter\t: \"Ritorna al centro della mappa\"\r\n\t\t\t\t\t}\r\n\t\t\t\t});\r\n\r\n\t\t\t});\r\n\r\n\t\t<\/script>\n<p>\ud83d\udfe2 Visita\u00a0<a href=\"https:\/\/lavia.cc\/gpx\/\">LAVIA.CC<\/a>\u00a0per altre tracce gpx e condividi le tue avventure con la nostra\u00a0<a href=\"https:\/\/www.instagram.com\/lavia.cc\/\" target=\"_blank\" rel=\"noopener\">community<\/a>! \ud83d\udeb4\u200d\u2642\ufe0f\ud83c\udf32\ud83c\udfde\ufe0f<\/p>\n","protected":false},"excerpt":{"rendered":"<p><strong>\ud83d\udccd TRACCIA CARICATA DA:\u00a0<a href=\"https:\/\/lavia.cc\/gpx\/maremma-green-passion\/\" target=\"_blank\" rel=\"noopener\">MAREMMA GREEN PASSION<\/a><\/strong><\/p>\n<p>Questo \u00e8 un semplice ma suggestivo percorso da fare con il SUP, completamente immersi nella natura incontaminata del torrente Lima a Bagni di Lucca. Il punto di partenza \u00e8 raggiungibile attraversando il Ponte Nero, presso l&#8217;Oratorio di San Rocco e dirigendosi verso l&#8217;area outdoor del Canyon Park. Un sentiero vi porter\u00e0 quindi alla spiaggia dove inizia il tragitto &#8220;navigabile&#8221;. Si risale il torrente per circa 300m, passando sotto il ponte attraverso un canyon di rocce dal quale sgorgano sorgenti d&#8217;acqua che si pu\u00f2 anche bere. Al di sopra si snoda la Zip Line, un percorso su funi d&#8217;acciaio (da fare solo con guida) con ponti tibetani e carrucole che attraversano il torrente pi\u00f9 volte, facendoti scoprire punti altrimenti inaccessibili! L&#8217;acqua cristallina \u00e8 abbastanza profonda in alcune zone e pu\u00f2 capitare di veder passare sotto la tavola i sub che esplorano le buche del torrente, oppure gruppi di acquatrekking che, un po&#8217; a nuoto e un po&#8217; a piedi, si avventurano nelle strette. Ci sono molte attivit\u00e0 da fare in questo meraviglioso contesto naturalistico, organizzate dallo stesso Canyon Park, che offre le proprie guide per vivere il torrente Lima a 360 gradi, anche con sessioni di SUP Yoga e meditazione, o perfino organizzando tende per rimanere a dormire sotto le stelle. Proseguendo oltre l&#8217;Area Relax\u00a0 del Canyon Park si raggiunge una spiaggia molto grande dove \u00e8 possibile fare un bel bagno rigenerante nell&#8217;acqua verde smeraldo, che anche in estate non supera la temperatura di 10\u00b0C.<\/p>\n<p>\ud83c\udf89 W OUTDOOR LIFE!<\/p>\n<p>\ud83d\udfe2 Segui\u00a0<strong>LAVIA,<\/strong>\u00a0arriva alla\u00a0<strong>META<\/strong>!<\/p>\n","protected":false},"featured_media":25445,"comment_status":"open","ping_status":"closed","template":"","meta":[],"product_brand":[],"product_cat":[1897],"product_tag":[1956,351,126],"class_list":{"0":"post-25439","1":"product","2":"type-product","3":"status-publish","4":"has-post-thumbnail","6":"product_cat-escursione-con-guida","7":"product_tag-bagni-di-lucca","8":"product_tag-lucca","9":"product_tag-toscana","11":"first","12":"instock","13":"downloadable","14":"virtual","15":"product-type-simple"},"_links":{"self":[{"href":"https:\/\/lavia.cc\/gpx\/wp-json\/wp\/v2\/product\/25439","targetHints":{"allow":["GET"]}}],"collection":[{"href":"https:\/\/lavia.cc\/gpx\/wp-json\/wp\/v2\/product"}],"about":[{"href":"https:\/\/lavia.cc\/gpx\/wp-json\/wp\/v2\/types\/product"}],"replies":[{"embeddable":true,"href":"https:\/\/lavia.cc\/gpx\/wp-json\/wp\/v2\/comments?post=25439"}],"version-history":[{"count":4,"href":"https:\/\/lavia.cc\/gpx\/wp-json\/wp\/v2\/product\/25439\/revisions"}],"predecessor-version":[{"id":25446,"href":"https:\/\/lavia.cc\/gpx\/wp-json\/wp\/v2\/product\/25439\/revisions\/25446"}],"wp:featuredmedia":[{"embeddable":true,"href":"https:\/\/lavia.cc\/gpx\/wp-json\/wp\/v2\/media\/25445"}],"wp:attachment":[{"href":"https:\/\/lavia.cc\/gpx\/wp-json\/wp\/v2\/media?parent=25439"}],"wp:term":[{"taxonomy":"product_brand","embeddable":true,"href":"https:\/\/lavia.cc\/gpx\/wp-json\/wp\/v2\/product_brand?post=25439"},{"taxonomy":"product_cat","embeddable":true,"href":"https:\/\/lavia.cc\/gpx\/wp-json\/wp\/v2\/product_cat?post=25439"},{"taxonomy":"product_tag","embeddable":true,"href":"https:\/\/lavia.cc\/gpx\/wp-json\/wp\/v2\/product_tag?post=25439"}],"curies":[{"name":"wp","href":"https:\/\/api.w.org\/{rel}","templated":true}]}}