{"id":2618,"date":"2022-09-28T16:14:15","date_gmt":"2022-09-28T14:14:15","guid":{"rendered":"https:\/\/lavia.cc\/gpx\/?post_type=product&#038;p=2618"},"modified":"2023-07-04T20:57:24","modified_gmt":"2023-07-04T18:57:24","slug":"rifugio-bobba-da-breuil-cervinia","status":"publish","type":"product","link":"https:\/\/lavia.cc\/gpx\/tracce\/rifugio-bobba-da-breuil-cervinia\/","title":{"rendered":"Rifugio Bobba da Breuil Cervinia"},"content":{"rendered":"<h4>Rifugio Bobba da Breuil Cervinia<\/h4>\n<p>Mappa dell&#8217;<a href=\"https:\/\/lavia.cc\/gpx\/categoria-tracce\/escursionismo\/\">escursione<\/a>.<\/p>\n\r\n\t\t<div id=\"wpgpxmaps_2618_1080441\" class=\"wpgpxmaps\">\r\n\t\t\t<div id=\"map_2618_1080441_cont\" style=\"width:100%; height:450px;position:relative\" >\r\n\t\t\t\t<div id=\"map_2618_1080441\" style=\"width:100%; height:450px\"><\/div>\r\n\t\t\t\t<div id=\"wpgpxmaps_2618_1080441_osm_footer\" class=\"wpgpxmaps_osm_footer\" style=\"display:none;\"><span> &copy; <a href=\"http:\/\/www.openstreetmap.org\/copyright\" target=\"_blank\" rel=\"noopener\">OpenStreetMap<\/a> contributors<\/span><\/div>\r\n\t\t\t<\/div>\r\n\t\t\t<canvas id=\"myChart_2618_1080441\" class=\"plot\" style=\"width:100%; height:200px\"><\/canvas>\r\n\t\t\t<div id=\"ngimages_2618_1080441\" class=\"ngimages\" style=\"display:none\"><\/div>\r\n\t\t\t<div id=\"report_2618_1080441\" class=\"report\"><\/div>\r\n\t\t<\/div>\r\n\t\t\r\n\t\t<script type=\"text\/javascript\">\r\n\r\n\t\t\tjQuery(document).ready(function() {\r\n\r\n\t\t\t\tjQuery( \"#wpgpxmaps_2618_1080441\" ).wpgpxmaps( {\r\n\t\t\t\t\ttargetId           : \"2618_1080441\",\r\n\t\t\t\t\tmapType            : \"HYBRID\",\r\n\t\t\t\t\tmapData            : [[45.9359570,7.6292300],[45.9361600,7.6291680],[45.9360940,7.6288080],[45.9360060,7.6286590],[45.9361970,7.6283690],[45.9363690,7.6282170],[45.9368050,7.6282560],[45.9367790,7.6278960],[45.9366840,7.6276540],[45.9361930,7.6267470],[45.9360690,7.6265170],[45.9360380,7.6262870],[45.9360490,7.6260090],[45.9360650,7.6257870],[45.9357650,7.6257150],[45.9356840,7.6255370],[45.9351040,7.6241540],[45.9348640,7.6238700],[45.9347550,7.6236380],[45.9352640,7.6234970],[45.9354080,7.6234560],[45.9356450,7.6233000],[45.9358790,7.6229710],[45.9359720,7.6227790],[45.9359830,7.6224460],[45.9359990,7.6220930],[45.9360190,7.6219640],[45.9360900,7.6218680],[45.9359860,7.6216100],[45.9360770,7.6215170],[45.9362850,7.6215000],[45.9364080,7.6215260],[45.9371060,7.6216920],[45.9375630,7.6216700],[45.9379070,7.6214980],[45.9384880,7.6217200],[45.9388100,7.6219450],[45.9391300,7.6219980],[45.9392050,7.6221610],[45.9394470,7.6222500],[45.9396610,7.6225640],[45.9397470,7.6224540],[45.9398780,7.6224270],[45.9396810,7.6220510],[45.9396530,7.6217200],[45.9397490,7.6217760],[45.9397570,7.6214840],[45.9396300,7.6208500],[45.9394150,7.6204060],[45.9392040,7.6203490],[45.9390990,7.6201780],[45.9383680,7.6195680],[45.9382090,7.6193030],[45.9381150,7.6193300],[45.9378470,7.6191630],[45.9377080,7.6189350],[45.9376050,7.6187660],[45.9377640,7.6186810],[45.9376340,7.6186500],[45.9376260,7.6180890],[45.9374210,7.6177290],[45.9376350,7.6172400],[45.9377020,7.6164400],[45.9378490,7.6163490],[45.9378540,7.6162200],[45.9376130,7.6162000],[45.9373780,7.6163580],[45.9371090,7.6162690],[45.9370440,7.6160250],[45.9370150,7.6158660],[45.9368130,7.6158320],[45.9366440,7.6158940],[45.9365630,7.6157790],[45.9362740,7.6146650],[45.9359860,7.6146160],[45.9358120,7.6147240],[45.9352160,7.6157520],[45.9350500,7.6154430],[45.9351520,7.6154130],[45.9351330,7.6150150],[45.9350580,7.6148730],[45.9351030,7.6141000],[45.9349280,7.6140340],[45.9348870,7.6134140],[45.9347230,7.6130300],[45.9344240,7.6127460],[45.9344270,7.6123960],[45.9348830,7.6110690],[45.9355400,7.6088800],[45.9357450,7.6087290],[45.9357570,7.6084900],[45.9356420,7.6083480],[45.9354820,7.6081440],[45.9353510,7.6079980],[45.9355030,7.6076080],[45.9355560,7.6072820],[45.9354810,7.6068480],[45.9354940,7.6066690],[45.9356050,7.6066380],[45.9355920,7.6063490],[45.9356820,7.6060070],[45.9357870,7.6059670],[45.9357020,7.6056800],[45.9358790,7.6052540],[45.9359960,7.6051310],[45.9360420,7.6049960],[45.9361070,7.6048170],[45.9357770,7.6041240],[45.9358720,7.6038690],[45.9358600,7.6034930],[45.9357400,7.6032190],[45.9355810,7.6027450],[45.9352410,7.6023080],[45.9343410,7.6019180],[45.9341930,7.6016980],[45.9339280,7.6014980],[45.9332850,7.6013950],[45.9330090,7.6010500],[45.9331560,7.6008230],[45.9334000,7.6008310],[45.9333400,7.6005990],[45.9332650,7.6004600],[45.9332630,7.6003780],[45.9333160,7.6003460],[45.9332990,7.6002040],[45.9332680,7.6000950],[45.9333540,7.6000360],[45.9334780,7.6000350],[45.9334560,7.5998900],[45.9335080,7.5998680],[45.9336150,7.5998920],[45.9337090,7.5998750],[45.9337010,7.5997340],[45.9336820,7.5996540],[45.9337130,7.5994920],[45.9337920,7.5994000],[45.9338150,7.5992870],[45.9337220,7.5991000],[45.9337190,7.5989640],[45.9337940,7.5989000],[45.9338780,7.5988030],[45.9338180,7.5989200],[45.9338220,7.5990610],[45.9337120,7.5990070],[45.9337880,7.5993430],[45.9337870,7.5994190],[45.9338390,7.5995550],[45.9337360,7.5996090],[45.9337230,7.5998210],[45.9337480,7.6000020],[45.9336170,7.5999980],[45.9334790,7.5999750],[45.9335040,7.6001270],[45.9333690,7.6000510],[45.9332930,7.6000910],[45.9333600,7.6004610],[45.9332750,7.6003820],[45.9333400,7.6005990],[45.9334000,7.6008310],[45.9331560,7.6008230],[45.9330090,7.6010500],[45.9326780,7.6014430],[45.9324880,7.6018220],[45.9316890,7.6024800],[45.9313430,7.6025630],[45.9312140,7.6029710],[45.9308900,7.6032420],[45.9305410,7.6032660],[45.9302400,7.6033930],[45.9299130,7.6034400],[45.9294440,7.6034540],[45.9292370,7.6037590],[45.9291640,7.6036700],[45.9290690,7.6037190],[45.9288470,7.6037330],[45.9289140,7.6038960],[45.9288550,7.6039030],[45.9289420,7.6041380],[45.9288830,7.6041600],[45.9282250,7.6040410],[45.9276070,7.6043610],[45.9274290,7.6045420],[45.9273310,7.6043250],[45.9268740,7.6043790],[45.9265620,7.6043340],[45.9263870,7.6047740],[45.9260860,7.6048460],[45.9257020,7.6053330],[45.9250660,7.6055360],[45.9248350,7.6059830],[45.9247570,7.6061020],[45.9245470,7.6063770],[45.9245080,7.6065960],[45.9243970,7.6065690],[45.9243340,7.6066940],[45.9241850,7.6069440],[45.9240360,7.6069010],[45.9239650,7.6070410],[45.9237880,7.6071790],[45.9237520,7.6073650],[45.9236640,7.6077290],[45.9237190,7.6078480],[45.9236820,7.6082630],[45.9237380,7.6083910],[45.9237490,7.6087650],[45.9240550,7.6089390],[45.9242240,7.6093430],[45.9246000,7.6095370],[45.9247850,7.6097030],[45.9248710,7.6098800],[45.9249130,7.6102630],[45.9247680,7.6103440],[45.9246710,7.6106130],[45.9246810,7.6109490],[45.9246390,7.6111270],[45.9243990,7.6111510],[45.9244890,7.6115840],[45.9248930,7.6123700],[45.9249570,7.6125870],[45.9252680,7.6130610],[45.9255020,7.6132580],[45.9257890,7.6138520],[45.9259470,7.6139740],[45.9262390,7.6145340],[45.9265370,7.6152860],[45.9268690,7.6164420],[45.9270560,7.6164980],[45.9274530,7.6172210],[45.9276530,7.6180340],[45.9279160,7.6183880],[45.9280330,7.6186640],[45.9273830,7.6185320],[45.9271470,7.6184310],[45.9270480,7.6187140],[45.9269690,7.6193120],[45.9273280,7.6198450],[45.9276720,7.6201290],[45.9276900,7.6204590],[45.9277850,7.6206720],[45.9278720,7.6210680],[45.9277900,7.6218760],[45.9277330,7.6220300],[45.9279250,7.6222590],[45.9279130,7.6224390],[45.9281000,7.6227800],[45.9286050,7.6233790],[45.9307420,7.6253810],[45.9311050,7.6256970],[45.9316010,7.6262920],[45.9319440,7.6267040],[45.9321610,7.6271600],[45.9320720,7.6272530],[45.9328740,7.6285380],[45.9330000,7.6283780],[45.9332820,7.6287430],[45.9333460,7.6289070],[45.9333710,7.6290360],[45.9334220,7.6292900],[45.9335500,7.6294960],[45.9337780,7.6298260],[45.9341480,7.6303660],[45.9343850,7.6307140],[45.9345850,7.6307960],[45.9347270,7.6309280]],\r\n\t\t\t\t\tgraphDist          : [0.00,0.02,0.05,0.07,0.10,0.12,0.17,0.20,0.22,0.31,0.33,0.35,0.37,0.39,0.42,0.44,0.56,0.60,0.62,0.68,0.69,0.72,0.76,0.78,0.80,0.83,0.84,0.85,0.88,0.89,0.92,0.93,1.01,1.06,1.10,1.17,1.21,1.25,1.26,1.29,1.33,1.34,1.36,1.39,1.42,1.43,1.46,1.51,1.55,1.57,1.59,1.69,1.71,1.72,1.76,1.78,1.80,1.82,1.84,1.89,1.92,1.97,2.03,2.05,2.06,2.09,2.12,2.15,2.17,2.19,2.21,2.23,2.25,2.34,2.37,2.39,2.50,2.53,2.54,2.57,2.58,2.64,2.66,2.71,2.75,2.79,2.82,2.93,3.13,3.15,3.17,3.19,3.22,3.24,3.28,3.30,3.34,3.35,3.37,3.39,3.42,3.43,3.46,3.50,3.52,3.53,3.55,3.61,3.64,3.67,3.71,3.75,3.80,3.91,3.93,3.97,4.04,4.08,4.11,4.14,4.16,4.17,4.18,4.19,4.20,4.21,4.23,4.25,4.26,4.27,4.28,4.29,4.31,4.32,4.33,4.35,4.36,4.38,4.39,4.40,4.42,4.43,4.44,4.46,4.48,4.50,4.51,4.53,4.54,4.56,4.58,4.59,4.60,4.63,4.64,4.67,4.68,4.71,4.73,4.75,4.78,4.83,4.87,4.97,5.01,5.05,5.09,5.13,5.16,5.20,5.25,5.30,5.31,5.32,5.35,5.37,5.38,5.40,5.41,5.49,5.57,5.59,5.61,5.67,5.70,5.74,5.78,5.84,5.91,5.96,5.97,6.01,6.02,6.04,6.05,6.08,6.10,6.11,6.14,6.15,6.18,6.19,6.23,6.24,6.27,6.31,6.35,6.39,6.42,6.43,6.47,6.48,6.51,6.54,6.56,6.58,6.62,6.70,6.72,6.77,6.80,6.86,6.88,6.94,7.00,7.10,7.13,7.20,7.27,7.31,7.33,7.40,7.43,7.46,7.50,7.56,7.61,7.63,7.65,7.69,7.75,7.76,7.79,7.80,7.84,7.91,8.19,8.24,8.31,8.36,8.41,8.42,8.55,8.57,8.61,8.63,8.64,8.66,8.68,8.72,8.78,8.82,8.84,8.86],\r\n\t\t\t\t\tgraphEle           : [2007.44,2007.44,2007.44,2007.44,2007.44,2007.56,2007.82,2007.98,2008.10,2008.74,2009.36,2009.85,2010.44,2010.91,2011.83,2012.28,2019.64,2022.79,2024.82,2030.08,2031.56,2035.21,2040.22,2042.90,2046.44,2050.20,2051.61,2053.11,2056.28,2058.19,2061.71,2063.75,2075.69,2083.17,2089.13,2101.05,2108.15,2114.54,2117.24,2122.20,2128.36,2130.71,2133.41,2140.09,2144.82,2147.40,2151.55,2160.91,2166.34,2169.32,2171.52,2183.24,2186.61,2187.82,2191.62,2194.29,2196.27,2198.42,2200.59,2206.11,2210.16,2214.98,2221.69,2223.61,2224.69,2228.17,2231.19,2233.85,2235.61,2237.43,2239.39,2241.07,2242.17,2250.24,2253.17,2255.10,2264.53,2267.57,2268.98,2272.87,2274.55,2281.88,2284.34,2290.22,2296.88,2304.97,2310.47,2335.13,2396.13,2403.56,2409.12,2413.86,2421.64,2426.83,2436.55,2443.84,2453.56,2456.53,2459.11,2464.05,2469.86,2472.34,2477.30,2485.99,2489.31,2491.70,2495.77,2506.73,2510.50,2516.21,2522.42,2529.34,2538.66,2557.87,2562.22,2569.72,2589.51,2600.70,2607.30,2614.77,2620.04,2623.88,2626.97,2629.78,2633.05,2636.16,2639.65,2644.49,2647.75,2650.76,2654.35,2657.82,2661.43,2664.59,2668.32,2671.66,2675.01,2676.36,2675.61,2674.81,2673.93,2673.01,2672.33,2671.52,2669.80,2669.04,2667.90,2667.13,2666.10,2664.99,2661.65,2656.55,2652.56,2646.01,2640.75,2630.99,2627.28,2620.76,2614.45,2605.49,2597.82,2585.62,2576.38,2550.20,2541.79,2534.83,2526.46,2518.65,2511.64,2504.62,2495.24,2487.84,2485.92,2483.25,2478.22,2475.58,2473.70,2469.54,2465.90,2448.19,2430.05,2424.23,2418.22,2402.22,2391.28,2378.98,2368.33,2351.97,2332.63,2321.14,2317.13,2308.70,2303.80,2300.22,2295.72,2288.01,2283.18,2279.34,2272.93,2268.66,2260.12,2256.96,2247.83,2244.68,2236.88,2227.03,2217.21,2205.25,2198.73,2194.36,2186.85,2182.52,2176.05,2169.54,2164.81,2158.12,2149.37,2127.62,2122.22,2107.32,2098.40,2082.40,2077.14,2062.87,2045.22,2023.34,2019.15,2005.09,1993.45,1989.93,1987.74,1981.34,1978.94,1977.21,1978.28,1979.58,1980.57,1981.21,1981.65,1983.44,1986.94,1987.69,1989.23,1990.01,1991.88,1993.89,1999.41,2000.31,2002.16,2003.50,2004.66,2004.99,2006.73,2006.87,2007.20,2007.31,2007.39,2007.52,2007.52,2007.52,2007.52,2007.52,2007.52,2007.52],\r\n\t\t\t\t\tgraphSpeed         : [],\r\n\t\t\t\t\tgraphHr            : [],\r\n\t\t\t\t\tgraphAtemp         : [],\r\n\t\t\t\t\tgraphCad           : [],\r\n\t\t\t\t\tgraphGrade         : [],\r\n\t\t\t\t\twaypoints          : [],\r\n\t\t\t\t\tunit               : \"2\",\r\n\t\t\t\t\tunitspeed          : \"0\",\r\n\t\t\t\t\tcolor1             : [\"#3366cc\"],\r\n\t\t\t\t\tcolor2             : \"#3366cc\",\r\n\t\t\t\t\tcolor3             : \"#ff0000\",\r\n\t\t\t\t\tcolor4             : \"#ff77bd\",\r\n\t\t\t\t\tcolor5             : \"#beecff\",\r\n\t\t\t\t\tcolor6             : \"#beecff\",\r\n\t\t\t\t\tcolor7             : \"#ff77bd\",\r\n\t\t\t\t\tchartFrom1         : \"\",\r\n\t\t\t\t\tchartTo1           : \"\",\r\n\t\t\t\t\tchartFrom2         : \"\",\r\n\t\t\t\t\tchartTo2           : \"\",\r\n\t\t\t\t\tstartIcon          : \"\",\r\n\t\t\t\t\tendIcon            : \"\",\r\n\t\t\t\t\tcurrentIcon        : \"\",\r\n\t\t\t\t\twaypointIcon       : \"https:\/\/lavia.cc\/gpx\/wp-content\/uploads\/gpx\/cropped-icona.ico\",\r\n\t\t\t\t\tcurrentpositioncon : \"\",\r\n\t\t\t\t\tusegpsposition     : \"\",\r\n\t\t\t\t\tzoomOnScrollWheel  : \"\",\r\n\t\t\t\t\tngGalleries        : [],\r\n\t\t\t\t\tngImages           : [],\r\n\t\t\t\t\tpluginUrl          : \"https:\/\/lavia.cc\/gpx\/wp-content\/plugins\",\r\n\t\t\t\t\tTFApiKey           : \"\",\r\n\t\t\t\t\tMapBoxApiKey           : \"\",\r\n\t\t\t\t\tlangs              : {\r\n\t\t\t\t\t\taltitude        : \"Altitudine\",\r\n\t\t\t\t\t\tcurrentPosition : \"Current position\",\r\n\t\t\t\t\t\tspeed           : \"Velocit\u00e0\",\r\n\t\t\t\t\t\tgrade           : \"Grade\",\r\n\t\t\t\t\t\theartRate       : \"Battito Cardiaco\",\r\n\t\t\t\t\t\tatemp           : \"Temperature\",\r\n\t\t\t\t\t\tcadence         : \"Cadenza\",\r\n\t\t\t\t\t\tgoFullScreen    : \"Go full screen\",\r\n\t\t\t\t\t\texitFullFcreen  : \"Exit full screen\",\r\n\t\t\t\t\t\thideImages      : \"Hide images\",\r\n\t\t\t\t\t\tshowImages      : \"Show images\",\r\n\t\t\t\t\t\tbackToCenter\t: \"Ritorna al centro della mappa\"\r\n\t\t\t\t\t}\r\n\t\t\t\t});\r\n\r\n\t\t\t});\r\n\r\n\t\t<\/script>\n<p>Clicca qui per raggiungere il punto di partenza: <a href=\"https:\/\/www.google.it\/maps\/place\/Golf+Club+del+Cervino\/@45.9359537,7.6270413,17z\/data=!4m13!1m7!3m6!1s0x0:0xc8417c287e231022!2zNDXCsDU2JzA5LjQiTiA3wrAzNyc0NS4yIkU!3b1!8m2!3d45.93595!4d7.62923!3m4!1s0x4788ccc214c4d74d:0xfb472379e7668ed0!8m2!3d45.9359675!4d7.6288521\" target=\"_blank\" rel=\"noopener\">Google Maps<\/a><\/p>\n","protected":false},"excerpt":{"rendered":"<p>Il rifugio \u00e8 stato inaugurato nel 1910 e ristrutturato nel 1982, ricorda Giovanni Bobba autore insieme a Vaccarone della prima guida delle alpi occidentali. Il rifugio non \u00e8 custodito, dispone di dieci posti letto a castello e tutto l&#8217;occorrente per pernottare.Una bellissima escursione, con partenza da Cervinia, fattibilissima in mezza giornata, \u00e8 quella che porta al Rifugio Giovanni Bobba a mt. 2.769.Il percorso non presenta difficolt\u00e0 tecniche sino al tratto conclusivo che presenta delle roccette esposte e scivolose.Una serie di corde fisse permette di superare la piccola difficolt\u00e0 senza problemi, anche se \u00e8 necessario prestare la dovuta attenzione per evitare incidenti.Rapidamente ci si trova cos\u00ec sul terrazzino che ospita il Rifugio Giovanni Bobba.Da qui la vista \u00e8 magnifica: il Cervino, il Plateau Rosa e il Breithorn in lontananza mentre sopra la testa incombe la Punta Budden (mt. 3.630) e la catena delle Grandes Murailles.<\/p>\n<p>\ud83d\udfe2 Segui <a href=\"https:\/\/www.instagram.com\/lavia.cc\/\">LAVIA<\/a>!<\/p>\n","protected":false},"featured_media":2620,"comment_status":"open","ping_status":"closed","template":"","meta":[],"product_brand":[],"product_cat":[31],"product_tag":[461,347],"class_list":{"0":"post-2618","1":"product","2":"type-product","3":"status-publish","4":"has-post-thumbnail","6":"product_cat-escursionismo","7":"product_tag-cervinia","8":"product_tag-valle-daosta","10":"first","11":"instock","12":"downloadable","13":"virtual","14":"product-type-simple"},"_links":{"self":[{"href":"https:\/\/lavia.cc\/gpx\/wp-json\/wp\/v2\/product\/2618","targetHints":{"allow":["GET"]}}],"collection":[{"href":"https:\/\/lavia.cc\/gpx\/wp-json\/wp\/v2\/product"}],"about":[{"href":"https:\/\/lavia.cc\/gpx\/wp-json\/wp\/v2\/types\/product"}],"replies":[{"embeddable":true,"href":"https:\/\/lavia.cc\/gpx\/wp-json\/wp\/v2\/comments?post=2618"}],"version-history":[{"count":4,"href":"https:\/\/lavia.cc\/gpx\/wp-json\/wp\/v2\/product\/2618\/revisions"}],"predecessor-version":[{"id":3310,"href":"https:\/\/lavia.cc\/gpx\/wp-json\/wp\/v2\/product\/2618\/revisions\/3310"}],"wp:featuredmedia":[{"embeddable":true,"href":"https:\/\/lavia.cc\/gpx\/wp-json\/wp\/v2\/media\/2620"}],"wp:attachment":[{"href":"https:\/\/lavia.cc\/gpx\/wp-json\/wp\/v2\/media?parent=2618"}],"wp:term":[{"taxonomy":"product_brand","embeddable":true,"href":"https:\/\/lavia.cc\/gpx\/wp-json\/wp\/v2\/product_brand?post=2618"},{"taxonomy":"product_cat","embeddable":true,"href":"https:\/\/lavia.cc\/gpx\/wp-json\/wp\/v2\/product_cat?post=2618"},{"taxonomy":"product_tag","embeddable":true,"href":"https:\/\/lavia.cc\/gpx\/wp-json\/wp\/v2\/product_tag?post=2618"}],"curies":[{"name":"wp","href":"https:\/\/api.w.org\/{rel}","templated":true}]}}